{"id":11340,"date":"2019-09-03T11:44:11","date_gmt":"2019-09-03T09:44:11","guid":{"rendered":"https:\/\/hst.cat\/veeam-backup-replication-lleida\/"},"modified":"2023-09-26T14:59:41","modified_gmt":"2023-09-26T12:59:41","slug":"veeam-backup-replication-lleida","status":"publish","type":"page","link":"https:\/\/www.hst.cat\/es\/veeam-backup-replication-lleida\/","title":{"rendered":"Veeam Backup &#038; Replication"},"content":{"rendered":"<div class=\"wpb-content-wrapper\"><p>[vc_section][vc_row][vc_column][vc_column_text css=\u00bb.vc_custom_1567505951671{padding-top: 50px !important;}\u00bb]<\/p>\n<h2 style=\"text-align: center;\"><strong>Veeam Backup &amp; Replication<\/strong><\/h2>\n<p>[\/vc_column_text][\/vc_column][\/vc_row][vc_row][vc_column][vc_column_text]<\/p>\n<p style=\"text-align: left;\">Las copias de seguridad, o backup en ingl\u00e9s, se han vuelto imprescindibles debido a la digitalizaci\u00f3n global. Poder acceder siempre a la informaci\u00f3n almacenada es de vital importancia, sin importar el propietario de dicha informaci\u00f3n: particulares, pymes, grandes empresas, etc.<\/p>\n<p style=\"text-align: left;\">En cualquier momento pueden suceder contratiempos que resulten en p\u00e9rdidas de datos, cosa que puede poner a cualquier organizaci\u00f3n en serios aprietos, por lo que actualizarse y mantener los centros de datos y servicios tecnol\u00f3gicos al d\u00eda es algo sumamente necesario.<\/p>\n<p style=\"text-align: left;\"><strong>Veeam Backup &amp; Replication<\/strong> es la plataforma <strong>m\u00e1s completa<\/strong> para copias de seguridad, restauraci\u00f3n y replicaci\u00f3n. Ofrece protecci\u00f3n para todo tipo de cargas de trabajo de manera r\u00e1pida, fiable y flexible.<\/p>\n<p style=\"text-align: left;\">Veeam backup es una soluci\u00f3n integral que proporciona <strong>copias de seguridad y recuperaciones de datos a alta velocidad<\/strong>, asegurando una protecci\u00f3n verificada y evitando la p\u00e9rdida de datos.<\/p>\n<p>[\/vc_column_text][\/vc_column][\/vc_row][vc_row css_animation=\u00bbnone\u00bb css=\u00bb.vc_custom_1567507650531{padding-top: 50px !important;padding-bottom: 50px !important;}\u00bb][vc_column css_animation=\u00bbzoomIn\u00bb width=\u00bb1\/3&#8243;]<div class=\"icon_box icon_position_top no_border\"><a class=\"\" href=\"\/veeam-backup-replication-lleida\/#backup\"   title=\"\"><div class=\"icon_wrapper\"><div class=\"icon\"><i class=\"fas fa-database\" aria-hidden=\"true\"><\/i><\/div><\/div><div class=\"desc_wrapper\"><div class=\"desc\"><\/p>\n<h2><strong>Backup<\/strong><\/h2>\n<h4>Copias de seguridad r\u00e1pidas y seguras<\/h4>\n<p><\/div><\/div><\/a><\/div>\n[\/vc_column][vc_column css_animation=\u00bbzoomIn\u00bb width=\u00bb1\/3&#8243;]<div class=\"icon_box icon_position_top no_border\"><a class=\"\" href=\"\/veeam-backup-replication-lleida\/#recuperacion\"   title=\"\"><div class=\"icon_wrapper\"><div class=\"icon\"><i class=\"fas fa-download\" aria-hidden=\"true\"><\/i><\/div><\/div><div class=\"desc_wrapper\"><div class=\"desc\"><\/p>\n<h2><strong>Recuperaci\u00f3n<\/strong><\/h2>\n<h4>Descarga de copias en pocos minutos<\/h4>\n<p><\/div><\/div><\/a><\/div>\n[\/vc_column][vc_column css_animation=\u00bbzoomIn\u00bb width=\u00bb1\/3&#8243;]<div class=\"icon_box icon_position_top no_border\"><a class=\"\" href=\"\/veeam-backup-replication-lleida\/#replicacion\"   title=\"\"><div class=\"icon_wrapper\"><div class=\"icon\"><i class=\"fas fa-copy\" aria-hidden=\"true\"><\/i><\/div><\/div><div class=\"desc_wrapper\"><div class=\"desc\"><\/p>\n<h2><strong>Replicaci\u00f3n<\/strong><\/h2>\n<h4>Archivos siempre disponibles con Disaster Recovery<\/h4>\n<p><\/div><\/div><\/a><\/div>\n[\/vc_column][\/vc_row][vc_row][vc_column][vc_empty_space height=\u00bb1px\u00bb el_id=\u00bbbackup\u00bb][vc_column_text]<\/p>\n<h3><strong><i class=\"fas fa-database themecolor\"><\/i> Backup<\/strong><\/h3>\n<p>[\/vc_column_text][\/vc_column][\/vc_row][vc_row content_placement=\u00bbmiddle\u00bb][vc_column width=\u00bb2\/3&#8243;][vc_column_text]<\/p>\n<ul>\n<li><span style=\"font-weight: 400;\"><strong>Copias de seguridad r\u00e1pidas y fiables<\/strong> para cualquier servicio cloud que usted utilice<\/span><\/li>\n<li style=\"font-weight: 400;\"><span style=\"font-weight: 400;\"><strong>Menores RPOs<\/strong> y generaci\u00f3n de copias altamente r\u00e1pidas a base de snapshots de almacenamiento<\/span><\/li>\n<li style=\"font-weight: 400;\"><span style=\"font-weight: 400;\"><strong>Gesti\u00f3n de copias virtuales, f\u00edsicas y cloud,<\/strong> verificaci\u00f3n de la recuperabilidad de cada copia y capacidad ilimitada para la retenci\u00f3n de datos a largo plazo<\/span><\/li>\n<li style=\"font-weight: 400;\"><span style=\"font-weight: 400;\">Con <a href=\"\/es\/veeam-cloud-connect-lleida\/\"><strong>Veeam Cloud Connect<\/strong><\/a> consiga <strong>copias de seguridad r\u00e1pidas y seguras en la nube <\/strong><\/span><\/li>\n<\/ul>\n<p>[\/vc_column_text][\/vc_column][vc_column width=\u00bb1\/3&#8243;][vc_single_image image=\u00bb11237&#8243; img_size=\u00bblarge\u00bb alignment=\u00bbright\u00bb][\/vc_column][\/vc_row][vc_row][vc_column][vc_empty_space height=\u00bb1px\u00bb el_id=\u00bbrecuperacion\u00bb][vc_column_text]<\/p>\n<h3><i class=\"fas fa-download themecolor\"><\/i> <strong>Recuperaci\u00f3n<\/strong><\/h3>\n<p>[\/vc_column_text][\/vc_column][\/vc_row][vc_row content_placement=\u00bbmiddle\u00bb][vc_column width=\u00bb2\/3&#8243;][vc_column_text]<\/p>\n<ul>\n<li style=\"font-weight: 400;\"><span style=\"font-weight: 400;\"><strong>Recuperaci\u00f3n completa en pocos minutos<\/strong>, desde archivos y carpetas hasta m\u00e1quinas virtuales completas<\/span><\/li>\n<li style=\"font-weight: 400;\"><span style=\"font-weight: 400;\"><strong>Creaci\u00f3n de m\u00e1quinas virtuales aisladas<\/strong> para no perder tiempo de producci\u00f3n al restaurar datos<\/span><\/li>\n<li style=\"font-weight: 400;\"><span style=\"font-weight: 400;\"><strong>Protecci\u00f3n de las copias de seguridad<\/strong> con antivirus y prevenci\u00f3n de intrusiones<\/span><\/li>\n<\/ul>\n<p>[\/vc_column_text][\/vc_column][vc_column width=\u00bb1\/3&#8243;][vc_single_image image=\u00bb11238&#8243; img_size=\u00bblarge\u00bb][\/vc_column][\/vc_row][vc_row][vc_column][vc_empty_space height=\u00bb1px\u00bb el_id=\u00bbreplicacion\u00bb][vc_column_text]<\/p>\n<h3><i class=\"fas fa-copy themecolor\"><\/i> <strong>Replicaci\u00f3n<\/strong><\/h3>\n<p>[\/vc_column_text][\/vc_column][\/vc_row][vc_row content_placement=\u00bbmiddle\u00bb][vc_column width=\u00bb2\/3&#8243;][vc_column_text]<\/p>\n<ul>\n<li style=\"font-weight: 400;\"><span style=\"font-weight: 400;\"><strong>R\u00e1pida replicaci\u00f3n basada en imagen<\/strong> con la posibilidad de replicar copias de seguridad para reducir el impacto en su entorno<\/span><\/li>\n<li style=\"font-weight: 400;\"><strong><i>Disaster recovery<\/i><\/strong><span style=\"font-weight: 400;\"><strong> (DR)<\/strong> simplificado con failover y failback<\/span><\/li>\n<li style=\"font-weight: 400;\"><span style=\"font-weight: 400;\"><strong>Replicaci\u00f3n de m\u00e1quinas virtuales<\/strong> para conseguir una alta disponibilidad de copias off-site<\/span><\/li>\n<\/ul>\n<p>[\/vc_column_text][\/vc_column][vc_column width=\u00bb1\/3&#8243;][vc_single_image image=\u00bb11239&#8243; img_size=\u00bblarge\u00bb alignment=\u00bbright\u00bb][\/vc_column][\/vc_row][vc_row][vc_column css=\u00bb.vc_custom_1567506920656{padding-top: 50px !important;padding-bottom: 50px !important;}\u00bb][vc_btn title=\u00bbHoja de datos del producto\u00bb size=\u00bblg\u00bb align=\u00bbcenter\u00bb i_icon_fontawesome=\u00bbfa fa-file-pdf-o\u00bb add_icon=\u00bbtrue\u00bb link=\u00bburl:https%3A%2F%2Fhst.cat%2Fwp-content%2Fuploads%2Fveeam_backup_and_replication_9_5_datasheet.pdf|title:Full%20de%20dades%20del%20producte|target:%20_blank|rel:nofollow\u00bb][\/vc_column][\/vc_row][\/vc_section]<\/p>\n<\/div>","protected":false},"excerpt":{"rendered":"<p>[vc_section][vc_row][vc_column][vc_column_text css=\u00bb.vc_custom_1567505951671{padding-top: 50px !important;}\u00bb] Veeam Backup &amp; Replication [\/vc_column_text][\/vc_column][\/vc_row][vc_row][vc_column][vc_column_text] Las copias de seguridad, o backup en ingl\u00e9s, se han vuelto imprescindibles debido a la digitalizaci\u00f3n global.<span class=\"excerpt-hellip\"> [\u2026]<\/span><\/p>\n","protected":false},"author":2,"featured_media":0,"parent":0,"menu_order":0,"comment_status":"closed","ping_status":"closed","template":"","meta":{"footnotes":""},"class_list":["post-11340","page","type-page","status-publish","hentry"],"yoast_head":"<!-- This site is optimized with the Yoast SEO plugin v27.5 - https:\/\/yoast.com\/product\/yoast-seo-wordpress\/ -->\n<title>Veeam Backup Lleida<\/title>\n<meta name=\"description\" content=\"Veeam Backup &amp; Replication es la plataforma m\u00e1s completa para copias de seguridad, restauraci\u00f3n y replicaci\u00f3n. Ofrece protecci\u00f3n para todo tipo de cargas de trabajo de manera r\u00e1pida, fiable y flexible.\" \/>\n<meta name=\"robots\" content=\"index, follow, max-snippet:-1, max-image-preview:large, max-video-preview:-1\" \/>\n<link rel=\"canonical\" href=\"https:\/\/www.hst.cat\/es\/veeam-backup-replication-lleida\/\" \/>\n<meta property=\"og:locale\" content=\"es_ES\" \/>\n<meta property=\"og:type\" content=\"article\" \/>\n<meta property=\"og:title\" content=\"Veeam Backup Lleida\" \/>\n<meta property=\"og:description\" content=\"Veeam Backup &amp; Replication es la plataforma m\u00e1s completa para copias de seguridad, restauraci\u00f3n y replicaci\u00f3n. Ofrece protecci\u00f3n para todo tipo de cargas de trabajo de manera r\u00e1pida, fiable y flexible.\" \/>\n<meta property=\"og:url\" content=\"https:\/\/www.hst.cat\/es\/veeam-backup-replication-lleida\/\" \/>\n<meta property=\"og:site_name\" content=\"Inform\u00e0tica Lleida HST\" \/>\n<meta property=\"article:modified_time\" content=\"2023-09-26T12:59:41+00:00\" \/>\n<meta name=\"twitter:label1\" content=\"Tiempo de lectura\" \/>\n\t<meta name=\"twitter:data1\" content=\"2 minutos\" \/>\n<script type=\"application\/ld+json\" class=\"yoast-schema-graph\">{\"@context\":\"https:\\\/\\\/schema.org\",\"@graph\":[{\"@type\":\"WebPage\",\"@id\":\"https:\\\/\\\/www.hst.cat\\\/es\\\/veeam-backup-replication-lleida\\\/\",\"url\":\"https:\\\/\\\/www.hst.cat\\\/es\\\/veeam-backup-replication-lleida\\\/\",\"name\":\"Veeam Backup Lleida\",\"isPartOf\":{\"@id\":\"https:\\\/\\\/www.hst.cat\\\/#website\"},\"datePublished\":\"2019-09-03T09:44:11+00:00\",\"dateModified\":\"2023-09-26T12:59:41+00:00\",\"description\":\"Veeam Backup & Replication es la plataforma m\u00e1s completa para copias de seguridad, restauraci\u00f3n y replicaci\u00f3n. Ofrece protecci\u00f3n para todo tipo de cargas de trabajo de manera r\u00e1pida, fiable y flexible.\",\"breadcrumb\":{\"@id\":\"https:\\\/\\\/www.hst.cat\\\/es\\\/veeam-backup-replication-lleida\\\/#breadcrumb\"},\"inLanguage\":\"es\",\"potentialAction\":[{\"@type\":\"ReadAction\",\"target\":[\"https:\\\/\\\/www.hst.cat\\\/es\\\/veeam-backup-replication-lleida\\\/\"]}]},{\"@type\":\"BreadcrumbList\",\"@id\":\"https:\\\/\\\/www.hst.cat\\\/es\\\/veeam-backup-replication-lleida\\\/#breadcrumb\",\"itemListElement\":[{\"@type\":\"ListItem\",\"position\":1,\"name\":\"Portada\",\"item\":\"https:\\\/\\\/www.hst.cat\\\/es\\\/\"},{\"@type\":\"ListItem\",\"position\":2,\"name\":\"Veeam Backup &#038; Replication\"}]},{\"@type\":\"WebSite\",\"@id\":\"https:\\\/\\\/www.hst.cat\\\/#website\",\"url\":\"https:\\\/\\\/www.hst.cat\\\/\",\"name\":\"Inform\u00e0tica Lleida HST\",\"description\":\"Oferim serveis d\u2019inform\u00e0tica i noves tecnologies per empreses. Servei t\u00e8cnic, Web, Soft Gesti\u00f3, Xarxes, Consultoria\",\"potentialAction\":[{\"@type\":\"SearchAction\",\"target\":{\"@type\":\"EntryPoint\",\"urlTemplate\":\"https:\\\/\\\/www.hst.cat\\\/?s={search_term_string}\"},\"query-input\":{\"@type\":\"PropertyValueSpecification\",\"valueRequired\":true,\"valueName\":\"search_term_string\"}}],\"inLanguage\":\"es\"}]}<\/script>\n<!-- \/ Yoast SEO plugin. -->","yoast_head_json":{"title":"Veeam Backup Lleida","description":"Veeam Backup & Replication es la plataforma m\u00e1s completa para copias de seguridad, restauraci\u00f3n y replicaci\u00f3n. Ofrece protecci\u00f3n para todo tipo de cargas de trabajo de manera r\u00e1pida, fiable y flexible.","robots":{"index":"index","follow":"follow","max-snippet":"max-snippet:-1","max-image-preview":"max-image-preview:large","max-video-preview":"max-video-preview:-1"},"canonical":"https:\/\/www.hst.cat\/es\/veeam-backup-replication-lleida\/","og_locale":"es_ES","og_type":"article","og_title":"Veeam Backup Lleida","og_description":"Veeam Backup & Replication es la plataforma m\u00e1s completa para copias de seguridad, restauraci\u00f3n y replicaci\u00f3n. Ofrece protecci\u00f3n para todo tipo de cargas de trabajo de manera r\u00e1pida, fiable y flexible.","og_url":"https:\/\/www.hst.cat\/es\/veeam-backup-replication-lleida\/","og_site_name":"Inform\u00e0tica Lleida HST","article_modified_time":"2023-09-26T12:59:41+00:00","twitter_misc":{"Tiempo de lectura":"2 minutos"},"schema":{"@context":"https:\/\/schema.org","@graph":[{"@type":"WebPage","@id":"https:\/\/www.hst.cat\/es\/veeam-backup-replication-lleida\/","url":"https:\/\/www.hst.cat\/es\/veeam-backup-replication-lleida\/","name":"Veeam Backup Lleida","isPartOf":{"@id":"https:\/\/www.hst.cat\/#website"},"datePublished":"2019-09-03T09:44:11+00:00","dateModified":"2023-09-26T12:59:41+00:00","description":"Veeam Backup & Replication es la plataforma m\u00e1s completa para copias de seguridad, restauraci\u00f3n y replicaci\u00f3n. Ofrece protecci\u00f3n para todo tipo de cargas de trabajo de manera r\u00e1pida, fiable y flexible.","breadcrumb":{"@id":"https:\/\/www.hst.cat\/es\/veeam-backup-replication-lleida\/#breadcrumb"},"inLanguage":"es","potentialAction":[{"@type":"ReadAction","target":["https:\/\/www.hst.cat\/es\/veeam-backup-replication-lleida\/"]}]},{"@type":"BreadcrumbList","@id":"https:\/\/www.hst.cat\/es\/veeam-backup-replication-lleida\/#breadcrumb","itemListElement":[{"@type":"ListItem","position":1,"name":"Portada","item":"https:\/\/www.hst.cat\/es\/"},{"@type":"ListItem","position":2,"name":"Veeam Backup &#038; Replication"}]},{"@type":"WebSite","@id":"https:\/\/www.hst.cat\/#website","url":"https:\/\/www.hst.cat\/","name":"Inform\u00e0tica Lleida HST","description":"Oferim serveis d\u2019inform\u00e0tica i noves tecnologies per empreses. Servei t\u00e8cnic, Web, Soft Gesti\u00f3, Xarxes, Consultoria","potentialAction":[{"@type":"SearchAction","target":{"@type":"EntryPoint","urlTemplate":"https:\/\/www.hst.cat\/?s={search_term_string}"},"query-input":{"@type":"PropertyValueSpecification","valueRequired":true,"valueName":"search_term_string"}}],"inLanguage":"es"}]}},"jetpack_shortlink":"https:\/\/wp.me\/P7Yfwy-2WU","jetpack_sharing_enabled":true,"_links":{"self":[{"href":"https:\/\/www.hst.cat\/es\/wp-json\/wp\/v2\/pages\/11340","targetHints":{"allow":["GET"]}}],"collection":[{"href":"https:\/\/www.hst.cat\/es\/wp-json\/wp\/v2\/pages"}],"about":[{"href":"https:\/\/www.hst.cat\/es\/wp-json\/wp\/v2\/types\/page"}],"author":[{"embeddable":true,"href":"https:\/\/www.hst.cat\/es\/wp-json\/wp\/v2\/users\/2"}],"replies":[{"embeddable":true,"href":"https:\/\/www.hst.cat\/es\/wp-json\/wp\/v2\/comments?post=11340"}],"version-history":[{"count":5,"href":"https:\/\/www.hst.cat\/es\/wp-json\/wp\/v2\/pages\/11340\/revisions"}],"predecessor-version":[{"id":22980,"href":"https:\/\/www.hst.cat\/es\/wp-json\/wp\/v2\/pages\/11340\/revisions\/22980"}],"wp:attachment":[{"href":"https:\/\/www.hst.cat\/es\/wp-json\/wp\/v2\/media?parent=11340"}],"curies":[{"name":"wp","href":"https:\/\/api.w.org\/{rel}","templated":true}]}}