{"id":11345,"date":"2019-09-03T13:39:13","date_gmt":"2019-09-03T11:39:13","guid":{"rendered":"https:\/\/hst.cat\/veeam-cloud-connect-lleida\/"},"modified":"2022-03-25T12:06:54","modified_gmt":"2022-03-25T11:06:54","slug":"veeam-cloud-connect-lleida","status":"publish","type":"page","link":"https:\/\/www.hst.cat\/es\/veeam-cloud-connect-lleida\/","title":{"rendered":"Veeam Cloud Connect"},"content":{"rendered":"<div class=\"wpb-content-wrapper\"><p>[vc_section css=\u00bb.vc_custom_1567517855214{margin-top: 75px !important;}\u00bb][vc_row][vc_column css=\u00bb.vc_custom_1567517964458{margin-bottom: 10px !important;}\u00bb][vc_column_text]<span style=\"font-weight: 400;\">Con <strong>Veeam Cloud Connect<\/strong> obtendr\u00e1 copias de seguridad offsite y replicaci\u00f3n r\u00e1pida y segura en la nube, sin la complejidad ni el coste de crear y mantener una infraestructura externa.<\/span>[\/vc_column_text][\/vc_column][\/vc_row][vc_row][vc_column css_animation=\u00bbzoomIn\u00bb width=\u00bb1\/2&#8243;]<div class=\"icon_box icon_position_left has_border\"><div class=\"icon_wrapper\"><div class=\"icon\"><i class=\"far fa-paper-plane\" aria-hidden=\"true\"><\/i><\/div><\/div><div class=\"desc_wrapper\"><div class=\"desc\"><\/p>\n<h2><strong>Copias de seguridad offsite<\/strong><\/h2>\n<h4>Tenga sus copias offsite en un repositorio alojado en la nube con conexi\u00f3n segura SSL<\/h4>\n<p><\/div><\/div><\/div>\n[\/vc_column][vc_column css_animation=\u00bbzoomIn\u00bb width=\u00bb1\/2&#8243;]<div class=\"icon_box icon_position_left no_border\"><div class=\"icon_wrapper\"><div class=\"icon\"><i class=\"far fa-eye\" aria-hidden=\"true\"><\/i><\/div><\/div><div class=\"desc_wrapper\"><div class=\"desc\"><\/p>\n<h2><strong>Completa visibilidad y control<\/strong><\/h2>\n<h4>Acceso y recuperaci\u00f3n f\u00e1cil de sus datos directamente desde la consola backup<\/h4>\n<p><\/div><\/div><\/div>\n[\/vc_column][\/vc_row][vc_row][vc_column css_animation=\u00bbzoomIn\u00bb width=\u00bb1\/2&#8243;]<div class=\"icon_box icon_position_left has_border\"><div class=\"icon_wrapper\"><div class=\"icon\"><i class=\"fas fa-shield-alt\" aria-hidden=\"true\"><\/i><\/div><\/div><div class=\"desc_wrapper\"><div class=\"desc\"><\/p>\n<h2><strong>Cifrado end-to-end<\/strong><\/h2>\n<h4>Todos sus datos estar\u00e1n cifrados y protegidos durante todo el proceso de backup<\/h4>\n<p><\/div><\/div><\/div>\n[\/vc_column][vc_column css_animation=\u00bbzoomIn\u00bb width=\u00bb1\/2&#8243;]<div class=\"icon_box icon_position_left no_border\"><div class=\"icon_wrapper\"><div class=\"icon\"><i class=\"fas fa-laptop-medical\" aria-hidden=\"true\"><\/i><\/div><\/div><div class=\"desc_wrapper\"><div class=\"desc\"><\/p>\n<h2><strong>Failover r\u00e1pido y flexible<\/strong><\/h2>\n<h4>Con pocos clics consiga un failover completo o parcial a un emplazamiento remoto de DR<\/h4>\n<p><\/div><\/div><\/div>\n[\/vc_column][\/vc_row][vc_row][vc_column][vc_empty_space height=\u00bb75px\u00bb][\/vc_column][\/vc_row][vc_row][vc_column width=\u00bb2\/3&#8243;][vc_column_text]<\/p>\n<h2><strong>La regla del \u201c3-2-1\u201d sin complicaciones<\/strong><\/h2>\n<p><span style=\"font-weight: 400;\">La \u00abregla 3-2-1\u201d establece que se necesita mantener tres copias de sus datos, almacenados en dos tipos de soporte distintos, con una de las copias offsite, pero esto supone un gran desaf\u00edo por la cantidad de datos a respaldar y las limitaciones del ancho de banda. <strong>Veeam Cloud Connect<\/strong> ayuda a mantener sus copias offsite <strong>sin gastar dinero en recursos ni ancho de banda<\/strong> gracias a su tecnolog\u00eda de aceleraci\u00f3n WAN integrada.<\/span>[\/vc_column_text][vc_btn title=\u00bbHoja sobre el backup\u00bb align=\u00bbleft\u00bb i_icon_fontawesome=\u00bbfa fa-file-pdf-o\u00bb add_icon=\u00bbtrue\u00bb link=\u00bburl:https%3A%2F%2Fhst.cat%2Fwp-content%2Fuploads%2Fveeam_cloud_connect_backup_datasheet.pdf|title:Full%20sobre%20el%20backup|target:%20_blank|rel:nofollow\u00bb][\/vc_column][vc_column width=\u00bb1\/3&#8243;][vc_single_image image=\u00bb11240&#8243; img_size=\u00bblarge\u00bb alignment=\u00bbright\u00bb][\/vc_column][\/vc_row][vc_row][vc_column width=\u00bb2\/3&#8243;][vc_column_text]<\/p>\n<h2>Disponibilidad completa con DRaaS<\/h2>\n<p>Para garantizar que su negocio est\u00e9 disponible en cualquier momento aunque suceda alg\u00fan desastre, tiene que asegurarse de que dispone de un plan de DR (<em>Disaster Recovery<\/em>) s\u00f3lido.<br \/>\n<strong>Veeam Cloud Connect<\/strong> le ofrece un servicio de<strong><em> DRaaS<\/em><\/strong> (<em>Disaster Recovery as a Service<\/em>) verdadero para todas sus aplicaciones con bajos RPOs a trav\u00e9s de los mejores proveedores de todo el mundo, para as\u00ed mantener sus datos siempre disponibles.[\/vc_column_text][vc_btn title=\u00bbHoja sobre la replicaci\u00f3n DR\u00bb align=\u00bbleft\u00bb i_icon_fontawesome=\u00bbfa fa-file-pdf-o\u00bb add_icon=\u00bbtrue\u00bb link=\u00bburl:https%3A%2F%2Fhst.cat%2Fwp-content%2Fuploads%2Fveeam_cloud_connect_replication_datasheet.pdf|title:Full%20sobre%20la%20replicaci%C3%B3%20DR|target:%20_blank|rel:nofollow\u00bb][\/vc_column][vc_column width=\u00bb1\/3&#8243;][vc_single_image image=\u00bb11296&#8243; img_size=\u00bblarge\u00bb alignment=\u00bbright\u00bb][\/vc_column][\/vc_row][vc_row][vc_column][vc_separator el_width=\u00bb70&#8243; css=\u00bb.vc_custom_1567523193268{padding-top: 50px !important;padding-bottom: 25px !important;}\u00bb][\/vc_column][\/vc_row][vc_row][vc_column width=\u00bb2\/3&#8243;]\n<div class=\"wpcf7 no-js\" id=\"wpcf7-f11341-o1\" lang=\"es-ES\" dir=\"ltr\" data-wpcf7-id=\"11341\">\n<div class=\"screen-reader-response\"><p role=\"status\" aria-live=\"polite\" aria-atomic=\"true\"><\/p> <ul><\/ul><\/div>\n<form action=\"\/es\/wp-json\/wp\/v2\/pages\/11345#wpcf7-f11341-o1\" method=\"post\" class=\"wpcf7-form init\" aria-label=\"Formulario de contacto\" novalidate=\"novalidate\" data-status=\"init\">\n<fieldset class=\"hidden-fields-container\"><input type=\"hidden\" name=\"_wpcf7\" value=\"11341\" \/><input type=\"hidden\" name=\"_wpcf7_version\" value=\"6.1.5\" \/><input type=\"hidden\" name=\"_wpcf7_locale\" value=\"es_ES\" \/><input type=\"hidden\" name=\"_wpcf7_unit_tag\" value=\"wpcf7-f11341-o1\" \/><input type=\"hidden\" name=\"_wpcf7_container_post\" value=\"0\" \/><input type=\"hidden\" name=\"_wpcf7_posted_data_hash\" value=\"\" \/><input type=\"hidden\" name=\"_wpcf7cf_hidden_group_fields\" value=\"[]\" \/><input type=\"hidden\" name=\"_wpcf7cf_hidden_groups\" value=\"[]\" \/><input type=\"hidden\" name=\"_wpcf7cf_visible_groups\" value=\"[]\" \/><input type=\"hidden\" name=\"_wpcf7cf_repeaters\" value=\"[]\" \/><input type=\"hidden\" name=\"_wpcf7cf_steps\" value=\"{}\" \/><input type=\"hidden\" name=\"_wpcf7cf_options\" value=\"{&quot;form_id&quot;:11341,&quot;conditions&quot;:[],&quot;settings&quot;:{&quot;animation&quot;:&quot;yes&quot;,&quot;animation_intime&quot;:200,&quot;animation_outtime&quot;:200,&quot;conditions_ui&quot;:&quot;normal&quot;,&quot;notice_dismissed&quot;:false,&quot;notice_dismissed_rollback-cf7-5.9.2&quot;:true,&quot;notice_dismissed_rollback-cf7-5.9.4&quot;:true,&quot;notice_dismissed_rollback-cf7-5.9.5&quot;:true,&quot;notice_dismissed_rollback-cf7-5.9.6&quot;:true,&quot;notice_dismissed_update-cf7-6.1.4&quot;:true}}\" \/><input type=\"hidden\" name=\"_wpcf7_recaptcha_response\" value=\"\" \/>\n<\/fieldset>\n<p class=\"column one-third\"><span class=\"wpcf7-form-control-wrap\" data-name=\"your-name\"><input size=\"40\" maxlength=\"400\" class=\"wpcf7-form-control wpcf7-text wpcf7-validates-as-required\" aria-required=\"true\" aria-invalid=\"false\" placeholder=\"Nombre\" value=\"\" type=\"text\" name=\"your-name\" \/><\/span>\n<\/p>\n<p class=\"column one-third\"><span class=\"wpcf7-form-control-wrap\" data-name=\"your-email\"><input size=\"40\" maxlength=\"400\" class=\"wpcf7-form-control wpcf7-email wpcf7-validates-as-required wpcf7-text wpcf7-validates-as-email\" aria-required=\"true\" aria-invalid=\"false\" placeholder=\"Email\" value=\"\" type=\"email\" name=\"your-email\" \/><\/span>\n<\/p>\n<p><span class=\"wpcf7-form-control-wrap\" data-name=\"your-message\"><textarea cols=\"40\" rows=\"10\" maxlength=\"2000\" class=\"wpcf7-form-control wpcf7-textarea\" aria-invalid=\"false\" placeholder=\"Mensaje\" name=\"your-message\"><\/textarea><\/span>\n<\/p>\n<p><span style=\"font-size:13px;\"><br \/>\nTratamos los datos que nos facilita con el fin de dar respuesta a la consulta sobre nuestros productos y servicios por cualquier medio (postal, email o tel\u00e9fono). Los datos proporcionados se conservar\u00e1n mientras no solicite el cese de la actividad. Los datos no se ceder\u00e1n a terceros salvo en los casos en que exista una obligaci\u00f3n legal. Usted tiene derecho a obtener confirmaci\u00f3n sobre si en HST estamos tratando sus datos personales por tanto tiene derecho a acceder a sus datos personales, rectificar los datos inexactos o solicitar su supresi\u00f3n cuando los datos ya no sean necesarios para los fines que fueron recogidos.<\/span>\n<\/p>\n<p><span style=\"font-size:13px;\"><br \/>\nDesea recibir comunicados de marketing de HST por correo electr\u00f3nico y entendiendo que sus datos personales se tratar\u00e1n como la <a href=\"\/politica-de-privacitat\/\" target=\"_blank\">pol\u00edtica de privacidad<\/a> <\/span>\n<\/p>\n<p><span class=\"wpcf7-form-control-wrap\" data-name=\"RGPD-accepto\"><span class=\"wpcf7-form-control wpcf7-checkbox wpcf7-validates-as-required wpcf7-exclusive-checkbox\"><span class=\"wpcf7-list-item first\"><label><input type=\"checkbox\" name=\"RGPD-accepto\" value=\"Si\" \/><span class=\"wpcf7-list-item-label\">Si<\/span><\/label><\/span><span class=\"wpcf7-list-item last\"><label><input type=\"checkbox\" name=\"RGPD-accepto\" value=\"No, gracias\" \/><span class=\"wpcf7-list-item-label\">No, gracias<\/span><\/label><\/span><\/span><\/span>\n<\/p>\n<p><br clear=\"all\" \/>\n<\/p>\n<p>\n\n<\/p>\n<p><input class=\"wpcf7-form-control wpcf7-submit has-spinner\" type=\"submit\" value=\"Enviar\" \/>\n<\/p><div class=\"wpcf7-response-output\" aria-hidden=\"true\"><\/div>\n<\/form>\n<\/div>\n[\/vc_column][vc_column css_animation=\u00bbbounceIn\u00bb width=\u00bb1\/3&#8243; css=\u00bb.vc_custom_1567524216794{background-color: #2992d6 !important;}\u00bb][vc_column_text]<span style=\"color: #ffffff;\">Veeam Cloud Connect forma part de <strong>Veeam Backup &amp; Replication<\/strong>, la plataforma n\u00ba1 per a c\u00f2pies de seguretat.<\/span>[\/vc_column_text][vc_btn title=\u00bbM\u00e1s informaci\u00f3n\u00bb color=\u00bbblack\u00bb align=\u00bbcenter\u00bb link=\u00bburl:https%3A%2F%2Fhst.cat%2Fes%2Fveeam-backup-replication-lleida%2F|title:M%C3%A9s%20informaci%C3%B3||\u00bb][\/vc_column][\/vc_row][vc_row css=\u00bb.vc_custom_1567588175340{padding-top: 50px !important;}\u00bb][vc_column][vc_column_text]<strong>Quiz\u00e1s estabas buscando:<\/strong><\/p>\n<p><em>Copias de seguridad Lleida, backup Lleida, proveedor Veeam cloud connect Lleida, proveedor de copias de seguridad Lleida, copia online Lleida, Veeam Cloud Lleida, Veeam cloud connect Lleida, empresa de Lleida Veeam cloud connect<\/em>[\/vc_column_text][\/vc_column][\/vc_row][\/vc_section]<\/p>\n<\/div>","protected":false},"excerpt":{"rendered":"<p>[vc_section css=\u00bb.vc_custom_1567517855214{margin-top: 75px !important;}\u00bb][vc_row][vc_column css=\u00bb.vc_custom_1567517964458{margin-bottom: 10px !important;}\u00bb][vc_column_text]Con Veeam Cloud Connect obtendr\u00e1 copias de seguridad offsite y replicaci\u00f3n r\u00e1pida y segura en la nube, sin la complejidad<span class=\"excerpt-hellip\"> [\u2026]<\/span><\/p>\n","protected":false},"author":2,"featured_media":0,"parent":0,"menu_order":0,"comment_status":"closed","ping_status":"closed","template":"","meta":{"footnotes":""},"class_list":["post-11345","page","type-page","status-publish","hentry"],"yoast_head":"<!-- This site is optimized with the Yoast SEO plugin v27.5 - https:\/\/yoast.com\/product\/yoast-seo-wordpress\/ -->\n<title>Veeam Cloud Connect Lleida<\/title>\n<meta name=\"description\" content=\"Con Veeam Cloud Connect obtendr\u00e1 copias de seguridad offsite y replicaci\u00f3n r\u00e1pida y segura en la nube, sin la complejidad ni el coste de crear y mantener una infraestructura externa.\" \/>\n<meta name=\"robots\" content=\"index, follow, max-snippet:-1, max-image-preview:large, max-video-preview:-1\" \/>\n<link rel=\"canonical\" href=\"https:\/\/www.hst.cat\/es\/veeam-cloud-connect-lleida\/\" \/>\n<meta property=\"og:locale\" content=\"es_ES\" \/>\n<meta property=\"og:type\" content=\"article\" \/>\n<meta property=\"og:title\" content=\"Veeam Cloud Connect Lleida\" \/>\n<meta property=\"og:description\" content=\"Con Veeam Cloud Connect obtendr\u00e1 copias de seguridad offsite y replicaci\u00f3n r\u00e1pida y segura en la nube, sin la complejidad ni el coste de crear y mantener una infraestructura externa.\" \/>\n<meta property=\"og:url\" content=\"https:\/\/www.hst.cat\/es\/veeam-cloud-connect-lleida\/\" \/>\n<meta property=\"og:site_name\" content=\"Inform\u00e0tica Lleida HST\" \/>\n<meta property=\"article:modified_time\" content=\"2022-03-25T11:06:54+00:00\" \/>\n<meta name=\"twitter:label1\" content=\"Tiempo de lectura\" \/>\n\t<meta name=\"twitter:data1\" content=\"3 minutos\" \/>\n<script type=\"application\/ld+json\" class=\"yoast-schema-graph\">{\"@context\":\"https:\\\/\\\/schema.org\",\"@graph\":[{\"@type\":\"WebPage\",\"@id\":\"https:\\\/\\\/www.hst.cat\\\/es\\\/veeam-cloud-connect-lleida\\\/\",\"url\":\"https:\\\/\\\/www.hst.cat\\\/es\\\/veeam-cloud-connect-lleida\\\/\",\"name\":\"Veeam Cloud Connect Lleida\",\"isPartOf\":{\"@id\":\"https:\\\/\\\/www.hst.cat\\\/#website\"},\"datePublished\":\"2019-09-03T11:39:13+00:00\",\"dateModified\":\"2022-03-25T11:06:54+00:00\",\"description\":\"Con Veeam Cloud Connect obtendr\u00e1 copias de seguridad offsite y replicaci\u00f3n r\u00e1pida y segura en la nube, sin la complejidad ni el coste de crear y mantener una infraestructura externa.\",\"breadcrumb\":{\"@id\":\"https:\\\/\\\/www.hst.cat\\\/es\\\/veeam-cloud-connect-lleida\\\/#breadcrumb\"},\"inLanguage\":\"es\",\"potentialAction\":[{\"@type\":\"ReadAction\",\"target\":[\"https:\\\/\\\/www.hst.cat\\\/es\\\/veeam-cloud-connect-lleida\\\/\"]}]},{\"@type\":\"BreadcrumbList\",\"@id\":\"https:\\\/\\\/www.hst.cat\\\/es\\\/veeam-cloud-connect-lleida\\\/#breadcrumb\",\"itemListElement\":[{\"@type\":\"ListItem\",\"position\":1,\"name\":\"Portada\",\"item\":\"https:\\\/\\\/www.hst.cat\\\/es\\\/\"},{\"@type\":\"ListItem\",\"position\":2,\"name\":\"Veeam Cloud Connect\"}]},{\"@type\":\"WebSite\",\"@id\":\"https:\\\/\\\/www.hst.cat\\\/#website\",\"url\":\"https:\\\/\\\/www.hst.cat\\\/\",\"name\":\"Inform\u00e0tica Lleida HST\",\"description\":\"Oferim serveis d\u2019inform\u00e0tica i noves tecnologies per empreses. Servei t\u00e8cnic, Web, Soft Gesti\u00f3, Xarxes, Consultoria\",\"potentialAction\":[{\"@type\":\"SearchAction\",\"target\":{\"@type\":\"EntryPoint\",\"urlTemplate\":\"https:\\\/\\\/www.hst.cat\\\/?s={search_term_string}\"},\"query-input\":{\"@type\":\"PropertyValueSpecification\",\"valueRequired\":true,\"valueName\":\"search_term_string\"}}],\"inLanguage\":\"es\"}]}<\/script>\n<!-- \/ Yoast SEO plugin. -->","yoast_head_json":{"title":"Veeam Cloud Connect Lleida","description":"Con Veeam Cloud Connect obtendr\u00e1 copias de seguridad offsite y replicaci\u00f3n r\u00e1pida y segura en la nube, sin la complejidad ni el coste de crear y mantener una infraestructura externa.","robots":{"index":"index","follow":"follow","max-snippet":"max-snippet:-1","max-image-preview":"max-image-preview:large","max-video-preview":"max-video-preview:-1"},"canonical":"https:\/\/www.hst.cat\/es\/veeam-cloud-connect-lleida\/","og_locale":"es_ES","og_type":"article","og_title":"Veeam Cloud Connect Lleida","og_description":"Con Veeam Cloud Connect obtendr\u00e1 copias de seguridad offsite y replicaci\u00f3n r\u00e1pida y segura en la nube, sin la complejidad ni el coste de crear y mantener una infraestructura externa.","og_url":"https:\/\/www.hst.cat\/es\/veeam-cloud-connect-lleida\/","og_site_name":"Inform\u00e0tica Lleida HST","article_modified_time":"2022-03-25T11:06:54+00:00","twitter_misc":{"Tiempo de lectura":"3 minutos"},"schema":{"@context":"https:\/\/schema.org","@graph":[{"@type":"WebPage","@id":"https:\/\/www.hst.cat\/es\/veeam-cloud-connect-lleida\/","url":"https:\/\/www.hst.cat\/es\/veeam-cloud-connect-lleida\/","name":"Veeam Cloud Connect Lleida","isPartOf":{"@id":"https:\/\/www.hst.cat\/#website"},"datePublished":"2019-09-03T11:39:13+00:00","dateModified":"2022-03-25T11:06:54+00:00","description":"Con Veeam Cloud Connect obtendr\u00e1 copias de seguridad offsite y replicaci\u00f3n r\u00e1pida y segura en la nube, sin la complejidad ni el coste de crear y mantener una infraestructura externa.","breadcrumb":{"@id":"https:\/\/www.hst.cat\/es\/veeam-cloud-connect-lleida\/#breadcrumb"},"inLanguage":"es","potentialAction":[{"@type":"ReadAction","target":["https:\/\/www.hst.cat\/es\/veeam-cloud-connect-lleida\/"]}]},{"@type":"BreadcrumbList","@id":"https:\/\/www.hst.cat\/es\/veeam-cloud-connect-lleida\/#breadcrumb","itemListElement":[{"@type":"ListItem","position":1,"name":"Portada","item":"https:\/\/www.hst.cat\/es\/"},{"@type":"ListItem","position":2,"name":"Veeam Cloud Connect"}]},{"@type":"WebSite","@id":"https:\/\/www.hst.cat\/#website","url":"https:\/\/www.hst.cat\/","name":"Inform\u00e0tica Lleida HST","description":"Oferim serveis d\u2019inform\u00e0tica i noves tecnologies per empreses. Servei t\u00e8cnic, Web, Soft Gesti\u00f3, Xarxes, Consultoria","potentialAction":[{"@type":"SearchAction","target":{"@type":"EntryPoint","urlTemplate":"https:\/\/www.hst.cat\/?s={search_term_string}"},"query-input":{"@type":"PropertyValueSpecification","valueRequired":true,"valueName":"search_term_string"}}],"inLanguage":"es"}]}},"jetpack_shortlink":"https:\/\/wp.me\/P7Yfwy-2WZ","jetpack_sharing_enabled":true,"_links":{"self":[{"href":"https:\/\/www.hst.cat\/es\/wp-json\/wp\/v2\/pages\/11345","targetHints":{"allow":["GET"]}}],"collection":[{"href":"https:\/\/www.hst.cat\/es\/wp-json\/wp\/v2\/pages"}],"about":[{"href":"https:\/\/www.hst.cat\/es\/wp-json\/wp\/v2\/types\/page"}],"author":[{"embeddable":true,"href":"https:\/\/www.hst.cat\/es\/wp-json\/wp\/v2\/users\/2"}],"replies":[{"embeddable":true,"href":"https:\/\/www.hst.cat\/es\/wp-json\/wp\/v2\/comments?post=11345"}],"version-history":[{"count":3,"href":"https:\/\/www.hst.cat\/es\/wp-json\/wp\/v2\/pages\/11345\/revisions"}],"predecessor-version":[{"id":11348,"href":"https:\/\/www.hst.cat\/es\/wp-json\/wp\/v2\/pages\/11345\/revisions\/11348"}],"wp:attachment":[{"href":"https:\/\/www.hst.cat\/es\/wp-json\/wp\/v2\/media?parent=11345"}],"curies":[{"name":"wp","href":"https:\/\/api.w.org\/{rel}","templated":true}]}}