{"id":11349,"date":"2019-09-03T17:30:50","date_gmt":"2019-09-03T15:30:50","guid":{"rendered":"https:\/\/hst.cat\/spanning-backup\/"},"modified":"2023-09-27T11:09:14","modified_gmt":"2023-09-27T09:09:14","slug":"spanning-backup-lleida","status":"publish","type":"page","link":"https:\/\/www.hst.cat\/es\/spanning-backup-lleida\/","title":{"rendered":"Spanning Backup"},"content":{"rendered":"<div class=\"wpb-content-wrapper\"><p>[vc_section css=\u00bb.vc_custom_1567525464239{padding-top: 75px !important;}\u00bb][vc_row][vc_column][vc_column_text]<\/p>\n<h3 style=\"text-align: center;\"><strong>\u00bfPor qu\u00e9 necesita hacer copias de seguridad para sus sistemas SaaS?<\/strong><\/h3>\n<p>[\/vc_column_text][\/vc_column][\/vc_row][vc_row][vc_column][vc_column_text]<\/p>\n<p style=\"text-align: center;\">Cualquier compa\u00f1\u00eda puede sufrir una p\u00e9rdida de informaci\u00f3n, en cualquier tipo de plataforma. Un 77% de las compa\u00f1\u00edas suelen sufrir p\u00e9rdidas de datos e informaci\u00f3n al menos una vez al a\u00f1o.<\/p>\n<p>[\/vc_column_text][\/vc_column][\/vc_row][vc_row content_placement=\u00bbmiddle\u00bb css=\u00bb.vc_custom_1567581358866{padding-top: 50px !important;}\u00bb][vc_column][vc_column_text]<\/p>\n<h3><strong>Maneras de perder informaci\u00f3n<\/strong><\/h3>\n<p>Google y Office guardan copias de seguridad, pero no para usted, sino para cualquier error que ellos mismos puedan cometer, por lo que es muy probable que no se ocupen de los problemas que puedan surgirle, como:[\/vc_column_text][\/vc_column][\/vc_row][vc_row gap=\u00bb10&#8243; css_animation=\u00bbfadeInDown\u00bb][vc_column width=\u00bb1\/3&#8243;]<div class=\"icon_box icon_position_top no_border\"><div class=\"icon_wrapper\"><div class=\"icon\"><i class=\"fas fa-user-times\" aria-hidden=\"true\"><\/i><\/div><\/div><div class=\"desc_wrapper\"><div class=\"desc\"><\/p>\n<h4><strong>Error humano<\/strong><\/h4>\n<p>Equivocarse es muy com\u00fan, y los empleados siempre acaban por eliminar datos sin querer, como e-mails, contactos o configuraciones importantes.<\/div><\/div><\/div>\n[\/vc_column][vc_column width=\u00bb1\/3&#8243;]<div class=\"icon_box icon_position_top no_border\"><div class=\"icon_wrapper\"><div class=\"icon\"><i class=\"fas fa-trash-alt\" aria-hidden=\"true\"><\/i><\/div><\/div><div class=\"desc_wrapper\"><div class=\"desc\"><\/p>\n<h4><strong>Eliminaci\u00f3n de datos ileg\u00edtima<\/strong><\/h4>\n<p>Los SaaS no le preguntar\u00e1n dos veces antes de eliminar datos, por lo que hay veces en los que no se puede saber la causa de esas eliminaciones, y no se responsabilizar\u00e1n por ello.<\/div><\/div><\/div>\n[\/vc_column][vc_column width=\u00bb1\/3&#8243;]<div class=\"icon_box icon_position_top no_border\"><div class=\"icon_wrapper\"><div class=\"icon\"><i class=\"fas fa-exclamation-circle\" aria-hidden=\"true\"><\/i><\/div><\/div><div class=\"desc_wrapper\"><div class=\"desc\"><\/p>\n<h4><strong>Errores de programaci\u00f3n y sincronizaci\u00f3n<\/strong><\/h4>\n<p>A veces los SaaS simplemente fallan al funcionar, y pueden hacerle perder datos en un instante sin posibilidad de solucionarlo.<\/div><\/div><\/div>\n[\/vc_column][\/vc_row][vc_row gap=\u00bb10&#8243; css_animation=\u00bbfadeInUp\u00bb][vc_column width=\u00bb1\/3&#8243;]<div class=\"icon_box icon_position_top no_border\"><div class=\"icon_wrapper\"><div class=\"icon\"><i class=\"fas fa-user-secret\" aria-hidden=\"true\"><\/i><\/div><\/div><div class=\"desc_wrapper\"><div class=\"desc\"><\/p>\n<h4><strong>Hackers e infiltrados<\/strong><\/h4>\n<p>Siempre hay hackers dispuestos a robarle datos, y las empresas propietarias de los SaaS, aunque poderosas, no son bastiones inmunes a ellos. A parte de esto se pueden dar casos de infiltrados en su empresa, quienes pueden robarle o eliminarle datos desde dentro.<\/div><\/div><\/div>\n[\/vc_column][vc_column width=\u00bb1\/3&#8243;]<div class=\"icon_box icon_position_top no_border\"><div class=\"icon_wrapper\"><div class=\"icon\"><i class=\"fas fa-bug\" aria-hidden=\"true\"><\/i><\/div><\/div><div class=\"desc_wrapper\"><div class=\"desc\"><\/p>\n<h4><strong>Malware y viruses<\/strong><\/h4>\n<p>Los malware y los virus pueden atacar en cualquier momento debido a que pueden pasar desapercibidos dentro de cualquier tipo de c\u00f3digo, por lo que hace que sea muy dif\u00edcil defenderse de ellos.<\/div><\/div><\/div>\n[\/vc_column][vc_column width=\u00bb1\/3&#8243;]<div class=\"icon_box icon_position_top no_border\"><div class=\"icon_wrapper\"><div class=\"icon\"><i class=\"fas fa-skull-crossbones\" aria-hidden=\"true\"><\/i><\/div><\/div><div class=\"desc_wrapper\"><div class=\"desc\"><\/p>\n<h4><strong>Ransomware<\/strong><\/h4>\n<p>Los ransomware son programas muy agresivos que pueden infiltrarse en su sistema y bloquear o secuestrar sus datos hasta que pague cantidades muy elevadas de dinero.<\/p>\n<p><\/div><\/div><\/div>\n[\/vc_column][\/vc_row][\/vc_section][vc_section][vc_row css=\u00bb.vc_custom_1567586177049{padding-top: 75px !important;padding-bottom: 50px !important;}\u00bb][vc_column][vc_column_text]<\/p>\n<h1 style=\"text-align: center; font-size: 2.5em;\"><strong>Spanning Backup para G Suite i Office 365<\/strong><\/h1>\n<p>[\/vc_column_text][vc_column_text]<\/p>\n<p style=\"text-align: center;\"><span style=\"font-weight: 400;\">Sin importar qu\u00e9 sistema de los dos utilice, sus datos <strong>siempre estar\u00e1n seguros.<\/strong> <\/span><\/p>\n<p style=\"text-align: center;\"><span style=\"font-weight: 400;\">Dise\u00f1ado espec\u00edficamente tanto para <strong>G Suite<\/strong> como para <strong>Office 365<\/strong>, Spanning convierte el guardado de copias de seguridad en una tarea f\u00e1cil y sencilla, protegida con privacidad, cumplimiento y seguridad al nivel de los est\u00e1ndares de la industria.<\/span><\/p>\n<p>[\/vc_column_text][\/vc_column][\/vc_row][vc_row][vc_column][vc_column_text]<\/p>\n<h2 style=\"text-align: center; font-size: 2em;\"><strong>Copias de seguridad<\/strong><\/h2>\n<p style=\"text-align: center;\">Con un espacio de almacenamiento ilimitado y una pol\u00edtica de retenci\u00f3n sin restricciones garantizan que sus valiosos datos de G Suite y Office 365 permanecer\u00e1n totalmente respaldados y recuperables en todo momento.<\/p>\n<p>[\/vc_column_text][\/vc_column][\/vc_row][vc_row][vc_column width=\u00bb5\/6&#8243;][vc_column_text]<\/p>\n<h4><strong>Automatizado<\/strong><\/h4>\n<p><span style=\"font-weight: 400;\">Spanning crea copias autom\u00e1ticas di\u00e1riamente, detectando cualquier dato modificado por s\u00ed solo. La sencillez del proceso har\u00e1 que sus empleados puedan trabajar y olvidarse de toda preocupaci\u00f3n.<\/span><\/p>\n<h4><strong>Copias manuales en cualquier momento<\/strong><\/h4>\n<p><span style=\"font-weight: 400;\">A parte de copias autom\u00e1ticas, Spanning tambi\u00e9n le permite hacer copias manualmente y personalizarlas, sin l\u00edmite:<\/span><\/p>\n<ul>\n<li><span style=\"font-weight: 400;\">Copias de seguridad completas<\/span><\/li>\n<li><span style=\"font-weight: 400;\">Ajustarlas a un n\u00famero determinado de programas dentro de la suite<\/span><\/li>\n<li><span style=\"font-weight: 400;\">Hacer copias de los datos de un s\u00f3lo usuario o grupo de usuarios<\/span><\/li>\n<\/ul>\n<h4><strong>Reportes transparentes<\/strong><\/h4>\n<p><span style=\"font-weight: 400;\">Utilice el registro de auditor\u00edas para obtener reportes claros de su suite elegida. Los administradores podr\u00e1n ver todos los datos acerca de todas las copias de seguridad que hayan hecho los empleados, elegir recibir notificaciones diarias sobre estos y, si surge alg\u00fan error, Spanning le proporcionar\u00e1 con informaci\u00f3n detallada y formas de solucionarlo. Los administradores tambi\u00e9n podr\u00e1n descargar un archivo CSV para an\u00e1lisis y reportes.<\/span>[\/vc_column_text][\/vc_column][\/vc_row][vc_row content_placement=\u00bbmiddle\u00bb css_animation=\u00bbzoomIn\u00bb css=\u00bb.vc_custom_1567588374641{background-color: #2992d6 !important;}\u00bb][vc_column width=\u00bb2\/3&#8243;][vc_column_text]<\/p>\n<h4><span style=\"color: #ffffff;\"><strong>Exclusivo de G Suite: Monitorizaci\u00f3n de estado<\/strong><\/span><\/h4>\n<p><span style=\"color: #ffffff;\">En el escritorio de Spanning podr\u00e1 monitorizar el estado de las copias de seguridad de G Suite m\u00e1s recientes. Los administradores podr\u00e1n inspeccionar las copias y solucionar cualquier error para evitar problemas en futuras restauraciones. Tambi\u00e9n podr\u00e1n recibir notificaciones diarias, semanales o mensuales por e-mail para mantenerse informados sobre el estado de estas copias de seguridad.<\/span>[\/vc_column_text][\/vc_column][vc_column width=\u00bb1\/3&#8243;][vc_single_image image=\u00bb11331&#8243; img_size=\u00bblarge\u00bb alignment=\u00bbright\u00bb][\/vc_column][\/vc_row][vc_row css=\u00bb.vc_custom_1567587210085{padding-top: 75px !important;}\u00bb][vc_column][vc_column_text]<\/p>\n<h2 style=\"text-align: center; font-size: 2em;\"><strong>Restauraciones<\/strong><\/h2>\n<p>[\/vc_column_text][\/vc_column][\/vc_row][vc_row][vc_column width=\u00bb5\/6&#8243;][vc_column_text]<\/p>\n<h4><strong>Restauraciones de cualquier d\u00eda en cualquier momento<\/strong><\/h4>\n<p><span style=\"font-weight: 400;\">Restaure cualquier dato de su suite sin importar en qu\u00e9 d\u00eda fue guardado. Con el guardado diario autom\u00e1tico y guardados manuales ilimitados tendr\u00e1 la posibilidad de restaurar cualquier versi\u00f3n de sus datos. Tambi\u00e9n podr\u00e1 restaurar datos para usuarios en concreto.<\/span><\/p>\n<h4><strong>Restauraci\u00f3n por b\u00fasqueda<\/strong><\/h4>\n<p><span style=\"font-weight: 400;\">Spanning backup le permite restaurar tambi\u00e9n archivos concretos, f\u00e1cilmente localizables con su sistema de b\u00fasqueda. Busque archivos por nombre o carpeta, o busque e-mails por autor o asunto. Despu\u00e9s de localizarlos, podr\u00e1 descargarlos de uno a uno, en grupos o descargar directorios y carpetas enteras con su jerarqu\u00eda original intacta.<\/span><\/p>\n<h4><strong>Restauraci\u00f3n manual para cualquier empleado<\/strong><\/h4>\n<p><span style=\"font-weight: 400;\">Ahorre tiempo permitiendo que todos sus empleados puedan restaurar copias de seguridad, sin importar de qu\u00e9 tipo de datos se trate. Pr\u00e1cticamente con nada de formaci\u00f3n sus empleados ser\u00e1n capaces de restaurar cualquier dato que hayan perdido o eliminado, ayudando a asegurar la m\u00e1xima productividad de la empresa.<\/span>[\/vc_column_text][\/vc_column][\/vc_row][vc_row content_placement=\u00bbmiddle\u00bb css_animation=\u00bbzoomIn\u00bb css=\u00bb.vc_custom_1567588382932{background-color: #2992d6 !important;}\u00bb][vc_column width=\u00bb2\/3&#8243;][vc_column_text]<\/p>\n<h4><span style=\"color: #ffffff;\"><strong>Exclusivo de Office 365: Acceso all\u00e1 donde vaya<\/strong><\/span><\/h4>\n<p><span style=\"color: #ffffff;\">Spanning Backup para Office 365 fue dise\u00f1ado para acomodar la gran demanda de aplicaciones utilizables tanto en ordenador como en m\u00f3vil. La interfaz altamente f\u00e1cil de usar en dispositivos m\u00f3viles le permitir\u00e1 restaurar datos est\u00e9 donde est\u00e9.<\/span><\/p>\n<h4><span style=\"color: #ffffff;\"><strong>Exclusivo de G Suite: Restauraci\u00f3n de unidades compartidas<\/strong><\/span><\/h4>\n<p><span style=\"color: #ffffff;\">Spanning tambi\u00e9n permite guardar y restaurar copias de cualquier unidad compartida que tenga, incluyendo su jerarqu\u00eda original. Al restaurar las copias, Spanning las dejar\u00e1 d\u00f3nde estaban originalmente o crear\u00e1 una nueva unidad compartida si la original fue eliminada.<\/span>[\/vc_column_text][\/vc_column][vc_column width=\u00bb1\/3&#8243;][vc_single_image image=\u00bb11332&#8243; img_size=\u00bblarge\u00bb alignment=\u00bbright\u00bb][\/vc_column][\/vc_row][\/vc_section]<\/p>\n<\/div>","protected":false},"excerpt":{"rendered":"<p>[vc_section css=\u00bb.vc_custom_1567525464239{padding-top: 75px !important;}\u00bb][vc_row][vc_column][vc_column_text] \u00bfPor qu\u00e9 necesita hacer copias de seguridad para sus sistemas SaaS? [\/vc_column_text][\/vc_column][\/vc_row][vc_row][vc_column][vc_column_text] Cualquier compa\u00f1\u00eda puede sufrir una p\u00e9rdida de informaci\u00f3n, en cualquier<span class=\"excerpt-hellip\"> [\u2026]<\/span><\/p>\n","protected":false},"author":2,"featured_media":0,"parent":0,"menu_order":0,"comment_status":"closed","ping_status":"closed","template":"","meta":{"footnotes":""},"class_list":["post-11349","page","type-page","status-publish","hentry"],"yoast_head":"<!-- This site is optimized with the Yoast SEO plugin v27.4 - https:\/\/yoast.com\/product\/yoast-seo-wordpress\/ -->\n<title>Spanning backup Lleida<\/title>\n<meta name=\"description\" content=\"Dise\u00f1ado espec\u00edficamente para G Suite y Office 365, Spanning convierte el guardado de copias de seguridad en una tarea f\u00e1cil y sencilla, protegida con privacidad, cumplimiento y seguridad al nivel de los est\u00e1ndares de la industria.\" \/>\n<meta name=\"robots\" content=\"index, follow, max-snippet:-1, max-image-preview:large, max-video-preview:-1\" \/>\n<link rel=\"canonical\" href=\"https:\/\/www.hst.cat\/es\/spanning-backup-lleida\/\" \/>\n<meta property=\"og:locale\" content=\"es_ES\" \/>\n<meta property=\"og:type\" content=\"article\" \/>\n<meta property=\"og:title\" content=\"Spanning backup Lleida\" \/>\n<meta property=\"og:description\" content=\"Dise\u00f1ado espec\u00edficamente para G Suite y Office 365, Spanning convierte el guardado de copias de seguridad en una tarea f\u00e1cil y sencilla, protegida con privacidad, cumplimiento y seguridad al nivel de los est\u00e1ndares de la industria.\" \/>\n<meta property=\"og:url\" content=\"https:\/\/www.hst.cat\/es\/spanning-backup-lleida\/\" \/>\n<meta property=\"og:site_name\" content=\"Inform\u00e0tica Lleida HST\" \/>\n<meta property=\"article:modified_time\" content=\"2023-09-27T09:09:14+00:00\" \/>\n<meta name=\"twitter:label1\" content=\"Tiempo de lectura\" \/>\n\t<meta name=\"twitter:data1\" content=\"5 minutos\" \/>\n<script type=\"application\/ld+json\" class=\"yoast-schema-graph\">{\"@context\":\"https:\\\/\\\/schema.org\",\"@graph\":[{\"@type\":\"WebPage\",\"@id\":\"https:\\\/\\\/www.hst.cat\\\/es\\\/spanning-backup-lleida\\\/\",\"url\":\"https:\\\/\\\/www.hst.cat\\\/es\\\/spanning-backup-lleida\\\/\",\"name\":\"Spanning backup Lleida\",\"isPartOf\":{\"@id\":\"https:\\\/\\\/www.hst.cat\\\/#website\"},\"datePublished\":\"2019-09-03T15:30:50+00:00\",\"dateModified\":\"2023-09-27T09:09:14+00:00\",\"description\":\"Dise\u00f1ado espec\u00edficamente para G Suite y Office 365, Spanning convierte el guardado de copias de seguridad en una tarea f\u00e1cil y sencilla, protegida con privacidad, cumplimiento y seguridad al nivel de los est\u00e1ndares de la industria.\",\"breadcrumb\":{\"@id\":\"https:\\\/\\\/www.hst.cat\\\/es\\\/spanning-backup-lleida\\\/#breadcrumb\"},\"inLanguage\":\"es\",\"potentialAction\":[{\"@type\":\"ReadAction\",\"target\":[\"https:\\\/\\\/www.hst.cat\\\/es\\\/spanning-backup-lleida\\\/\"]}]},{\"@type\":\"BreadcrumbList\",\"@id\":\"https:\\\/\\\/www.hst.cat\\\/es\\\/spanning-backup-lleida\\\/#breadcrumb\",\"itemListElement\":[{\"@type\":\"ListItem\",\"position\":1,\"name\":\"Portada\",\"item\":\"https:\\\/\\\/www.hst.cat\\\/es\\\/\"},{\"@type\":\"ListItem\",\"position\":2,\"name\":\"Spanning Backup\"}]},{\"@type\":\"WebSite\",\"@id\":\"https:\\\/\\\/www.hst.cat\\\/#website\",\"url\":\"https:\\\/\\\/www.hst.cat\\\/\",\"name\":\"Inform\u00e0tica Lleida HST\",\"description\":\"Oferim serveis d\u2019inform\u00e0tica i noves tecnologies per empreses. Servei t\u00e8cnic, Web, Soft Gesti\u00f3, Xarxes, Consultoria\",\"potentialAction\":[{\"@type\":\"SearchAction\",\"target\":{\"@type\":\"EntryPoint\",\"urlTemplate\":\"https:\\\/\\\/www.hst.cat\\\/?s={search_term_string}\"},\"query-input\":{\"@type\":\"PropertyValueSpecification\",\"valueRequired\":true,\"valueName\":\"search_term_string\"}}],\"inLanguage\":\"es\"}]}<\/script>\n<!-- \/ Yoast SEO plugin. -->","yoast_head_json":{"title":"Spanning backup Lleida","description":"Dise\u00f1ado espec\u00edficamente para G Suite y Office 365, Spanning convierte el guardado de copias de seguridad en una tarea f\u00e1cil y sencilla, protegida con privacidad, cumplimiento y seguridad al nivel de los est\u00e1ndares de la industria.","robots":{"index":"index","follow":"follow","max-snippet":"max-snippet:-1","max-image-preview":"max-image-preview:large","max-video-preview":"max-video-preview:-1"},"canonical":"https:\/\/www.hst.cat\/es\/spanning-backup-lleida\/","og_locale":"es_ES","og_type":"article","og_title":"Spanning backup Lleida","og_description":"Dise\u00f1ado espec\u00edficamente para G Suite y Office 365, Spanning convierte el guardado de copias de seguridad en una tarea f\u00e1cil y sencilla, protegida con privacidad, cumplimiento y seguridad al nivel de los est\u00e1ndares de la industria.","og_url":"https:\/\/www.hst.cat\/es\/spanning-backup-lleida\/","og_site_name":"Inform\u00e0tica Lleida HST","article_modified_time":"2023-09-27T09:09:14+00:00","twitter_misc":{"Tiempo de lectura":"5 minutos"},"schema":{"@context":"https:\/\/schema.org","@graph":[{"@type":"WebPage","@id":"https:\/\/www.hst.cat\/es\/spanning-backup-lleida\/","url":"https:\/\/www.hst.cat\/es\/spanning-backup-lleida\/","name":"Spanning backup Lleida","isPartOf":{"@id":"https:\/\/www.hst.cat\/#website"},"datePublished":"2019-09-03T15:30:50+00:00","dateModified":"2023-09-27T09:09:14+00:00","description":"Dise\u00f1ado espec\u00edficamente para G Suite y Office 365, Spanning convierte el guardado de copias de seguridad en una tarea f\u00e1cil y sencilla, protegida con privacidad, cumplimiento y seguridad al nivel de los est\u00e1ndares de la industria.","breadcrumb":{"@id":"https:\/\/www.hst.cat\/es\/spanning-backup-lleida\/#breadcrumb"},"inLanguage":"es","potentialAction":[{"@type":"ReadAction","target":["https:\/\/www.hst.cat\/es\/spanning-backup-lleida\/"]}]},{"@type":"BreadcrumbList","@id":"https:\/\/www.hst.cat\/es\/spanning-backup-lleida\/#breadcrumb","itemListElement":[{"@type":"ListItem","position":1,"name":"Portada","item":"https:\/\/www.hst.cat\/es\/"},{"@type":"ListItem","position":2,"name":"Spanning Backup"}]},{"@type":"WebSite","@id":"https:\/\/www.hst.cat\/#website","url":"https:\/\/www.hst.cat\/","name":"Inform\u00e0tica Lleida HST","description":"Oferim serveis d\u2019inform\u00e0tica i noves tecnologies per empreses. Servei t\u00e8cnic, Web, Soft Gesti\u00f3, Xarxes, Consultoria","potentialAction":[{"@type":"SearchAction","target":{"@type":"EntryPoint","urlTemplate":"https:\/\/www.hst.cat\/?s={search_term_string}"},"query-input":{"@type":"PropertyValueSpecification","valueRequired":true,"valueName":"search_term_string"}}],"inLanguage":"es"}]}},"jetpack_shortlink":"https:\/\/wp.me\/P7Yfwy-2X3","jetpack_sharing_enabled":true,"_links":{"self":[{"href":"https:\/\/www.hst.cat\/es\/wp-json\/wp\/v2\/pages\/11349","targetHints":{"allow":["GET"]}}],"collection":[{"href":"https:\/\/www.hst.cat\/es\/wp-json\/wp\/v2\/pages"}],"about":[{"href":"https:\/\/www.hst.cat\/es\/wp-json\/wp\/v2\/types\/page"}],"author":[{"embeddable":true,"href":"https:\/\/www.hst.cat\/es\/wp-json\/wp\/v2\/users\/2"}],"replies":[{"embeddable":true,"href":"https:\/\/www.hst.cat\/es\/wp-json\/wp\/v2\/comments?post=11349"}],"version-history":[{"count":4,"href":"https:\/\/www.hst.cat\/es\/wp-json\/wp\/v2\/pages\/11349\/revisions"}],"predecessor-version":[{"id":23012,"href":"https:\/\/www.hst.cat\/es\/wp-json\/wp\/v2\/pages\/11349\/revisions\/23012"}],"wp:attachment":[{"href":"https:\/\/www.hst.cat\/es\/wp-json\/wp\/v2\/media?parent=11349"}],"curies":[{"name":"wp","href":"https:\/\/api.w.org\/{rel}","templated":true}]}}