{"id":13219,"date":"2019-11-19T13:27:16","date_gmt":"2019-11-19T12:27:16","guid":{"rendered":"https:\/\/hst.cat\/hp-top-value-novembre-2019\/"},"modified":"2022-03-25T11:18:37","modified_gmt":"2022-03-25T10:18:37","slug":"hp-top-value-novembre-2019","status":"publish","type":"page","link":"https:\/\/www.hst.cat\/es\/hp-top-value-novembre-2019\/","title":{"rendered":"HP Top Value &#8211; Noviembre 2019"},"content":{"rendered":"<div class=\"wpb-content-wrapper\"><p>[vc_section css=\u00bb.vc_custom_1573732551995{padding-bottom: 50px !important;}\u00bb][vc_row][vc_column][vc_column_text]<\/p>\n<p style=\"text-align: center;\">En HST te ofrecemos como cada mes las nuevas ofertas HP con los cat\u00e1logos HP Top Value, la selecci\u00f3n de precios y promociones de HP en ordenadores, impresoras, servidores, etc.<br \/>\nDejamos a tu disposici\u00f3n los cat\u00e1logos HP Top Value de este noviembre 2019.<\/p>\n<p>[\/vc_column_text][\/vc_column][\/vc_row][\/vc_section][vc_section][vc_row content_placement=\u00bbmiddle\u00bb el_class=\u00bbgradient\u00bb css=\u00bb.vc_custom_1573731072661{padding-top: 10px !important;padding-bottom: 10px !important;}\u00bb][vc_column][vc_column_text]<\/p>\n<h3 style=\"text-align: left;\"><span style=\"color: #ffffff;\"><a style=\"color: #ffffff;\" href=\"https:\/\/www.hst.cat\/wp-content\/uploads\/HP-Top-Value-Computing-Noviembre-2019-HST.pdf\">HP Top Value Computing &#8211; Noviembre 2019<\/a><\/span><\/h3>\n<p>[\/vc_column_text][\/vc_column][\/vc_row][vc_row css=\u00bb.vc_custom_1573731283894{margin-top: 30px !important;margin-bottom: 50px !important;}\u00bb][vc_column width=\u00bb3\/4&#8243;][vc_column_text]Consulta toda la informaci\u00f3n sobre los mejores equipos y componentes inform\u00e1ticos HP: Ordenadores, monitores, all-in-ones, etc.[\/vc_column_text][\/vc_column][vc_column width=\u00bb1\/4&#8243;][vc_btn title=\u00bbDescarga\u00bb color=\u00bbblack\u00bb align=\u00bbcenter\u00bb button_block=\u00bbtrue\u00bb link=\u00bburl:https%3A%2F%2Fhst.cat%2Fwp-content%2Fuploads%2FHP-Top-Value-Computing-Noviembre-2019-HST.pdf||target:%20_blank|\u00bb][\/vc_column][\/vc_row][vc_row content_placement=\u00bbmiddle\u00bb el_class=\u00bbgradient\u00bb css=\u00bb.vc_custom_1573731363118{padding-top: 10px !important;padding-bottom: 10px !important;}\u00bb][vc_column][vc_column_text]<\/p>\n<h3 style=\"text-align: left;\"><span style=\"color: #ffffff;\"><a style=\"color: #ffffff;\" href=\"https:\/\/www.hst.cat\/wp-content\/uploads\/HP-Top-Value-Printing-Noviembre-2019-HST.pdf\">HP Top Value Printing &#8211; Noviembre 2019<\/a><\/span><\/h3>\n<p>[\/vc_column_text][\/vc_column][\/vc_row][vc_row css=\u00bb.vc_custom_1573731355194{margin-top: 30px !important;margin-bottom: 50px !important;}\u00bb][vc_column width=\u00bb3\/4&#8243;][vc_column_text]Impresoras, multifunciones e impressi\u00f3n de gran tama\u00f1o al mejor precio con HP.[\/vc_column_text][\/vc_column][vc_column width=\u00bb1\/4&#8243;][vc_btn title=\u00bbDescarga\u00bb color=\u00bbblack\u00bb align=\u00bbcenter\u00bb button_block=\u00bbtrue\u00bb link=\u00bburl:https%3A%2F%2Fhst.cat%2Fwp-content%2Fuploads%2FHP-Top-Value-Printing-Noviembre-2019-HST.pdf||target:%20_blank|\u00bb][\/vc_column][\/vc_row][vc_row content_placement=\u00bbmiddle\u00bb el_class=\u00bbgradient\u00bb css=\u00bb.vc_custom_1573731370967{padding-top: 10px !important;padding-bottom: 10px !important;}\u00bb][vc_column][vc_column_text]<\/p>\n<h3 style=\"text-align: left;\"><span style=\"color: #ffffff;\"><a style=\"color: #ffffff;\" href=\"https:\/\/www.hst.cat\/wp-content\/uploads\/HP-Top-Value-Servidores-Noviembre-2019-HST.pdf\">HP Top Value Servidores &#8211; Noviembre 2019<\/a><\/span><\/h3>\n<p>[\/vc_column_text][\/vc_column][\/vc_row][vc_row css=\u00bb.vc_custom_1573732392999{margin-top: 30px !important;margin-bottom: 80px !important;}\u00bb][vc_column width=\u00bb3\/4&#8243;][vc_column_text]Los mejores servidores HP preparados para cualquier empresa o pyme.[\/vc_column_text][\/vc_column][vc_column width=\u00bb1\/4&#8243;][vc_btn title=\u00bbDescarga\u00bb color=\u00bbblack\u00bb align=\u00bbcenter\u00bb button_block=\u00bbtrue\u00bb link=\u00bburl:https%3A%2F%2Fhst.cat%2Fwp-content%2Fuploads%2FHP-Top-Value-Servidores-Noviembre-2019-HST.pdf||target:%20_blank|\u00bb][\/vc_column][\/vc_row][\/vc_section][vc_row][vc_column][vc_separator el_width=\u00bb30&#8243;][vc_column_text css=\u00bb.vc_custom_1574163175811{padding-top: 30px !important;}\u00bb]<\/p>\n<p style=\"text-align: center;\"><strong>Contacta con nosotros<\/strong> si te interesan las ofertas o si tienes alguna duda.<\/p>\n<p>[\/vc_column_text]\n<div class=\"wpcf7 no-js\" id=\"wpcf7-f11341-o1\" lang=\"es-ES\" dir=\"ltr\" data-wpcf7-id=\"11341\">\n<div class=\"screen-reader-response\"><p role=\"status\" aria-live=\"polite\" aria-atomic=\"true\"><\/p> <ul><\/ul><\/div>\n<form action=\"\/es\/wp-json\/wp\/v2\/pages\/13219#wpcf7-f11341-o1\" method=\"post\" class=\"wpcf7-form init\" aria-label=\"Formulario de contacto\" novalidate=\"novalidate\" data-status=\"init\">\n<fieldset class=\"hidden-fields-container\"><input type=\"hidden\" name=\"_wpcf7\" value=\"11341\" \/><input type=\"hidden\" name=\"_wpcf7_version\" value=\"6.1.5\" \/><input type=\"hidden\" name=\"_wpcf7_locale\" value=\"es_ES\" \/><input type=\"hidden\" name=\"_wpcf7_unit_tag\" value=\"wpcf7-f11341-o1\" \/><input type=\"hidden\" name=\"_wpcf7_container_post\" value=\"0\" \/><input type=\"hidden\" name=\"_wpcf7_posted_data_hash\" value=\"\" \/><input type=\"hidden\" name=\"_wpcf7cf_hidden_group_fields\" value=\"[]\" \/><input type=\"hidden\" name=\"_wpcf7cf_hidden_groups\" value=\"[]\" \/><input type=\"hidden\" name=\"_wpcf7cf_visible_groups\" value=\"[]\" \/><input type=\"hidden\" name=\"_wpcf7cf_repeaters\" value=\"[]\" \/><input type=\"hidden\" name=\"_wpcf7cf_steps\" value=\"{}\" \/><input type=\"hidden\" name=\"_wpcf7cf_options\" value=\"{&quot;form_id&quot;:11341,&quot;conditions&quot;:[],&quot;settings&quot;:{&quot;animation&quot;:&quot;yes&quot;,&quot;animation_intime&quot;:200,&quot;animation_outtime&quot;:200,&quot;conditions_ui&quot;:&quot;normal&quot;,&quot;notice_dismissed&quot;:false,&quot;notice_dismissed_rollback-cf7-5.9.2&quot;:true,&quot;notice_dismissed_rollback-cf7-5.9.4&quot;:true,&quot;notice_dismissed_rollback-cf7-5.9.5&quot;:true,&quot;notice_dismissed_rollback-cf7-5.9.6&quot;:true,&quot;notice_dismissed_update-cf7-6.1.4&quot;:true}}\" \/><input type=\"hidden\" name=\"_wpcf7_recaptcha_response\" value=\"\" \/>\n<\/fieldset>\n<p class=\"column one-third\"><span class=\"wpcf7-form-control-wrap\" data-name=\"your-name\"><input size=\"40\" maxlength=\"400\" class=\"wpcf7-form-control wpcf7-text wpcf7-validates-as-required\" aria-required=\"true\" aria-invalid=\"false\" placeholder=\"Nombre\" value=\"\" type=\"text\" name=\"your-name\" \/><\/span>\n<\/p>\n<p class=\"column one-third\"><span class=\"wpcf7-form-control-wrap\" data-name=\"your-email\"><input size=\"40\" maxlength=\"400\" class=\"wpcf7-form-control wpcf7-email wpcf7-validates-as-required wpcf7-text wpcf7-validates-as-email\" aria-required=\"true\" aria-invalid=\"false\" placeholder=\"Email\" value=\"\" type=\"email\" name=\"your-email\" \/><\/span>\n<\/p>\n<p><span class=\"wpcf7-form-control-wrap\" data-name=\"your-message\"><textarea cols=\"40\" rows=\"10\" maxlength=\"2000\" class=\"wpcf7-form-control wpcf7-textarea\" aria-invalid=\"false\" placeholder=\"Mensaje\" name=\"your-message\"><\/textarea><\/span>\n<\/p>\n<p><span style=\"font-size:13px;\"><br \/>\nTratamos los datos que nos facilita con el fin de dar respuesta a la consulta sobre nuestros productos y servicios por cualquier medio (postal, email o tel\u00e9fono). Los datos proporcionados se conservar\u00e1n mientras no solicite el cese de la actividad. Los datos no se ceder\u00e1n a terceros salvo en los casos en que exista una obligaci\u00f3n legal. Usted tiene derecho a obtener confirmaci\u00f3n sobre si en HST estamos tratando sus datos personales por tanto tiene derecho a acceder a sus datos personales, rectificar los datos inexactos o solicitar su supresi\u00f3n cuando los datos ya no sean necesarios para los fines que fueron recogidos.<\/span>\n<\/p>\n<p><span style=\"font-size:13px;\"><br \/>\nDesea recibir comunicados de marketing de HST por correo electr\u00f3nico y entendiendo que sus datos personales se tratar\u00e1n como la <a href=\"\/politica-de-privacitat\/\" target=\"_blank\">pol\u00edtica de privacidad<\/a> <\/span>\n<\/p>\n<p><span class=\"wpcf7-form-control-wrap\" data-name=\"RGPD-accepto\"><span class=\"wpcf7-form-control wpcf7-checkbox wpcf7-validates-as-required wpcf7-exclusive-checkbox\"><span class=\"wpcf7-list-item first\"><label><input type=\"checkbox\" name=\"RGPD-accepto\" value=\"Si\" \/><span class=\"wpcf7-list-item-label\">Si<\/span><\/label><\/span><span class=\"wpcf7-list-item last\"><label><input type=\"checkbox\" name=\"RGPD-accepto\" value=\"No, gracias\" \/><span class=\"wpcf7-list-item-label\">No, gracias<\/span><\/label><\/span><\/span><\/span>\n<\/p>\n<p><br clear=\"all\" \/>\n<\/p>\n<p>\n\n<\/p>\n<p><input class=\"wpcf7-form-control wpcf7-submit has-spinner\" type=\"submit\" value=\"Enviar\" \/>\n<\/p><div class=\"wpcf7-response-output\" aria-hidden=\"true\"><\/div>\n<\/form>\n<\/div>\n[\/vc_column][\/vc_row]<\/p>\n<\/div>","protected":false},"excerpt":{"rendered":"<p>[vc_section css=\u00bb.vc_custom_1573732551995{padding-bottom: 50px !important;}\u00bb][vc_row][vc_column][vc_column_text] En HST te ofrecemos como cada mes las nuevas ofertas HP con los cat\u00e1logos HP Top Value, la selecci\u00f3n de precios y<span class=\"excerpt-hellip\"> [\u2026]<\/span><\/p>\n","protected":false},"author":2,"featured_media":0,"parent":0,"menu_order":0,"comment_status":"closed","ping_status":"closed","template":"","meta":{"footnotes":""},"class_list":["post-13219","page","type-page","status-publish","hentry"],"yoast_head":"<!-- This site is optimized with the Yoast SEO plugin v27.4 - https:\/\/yoast.com\/product\/yoast-seo-wordpress\/ -->\n<title>HP Top Value - Noviembre 2019<\/title>\n<meta name=\"description\" content=\"Los mejores precios y promociones de HP de este mes ya estan aqu\u00ed. HST deja a tu disposici\u00f3n los cat\u00e1logos de HP Top Value.\" \/>\n<meta name=\"robots\" content=\"index, follow, max-snippet:-1, max-image-preview:large, max-video-preview:-1\" \/>\n<link rel=\"canonical\" href=\"https:\/\/www.hst.cat\/es\/hp-top-value-novembre-2019\/\" \/>\n<meta property=\"og:locale\" content=\"es_ES\" \/>\n<meta property=\"og:type\" content=\"article\" \/>\n<meta property=\"og:title\" content=\"HP Top Value - Noviembre 2019\" \/>\n<meta property=\"og:description\" content=\"Los mejores precios y promociones de HP de este mes ya estan aqu\u00ed. HST deja a tu disposici\u00f3n los cat\u00e1logos de HP Top Value.\" \/>\n<meta property=\"og:url\" content=\"https:\/\/www.hst.cat\/es\/hp-top-value-novembre-2019\/\" \/>\n<meta property=\"og:site_name\" content=\"Inform\u00e0tica Lleida HST\" \/>\n<meta property=\"article:modified_time\" content=\"2022-03-25T10:18:37+00:00\" \/>\n<meta name=\"twitter:label1\" content=\"Tiempo de lectura\" \/>\n\t<meta name=\"twitter:data1\" content=\"2 minutos\" \/>\n<script type=\"application\/ld+json\" class=\"yoast-schema-graph\">{\"@context\":\"https:\\\/\\\/schema.org\",\"@graph\":[{\"@type\":\"WebPage\",\"@id\":\"https:\\\/\\\/www.hst.cat\\\/es\\\/hp-top-value-novembre-2019\\\/\",\"url\":\"https:\\\/\\\/www.hst.cat\\\/es\\\/hp-top-value-novembre-2019\\\/\",\"name\":\"HP Top Value - Noviembre 2019\",\"isPartOf\":{\"@id\":\"https:\\\/\\\/www.hst.cat\\\/#website\"},\"datePublished\":\"2019-11-19T12:27:16+00:00\",\"dateModified\":\"2022-03-25T10:18:37+00:00\",\"description\":\"Los mejores precios y promociones de HP de este mes ya estan aqu\u00ed. HST deja a tu disposici\u00f3n los cat\u00e1logos de HP Top Value.\",\"breadcrumb\":{\"@id\":\"https:\\\/\\\/www.hst.cat\\\/es\\\/hp-top-value-novembre-2019\\\/#breadcrumb\"},\"inLanguage\":\"es\",\"potentialAction\":[{\"@type\":\"ReadAction\",\"target\":[\"https:\\\/\\\/www.hst.cat\\\/es\\\/hp-top-value-novembre-2019\\\/\"]}]},{\"@type\":\"BreadcrumbList\",\"@id\":\"https:\\\/\\\/www.hst.cat\\\/es\\\/hp-top-value-novembre-2019\\\/#breadcrumb\",\"itemListElement\":[{\"@type\":\"ListItem\",\"position\":1,\"name\":\"Portada\",\"item\":\"https:\\\/\\\/www.hst.cat\\\/es\\\/\"},{\"@type\":\"ListItem\",\"position\":2,\"name\":\"HP Top Value &#8211; Noviembre 2019\"}]},{\"@type\":\"WebSite\",\"@id\":\"https:\\\/\\\/www.hst.cat\\\/#website\",\"url\":\"https:\\\/\\\/www.hst.cat\\\/\",\"name\":\"Inform\u00e0tica Lleida HST\",\"description\":\"Oferim serveis d\u2019inform\u00e0tica i noves tecnologies per empreses. Servei t\u00e8cnic, Web, Soft Gesti\u00f3, Xarxes, Consultoria\",\"potentialAction\":[{\"@type\":\"SearchAction\",\"target\":{\"@type\":\"EntryPoint\",\"urlTemplate\":\"https:\\\/\\\/www.hst.cat\\\/?s={search_term_string}\"},\"query-input\":{\"@type\":\"PropertyValueSpecification\",\"valueRequired\":true,\"valueName\":\"search_term_string\"}}],\"inLanguage\":\"es\"}]}<\/script>\n<!-- \/ Yoast SEO plugin. -->","yoast_head_json":{"title":"HP Top Value - Noviembre 2019","description":"Los mejores precios y promociones de HP de este mes ya estan aqu\u00ed. HST deja a tu disposici\u00f3n los cat\u00e1logos de HP Top Value.","robots":{"index":"index","follow":"follow","max-snippet":"max-snippet:-1","max-image-preview":"max-image-preview:large","max-video-preview":"max-video-preview:-1"},"canonical":"https:\/\/www.hst.cat\/es\/hp-top-value-novembre-2019\/","og_locale":"es_ES","og_type":"article","og_title":"HP Top Value - Noviembre 2019","og_description":"Los mejores precios y promociones de HP de este mes ya estan aqu\u00ed. HST deja a tu disposici\u00f3n los cat\u00e1logos de HP Top Value.","og_url":"https:\/\/www.hst.cat\/es\/hp-top-value-novembre-2019\/","og_site_name":"Inform\u00e0tica Lleida HST","article_modified_time":"2022-03-25T10:18:37+00:00","twitter_misc":{"Tiempo de lectura":"2 minutos"},"schema":{"@context":"https:\/\/schema.org","@graph":[{"@type":"WebPage","@id":"https:\/\/www.hst.cat\/es\/hp-top-value-novembre-2019\/","url":"https:\/\/www.hst.cat\/es\/hp-top-value-novembre-2019\/","name":"HP Top Value - Noviembre 2019","isPartOf":{"@id":"https:\/\/www.hst.cat\/#website"},"datePublished":"2019-11-19T12:27:16+00:00","dateModified":"2022-03-25T10:18:37+00:00","description":"Los mejores precios y promociones de HP de este mes ya estan aqu\u00ed. HST deja a tu disposici\u00f3n los cat\u00e1logos de HP Top Value.","breadcrumb":{"@id":"https:\/\/www.hst.cat\/es\/hp-top-value-novembre-2019\/#breadcrumb"},"inLanguage":"es","potentialAction":[{"@type":"ReadAction","target":["https:\/\/www.hst.cat\/es\/hp-top-value-novembre-2019\/"]}]},{"@type":"BreadcrumbList","@id":"https:\/\/www.hst.cat\/es\/hp-top-value-novembre-2019\/#breadcrumb","itemListElement":[{"@type":"ListItem","position":1,"name":"Portada","item":"https:\/\/www.hst.cat\/es\/"},{"@type":"ListItem","position":2,"name":"HP Top Value &#8211; Noviembre 2019"}]},{"@type":"WebSite","@id":"https:\/\/www.hst.cat\/#website","url":"https:\/\/www.hst.cat\/","name":"Inform\u00e0tica Lleida HST","description":"Oferim serveis d\u2019inform\u00e0tica i noves tecnologies per empreses. Servei t\u00e8cnic, Web, Soft Gesti\u00f3, Xarxes, Consultoria","potentialAction":[{"@type":"SearchAction","target":{"@type":"EntryPoint","urlTemplate":"https:\/\/www.hst.cat\/?s={search_term_string}"},"query-input":{"@type":"PropertyValueSpecification","valueRequired":true,"valueName":"search_term_string"}}],"inLanguage":"es"}]}},"jetpack_shortlink":"https:\/\/wp.me\/P7Yfwy-3rd","jetpack_sharing_enabled":true,"_links":{"self":[{"href":"https:\/\/www.hst.cat\/es\/wp-json\/wp\/v2\/pages\/13219","targetHints":{"allow":["GET"]}}],"collection":[{"href":"https:\/\/www.hst.cat\/es\/wp-json\/wp\/v2\/pages"}],"about":[{"href":"https:\/\/www.hst.cat\/es\/wp-json\/wp\/v2\/types\/page"}],"author":[{"embeddable":true,"href":"https:\/\/www.hst.cat\/es\/wp-json\/wp\/v2\/users\/2"}],"replies":[{"embeddable":true,"href":"https:\/\/www.hst.cat\/es\/wp-json\/wp\/v2\/comments?post=13219"}],"version-history":[{"count":3,"href":"https:\/\/www.hst.cat\/es\/wp-json\/wp\/v2\/pages\/13219\/revisions"}],"predecessor-version":[{"id":21743,"href":"https:\/\/www.hst.cat\/es\/wp-json\/wp\/v2\/pages\/13219\/revisions\/21743"}],"wp:attachment":[{"href":"https:\/\/www.hst.cat\/es\/wp-json\/wp\/v2\/media?parent=13219"}],"curies":[{"name":"wp","href":"https:\/\/api.w.org\/{rel}","templated":true}]}}