{"id":1572,"date":"2014-09-22T08:35:53","date_gmt":"2014-09-22T06:35:53","guid":{"rendered":"http:\/\/hst.cat\/home-2\/"},"modified":"2024-03-22T10:04:02","modified_gmt":"2024-03-22T09:04:02","slug":"inicio","status":"publish","type":"page","link":"https:\/\/www.hst.cat\/es\/","title":{"rendered":"Inicio"},"content":{"rendered":"<div class=\"wpb-content-wrapper\"><p>[vc_row][vc_column width=\u00bb1\/2&#8243; css=\u00bb.vc_custom_1433504586973{padding-right: 50px !important;}\u00bb][vc_column_text]<\/p>\n<h2>\u00bfQui\u00e9nes somos?<\/h2>\n<p class=\"big\" style=\"color: #8e8e8e;\"><strong>HST (Hardnet Soluciones Tecnol\u00f3gicas)<\/strong>, con m\u00e1s de 15 a\u00f1os de experiencia en el sector de la inform\u00e1tica y nuevas tecnolog\u00edas, est\u00e1 formado por un equipo de profesionales con alta cualificaci\u00f3n t\u00e9cnica, trabajando continuamente para ofrecer una respuesta inmediata, fiable y eficiente.<\/p>\n<p class=\"big\" style=\"color: #8e8e8e;\">Nuestro rasgo diferencial es la capacidad para ofrecer un servicio global en nuevas tecnolog\u00edas. Es por ello, que nuestro abanico de servicios cubre todo lo que una empresa puede necesitar en el mundo TIC.<\/p>\n<p>[\/vc_column_text][vc_custom_heading text=\u00bbConoce nuestra empresa en 3 minutos&#8230;\u00bb font_container=\u00bbtag:h3|text_align:left|color:%231e73be\u00bb google_fonts=\u00bbfont_family:Roboto%3A100%2C100italic%2C300%2C300italic%2Cregular%2Citalic%2C500%2C500italic%2C700%2C700italic%2C900%2C900italic|font_style:400%20regular%3A400%3Anormal\u00bb][\/vc_column][vc_column width=\u00bb1\/2&#8243;][vc_column_text css=\u00bb.vc_custom_1441272455608{padding-top: 0px !important;padding-right: 0px !important;padding-bottom: 0px !important;padding-left: 0px !important;}\u00bb][device]<\/p>\n<p><span class=\"embed-youtube\" style=\"text-align:center; display: block;\"><iframe loading=\"lazy\" class=\"youtube-player\" width=\"1220\" height=\"687\" src=\"https:\/\/www.youtube.com\/embed\/76FrjF5fj84?version=3&#038;rel=0&#038;showsearch=0&#038;showinfo=0&#038;iv_load_policy=1&#038;fs=1&#038;hl=es-ES&#038;autohide=2&#038;hd=2&#038;cc_load_policy=1&#038;wmode=transparent\" allowfullscreen=\"true\" style=\"border:0;\" sandbox=\"allow-scripts allow-same-origin allow-popups allow-presentation allow-popups-to-escape-sandbox\"><\/iframe><\/span><br \/>\n[\/device]<\/p>\n<p>[notphone]<br \/>\n<a style=\"padding: 20px;\" href=\"https:\/\/www.youtube.com\/watch?v=76FrjF5fj84&amp;rel=0&amp;allowfullscreen=allowfullscreen&amp;hd=2&amp;showsearch=0&amp;showinfo=0&amp;modestbranding=1&amp;cc_load_policy=0\" target=\"_blank\" rel=\"wp-video-lightbox noopener\"><img data-recalc-dims=\"1\" loading=\"lazy\" decoding=\"async\" class=\"boton rotate alignnone\" src=\"https:\/\/i0.wp.com\/www.hst.cat\/wp-content\/uploads\/video-play-1.jpg?resize=700%2C392\" alt=\"Conoce nuestra empresa en 3 minutos\" width=\"700\" height=\"392\"><\/a><br \/>\n[\/notphone][\/vc_column_text][\/vc_column][\/vc_row]<\/p>\n<\/div>","protected":false},"excerpt":{"rendered":"<p>[vc_row][vc_column width=\u00bb1\/2&#8243; css=\u00bb.vc_custom_1433504586973{padding-right: 50px !important;}\u00bb][vc_column_text] \u00bfQui\u00e9nes somos? HST (Hardnet Soluciones Tecnol\u00f3gicas), con m\u00e1s de 15 a\u00f1os de experiencia en el sector de la inform\u00e1tica y nuevas<span class=\"excerpt-hellip\"> [\u2026]<\/span><\/p>\n","protected":false},"author":5,"featured_media":0,"parent":0,"menu_order":0,"comment_status":"open","ping_status":"open","template":"","meta":{"footnotes":""},"class_list":["post-1572","page","type-page","status-publish","hentry"],"yoast_head":"<!-- This site is optimized with the Yoast SEO plugin v27.4 - https:\/\/yoast.com\/product\/yoast-seo-wordpress\/ -->\n<title>Inform\u00e1tica Lleida HST<\/title>\n<meta name=\"description\" content=\"Ofrecemos servicios de inform\u00e1tica y nuevas tecnolog\u00edas para empresas. Servicio global: Servicio t\u00e9cnico, Web, Redes, Consultor\u00eda, RGPD\" \/>\n<meta name=\"robots\" content=\"index, follow, max-snippet:-1, max-image-preview:large, max-video-preview:-1\" \/>\n<link rel=\"canonical\" href=\"https:\/\/www.hst.cat\/es\/\" \/>\n<meta property=\"og:locale\" content=\"es_ES\" \/>\n<meta property=\"og:type\" content=\"article\" \/>\n<meta property=\"og:title\" content=\"Inform\u00e1tica Lleida HST\" \/>\n<meta property=\"og:description\" content=\"Ofrecemos servicios de inform\u00e1tica y nuevas tecnolog\u00edas para empresas. Servicio global: Servicio t\u00e9cnico, Web, Redes, Consultor\u00eda, RGPD\" \/>\n<meta property=\"og:url\" content=\"https:\/\/www.hst.cat\/es\/\" \/>\n<meta property=\"og:site_name\" content=\"Inform\u00e0tica Lleida HST\" \/>\n<meta property=\"article:modified_time\" content=\"2024-03-22T09:04:02+00:00\" \/>\n<meta property=\"og:image\" content=\"http:\/\/www.hst.cat\/wp-content\/uploads\/video-play-1.jpg\" \/>\n<meta name=\"twitter:label1\" content=\"Tiempo de lectura\" \/>\n\t<meta name=\"twitter:data1\" content=\"1 minuto\" \/>\n<script type=\"application\/ld+json\" class=\"yoast-schema-graph\">{\"@context\":\"https:\\\/\\\/schema.org\",\"@graph\":[{\"@type\":\"WebPage\",\"@id\":\"https:\\\/\\\/www.hst.cat\\\/es\\\/\",\"url\":\"https:\\\/\\\/www.hst.cat\\\/es\\\/\",\"name\":\"Inform\u00e1tica Lleida HST\",\"isPartOf\":{\"@id\":\"https:\\\/\\\/www.hst.cat\\\/#website\"},\"primaryImageOfPage\":{\"@id\":\"https:\\\/\\\/www.hst.cat\\\/es\\\/#primaryimage\"},\"image\":{\"@id\":\"https:\\\/\\\/www.hst.cat\\\/es\\\/#primaryimage\"},\"thumbnailUrl\":\"http:\\\/\\\/www.hst.cat\\\/wp-content\\\/uploads\\\/video-play-1.jpg\",\"datePublished\":\"2014-09-22T06:35:53+00:00\",\"dateModified\":\"2024-03-22T09:04:02+00:00\",\"description\":\"Ofrecemos servicios de inform\u00e1tica y nuevas tecnolog\u00edas para empresas. Servicio global: Servicio t\u00e9cnico, Web, Redes, Consultor\u00eda, RGPD\",\"breadcrumb\":{\"@id\":\"https:\\\/\\\/www.hst.cat\\\/es\\\/#breadcrumb\"},\"inLanguage\":\"es\",\"potentialAction\":[{\"@type\":\"ReadAction\",\"target\":[\"https:\\\/\\\/www.hst.cat\\\/es\\\/\"]}]},{\"@type\":\"ImageObject\",\"inLanguage\":\"es\",\"@id\":\"https:\\\/\\\/www.hst.cat\\\/es\\\/#primaryimage\",\"url\":\"http:\\\/\\\/www.hst.cat\\\/wp-content\\\/uploads\\\/video-play-1.jpg\",\"contentUrl\":\"http:\\\/\\\/www.hst.cat\\\/wp-content\\\/uploads\\\/video-play-1.jpg\"},{\"@type\":\"BreadcrumbList\",\"@id\":\"https:\\\/\\\/www.hst.cat\\\/es\\\/#breadcrumb\",\"itemListElement\":[{\"@type\":\"ListItem\",\"position\":1,\"name\":\"Portada\",\"item\":\"https:\\\/\\\/www.hst.cat\\\/es\\\/\"},{\"@type\":\"ListItem\",\"position\":2,\"name\":\"Inicio\"}]},{\"@type\":\"WebSite\",\"@id\":\"https:\\\/\\\/www.hst.cat\\\/#website\",\"url\":\"https:\\\/\\\/www.hst.cat\\\/\",\"name\":\"Inform\u00e0tica Lleida HST\",\"description\":\"Oferim serveis d\u2019inform\u00e0tica i noves tecnologies per empreses. Servei t\u00e8cnic, Web, Soft Gesti\u00f3, Xarxes, Consultoria\",\"potentialAction\":[{\"@type\":\"SearchAction\",\"target\":{\"@type\":\"EntryPoint\",\"urlTemplate\":\"https:\\\/\\\/www.hst.cat\\\/?s={search_term_string}\"},\"query-input\":{\"@type\":\"PropertyValueSpecification\",\"valueRequired\":true,\"valueName\":\"search_term_string\"}}],\"inLanguage\":\"es\"}]}<\/script>\n<!-- \/ Yoast SEO plugin. -->","yoast_head_json":{"title":"Inform\u00e1tica Lleida HST","description":"Ofrecemos servicios de inform\u00e1tica y nuevas tecnolog\u00edas para empresas. Servicio global: Servicio t\u00e9cnico, Web, Redes, Consultor\u00eda, RGPD","robots":{"index":"index","follow":"follow","max-snippet":"max-snippet:-1","max-image-preview":"max-image-preview:large","max-video-preview":"max-video-preview:-1"},"canonical":"https:\/\/www.hst.cat\/es\/","og_locale":"es_ES","og_type":"article","og_title":"Inform\u00e1tica Lleida HST","og_description":"Ofrecemos servicios de inform\u00e1tica y nuevas tecnolog\u00edas para empresas. Servicio global: Servicio t\u00e9cnico, Web, Redes, Consultor\u00eda, RGPD","og_url":"https:\/\/www.hst.cat\/es\/","og_site_name":"Inform\u00e0tica Lleida HST","article_modified_time":"2024-03-22T09:04:02+00:00","og_image":[{"url":"http:\/\/www.hst.cat\/wp-content\/uploads\/video-play-1.jpg","type":"","width":"","height":""}],"twitter_misc":{"Tiempo de lectura":"1 minuto"},"schema":{"@context":"https:\/\/schema.org","@graph":[{"@type":"WebPage","@id":"https:\/\/www.hst.cat\/es\/","url":"https:\/\/www.hst.cat\/es\/","name":"Inform\u00e1tica Lleida HST","isPartOf":{"@id":"https:\/\/www.hst.cat\/#website"},"primaryImageOfPage":{"@id":"https:\/\/www.hst.cat\/es\/#primaryimage"},"image":{"@id":"https:\/\/www.hst.cat\/es\/#primaryimage"},"thumbnailUrl":"http:\/\/www.hst.cat\/wp-content\/uploads\/video-play-1.jpg","datePublished":"2014-09-22T06:35:53+00:00","dateModified":"2024-03-22T09:04:02+00:00","description":"Ofrecemos servicios de inform\u00e1tica y nuevas tecnolog\u00edas para empresas. Servicio global: Servicio t\u00e9cnico, Web, Redes, Consultor\u00eda, RGPD","breadcrumb":{"@id":"https:\/\/www.hst.cat\/es\/#breadcrumb"},"inLanguage":"es","potentialAction":[{"@type":"ReadAction","target":["https:\/\/www.hst.cat\/es\/"]}]},{"@type":"ImageObject","inLanguage":"es","@id":"https:\/\/www.hst.cat\/es\/#primaryimage","url":"http:\/\/www.hst.cat\/wp-content\/uploads\/video-play-1.jpg","contentUrl":"http:\/\/www.hst.cat\/wp-content\/uploads\/video-play-1.jpg"},{"@type":"BreadcrumbList","@id":"https:\/\/www.hst.cat\/es\/#breadcrumb","itemListElement":[{"@type":"ListItem","position":1,"name":"Portada","item":"https:\/\/www.hst.cat\/es\/"},{"@type":"ListItem","position":2,"name":"Inicio"}]},{"@type":"WebSite","@id":"https:\/\/www.hst.cat\/#website","url":"https:\/\/www.hst.cat\/","name":"Inform\u00e0tica Lleida HST","description":"Oferim serveis d\u2019inform\u00e0tica i noves tecnologies per empreses. Servei t\u00e8cnic, Web, Soft Gesti\u00f3, Xarxes, Consultoria","potentialAction":[{"@type":"SearchAction","target":{"@type":"EntryPoint","urlTemplate":"https:\/\/www.hst.cat\/?s={search_term_string}"},"query-input":{"@type":"PropertyValueSpecification","valueRequired":true,"valueName":"search_term_string"}}],"inLanguage":"es"}]}},"jetpack_shortlink":"https:\/\/wp.me\/P7Yfwy-pm","jetpack_sharing_enabled":true,"_links":{"self":[{"href":"https:\/\/www.hst.cat\/es\/wp-json\/wp\/v2\/pages\/1572","targetHints":{"allow":["GET"]}}],"collection":[{"href":"https:\/\/www.hst.cat\/es\/wp-json\/wp\/v2\/pages"}],"about":[{"href":"https:\/\/www.hst.cat\/es\/wp-json\/wp\/v2\/types\/page"}],"author":[{"embeddable":true,"href":"https:\/\/www.hst.cat\/es\/wp-json\/wp\/v2\/users\/5"}],"replies":[{"embeddable":true,"href":"https:\/\/www.hst.cat\/es\/wp-json\/wp\/v2\/comments?post=1572"}],"version-history":[{"count":19,"href":"https:\/\/www.hst.cat\/es\/wp-json\/wp\/v2\/pages\/1572\/revisions"}],"predecessor-version":[{"id":22932,"href":"https:\/\/www.hst.cat\/es\/wp-json\/wp\/v2\/pages\/1572\/revisions\/22932"}],"wp:attachment":[{"href":"https:\/\/www.hst.cat\/es\/wp-json\/wp\/v2\/media?parent=1572"}],"curies":[{"name":"wp","href":"https:\/\/api.w.org\/{rel}","templated":true}]}}