{"id":1638,"date":"2015-01-26T23:23:05","date_gmt":"2015-01-26T22:23:05","guid":{"rendered":"http:\/\/hst.cat\/empresa-iso-20000-2\/"},"modified":"2023-09-26T13:37:54","modified_gmt":"2023-09-26T11:37:54","slug":"politica-de-calidad","status":"publish","type":"page","link":"https:\/\/www.hst.cat\/es\/politica-de-calidad\/","title":{"rendered":"Pol\u00edtica de Calidad"},"content":{"rendered":"<p><b>A Hardnet Solucions Tecnol\u00f2giques<\/b> consideramos que la provisi\u00f3n de servicios de TI a nuestros clientes es una parte fundamental de nuestro negocio, y por ello la Gesti\u00f3n de estos servicios ocupa un lugar destacado dentro de sus objetivos, alineada con la estrategia definida para el desarrollo del negocio.<\/p>\n<p>Es por ello que ha desarrollado e implantado un Sistema de Gesti\u00f3n de Servicios, en conformidad con los requisitos de la <b>norma ISO 20000-1<\/b>, y us\u00e1ndola como soporte organizativo y metodol\u00f3gico, para emprender el camino de la mejora continua a trav\u00e9s de los siguientes principios:<span style=\"line-height: 1.5;\">.<\/span><\/p>\n<p>La Direcci\u00f3n de Hardnet Solucions Tecnol\u00f2giques, se compromete a liderar este proceso y a asignar los recursos necesarios para cumplir con los requisitos establecidos en el Sistema de Gesti\u00f3n de Servicios de TI, satisfacer las exigencias de los clientes y conseguir los objetivos fijados.<\/p>\n<p>La presente pol\u00edtica es conocida y suscrita por todo el personal de Hardnet Solucions Tecnol\u00f2giques, de acuerdo a las exigencias de la direcci\u00f3n<\/p>\n<p>Esta pol\u00edtica ser\u00e1 revisada con una periodicidad m\u00e1xima anual, y sus cambios deber\u00e1n ser aprobados por la direcci\u00f3n de la organizaci\u00f3n.<\/p>\n<p>&nbsp;<\/p>\n<p><strong>Jordi Rabinat Ponsoda<\/strong><br \/>\nC.E.O Hardnet Solucions Tecnol\u00f2giques<\/p>\n<p>&nbsp;<\/p>\n","protected":false},"excerpt":{"rendered":"<p>A Hardnet Solucions Tecnol\u00f2giques consideramos que la provisi\u00f3n de servicios de TI a nuestros clientes es una parte fundamental de nuestro negocio, y por ello la<span class=\"excerpt-hellip\"> [\u2026]<\/span><\/p>\n","protected":false},"author":2,"featured_media":0,"parent":0,"menu_order":0,"comment_status":"open","ping_status":"closed","template":"","meta":{"footnotes":""},"class_list":["post-1638","page","type-page","status-publish","hentry"],"yoast_head":"<!-- This site is optimized with the Yoast SEO plugin v27.5 - https:\/\/yoast.com\/product\/yoast-seo-wordpress\/ -->\n<title>Pol\u00edtica de Calidad<\/title>\n<meta name=\"description\" content=\"Hemos desarrollado e implantado un Sistema de Gesti\u00f3n de Servicios de conformidad con los requisitos de la norma ISO 20000-1.\" \/>\n<meta name=\"robots\" content=\"index, follow, max-snippet:-1, max-image-preview:large, max-video-preview:-1\" \/>\n<link rel=\"canonical\" href=\"https:\/\/www.hst.cat\/es\/politica-de-calidad\/\" \/>\n<meta property=\"og:locale\" content=\"es_ES\" \/>\n<meta property=\"og:type\" content=\"article\" \/>\n<meta property=\"og:title\" content=\"Pol\u00edtica de Calidad\" \/>\n<meta property=\"og:description\" content=\"Hemos desarrollado e implantado un Sistema de Gesti\u00f3n de Servicios de conformidad con los requisitos de la norma ISO 20000-1.\" \/>\n<meta property=\"og:url\" content=\"https:\/\/www.hst.cat\/es\/politica-de-calidad\/\" \/>\n<meta property=\"og:site_name\" content=\"Inform\u00e0tica Lleida HST\" \/>\n<meta property=\"article:modified_time\" content=\"2023-09-26T11:37:54+00:00\" \/>\n<meta name=\"twitter:label1\" content=\"Tiempo de lectura\" \/>\n\t<meta name=\"twitter:data1\" content=\"1 minuto\" \/>\n<script type=\"application\/ld+json\" class=\"yoast-schema-graph\">{\"@context\":\"https:\\\/\\\/schema.org\",\"@graph\":[{\"@type\":\"WebPage\",\"@id\":\"https:\\\/\\\/www.hst.cat\\\/es\\\/politica-de-calidad\\\/\",\"url\":\"https:\\\/\\\/www.hst.cat\\\/es\\\/politica-de-calidad\\\/\",\"name\":\"Pol\u00edtica de Calidad\",\"isPartOf\":{\"@id\":\"https:\\\/\\\/www.hst.cat\\\/#website\"},\"datePublished\":\"2015-01-26T22:23:05+00:00\",\"dateModified\":\"2023-09-26T11:37:54+00:00\",\"description\":\"Hemos desarrollado e implantado un Sistema de Gesti\u00f3n de Servicios de conformidad con los requisitos de la norma ISO 20000-1.\",\"breadcrumb\":{\"@id\":\"https:\\\/\\\/www.hst.cat\\\/es\\\/politica-de-calidad\\\/#breadcrumb\"},\"inLanguage\":\"es\",\"potentialAction\":[{\"@type\":\"ReadAction\",\"target\":[\"https:\\\/\\\/www.hst.cat\\\/es\\\/politica-de-calidad\\\/\"]}]},{\"@type\":\"BreadcrumbList\",\"@id\":\"https:\\\/\\\/www.hst.cat\\\/es\\\/politica-de-calidad\\\/#breadcrumb\",\"itemListElement\":[{\"@type\":\"ListItem\",\"position\":1,\"name\":\"Portada\",\"item\":\"https:\\\/\\\/www.hst.cat\\\/es\\\/\"},{\"@type\":\"ListItem\",\"position\":2,\"name\":\"Pol\u00edtica de Calidad\"}]},{\"@type\":\"WebSite\",\"@id\":\"https:\\\/\\\/www.hst.cat\\\/#website\",\"url\":\"https:\\\/\\\/www.hst.cat\\\/\",\"name\":\"Inform\u00e0tica Lleida HST\",\"description\":\"Oferim serveis d\u2019inform\u00e0tica i noves tecnologies per empreses. Servei t\u00e8cnic, Web, Soft Gesti\u00f3, Xarxes, Consultoria\",\"potentialAction\":[{\"@type\":\"SearchAction\",\"target\":{\"@type\":\"EntryPoint\",\"urlTemplate\":\"https:\\\/\\\/www.hst.cat\\\/?s={search_term_string}\"},\"query-input\":{\"@type\":\"PropertyValueSpecification\",\"valueRequired\":true,\"valueName\":\"search_term_string\"}}],\"inLanguage\":\"es\"}]}<\/script>\n<!-- \/ Yoast SEO plugin. -->","yoast_head_json":{"title":"Pol\u00edtica de Calidad","description":"Hemos desarrollado e implantado un Sistema de Gesti\u00f3n de Servicios de conformidad con los requisitos de la norma ISO 20000-1.","robots":{"index":"index","follow":"follow","max-snippet":"max-snippet:-1","max-image-preview":"max-image-preview:large","max-video-preview":"max-video-preview:-1"},"canonical":"https:\/\/www.hst.cat\/es\/politica-de-calidad\/","og_locale":"es_ES","og_type":"article","og_title":"Pol\u00edtica de Calidad","og_description":"Hemos desarrollado e implantado un Sistema de Gesti\u00f3n de Servicios de conformidad con los requisitos de la norma ISO 20000-1.","og_url":"https:\/\/www.hst.cat\/es\/politica-de-calidad\/","og_site_name":"Inform\u00e0tica Lleida HST","article_modified_time":"2023-09-26T11:37:54+00:00","twitter_misc":{"Tiempo de lectura":"1 minuto"},"schema":{"@context":"https:\/\/schema.org","@graph":[{"@type":"WebPage","@id":"https:\/\/www.hst.cat\/es\/politica-de-calidad\/","url":"https:\/\/www.hst.cat\/es\/politica-de-calidad\/","name":"Pol\u00edtica de Calidad","isPartOf":{"@id":"https:\/\/www.hst.cat\/#website"},"datePublished":"2015-01-26T22:23:05+00:00","dateModified":"2023-09-26T11:37:54+00:00","description":"Hemos desarrollado e implantado un Sistema de Gesti\u00f3n de Servicios de conformidad con los requisitos de la norma ISO 20000-1.","breadcrumb":{"@id":"https:\/\/www.hst.cat\/es\/politica-de-calidad\/#breadcrumb"},"inLanguage":"es","potentialAction":[{"@type":"ReadAction","target":["https:\/\/www.hst.cat\/es\/politica-de-calidad\/"]}]},{"@type":"BreadcrumbList","@id":"https:\/\/www.hst.cat\/es\/politica-de-calidad\/#breadcrumb","itemListElement":[{"@type":"ListItem","position":1,"name":"Portada","item":"https:\/\/www.hst.cat\/es\/"},{"@type":"ListItem","position":2,"name":"Pol\u00edtica de Calidad"}]},{"@type":"WebSite","@id":"https:\/\/www.hst.cat\/#website","url":"https:\/\/www.hst.cat\/","name":"Inform\u00e0tica Lleida HST","description":"Oferim serveis d\u2019inform\u00e0tica i noves tecnologies per empreses. Servei t\u00e8cnic, Web, Soft Gesti\u00f3, Xarxes, Consultoria","potentialAction":[{"@type":"SearchAction","target":{"@type":"EntryPoint","urlTemplate":"https:\/\/www.hst.cat\/?s={search_term_string}"},"query-input":{"@type":"PropertyValueSpecification","valueRequired":true,"valueName":"search_term_string"}}],"inLanguage":"es"}]}},"jetpack_shortlink":"https:\/\/wp.me\/P7Yfwy-qq","jetpack_sharing_enabled":true,"_links":{"self":[{"href":"https:\/\/www.hst.cat\/es\/wp-json\/wp\/v2\/pages\/1638","targetHints":{"allow":["GET"]}}],"collection":[{"href":"https:\/\/www.hst.cat\/es\/wp-json\/wp\/v2\/pages"}],"about":[{"href":"https:\/\/www.hst.cat\/es\/wp-json\/wp\/v2\/types\/page"}],"author":[{"embeddable":true,"href":"https:\/\/www.hst.cat\/es\/wp-json\/wp\/v2\/users\/2"}],"replies":[{"embeddable":true,"href":"https:\/\/www.hst.cat\/es\/wp-json\/wp\/v2\/comments?post=1638"}],"version-history":[{"count":2,"href":"https:\/\/www.hst.cat\/es\/wp-json\/wp\/v2\/pages\/1638\/revisions"}],"predecessor-version":[{"id":22947,"href":"https:\/\/www.hst.cat\/es\/wp-json\/wp\/v2\/pages\/1638\/revisions\/22947"}],"wp:attachment":[{"href":"https:\/\/www.hst.cat\/es\/wp-json\/wp\/v2\/media?parent=1638"}],"curies":[{"name":"wp","href":"https:\/\/api.w.org\/{rel}","templated":true}]}}