{"id":1659,"date":"2015-01-26T23:26:54","date_gmt":"2015-01-26T22:26:54","guid":{"rendered":"http:\/\/hst.cat\/politica-de-privacitat-2\/"},"modified":"2023-09-26T14:13:41","modified_gmt":"2023-09-26T12:13:41","slug":"politica-de-privacidad","status":"publish","type":"page","link":"https:\/\/www.hst.cat\/es\/politica-de-privacidad\/","title":{"rendered":"Pol\u00edtica de Privacidad"},"content":{"rendered":"<p><b>OBJETO<\/b><\/p>\n<p><span style=\"font-weight: 400;\">A HARDNET SYSTEMS INFORMATICA PROFESIONAL SLU (en adelante HST) trabajamos para garantizar la privacidad en el tratamiento de sus datos personales. En este sentido, hemos actualizado nuestra pol\u00edtica de privacidad con el fin de informar claramente de c\u00f3mo recopilamos, utilizamos y custodiamos los datos de las personas que contactan con nosotros.<\/span><\/p>\n<p><b>RESPONSABLE<\/b><\/p>\n<p><span style=\"font-weight: 400;\">El interesado \/ a que facilite a HST datos de car\u00e1cter personal a trav\u00e9s de esta plataforma o por cualquier otra v\u00eda, queda informado de que el tratamiento de sus datos es realizado por:<\/span><\/p>\n<p style=\"padding-left: 40px;\"><span style=\"font-weight: 400;\">HARDNET SYSTEMS INFORMATICA PROFESIONAL SLU<\/span><\/p>\n<p style=\"padding-left: 40px;\"><span style=\"font-weight: 400;\">B25506080<\/span><\/p>\n<p style=\"padding-left: 40px;\"><span style=\"font-weight: 400;\">Bar\u00f3 de Maials, 11 bajos- <\/span><span style=\"font-weight: 400;\">25002 &#8211; LLEIDA (Lleida)<\/span><\/p>\n<p style=\"padding-left: 40px;\"><span style=\"font-weight: 400;\">Tel. 973 727172<\/span><\/p>\n<p style=\"padding-left: 40px;\"><span style=\"font-weight: 400;\">Delegado de Protecci\u00f3n de Datos : Jordi Rabinat\u00a0 &#8211; rgpd@hst.cat<\/span><\/p>\n<p><span style=\"font-weight: 400;\">HST, de conformidad con lo dispuesto en la normativa vigente en materia de protecci\u00f3n de datos personales, el Reglamento (UE) 2016\/679 de 27 de abril de 2016 (RGPD) relativo a la protecci\u00f3n de las personas f\u00edsicas con respecto al tratamiento de datos personales y la libre circulaci\u00f3n de estos, la Ley Org\u00e1nica 3\/2018, de 5 de diciembre, de Protecci\u00f3n de datos de Car\u00e1cter Personal y Garant\u00eda de los derechos digitales (LOPD GDD) y por la Ley 34\/2002, de 11 de julio, de Servicios de la sociedad de la Informaci\u00f3n y del Comercio Electr\u00f3nico (LSSICE), tiene implementadas todas las medidas de seguridad, de \u00edndole t\u00e9cnica y organizativas,\u00a0 para garantizar y proteger la confidencialidad, integridad y disponibilidad de los datos tratados.<\/span><\/p>\n<p><b>FINALIDAD<\/b><\/p>\n<p>Sus datos personales s\u00f3lo se utilizar\u00e1n para las siguientes finalidades:<\/p>\n<ul>\n<li>Realizar las gestiones comerciales y administrativas necesarias con los usuarios de la web;<\/li>\n<li>Remitir las comunicaciones comerciales publicitarias por email, SMS, redes sociales o cualquier otro medio electr\u00f3nico o f\u00edsico, en caso de que el usuario haya consentido expresamente el env\u00edo de comunicaciones comerciales por v\u00eda electr\u00f3nica mediante la suscripci\u00f3n de la NEWSLETTER;<\/li>\n<li>Responder a las consultas y \/ o proporcionar informaciones requeridas por el Usuario;<\/li>\n<li>Realizar las prestaciones de servicios y \/ o productos contratados o suscritos por el Usuario<\/li>\n<li>Se realizar\u00e1n an\u00e1lisis de perfiles y de usabilidad.<\/li>\n<li>Los datos de clientes y \/ o proveedores ser\u00e1n tratados, dentro de la relaci\u00f3n contractual que los vincula con el responsable, en cumplimiento de las obligaciones administrativas, fiscales, contables y laborales que sean necesarias en virtud de la legislaci\u00f3n vigente.<\/li>\n<\/ul>\n<p>Puede revocar cualquier momento su consentimiento remitiendo un escrito con el asunto \u00abBaja\u00bb en rgpd@hst.cat<\/p>\n<p>De acuerdo con la LSSICE, HST no realiza pr\u00e1cticas de SPAM, por lo tanto, no env\u00eda correos comerciales por e-mail que no hayan sido previamente solicitados o autorizados por el Usuario. En consecuencia, en todas las comunicaciones que recibir\u00e1 del prestador, el usuario tiene la posibilidad de cancelar su consentimiento expreso para recibir nuestras comunicaciones. No trataremos sus datos personales para ning\u00fan otro fin de las descritas salvo por obligaci\u00f3n legal o requerimiento judicial.<\/p>\n<p><span style=\"font-weight: 400;\">Las operaciones previstas para realizar los tratamientos son las siguientes: prestarle servicios en el \u00e1mbito t\u00e9cnico, inform\u00e1tico, asesoramiento protecci\u00f3n de datos, marketing, nuevas tecnolog\u00edas y servicios globales, as\u00ed como responder a sus consultas o solicitudes.<\/span><\/p>\n<p><span style=\"font-weight: 400;\">Tambi\u00e9n utilizaremos sus datos para ofrecerle informaci\u00f3n y ofertas sobre nuestros servicios, enviarle comunicaciones, boletines, actividades y noticias de su inter\u00e9s relacionadas con la empresa y su sector de actividad.<\/span><\/p>\n<p><b>CONSERVACI\u00d3N DE LOS DATOS<\/b><\/p>\n<p>Los datos se conservar\u00e1n mientras el interesado no solicite su supresi\u00f3n, y en su caso, durante los a\u00f1os necesarios para cumplir con las obligaciones legales.<\/p>\n<p><span style=\"font-weight: 400;\">Una vez finalizada la citada relaci\u00f3n, los datos podr\u00e1n ser conservados durante el tiempo exigido por la legislaci\u00f3n aplicable y hasta que prescriban las eventuales responsabilidades derivadas del contrato.<\/span><\/p>\n<p><b>LEGITIMACI\u00d3N<\/b><\/p>\n<p>La base legal para el tratamiento de los datos es su consentimiento otorgado para llevar a cabo las finalidades anteriormente descritas, que se solicitar\u00e1 al momento de marcado de la casilla correspondiente a la hora de recoger sus datos.<\/p>\n<p>El no facilitar los datos personales solicitados o el no aceptar la presente pol\u00edtica de protecci\u00f3n de datos supone la imposibilidad de suscribirse, registrarse o recibir informaci\u00f3n de los productos y servicios del Prestador.<\/p>\n<p>En los casos en que exista una previa relaci\u00f3n contractual entre las partes, la legitimaci\u00f3n para el desarrollo de las obligaciones administrativas, fiscales, contables y laborales que sean necesarias en virtud de la legislaci\u00f3n vigente ser\u00e1 la existencia previa de la relaci\u00f3n comercial establecida entre las partes.<\/p>\n<p>&nbsp;<\/p>\n<p><b>CONFIDENCIALIDAD Y DESTINATARIOS DE LOS DATOS<\/b><\/p>\n<p><span style=\"font-weight: 400;\">Los datos que nos facilite se tratar\u00e1n de forma confidencial. HST ha adoptado todas las medidas de protecci\u00f3n necesarias para garantizar la seguridad en el tratamiento de los datos y evitar su alteraci\u00f3n, p\u00e9rdida, tratamiento o acceso no autorizado, habida cuenta del estado de la tecnolog\u00eda y naturaleza de los datos almacenados. Asimismo, se garantiza tambi\u00e9n que el tratamiento y registro en ficheros, programas, sistemas o equipos y centros, cumplen con los requisitos y condiciones de integridad y seguridad establecidas en la normativa vigente.<\/span><\/p>\n<p><span style=\"font-weight: 400;\">Los datos s\u00f3lo ser\u00e1n accesibles para las personas de la empresa que lo requieran para llevar a cabo las funciones propias de su puesto de trabajo.<\/span><\/p>\n<p><span style=\"font-weight: 400;\">HST no ceder\u00e1 los datos personales a terceros, salvo por obligaci\u00f3n legal. Sin embargo, en el caso de ser cedidos a alg\u00fan tercero se producir\u00eda una informaci\u00f3n previa solicitando el consentimiento expreso para tal cesi\u00f3n. La entidad responsable de la base de datos, as\u00ed como los que intervengan en cualquier fase del tratamiento y \/ o las entidades a las que se les haya comunicado -en todo caso siempre con la correspondiente autorizaci\u00f3n otorgada por el usuario-, est\u00e1n obligados a observar el secreto profesional y la adopci\u00f3n de los niveles de protecci\u00f3n y las medidas t\u00e9cnicas y organizativas necesarias a su alcance para garantizar la seguridad de los datos de car\u00e1cter personal, evitando, en la medida de lo posible, accesos no autorizados, modificaciones il\u00edcitas, sustracciones y \/ o la p\u00e9rdida de los datos, a fin de procurar el correspondiente nivel de seguridad de los ficheros del prestador, seg\u00fan la naturaleza y sensibilidad de los datos facilitados por las personas interesadas.<\/span><\/p>\n<p>Tampoco se realizar\u00e1n transferencias internacionales de sus datos de car\u00e1cter personal sin su consentimiento previo sin perjuicio de poder bloquear o cancelar su cuenta si puede haber indicios de la comisi\u00f3n de alg\u00fan delito por parte del usuario. La informaci\u00f3n facilitada ser\u00e1 solamente la que disponga en ese momento el prestador.<\/p>\n<p>&nbsp;<\/p>\n<p><b>DERECHOS<\/b><\/p>\n<p><span style=\"font-weight: 400;\">HST garantiza que ha implementado pol\u00edticas t\u00e9cnicas y organizativas apropiadas para aplicar las medidas de seguridad que establecen el RGPD y la LOPD para proteger los derechos y libertades de las personas interesadas.<\/span><\/p>\n<p><span style=\"font-weight: 400;\">Cualquier persona tiene derecho a solicitar al responsable del tratamiento la confirmaci\u00f3n sobre si estamos tratando los datos personales que le conciernan.<\/span><\/p>\n<p><span style=\"font-weight: 400;\">Los interesados \u200b\u200btienen derecho a acceder a sus datos personales, as\u00ed como solicitar la rectificaci\u00f3n de los datos inexactos o, en su caso, solicitar la supresi\u00f3n cuando, entre otros motivos, los datos ya no sean necesarias para a las finalidades para las que fueron recogidos.<\/span><\/p>\n<p><span style=\"font-weight: 400;\">En las condiciones previstas en el Reglamento General de Protecci\u00f3n de Datos, los interesados \u200b\u200bpodr\u00e1n solicitar la limitaci\u00f3n del tratamiento de sus datos, la portabilidad en un formato estructurado, de uso com\u00fan y lectura mec\u00e1nica y finalmente, al olvido de las mismas.<\/span><\/p>\n<p><span style=\"font-weight: 400;\">En determinadas circunstancias y por motivos relacionados con su situaci\u00f3n particular, los interesados \u200b\u200bpodr\u00e1n oponerse al tratamiento de sus datos. Si ha otorgado el consentimiento para alguna finalidad espec\u00edfica, tiene derecho a retirarlo en cualquier momento, sin que ello afecte a la licitud del tratamiento basado en el consentimiento previo a su retirada. En estos supuestos dejaremos de tratar los datos o, en su caso, dejaremos de hacerlo para esta finalidad concreta.<\/span><\/p>\n<p><span style=\"font-weight: 400;\">Todos los derechos mencionados pueden ejercerse mediante solicitud dirigida a nuestro Delegado de Protecci\u00f3n de Datos\u00a0 trav\u00e9s de la direcci\u00f3n<strong> rgpd@hst.cat.<\/strong><\/span><\/p>\n<p><span style=\"font-weight: 400;\">Asimismo, le comunicamos que puede presentar una reclamaci\u00f3n directamente ante la Agencia Espa\u00f1ola de Protecci\u00f3n de datos (agpd.es) u otra autoridad de control competente. Tambi\u00e9n puede obtener m\u00e1s informaci\u00f3n sobre los derechos que le asisten dirigi\u00e9ndose a los mencionados organismos.<\/span><\/p>\n<p>&nbsp;<\/p>\n<p><b>FORMULARIOS WEB<\/b><\/p>\n<p><span style=\"font-weight: 400;\">HST, informar\u00e1 de forma clara e intuitiva, los datos que ser\u00e1n obligatorias y necesarias aportar.<\/span><\/p>\n<p><span style=\"font-weight: 400;\">Mediante la indicaci\u00f3n e introducci\u00f3n de los datos, el usuario otorga el consentimiento inequ\u00edvoco a HST, para que proceda al tratamiento de los datos facilitados por las finalidades mencionadas.<\/span><\/p>\n<p><span style=\"font-weight: 400;\">El no facilitar los datos personales solicitados o el no aceptar la presente pol\u00edtica de protecci\u00f3n de datos supone la imposibilidad de suscribirse, registrarse o recibir informaci\u00f3n de los productos o servicios de HST.<\/span><\/p>\n<p><span style=\"font-weight: 400;\">De conformidad con lo dispuesto en las normativas vigentes en materia de protecci\u00f3n de datos personales, HST est\u00e1 cumpliendo con todas las disposiciones de las normativas RGPD y LOPD para el tratamiento de los datos personales de su responsabilidad, y manifiestamente con los principios descritos en el art. 5 del RGPD y al arte. 4 de la LOPD, los que son tratados de manera l\u00edcita, leal y transparente en relaci\u00f3n al interesado y adecuados, pertinentes y limitadas en relaci\u00f3n con la finalidad para la que son tratadas.<\/span><\/p>\n<p>&nbsp;<\/p>\n<p><b>CONTENIDOS Y ENLACES<\/b><\/p>\n<p><span style=\"font-weight: 400;\">HST se reserva el derecho a actualizar, modificar o eliminar la informaci\u00f3n contenida en sus distintas plataformas, pudiendo limitar o no permitir el acceso a la informaci\u00f3n.<\/span><\/p>\n<p><span style=\"font-weight: 400;\">Tampoco asume ning\u00fan tipo de responsabilidad por la informaci\u00f3n contenida en las webs y plataformas de terceros a las que se pueda acceder por \u00ablinks\u00bb o enlaces desde cualquier plataforma de HST.<\/span><\/p>\n<p><span style=\"font-weight: 400;\">La presencia de \u00ablinks\u00bb o enlaces s\u00f3lo tienen fines informativos y en ning\u00fan caso supone sugerencia, invitaci\u00f3n o reconocimiento sobre los mismos.<\/span><\/p>\n<p><span style=\"font-weight: 400;\">Le informamos igualmente, que las fotograf\u00edas que est\u00e9n colgadas en cualquier plataforma son propiedad de HST.<\/span><\/p>\n<p><b>CAMBIOS POL\u00cdTICA DE PRIVACIDAD<\/b><\/p>\n<p><span style=\"font-weight: 400;\">HST se reserva el derecho a modificar la presente pol\u00edtica para adaptarla a novedades legislativas o jurisprudenciales.<\/span><\/p>\n<p><b>CORREOS COMERCIALES<\/b><\/p>\n<p><span style=\"font-weight: 400;\">De acuerdo con la LSSICE, HST no realiza pr\u00e1cticas de SPAM, por lo tanto, no env\u00eda correos comerciales por correo electr\u00f3nico que no hayan sido previamente autorizados por el afectado o que resulten de tener contratado alg\u00fan servicio. En consecuencia, en cualquiera de los formularios que puedan aparecer en este sitio web y otras plataformas, el usuario tiene la posibilidad de dar su consentimiento expreso para recibir informaci\u00f3n de HST, con independencia de la informaci\u00f3n comercial puntualmente solicitada.<\/span><\/p>\n<p><b>LEGISLACI\u00d3N<\/b><\/p>\n<p><span style=\"font-weight: 400;\">Con car\u00e1cter general, las relaciones entre HST con los usuarios de cualquiera de sus servicios telem\u00e1ticos, est\u00e1n sometidos a la legislaci\u00f3n y jurisdicci\u00f3n espa\u00f1olas a la que se someten expresamente las partes, siendo competentes para la resoluci\u00f3n de todos los conflictos derivados o relacionados con su uso los Juzgados y Tribunales de Lleida.<\/span><\/p>\n<p>&nbsp;<\/p>\n<p>&nbsp;<\/p>\n","protected":false},"excerpt":{"rendered":"<p>OBJETO A HARDNET SYSTEMS INFORMATICA PROFESIONAL SLU (en adelante HST) trabajamos para garantizar la privacidad en el tratamiento de sus datos personales. En este sentido, hemos<span class=\"excerpt-hellip\"> [\u2026]<\/span><\/p>\n","protected":false},"author":2,"featured_media":0,"parent":0,"menu_order":0,"comment_status":"open","ping_status":"closed","template":"","meta":{"footnotes":""},"class_list":["post-1659","page","type-page","status-publish","hentry"],"yoast_head":"<!-- This site is optimized with the Yoast SEO plugin v27.5 - https:\/\/yoast.com\/product\/yoast-seo-wordpress\/ -->\n<title>Pol\u00edtica de privacidad<\/title>\n<meta name=\"description\" content=\"En cumplimiento de lo que dispone la Ley Org\u00e1nica 3\/2018, de 5 de diciembre de Protecci\u00f3n de Datos de Car\u00e1cter Personal y Garantia de los derechos digitales (LOPD GDD)\" \/>\n<meta name=\"robots\" content=\"index, follow, max-snippet:-1, max-image-preview:large, max-video-preview:-1\" \/>\n<link rel=\"canonical\" href=\"https:\/\/www.hst.cat\/es\/politica-de-privacidad\/\" \/>\n<meta property=\"og:locale\" content=\"es_ES\" \/>\n<meta property=\"og:type\" content=\"article\" \/>\n<meta property=\"og:title\" content=\"Pol\u00edtica de privacidad\" \/>\n<meta property=\"og:description\" content=\"En cumplimiento de lo que dispone la Ley Org\u00e1nica 3\/2018, de 5 de diciembre de Protecci\u00f3n de Datos de Car\u00e1cter Personal y Garantia de los derechos digitales (LOPD GDD)\" \/>\n<meta property=\"og:url\" content=\"https:\/\/www.hst.cat\/es\/politica-de-privacidad\/\" \/>\n<meta property=\"og:site_name\" content=\"Inform\u00e0tica Lleida HST\" \/>\n<meta property=\"article:modified_time\" content=\"2023-09-26T12:13:41+00:00\" \/>\n<meta name=\"twitter:label1\" content=\"Tiempo de lectura\" \/>\n\t<meta name=\"twitter:data1\" content=\"8 minutos\" \/>\n<script type=\"application\/ld+json\" class=\"yoast-schema-graph\">{\"@context\":\"https:\\\/\\\/schema.org\",\"@graph\":[{\"@type\":\"WebPage\",\"@id\":\"https:\\\/\\\/www.hst.cat\\\/es\\\/politica-de-privacidad\\\/\",\"url\":\"https:\\\/\\\/www.hst.cat\\\/es\\\/politica-de-privacidad\\\/\",\"name\":\"Pol\u00edtica de privacidad\",\"isPartOf\":{\"@id\":\"https:\\\/\\\/www.hst.cat\\\/#website\"},\"datePublished\":\"2015-01-26T22:26:54+00:00\",\"dateModified\":\"2023-09-26T12:13:41+00:00\",\"description\":\"En cumplimiento de lo que dispone la Ley Org\u00e1nica 3\\\/2018, de 5 de diciembre de Protecci\u00f3n de Datos de Car\u00e1cter Personal y Garantia de los derechos digitales (LOPD GDD)\",\"breadcrumb\":{\"@id\":\"https:\\\/\\\/www.hst.cat\\\/es\\\/politica-de-privacidad\\\/#breadcrumb\"},\"inLanguage\":\"es\",\"potentialAction\":[{\"@type\":\"ReadAction\",\"target\":[\"https:\\\/\\\/www.hst.cat\\\/es\\\/politica-de-privacidad\\\/\"]}]},{\"@type\":\"BreadcrumbList\",\"@id\":\"https:\\\/\\\/www.hst.cat\\\/es\\\/politica-de-privacidad\\\/#breadcrumb\",\"itemListElement\":[{\"@type\":\"ListItem\",\"position\":1,\"name\":\"Portada\",\"item\":\"https:\\\/\\\/www.hst.cat\\\/es\\\/\"},{\"@type\":\"ListItem\",\"position\":2,\"name\":\"Pol\u00edtica de Privacidad\"}]},{\"@type\":\"WebSite\",\"@id\":\"https:\\\/\\\/www.hst.cat\\\/#website\",\"url\":\"https:\\\/\\\/www.hst.cat\\\/\",\"name\":\"Inform\u00e0tica Lleida HST\",\"description\":\"Oferim serveis d\u2019inform\u00e0tica i noves tecnologies per empreses. Servei t\u00e8cnic, Web, Soft Gesti\u00f3, Xarxes, Consultoria\",\"potentialAction\":[{\"@type\":\"SearchAction\",\"target\":{\"@type\":\"EntryPoint\",\"urlTemplate\":\"https:\\\/\\\/www.hst.cat\\\/?s={search_term_string}\"},\"query-input\":{\"@type\":\"PropertyValueSpecification\",\"valueRequired\":true,\"valueName\":\"search_term_string\"}}],\"inLanguage\":\"es\"}]}<\/script>\n<!-- \/ Yoast SEO plugin. -->","yoast_head_json":{"title":"Pol\u00edtica de privacidad","description":"En cumplimiento de lo que dispone la Ley Org\u00e1nica 3\/2018, de 5 de diciembre de Protecci\u00f3n de Datos de Car\u00e1cter Personal y Garantia de los derechos digitales (LOPD GDD)","robots":{"index":"index","follow":"follow","max-snippet":"max-snippet:-1","max-image-preview":"max-image-preview:large","max-video-preview":"max-video-preview:-1"},"canonical":"https:\/\/www.hst.cat\/es\/politica-de-privacidad\/","og_locale":"es_ES","og_type":"article","og_title":"Pol\u00edtica de privacidad","og_description":"En cumplimiento de lo que dispone la Ley Org\u00e1nica 3\/2018, de 5 de diciembre de Protecci\u00f3n de Datos de Car\u00e1cter Personal y Garantia de los derechos digitales (LOPD GDD)","og_url":"https:\/\/www.hst.cat\/es\/politica-de-privacidad\/","og_site_name":"Inform\u00e0tica Lleida HST","article_modified_time":"2023-09-26T12:13:41+00:00","twitter_misc":{"Tiempo de lectura":"8 minutos"},"schema":{"@context":"https:\/\/schema.org","@graph":[{"@type":"WebPage","@id":"https:\/\/www.hst.cat\/es\/politica-de-privacidad\/","url":"https:\/\/www.hst.cat\/es\/politica-de-privacidad\/","name":"Pol\u00edtica de privacidad","isPartOf":{"@id":"https:\/\/www.hst.cat\/#website"},"datePublished":"2015-01-26T22:26:54+00:00","dateModified":"2023-09-26T12:13:41+00:00","description":"En cumplimiento de lo que dispone la Ley Org\u00e1nica 3\/2018, de 5 de diciembre de Protecci\u00f3n de Datos de Car\u00e1cter Personal y Garantia de los derechos digitales (LOPD GDD)","breadcrumb":{"@id":"https:\/\/www.hst.cat\/es\/politica-de-privacidad\/#breadcrumb"},"inLanguage":"es","potentialAction":[{"@type":"ReadAction","target":["https:\/\/www.hst.cat\/es\/politica-de-privacidad\/"]}]},{"@type":"BreadcrumbList","@id":"https:\/\/www.hst.cat\/es\/politica-de-privacidad\/#breadcrumb","itemListElement":[{"@type":"ListItem","position":1,"name":"Portada","item":"https:\/\/www.hst.cat\/es\/"},{"@type":"ListItem","position":2,"name":"Pol\u00edtica de Privacidad"}]},{"@type":"WebSite","@id":"https:\/\/www.hst.cat\/#website","url":"https:\/\/www.hst.cat\/","name":"Inform\u00e0tica Lleida HST","description":"Oferim serveis d\u2019inform\u00e0tica i noves tecnologies per empreses. Servei t\u00e8cnic, Web, Soft Gesti\u00f3, Xarxes, Consultoria","potentialAction":[{"@type":"SearchAction","target":{"@type":"EntryPoint","urlTemplate":"https:\/\/www.hst.cat\/?s={search_term_string}"},"query-input":{"@type":"PropertyValueSpecification","valueRequired":true,"valueName":"search_term_string"}}],"inLanguage":"es"}]}},"jetpack_shortlink":"https:\/\/wp.me\/P7Yfwy-qL","jetpack_sharing_enabled":true,"_links":{"self":[{"href":"https:\/\/www.hst.cat\/es\/wp-json\/wp\/v2\/pages\/1659","targetHints":{"allow":["GET"]}}],"collection":[{"href":"https:\/\/www.hst.cat\/es\/wp-json\/wp\/v2\/pages"}],"about":[{"href":"https:\/\/www.hst.cat\/es\/wp-json\/wp\/v2\/types\/page"}],"author":[{"embeddable":true,"href":"https:\/\/www.hst.cat\/es\/wp-json\/wp\/v2\/users\/2"}],"replies":[{"embeddable":true,"href":"https:\/\/www.hst.cat\/es\/wp-json\/wp\/v2\/comments?post=1659"}],"version-history":[{"count":14,"href":"https:\/\/www.hst.cat\/es\/wp-json\/wp\/v2\/pages\/1659\/revisions"}],"predecessor-version":[{"id":19822,"href":"https:\/\/www.hst.cat\/es\/wp-json\/wp\/v2\/pages\/1659\/revisions\/19822"}],"wp:attachment":[{"href":"https:\/\/www.hst.cat\/es\/wp-json\/wp\/v2\/media?parent=1659"}],"curies":[{"name":"wp","href":"https:\/\/api.w.org\/{rel}","templated":true}]}}