{"id":1680,"date":"2015-01-26T23:18:29","date_gmt":"2015-01-26T22:18:29","guid":{"rendered":"http:\/\/hst.cat\/adequacio-lopd-lleida-2\/"},"modified":"2022-03-25T11:00:09","modified_gmt":"2022-03-25T10:00:09","slug":"adecuacion-lopd-lleida","status":"publish","type":"page","link":"https:\/\/www.hst.cat\/es\/adecuacion-lopd-lleida\/","title":{"rendered":"Adecuaci\u00f3n LOPD"},"content":{"rendered":"<div class=\"wpb-content-wrapper\"><p>[vc_row][vc_column width=\u00bb1\/2&#8243;][vc_single_image image=\u00bb753&#8243; img_size=\u00bbfull\u00bb alignment=\u00bbcenter\u00bb css_animation=\u00bbleft-to-right\u00bb][\/vc_column][vc_column width=\u00bb1\/2&#8243;][vc_column_text]<\/p>\n<h3>\u00bfQu\u00e9 es la LOPD GDD?<\/h3>\n<p>La Ley Org\u00e1nica de Protecci\u00f3n de Datos Personales y garant\u00eda de los Derechos Digitatles (LOPD GDD) es de obligado cumplimiento para todas las empresas, entidades\u00a0 y profesionales que, en el desarrollo de su actividad , traten datos de car\u00e1cter personal.<\/p>\n<p>El objetivo de esta nueva LOPD, a parte de adecuar la legislaci\u00f3n espa\u00f1ola al nuevo reglamento europeo de protecci\u00f3n de\u00a0 datos, es garantizar la protecci\u00f3n de los datos personales de las personas f\u00edsicas.<\/p>\n<p>[\/vc_column_text][\/vc_column][\/vc_row][vc_row][vc_column width=\u00bb2\/3&#8243; css=\u00bb.vc_custom_1422807004299{padding-right: 60px !important;}\u00bb][vc_column_text css=\u00bb.vc_custom_1551174354805{margin-bottom: 55px !important;}\u00bb]<\/p>\n<h4>Adecuaci\u00f3n a la nueva LOPD<\/h4>\n<p>Ofrecemos una soluci\u00f3n integral de adecuaci\u00f3n a la LOPD, proporcionando un servicio adaptado a las necesidades de cada cliente, formaci\u00f3n, seguimiento, auditor\u00eda anual y, por tanto, la m\u00e1xima garant\u00eda de una verdadera adaptaci\u00f3n. Si quieres adaptarte a la nueva LOPD o necesitas una consultor\u00eda para la LOPD en Lleida, contacta con HST.<\/p>\n<h4>Obligaciones legales<\/h4>\n<p>La LOPD GDD, a su vez, establece una serie de obligaciones legales a las que deben hacer frente los empresarios y que podemos resumir en:<\/p>\n<ul>\n<li><b>Registro de actividades de tratamiento<\/b><\/li>\n<li><b>An\u00e1lisis de riesgos y avaluaci\u00f3n de impacto, si \u00e9procede<\/b><\/li>\n<li><b>Adopci\u00f3n de las medidas de seguridad adecuadas<\/b><\/li>\n<li><strong>Nuevos derechos de los afectados<\/strong><\/li>\n<li><strong>Designaci\u00f3n de un Delegado de Protecci\u00f3n de Datos, si procede<\/strong><\/li>\n<li><b>Contratos\u00a0 con terceros y cl\u00e1usulas<\/b><\/li>\n<\/ul>\n<h4><\/h4>\n<h4><b>Razones para adecuarse a la LOPD <\/b><\/h4>\n<p><b>Obligatoriedad <\/b><\/p>\n<p>Todas las empresas que realicen tratamiento de datos personales deben cumplir con lo establecido en la Ley Org\u00e1nica 3\/2018, de 5 de diciembre, de Protecci\u00f3n de Datos personales y garant\u00eda de los Derechos Digitales.<\/p>\n<p><b><b>Evitar sanciones por incumplimiento <\/b><\/b><\/p>\n<p>El incumplimiento de la Ley de Protecci\u00f3n de Datos conlleva sanciones que, en funci\u00f3n a la gravedad de la infracci\u00f3n, pueden oscilar entre el 2% y el 4% del volumen del negocio anual del ejercicio anterior.<\/p>\n<p><b><b>Mejorar la imagen de marca de la empresa <\/b><\/b><\/p>\n<p>La adaptaci\u00f3n y cumplimiento de la LOPD aporta a las empresas una imagen de profesionalidad y rigor que es gratamente valorada y percibida tanto por sus clientes como por sus proveedores, ya que los transmite seriedad y confianza.<\/p>\n<p><b><b>Incrementar la seguridad de los sistemas de trabajo <\/b><\/b><\/p>\n<p>Mediante las auditor\u00edas, que se realizan peri\u00f3dicamente, la empresa puede conocer el grado de seguridad y eficiencia que tienen sus sistemas, as\u00ed como todas aquellas posibles incidencias que pueden producir la p\u00e9rdida y \/ o vulneraci\u00f3n de datos.[\/vc_column_text]<div class=\"infobox\" ><h3 class=\"title \">Confianos la adecuaci\u00f3n y mantenimiento de la LOPD de tu empresa y ded\u00edcate tranquilamente a tus negocios.<\/h3><div class=\"infobox_wrapper\"><span class=\"ib-desc\"><\/p>\n<ul>\n<li>Analisis de datos y diagn\u00f3stico<\/li>\n<li>Registro de Actividades de tratamiento<\/li>\n<li>Documento de Seguridad<\/li>\n<li>Formaci\u00f3n y concienciaci\u00f3n del personal<\/li>\n<li>Seguimiento y auditor\u00edas<\/li>\n<\/ul>\n<p><\/span><\/div><\/div>\n[\/vc_column][vc_column width=\u00bb1\/3&#8243;]\n<div class=\"wpcf7 no-js\" id=\"wpcf7-f1621-o1\" lang=\"es-ES\" dir=\"ltr\" data-wpcf7-id=\"1621\">\n<div class=\"screen-reader-response\"><p role=\"status\" aria-live=\"polite\" aria-atomic=\"true\"><\/p> <ul><\/ul><\/div>\n<form action=\"\/es\/wp-json\/wp\/v2\/pages\/1680#wpcf7-f1621-o1\" method=\"post\" class=\"wpcf7-form init\" aria-label=\"Formulario de contacto\" novalidate=\"novalidate\" data-status=\"init\">\n<fieldset class=\"hidden-fields-container\"><input type=\"hidden\" name=\"_wpcf7\" value=\"1621\" \/><input type=\"hidden\" name=\"_wpcf7_version\" value=\"6.1.5\" \/><input type=\"hidden\" name=\"_wpcf7_locale\" value=\"es_ES\" \/><input type=\"hidden\" name=\"_wpcf7_unit_tag\" value=\"wpcf7-f1621-o1\" \/><input type=\"hidden\" name=\"_wpcf7_container_post\" value=\"0\" \/><input type=\"hidden\" name=\"_wpcf7_posted_data_hash\" value=\"\" \/><input type=\"hidden\" name=\"_wpcf7cf_hidden_group_fields\" value=\"[]\" \/><input type=\"hidden\" name=\"_wpcf7cf_hidden_groups\" value=\"[]\" \/><input type=\"hidden\" name=\"_wpcf7cf_visible_groups\" value=\"[]\" \/><input type=\"hidden\" name=\"_wpcf7cf_repeaters\" value=\"[]\" \/><input type=\"hidden\" name=\"_wpcf7cf_steps\" value=\"{}\" \/><input type=\"hidden\" name=\"_wpcf7cf_options\" value=\"{&quot;form_id&quot;:1621,&quot;conditions&quot;:[],&quot;settings&quot;:{&quot;animation&quot;:&quot;yes&quot;,&quot;animation_intime&quot;:200,&quot;animation_outtime&quot;:200,&quot;conditions_ui&quot;:&quot;normal&quot;,&quot;notice_dismissed&quot;:false,&quot;notice_dismissed_rollback-cf7-5.9.2&quot;:true,&quot;notice_dismissed_rollback-cf7-5.9.4&quot;:true,&quot;notice_dismissed_rollback-cf7-5.9.5&quot;:true,&quot;notice_dismissed_rollback-cf7-5.9.6&quot;:true,&quot;notice_dismissed_update-cf7-6.1.4&quot;:true}}\" \/><input type=\"hidden\" name=\"_wpcf7_recaptcha_response\" value=\"\" \/>\n<\/fieldset>\n<p><span class=\"wpcf7-form-control-wrap\" data-name=\"your-name\"><input size=\"40\" maxlength=\"400\" class=\"wpcf7-form-control wpcf7-text wpcf7-validates-as-required\" aria-required=\"true\" aria-invalid=\"false\" placeholder=\"Nombre\" value=\"\" type=\"text\" name=\"your-name\" \/><\/span>\n<\/p>\n<p><span class=\"wpcf7-form-control-wrap\" data-name=\"your-email\"><input size=\"40\" maxlength=\"400\" class=\"wpcf7-form-control wpcf7-email wpcf7-validates-as-required wpcf7-text wpcf7-validates-as-email\" aria-required=\"true\" aria-invalid=\"false\" placeholder=\"Email\" value=\"\" type=\"email\" name=\"your-email\" \/><\/span>\n<\/p>\n<p><span class=\"wpcf7-form-control-wrap\" data-name=\"your-message\"><textarea cols=\"40\" rows=\"10\" maxlength=\"2000\" class=\"wpcf7-form-control wpcf7-textarea\" aria-invalid=\"false\" placeholder=\"Mensaje\" name=\"your-message\"><\/textarea><\/span>\n<\/p>\n<p><span style=\"font-size:13px;\"><br \/>\nTratamos los datos que nos facilita con el fin de dar respuesta a la consulta sobre nuestros productos y servicios por cualquier medio (postal, email o tel\u00e9fono). Los datos proporcionados se conservar\u00e1n mientras no solicite el cese de la actividad. Los datos no se ceder\u00e1n a terceros salvo en los casos en que exista una obligaci\u00f3n legal. Usted tiene derecho a obtener confirmaci\u00f3n sobre si en HST estamos tratando sus datos personales por tanto tiene derecho a acceder a sus datos personales, rectificar los datos inexactos o solicitar su supresi\u00f3n cuando los datos ya no sean necesarios para los fines que fueron recogidos.<\/span>\n<\/p>\n<p><span style=\"font-size:13px;\"><br \/>\nDesea recibir comunicados de marketing de HST por correo electr\u00f3nico y entendiendo que sus datos personales se tratar\u00e1n como la <a href=\"\/politica-de-privacitat\/\" target=\"_blank\">pol\u00edtica de privacidad<\/a> <\/span>\n<\/p>\n<p><span class=\"wpcf7-form-control-wrap\" data-name=\"RGPD-accepto\"><span class=\"wpcf7-form-control wpcf7-checkbox wpcf7-validates-as-required wpcf7-exclusive-checkbox\"><span class=\"wpcf7-list-item first\"><label><input type=\"checkbox\" name=\"RGPD-accepto\" value=\"Si\" \/><span class=\"wpcf7-list-item-label\">Si<\/span><\/label><\/span><span class=\"wpcf7-list-item last\"><label><input type=\"checkbox\" name=\"RGPD-accepto\" value=\"No, gracias\" \/><span class=\"wpcf7-list-item-label\">No, gracias<\/span><\/label><\/span><\/span><\/span>\n<\/p>\n<p><br clear=\"all\" \/>\n<\/p>\n<p>\n\n<\/p>\n<p><input class=\"wpcf7-form-control wpcf7-submit has-spinner\" type=\"submit\" value=\"Enviar\" \/>\n<\/p><div class=\"wpcf7-response-output\" aria-hidden=\"true\"><\/div>\n<\/form>\n<\/div>\n<div class=\"icon_box icon_position_top no_border\"><a class=\"\" href=\"https:\/\/www.apcpd.es\/\"   title=\"\"><div class=\"image_wrapper\"><img class=\"scale-with-grid mfn-lazy\" data-src=\"https:\/\/i0.wp.com\/www.hst.cat\/wp-content\/uploads\/logo-apcpd-completo-200x72-sticky.png?fit=200%2C72&#038;ssl=1\" alt=\"Adecuaci\u00f3n LOPD\" width=\"\" height=\"\"\/><\/div><div class=\"desc_wrapper\"><h4 class=\"title \">Somos miembros de la ApCpD<\/h4><div class=\"desc\">Asociaci\u00f3n Profesional de Consultores de Protecci\u00f3n de Datos<\/div><\/div><\/a><\/div>\n[\/vc_column][\/vc_row][vc_row][vc_column][vc_column_text]<strong>Quiz\u00e1s estabas buscando :<\/strong><\/p>\n<p><i>Adecuaci\u00f3n LOPD Lleida, Consultor\u00eda LOPD Lleida, Auditor\u00eda LOPD Lleida, Adaptar LOPD Lleida, revisi\u00f3n LOPD Lleida, Adecuaci\u00f3n nueva LOPD Lleida, Delegado de Protecci\u00f3n de Datos Lleida<\/i>[\/vc_column_text][\/vc_column][\/vc_row]<\/p>\n<\/div>","protected":false},"excerpt":{"rendered":"<p>[vc_row][vc_column width=\u00bb1\/2&#8243;][vc_single_image image=\u00bb753&#8243; img_size=\u00bbfull\u00bb alignment=\u00bbcenter\u00bb css_animation=\u00bbleft-to-right\u00bb][\/vc_column][vc_column width=\u00bb1\/2&#8243;][vc_column_text] \u00bfQu\u00e9 es la LOPD GDD? La Ley Org\u00e1nica de Protecci\u00f3n de Datos Personales y garant\u00eda de los Derechos Digitatles<span class=\"excerpt-hellip\"> [\u2026]<\/span><\/p>\n","protected":false},"author":2,"featured_media":0,"parent":0,"menu_order":0,"comment_status":"open","ping_status":"closed","template":"","meta":{"footnotes":""},"class_list":["post-1680","page","type-page","status-publish","hentry"],"yoast_head":"<!-- This site is optimized with the Yoast SEO plugin v27.5 - https:\/\/yoast.com\/product\/yoast-seo-wordpress\/ -->\n<title>Adecuaci\u00f3n LOPD Lleida, Consultor\u00eda , Auditor\u00eda, Adaptaci\u00f3n<\/title>\n<meta name=\"description\" content=\"Adaptaci\u00f3n y soporte LOPD de su empresa seg\u00fan su necesidades\" \/>\n<meta name=\"robots\" content=\"index, follow, max-snippet:-1, max-image-preview:large, max-video-preview:-1\" \/>\n<link rel=\"canonical\" href=\"https:\/\/www.hst.cat\/es\/adecuacion-lopd-lleida\/\" \/>\n<meta property=\"og:locale\" content=\"es_ES\" \/>\n<meta property=\"og:type\" content=\"article\" \/>\n<meta property=\"og:title\" content=\"Adecuaci\u00f3n LOPD Lleida, Consultor\u00eda , Auditor\u00eda, Adaptaci\u00f3n\" \/>\n<meta property=\"og:description\" content=\"Adaptaci\u00f3n y soporte LOPD de su empresa seg\u00fan su necesidades\" \/>\n<meta property=\"og:url\" content=\"https:\/\/www.hst.cat\/es\/adecuacion-lopd-lleida\/\" \/>\n<meta property=\"og:site_name\" content=\"Inform\u00e0tica Lleida HST\" \/>\n<meta property=\"article:modified_time\" content=\"2022-03-25T10:00:09+00:00\" \/>\n<meta name=\"twitter:label1\" content=\"Tiempo de lectura\" \/>\n\t<meta name=\"twitter:data1\" content=\"3 minutos\" \/>\n<script type=\"application\/ld+json\" class=\"yoast-schema-graph\">{\"@context\":\"https:\\\/\\\/schema.org\",\"@graph\":[{\"@type\":\"WebPage\",\"@id\":\"https:\\\/\\\/www.hst.cat\\\/es\\\/adecuacion-lopd-lleida\\\/\",\"url\":\"https:\\\/\\\/www.hst.cat\\\/es\\\/adecuacion-lopd-lleida\\\/\",\"name\":\"Adecuaci\u00f3n LOPD Lleida, Consultor\u00eda , Auditor\u00eda, Adaptaci\u00f3n\",\"isPartOf\":{\"@id\":\"https:\\\/\\\/www.hst.cat\\\/#website\"},\"datePublished\":\"2015-01-26T22:18:29+00:00\",\"dateModified\":\"2022-03-25T10:00:09+00:00\",\"description\":\"Adaptaci\u00f3n y soporte LOPD de su empresa seg\u00fan su necesidades\",\"breadcrumb\":{\"@id\":\"https:\\\/\\\/www.hst.cat\\\/es\\\/adecuacion-lopd-lleida\\\/#breadcrumb\"},\"inLanguage\":\"es\",\"potentialAction\":[{\"@type\":\"ReadAction\",\"target\":[\"https:\\\/\\\/www.hst.cat\\\/es\\\/adecuacion-lopd-lleida\\\/\"]}]},{\"@type\":\"BreadcrumbList\",\"@id\":\"https:\\\/\\\/www.hst.cat\\\/es\\\/adecuacion-lopd-lleida\\\/#breadcrumb\",\"itemListElement\":[{\"@type\":\"ListItem\",\"position\":1,\"name\":\"Portada\",\"item\":\"https:\\\/\\\/www.hst.cat\\\/es\\\/\"},{\"@type\":\"ListItem\",\"position\":2,\"name\":\"Adecuaci\u00f3n LOPD\"}]},{\"@type\":\"WebSite\",\"@id\":\"https:\\\/\\\/www.hst.cat\\\/#website\",\"url\":\"https:\\\/\\\/www.hst.cat\\\/\",\"name\":\"Inform\u00e0tica Lleida HST\",\"description\":\"Oferim serveis d\u2019inform\u00e0tica i noves tecnologies per empreses. Servei t\u00e8cnic, Web, Soft Gesti\u00f3, Xarxes, Consultoria\",\"potentialAction\":[{\"@type\":\"SearchAction\",\"target\":{\"@type\":\"EntryPoint\",\"urlTemplate\":\"https:\\\/\\\/www.hst.cat\\\/?s={search_term_string}\"},\"query-input\":{\"@type\":\"PropertyValueSpecification\",\"valueRequired\":true,\"valueName\":\"search_term_string\"}}],\"inLanguage\":\"es\"}]}<\/script>\n<!-- \/ Yoast SEO plugin. -->","yoast_head_json":{"title":"Adecuaci\u00f3n LOPD Lleida, Consultor\u00eda , Auditor\u00eda, Adaptaci\u00f3n","description":"Adaptaci\u00f3n y soporte LOPD de su empresa seg\u00fan su necesidades","robots":{"index":"index","follow":"follow","max-snippet":"max-snippet:-1","max-image-preview":"max-image-preview:large","max-video-preview":"max-video-preview:-1"},"canonical":"https:\/\/www.hst.cat\/es\/adecuacion-lopd-lleida\/","og_locale":"es_ES","og_type":"article","og_title":"Adecuaci\u00f3n LOPD Lleida, Consultor\u00eda , Auditor\u00eda, Adaptaci\u00f3n","og_description":"Adaptaci\u00f3n y soporte LOPD de su empresa seg\u00fan su necesidades","og_url":"https:\/\/www.hst.cat\/es\/adecuacion-lopd-lleida\/","og_site_name":"Inform\u00e0tica Lleida HST","article_modified_time":"2022-03-25T10:00:09+00:00","twitter_misc":{"Tiempo de lectura":"3 minutos"},"schema":{"@context":"https:\/\/schema.org","@graph":[{"@type":"WebPage","@id":"https:\/\/www.hst.cat\/es\/adecuacion-lopd-lleida\/","url":"https:\/\/www.hst.cat\/es\/adecuacion-lopd-lleida\/","name":"Adecuaci\u00f3n LOPD Lleida, Consultor\u00eda , Auditor\u00eda, Adaptaci\u00f3n","isPartOf":{"@id":"https:\/\/www.hst.cat\/#website"},"datePublished":"2015-01-26T22:18:29+00:00","dateModified":"2022-03-25T10:00:09+00:00","description":"Adaptaci\u00f3n y soporte LOPD de su empresa seg\u00fan su necesidades","breadcrumb":{"@id":"https:\/\/www.hst.cat\/es\/adecuacion-lopd-lleida\/#breadcrumb"},"inLanguage":"es","potentialAction":[{"@type":"ReadAction","target":["https:\/\/www.hst.cat\/es\/adecuacion-lopd-lleida\/"]}]},{"@type":"BreadcrumbList","@id":"https:\/\/www.hst.cat\/es\/adecuacion-lopd-lleida\/#breadcrumb","itemListElement":[{"@type":"ListItem","position":1,"name":"Portada","item":"https:\/\/www.hst.cat\/es\/"},{"@type":"ListItem","position":2,"name":"Adecuaci\u00f3n LOPD"}]},{"@type":"WebSite","@id":"https:\/\/www.hst.cat\/#website","url":"https:\/\/www.hst.cat\/","name":"Inform\u00e0tica Lleida HST","description":"Oferim serveis d\u2019inform\u00e0tica i noves tecnologies per empreses. Servei t\u00e8cnic, Web, Soft Gesti\u00f3, Xarxes, Consultoria","potentialAction":[{"@type":"SearchAction","target":{"@type":"EntryPoint","urlTemplate":"https:\/\/www.hst.cat\/?s={search_term_string}"},"query-input":{"@type":"PropertyValueSpecification","valueRequired":true,"valueName":"search_term_string"}}],"inLanguage":"es"}]}},"jetpack_shortlink":"https:\/\/wp.me\/P7Yfwy-r6","jetpack_sharing_enabled":true,"_links":{"self":[{"href":"https:\/\/www.hst.cat\/es\/wp-json\/wp\/v2\/pages\/1680","targetHints":{"allow":["GET"]}}],"collection":[{"href":"https:\/\/www.hst.cat\/es\/wp-json\/wp\/v2\/pages"}],"about":[{"href":"https:\/\/www.hst.cat\/es\/wp-json\/wp\/v2\/types\/page"}],"author":[{"embeddable":true,"href":"https:\/\/www.hst.cat\/es\/wp-json\/wp\/v2\/users\/2"}],"replies":[{"embeddable":true,"href":"https:\/\/www.hst.cat\/es\/wp-json\/wp\/v2\/comments?post=1680"}],"version-history":[{"count":5,"href":"https:\/\/www.hst.cat\/es\/wp-json\/wp\/v2\/pages\/1680\/revisions"}],"predecessor-version":[{"id":7419,"href":"https:\/\/www.hst.cat\/es\/wp-json\/wp\/v2\/pages\/1680\/revisions\/7419"}],"wp:attachment":[{"href":"https:\/\/www.hst.cat\/es\/wp-json\/wp\/v2\/media?parent=1680"}],"curies":[{"name":"wp","href":"https:\/\/api.w.org\/{rel}","templated":true}]}}