{"id":1690,"date":"2015-01-26T23:00:53","date_gmt":"2015-01-26T22:00:53","guid":{"rendered":"http:\/\/hst.cat\/consultoria-cloud-lleida-2\/"},"modified":"2023-11-20T20:18:09","modified_gmt":"2023-11-20T19:18:09","slug":"consultoria-cloud-lleida","status":"publish","type":"page","link":"https:\/\/www.hst.cat\/es\/consultoria-cloud-lleida\/","title":{"rendered":"Consultor\u00eda Cloud para Pymes"},"content":{"rendered":"<div class=\"wpb-content-wrapper\"><p>[vc_row][vc_column css=\u00bb.vc_custom_1422807004299{padding-right: 60px !important;}\u00bb][vc_column_text]<\/p>\n<h3><strong><b>\u00bfTe encuentras perdido en\u00a0\u00abla nube\u00bb de aplicaciones y servicios que te ofrece el cloud computing?<\/b><\/strong><\/h3>\n<p>[\/vc_column_text][vc_column_text]En HST te asesoramos, te ayudamos a escoger y a poner en marcha las soluciones cloud que necesites para tu negocio desde como gestionar a nivel empresarial aplicaciones sencillas como Teams, Google Meet, Zoom , Google Workspace, Microsoft 365, Trello, etc. hasta la puesta en marcha de la m\u00e1s compleja infraestructura de servidores y escritorios virtuales, as\u00ed como plataformas de comunicaciones.<\/p>\n<p>Te ayudamos a integrar todos estos servicios en tus diferentes dispositivos como tel\u00e9fonos inteligentes, tabletes, Pcs, etc. construyendo una plataforma de trabajo que te benefic\u00ede y te ayude a tu tarea di\u00e1ria.<\/p>\n<p><b>Asesoramiento<\/b><\/p>\n<p>Un\u00a0asesoramiento profesional sobre esta nueva plataforma te ayudar\u00e1 a sacar el mayor provecho de la misma sin poner en peligro la seguridad de tus datos.[\/vc_column_text][vc_row_inner][vc_column_inner width=\u00bb1\/3&#8243;]<div class=\"icon_box icon_position_top no_border\"><div class=\"icon_wrapper\"><div class=\"icon\"><i class=\"icon-money-line\" aria-hidden=\"true\"><\/i><\/div><\/div><div class=\"desc_wrapper\"><h4 class=\"title \">Reducci\u00f3n de costes<\/h4><div class=\"desc\">En infraestructura de servidores y servicios de soporte especializados<\/div><\/div><\/div>\n[\/vc_column_inner][vc_column_inner width=\u00bb1\/3&#8243;]<div class=\"icon_box icon_position_top no_border\"><div class=\"icon_wrapper\"><div class=\"icon\"><i class=\"icon-globe\" aria-hidden=\"true\"><\/i><\/div><\/div><div class=\"desc_wrapper\"><h4 class=\"title \">Acceso a datos<\/h4><div class=\"desc\">Accesibilidad desde cualquier ubicaci\u00f3n y dispositivo con conexiones a internet<\/div><\/div><\/div>\n[\/vc_column_inner][vc_column_inner width=\u00bb1\/3&#8243;]<div class=\"icon_box icon_position_top no_border\"><div class=\"icon_wrapper\"><div class=\"icon\"><i class=\"icon-hourglass\" aria-hidden=\"true\"><\/i><\/div><\/div><div class=\"desc_wrapper\"><h4 class=\"title \">Disponibilidad<\/h4><div class=\"desc\">Disponibilidad del sistema muy elevada, al estar alojadas las aplicaciones en equipos muy potentes y redundantes<\/div><\/div><\/div>\n[\/vc_column_inner][\/vc_row_inner][vc_row_inner][vc_column_inner width=\u00bb1\/3&#8243;]<div class=\"icon_box icon_position_top no_border\"><div class=\"icon_wrapper\"><div class=\"icon\"><i class=\"icon-lock-line\" aria-hidden=\"true\"><\/i><\/div><\/div><div class=\"desc_wrapper\"><h4 class=\"title \">Seguridad<\/h4><div class=\"desc\">Los servidores estan alojados en datacenters con la m\u00e1xima seguridad<\/div><\/div><\/div>\n[\/vc_column_inner][vc_column_inner width=\u00bb1\/3&#8243;]<div class=\"icon_box icon_position_top no_border\"><div class=\"icon_wrapper\"><div class=\"icon\"><i class=\"icon-chart-area\" aria-hidden=\"true\"><\/i><\/div><\/div><div class=\"desc_wrapper\"><h4 class=\"title \">Aumento de productividad<\/h4><div class=\"desc\">Gracias a la optimizaci\u00f3n<\/div><\/div><\/div>\n[\/vc_column_inner][vc_column_inner width=\u00bb1\/3&#8243;]<div class=\"icon_box icon_position_top no_border\"><div class=\"icon_wrapper\"><div class=\"icon\"><i class=\"icon-ccw\" aria-hidden=\"true\"><\/i><\/div><\/div><div class=\"desc_wrapper\"><h4 class=\"title \">Software<\/h4><div class=\"desc\">Siempre actualizado<\/div><\/div><\/div>\n[\/vc_column_inner][\/vc_row_inner][vc_column_text]Almacenamiento accesible desde cualquier dispositivo, programas de gesti\u00f3n empresarial, paquetes ofim\u00e1ticos, comunicaciones, etc. La nube puede hacer mucho por tu negocio.<\/p>\n<p>Sin licencias de programas, sin software espec\u00edficos, sin necesidad de un \u00fanico servidor&#8230; El Cloud computing ha irrumpido como una nueva forma de trabajar especialmente \u00fatil para pymes y aut\u00f3nomos.<\/p>\n<h3><\/h3>\n<h4><\/h4>\n<p>[\/vc_column_text][\/vc_column][\/vc_row][vc_row][vc_column][vc_column_text]<\/p>\n<p><strong>Quiz\u00e1s estabas buscando :<\/strong><\/p>\n<p><em><span data-sheets-value=\"[null,2,&quot;Consltor\\u00eda Cloud Lleida, Buscar aplicaci\\u00f3n Cloud&quot;]\" data-sheets-userformat=\"[null,null,513,[null,0],null,null,null,null,null,null,null,null,0]\">Consultor\u00eda Cloud Lleida, Buscar aplicaci\u00f3n Cloud<\/span><\/em>[\/vc_column_text][\/vc_column][\/vc_row]<\/p>\n<\/div>","protected":false},"excerpt":{"rendered":"<p>[vc_row][vc_column css=\u00bb.vc_custom_1422807004299{padding-right: 60px !important;}\u00bb][vc_column_text] \u00bfTe encuentras perdido en\u00a0\u00abla nube\u00bb de aplicaciones y servicios que te ofrece el cloud computing? [\/vc_column_text][vc_column_text]En HST te asesoramos, te ayudamos a<span class=\"excerpt-hellip\"> [\u2026]<\/span><\/p>\n","protected":false},"author":2,"featured_media":0,"parent":0,"menu_order":0,"comment_status":"open","ping_status":"closed","template":"","meta":{"footnotes":""},"class_list":["post-1690","page","type-page","status-publish","hentry"],"yoast_head":"<!-- This site is optimized with the Yoast SEO plugin v27.5 - https:\/\/yoast.com\/product\/yoast-seo-wordpress\/ -->\n<title>Consultor\u00eda Cloud Lleida<\/title>\n<meta name=\"description\" content=\"Asesoramos, ayudamos a escoger y a poner en marcha las soluciones cloud que necesites para tu negocio\" \/>\n<meta name=\"robots\" content=\"index, follow, max-snippet:-1, max-image-preview:large, max-video-preview:-1\" \/>\n<link rel=\"canonical\" href=\"https:\/\/www.hst.cat\/es\/consultoria-cloud-lleida\/\" \/>\n<meta property=\"og:locale\" content=\"es_ES\" \/>\n<meta property=\"og:type\" content=\"article\" \/>\n<meta property=\"og:title\" content=\"Consultor\u00eda Cloud Lleida\" \/>\n<meta property=\"og:description\" content=\"Asesoramos, ayudamos a escoger y a poner en marcha las soluciones cloud que necesites para tu negocio\" \/>\n<meta property=\"og:url\" content=\"https:\/\/www.hst.cat\/es\/consultoria-cloud-lleida\/\" \/>\n<meta property=\"og:site_name\" content=\"Inform\u00e0tica Lleida HST\" \/>\n<meta property=\"article:modified_time\" content=\"2023-11-20T19:18:09+00:00\" \/>\n<meta name=\"twitter:label1\" content=\"Tiempo de lectura\" \/>\n\t<meta name=\"twitter:data1\" content=\"2 minutos\" \/>\n<script type=\"application\/ld+json\" class=\"yoast-schema-graph\">{\"@context\":\"https:\\\/\\\/schema.org\",\"@graph\":[{\"@type\":\"WebPage\",\"@id\":\"https:\\\/\\\/www.hst.cat\\\/es\\\/consultoria-cloud-lleida\\\/\",\"url\":\"https:\\\/\\\/www.hst.cat\\\/es\\\/consultoria-cloud-lleida\\\/\",\"name\":\"Consultor\u00eda Cloud Lleida\",\"isPartOf\":{\"@id\":\"https:\\\/\\\/www.hst.cat\\\/#website\"},\"datePublished\":\"2015-01-26T22:00:53+00:00\",\"dateModified\":\"2023-11-20T19:18:09+00:00\",\"description\":\"Asesoramos, ayudamos a escoger y a poner en marcha las soluciones cloud que necesites para tu negocio\",\"breadcrumb\":{\"@id\":\"https:\\\/\\\/www.hst.cat\\\/es\\\/consultoria-cloud-lleida\\\/#breadcrumb\"},\"inLanguage\":\"es\",\"potentialAction\":[{\"@type\":\"ReadAction\",\"target\":[\"https:\\\/\\\/www.hst.cat\\\/es\\\/consultoria-cloud-lleida\\\/\"]}]},{\"@type\":\"BreadcrumbList\",\"@id\":\"https:\\\/\\\/www.hst.cat\\\/es\\\/consultoria-cloud-lleida\\\/#breadcrumb\",\"itemListElement\":[{\"@type\":\"ListItem\",\"position\":1,\"name\":\"Portada\",\"item\":\"https:\\\/\\\/www.hst.cat\\\/es\\\/\"},{\"@type\":\"ListItem\",\"position\":2,\"name\":\"Consultor\u00eda Cloud para Pymes\"}]},{\"@type\":\"WebSite\",\"@id\":\"https:\\\/\\\/www.hst.cat\\\/#website\",\"url\":\"https:\\\/\\\/www.hst.cat\\\/\",\"name\":\"Inform\u00e0tica Lleida HST\",\"description\":\"Oferim serveis d\u2019inform\u00e0tica i noves tecnologies per empreses. Servei t\u00e8cnic, Web, Soft Gesti\u00f3, Xarxes, Consultoria\",\"potentialAction\":[{\"@type\":\"SearchAction\",\"target\":{\"@type\":\"EntryPoint\",\"urlTemplate\":\"https:\\\/\\\/www.hst.cat\\\/?s={search_term_string}\"},\"query-input\":{\"@type\":\"PropertyValueSpecification\",\"valueRequired\":true,\"valueName\":\"search_term_string\"}}],\"inLanguage\":\"es\"}]}<\/script>\n<!-- \/ Yoast SEO plugin. -->","yoast_head_json":{"title":"Consultor\u00eda Cloud Lleida","description":"Asesoramos, ayudamos a escoger y a poner en marcha las soluciones cloud que necesites para tu negocio","robots":{"index":"index","follow":"follow","max-snippet":"max-snippet:-1","max-image-preview":"max-image-preview:large","max-video-preview":"max-video-preview:-1"},"canonical":"https:\/\/www.hst.cat\/es\/consultoria-cloud-lleida\/","og_locale":"es_ES","og_type":"article","og_title":"Consultor\u00eda Cloud Lleida","og_description":"Asesoramos, ayudamos a escoger y a poner en marcha las soluciones cloud que necesites para tu negocio","og_url":"https:\/\/www.hst.cat\/es\/consultoria-cloud-lleida\/","og_site_name":"Inform\u00e0tica Lleida HST","article_modified_time":"2023-11-20T19:18:09+00:00","twitter_misc":{"Tiempo de lectura":"2 minutos"},"schema":{"@context":"https:\/\/schema.org","@graph":[{"@type":"WebPage","@id":"https:\/\/www.hst.cat\/es\/consultoria-cloud-lleida\/","url":"https:\/\/www.hst.cat\/es\/consultoria-cloud-lleida\/","name":"Consultor\u00eda Cloud Lleida","isPartOf":{"@id":"https:\/\/www.hst.cat\/#website"},"datePublished":"2015-01-26T22:00:53+00:00","dateModified":"2023-11-20T19:18:09+00:00","description":"Asesoramos, ayudamos a escoger y a poner en marcha las soluciones cloud que necesites para tu negocio","breadcrumb":{"@id":"https:\/\/www.hst.cat\/es\/consultoria-cloud-lleida\/#breadcrumb"},"inLanguage":"es","potentialAction":[{"@type":"ReadAction","target":["https:\/\/www.hst.cat\/es\/consultoria-cloud-lleida\/"]}]},{"@type":"BreadcrumbList","@id":"https:\/\/www.hst.cat\/es\/consultoria-cloud-lleida\/#breadcrumb","itemListElement":[{"@type":"ListItem","position":1,"name":"Portada","item":"https:\/\/www.hst.cat\/es\/"},{"@type":"ListItem","position":2,"name":"Consultor\u00eda Cloud para Pymes"}]},{"@type":"WebSite","@id":"https:\/\/www.hst.cat\/#website","url":"https:\/\/www.hst.cat\/","name":"Inform\u00e0tica Lleida HST","description":"Oferim serveis d\u2019inform\u00e0tica i noves tecnologies per empreses. Servei t\u00e8cnic, Web, Soft Gesti\u00f3, Xarxes, Consultoria","potentialAction":[{"@type":"SearchAction","target":{"@type":"EntryPoint","urlTemplate":"https:\/\/www.hst.cat\/?s={search_term_string}"},"query-input":{"@type":"PropertyValueSpecification","valueRequired":true,"valueName":"search_term_string"}}],"inLanguage":"es"}]}},"jetpack_shortlink":"https:\/\/wp.me\/P7Yfwy-rg","jetpack_sharing_enabled":true,"_links":{"self":[{"href":"https:\/\/www.hst.cat\/es\/wp-json\/wp\/v2\/pages\/1690","targetHints":{"allow":["GET"]}}],"collection":[{"href":"https:\/\/www.hst.cat\/es\/wp-json\/wp\/v2\/pages"}],"about":[{"href":"https:\/\/www.hst.cat\/es\/wp-json\/wp\/v2\/types\/page"}],"author":[{"embeddable":true,"href":"https:\/\/www.hst.cat\/es\/wp-json\/wp\/v2\/users\/2"}],"replies":[{"embeddable":true,"href":"https:\/\/www.hst.cat\/es\/wp-json\/wp\/v2\/comments?post=1690"}],"version-history":[{"count":5,"href":"https:\/\/www.hst.cat\/es\/wp-json\/wp\/v2\/pages\/1690\/revisions"}],"predecessor-version":[{"id":23069,"href":"https:\/\/www.hst.cat\/es\/wp-json\/wp\/v2\/pages\/1690\/revisions\/23069"}],"wp:attachment":[{"href":"https:\/\/www.hst.cat\/es\/wp-json\/wp\/v2\/media?parent=1690"}],"curies":[{"name":"wp","href":"https:\/\/api.w.org\/{rel}","templated":true}]}}