{"id":1692,"date":"2015-01-26T23:17:33","date_gmt":"2015-01-26T22:17:33","guid":{"rendered":"http:\/\/hst.cat\/consultoria-tecnologica-lleida-2\/"},"modified":"2022-03-25T11:10:45","modified_gmt":"2022-03-25T10:10:45","slug":"consultoria-tecnologica-lleida","status":"publish","type":"page","link":"https:\/\/www.hst.cat\/es\/consultoria-tecnologica-lleida\/","title":{"rendered":"Consultor\u00eda Tecnol\u00f3gica"},"content":{"rendered":"<div class=\"wpb-content-wrapper\"><p>[vc_row css=\u00bb.vc_custom_1435063092846{padding-top: 40px !important;padding-right: 40px !important;padding-bottom: 10px !important;padding-left: 40px !important;background-image: url(https:\/\/www.hst.cat\/wp-content\/uploads\/consultoria-slider.png?id=785) !important;background-position: center !important;background-repeat: no-repeat !important;background-size: cover !important;}\u00bb full_width=\u00bbstretch_row_content_no_spaces\u00bb][vc_column width=\u00bb1\/2&#8243;][vc_column_text css=\u00bb.vc_custom_1437638628878{padding-top: 30px !important;padding-right: 30px !important;padding-bottom: 30px !important;padding-left: 30px !important;background-color: rgba(255,255,255,0.35) !important;*background-color: rgb(255,255,255) !important;}\u00bb css_animation=\u00bbleft-to-right\u00bb]<\/p>\n<h1>Consultor\u00eda Tecnol\u00f3gica<\/h1>\n<p>El continuado cambio tecnol\u00f3gico que vivimos exige contar con sistemas inform\u00e1ticos que agilicen los procesos para\u00a0alcanzar los niveles de competitividad de acuerdo con los nuevos entornos. Las Tecnolog\u00edas de la Informaci\u00f3n se han convertido en un factor clave para competir en el mercado.<\/p>\n<p>En HST disponemos de profesionales expertos en Tecnolog\u00edas de la Informaci\u00f3n capaces de asesorar a nuestros clientes, ofreci\u00e9ndoles las mejores soluciones para cada necesidad en base a estudios de rentabilidad. Somos tu consultor inform\u00e1tico en Lleida.[\/vc_column_text][vc_column_text css_animation=\u00bbbottom-to-top\u00bb]<\/p>\n<h4>Hoy en d\u00eda para ser competitivas, \u00a0las empresas tienen que ser \u00e1giles e ir evolucionando de la misma manera que lo estan haciendo nuestros dispositivos TIC.<\/h4>\n<p>[\/vc_column_text][\/vc_column][vc_column width=\u00bb1\/2&#8243;][\/vc_column][\/vc_row][vc_row][vc_column width=\u00bb2\/3&#8243; css=\u00bb.vc_custom_1422807004299{padding-right: 60px !important;}\u00bb][vc_row_inner][vc_column_inner width=\u00bb1\/2&#8243;]<div class=\"icon_box icon_position_left has_border\"><div class=\"icon_wrapper\"><div class=\"icon\"><i class=\"icon-money-line\" aria-hidden=\"true\"><\/i><\/div><\/div><div class=\"desc_wrapper\"><h4 class=\"title \">Reducci\u00f3n de costes<\/h4><div class=\"desc\">Una buena decisi\u00f3n en la hora de implantar infraestructura o escoger la mejor arquitectura de software es una inversi\u00f3n rentable y te permitir\u00e1 reducir los costes de adquisici\u00f3n y mantenimiento.<\/div><\/div><\/div>\n[\/vc_column_inner][vc_column_inner width=\u00bb1\/2&#8243;]<div class=\"icon_box icon_position_left no_border\"><div class=\"icon_wrapper\"><div class=\"icon\"><i class=\"icon-battery\" aria-hidden=\"true\"><\/i><\/div><\/div><div class=\"desc_wrapper\"><h4 class=\"title \">Aumento de la productividad<\/h4><div class=\"desc\">Incrementar la producci\u00f3n, gestionar el tiempo m\u00e1s eficientemente, en definitiva, hacer el trabajo mejor, m\u00e1s r\u00e1pido y m\u00e1s rentable.<\/div><\/div><\/div>\n[\/vc_column_inner][\/vc_row_inner]<div class=\"infobox\" ><h3 class=\"title \">Plan de Sistemas de informaci\u00f3n<\/h3><div class=\"infobox_wrapper\"><span class=\"ib-desc\">En HST somos capaces de analizar en profundidad las necesidades y objetivos de tu organizaci\u00f3n y dise\u00f1ar la arquitectura de sistemas y aplicaciones \u00f3ptima para llevarlos a cabo.<br \/>\nUn Plan de Sistemas de Informaci\u00f3n traza, desde un punto de vista estrat\u00e9gico y operativo, m\u00e1s que desde la tecnolog\u00eda, las necesidades de recursos inform\u00e1ticos de una organizaci\u00f3n, su estructuraci\u00f3n y de como conseguirlas desde la situaci\u00f3n actual.<br \/>\nEs una herramienta indispensable para que una organizaci\u00f3n cuente con un equipamiento tecnol\u00f3gico bien mesurado y configurado para cumplir con sus objetivos.<br \/>\nAses\u00f3rate antes de tomar una decisi\u00f3n a la hora de comprar cualquier soluci\u00f3n inform\u00e1tica.<br \/>\nConf\u00ede en un experto para diagnosticar tus necesidades e implantar las soluciones que le haran sacar el m\u00e1ximo beneficio a su negocio.<\/span><\/div><\/div>\n[\/vc_column][vc_column width=\u00bb1\/3&#8243;]\n<div class=\"wpcf7 no-js\" id=\"wpcf7-f1621-o1\" lang=\"es-ES\" dir=\"ltr\" data-wpcf7-id=\"1621\">\n<div class=\"screen-reader-response\"><p role=\"status\" aria-live=\"polite\" aria-atomic=\"true\"><\/p> <ul><\/ul><\/div>\n<form action=\"\/es\/wp-json\/wp\/v2\/pages\/1692#wpcf7-f1621-o1\" method=\"post\" class=\"wpcf7-form init\" aria-label=\"Formulario de contacto\" novalidate=\"novalidate\" data-status=\"init\">\n<fieldset class=\"hidden-fields-container\"><input type=\"hidden\" name=\"_wpcf7\" value=\"1621\" \/><input type=\"hidden\" name=\"_wpcf7_version\" value=\"6.1.5\" \/><input type=\"hidden\" name=\"_wpcf7_locale\" value=\"es_ES\" \/><input type=\"hidden\" name=\"_wpcf7_unit_tag\" value=\"wpcf7-f1621-o1\" \/><input type=\"hidden\" name=\"_wpcf7_container_post\" value=\"0\" \/><input type=\"hidden\" name=\"_wpcf7_posted_data_hash\" value=\"\" \/><input type=\"hidden\" name=\"_wpcf7cf_hidden_group_fields\" value=\"[]\" \/><input type=\"hidden\" name=\"_wpcf7cf_hidden_groups\" value=\"[]\" \/><input type=\"hidden\" name=\"_wpcf7cf_visible_groups\" value=\"[]\" \/><input type=\"hidden\" name=\"_wpcf7cf_repeaters\" value=\"[]\" \/><input type=\"hidden\" name=\"_wpcf7cf_steps\" value=\"{}\" \/><input type=\"hidden\" name=\"_wpcf7cf_options\" value=\"{&quot;form_id&quot;:1621,&quot;conditions&quot;:[],&quot;settings&quot;:{&quot;animation&quot;:&quot;yes&quot;,&quot;animation_intime&quot;:200,&quot;animation_outtime&quot;:200,&quot;conditions_ui&quot;:&quot;normal&quot;,&quot;notice_dismissed&quot;:false,&quot;notice_dismissed_rollback-cf7-5.9.2&quot;:true,&quot;notice_dismissed_rollback-cf7-5.9.4&quot;:true,&quot;notice_dismissed_rollback-cf7-5.9.5&quot;:true,&quot;notice_dismissed_rollback-cf7-5.9.6&quot;:true,&quot;notice_dismissed_update-cf7-6.1.4&quot;:true}}\" \/><input type=\"hidden\" name=\"_wpcf7_recaptcha_response\" value=\"\" \/>\n<\/fieldset>\n<p><span class=\"wpcf7-form-control-wrap\" data-name=\"your-name\"><input size=\"40\" maxlength=\"400\" class=\"wpcf7-form-control wpcf7-text wpcf7-validates-as-required\" aria-required=\"true\" aria-invalid=\"false\" placeholder=\"Nombre\" value=\"\" type=\"text\" name=\"your-name\" \/><\/span>\n<\/p>\n<p><span class=\"wpcf7-form-control-wrap\" data-name=\"your-email\"><input size=\"40\" maxlength=\"400\" class=\"wpcf7-form-control wpcf7-email wpcf7-validates-as-required wpcf7-text wpcf7-validates-as-email\" aria-required=\"true\" aria-invalid=\"false\" placeholder=\"Email\" value=\"\" type=\"email\" name=\"your-email\" \/><\/span>\n<\/p>\n<p><span class=\"wpcf7-form-control-wrap\" data-name=\"your-message\"><textarea cols=\"40\" rows=\"10\" maxlength=\"2000\" class=\"wpcf7-form-control wpcf7-textarea\" aria-invalid=\"false\" placeholder=\"Mensaje\" name=\"your-message\"><\/textarea><\/span>\n<\/p>\n<p><span style=\"font-size:13px;\"><br \/>\nTratamos los datos que nos facilita con el fin de dar respuesta a la consulta sobre nuestros productos y servicios por cualquier medio (postal, email o tel\u00e9fono). Los datos proporcionados se conservar\u00e1n mientras no solicite el cese de la actividad. Los datos no se ceder\u00e1n a terceros salvo en los casos en que exista una obligaci\u00f3n legal. Usted tiene derecho a obtener confirmaci\u00f3n sobre si en HST estamos tratando sus datos personales por tanto tiene derecho a acceder a sus datos personales, rectificar los datos inexactos o solicitar su supresi\u00f3n cuando los datos ya no sean necesarios para los fines que fueron recogidos.<\/span>\n<\/p>\n<p><span style=\"font-size:13px;\"><br \/>\nDesea recibir comunicados de marketing de HST por correo electr\u00f3nico y entendiendo que sus datos personales se tratar\u00e1n como la <a href=\"\/politica-de-privacitat\/\" target=\"_blank\">pol\u00edtica de privacidad<\/a> <\/span>\n<\/p>\n<p><span class=\"wpcf7-form-control-wrap\" data-name=\"RGPD-accepto\"><span class=\"wpcf7-form-control wpcf7-checkbox wpcf7-validates-as-required wpcf7-exclusive-checkbox\"><span class=\"wpcf7-list-item first\"><label><input type=\"checkbox\" name=\"RGPD-accepto\" value=\"Si\" \/><span class=\"wpcf7-list-item-label\">Si<\/span><\/label><\/span><span class=\"wpcf7-list-item last\"><label><input type=\"checkbox\" name=\"RGPD-accepto\" value=\"No, gracias\" \/><span class=\"wpcf7-list-item-label\">No, gracias<\/span><\/label><\/span><\/span><\/span>\n<\/p>\n<p><br clear=\"all\" \/>\n<\/p>\n<p>\n\n<\/p>\n<p><input class=\"wpcf7-form-control wpcf7-submit has-spinner\" type=\"submit\" value=\"Enviar\" \/>\n<\/p><div class=\"wpcf7-response-output\" aria-hidden=\"true\"><\/div>\n<\/form>\n<\/div>\n[\/vc_column][\/vc_row][vc_row][vc_column width=\u00bb1\/1&#8243;][vc_column_text]<\/p>\n<p>&nbsp;<\/p>\n<p>&nbsp;<\/p>\n<p><strong>Quiz\u00e1s estabas buscando :<\/strong><\/p>\n<p><em>consultor\u00eda tecnol\u00f3gica Lleida, consultor inform\u00e1tico en Lleida, consultor\u00eda inform\u00e1tica Lleida, seguridad inform\u00e1tica en Lleida<\/em>[\/vc_column_text][\/vc_column][\/vc_row]<\/p>\n<\/div>","protected":false},"excerpt":{"rendered":"<p>[vc_row css=\u00bb.vc_custom_1435063092846{padding-top: 40px !important;padding-right: 40px !important;padding-bottom: 10px !important;padding-left: 40px !important;background-image: url(https:\/\/www.hst.cat\/wp-content\/uploads\/consultoria-slider.png?id=785) !important;background-position: center !important;background-repeat: no-repeat !important;background-size: cover !important;}\u00bb full_width=\u00bbstretch_row_content_no_spaces\u00bb][vc_column width=\u00bb1\/2&#8243;][vc_column_text css=\u00bb.vc_custom_1437638628878{padding-top: 30px !important;padding-right: 30px !important;padding-bottom: 30px<span class=\"excerpt-hellip\"> [\u2026]<\/span><\/p>\n","protected":false},"author":2,"featured_media":0,"parent":0,"menu_order":0,"comment_status":"open","ping_status":"closed","template":"","meta":{"footnotes":""},"class_list":["post-1692","page","type-page","status-publish","hentry"],"yoast_head":"<!-- This site is optimized with the Yoast SEO plugin v27.5 - https:\/\/yoast.com\/product\/yoast-seo-wordpress\/ -->\n<title>Consultor\u00eda Tecnol\u00f3gica Lleida<\/title>\n<meta name=\"description\" content=\"Ofrecemos asesoramiento para clientes que buscan la forma de implementar, mejorar o actualizar la infraestructura o los equipos inform\u00e1ticos de su empresa.\" \/>\n<meta name=\"robots\" content=\"index, follow, max-snippet:-1, max-image-preview:large, max-video-preview:-1\" \/>\n<link rel=\"canonical\" href=\"https:\/\/www.hst.cat\/es\/consultoria-tecnologica-lleida\/\" \/>\n<meta property=\"og:locale\" content=\"es_ES\" \/>\n<meta property=\"og:type\" content=\"article\" \/>\n<meta property=\"og:title\" content=\"Consultor\u00eda Tecnol\u00f3gica Lleida\" \/>\n<meta property=\"og:description\" content=\"Ofrecemos asesoramiento para clientes que buscan la forma de implementar, mejorar o actualizar la infraestructura o los equipos inform\u00e1ticos de su empresa.\" \/>\n<meta property=\"og:url\" content=\"https:\/\/www.hst.cat\/es\/consultoria-tecnologica-lleida\/\" \/>\n<meta property=\"og:site_name\" content=\"Inform\u00e0tica Lleida HST\" \/>\n<meta property=\"article:modified_time\" content=\"2022-03-25T10:10:45+00:00\" \/>\n<meta name=\"twitter:label1\" content=\"Tiempo de lectura\" \/>\n\t<meta name=\"twitter:data1\" content=\"3 minutos\" \/>\n<script type=\"application\/ld+json\" class=\"yoast-schema-graph\">{\"@context\":\"https:\\\/\\\/schema.org\",\"@graph\":[{\"@type\":\"WebPage\",\"@id\":\"https:\\\/\\\/www.hst.cat\\\/es\\\/consultoria-tecnologica-lleida\\\/\",\"url\":\"https:\\\/\\\/www.hst.cat\\\/es\\\/consultoria-tecnologica-lleida\\\/\",\"name\":\"Consultor\u00eda Tecnol\u00f3gica Lleida\",\"isPartOf\":{\"@id\":\"https:\\\/\\\/www.hst.cat\\\/#website\"},\"datePublished\":\"2015-01-26T22:17:33+00:00\",\"dateModified\":\"2022-03-25T10:10:45+00:00\",\"description\":\"Ofrecemos asesoramiento para clientes que buscan la forma de implementar, mejorar o actualizar la infraestructura o los equipos inform\u00e1ticos de su empresa.\",\"breadcrumb\":{\"@id\":\"https:\\\/\\\/www.hst.cat\\\/es\\\/consultoria-tecnologica-lleida\\\/#breadcrumb\"},\"inLanguage\":\"es\",\"potentialAction\":[{\"@type\":\"ReadAction\",\"target\":[\"https:\\\/\\\/www.hst.cat\\\/es\\\/consultoria-tecnologica-lleida\\\/\"]}]},{\"@type\":\"BreadcrumbList\",\"@id\":\"https:\\\/\\\/www.hst.cat\\\/es\\\/consultoria-tecnologica-lleida\\\/#breadcrumb\",\"itemListElement\":[{\"@type\":\"ListItem\",\"position\":1,\"name\":\"Portada\",\"item\":\"https:\\\/\\\/www.hst.cat\\\/es\\\/\"},{\"@type\":\"ListItem\",\"position\":2,\"name\":\"Consultor\u00eda Tecnol\u00f3gica\"}]},{\"@type\":\"WebSite\",\"@id\":\"https:\\\/\\\/www.hst.cat\\\/#website\",\"url\":\"https:\\\/\\\/www.hst.cat\\\/\",\"name\":\"Inform\u00e0tica Lleida HST\",\"description\":\"Oferim serveis d\u2019inform\u00e0tica i noves tecnologies per empreses. Servei t\u00e8cnic, Web, Soft Gesti\u00f3, Xarxes, Consultoria\",\"potentialAction\":[{\"@type\":\"SearchAction\",\"target\":{\"@type\":\"EntryPoint\",\"urlTemplate\":\"https:\\\/\\\/www.hst.cat\\\/?s={search_term_string}\"},\"query-input\":{\"@type\":\"PropertyValueSpecification\",\"valueRequired\":true,\"valueName\":\"search_term_string\"}}],\"inLanguage\":\"es\"}]}<\/script>\n<!-- \/ Yoast SEO plugin. -->","yoast_head_json":{"title":"Consultor\u00eda Tecnol\u00f3gica Lleida","description":"Ofrecemos asesoramiento para clientes que buscan la forma de implementar, mejorar o actualizar la infraestructura o los equipos inform\u00e1ticos de su empresa.","robots":{"index":"index","follow":"follow","max-snippet":"max-snippet:-1","max-image-preview":"max-image-preview:large","max-video-preview":"max-video-preview:-1"},"canonical":"https:\/\/www.hst.cat\/es\/consultoria-tecnologica-lleida\/","og_locale":"es_ES","og_type":"article","og_title":"Consultor\u00eda Tecnol\u00f3gica Lleida","og_description":"Ofrecemos asesoramiento para clientes que buscan la forma de implementar, mejorar o actualizar la infraestructura o los equipos inform\u00e1ticos de su empresa.","og_url":"https:\/\/www.hst.cat\/es\/consultoria-tecnologica-lleida\/","og_site_name":"Inform\u00e0tica Lleida HST","article_modified_time":"2022-03-25T10:10:45+00:00","twitter_misc":{"Tiempo de lectura":"3 minutos"},"schema":{"@context":"https:\/\/schema.org","@graph":[{"@type":"WebPage","@id":"https:\/\/www.hst.cat\/es\/consultoria-tecnologica-lleida\/","url":"https:\/\/www.hst.cat\/es\/consultoria-tecnologica-lleida\/","name":"Consultor\u00eda Tecnol\u00f3gica Lleida","isPartOf":{"@id":"https:\/\/www.hst.cat\/#website"},"datePublished":"2015-01-26T22:17:33+00:00","dateModified":"2022-03-25T10:10:45+00:00","description":"Ofrecemos asesoramiento para clientes que buscan la forma de implementar, mejorar o actualizar la infraestructura o los equipos inform\u00e1ticos de su empresa.","breadcrumb":{"@id":"https:\/\/www.hst.cat\/es\/consultoria-tecnologica-lleida\/#breadcrumb"},"inLanguage":"es","potentialAction":[{"@type":"ReadAction","target":["https:\/\/www.hst.cat\/es\/consultoria-tecnologica-lleida\/"]}]},{"@type":"BreadcrumbList","@id":"https:\/\/www.hst.cat\/es\/consultoria-tecnologica-lleida\/#breadcrumb","itemListElement":[{"@type":"ListItem","position":1,"name":"Portada","item":"https:\/\/www.hst.cat\/es\/"},{"@type":"ListItem","position":2,"name":"Consultor\u00eda Tecnol\u00f3gica"}]},{"@type":"WebSite","@id":"https:\/\/www.hst.cat\/#website","url":"https:\/\/www.hst.cat\/","name":"Inform\u00e0tica Lleida HST","description":"Oferim serveis d\u2019inform\u00e0tica i noves tecnologies per empreses. Servei t\u00e8cnic, Web, Soft Gesti\u00f3, Xarxes, Consultoria","potentialAction":[{"@type":"SearchAction","target":{"@type":"EntryPoint","urlTemplate":"https:\/\/www.hst.cat\/?s={search_term_string}"},"query-input":{"@type":"PropertyValueSpecification","valueRequired":true,"valueName":"search_term_string"}}],"inLanguage":"es"}]}},"jetpack_shortlink":"https:\/\/wp.me\/P7Yfwy-ri","jetpack_sharing_enabled":true,"_links":{"self":[{"href":"https:\/\/www.hst.cat\/es\/wp-json\/wp\/v2\/pages\/1692","targetHints":{"allow":["GET"]}}],"collection":[{"href":"https:\/\/www.hst.cat\/es\/wp-json\/wp\/v2\/pages"}],"about":[{"href":"https:\/\/www.hst.cat\/es\/wp-json\/wp\/v2\/types\/page"}],"author":[{"embeddable":true,"href":"https:\/\/www.hst.cat\/es\/wp-json\/wp\/v2\/users\/2"}],"replies":[{"embeddable":true,"href":"https:\/\/www.hst.cat\/es\/wp-json\/wp\/v2\/comments?post=1692"}],"version-history":[{"count":2,"href":"https:\/\/www.hst.cat\/es\/wp-json\/wp\/v2\/pages\/1692\/revisions"}],"predecessor-version":[{"id":2659,"href":"https:\/\/www.hst.cat\/es\/wp-json\/wp\/v2\/pages\/1692\/revisions\/2659"}],"wp:attachment":[{"href":"https:\/\/www.hst.cat\/es\/wp-json\/wp\/v2\/media?parent=1692"}],"curies":[{"name":"wp","href":"https:\/\/api.w.org\/{rel}","templated":true}]}}