{"id":1697,"date":"2015-04-13T13:42:31","date_gmt":"2015-04-13T11:42:31","guid":{"rendered":"http:\/\/hst.cat\/implantar-erp-lleida-2\/"},"modified":"2022-03-25T11:12:22","modified_gmt":"2022-03-25T10:12:22","slug":"implantar-erp-lleida","status":"publish","type":"page","link":"https:\/\/www.hst.cat\/es\/implantar-erp-lleida\/","title":{"rendered":"Corus Base"},"content":{"rendered":"<div class=\"wpb-content-wrapper\"><p>[vc_row][vc_column width=\u00bb1\/1&#8243;][vc_column_text]<\/p>\n<h1>Corus Base<\/h1>\n<p>Es una potente y completa herramienta ERP que te facilitar\u00e1 la gesti\u00f3n de ventas, compras, almacenes, cobros, pagos, seguimiento comercial, contabilidad y tareas administrativas. Basada en una interface intuitiva, la aplicaci\u00f3n est\u00e1 desarrollada \u00edntegramente en entorno Windows.<\/p>\n<p>Si buscas un ERP en Lleida, Corus Base es para ti. En HST somos distribuidores de Corus Base y <a href=\"\/es\/softwarecentralhortofruticola\/\">Corus Fruits.<\/a><\/p>\n<p>Personalizamos la aplicaci\u00f3n a tu medida.[\/vc_column_text][vc_column_text][\/vc_column_text][vc_column_text]<\/p>\n<h3>\u00bfComo trabaja Corus ?<\/h3>\n<p>El sistema modular de Corus Base permite adaptar proyectos individualizados a la estructura general del programa, de modo que se adapta a diferentes sectores con un conjunto de opciones comunes y otras de espec\u00edficas para cada sector.[\/vc_column_text][\/vc_column][\/vc_row][vc_row][vc_column width=\u00bb2\/3&#8243; css=\u00bb.vc_custom_1422807004299{padding-right: 60px !important;}\u00bb][vc_row_inner][vc_column_inner width=\u00bb1\/1&#8243;]<div class=\"list_item lists_1 clearfix\"><div class=\"list_left list_icon\"><i class=\"icon-network\" aria-hidden=\"true\"><\/i><\/div><div class=\"list_right\"><h4 class=\"title \">Globalidad<\/h4><div class=\"desc\">Porque responde a las necesidades esenciales de la empresa para gestionar las relaciones con los clientes de forma \u00f3ptima e implantar procesos internos para controlar la actividad comercial y financiera de la empresa.<br \/>\n<\/div><\/div><\/div>\n<div class=\"list_item lists_1 clearfix\"><div class=\"list_left list_icon\"><i class=\"icon-chart-line\" aria-hidden=\"true\"><\/i><\/div><div class=\"list_right\"><h4 class=\"title \">Flexibillidad<\/h4><div class=\"desc\">Porque se adapta a las caracter\u00edsiticas de los puestos de trabajo de la compa\u00f1\u00eda. La versatilidad y facilidad del sistema permite que el personal se familiarice r\u00e1pidamente con el sistema.<\/div><\/div><\/div>\n<div class=\"list_item lists_1 clearfix\"><div class=\"list_left list_icon\"><i class=\"icon-chart-area\" aria-hidden=\"true\"><\/i><\/div><div class=\"list_right\"><h4 class=\"title \">Escalabilidad<\/h4><div class=\"desc\">Porque cumple con las nuevas exigencias del entorno empresarial. En cualquier momento se pueden modificar par\u00e1metros y funcionalidades para cubrir nuevas necesidades.<br \/>\n<\/div><\/div><\/div>\n<div class=\"list_item lists_1 clearfix\"><div class=\"list_left list_icon\"><i class=\"icon-arrows-ccw\" aria-hidden=\"true\"><\/i><\/div><div class=\"list_right\"><h4 class=\"title \">Integraci\u00f3n<\/h4><div class=\"desc\">Porque garantiza la integridad de la informaci\u00f3n evitando duplicar procesos y comunicaciones contradictorias. La empresa mejora la productividad gracias a la automatizaci\u00f3n de procesos internos.<\/div><\/div><\/div>\n<div class=\"list_item lists_1 clearfix\"><div class=\"list_left list_icon\"><i class=\"icon-rss\" aria-hidden=\"true\"><\/i><\/div><div class=\"list_right\"><h4 class=\"title \">Apertura<\/h4><div class=\"desc\">Porque ofrece los \u00faltimos avances tecnol\u00f3gicos en materia de comunicaci\u00f3n a trav\u00e9s de internet, Fax, Smartphone, puestos remotos (Terminal Server). Gracias a SQL Server de Microsoft se permite el acceso incondicional desde cualquier punto.<br \/>\n<\/div><\/div><\/div>\n<div class=\"list_item lists_1 clearfix\"><div class=\"list_left list_icon\"><i class=\"icon-switch\" aria-hidden=\"true\"><\/i><\/div><div class=\"list_right\"><h4 class=\"title \">Compatibilidad<\/h4><div class=\"desc\">Porque permite explotar los datos desde cualquier herramienta ofim\u00e1tica estandar y nos permitir\u00e1 realizar presentaciones atractivas, informes, memorias, reports, aprovechando al m\u00e1ximo el sistema de informaci\u00f3n.<\/div><\/div><\/div>\n<div class=\"list_item lists_1 clearfix\"><div class=\"list_left list_icon\"><i class=\"icon-user\" aria-hidden=\"true\"><\/i><\/div><div class=\"list_right\"><h4 class=\"title \">Personalizaci\u00f3n<\/h4><div class=\"desc\">Porque facilita la adaptaci\u00f3n de los puestos de trabajo en funci\u00f3n de las necesidades y preferencias del usuario.<br \/>\n<\/div><\/div><\/div>\n<div class=\"list_item lists_1 clearfix\"><div class=\"list_left list_icon\"><i class=\"icon-lock-line\" aria-hidden=\"true\"><\/i><\/div><div class=\"list_right\"><h4 class=\"title \">Seguridad<\/h4><div class=\"desc\">Porque regula el acceso de los usuarios a la informaci\u00f3n , reglas y normas de control, evitando la generaci\u00f3n de informaci\u00f3n err\u00f3nea. La confidencialidad de los datos queda garantizada.<br \/>\n<\/div><\/div><\/div>\n<div class=\"list_item lists_1 clearfix\"><div class=\"list_left list_icon\"><i class=\"icon-home\" aria-hidden=\"true\"><\/i><\/div><div class=\"list_right\"><h4 class=\"title \">Estabilidad<\/h4><div class=\"desc\">Porque se beneficia del desarrollo de la aplicaci\u00f3n desde 1998.<\/div><\/div><\/div>\n<div class=\"list_item lists_1 clearfix\"><div class=\"list_left list_icon\"><i class=\"icon-chart-bar\" aria-hidden=\"true\"><\/i><\/div><div class=\"list_right\"><h4 class=\"title \">Orientaci\u00f3n hacia el an\u00e1lisis<\/h4><div class=\"desc\">Porque propone una amplia bibilioteca de consultas, listados, estad\u00edsticas y tablas orientadas hacia el estudio de la actividad de la empresa.<br \/>\n<\/div><\/div><\/div>\n[\/vc_column_inner][\/vc_row_inner][\/vc_column][vc_column width=\u00bb1\/3&#8243;]\n<div class=\"wpcf7 no-js\" id=\"wpcf7-f1621-o1\" lang=\"es-ES\" dir=\"ltr\" data-wpcf7-id=\"1621\">\n<div class=\"screen-reader-response\"><p role=\"status\" aria-live=\"polite\" aria-atomic=\"true\"><\/p> <ul><\/ul><\/div>\n<form action=\"\/es\/wp-json\/wp\/v2\/pages\/1697#wpcf7-f1621-o1\" method=\"post\" class=\"wpcf7-form init\" aria-label=\"Formulario de contacto\" novalidate=\"novalidate\" data-status=\"init\">\n<fieldset class=\"hidden-fields-container\"><input type=\"hidden\" name=\"_wpcf7\" value=\"1621\" \/><input type=\"hidden\" name=\"_wpcf7_version\" value=\"6.1.5\" \/><input type=\"hidden\" name=\"_wpcf7_locale\" value=\"es_ES\" \/><input type=\"hidden\" name=\"_wpcf7_unit_tag\" value=\"wpcf7-f1621-o1\" \/><input type=\"hidden\" name=\"_wpcf7_container_post\" value=\"0\" \/><input type=\"hidden\" name=\"_wpcf7_posted_data_hash\" value=\"\" \/><input type=\"hidden\" name=\"_wpcf7cf_hidden_group_fields\" value=\"[]\" \/><input type=\"hidden\" name=\"_wpcf7cf_hidden_groups\" value=\"[]\" \/><input type=\"hidden\" name=\"_wpcf7cf_visible_groups\" value=\"[]\" \/><input type=\"hidden\" name=\"_wpcf7cf_repeaters\" value=\"[]\" \/><input type=\"hidden\" name=\"_wpcf7cf_steps\" value=\"{}\" \/><input type=\"hidden\" name=\"_wpcf7cf_options\" value=\"{&quot;form_id&quot;:1621,&quot;conditions&quot;:[],&quot;settings&quot;:{&quot;animation&quot;:&quot;yes&quot;,&quot;animation_intime&quot;:200,&quot;animation_outtime&quot;:200,&quot;conditions_ui&quot;:&quot;normal&quot;,&quot;notice_dismissed&quot;:false,&quot;notice_dismissed_rollback-cf7-5.9.2&quot;:true,&quot;notice_dismissed_rollback-cf7-5.9.4&quot;:true,&quot;notice_dismissed_rollback-cf7-5.9.5&quot;:true,&quot;notice_dismissed_rollback-cf7-5.9.6&quot;:true,&quot;notice_dismissed_update-cf7-6.1.4&quot;:true}}\" \/><input type=\"hidden\" name=\"_wpcf7_recaptcha_response\" value=\"\" \/>\n<\/fieldset>\n<p><span class=\"wpcf7-form-control-wrap\" data-name=\"your-name\"><input size=\"40\" maxlength=\"400\" class=\"wpcf7-form-control wpcf7-text wpcf7-validates-as-required\" aria-required=\"true\" aria-invalid=\"false\" placeholder=\"Nombre\" value=\"\" type=\"text\" name=\"your-name\" \/><\/span>\n<\/p>\n<p><span class=\"wpcf7-form-control-wrap\" data-name=\"your-email\"><input size=\"40\" maxlength=\"400\" class=\"wpcf7-form-control wpcf7-email wpcf7-validates-as-required wpcf7-text wpcf7-validates-as-email\" aria-required=\"true\" aria-invalid=\"false\" placeholder=\"Email\" value=\"\" type=\"email\" name=\"your-email\" \/><\/span>\n<\/p>\n<p><span class=\"wpcf7-form-control-wrap\" data-name=\"your-message\"><textarea cols=\"40\" rows=\"10\" maxlength=\"2000\" class=\"wpcf7-form-control wpcf7-textarea\" aria-invalid=\"false\" placeholder=\"Mensaje\" name=\"your-message\"><\/textarea><\/span>\n<\/p>\n<p><span style=\"font-size:13px;\"><br \/>\nTratamos los datos que nos facilita con el fin de dar respuesta a la consulta sobre nuestros productos y servicios por cualquier medio (postal, email o tel\u00e9fono). Los datos proporcionados se conservar\u00e1n mientras no solicite el cese de la actividad. Los datos no se ceder\u00e1n a terceros salvo en los casos en que exista una obligaci\u00f3n legal. Usted tiene derecho a obtener confirmaci\u00f3n sobre si en HST estamos tratando sus datos personales por tanto tiene derecho a acceder a sus datos personales, rectificar los datos inexactos o solicitar su supresi\u00f3n cuando los datos ya no sean necesarios para los fines que fueron recogidos.<\/span>\n<\/p>\n<p><span style=\"font-size:13px;\"><br \/>\nDesea recibir comunicados de marketing de HST por correo electr\u00f3nico y entendiendo que sus datos personales se tratar\u00e1n como la <a href=\"\/politica-de-privacitat\/\" target=\"_blank\">pol\u00edtica de privacidad<\/a> <\/span>\n<\/p>\n<p><span class=\"wpcf7-form-control-wrap\" data-name=\"RGPD-accepto\"><span class=\"wpcf7-form-control wpcf7-checkbox wpcf7-validates-as-required wpcf7-exclusive-checkbox\"><span class=\"wpcf7-list-item first\"><label><input type=\"checkbox\" name=\"RGPD-accepto\" value=\"Si\" \/><span class=\"wpcf7-list-item-label\">Si<\/span><\/label><\/span><span class=\"wpcf7-list-item last\"><label><input type=\"checkbox\" name=\"RGPD-accepto\" value=\"No, gracias\" \/><span class=\"wpcf7-list-item-label\">No, gracias<\/span><\/label><\/span><\/span><\/span>\n<\/p>\n<p><br clear=\"all\" \/>\n<\/p>\n<p>\n\n<\/p>\n<p><input class=\"wpcf7-form-control wpcf7-submit has-spinner\" type=\"submit\" value=\"Enviar\" \/>\n<\/p><div class=\"wpcf7-response-output\" aria-hidden=\"true\"><\/div>\n<\/form>\n<\/div>\n<div class=\"infobox\" ><h3 class=\"title \">Caracter\u00edsticas generales de Corus Base Estandard<\/h3><div class=\"infobox_wrapper\"><span class=\"ib-desc\"><\/p>\n<ul>\n<li>Multiempesa, multiejercicio, multiusuarios, multialmac\u00e9n y multidivisa.<\/li>\n<li>Control de accesos por usuario.<\/li>\n<li>Informes previsualizables exportables a excel, word, acrobat,etc.<\/li>\n<li>B\u00fasquedas incrementales.<\/li>\n<li>Importaci\u00f3n y exportaci\u00f3n de ficheros.<\/li>\n<li>Copias de seguridad parametrizables.<\/li>\n<li>Interface intuitiva.<\/li>\n<li>Ayuda on-line.<\/li>\n<\/ul>\n<p><\/span><\/div><\/div>\n[\/vc_column][\/vc_row][vc_row][vc_column width=\u00bb1\/1&#8243;][vc_column_text]<strong>Quiz\u00e1s estabas buscando:\u00a0<\/strong><\/p>\n<p><em>Corus Base Lleida, distribuidor Corus Base Lleida, Comprar Corus base Lleida, Servicio t\u00e9cnico Corus Base Lleida.<\/em>[\/vc_column_text][\/vc_column][\/vc_row]<\/p>\n<\/div>","protected":false},"excerpt":{"rendered":"<p>[vc_row][vc_column width=\u00bb1\/1&#8243;][vc_column_text] Corus Base Es una potente y completa herramienta ERP que te facilitar\u00e1 la gesti\u00f3n de ventas, compras, almacenes, cobros, pagos, seguimiento comercial, contabilidad y<span class=\"excerpt-hellip\"> [\u2026]<\/span><\/p>\n","protected":false},"author":5,"featured_media":0,"parent":0,"menu_order":0,"comment_status":"open","ping_status":"closed","template":"","meta":{"footnotes":""},"class_list":["post-1697","page","type-page","status-publish","hentry"],"yoast_head":"<!-- This site is optimized with the Yoast SEO plugin v27.4 - https:\/\/yoast.com\/product\/yoast-seo-wordpress\/ -->\n<title>Corus Base, Erp Lleida, Programa a medida Lleida<\/title>\n<meta name=\"description\" content=\"Potente y completa herramienta ERP que te facilitar\u00e1 tu gesti\u00f3n empresarial.\" \/>\n<meta name=\"robots\" content=\"index, follow, max-snippet:-1, max-image-preview:large, max-video-preview:-1\" \/>\n<link rel=\"canonical\" href=\"https:\/\/www.hst.cat\/es\/implantar-erp-lleida\/\" \/>\n<meta property=\"og:locale\" content=\"es_ES\" \/>\n<meta property=\"og:type\" content=\"article\" \/>\n<meta property=\"og:title\" content=\"Corus Base, Erp Lleida, Programa a medida Lleida\" \/>\n<meta property=\"og:description\" content=\"Potente y completa herramienta ERP que te facilitar\u00e1 tu gesti\u00f3n empresarial.\" \/>\n<meta property=\"og:url\" content=\"https:\/\/www.hst.cat\/es\/implantar-erp-lleida\/\" \/>\n<meta property=\"og:site_name\" content=\"Inform\u00e0tica Lleida HST\" \/>\n<meta property=\"article:modified_time\" content=\"2022-03-25T10:12:22+00:00\" \/>\n<meta name=\"twitter:label1\" content=\"Tiempo de lectura\" \/>\n\t<meta name=\"twitter:data1\" content=\"3 minutos\" \/>\n<script type=\"application\/ld+json\" class=\"yoast-schema-graph\">{\"@context\":\"https:\\\/\\\/schema.org\",\"@graph\":[{\"@type\":\"WebPage\",\"@id\":\"https:\\\/\\\/www.hst.cat\\\/es\\\/implantar-erp-lleida\\\/\",\"url\":\"https:\\\/\\\/www.hst.cat\\\/es\\\/implantar-erp-lleida\\\/\",\"name\":\"Corus Base, Erp Lleida, Programa a medida Lleida\",\"isPartOf\":{\"@id\":\"https:\\\/\\\/www.hst.cat\\\/#website\"},\"datePublished\":\"2015-04-13T11:42:31+00:00\",\"dateModified\":\"2022-03-25T10:12:22+00:00\",\"description\":\"Potente y completa herramienta ERP que te facilitar\u00e1 tu gesti\u00f3n empresarial.\",\"breadcrumb\":{\"@id\":\"https:\\\/\\\/www.hst.cat\\\/es\\\/implantar-erp-lleida\\\/#breadcrumb\"},\"inLanguage\":\"es\",\"potentialAction\":[{\"@type\":\"ReadAction\",\"target\":[\"https:\\\/\\\/www.hst.cat\\\/es\\\/implantar-erp-lleida\\\/\"]}]},{\"@type\":\"BreadcrumbList\",\"@id\":\"https:\\\/\\\/www.hst.cat\\\/es\\\/implantar-erp-lleida\\\/#breadcrumb\",\"itemListElement\":[{\"@type\":\"ListItem\",\"position\":1,\"name\":\"Portada\",\"item\":\"https:\\\/\\\/www.hst.cat\\\/es\\\/\"},{\"@type\":\"ListItem\",\"position\":2,\"name\":\"Corus Base\"}]},{\"@type\":\"WebSite\",\"@id\":\"https:\\\/\\\/www.hst.cat\\\/#website\",\"url\":\"https:\\\/\\\/www.hst.cat\\\/\",\"name\":\"Inform\u00e0tica Lleida HST\",\"description\":\"Oferim serveis d\u2019inform\u00e0tica i noves tecnologies per empreses. Servei t\u00e8cnic, Web, Soft Gesti\u00f3, Xarxes, Consultoria\",\"potentialAction\":[{\"@type\":\"SearchAction\",\"target\":{\"@type\":\"EntryPoint\",\"urlTemplate\":\"https:\\\/\\\/www.hst.cat\\\/?s={search_term_string}\"},\"query-input\":{\"@type\":\"PropertyValueSpecification\",\"valueRequired\":true,\"valueName\":\"search_term_string\"}}],\"inLanguage\":\"es\"}]}<\/script>\n<!-- \/ Yoast SEO plugin. -->","yoast_head_json":{"title":"Corus Base, Erp Lleida, Programa a medida Lleida","description":"Potente y completa herramienta ERP que te facilitar\u00e1 tu gesti\u00f3n empresarial.","robots":{"index":"index","follow":"follow","max-snippet":"max-snippet:-1","max-image-preview":"max-image-preview:large","max-video-preview":"max-video-preview:-1"},"canonical":"https:\/\/www.hst.cat\/es\/implantar-erp-lleida\/","og_locale":"es_ES","og_type":"article","og_title":"Corus Base, Erp Lleida, Programa a medida Lleida","og_description":"Potente y completa herramienta ERP que te facilitar\u00e1 tu gesti\u00f3n empresarial.","og_url":"https:\/\/www.hst.cat\/es\/implantar-erp-lleida\/","og_site_name":"Inform\u00e0tica Lleida HST","article_modified_time":"2022-03-25T10:12:22+00:00","twitter_misc":{"Tiempo de lectura":"3 minutos"},"schema":{"@context":"https:\/\/schema.org","@graph":[{"@type":"WebPage","@id":"https:\/\/www.hst.cat\/es\/implantar-erp-lleida\/","url":"https:\/\/www.hst.cat\/es\/implantar-erp-lleida\/","name":"Corus Base, Erp Lleida, Programa a medida Lleida","isPartOf":{"@id":"https:\/\/www.hst.cat\/#website"},"datePublished":"2015-04-13T11:42:31+00:00","dateModified":"2022-03-25T10:12:22+00:00","description":"Potente y completa herramienta ERP que te facilitar\u00e1 tu gesti\u00f3n empresarial.","breadcrumb":{"@id":"https:\/\/www.hst.cat\/es\/implantar-erp-lleida\/#breadcrumb"},"inLanguage":"es","potentialAction":[{"@type":"ReadAction","target":["https:\/\/www.hst.cat\/es\/implantar-erp-lleida\/"]}]},{"@type":"BreadcrumbList","@id":"https:\/\/www.hst.cat\/es\/implantar-erp-lleida\/#breadcrumb","itemListElement":[{"@type":"ListItem","position":1,"name":"Portada","item":"https:\/\/www.hst.cat\/es\/"},{"@type":"ListItem","position":2,"name":"Corus Base"}]},{"@type":"WebSite","@id":"https:\/\/www.hst.cat\/#website","url":"https:\/\/www.hst.cat\/","name":"Inform\u00e0tica Lleida HST","description":"Oferim serveis d\u2019inform\u00e0tica i noves tecnologies per empreses. Servei t\u00e8cnic, Web, Soft Gesti\u00f3, Xarxes, Consultoria","potentialAction":[{"@type":"SearchAction","target":{"@type":"EntryPoint","urlTemplate":"https:\/\/www.hst.cat\/?s={search_term_string}"},"query-input":{"@type":"PropertyValueSpecification","valueRequired":true,"valueName":"search_term_string"}}],"inLanguage":"es"}]}},"jetpack_shortlink":"https:\/\/wp.me\/P7Yfwy-rn","jetpack_sharing_enabled":true,"_links":{"self":[{"href":"https:\/\/www.hst.cat\/es\/wp-json\/wp\/v2\/pages\/1697","targetHints":{"allow":["GET"]}}],"collection":[{"href":"https:\/\/www.hst.cat\/es\/wp-json\/wp\/v2\/pages"}],"about":[{"href":"https:\/\/www.hst.cat\/es\/wp-json\/wp\/v2\/types\/page"}],"author":[{"embeddable":true,"href":"https:\/\/www.hst.cat\/es\/wp-json\/wp\/v2\/users\/5"}],"replies":[{"embeddable":true,"href":"https:\/\/www.hst.cat\/es\/wp-json\/wp\/v2\/comments?post=1697"}],"version-history":[{"count":1,"href":"https:\/\/www.hst.cat\/es\/wp-json\/wp\/v2\/pages\/1697\/revisions"}],"predecessor-version":[{"id":2591,"href":"https:\/\/www.hst.cat\/es\/wp-json\/wp\/v2\/pages\/1697\/revisions\/2591"}],"wp:attachment":[{"href":"https:\/\/www.hst.cat\/es\/wp-json\/wp\/v2\/media?parent=1697"}],"curies":[{"name":"wp","href":"https:\/\/api.w.org\/{rel}","templated":true}]}}