{"id":1704,"date":"2015-04-13T15:56:40","date_gmt":"2015-04-13T13:56:40","guid":{"rendered":"http:\/\/hst.cat\/escriptoris-virtuals-2\/"},"modified":"2022-03-25T11:15:55","modified_gmt":"2022-03-25T10:15:55","slug":"escritorios-virtuales","status":"publish","type":"page","link":"https:\/\/www.hst.cat\/es\/escritorios-virtuales\/","title":{"rendered":"Escritorios virtuales"},"content":{"rendered":"<div class=\"wpb-content-wrapper\"><p>[vc_row][vc_column width=\u00bb1\/1&#8243; css=\u00bb.vc_custom_1422807004299{padding-right: 60px !important;}\u00bb][vc_column_text css_animation=\u00bbright-to-left\u00bb css=\u00bb.vc_custom_1432024143698{padding-top: 20px !important;padding-right: 20px !important;padding-bottom: 20px !important;padding-left: 20px !important;background-color: #e0e0e0 !important;}\u00bb]<\/p>\n<h3>Ubica los ordenadores de tu empresa a la nube mediante la virtualizaci\u00f3n y accede desde cualquier sitio.<\/h3>\n<p>Con un escritorio virtual, tu entorno Windows con el que trabajas cada d\u00eda, con las aplicaciones de gesti\u00f3n y los documentos de trabajo estaran accesibles siempre desde donde quieras.<\/p>\n<p>Ya no es necesario que te lleves m\u00e1s tu ordenador de casa a a la oficina, porque con el escritorio virtual tendr\u00e1s siempre tu PC disponible en la nube.<\/p>\n<p>Pago por uso con un servicio todo incluido: cuando contratas\u00a0servicios cloud,\u00a0contratas resultados. Es un servicio todo incluido (servicio t\u00e9cnico, backup online y actualizaciones).[\/vc_column_text][\/vc_column][\/vc_row][vc_row][vc_column width=\u00bb2\/3&#8243;]<div class=\"icon_box icon_position_left no_border\"><div class=\"icon_wrapper\"><div class=\"icon\"><i class=\"icon-globe\" aria-hidden=\"true\"><\/i><\/div><\/div><div class=\"desc_wrapper\"><h4 class=\"title \">Desde donde quieras<\/h4><div class=\"desc\">Accede a tu escritorio virtual desde tu casa, desde la oficina, desde la mesa de un restaurante mientras tienes una reuni\u00f3n de negocios, desde casa del proveedor, desde el tren,&#8230;<br \/>\n<\/div><\/div><\/div>\n<div class=\"icon_box icon_position_left no_border\"><div class=\"icon_wrapper\"><div class=\"icon\"><i class=\"icon-mobile-line\" aria-hidden=\"true\"><\/i><\/div><\/div><div class=\"desc_wrapper\"><h4 class=\"title \">Desde cualquier dispositivo m\u00f3vil<\/h4><div class=\"desc\">Lo puedes hacer desde cualquier dispositivo con acceso a internet, ya sea tu pc, tu port\u00e1til, desde la tablet o incluso desde tu smartphone.<\/div><\/div><\/div>\n<div class=\"icon_box icon_position_left no_border\"><div class=\"icon_wrapper\"><div class=\"icon\"><i class=\"icon-switch\" aria-hidden=\"true\"><\/i><\/div><\/div><div class=\"desc_wrapper\"><h4 class=\"title \">Seg\u00fan las condiciones que tu quieras<\/h4><div class=\"desc\">Configura tu escritorio cloud seg\u00fan tus necesidades ya sea autorizando qu\u00e9 personas pueden acceder desde fuera del puesto de trabajo o dentro de los horarios que tu especifiques. Eso s\u00ed, el control lo tendr\u00e1s siempre TU.<\/div><\/div><\/div>\n<div class=\"icon_box icon_position_left no_border\"><div class=\"icon_wrapper\"><div class=\"icon\"><i class=\"icon-clock\" aria-hidden=\"true\"><\/i><\/div><\/div><div class=\"desc_wrapper\"><h4 class=\"title \">Sin l\u00edmite horario<\/h4><div class=\"desc\">Un escritorio cloud est\u00e1 disponible las 24 horas del d\u00edas todos los d\u00edas del a\u00f1o. SIEMPRE.<\/div><\/div><\/div>\n<div class=\"icon_box icon_position_left no_border\"><div class=\"icon_wrapper\"><div class=\"icon\"><i class=\"icon-lock-line\" aria-hidden=\"true\"><\/i><\/div><\/div><div class=\"desc_wrapper\"><h4 class=\"title \">Seguridad y copia<\/h4><div class=\"desc\">Datacenters ubicados en territorio nacional, reforzamos la seguridad con servidores duplicados, ampliamos la seguridad con almacenamiento duplicado, mejoramos la seguridad con un ancho de banda duplicado y avanzamos la seguridad con el backup online incluido.<br \/>\n<\/div><\/div><\/div>\n[\/vc_column][vc_column width=\u00bb1\/3&#8243;]\n<div class=\"wpcf7 no-js\" id=\"wpcf7-f1621-o1\" lang=\"es-ES\" dir=\"ltr\" data-wpcf7-id=\"1621\">\n<div class=\"screen-reader-response\"><p role=\"status\" aria-live=\"polite\" aria-atomic=\"true\"><\/p> <ul><\/ul><\/div>\n<form action=\"\/es\/wp-json\/wp\/v2\/pages\/1704#wpcf7-f1621-o1\" method=\"post\" class=\"wpcf7-form init\" aria-label=\"Formulario de contacto\" novalidate=\"novalidate\" data-status=\"init\">\n<fieldset class=\"hidden-fields-container\"><input type=\"hidden\" name=\"_wpcf7\" value=\"1621\" \/><input type=\"hidden\" name=\"_wpcf7_version\" value=\"6.1.5\" \/><input type=\"hidden\" name=\"_wpcf7_locale\" value=\"es_ES\" \/><input type=\"hidden\" name=\"_wpcf7_unit_tag\" value=\"wpcf7-f1621-o1\" \/><input type=\"hidden\" name=\"_wpcf7_container_post\" value=\"0\" \/><input type=\"hidden\" name=\"_wpcf7_posted_data_hash\" value=\"\" \/><input type=\"hidden\" name=\"_wpcf7cf_hidden_group_fields\" value=\"[]\" \/><input type=\"hidden\" name=\"_wpcf7cf_hidden_groups\" value=\"[]\" \/><input type=\"hidden\" name=\"_wpcf7cf_visible_groups\" value=\"[]\" \/><input type=\"hidden\" name=\"_wpcf7cf_repeaters\" value=\"[]\" \/><input type=\"hidden\" name=\"_wpcf7cf_steps\" value=\"{}\" \/><input type=\"hidden\" name=\"_wpcf7cf_options\" value=\"{&quot;form_id&quot;:1621,&quot;conditions&quot;:[],&quot;settings&quot;:{&quot;animation&quot;:&quot;yes&quot;,&quot;animation_intime&quot;:200,&quot;animation_outtime&quot;:200,&quot;conditions_ui&quot;:&quot;normal&quot;,&quot;notice_dismissed&quot;:false,&quot;notice_dismissed_rollback-cf7-5.9.2&quot;:true,&quot;notice_dismissed_rollback-cf7-5.9.4&quot;:true,&quot;notice_dismissed_rollback-cf7-5.9.5&quot;:true,&quot;notice_dismissed_rollback-cf7-5.9.6&quot;:true,&quot;notice_dismissed_update-cf7-6.1.4&quot;:true}}\" \/><input type=\"hidden\" name=\"_wpcf7_recaptcha_response\" value=\"\" \/>\n<\/fieldset>\n<p><span class=\"wpcf7-form-control-wrap\" data-name=\"your-name\"><input size=\"40\" maxlength=\"400\" class=\"wpcf7-form-control wpcf7-text wpcf7-validates-as-required\" aria-required=\"true\" aria-invalid=\"false\" placeholder=\"Nombre\" value=\"\" type=\"text\" name=\"your-name\" \/><\/span>\n<\/p>\n<p><span class=\"wpcf7-form-control-wrap\" data-name=\"your-email\"><input size=\"40\" maxlength=\"400\" class=\"wpcf7-form-control wpcf7-email wpcf7-validates-as-required wpcf7-text wpcf7-validates-as-email\" aria-required=\"true\" aria-invalid=\"false\" placeholder=\"Email\" value=\"\" type=\"email\" name=\"your-email\" \/><\/span>\n<\/p>\n<p><span class=\"wpcf7-form-control-wrap\" data-name=\"your-message\"><textarea cols=\"40\" rows=\"10\" maxlength=\"2000\" class=\"wpcf7-form-control wpcf7-textarea\" aria-invalid=\"false\" placeholder=\"Mensaje\" name=\"your-message\"><\/textarea><\/span>\n<\/p>\n<p><span style=\"font-size:13px;\"><br \/>\nTratamos los datos que nos facilita con el fin de dar respuesta a la consulta sobre nuestros productos y servicios por cualquier medio (postal, email o tel\u00e9fono). Los datos proporcionados se conservar\u00e1n mientras no solicite el cese de la actividad. Los datos no se ceder\u00e1n a terceros salvo en los casos en que exista una obligaci\u00f3n legal. Usted tiene derecho a obtener confirmaci\u00f3n sobre si en HST estamos tratando sus datos personales por tanto tiene derecho a acceder a sus datos personales, rectificar los datos inexactos o solicitar su supresi\u00f3n cuando los datos ya no sean necesarios para los fines que fueron recogidos.<\/span>\n<\/p>\n<p><span style=\"font-size:13px;\"><br \/>\nDesea recibir comunicados de marketing de HST por correo electr\u00f3nico y entendiendo que sus datos personales se tratar\u00e1n como la <a href=\"\/politica-de-privacitat\/\" target=\"_blank\">pol\u00edtica de privacidad<\/a> <\/span>\n<\/p>\n<p><span class=\"wpcf7-form-control-wrap\" data-name=\"RGPD-accepto\"><span class=\"wpcf7-form-control wpcf7-checkbox wpcf7-validates-as-required wpcf7-exclusive-checkbox\"><span class=\"wpcf7-list-item first\"><label><input type=\"checkbox\" name=\"RGPD-accepto\" value=\"Si\" \/><span class=\"wpcf7-list-item-label\">Si<\/span><\/label><\/span><span class=\"wpcf7-list-item last\"><label><input type=\"checkbox\" name=\"RGPD-accepto\" value=\"No, gracias\" \/><span class=\"wpcf7-list-item-label\">No, gracias<\/span><\/label><\/span><\/span><\/span>\n<\/p>\n<p><br clear=\"all\" \/>\n<\/p>\n<p>\n\n<\/p>\n<p><input class=\"wpcf7-form-control wpcf7-submit has-spinner\" type=\"submit\" value=\"Enviar\" \/>\n<\/p><div class=\"wpcf7-response-output\" aria-hidden=\"true\"><\/div>\n<\/form>\n<\/div>\n[\/vc_column][\/vc_row][vc_row][vc_column width=\u00bb1\/1&#8243;][vc_column_text]<\/p>\n<p><strong>Quiz\u00e1s estabas buscando :<\/strong><\/p>\n<p><em><span data-sheets-value=\"[null,2,&quot;Servidores en la nube Lleida, Servidores cloud Lleida, Cloud computing Lleida, Soluciones Cloud Lleida&quot;]\" data-sheets-userformat=\"[null,null,513,[null,0],null,null,null,null,null,null,null,null,0]\">Escritorios\u00a0en la nube Lleida, Escritorios cloud Lleida, Cloud computing Lleida, Soluciones Cloud Lleida<\/span><\/em>[\/vc_column_text][\/vc_column][\/vc_row]<\/p>\n<\/div>","protected":false},"excerpt":{"rendered":"<p>[vc_row][vc_column width=\u00bb1\/1&#8243; css=\u00bb.vc_custom_1422807004299{padding-right: 60px !important;}\u00bb][vc_column_text css_animation=\u00bbright-to-left\u00bb css=\u00bb.vc_custom_1432024143698{padding-top: 20px !important;padding-right: 20px !important;padding-bottom: 20px !important;padding-left: 20px !important;background-color: #e0e0e0 !important;}\u00bb] Ubica los ordenadores de tu empresa a la nube<span class=\"excerpt-hellip\"> [\u2026]<\/span><\/p>\n","protected":false},"author":5,"featured_media":0,"parent":0,"menu_order":0,"comment_status":"open","ping_status":"closed","template":"","meta":{"footnotes":""},"class_list":["post-1704","page","type-page","status-publish","hentry"],"yoast_head":"<!-- This site is optimized with the Yoast SEO plugin v27.5 - https:\/\/yoast.com\/product\/yoast-seo-wordpress\/ -->\n<title>VDI,Escritorios virtuales,Cloud escritorios Nube<\/title>\n<meta name=\"description\" content=\"Ubica los ordenadores de tu empresa en la nube mediante la virtualizaci\u00f3n y accede desde cualquier lugar. Con un escritorio virtual.\" \/>\n<meta name=\"robots\" content=\"index, follow, max-snippet:-1, max-image-preview:large, max-video-preview:-1\" \/>\n<link rel=\"canonical\" href=\"https:\/\/www.hst.cat\/es\/escritorios-virtuales\/\" \/>\n<meta property=\"og:locale\" content=\"es_ES\" \/>\n<meta property=\"og:type\" content=\"article\" \/>\n<meta property=\"og:title\" content=\"VDI,Escritorios virtuales,Cloud escritorios Nube\" \/>\n<meta property=\"og:description\" content=\"Ubica los ordenadores de tu empresa en la nube mediante la virtualizaci\u00f3n y accede desde cualquier lugar. Con un escritorio virtual.\" \/>\n<meta property=\"og:url\" content=\"https:\/\/www.hst.cat\/es\/escritorios-virtuales\/\" \/>\n<meta property=\"og:site_name\" content=\"Inform\u00e0tica Lleida HST\" \/>\n<meta property=\"article:modified_time\" content=\"2022-03-25T10:15:55+00:00\" \/>\n<meta name=\"twitter:label1\" content=\"Tiempo de lectura\" \/>\n\t<meta name=\"twitter:data1\" content=\"2 minutos\" \/>\n<script type=\"application\/ld+json\" class=\"yoast-schema-graph\">{\"@context\":\"https:\\\/\\\/schema.org\",\"@graph\":[{\"@type\":\"WebPage\",\"@id\":\"https:\\\/\\\/www.hst.cat\\\/es\\\/escritorios-virtuales\\\/\",\"url\":\"https:\\\/\\\/www.hst.cat\\\/es\\\/escritorios-virtuales\\\/\",\"name\":\"VDI,Escritorios virtuales,Cloud escritorios Nube\",\"isPartOf\":{\"@id\":\"https:\\\/\\\/www.hst.cat\\\/#website\"},\"datePublished\":\"2015-04-13T13:56:40+00:00\",\"dateModified\":\"2022-03-25T10:15:55+00:00\",\"description\":\"Ubica los ordenadores de tu empresa en la nube mediante la virtualizaci\u00f3n y accede desde cualquier lugar. Con un escritorio virtual.\",\"breadcrumb\":{\"@id\":\"https:\\\/\\\/www.hst.cat\\\/es\\\/escritorios-virtuales\\\/#breadcrumb\"},\"inLanguage\":\"es\",\"potentialAction\":[{\"@type\":\"ReadAction\",\"target\":[\"https:\\\/\\\/www.hst.cat\\\/es\\\/escritorios-virtuales\\\/\"]}]},{\"@type\":\"BreadcrumbList\",\"@id\":\"https:\\\/\\\/www.hst.cat\\\/es\\\/escritorios-virtuales\\\/#breadcrumb\",\"itemListElement\":[{\"@type\":\"ListItem\",\"position\":1,\"name\":\"Portada\",\"item\":\"https:\\\/\\\/www.hst.cat\\\/es\\\/\"},{\"@type\":\"ListItem\",\"position\":2,\"name\":\"Escritorios virtuales\"}]},{\"@type\":\"WebSite\",\"@id\":\"https:\\\/\\\/www.hst.cat\\\/#website\",\"url\":\"https:\\\/\\\/www.hst.cat\\\/\",\"name\":\"Inform\u00e0tica Lleida HST\",\"description\":\"Oferim serveis d\u2019inform\u00e0tica i noves tecnologies per empreses. Servei t\u00e8cnic, Web, Soft Gesti\u00f3, Xarxes, Consultoria\",\"potentialAction\":[{\"@type\":\"SearchAction\",\"target\":{\"@type\":\"EntryPoint\",\"urlTemplate\":\"https:\\\/\\\/www.hst.cat\\\/?s={search_term_string}\"},\"query-input\":{\"@type\":\"PropertyValueSpecification\",\"valueRequired\":true,\"valueName\":\"search_term_string\"}}],\"inLanguage\":\"es\"}]}<\/script>\n<!-- \/ Yoast SEO plugin. -->","yoast_head_json":{"title":"VDI,Escritorios virtuales,Cloud escritorios Nube","description":"Ubica los ordenadores de tu empresa en la nube mediante la virtualizaci\u00f3n y accede desde cualquier lugar. Con un escritorio virtual.","robots":{"index":"index","follow":"follow","max-snippet":"max-snippet:-1","max-image-preview":"max-image-preview:large","max-video-preview":"max-video-preview:-1"},"canonical":"https:\/\/www.hst.cat\/es\/escritorios-virtuales\/","og_locale":"es_ES","og_type":"article","og_title":"VDI,Escritorios virtuales,Cloud escritorios Nube","og_description":"Ubica los ordenadores de tu empresa en la nube mediante la virtualizaci\u00f3n y accede desde cualquier lugar. Con un escritorio virtual.","og_url":"https:\/\/www.hst.cat\/es\/escritorios-virtuales\/","og_site_name":"Inform\u00e0tica Lleida HST","article_modified_time":"2022-03-25T10:15:55+00:00","twitter_misc":{"Tiempo de lectura":"2 minutos"},"schema":{"@context":"https:\/\/schema.org","@graph":[{"@type":"WebPage","@id":"https:\/\/www.hst.cat\/es\/escritorios-virtuales\/","url":"https:\/\/www.hst.cat\/es\/escritorios-virtuales\/","name":"VDI,Escritorios virtuales,Cloud escritorios Nube","isPartOf":{"@id":"https:\/\/www.hst.cat\/#website"},"datePublished":"2015-04-13T13:56:40+00:00","dateModified":"2022-03-25T10:15:55+00:00","description":"Ubica los ordenadores de tu empresa en la nube mediante la virtualizaci\u00f3n y accede desde cualquier lugar. Con un escritorio virtual.","breadcrumb":{"@id":"https:\/\/www.hst.cat\/es\/escritorios-virtuales\/#breadcrumb"},"inLanguage":"es","potentialAction":[{"@type":"ReadAction","target":["https:\/\/www.hst.cat\/es\/escritorios-virtuales\/"]}]},{"@type":"BreadcrumbList","@id":"https:\/\/www.hst.cat\/es\/escritorios-virtuales\/#breadcrumb","itemListElement":[{"@type":"ListItem","position":1,"name":"Portada","item":"https:\/\/www.hst.cat\/es\/"},{"@type":"ListItem","position":2,"name":"Escritorios virtuales"}]},{"@type":"WebSite","@id":"https:\/\/www.hst.cat\/#website","url":"https:\/\/www.hst.cat\/","name":"Inform\u00e0tica Lleida HST","description":"Oferim serveis d\u2019inform\u00e0tica i noves tecnologies per empreses. Servei t\u00e8cnic, Web, Soft Gesti\u00f3, Xarxes, Consultoria","potentialAction":[{"@type":"SearchAction","target":{"@type":"EntryPoint","urlTemplate":"https:\/\/www.hst.cat\/?s={search_term_string}"},"query-input":{"@type":"PropertyValueSpecification","valueRequired":true,"valueName":"search_term_string"}}],"inLanguage":"es"}]}},"jetpack_shortlink":"https:\/\/wp.me\/P7Yfwy-ru","jetpack_sharing_enabled":true,"_links":{"self":[{"href":"https:\/\/www.hst.cat\/es\/wp-json\/wp\/v2\/pages\/1704","targetHints":{"allow":["GET"]}}],"collection":[{"href":"https:\/\/www.hst.cat\/es\/wp-json\/wp\/v2\/pages"}],"about":[{"href":"https:\/\/www.hst.cat\/es\/wp-json\/wp\/v2\/types\/page"}],"author":[{"embeddable":true,"href":"https:\/\/www.hst.cat\/es\/wp-json\/wp\/v2\/users\/5"}],"replies":[{"embeddable":true,"href":"https:\/\/www.hst.cat\/es\/wp-json\/wp\/v2\/comments?post=1704"}],"version-history":[{"count":1,"href":"https:\/\/www.hst.cat\/es\/wp-json\/wp\/v2\/pages\/1704\/revisions"}],"predecessor-version":[{"id":21625,"href":"https:\/\/www.hst.cat\/es\/wp-json\/wp\/v2\/pages\/1704\/revisions\/21625"}],"wp:attachment":[{"href":"https:\/\/www.hst.cat\/es\/wp-json\/wp\/v2\/media?parent=1704"}],"curies":[{"name":"wp","href":"https:\/\/api.w.org\/{rel}","templated":true}]}}