{"id":1705,"date":"2015-01-26T23:08:44","date_gmt":"2015-01-26T22:08:44","guid":{"rendered":"http:\/\/hst.cat\/softwarecentralhortofruticola-2\/"},"modified":"2022-03-25T11:12:36","modified_gmt":"2022-03-25T10:12:36","slug":"software-central-hortofruticola","status":"publish","type":"page","link":"https:\/\/www.hst.cat\/es\/software-central-hortofruticola\/","title":{"rendered":"Corus Fruits"},"content":{"rendered":"<div class=\"wpb-content-wrapper\"><p>[vc_row][vc_column width=\u00bb2\/3&#8243; css=\u00bb.vc_custom_1422807004299{padding-right: 60px !important;}\u00bb][vc_column_text]<\/p>\n<h1>Software Corus Fruits<\/h1>\n<p>Alta tecnolog\u00eda y prestaciones con arquitectura cliente\/servidor trabajando con Microsoft SQL Server, que garantiza la seguridad y fiabilidad de los datos.<a href=\"\/wp-content\/uploads\/apple-2273_1280.jpg\"><img data-recalc-dims=\"1\" loading=\"lazy\" decoding=\"async\" class=\"alignright wp-image-1552 size-medium\" src=\"https:\/\/i0.wp.com\/www.hst.cat\/wp-content\/uploads\/apple-2273_1280.jpg?resize=300%2C200&#038;ssl=1\" alt=\"corus fruits\" width=\"300\" height=\"200\" srcset=\"https:\/\/i0.wp.com\/www.hst.cat\/wp-content\/uploads\/apple-2273_1280.jpg?resize=300%2C200&amp;ssl=1 300w, https:\/\/i0.wp.com\/www.hst.cat\/wp-content\/uploads\/apple-2273_1280.jpg?resize=1024%2C682&amp;ssl=1 1024w, https:\/\/i0.wp.com\/www.hst.cat\/wp-content\/uploads\/apple-2273_1280.jpg?resize=219%2C146&amp;ssl=1 219w, https:\/\/i0.wp.com\/www.hst.cat\/wp-content\/uploads\/apple-2273_1280.jpg?resize=50%2C33&amp;ssl=1 50w, https:\/\/i0.wp.com\/www.hst.cat\/wp-content\/uploads\/apple-2273_1280.jpg?resize=576%2C384&amp;ssl=1 576w, https:\/\/i0.wp.com\/www.hst.cat\/wp-content\/uploads\/apple-2273_1280.jpg?resize=113%2C75&amp;ssl=1 113w, https:\/\/i0.wp.com\/www.hst.cat\/wp-content\/uploads\/apple-2273_1280.jpg?w=1280&amp;ssl=1 1280w\" sizes=\"auto, (max-width:767px) 300px, 300px\" \/><\/a><\/p>\n<p>Al tractarse de una apliaci\u00f3n abierta y en cont\u00ednuo desarrollo, dando la posibilidad a sus usuarios de colaborar en la personalizaci\u00f3n y mejora, con nuevas aportaciones y utilidades.<\/p>\n<p><strong><strong>\u00a0<\/strong><\/strong><\/p>\n<p>El\u00a0m\u00f3dulo Corus Fruits se integra dentro de la gesti\u00f3n comercial estandard <a href=\"https:\/\/www.hst.cat\/es\/implantar-erp-lleida\/\">Corus Base <\/a>y permite un control de almacenes completo desde que entra la mercanc\u00eda hasta que sale. Pudiendo hacer cualquier movimiento entre alamacenes y procesar la mercanc\u00eda para venderla o bien para volverla a almacenar. Controlando en todo momento la trazabilidad.<\/p>\n<p>Corus fruit\u00a0es el mejor ERP de gesti\u00f3n para central Hortofrut\u00edcola en Lleida.<\/p>\n<h3><strong>HST te asesora e implanta Corus Fruits, la soluci\u00f3n de gesti\u00f3n para centrales frut\u00edcolas en Lleida.<\/strong><\/h3>\n<p>[\/vc_column_text][vc_row_inner][vc_column_inner width=\u00bb1\/1&#8243;][vc_column_text css=\u00bb.vc_custom_1431595429345{padding-top: 20px !important;padding-right: 20px !important;padding-bottom: 20px !important;padding-left: 20px !important;background-color: #cccccc !important;}\u00bb]El m\u00f3dulo Corus Fruits controla la trazabilidad y el movimiento entre almacenes de una forma f\u00e1cil y intuitiva.<\/p>\n<p>Se definen las fincas por proveedor e incluso se pueden guardar los tratamientos fitosanitarios por finca.<\/p>\n<p>Se integra dentro de la gesti\u00f3n comercial y contable general de modo que no es un proceso externo. Se enlaza con los procesos de compra, venta y fabricaci\u00f3n. As\u00ed pues, por ejemplo, en el momento de la recepci\u00f3n de la mercanc\u00eda por parte del proveedor le asignamos ya una finca en concreto y tambi\u00e9n a los tratamientos que le correspondan en la central.<\/p>\n<p>Todo queda registrado en las etiquetas que identifican el envase (palot, caja, etc.)<\/p>\n<p>Permite controlar el stock por almacenes y proveedores para facilitar los procesos de transformaci\u00f3n por partidas del mismo proveedor y de la misma finca.<\/p>\n<p>El proceso de transformaci\u00f3n queda controlado dentro de la trazabilidad interna, de modo que no perdemos el hilo conductor del or\u00edgen de la partida.<\/p>\n<p>El resultado de la transformaci\u00f3n se etiqueda individualmente en cada envase resultante.<\/p>\n<p>En el momento de la venta, a parte de saber el cliente, queda registrado tambi\u00e9n el transportista.<\/p>\n<p>En definitiva, a trav\u00e9s de la etiqueta de un envase, se relaciona directamente la partida de d\u00f3nde sali\u00f3 y los procesos de transformaci\u00f3n que ha sufrido el producto.[\/vc_column_text][\/vc_column_inner][\/vc_row_inner][\/vc_column][vc_column width=\u00bb1\/3&#8243;]\n<div class=\"wpcf7 no-js\" id=\"wpcf7-f1621-o1\" lang=\"es-ES\" dir=\"ltr\" data-wpcf7-id=\"1621\">\n<div class=\"screen-reader-response\"><p role=\"status\" aria-live=\"polite\" aria-atomic=\"true\"><\/p> <ul><\/ul><\/div>\n<form action=\"\/es\/wp-json\/wp\/v2\/pages\/1705#wpcf7-f1621-o1\" method=\"post\" class=\"wpcf7-form init\" aria-label=\"Formulario de contacto\" novalidate=\"novalidate\" data-status=\"init\">\n<fieldset class=\"hidden-fields-container\"><input type=\"hidden\" name=\"_wpcf7\" value=\"1621\" \/><input type=\"hidden\" name=\"_wpcf7_version\" value=\"6.1.5\" \/><input type=\"hidden\" name=\"_wpcf7_locale\" value=\"es_ES\" \/><input type=\"hidden\" name=\"_wpcf7_unit_tag\" value=\"wpcf7-f1621-o1\" \/><input type=\"hidden\" name=\"_wpcf7_container_post\" value=\"0\" \/><input type=\"hidden\" name=\"_wpcf7_posted_data_hash\" value=\"\" \/><input type=\"hidden\" name=\"_wpcf7cf_hidden_group_fields\" value=\"[]\" \/><input type=\"hidden\" name=\"_wpcf7cf_hidden_groups\" value=\"[]\" \/><input type=\"hidden\" name=\"_wpcf7cf_visible_groups\" value=\"[]\" \/><input type=\"hidden\" name=\"_wpcf7cf_repeaters\" value=\"[]\" \/><input type=\"hidden\" name=\"_wpcf7cf_steps\" value=\"{}\" \/><input type=\"hidden\" name=\"_wpcf7cf_options\" value=\"{&quot;form_id&quot;:1621,&quot;conditions&quot;:[],&quot;settings&quot;:{&quot;animation&quot;:&quot;yes&quot;,&quot;animation_intime&quot;:200,&quot;animation_outtime&quot;:200,&quot;conditions_ui&quot;:&quot;normal&quot;,&quot;notice_dismissed&quot;:false,&quot;notice_dismissed_rollback-cf7-5.9.2&quot;:true,&quot;notice_dismissed_rollback-cf7-5.9.4&quot;:true,&quot;notice_dismissed_rollback-cf7-5.9.5&quot;:true,&quot;notice_dismissed_rollback-cf7-5.9.6&quot;:true,&quot;notice_dismissed_update-cf7-6.1.4&quot;:true}}\" \/><input type=\"hidden\" name=\"_wpcf7_recaptcha_response\" value=\"\" \/>\n<\/fieldset>\n<p><span class=\"wpcf7-form-control-wrap\" data-name=\"your-name\"><input size=\"40\" maxlength=\"400\" class=\"wpcf7-form-control wpcf7-text wpcf7-validates-as-required\" aria-required=\"true\" aria-invalid=\"false\" placeholder=\"Nombre\" value=\"\" type=\"text\" name=\"your-name\" \/><\/span>\n<\/p>\n<p><span class=\"wpcf7-form-control-wrap\" data-name=\"your-email\"><input size=\"40\" maxlength=\"400\" class=\"wpcf7-form-control wpcf7-email wpcf7-validates-as-required wpcf7-text wpcf7-validates-as-email\" aria-required=\"true\" aria-invalid=\"false\" placeholder=\"Email\" value=\"\" type=\"email\" name=\"your-email\" \/><\/span>\n<\/p>\n<p><span class=\"wpcf7-form-control-wrap\" data-name=\"your-message\"><textarea cols=\"40\" rows=\"10\" maxlength=\"2000\" class=\"wpcf7-form-control wpcf7-textarea\" aria-invalid=\"false\" placeholder=\"Mensaje\" name=\"your-message\"><\/textarea><\/span>\n<\/p>\n<p><span style=\"font-size:13px;\"><br \/>\nTratamos los datos que nos facilita con el fin de dar respuesta a la consulta sobre nuestros productos y servicios por cualquier medio (postal, email o tel\u00e9fono). Los datos proporcionados se conservar\u00e1n mientras no solicite el cese de la actividad. Los datos no se ceder\u00e1n a terceros salvo en los casos en que exista una obligaci\u00f3n legal. Usted tiene derecho a obtener confirmaci\u00f3n sobre si en HST estamos tratando sus datos personales por tanto tiene derecho a acceder a sus datos personales, rectificar los datos inexactos o solicitar su supresi\u00f3n cuando los datos ya no sean necesarios para los fines que fueron recogidos.<\/span>\n<\/p>\n<p><span style=\"font-size:13px;\"><br \/>\nDesea recibir comunicados de marketing de HST por correo electr\u00f3nico y entendiendo que sus datos personales se tratar\u00e1n como la <a href=\"\/politica-de-privacitat\/\" target=\"_blank\">pol\u00edtica de privacidad<\/a> <\/span>\n<\/p>\n<p><span class=\"wpcf7-form-control-wrap\" data-name=\"RGPD-accepto\"><span class=\"wpcf7-form-control wpcf7-checkbox wpcf7-validates-as-required wpcf7-exclusive-checkbox\"><span class=\"wpcf7-list-item first\"><label><input type=\"checkbox\" name=\"RGPD-accepto\" value=\"Si\" \/><span class=\"wpcf7-list-item-label\">Si<\/span><\/label><\/span><span class=\"wpcf7-list-item last\"><label><input type=\"checkbox\" name=\"RGPD-accepto\" value=\"No, gracias\" \/><span class=\"wpcf7-list-item-label\">No, gracias<\/span><\/label><\/span><\/span><\/span>\n<\/p>\n<p><br clear=\"all\" \/>\n<\/p>\n<p>\n\n<\/p>\n<p><input class=\"wpcf7-form-control wpcf7-submit has-spinner\" type=\"submit\" value=\"Enviar\" \/>\n<\/p><div class=\"wpcf7-response-output\" aria-hidden=\"true\"><\/div>\n<\/form>\n<\/div>\n[\/vc_column][\/vc_row][vc_row][vc_column width=\u00bb1\/1&#8243;][vc_column_text]<\/p>\n<p><strong>Quiz\u00e1s estabas buscando :<\/strong><br \/>\n<em>Corus Fruits Lleida, Distribuidor Corus Fruits Lleida, Comprar corus fruits lleida, Servicio t\u00e9cnico corus fruits lleida,\u00a0software para c\u00e1maras\u00a0fruct\u00edcolas\u00a0Lleida, software para c\u00e1maras\u00a0de fruta Lleida, software para c\u00e1maras\u00a0hortofrut\u00edcolas\u00a0Lleida, software para almacenes\u00a0de fruta Lleida<\/em>[\/vc_column_text][\/vc_column][\/vc_row]<\/p>\n<\/div>","protected":false},"excerpt":{"rendered":"<p>[vc_row][vc_column width=\u00bb2\/3&#8243; css=\u00bb.vc_custom_1422807004299{padding-right: 60px !important;}\u00bb][vc_column_text] Software Corus Fruits Alta tecnolog\u00eda y prestaciones con arquitectura cliente\/servidor trabajando con Microsoft SQL Server, que garantiza la seguridad y fiabilidad<span class=\"excerpt-hellip\"> [\u2026]<\/span><\/p>\n","protected":false},"author":2,"featured_media":0,"parent":0,"menu_order":0,"comment_status":"open","ping_status":"closed","template":"","meta":{"footnotes":""},"class_list":["post-1705","page","type-page","status-publish","hentry"],"yoast_head":"<!-- This site is optimized with the Yoast SEO plugin v27.5 - https:\/\/yoast.com\/product\/yoast-seo-wordpress\/ -->\n<title>Software central hortofruticola Lleida,Software camara de fruta Lleida<\/title>\n<meta name=\"description\" content=\"El mejor ERP para gesti\u00f3n de centrales hortofruticoles en Lleida\" \/>\n<meta name=\"robots\" content=\"index, follow, max-snippet:-1, max-image-preview:large, max-video-preview:-1\" \/>\n<link rel=\"canonical\" href=\"https:\/\/www.hst.cat\/es\/software-central-hortofruticola\/\" \/>\n<meta property=\"og:locale\" content=\"es_ES\" \/>\n<meta property=\"og:type\" content=\"article\" \/>\n<meta property=\"og:title\" content=\"Software central hortofruticola Lleida,Software camara de fruta Lleida\" \/>\n<meta property=\"og:description\" content=\"El mejor ERP para gesti\u00f3n de centrales hortofruticoles en Lleida\" \/>\n<meta property=\"og:url\" content=\"https:\/\/www.hst.cat\/es\/software-central-hortofruticola\/\" \/>\n<meta property=\"og:site_name\" content=\"Inform\u00e0tica Lleida HST\" \/>\n<meta property=\"article:modified_time\" content=\"2022-03-25T10:12:36+00:00\" \/>\n<meta property=\"og:image\" content=\"https:\/\/www.hst.cat\/wp-content\/uploads\/apple-2273_1280-300x200.jpg\" \/>\n<meta name=\"twitter:label1\" content=\"Tiempo de lectura\" \/>\n\t<meta name=\"twitter:data1\" content=\"3 minutos\" \/>\n<script type=\"application\/ld+json\" class=\"yoast-schema-graph\">{\"@context\":\"https:\\\/\\\/schema.org\",\"@graph\":[{\"@type\":\"WebPage\",\"@id\":\"https:\\\/\\\/www.hst.cat\\\/es\\\/software-central-hortofruticola\\\/\",\"url\":\"https:\\\/\\\/www.hst.cat\\\/es\\\/software-central-hortofruticola\\\/\",\"name\":\"Software central hortofruticola Lleida,Software camara de fruta Lleida\",\"isPartOf\":{\"@id\":\"https:\\\/\\\/www.hst.cat\\\/#website\"},\"primaryImageOfPage\":{\"@id\":\"https:\\\/\\\/www.hst.cat\\\/es\\\/software-central-hortofruticola\\\/#primaryimage\"},\"image\":{\"@id\":\"https:\\\/\\\/www.hst.cat\\\/es\\\/software-central-hortofruticola\\\/#primaryimage\"},\"thumbnailUrl\":\"https:\\\/\\\/www.hst.cat\\\/wp-content\\\/uploads\\\/apple-2273_1280-300x200.jpg\",\"datePublished\":\"2015-01-26T22:08:44+00:00\",\"dateModified\":\"2022-03-25T10:12:36+00:00\",\"description\":\"El mejor ERP para gesti\u00f3n de centrales hortofruticoles en Lleida\",\"breadcrumb\":{\"@id\":\"https:\\\/\\\/www.hst.cat\\\/es\\\/software-central-hortofruticola\\\/#breadcrumb\"},\"inLanguage\":\"es\",\"potentialAction\":[{\"@type\":\"ReadAction\",\"target\":[\"https:\\\/\\\/www.hst.cat\\\/es\\\/software-central-hortofruticola\\\/\"]}]},{\"@type\":\"ImageObject\",\"inLanguage\":\"es\",\"@id\":\"https:\\\/\\\/www.hst.cat\\\/es\\\/software-central-hortofruticola\\\/#primaryimage\",\"url\":\"https:\\\/\\\/www.hst.cat\\\/wp-content\\\/uploads\\\/apple-2273_1280-300x200.jpg\",\"contentUrl\":\"https:\\\/\\\/www.hst.cat\\\/wp-content\\\/uploads\\\/apple-2273_1280-300x200.jpg\"},{\"@type\":\"BreadcrumbList\",\"@id\":\"https:\\\/\\\/www.hst.cat\\\/es\\\/software-central-hortofruticola\\\/#breadcrumb\",\"itemListElement\":[{\"@type\":\"ListItem\",\"position\":1,\"name\":\"Portada\",\"item\":\"https:\\\/\\\/www.hst.cat\\\/es\\\/\"},{\"@type\":\"ListItem\",\"position\":2,\"name\":\"Corus Fruits\"}]},{\"@type\":\"WebSite\",\"@id\":\"https:\\\/\\\/www.hst.cat\\\/#website\",\"url\":\"https:\\\/\\\/www.hst.cat\\\/\",\"name\":\"Inform\u00e0tica Lleida HST\",\"description\":\"Oferim serveis d\u2019inform\u00e0tica i noves tecnologies per empreses. Servei t\u00e8cnic, Web, Soft Gesti\u00f3, Xarxes, Consultoria\",\"potentialAction\":[{\"@type\":\"SearchAction\",\"target\":{\"@type\":\"EntryPoint\",\"urlTemplate\":\"https:\\\/\\\/www.hst.cat\\\/?s={search_term_string}\"},\"query-input\":{\"@type\":\"PropertyValueSpecification\",\"valueRequired\":true,\"valueName\":\"search_term_string\"}}],\"inLanguage\":\"es\"}]}<\/script>\n<!-- \/ Yoast SEO plugin. -->","yoast_head_json":{"title":"Software central hortofruticola Lleida,Software camara de fruta Lleida","description":"El mejor ERP para gesti\u00f3n de centrales hortofruticoles en Lleida","robots":{"index":"index","follow":"follow","max-snippet":"max-snippet:-1","max-image-preview":"max-image-preview:large","max-video-preview":"max-video-preview:-1"},"canonical":"https:\/\/www.hst.cat\/es\/software-central-hortofruticola\/","og_locale":"es_ES","og_type":"article","og_title":"Software central hortofruticola Lleida,Software camara de fruta Lleida","og_description":"El mejor ERP para gesti\u00f3n de centrales hortofruticoles en Lleida","og_url":"https:\/\/www.hst.cat\/es\/software-central-hortofruticola\/","og_site_name":"Inform\u00e0tica Lleida HST","article_modified_time":"2022-03-25T10:12:36+00:00","og_image":[{"url":"https:\/\/www.hst.cat\/wp-content\/uploads\/apple-2273_1280-300x200.jpg","type":"","width":"","height":""}],"twitter_misc":{"Tiempo de lectura":"3 minutos"},"schema":{"@context":"https:\/\/schema.org","@graph":[{"@type":"WebPage","@id":"https:\/\/www.hst.cat\/es\/software-central-hortofruticola\/","url":"https:\/\/www.hst.cat\/es\/software-central-hortofruticola\/","name":"Software central hortofruticola Lleida,Software camara de fruta Lleida","isPartOf":{"@id":"https:\/\/www.hst.cat\/#website"},"primaryImageOfPage":{"@id":"https:\/\/www.hst.cat\/es\/software-central-hortofruticola\/#primaryimage"},"image":{"@id":"https:\/\/www.hst.cat\/es\/software-central-hortofruticola\/#primaryimage"},"thumbnailUrl":"https:\/\/www.hst.cat\/wp-content\/uploads\/apple-2273_1280-300x200.jpg","datePublished":"2015-01-26T22:08:44+00:00","dateModified":"2022-03-25T10:12:36+00:00","description":"El mejor ERP para gesti\u00f3n de centrales hortofruticoles en Lleida","breadcrumb":{"@id":"https:\/\/www.hst.cat\/es\/software-central-hortofruticola\/#breadcrumb"},"inLanguage":"es","potentialAction":[{"@type":"ReadAction","target":["https:\/\/www.hst.cat\/es\/software-central-hortofruticola\/"]}]},{"@type":"ImageObject","inLanguage":"es","@id":"https:\/\/www.hst.cat\/es\/software-central-hortofruticola\/#primaryimage","url":"https:\/\/www.hst.cat\/wp-content\/uploads\/apple-2273_1280-300x200.jpg","contentUrl":"https:\/\/www.hst.cat\/wp-content\/uploads\/apple-2273_1280-300x200.jpg"},{"@type":"BreadcrumbList","@id":"https:\/\/www.hst.cat\/es\/software-central-hortofruticola\/#breadcrumb","itemListElement":[{"@type":"ListItem","position":1,"name":"Portada","item":"https:\/\/www.hst.cat\/es\/"},{"@type":"ListItem","position":2,"name":"Corus Fruits"}]},{"@type":"WebSite","@id":"https:\/\/www.hst.cat\/#website","url":"https:\/\/www.hst.cat\/","name":"Inform\u00e0tica Lleida HST","description":"Oferim serveis d\u2019inform\u00e0tica i noves tecnologies per empreses. Servei t\u00e8cnic, Web, Soft Gesti\u00f3, Xarxes, Consultoria","potentialAction":[{"@type":"SearchAction","target":{"@type":"EntryPoint","urlTemplate":"https:\/\/www.hst.cat\/?s={search_term_string}"},"query-input":{"@type":"PropertyValueSpecification","valueRequired":true,"valueName":"search_term_string"}}],"inLanguage":"es"}]}},"jetpack_shortlink":"https:\/\/wp.me\/P7Yfwy-rv","jetpack_sharing_enabled":true,"_links":{"self":[{"href":"https:\/\/www.hst.cat\/es\/wp-json\/wp\/v2\/pages\/1705","targetHints":{"allow":["GET"]}}],"collection":[{"href":"https:\/\/www.hst.cat\/es\/wp-json\/wp\/v2\/pages"}],"about":[{"href":"https:\/\/www.hst.cat\/es\/wp-json\/wp\/v2\/types\/page"}],"author":[{"embeddable":true,"href":"https:\/\/www.hst.cat\/es\/wp-json\/wp\/v2\/users\/2"}],"replies":[{"embeddable":true,"href":"https:\/\/www.hst.cat\/es\/wp-json\/wp\/v2\/comments?post=1705"}],"version-history":[{"count":4,"href":"https:\/\/www.hst.cat\/es\/wp-json\/wp\/v2\/pages\/1705\/revisions"}],"predecessor-version":[{"id":2828,"href":"https:\/\/www.hst.cat\/es\/wp-json\/wp\/v2\/pages\/1705\/revisions\/2828"}],"wp:attachment":[{"href":"https:\/\/www.hst.cat\/es\/wp-json\/wp\/v2\/media?parent=1705"}],"curies":[{"name":"wp","href":"https:\/\/api.w.org\/{rel}","templated":true}]}}