{"id":1713,"date":"2015-01-26T23:12:38","date_gmt":"2015-01-26T22:12:38","guid":{"rendered":"http:\/\/hst.cat\/equipament-informatic-lleida-2\/"},"modified":"2022-03-25T11:15:41","modified_gmt":"2022-03-25T10:15:41","slug":"equipamiento-informatico-lleida","status":"publish","type":"page","link":"https:\/\/www.hst.cat\/es\/equipamiento-informatico-lleida\/","title":{"rendered":"Equipamiento inform\u00e1tico"},"content":{"rendered":"<div class=\"wpb-content-wrapper\"><p>[vc_row full_width=\u00bbstretch_row\u00bb css=\u00bb.vc_custom_1423242505970{background-image: url(https:\/\/www.hst.cat\/wp-content\/uploads\/slider-background-lila.jpg?id=555) !important;background-position: center !important;background-repeat: no-repeat !important;background-size: cover !important;}\u00bb][vc_column width=\u00bb1\/2&#8243;][vc_single_image image=\u00bb1024&#8243; img_size=\u00bbfull\u00bb alignment=\u00bbcenter\u00bb css=\u00bb.vc_custom_1423141842060{margin-top: 30px !important;}\u00bb][\/vc_column][vc_column width=\u00bb1\/2&#8243;][vc_column_text css=\u00bb.vc_custom_1571060104703{padding-top: 30px !important;padding-bottom: 30px !important;}\u00bb]<\/p>\n<h2>Equipamiento inform\u00e1tico<\/h2>\n<h3>Disponer de un buen equipamiento inform\u00e1tico aumenta el redimiento productivo de la empresa<\/h3>\n<p>D\u00e9jate aconsejar por nuestro equipo de profesionales, te ofrecemos la m\u00e1s amplia variedad de equipos y perif\u00e9ricos inform\u00e1ticos. Trabajamos con los principales fabricantes de ordenadores, port\u00e1tiles, servidores, TPVs, impresoras, electr\u00f3nica de red, etc.<\/p>\n<p>S\u00f3lo dinos tus necesidades y uno de nuestros consultores, expertos en nuevas tecnolog\u00edas, preparar\u00e1 para ti un presupuesto a medida. Somos tu consultor inform\u00e1tico en Lleida.<\/p>\n<h4>Gestionamos tu renting o buscamos la financiaci\u00f3n m\u00e1s adecuada a tu proyecto.<\/h4>\n<h1><a href=\"\/es\/soporte-informatico-empresa-lleida\/\" target=\"_blank\" rel=\"noopener noreferrer\">MANTENIMIENTO INFORM\u00c1TICO PARA EMPRESAS<\/a><\/h1>\n<p>[\/vc_column_text][\/vc_column][\/vc_row][vc_row][vc_column width=\u00bb2\/3&#8243; css=\u00bb.vc_custom_1422807004299{padding-right: 60px !important;}\u00bb][vc_column_text]<\/p>\n<h3>Asesoramiento<\/h3>\n<p>Asesoramos al cliente para la adquisici\u00f3n de los mejores equipos inform\u00e1ticos y perif\u00e9ricos. Te informamos de las novedades del mercado que te pueden encajar en cada momento. Somos consultores inform\u00e1ticos.<\/p>\n<h3>Marcas<\/h3>\n<p>Trabajamos con los principales fabricantes como: LENOVO, ACER, SAMSUNG, TOSHIBA, MICROSOFT, HP, ASUS, &#8230;.<\/p>\n<h3>Suministro<\/h3>\n<p>Suministramos todo tipo de equipos (ordenadores, port\u00e1tiles, servidores, TPVs, impresoras, &#8230;), y accesorios inform\u00e1ticos.<\/p>\n<h3><\/h3>\n<p>[\/vc_column_text][vc_column_text]<\/p>\n<h3>Consumibles<\/h3>\n<p>Suministramos consumibles de los principales fabricantes de impresoras: Hp, Canon, Lexmark, Oki, Epson, Brother, Ricoh etc. Disponemos de consumibles originales y tambi\u00e9n compatibles. Pide presupuesto los consumibles que utilizas habitualmente, podemos ofrecerte los mejores precios. Si quieres <strong>comprar consumibles en Lleida<\/strong>, ven a HST.<\/p>\n<h3>Pago por copia<\/h3>\n<p>En HST somos conscientes de los problemas de costes que hay en las organizaciones a d\u00eda de hoy y del tiempo que se pierde en actividades que desv\u00edan tu atenci\u00f3n de lo que realmente rentabiliza tu negocio. Por ello, hemos creado para ti el programa de<strong> Pago por copia.<\/strong><\/p>\n<p>Con este sistema tu organizaci\u00f3n tendr\u00e1 un precio \u00fanico por p\u00e1gina para tener siempre bajo control los vol\u00famenes de uso y costes de producci\u00f3n de los equipos de tu empresa.<\/p>\n<p>Con pago por copia dispondr\u00e1s siempre de la \u00faltima tecnolog\u00eda para la producci\u00f3n de documentos sin necesidad de comprarla.<\/p>\n<p>Solicita informaci\u00f3n sobre <strong>pago por copia<\/strong> a nuestros comerciales.[\/vc_column_text][\/vc_column][vc_column width=\u00bb1\/3&#8243;]\n<div class=\"wpcf7 no-js\" id=\"wpcf7-f1621-o1\" lang=\"es-ES\" dir=\"ltr\" data-wpcf7-id=\"1621\">\n<div class=\"screen-reader-response\"><p role=\"status\" aria-live=\"polite\" aria-atomic=\"true\"><\/p> <ul><\/ul><\/div>\n<form action=\"\/es\/wp-json\/wp\/v2\/pages\/1713#wpcf7-f1621-o1\" method=\"post\" class=\"wpcf7-form init\" aria-label=\"Formulario de contacto\" novalidate=\"novalidate\" data-status=\"init\">\n<fieldset class=\"hidden-fields-container\"><input type=\"hidden\" name=\"_wpcf7\" value=\"1621\" \/><input type=\"hidden\" name=\"_wpcf7_version\" value=\"6.1.5\" \/><input type=\"hidden\" name=\"_wpcf7_locale\" value=\"es_ES\" \/><input type=\"hidden\" name=\"_wpcf7_unit_tag\" value=\"wpcf7-f1621-o1\" \/><input type=\"hidden\" name=\"_wpcf7_container_post\" value=\"0\" \/><input type=\"hidden\" name=\"_wpcf7_posted_data_hash\" value=\"\" \/><input type=\"hidden\" name=\"_wpcf7cf_hidden_group_fields\" value=\"[]\" \/><input type=\"hidden\" name=\"_wpcf7cf_hidden_groups\" value=\"[]\" \/><input type=\"hidden\" name=\"_wpcf7cf_visible_groups\" value=\"[]\" \/><input type=\"hidden\" name=\"_wpcf7cf_repeaters\" value=\"[]\" \/><input type=\"hidden\" name=\"_wpcf7cf_steps\" value=\"{}\" \/><input type=\"hidden\" name=\"_wpcf7cf_options\" value=\"{&quot;form_id&quot;:1621,&quot;conditions&quot;:[],&quot;settings&quot;:{&quot;animation&quot;:&quot;yes&quot;,&quot;animation_intime&quot;:200,&quot;animation_outtime&quot;:200,&quot;conditions_ui&quot;:&quot;normal&quot;,&quot;notice_dismissed&quot;:false,&quot;notice_dismissed_rollback-cf7-5.9.2&quot;:true,&quot;notice_dismissed_rollback-cf7-5.9.4&quot;:true,&quot;notice_dismissed_rollback-cf7-5.9.5&quot;:true,&quot;notice_dismissed_rollback-cf7-5.9.6&quot;:true,&quot;notice_dismissed_update-cf7-6.1.4&quot;:true}}\" \/><input type=\"hidden\" name=\"_wpcf7_recaptcha_response\" value=\"\" \/>\n<\/fieldset>\n<p><span class=\"wpcf7-form-control-wrap\" data-name=\"your-name\"><input size=\"40\" maxlength=\"400\" class=\"wpcf7-form-control wpcf7-text wpcf7-validates-as-required\" aria-required=\"true\" aria-invalid=\"false\" placeholder=\"Nombre\" value=\"\" type=\"text\" name=\"your-name\" \/><\/span>\n<\/p>\n<p><span class=\"wpcf7-form-control-wrap\" data-name=\"your-email\"><input size=\"40\" maxlength=\"400\" class=\"wpcf7-form-control wpcf7-email wpcf7-validates-as-required wpcf7-text wpcf7-validates-as-email\" aria-required=\"true\" aria-invalid=\"false\" placeholder=\"Email\" value=\"\" type=\"email\" name=\"your-email\" \/><\/span>\n<\/p>\n<p><span class=\"wpcf7-form-control-wrap\" data-name=\"your-message\"><textarea cols=\"40\" rows=\"10\" maxlength=\"2000\" class=\"wpcf7-form-control wpcf7-textarea\" aria-invalid=\"false\" placeholder=\"Mensaje\" name=\"your-message\"><\/textarea><\/span>\n<\/p>\n<p><span style=\"font-size:13px;\"><br \/>\nTratamos los datos que nos facilita con el fin de dar respuesta a la consulta sobre nuestros productos y servicios por cualquier medio (postal, email o tel\u00e9fono). Los datos proporcionados se conservar\u00e1n mientras no solicite el cese de la actividad. Los datos no se ceder\u00e1n a terceros salvo en los casos en que exista una obligaci\u00f3n legal. Usted tiene derecho a obtener confirmaci\u00f3n sobre si en HST estamos tratando sus datos personales por tanto tiene derecho a acceder a sus datos personales, rectificar los datos inexactos o solicitar su supresi\u00f3n cuando los datos ya no sean necesarios para los fines que fueron recogidos.<\/span>\n<\/p>\n<p><span style=\"font-size:13px;\"><br \/>\nDesea recibir comunicados de marketing de HST por correo electr\u00f3nico y entendiendo que sus datos personales se tratar\u00e1n como la <a href=\"\/politica-de-privacitat\/\" target=\"_blank\">pol\u00edtica de privacidad<\/a> <\/span>\n<\/p>\n<p><span class=\"wpcf7-form-control-wrap\" data-name=\"RGPD-accepto\"><span class=\"wpcf7-form-control wpcf7-checkbox wpcf7-validates-as-required wpcf7-exclusive-checkbox\"><span class=\"wpcf7-list-item first\"><label><input type=\"checkbox\" name=\"RGPD-accepto\" value=\"Si\" \/><span class=\"wpcf7-list-item-label\">Si<\/span><\/label><\/span><span class=\"wpcf7-list-item last\"><label><input type=\"checkbox\" name=\"RGPD-accepto\" value=\"No, gracias\" \/><span class=\"wpcf7-list-item-label\">No, gracias<\/span><\/label><\/span><\/span><\/span>\n<\/p>\n<p><br clear=\"all\" \/>\n<\/p>\n<p>\n\n<\/p>\n<p><input class=\"wpcf7-form-control wpcf7-submit has-spinner\" type=\"submit\" value=\"Enviar\" \/>\n<\/p><div class=\"wpcf7-response-output\" aria-hidden=\"true\"><\/div>\n<\/form>\n<\/div>\n[\/vc_column][\/vc_row][vc_row][vc_column][vc_column_text]<\/p>\n<p>&nbsp;<\/p>\n<p>&nbsp;<\/p>\n<p><strong>Quiz\u00e1s estabas buscando :<\/strong><\/p>\n<p><i>comprar odenador Lleida, comprar servidor Lleida, comprar consumibles Lleida, inform\u00e1tica Lleida, proveedor inform\u00e1tica empresas Lleida<\/i>[\/vc_column_text][\/vc_column][\/vc_row]<\/p>\n<\/div>","protected":false},"excerpt":{"rendered":"<p>[vc_row full_width=\u00bbstretch_row\u00bb css=\u00bb.vc_custom_1423242505970{background-image: url(https:\/\/www.hst.cat\/wp-content\/uploads\/slider-background-lila.jpg?id=555) !important;background-position: center !important;background-repeat: no-repeat !important;background-size: cover !important;}\u00bb][vc_column width=\u00bb1\/2&#8243;][vc_single_image image=\u00bb1024&#8243; img_size=\u00bbfull\u00bb alignment=\u00bbcenter\u00bb css=\u00bb.vc_custom_1423141842060{margin-top: 30px !important;}\u00bb][\/vc_column][vc_column width=\u00bb1\/2&#8243;][vc_column_text css=\u00bb.vc_custom_1571060104703{padding-top: 30px !important;padding-bottom: 30px !important;}\u00bb] Equipamiento inform\u00e1tico<span class=\"excerpt-hellip\"> [\u2026]<\/span><\/p>\n","protected":false},"author":2,"featured_media":0,"parent":0,"menu_order":0,"comment_status":"open","ping_status":"closed","template":"","meta":{"footnotes":""},"class_list":["post-1713","page","type-page","status-publish","hentry"],"yoast_head":"<!-- This site is optimized with the Yoast SEO plugin v27.3 - https:\/\/yoast.com\/product\/yoast-seo-wordpress\/ -->\n<title>Comprar servidor Lleida, Equipamiento informatico Lleida<\/title>\n<meta name=\"description\" content=\"D\u00e9janos aconsejarte por nuestro equipo de profesionales, le ofrecemos la m\u00e1s amplia variedad de equipos y perif\u00e9ricos inform\u00e1ticos\" \/>\n<meta name=\"robots\" content=\"index, follow, max-snippet:-1, max-image-preview:large, max-video-preview:-1\" \/>\n<link rel=\"canonical\" href=\"https:\/\/www.hst.cat\/es\/equipamiento-informatico-lleida\/\" \/>\n<meta property=\"og:locale\" content=\"es_ES\" \/>\n<meta property=\"og:type\" content=\"article\" \/>\n<meta property=\"og:title\" content=\"Comprar servidor Lleida, Equipamiento informatico Lleida\" \/>\n<meta property=\"og:description\" content=\"D\u00e9janos aconsejarte por nuestro equipo de profesionales, le ofrecemos la m\u00e1s amplia variedad de equipos y perif\u00e9ricos inform\u00e1ticos\" \/>\n<meta property=\"og:url\" content=\"https:\/\/www.hst.cat\/es\/equipamiento-informatico-lleida\/\" \/>\n<meta property=\"og:site_name\" content=\"Inform\u00e0tica Lleida HST\" \/>\n<meta property=\"article:modified_time\" content=\"2022-03-25T10:15:41+00:00\" \/>\n<meta name=\"twitter:label1\" content=\"Tiempo de lectura\" \/>\n\t<meta name=\"twitter:data1\" content=\"2 minutos\" \/>\n<script type=\"application\/ld+json\" class=\"yoast-schema-graph\">{\"@context\":\"https:\\\/\\\/schema.org\",\"@graph\":[{\"@type\":\"WebPage\",\"@id\":\"https:\\\/\\\/www.hst.cat\\\/es\\\/equipamiento-informatico-lleida\\\/\",\"url\":\"https:\\\/\\\/www.hst.cat\\\/es\\\/equipamiento-informatico-lleida\\\/\",\"name\":\"Comprar servidor Lleida, Equipamiento informatico Lleida\",\"isPartOf\":{\"@id\":\"https:\\\/\\\/www.hst.cat\\\/#website\"},\"datePublished\":\"2015-01-26T22:12:38+00:00\",\"dateModified\":\"2022-03-25T10:15:41+00:00\",\"description\":\"D\u00e9janos aconsejarte por nuestro equipo de profesionales, le ofrecemos la m\u00e1s amplia variedad de equipos y perif\u00e9ricos inform\u00e1ticos\",\"breadcrumb\":{\"@id\":\"https:\\\/\\\/www.hst.cat\\\/es\\\/equipamiento-informatico-lleida\\\/#breadcrumb\"},\"inLanguage\":\"es\",\"potentialAction\":[{\"@type\":\"ReadAction\",\"target\":[\"https:\\\/\\\/www.hst.cat\\\/es\\\/equipamiento-informatico-lleida\\\/\"]}]},{\"@type\":\"BreadcrumbList\",\"@id\":\"https:\\\/\\\/www.hst.cat\\\/es\\\/equipamiento-informatico-lleida\\\/#breadcrumb\",\"itemListElement\":[{\"@type\":\"ListItem\",\"position\":1,\"name\":\"Portada\",\"item\":\"https:\\\/\\\/www.hst.cat\\\/es\\\/\"},{\"@type\":\"ListItem\",\"position\":2,\"name\":\"Equipamiento inform\u00e1tico\"}]},{\"@type\":\"WebSite\",\"@id\":\"https:\\\/\\\/www.hst.cat\\\/#website\",\"url\":\"https:\\\/\\\/www.hst.cat\\\/\",\"name\":\"Inform\u00e0tica Lleida HST\",\"description\":\"Oferim serveis d\u2019inform\u00e0tica i noves tecnologies per empreses. Servei t\u00e8cnic, Web, Soft Gesti\u00f3, Xarxes, Consultoria\",\"potentialAction\":[{\"@type\":\"SearchAction\",\"target\":{\"@type\":\"EntryPoint\",\"urlTemplate\":\"https:\\\/\\\/www.hst.cat\\\/?s={search_term_string}\"},\"query-input\":{\"@type\":\"PropertyValueSpecification\",\"valueRequired\":true,\"valueName\":\"search_term_string\"}}],\"inLanguage\":\"es\"}]}<\/script>\n<!-- \/ Yoast SEO plugin. -->","yoast_head_json":{"title":"Comprar servidor Lleida, Equipamiento informatico Lleida","description":"D\u00e9janos aconsejarte por nuestro equipo de profesionales, le ofrecemos la m\u00e1s amplia variedad de equipos y perif\u00e9ricos inform\u00e1ticos","robots":{"index":"index","follow":"follow","max-snippet":"max-snippet:-1","max-image-preview":"max-image-preview:large","max-video-preview":"max-video-preview:-1"},"canonical":"https:\/\/www.hst.cat\/es\/equipamiento-informatico-lleida\/","og_locale":"es_ES","og_type":"article","og_title":"Comprar servidor Lleida, Equipamiento informatico Lleida","og_description":"D\u00e9janos aconsejarte por nuestro equipo de profesionales, le ofrecemos la m\u00e1s amplia variedad de equipos y perif\u00e9ricos inform\u00e1ticos","og_url":"https:\/\/www.hst.cat\/es\/equipamiento-informatico-lleida\/","og_site_name":"Inform\u00e0tica Lleida HST","article_modified_time":"2022-03-25T10:15:41+00:00","twitter_misc":{"Tiempo de lectura":"2 minutos"},"schema":{"@context":"https:\/\/schema.org","@graph":[{"@type":"WebPage","@id":"https:\/\/www.hst.cat\/es\/equipamiento-informatico-lleida\/","url":"https:\/\/www.hst.cat\/es\/equipamiento-informatico-lleida\/","name":"Comprar servidor Lleida, Equipamiento informatico Lleida","isPartOf":{"@id":"https:\/\/www.hst.cat\/#website"},"datePublished":"2015-01-26T22:12:38+00:00","dateModified":"2022-03-25T10:15:41+00:00","description":"D\u00e9janos aconsejarte por nuestro equipo de profesionales, le ofrecemos la m\u00e1s amplia variedad de equipos y perif\u00e9ricos inform\u00e1ticos","breadcrumb":{"@id":"https:\/\/www.hst.cat\/es\/equipamiento-informatico-lleida\/#breadcrumb"},"inLanguage":"es","potentialAction":[{"@type":"ReadAction","target":["https:\/\/www.hst.cat\/es\/equipamiento-informatico-lleida\/"]}]},{"@type":"BreadcrumbList","@id":"https:\/\/www.hst.cat\/es\/equipamiento-informatico-lleida\/#breadcrumb","itemListElement":[{"@type":"ListItem","position":1,"name":"Portada","item":"https:\/\/www.hst.cat\/es\/"},{"@type":"ListItem","position":2,"name":"Equipamiento inform\u00e1tico"}]},{"@type":"WebSite","@id":"https:\/\/www.hst.cat\/#website","url":"https:\/\/www.hst.cat\/","name":"Inform\u00e0tica Lleida HST","description":"Oferim serveis d\u2019inform\u00e0tica i noves tecnologies per empreses. Servei t\u00e8cnic, Web, Soft Gesti\u00f3, Xarxes, Consultoria","potentialAction":[{"@type":"SearchAction","target":{"@type":"EntryPoint","urlTemplate":"https:\/\/www.hst.cat\/?s={search_term_string}"},"query-input":{"@type":"PropertyValueSpecification","valueRequired":true,"valueName":"search_term_string"}}],"inLanguage":"es"}]}},"jetpack_shortlink":"https:\/\/wp.me\/P7Yfwy-rD","jetpack_sharing_enabled":true,"_links":{"self":[{"href":"https:\/\/www.hst.cat\/es\/wp-json\/wp\/v2\/pages\/1713","targetHints":{"allow":["GET"]}}],"collection":[{"href":"https:\/\/www.hst.cat\/es\/wp-json\/wp\/v2\/pages"}],"about":[{"href":"https:\/\/www.hst.cat\/es\/wp-json\/wp\/v2\/types\/page"}],"author":[{"embeddable":true,"href":"https:\/\/www.hst.cat\/es\/wp-json\/wp\/v2\/users\/2"}],"replies":[{"embeddable":true,"href":"https:\/\/www.hst.cat\/es\/wp-json\/wp\/v2\/comments?post=1713"}],"version-history":[{"count":3,"href":"https:\/\/www.hst.cat\/es\/wp-json\/wp\/v2\/pages\/1713\/revisions"}],"predecessor-version":[{"id":12348,"href":"https:\/\/www.hst.cat\/es\/wp-json\/wp\/v2\/pages\/1713\/revisions\/12348"}],"wp:attachment":[{"href":"https:\/\/www.hst.cat\/es\/wp-json\/wp\/v2\/media?parent=1713"}],"curies":[{"name":"wp","href":"https:\/\/api.w.org\/{rel}","templated":true}]}}