{"id":1723,"date":"2015-01-26T23:15:50","date_gmt":"2015-01-26T22:15:50","guid":{"rendered":"http:\/\/hst.cat\/hosting-dominis-lleida-2\/"},"modified":"2023-09-26T14:51:12","modified_gmt":"2023-09-26T12:51:12","slug":"hosting-dominios-lleida","status":"publish","type":"page","link":"https:\/\/www.hst.cat\/es\/hosting-dominios-lleida\/","title":{"rendered":"Hosting y gesti\u00f3n de dominios"},"content":{"rendered":"<div class=\"wpb-content-wrapper\"><p>[vc_row][vc_column width=\u00bb2\/3&#8243; css=\u00bb.vc_custom_1422807004299{padding-right: 60px !important;}\u00bb][vc_column_text]<\/p>\n<h4>En HST te ofrecemos servicios globales de presencia en internet, registro de dominios, alojamiento web (Hosting), servidores dedicados, tanto gen\u00e9ricos como administrados y Housing \/ colocation.<\/h4>\n<p>[\/vc_column_text][vc_row_inner][vc_column_inner width=\u00bb1\/2&#8243;][vc_single_image image=\u00bb890&#8243; alignment=\u00bbcenter\u00bb border_color=\u00bbgrey\u00bb img_link_large=\u00bb\u00bb img_link_target=\u00bb_self\u00bb img_size=\u00bbfull\u00bb css=\u00bb.vc_custom_1423091036677{margin-top: 40px !important;}\u00bb][\/vc_column_inner][vc_column_inner width=\u00bb1\/2&#8243;][vc_column_text]<\/p>\n<h4>REGISTRO DE DOMINIOS<\/h4>\n<p>Registramos y gestionamos dominios gen\u00e9ricos (gTLD) de diferentes extensiones como son: . Como, .Net, . Org, . Info, . Biz, . Tel, . Mobi , etc. y dominios territoriales como: .cat, .es, .eu, .tv, .uk, .ws<\/p>\n<p>Trabajamos con agentes Acreditados de ES-NIC (Dominios. ES) y EURID (Dominios. EU)[\/vc_column_text][vc_column_text css=\u00bb.vc_custom_1425393947871{margin-top: 0px !important;margin-right: 0px !important;margin-bottom: 0px !important;margin-left: 0px !important;border-top-width: 0px !important;border-right-width: 0px !important;border-bottom-width: 0px !important;border-left-width: 0px !important;padding-top: 30px !important;padding-right: 30px !important;padding-bottom: 30px !important;}\u00bb]<\/p>\n<h4>HOSTING<\/h4>\n<p>Disponemos de potentes servidores para dar servicios de alojamiento web (Hosting) y registro de dominios.<\/p>\n<p>Contamos con varios planes de alojamiento web para que puedas elegir el que mejor se adapte a tus necesidades.[\/vc_column_text][\/vc_column_inner][\/vc_row_inner][vc_row_inner][vc_column_inner width=\u00bb1\/2&#8243;][vc_column_text]<\/p>\n<h4>ALOJAMIENTO WEB<\/h4>\n<p>Un nombre de dominio y un servicio de alojamiento web no necesitan demasiado tiempo ni dinero, pero escoger un buen servicio de Hosting (Alojamiento Web) resulta imprescindible para asegurar la disponibilidad y correcto funcionamiento de una p\u00e1gina web, por ello. <strong>HST<\/strong> te garantiza un servicio de primera calidad, para que tus cuentas de correo no te traigan y tu p\u00e1gina web funcione las 24 horas del d\u00eda.[\/vc_column_text][\/vc_column_inner][vc_column_inner width=\u00bb1\/2&#8243;][vc_single_image image=\u00bb710&#8243; border_color=\u00bbgrey\u00bb img_link_large=\u00bb\u00bb img_link_target=\u00bb_self\u00bb alignment=\u00bbcenter\u00bb img_size=\u00bbfull\u00bb][\/vc_column_inner][\/vc_row_inner][vc_row_inner css=\u00bb.vc_custom_1423090753479{background-image: url(http:\/\/www.hardnetsystems.com\/wp-content\/uploads\/slider-background-lila.jpg?id=555) !important;background-position: center !important;background-repeat: no-repeat !important;background-size: cover !important;}\u00bb][vc_column_inner width=\u00bb1\/2&#8243; css=\u00bb.vc_custom_1423090307519{margin-top: 0px !important;border-top-width: 0px !important;}\u00bb][vc_single_image image=\u00bb888&#8243; border_color=\u00bbgrey\u00bb img_link_large=\u00bb\u00bb img_link_target=\u00bb_self\u00bb alignment=\u00bbcenter\u00bb img_size=\u00bbfull\u00bb css=\u00bb.vc_custom_1423090532959{margin-top: 0px !important;margin-bottom: 0px !important;border-top-width: 0px !important;border-bottom-width: 0px !important;padding-top: 0px !important;padding-right: 0px !important;padding-bottom: 0px !important;padding-left: 0px !important;}\u00bb][\/vc_column_inner][vc_column_inner width=\u00bb1\/2&#8243; css=\u00bb.vc_custom_1423090328730{margin-top: 0px !important;margin-right: 0px !important;margin-bottom: 0px !important;margin-left: 0px !important;border-top-width: 0px !important;border-right-width: 0px !important;border-bottom-width: 0px !important;border-left-width: 0px !important;padding-top: 35px !important;padding-right: 35px !important;padding-bottom: 35px !important;padding-left: 35px !important;}\u00bb][vc_column_text]<\/p>\n<h4>SERVIDORES F\u00cdSICOS Y VIRTUALES<\/h4>\n<p>Todos nuestros servidores est\u00e1n en Espa\u00f1a, alojados en centros de datos especializados en Madrid y Barcelona, con todas las medidas de seguridad y redundancia necesarias.<\/p>\n<p>Evita riesgos alojando tus datos en servidores que est\u00e9n f\u00edsicamente en territorio espa\u00f1ol, ya que la mayor\u00eda del tr\u00e1fico de tu web ser\u00e1 de internautas que acceden desde Espa\u00f1a, as\u00ed conseguimos un acceso mucho m\u00e1s r\u00e1pido que desde servidores localizados en otros pa\u00edses.[\/vc_column_text][\/vc_column_inner][\/vc_row_inner][\/vc_column][vc_column width=\u00bb1\/3&#8243;]\n<div class=\"wpcf7 no-js\" id=\"wpcf7-f146-o1\" lang=\"ca\" dir=\"ltr\" data-wpcf7-id=\"146\">\n<div class=\"screen-reader-response\"><p role=\"status\" aria-live=\"polite\" aria-atomic=\"true\"><\/p> <ul><\/ul><\/div>\n<form action=\"\/es\/wp-json\/wp\/v2\/pages\/1723#wpcf7-f146-o1\" method=\"post\" class=\"wpcf7-form init\" aria-label=\"Formulari de contacte\" novalidate=\"novalidate\" data-status=\"init\">\n<fieldset class=\"hidden-fields-container\"><input type=\"hidden\" name=\"_wpcf7\" value=\"146\" \/><input type=\"hidden\" name=\"_wpcf7_version\" value=\"6.1.5\" \/><input type=\"hidden\" name=\"_wpcf7_locale\" value=\"ca\" \/><input type=\"hidden\" name=\"_wpcf7_unit_tag\" value=\"wpcf7-f146-o1\" \/><input type=\"hidden\" name=\"_wpcf7_container_post\" value=\"0\" \/><input type=\"hidden\" name=\"_wpcf7_posted_data_hash\" value=\"\" \/><input type=\"hidden\" name=\"_wpcf7cf_hidden_group_fields\" value=\"[]\" \/><input type=\"hidden\" name=\"_wpcf7cf_hidden_groups\" value=\"[]\" \/><input type=\"hidden\" name=\"_wpcf7cf_visible_groups\" value=\"[]\" \/><input type=\"hidden\" name=\"_wpcf7cf_repeaters\" value=\"[]\" \/><input type=\"hidden\" name=\"_wpcf7cf_steps\" value=\"{}\" \/><input type=\"hidden\" name=\"_wpcf7cf_options\" value=\"{&quot;form_id&quot;:146,&quot;conditions&quot;:[],&quot;settings&quot;:{&quot;animation&quot;:&quot;yes&quot;,&quot;animation_intime&quot;:200,&quot;animation_outtime&quot;:200,&quot;conditions_ui&quot;:&quot;normal&quot;,&quot;notice_dismissed&quot;:false,&quot;notice_dismissed_rollback-cf7-5.9.2&quot;:true,&quot;notice_dismissed_rollback-cf7-5.9.4&quot;:true,&quot;notice_dismissed_rollback-cf7-5.9.5&quot;:true,&quot;notice_dismissed_rollback-cf7-5.9.6&quot;:true,&quot;notice_dismissed_update-cf7-6.1.4&quot;:true}}\" \/><input type=\"hidden\" name=\"_wpcf7_recaptcha_response\" value=\"\" \/>\n<\/fieldset>\n<p><span class=\"wpcf7-form-control-wrap\" data-name=\"your-name\"><input size=\"40\" maxlength=\"400\" class=\"wpcf7-form-control wpcf7-text wpcf7-validates-as-required\" aria-required=\"true\" aria-invalid=\"false\" placeholder=\"Nom\" value=\"\" type=\"text\" name=\"your-name\" \/><\/span>\n<\/p>\n<p><span class=\"wpcf7-form-control-wrap\" data-name=\"your-email\"><input size=\"40\" maxlength=\"400\" class=\"wpcf7-form-control wpcf7-email wpcf7-validates-as-required wpcf7-text wpcf7-validates-as-email\" aria-required=\"true\" aria-invalid=\"false\" placeholder=\"Email\" value=\"\" type=\"email\" name=\"your-email\" \/><\/span>\n<\/p>\n<p><span class=\"wpcf7-form-control-wrap\" data-name=\"your-message\"><textarea cols=\"40\" rows=\"10\" maxlength=\"2000\" class=\"wpcf7-form-control wpcf7-textarea\" aria-invalid=\"false\" placeholder=\"Missatge\" name=\"your-message\"><\/textarea><\/span>\n<\/p>\n<p><span style=\"font-size:13px;\"><br \/>\nTractem les dades que ens facilita amb la finalitat de donar resposta a la consulta sobre els nostres productes i serveis per qualsevol mitj\u00e0 (postal, email o tel\u00e8fon). Les dades proporcionades es conservar\u00e0n mentres no ho soliciteu i no es cediran a tercers, excepte en els casos que s\u2019hagi de fer per una obligaci\u00f3 legal. Vost\u00e8 te dret a obtenir confirmaci\u00f3 sobre si a HST estem tractant les seves dades personals, rectificar les dades inexactes o solicitar la supressi\u00f3 quan ja no siguin necess\u00e0ries per les finalitats que van ser recollides.<\/span>\n<\/p>\n<p><span style=\"font-size:13px;\"><br \/>\nDesitja rebre comunicats de marketing de HST per correu electr\u00f2nic i entenent que les seves dades personals es tractaran com la <a href=\"\/politica-de-privacitat\/\" target=\"_blank\">pol\u00edtica de privacitat<\/a> <\/span>\n<\/p>\n<p><span class=\"wpcf7-form-control-wrap\" data-name=\"RGPD-accepto\"><span class=\"wpcf7-form-control wpcf7-checkbox wpcf7-validates-as-required wpcf7-exclusive-checkbox\"><span class=\"wpcf7-list-item first\"><label><input type=\"checkbox\" name=\"RGPD-accepto\" value=\"Si\" \/><span class=\"wpcf7-list-item-label\">Si<\/span><\/label><\/span><span class=\"wpcf7-list-item last\"><label><input type=\"checkbox\" name=\"RGPD-accepto\" value=\"No, gr\u00e0cies\" \/><span class=\"wpcf7-list-item-label\">No, gr\u00e0cies<\/span><\/label><\/span><\/span><\/span>\n<\/p>\n<p><br clear=\"all\" \/>\n<\/p>\n<p>\n\n<\/p>\n<p><input class=\"wpcf7-form-control wpcf7-submit has-spinner\" type=\"submit\" value=\"Enviar\" \/>\n<\/p><div class=\"wpcf7-response-output\" aria-hidden=\"true\"><\/div>\n<\/form>\n<\/div>\n[\/vc_column][\/vc_row][vc_row][vc_column width=\u00bb1\/1&#8243;][vc_column_text]<\/p>\n<p>&nbsp;<\/p>\n<p>&nbsp;<\/p>\n<p><strong>Quiz\u00e1s estabas buscando:<\/strong><\/p>\n<p><i>hosting Lleida, alojamiento web Lleida, registro de dominios Lleida<\/i>[\/vc_column_text][\/vc_column][\/vc_row]<\/p>\n<\/div>","protected":false},"excerpt":{"rendered":"<p>[vc_row][vc_column width=\u00bb2\/3&#8243; css=\u00bb.vc_custom_1422807004299{padding-right: 60px !important;}\u00bb][vc_column_text] En HST te ofrecemos servicios globales de presencia en internet, registro de dominios, alojamiento web (Hosting), servidores dedicados, tanto gen\u00e9ricos como<span class=\"excerpt-hellip\"> [\u2026]<\/span><\/p>\n","protected":false},"author":2,"featured_media":0,"parent":0,"menu_order":0,"comment_status":"open","ping_status":"closed","template":"","meta":{"footnotes":""},"class_list":["post-1723","page","type-page","status-publish","hentry"],"yoast_head":"<!-- This site is optimized with the Yoast SEO plugin v27.5 - https:\/\/yoast.com\/product\/yoast-seo-wordpress\/ -->\n<title>Hosting Lleida, allotjament web Lleida<\/title>\n<meta name=\"description\" content=\"Li oferim serveis globals de pres\u00e8ncia a internet, registre de dominis, allotjament web (Hosting), servidors dedicats, Housing \/ colocation\" \/>\n<meta name=\"robots\" content=\"index, follow, max-snippet:-1, max-image-preview:large, max-video-preview:-1\" \/>\n<link rel=\"canonical\" href=\"https:\/\/www.hst.cat\/es\/hosting-dominios-lleida\/\" \/>\n<meta property=\"og:locale\" content=\"es_ES\" \/>\n<meta property=\"og:type\" content=\"article\" \/>\n<meta property=\"og:title\" content=\"Hosting Lleida, allotjament web Lleida\" \/>\n<meta property=\"og:description\" content=\"Li oferim serveis globals de pres\u00e8ncia a internet, registre de dominis, allotjament web (Hosting), servidors dedicats, Housing \/ colocation\" \/>\n<meta property=\"og:url\" content=\"https:\/\/www.hst.cat\/es\/hosting-dominios-lleida\/\" \/>\n<meta property=\"og:site_name\" content=\"Inform\u00e0tica Lleida HST\" \/>\n<meta property=\"article:modified_time\" content=\"2023-09-26T12:51:12+00:00\" \/>\n<meta name=\"twitter:label1\" content=\"Tiempo de lectura\" \/>\n\t<meta name=\"twitter:data1\" content=\"2 minutos\" \/>\n<script type=\"application\/ld+json\" class=\"yoast-schema-graph\">{\"@context\":\"https:\\\/\\\/schema.org\",\"@graph\":[{\"@type\":\"WebPage\",\"@id\":\"https:\\\/\\\/www.hst.cat\\\/es\\\/hosting-dominios-lleida\\\/\",\"url\":\"https:\\\/\\\/www.hst.cat\\\/es\\\/hosting-dominios-lleida\\\/\",\"name\":\"Hosting Lleida, allotjament web Lleida\",\"isPartOf\":{\"@id\":\"https:\\\/\\\/www.hst.cat\\\/#website\"},\"datePublished\":\"2015-01-26T22:15:50+00:00\",\"dateModified\":\"2023-09-26T12:51:12+00:00\",\"description\":\"Li oferim serveis globals de pres\u00e8ncia a internet, registre de dominis, allotjament web (Hosting), servidors dedicats, Housing \\\/ colocation\",\"breadcrumb\":{\"@id\":\"https:\\\/\\\/www.hst.cat\\\/es\\\/hosting-dominios-lleida\\\/#breadcrumb\"},\"inLanguage\":\"es\",\"potentialAction\":[{\"@type\":\"ReadAction\",\"target\":[\"https:\\\/\\\/www.hst.cat\\\/es\\\/hosting-dominios-lleida\\\/\"]}]},{\"@type\":\"BreadcrumbList\",\"@id\":\"https:\\\/\\\/www.hst.cat\\\/es\\\/hosting-dominios-lleida\\\/#breadcrumb\",\"itemListElement\":[{\"@type\":\"ListItem\",\"position\":1,\"name\":\"Portada\",\"item\":\"https:\\\/\\\/www.hst.cat\\\/es\\\/\"},{\"@type\":\"ListItem\",\"position\":2,\"name\":\"Hosting y gesti\u00f3n de dominios\"}]},{\"@type\":\"WebSite\",\"@id\":\"https:\\\/\\\/www.hst.cat\\\/#website\",\"url\":\"https:\\\/\\\/www.hst.cat\\\/\",\"name\":\"Inform\u00e0tica Lleida HST\",\"description\":\"Oferim serveis d\u2019inform\u00e0tica i noves tecnologies per empreses. Servei t\u00e8cnic, Web, Soft Gesti\u00f3, Xarxes, Consultoria\",\"potentialAction\":[{\"@type\":\"SearchAction\",\"target\":{\"@type\":\"EntryPoint\",\"urlTemplate\":\"https:\\\/\\\/www.hst.cat\\\/?s={search_term_string}\"},\"query-input\":{\"@type\":\"PropertyValueSpecification\",\"valueRequired\":true,\"valueName\":\"search_term_string\"}}],\"inLanguage\":\"es\"}]}<\/script>\n<!-- \/ Yoast SEO plugin. -->","yoast_head_json":{"title":"Hosting Lleida, allotjament web Lleida","description":"Li oferim serveis globals de pres\u00e8ncia a internet, registre de dominis, allotjament web (Hosting), servidors dedicats, Housing \/ colocation","robots":{"index":"index","follow":"follow","max-snippet":"max-snippet:-1","max-image-preview":"max-image-preview:large","max-video-preview":"max-video-preview:-1"},"canonical":"https:\/\/www.hst.cat\/es\/hosting-dominios-lleida\/","og_locale":"es_ES","og_type":"article","og_title":"Hosting Lleida, allotjament web Lleida","og_description":"Li oferim serveis globals de pres\u00e8ncia a internet, registre de dominis, allotjament web (Hosting), servidors dedicats, Housing \/ colocation","og_url":"https:\/\/www.hst.cat\/es\/hosting-dominios-lleida\/","og_site_name":"Inform\u00e0tica Lleida HST","article_modified_time":"2023-09-26T12:51:12+00:00","twitter_misc":{"Tiempo de lectura":"2 minutos"},"schema":{"@context":"https:\/\/schema.org","@graph":[{"@type":"WebPage","@id":"https:\/\/www.hst.cat\/es\/hosting-dominios-lleida\/","url":"https:\/\/www.hst.cat\/es\/hosting-dominios-lleida\/","name":"Hosting Lleida, allotjament web Lleida","isPartOf":{"@id":"https:\/\/www.hst.cat\/#website"},"datePublished":"2015-01-26T22:15:50+00:00","dateModified":"2023-09-26T12:51:12+00:00","description":"Li oferim serveis globals de pres\u00e8ncia a internet, registre de dominis, allotjament web (Hosting), servidors dedicats, Housing \/ colocation","breadcrumb":{"@id":"https:\/\/www.hst.cat\/es\/hosting-dominios-lleida\/#breadcrumb"},"inLanguage":"es","potentialAction":[{"@type":"ReadAction","target":["https:\/\/www.hst.cat\/es\/hosting-dominios-lleida\/"]}]},{"@type":"BreadcrumbList","@id":"https:\/\/www.hst.cat\/es\/hosting-dominios-lleida\/#breadcrumb","itemListElement":[{"@type":"ListItem","position":1,"name":"Portada","item":"https:\/\/www.hst.cat\/es\/"},{"@type":"ListItem","position":2,"name":"Hosting y gesti\u00f3n de dominios"}]},{"@type":"WebSite","@id":"https:\/\/www.hst.cat\/#website","url":"https:\/\/www.hst.cat\/","name":"Inform\u00e0tica Lleida HST","description":"Oferim serveis d\u2019inform\u00e0tica i noves tecnologies per empreses. Servei t\u00e8cnic, Web, Soft Gesti\u00f3, Xarxes, Consultoria","potentialAction":[{"@type":"SearchAction","target":{"@type":"EntryPoint","urlTemplate":"https:\/\/www.hst.cat\/?s={search_term_string}"},"query-input":{"@type":"PropertyValueSpecification","valueRequired":true,"valueName":"search_term_string"}}],"inLanguage":"es"}]}},"jetpack_shortlink":"https:\/\/wp.me\/P7Yfwy-rN","jetpack_sharing_enabled":true,"_links":{"self":[{"href":"https:\/\/www.hst.cat\/es\/wp-json\/wp\/v2\/pages\/1723","targetHints":{"allow":["GET"]}}],"collection":[{"href":"https:\/\/www.hst.cat\/es\/wp-json\/wp\/v2\/pages"}],"about":[{"href":"https:\/\/www.hst.cat\/es\/wp-json\/wp\/v2\/types\/page"}],"author":[{"embeddable":true,"href":"https:\/\/www.hst.cat\/es\/wp-json\/wp\/v2\/users\/2"}],"replies":[{"embeddable":true,"href":"https:\/\/www.hst.cat\/es\/wp-json\/wp\/v2\/comments?post=1723"}],"version-history":[{"count":5,"href":"https:\/\/www.hst.cat\/es\/wp-json\/wp\/v2\/pages\/1723\/revisions"}],"predecessor-version":[{"id":22972,"href":"https:\/\/www.hst.cat\/es\/wp-json\/wp\/v2\/pages\/1723\/revisions\/22972"}],"wp:attachment":[{"href":"https:\/\/www.hst.cat\/es\/wp-json\/wp\/v2\/media?parent=1723"}],"curies":[{"name":"wp","href":"https:\/\/api.w.org\/{rel}","templated":true}]}}