{"id":1746,"date":"2015-01-26T22:53:55","date_gmt":"2015-01-26T21:53:55","guid":{"rendered":"http:\/\/hst.cat\/office-365-lleida-2\/"},"modified":"2023-09-27T10:40:13","modified_gmt":"2023-09-27T08:40:13","slug":"office-365-lleida","status":"publish","type":"page","link":"https:\/\/www.hst.cat\/es\/office-365-lleida\/","title":{"rendered":"Microsoft 365 (Office 365)"},"content":{"rendered":"<div class=\"wpb-content-wrapper\"><p>[vc_row][vc_column css=\u00bb.vc_custom_1422807004299{padding-right: 60px !important;}\u00bb][vc_row_inner][vc_column_inner width=\u00bb1\/2&#8243;]<div class=\"icon_box icon_position_left no_border\"><div class=\"image_wrapper\"><img class=\"scale-with-grid mfn-lazy\" data-src=\"https:\/\/i0.wp.com\/www.hst.cat\/wp-content\/uploads\/Office365_MID.jpg?fit=110%2C110&#038;ssl=1\" alt=\"Microsoft 365 (Office 365)\" width=\"\" height=\"\"\/><\/div><div class=\"desc_wrapper\"><h4 class=\"title \">Herramientas reconocidas<\/h4><div class=\"desc\">Microsoft 365 (Office 365) funciona con el software que los usuarios ya conocen y utilizan, como <strong>Word, Excel, OneNote y PowerPoint.<\/strong><\/div><\/div><\/div>\n[\/vc_column_inner][vc_column_inner width=\u00bb1\/2&#8243;]<div class=\"icon_box icon_position_left no_border\"><div class=\"icon_wrapper\"><div class=\"icon\"><i class=\"icon-key-line\" aria-hidden=\"true\"><\/i><\/div><\/div><div class=\"desc_wrapper\"><h4 class=\"title \">Seguridad<\/h4><div class=\"desc\">Incluye seguridad del m\u00e1s alto nivel y cuenta con la garant\u00eda de Microsoft. Microsoft 365 (Office 365) ofrece planes dise\u00f1ados para adaptarse a las necesidades \u00fanicas de tu organizaci\u00f3n, ya sea una peque\u00f1a empresa o multinacional.<\/div><\/div><\/div>\n[\/vc_column_inner][\/vc_row_inner][vc_row_inner][vc_column_inner width=\u00bb1\/2&#8243;]<div class=\"icon_box icon_position_left no_border\"><div class=\"icon_wrapper\"><div class=\"icon\"><i class=\"icon-users\" aria-hidden=\"true\"><\/i><\/div><\/div><div class=\"desc_wrapper\"><h4 class=\"title \">Colaboraci\u00f3n<\/h4><div class=\"desc\">Todo el mundo puede trabajar de forma conjunta f\u00e1cilmente y con acceso desde cualquier sitio al correo electr\u00f3nico, las conferencias web, los documentos, los calendarios y Microsoft Teams.<\/div><\/div><\/div>\n[\/vc_column_inner][vc_column_inner width=\u00bb1\/2&#8243;]<div class=\"icon_box icon_position_left no_border\"><div class=\"icon_wrapper\"><div class=\"icon\"><i class=\"icon-attach-line\" aria-hidden=\"true\"><\/i><\/div><\/div><div class=\"desc_wrapper\"><h4 class=\"title \">Productividad<\/h4><div class=\"desc\">Acceso desde casi cualquier sitio al correo electr\u00f3nico, documentos importantes, contactos y calendarios en pr\u00e1cticamente cualquier dispositivo (lo que incluye PC, Mac, Windows Phone, iPhone, tel\u00e9fonos Android y Symbian y BlackBerry).<\/div><\/div><\/div>\n[\/vc_column_inner][\/vc_row_inner]<div class=\"list_item lists_1 clearfix\"><div class=\"list_left list_icon\"><i class=\"icon-money-line\" aria-hidden=\"true\"><\/i><\/div><div class=\"list_right\"><h4 class=\"title \">Reducci\u00f3n de costes y aumento de la rentabilidad<\/h4><div class=\"desc\">D\u00e9jate de preocuparte por grandes inversiones iniciales de hardware, como son los servidores o el CPD y por su mantenimiento. Tampoco necesitar\u00e1s hacer frente a las licencias de software ni renovarlas ya que con Microsoft 365 (Office 365) tendr\u00e1s la versi\u00f3n de software m\u00e1s actual del mercado.<\/div><\/div><\/div>\n<div class=\"list_item lists_1 clearfix\"><div class=\"list_left list_icon\"><i class=\"icon-chart-bar\" aria-hidden=\"true\"><\/i><\/div><div class=\"list_right\"><h4 class=\"title \">Aumenta productividad<\/h4><div class=\"desc\">Mejorar\u00e1s de forma r\u00e1pida y eficaz la comunicaci\u00f3n y el feedback con tus clientes y proveedores, puesto que la herramienta Micorsoft 365 (Office 365), adem\u00e1s de ser simple y familiar para la mayor\u00eda de usuarios, goza de mejores capacidades .<\/div><\/div><\/div>\n<div class=\"list_item lists_1 clearfix\"><div class=\"list_left list_icon\"><i class=\"icon-lightbulb-line\" aria-hidden=\"true\"><\/i><\/div><div class=\"list_right\"><h4 class=\"title \">Recursos TI m\u00e9s simples<\/h4><div class=\"desc\">Como la mayor\u00eda de soluciones en la nube se puede trabajar desde cualquier sitio y con cualquier dispositivo con acceso a internet con una interfaz sencilla de gesti\u00f3n. Otra opci\u00f3n es delegar la administraci\u00f3n remota de la aplicaci\u00f3n Microsoft 365 (Office 365) en HST.<\/div><\/div><\/div>\n<div class=\"list_item lists_1 clearfix\"><div class=\"list_left list_icon\"><i class=\"icon-suitcase\" aria-hidden=\"true\"><\/i><\/div><div class=\"list_right\"><h4 class=\"title \">Empresa m\u00e1s fiable y m\u00e1s segura<\/h4><div class=\"desc\">Disfrutar\u00e1s de las mismas herramientas y recursos que las grandes empresas, como recuperaci\u00f3n de datos que puedes haber perdido, copias de seguridad que estar\u00e1n distribuidas en diferentes CPDs dotados de m\u00e1xima seguridad de Microsoft, o tu gesti\u00f3n administrativa de privacidad para proteger en todo momento tus datos con toda seguridad.<\/div><\/div><\/div>\n<div class=\"list_item lists_1 clearfix\"><div class=\"list_left list_icon\"><i class=\"icon-hourglass\" aria-hidden=\"true\"><\/i><\/div><div class=\"list_right\"><h4 class=\"title \">Migraci\u00f3n por fases<\/h4><div class=\"desc\">Seg\u00fan si tu empresa quiere realizar una migraci\u00f3n completa a la nube o la quiere ir haciendo gradualmente, Microsoft 365 (Office 365) te da la opci\u00f3n de hacerlo seg\u00fan tus necesidades, ya sea s\u00f3lo con las herramientas de Microsoft o las de otros proveedores. De esta forma, para facilitar la transici\u00f3n, nos permitir\u00e1 convivir con las herramientas cloud de Microsoft 365 (Office 365) y las que se estaban utilizando hasta ahora.<\/div><\/div><\/div>\n[\/vc_column][\/vc_row]<\/p>\n<\/div>","protected":false},"excerpt":{"rendered":"<p>[vc_row][vc_column css=\u00bb.vc_custom_1422807004299{padding-right: 60px !important;}\u00bb][vc_row_inner][vc_column_inner width=\u00bb1\/2&#8243;][\/vc_column_inner][vc_column_inner width=\u00bb1\/2&#8243;][\/vc_column_inner][\/vc_row_inner][vc_row_inner][vc_column_inner width=\u00bb1\/2&#8243;][\/vc_column_inner][vc_column_inner width=\u00bb1\/2&#8243;][\/vc_column_inner][\/vc_row_inner][\/vc_column][\/vc_row]<\/p>\n","protected":false},"author":2,"featured_media":0,"parent":0,"menu_order":0,"comment_status":"open","ping_status":"closed","template":"","meta":{"footnotes":""},"class_list":["post-1746","page","type-page","status-publish","hentry"],"yoast_head":"<!-- This site is optimized with the Yoast SEO plugin v27.5 - https:\/\/yoast.com\/product\/yoast-seo-wordpress\/ -->\n<title>Implantaci\u00f3n office 365 Lleida<\/title>\n<meta name=\"description\" content=\"Somos distribuidores oficiales de productos online y soluciones Cloud de Microsoft, implementamos la soluci\u00f3n Microsoft 365 (Office 365) en su empresa.\" \/>\n<meta name=\"robots\" content=\"index, follow, max-snippet:-1, max-image-preview:large, max-video-preview:-1\" \/>\n<link rel=\"canonical\" href=\"https:\/\/www.hst.cat\/es\/office-365-lleida\/\" \/>\n<meta property=\"og:locale\" content=\"es_ES\" \/>\n<meta property=\"og:type\" content=\"article\" \/>\n<meta property=\"og:title\" content=\"Implantaci\u00f3n office 365 Lleida\" \/>\n<meta property=\"og:description\" content=\"Somos distribuidores oficiales de productos online y soluciones Cloud de Microsoft, implementamos la soluci\u00f3n Microsoft 365 (Office 365) en su empresa.\" \/>\n<meta property=\"og:url\" content=\"https:\/\/www.hst.cat\/es\/office-365-lleida\/\" \/>\n<meta property=\"og:site_name\" content=\"Inform\u00e0tica Lleida HST\" \/>\n<meta property=\"article:modified_time\" content=\"2023-09-27T08:40:13+00:00\" \/>\n<meta name=\"twitter:label1\" content=\"Tiempo de lectura\" \/>\n\t<meta name=\"twitter:data1\" content=\"2 minutos\" \/>\n<script type=\"application\/ld+json\" class=\"yoast-schema-graph\">{\"@context\":\"https:\\\/\\\/schema.org\",\"@graph\":[{\"@type\":\"WebPage\",\"@id\":\"https:\\\/\\\/www.hst.cat\\\/es\\\/office-365-lleida\\\/\",\"url\":\"https:\\\/\\\/www.hst.cat\\\/es\\\/office-365-lleida\\\/\",\"name\":\"Implantaci\u00f3n office 365 Lleida\",\"isPartOf\":{\"@id\":\"https:\\\/\\\/www.hst.cat\\\/#website\"},\"datePublished\":\"2015-01-26T21:53:55+00:00\",\"dateModified\":\"2023-09-27T08:40:13+00:00\",\"description\":\"Somos distribuidores oficiales de productos online y soluciones Cloud de Microsoft, implementamos la soluci\u00f3n Microsoft 365 (Office 365) en su empresa.\",\"breadcrumb\":{\"@id\":\"https:\\\/\\\/www.hst.cat\\\/es\\\/office-365-lleida\\\/#breadcrumb\"},\"inLanguage\":\"es\",\"potentialAction\":[{\"@type\":\"ReadAction\",\"target\":[\"https:\\\/\\\/www.hst.cat\\\/es\\\/office-365-lleida\\\/\"]}]},{\"@type\":\"BreadcrumbList\",\"@id\":\"https:\\\/\\\/www.hst.cat\\\/es\\\/office-365-lleida\\\/#breadcrumb\",\"itemListElement\":[{\"@type\":\"ListItem\",\"position\":1,\"name\":\"Portada\",\"item\":\"https:\\\/\\\/www.hst.cat\\\/es\\\/\"},{\"@type\":\"ListItem\",\"position\":2,\"name\":\"Microsoft 365 (Office 365)\"}]},{\"@type\":\"WebSite\",\"@id\":\"https:\\\/\\\/www.hst.cat\\\/#website\",\"url\":\"https:\\\/\\\/www.hst.cat\\\/\",\"name\":\"Inform\u00e0tica Lleida HST\",\"description\":\"Oferim serveis d\u2019inform\u00e0tica i noves tecnologies per empreses. Servei t\u00e8cnic, Web, Soft Gesti\u00f3, Xarxes, Consultoria\",\"potentialAction\":[{\"@type\":\"SearchAction\",\"target\":{\"@type\":\"EntryPoint\",\"urlTemplate\":\"https:\\\/\\\/www.hst.cat\\\/?s={search_term_string}\"},\"query-input\":{\"@type\":\"PropertyValueSpecification\",\"valueRequired\":true,\"valueName\":\"search_term_string\"}}],\"inLanguage\":\"es\"}]}<\/script>\n<!-- \/ Yoast SEO plugin. -->","yoast_head_json":{"title":"Implantaci\u00f3n office 365 Lleida","description":"Somos distribuidores oficiales de productos online y soluciones Cloud de Microsoft, implementamos la soluci\u00f3n Microsoft 365 (Office 365) en su empresa.","robots":{"index":"index","follow":"follow","max-snippet":"max-snippet:-1","max-image-preview":"max-image-preview:large","max-video-preview":"max-video-preview:-1"},"canonical":"https:\/\/www.hst.cat\/es\/office-365-lleida\/","og_locale":"es_ES","og_type":"article","og_title":"Implantaci\u00f3n office 365 Lleida","og_description":"Somos distribuidores oficiales de productos online y soluciones Cloud de Microsoft, implementamos la soluci\u00f3n Microsoft 365 (Office 365) en su empresa.","og_url":"https:\/\/www.hst.cat\/es\/office-365-lleida\/","og_site_name":"Inform\u00e0tica Lleida HST","article_modified_time":"2023-09-27T08:40:13+00:00","twitter_misc":{"Tiempo de lectura":"2 minutos"},"schema":{"@context":"https:\/\/schema.org","@graph":[{"@type":"WebPage","@id":"https:\/\/www.hst.cat\/es\/office-365-lleida\/","url":"https:\/\/www.hst.cat\/es\/office-365-lleida\/","name":"Implantaci\u00f3n office 365 Lleida","isPartOf":{"@id":"https:\/\/www.hst.cat\/#website"},"datePublished":"2015-01-26T21:53:55+00:00","dateModified":"2023-09-27T08:40:13+00:00","description":"Somos distribuidores oficiales de productos online y soluciones Cloud de Microsoft, implementamos la soluci\u00f3n Microsoft 365 (Office 365) en su empresa.","breadcrumb":{"@id":"https:\/\/www.hst.cat\/es\/office-365-lleida\/#breadcrumb"},"inLanguage":"es","potentialAction":[{"@type":"ReadAction","target":["https:\/\/www.hst.cat\/es\/office-365-lleida\/"]}]},{"@type":"BreadcrumbList","@id":"https:\/\/www.hst.cat\/es\/office-365-lleida\/#breadcrumb","itemListElement":[{"@type":"ListItem","position":1,"name":"Portada","item":"https:\/\/www.hst.cat\/es\/"},{"@type":"ListItem","position":2,"name":"Microsoft 365 (Office 365)"}]},{"@type":"WebSite","@id":"https:\/\/www.hst.cat\/#website","url":"https:\/\/www.hst.cat\/","name":"Inform\u00e0tica Lleida HST","description":"Oferim serveis d\u2019inform\u00e0tica i noves tecnologies per empreses. Servei t\u00e8cnic, Web, Soft Gesti\u00f3, Xarxes, Consultoria","potentialAction":[{"@type":"SearchAction","target":{"@type":"EntryPoint","urlTemplate":"https:\/\/www.hst.cat\/?s={search_term_string}"},"query-input":{"@type":"PropertyValueSpecification","valueRequired":true,"valueName":"search_term_string"}}],"inLanguage":"es"}]}},"jetpack_shortlink":"https:\/\/wp.me\/P7Yfwy-sa","jetpack_sharing_enabled":true,"_links":{"self":[{"href":"https:\/\/www.hst.cat\/es\/wp-json\/wp\/v2\/pages\/1746","targetHints":{"allow":["GET"]}}],"collection":[{"href":"https:\/\/www.hst.cat\/es\/wp-json\/wp\/v2\/pages"}],"about":[{"href":"https:\/\/www.hst.cat\/es\/wp-json\/wp\/v2\/types\/page"}],"author":[{"embeddable":true,"href":"https:\/\/www.hst.cat\/es\/wp-json\/wp\/v2\/users\/2"}],"replies":[{"embeddable":true,"href":"https:\/\/www.hst.cat\/es\/wp-json\/wp\/v2\/comments?post=1746"}],"version-history":[{"count":7,"href":"https:\/\/www.hst.cat\/es\/wp-json\/wp\/v2\/pages\/1746\/revisions"}],"predecessor-version":[{"id":22992,"href":"https:\/\/www.hst.cat\/es\/wp-json\/wp\/v2\/pages\/1746\/revisions\/22992"}],"wp:attachment":[{"href":"https:\/\/www.hst.cat\/es\/wp-json\/wp\/v2\/media?parent=1746"}],"curies":[{"name":"wp","href":"https:\/\/api.w.org\/{rel}","templated":true}]}}