{"id":1747,"date":"2015-01-26T23:02:42","date_gmt":"2015-01-26T22:02:42","guid":{"rendered":"http:\/\/hst.cat\/manteniment-servidor-lleida-2\/"},"modified":"2022-03-25T11:48:52","modified_gmt":"2022-03-25T10:48:52","slug":"mantenimiento-servidores-lleida","status":"publish","type":"page","link":"https:\/\/www.hst.cat\/es\/mantenimiento-servidores-lleida\/","title":{"rendered":"Mantenimiento de servidores"},"content":{"rendered":"<div class=\"wpb-content-wrapper\"><p>[vc_row css=\u00bb.vc_custom_1435060391899{margin-top: 0px !important;padding-top: 0px !important;padding-right: 45px !important;padding-bottom: 45px !important;padding-left: 45px !important;background-image: url(https:\/\/www.hst.cat\/wp-content\/uploads\/hp_proliant_sliders.jpg?id=935) !important;background-position: center !important;background-repeat: no-repeat !important;background-size: cover !important;}\u00bb][vc_column width=\u00bb1\/1&#8243;][vc_column_text css_animation=\u00bbtop-to-bottom\u00bb css=\u00bb.vc_custom_1430920457704{margin-top: 0px !important;padding-bottom: 250px !important;}\u00bb]<\/p>\n<h1 style=\"text-align: center;\">Mantenimiento de servidores<\/h1>\n<h2 style=\"text-align: center;\">Mantenimiento preventivo de servidores locales o virtuales<\/h2>\n<p>[\/vc_column_text][\/vc_column][\/vc_row][vc_row][vc_column width=\u00bb2\/3&#8243;][vc_column_text css=\u00bb.vc_custom_1430921253429{padding-top: 20px !important;padding-right: 20px !important;padding-bottom: 20px !important;padding-left: 20px !important;background-color: #d8d8d8 !important;}\u00bb]Con el servicio de mantenimiento de servidores, en HST revisamos y velamos cont\u00ednuamentes por un funcionamiento correcto, ya sean servidores f\u00edsicos o servidores virtuales.<\/p>\n<p>Cualquier anomalia que se detecta, el equipo de profesionales de HST actua r\u00e1pidamente para evitar posibles incidencias que puedan interferir en el buen funcionamiento del sistema.<\/p>\n<p>Nuestra misi\u00f3n es mantener siempre operativo tu sistema inform\u00e1tico.[\/vc_column_text][vc_custom_heading text=\u00bbPlataformas de virtualizaci\u00f3n\u00bb font_container=\u00bbtag:h2|text_align:left\u00bb google_fonts=\u00bbfont_family:Open%20Sans%3A300%2C300italic%2Cregular%2Citalic%2C600%2C600italic%2C700%2C700italic%2C800%2C800italic|font_style:400%20regular%3A400%3Anormal\u00bb][vc_column_text]En HST damos soporte a las dos principales plataformas de virtualizaci\u00f3n de Sistemas Hyper-V y Vmware. La virtualizaci\u00f3n es hoy en d\u00eda un requisito indispensables para obtener el m\u00e1ximo rendimiento de los servidores f\u00edsicos instalados, adem\u00e1s, nos permite mejorar nuestro plan de contingencia gracias a una escalabilidad y flexibilidad en la gesti\u00f3n de los recursos de datos sin precedentes.[\/vc_column_text][vc_custom_heading text=\u00bb100% monitorizado\u00bb font_container=\u00bbtag:h5|font_size:30|text_align:left\u00bb google_fonts=\u00bbfont_family:Open%20Sans%3A300%2C300italic%2Cregular%2Citalic%2C600%2C600italic%2C700%2C700italic%2C800%2C800italic|font_style:400%20regular%3A400%3Anormal\u00bb][vc_column_text]Tenerlo todo monitorizado es fundamental para controlar el estado y el buen funcionamiento de los servidores.<\/p>\n<p>En HST lo monitorizamos todo para garantizar el correcto funcionamiento de los servidores. Disponemos de las herramientas m\u00e1s avanzadas y profesionales, que juntamente con los conocimientos de nuestros expertos, hacemos que este servicio de<strong> mantenimiento de servidores en Lleida<\/strong> se realice de una forma segura y completa. Como est\u00e1 monitorizado, puedes usar este servicio para hacer un control integral de tus servidores, est\u00e9n cerca o a la otra punta del mundo.[\/vc_column_text][vc_custom_heading text=\u00bbSistemas de control avanzados\u00bb font_container=\u00bbtag:h5|font_size:30|text_align:left\u00bb google_fonts=\u00bbfont_family:Open%20Sans%3A300%2C300italic%2Cregular%2Citalic%2C600%2C600italic%2C700%2C700italic%2C800%2C800italic|font_style:400%20regular%3A400%3Anormal\u00bb][vc_column_text]Contamos con sistemas avanzados de control que son capaces de prevenir cualquier situaci\u00f3n de error en las plataformas de nuestros clientes, aunque no se hayan podido observar anteriormente. La comunicaci\u00f3n de manera inmediata de cualquier cambio o anomal\u00eda que se pueda producir, gracias a nuestro sistema de alerta monitorizado, impide que afecte al rendimiento de los servidores de nuestros clientes.[\/vc_column_text][\/vc_column][vc_column width=\u00bb1\/3&#8243;]\n<div class=\"wpcf7 no-js\" id=\"wpcf7-f1621-o1\" lang=\"es-ES\" dir=\"ltr\" data-wpcf7-id=\"1621\">\n<div class=\"screen-reader-response\"><p role=\"status\" aria-live=\"polite\" aria-atomic=\"true\"><\/p> <ul><\/ul><\/div>\n<form action=\"\/es\/wp-json\/wp\/v2\/pages\/1747#wpcf7-f1621-o1\" method=\"post\" class=\"wpcf7-form init\" aria-label=\"Formulario de contacto\" novalidate=\"novalidate\" data-status=\"init\">\n<fieldset class=\"hidden-fields-container\"><input type=\"hidden\" name=\"_wpcf7\" value=\"1621\" \/><input type=\"hidden\" name=\"_wpcf7_version\" value=\"6.1.5\" \/><input type=\"hidden\" name=\"_wpcf7_locale\" value=\"es_ES\" \/><input type=\"hidden\" name=\"_wpcf7_unit_tag\" value=\"wpcf7-f1621-o1\" \/><input type=\"hidden\" name=\"_wpcf7_container_post\" value=\"0\" \/><input type=\"hidden\" name=\"_wpcf7_posted_data_hash\" value=\"\" \/><input type=\"hidden\" name=\"_wpcf7cf_hidden_group_fields\" value=\"[]\" \/><input type=\"hidden\" name=\"_wpcf7cf_hidden_groups\" value=\"[]\" \/><input type=\"hidden\" name=\"_wpcf7cf_visible_groups\" value=\"[]\" \/><input type=\"hidden\" name=\"_wpcf7cf_repeaters\" value=\"[]\" \/><input type=\"hidden\" name=\"_wpcf7cf_steps\" value=\"{}\" \/><input type=\"hidden\" name=\"_wpcf7cf_options\" value=\"{&quot;form_id&quot;:1621,&quot;conditions&quot;:[],&quot;settings&quot;:{&quot;animation&quot;:&quot;yes&quot;,&quot;animation_intime&quot;:200,&quot;animation_outtime&quot;:200,&quot;conditions_ui&quot;:&quot;normal&quot;,&quot;notice_dismissed&quot;:false,&quot;notice_dismissed_rollback-cf7-5.9.2&quot;:true,&quot;notice_dismissed_rollback-cf7-5.9.4&quot;:true,&quot;notice_dismissed_rollback-cf7-5.9.5&quot;:true,&quot;notice_dismissed_rollback-cf7-5.9.6&quot;:true,&quot;notice_dismissed_update-cf7-6.1.4&quot;:true}}\" \/><input type=\"hidden\" name=\"_wpcf7_recaptcha_response\" value=\"\" \/>\n<\/fieldset>\n<p><span class=\"wpcf7-form-control-wrap\" data-name=\"your-name\"><input size=\"40\" maxlength=\"400\" class=\"wpcf7-form-control wpcf7-text wpcf7-validates-as-required\" aria-required=\"true\" aria-invalid=\"false\" placeholder=\"Nombre\" value=\"\" type=\"text\" name=\"your-name\" \/><\/span>\n<\/p>\n<p><span class=\"wpcf7-form-control-wrap\" data-name=\"your-email\"><input size=\"40\" maxlength=\"400\" class=\"wpcf7-form-control wpcf7-email wpcf7-validates-as-required wpcf7-text wpcf7-validates-as-email\" aria-required=\"true\" aria-invalid=\"false\" placeholder=\"Email\" value=\"\" type=\"email\" name=\"your-email\" \/><\/span>\n<\/p>\n<p><span class=\"wpcf7-form-control-wrap\" data-name=\"your-message\"><textarea cols=\"40\" rows=\"10\" maxlength=\"2000\" class=\"wpcf7-form-control wpcf7-textarea\" aria-invalid=\"false\" placeholder=\"Mensaje\" name=\"your-message\"><\/textarea><\/span>\n<\/p>\n<p><span style=\"font-size:13px;\"><br \/>\nTratamos los datos que nos facilita con el fin de dar respuesta a la consulta sobre nuestros productos y servicios por cualquier medio (postal, email o tel\u00e9fono). Los datos proporcionados se conservar\u00e1n mientras no solicite el cese de la actividad. Los datos no se ceder\u00e1n a terceros salvo en los casos en que exista una obligaci\u00f3n legal. Usted tiene derecho a obtener confirmaci\u00f3n sobre si en HST estamos tratando sus datos personales por tanto tiene derecho a acceder a sus datos personales, rectificar los datos inexactos o solicitar su supresi\u00f3n cuando los datos ya no sean necesarios para los fines que fueron recogidos.<\/span>\n<\/p>\n<p><span style=\"font-size:13px;\"><br \/>\nDesea recibir comunicados de marketing de HST por correo electr\u00f3nico y entendiendo que sus datos personales se tratar\u00e1n como la <a href=\"\/politica-de-privacitat\/\" target=\"_blank\">pol\u00edtica de privacidad<\/a> <\/span>\n<\/p>\n<p><span class=\"wpcf7-form-control-wrap\" data-name=\"RGPD-accepto\"><span class=\"wpcf7-form-control wpcf7-checkbox wpcf7-validates-as-required wpcf7-exclusive-checkbox\"><span class=\"wpcf7-list-item first\"><label><input type=\"checkbox\" name=\"RGPD-accepto\" value=\"Si\" \/><span class=\"wpcf7-list-item-label\">Si<\/span><\/label><\/span><span class=\"wpcf7-list-item last\"><label><input type=\"checkbox\" name=\"RGPD-accepto\" value=\"No, gracias\" \/><span class=\"wpcf7-list-item-label\">No, gracias<\/span><\/label><\/span><\/span><\/span>\n<\/p>\n<p><br clear=\"all\" \/>\n<\/p>\n<p>\n\n<\/p>\n<p><input class=\"wpcf7-form-control wpcf7-submit has-spinner\" type=\"submit\" value=\"Enviar\" \/>\n<\/p><div class=\"wpcf7-response-output\" aria-hidden=\"true\"><\/div>\n<\/form>\n<\/div>\n[\/vc_column][\/vc_row][vc_row][vc_column width=\u00bb1\/3&#8243;]<div class=\"icon_box icon_position_top no_border\"><div class=\"icon_wrapper\"><div class=\"icon\"><i class=\"icon-desktop-line\" aria-hidden=\"true\"><\/i><\/div><\/div><div class=\"desc_wrapper\"><h4 class=\"title \">Infraestructuras monitorizadas<\/h4><div class=\"desc\">Toda la actividad de los servidores est\u00e1 monitorizada, el rendimiento de CPU, la memoria, la utilizaci\u00f3n de discos.<\/div><\/div><\/div>\n[\/vc_column][vc_column width=\u00bb1\/3&#8243;]<div class=\"icon_box icon_position_top no_border\"><div class=\"icon_wrapper\"><div class=\"icon\"><i class=\"icon-retweet\" aria-hidden=\"true\"><\/i><\/div><\/div><div class=\"desc_wrapper\"><h4 class=\"title \">Servicios monitorizados<\/h4><div class=\"desc\">Servicios monitorizados com el tr\u00e1fico de los servidores, las ca\u00eddas de servicios, los SLAs de operaciones, problemas en la red, ya sean internos o externos, comunicaciones, &#8230;<\/div><\/div><\/div>\n[\/vc_column][vc_column width=\u00bb1\/3&#8243;]<div class=\"icon_box icon_position_top no_border\"><div class=\"icon_wrapper\"><div class=\"icon\"><i class=\"icon-cog-line\" aria-hidden=\"true\"><\/i><\/div><\/div><div class=\"desc_wrapper\"><h4 class=\"title \">Aplicaciones monitorizadas<\/h4><div class=\"desc\">Bases de datos, plataformas web, aplicaciones de todo tipo, &#8230;<\/div><\/div><\/div>\n[\/vc_column][\/vc_row][vc_row][vc_column width=\u00bb1\/1&#8243;][vc_column_text]<strong><span data-sheets-value=\"[null,2,&quot;Quiz\\u00e1s estabas buscando :&quot;]\" data-sheets-userformat=\"[null,null,513,[null,0],null,null,null,null,null,null,null,null,0]\">Quiz\u00e1s estabas buscando :<\/span><\/strong><\/p>\n<p><span data-sheets-value=\"[null,2,&quot;Mantenimientos servidores Lleida&quot;]\" data-sheets-userformat=\"[null,null,8705,[null,0],null,null,null,null,null,null,null,null,0,null,null,null,12]\"><em>Mantenimientos servidores Lleida,\u00a0<\/em><span data-sheets-value=\"[null,2,&quot;Reparar Servidor Lleida&quot;]\" data-sheets-userformat=\"[null,null,8705,[null,0],null,null,null,null,null,null,null,null,0,null,null,null,12]\"><em>Reparar Servidor Lleida, \u00a0<\/em><span data-sheets-value=\"[null,2,&quot;Servidores Hp Lleida&quot;]\" data-sheets-userformat=\"[null,null,8705,[null,0],null,null,null,null,null,null,null,null,0,null,null,null,12]\"><em>Servidores Hp Lleida,\u00a0<\/em><span data-sheets-value=\"[null,2,&quot;Servicio t\\u00e9cnico servidores Hp Lleida &quot;]\" data-sheets-userformat=\"[null,null,8705,[null,0],null,null,null,null,null,null,null,null,0,null,null,null,12]\"><em>Servicio t\u00e9cnico servidores Hp Lleida, configurar servidor Lleida, garant\u00eda servidor Lleida, comprar servidor Lleida<\/em><\/span><\/span><\/span><\/span>[\/vc_column_text][\/vc_column][\/vc_row]<\/p>\n<\/div>","protected":false},"excerpt":{"rendered":"<p>[vc_row css=\u00bb.vc_custom_1435060391899{margin-top: 0px !important;padding-top: 0px !important;padding-right: 45px !important;padding-bottom: 45px !important;padding-left: 45px !important;background-image: url(https:\/\/www.hst.cat\/wp-content\/uploads\/hp_proliant_sliders.jpg?id=935) !important;background-position: center !important;background-repeat: no-repeat !important;background-size: cover !important;}\u00bb][vc_column width=\u00bb1\/1&#8243;][vc_column_text css_animation=\u00bbtop-to-bottom\u00bb css=\u00bb.vc_custom_1430920457704{margin-top: 0px !important;padding-bottom: 250px<span class=\"excerpt-hellip\"> [\u2026]<\/span><\/p>\n","protected":false},"author":2,"featured_media":0,"parent":0,"menu_order":0,"comment_status":"open","ping_status":"closed","template":"","meta":{"footnotes":""},"class_list":["post-1747","page","type-page","status-publish","hentry"],"yoast_head":"<!-- This site is optimized with the Yoast SEO plugin v27.5 - https:\/\/yoast.com\/product\/yoast-seo-wordpress\/ -->\n<title>Mantenimiento servidores Lleida, Servicio T\u00e9cnico Servidores HP Lleida<\/title>\n<meta name=\"description\" content=\"Somos expertos en la integraci\u00f3n de servidores, incluyendo soluciones de mensajera y acceso remoto a datos\" \/>\n<meta name=\"robots\" content=\"index, follow, max-snippet:-1, max-image-preview:large, max-video-preview:-1\" \/>\n<link rel=\"canonical\" href=\"https:\/\/www.hst.cat\/es\/mantenimiento-servidores-lleida\/\" \/>\n<meta property=\"og:locale\" content=\"es_ES\" \/>\n<meta property=\"og:type\" content=\"article\" \/>\n<meta property=\"og:title\" content=\"Mantenimiento servidores Lleida, Servicio T\u00e9cnico Servidores HP Lleida\" \/>\n<meta property=\"og:description\" content=\"Somos expertos en la integraci\u00f3n de servidores, incluyendo soluciones de mensajera y acceso remoto a datos\" \/>\n<meta property=\"og:url\" content=\"https:\/\/www.hst.cat\/es\/mantenimiento-servidores-lleida\/\" \/>\n<meta property=\"og:site_name\" content=\"Inform\u00e0tica Lleida HST\" \/>\n<meta property=\"article:modified_time\" content=\"2022-03-25T10:48:52+00:00\" \/>\n<meta name=\"twitter:label1\" content=\"Tiempo de lectura\" \/>\n\t<meta name=\"twitter:data1\" content=\"4 minutos\" \/>\n<script type=\"application\/ld+json\" class=\"yoast-schema-graph\">{\"@context\":\"https:\\\/\\\/schema.org\",\"@graph\":[{\"@type\":\"WebPage\",\"@id\":\"https:\\\/\\\/www.hst.cat\\\/es\\\/mantenimiento-servidores-lleida\\\/\",\"url\":\"https:\\\/\\\/www.hst.cat\\\/es\\\/mantenimiento-servidores-lleida\\\/\",\"name\":\"Mantenimiento servidores Lleida, Servicio T\u00e9cnico Servidores HP Lleida\",\"isPartOf\":{\"@id\":\"https:\\\/\\\/www.hst.cat\\\/#website\"},\"datePublished\":\"2015-01-26T22:02:42+00:00\",\"dateModified\":\"2022-03-25T10:48:52+00:00\",\"description\":\"Somos expertos en la integraci\u00f3n de servidores, incluyendo soluciones de mensajera y acceso remoto a datos\",\"breadcrumb\":{\"@id\":\"https:\\\/\\\/www.hst.cat\\\/es\\\/mantenimiento-servidores-lleida\\\/#breadcrumb\"},\"inLanguage\":\"es\",\"potentialAction\":[{\"@type\":\"ReadAction\",\"target\":[\"https:\\\/\\\/www.hst.cat\\\/es\\\/mantenimiento-servidores-lleida\\\/\"]}]},{\"@type\":\"BreadcrumbList\",\"@id\":\"https:\\\/\\\/www.hst.cat\\\/es\\\/mantenimiento-servidores-lleida\\\/#breadcrumb\",\"itemListElement\":[{\"@type\":\"ListItem\",\"position\":1,\"name\":\"Portada\",\"item\":\"https:\\\/\\\/www.hst.cat\\\/es\\\/\"},{\"@type\":\"ListItem\",\"position\":2,\"name\":\"Mantenimiento de servidores\"}]},{\"@type\":\"WebSite\",\"@id\":\"https:\\\/\\\/www.hst.cat\\\/#website\",\"url\":\"https:\\\/\\\/www.hst.cat\\\/\",\"name\":\"Inform\u00e0tica Lleida HST\",\"description\":\"Oferim serveis d\u2019inform\u00e0tica i noves tecnologies per empreses. Servei t\u00e8cnic, Web, Soft Gesti\u00f3, Xarxes, Consultoria\",\"potentialAction\":[{\"@type\":\"SearchAction\",\"target\":{\"@type\":\"EntryPoint\",\"urlTemplate\":\"https:\\\/\\\/www.hst.cat\\\/?s={search_term_string}\"},\"query-input\":{\"@type\":\"PropertyValueSpecification\",\"valueRequired\":true,\"valueName\":\"search_term_string\"}}],\"inLanguage\":\"es\"}]}<\/script>\n<!-- \/ Yoast SEO plugin. -->","yoast_head_json":{"title":"Mantenimiento servidores Lleida, Servicio T\u00e9cnico Servidores HP Lleida","description":"Somos expertos en la integraci\u00f3n de servidores, incluyendo soluciones de mensajera y acceso remoto a datos","robots":{"index":"index","follow":"follow","max-snippet":"max-snippet:-1","max-image-preview":"max-image-preview:large","max-video-preview":"max-video-preview:-1"},"canonical":"https:\/\/www.hst.cat\/es\/mantenimiento-servidores-lleida\/","og_locale":"es_ES","og_type":"article","og_title":"Mantenimiento servidores Lleida, Servicio T\u00e9cnico Servidores HP Lleida","og_description":"Somos expertos en la integraci\u00f3n de servidores, incluyendo soluciones de mensajera y acceso remoto a datos","og_url":"https:\/\/www.hst.cat\/es\/mantenimiento-servidores-lleida\/","og_site_name":"Inform\u00e0tica Lleida HST","article_modified_time":"2022-03-25T10:48:52+00:00","twitter_misc":{"Tiempo de lectura":"4 minutos"},"schema":{"@context":"https:\/\/schema.org","@graph":[{"@type":"WebPage","@id":"https:\/\/www.hst.cat\/es\/mantenimiento-servidores-lleida\/","url":"https:\/\/www.hst.cat\/es\/mantenimiento-servidores-lleida\/","name":"Mantenimiento servidores Lleida, Servicio T\u00e9cnico Servidores HP Lleida","isPartOf":{"@id":"https:\/\/www.hst.cat\/#website"},"datePublished":"2015-01-26T22:02:42+00:00","dateModified":"2022-03-25T10:48:52+00:00","description":"Somos expertos en la integraci\u00f3n de servidores, incluyendo soluciones de mensajera y acceso remoto a datos","breadcrumb":{"@id":"https:\/\/www.hst.cat\/es\/mantenimiento-servidores-lleida\/#breadcrumb"},"inLanguage":"es","potentialAction":[{"@type":"ReadAction","target":["https:\/\/www.hst.cat\/es\/mantenimiento-servidores-lleida\/"]}]},{"@type":"BreadcrumbList","@id":"https:\/\/www.hst.cat\/es\/mantenimiento-servidores-lleida\/#breadcrumb","itemListElement":[{"@type":"ListItem","position":1,"name":"Portada","item":"https:\/\/www.hst.cat\/es\/"},{"@type":"ListItem","position":2,"name":"Mantenimiento de servidores"}]},{"@type":"WebSite","@id":"https:\/\/www.hst.cat\/#website","url":"https:\/\/www.hst.cat\/","name":"Inform\u00e0tica Lleida HST","description":"Oferim serveis d\u2019inform\u00e0tica i noves tecnologies per empreses. Servei t\u00e8cnic, Web, Soft Gesti\u00f3, Xarxes, Consultoria","potentialAction":[{"@type":"SearchAction","target":{"@type":"EntryPoint","urlTemplate":"https:\/\/www.hst.cat\/?s={search_term_string}"},"query-input":{"@type":"PropertyValueSpecification","valueRequired":true,"valueName":"search_term_string"}}],"inLanguage":"es"}]}},"jetpack_shortlink":"https:\/\/wp.me\/P7Yfwy-sb","jetpack_sharing_enabled":true,"_links":{"self":[{"href":"https:\/\/www.hst.cat\/es\/wp-json\/wp\/v2\/pages\/1747","targetHints":{"allow":["GET"]}}],"collection":[{"href":"https:\/\/www.hst.cat\/es\/wp-json\/wp\/v2\/pages"}],"about":[{"href":"https:\/\/www.hst.cat\/es\/wp-json\/wp\/v2\/types\/page"}],"author":[{"embeddable":true,"href":"https:\/\/www.hst.cat\/es\/wp-json\/wp\/v2\/users\/2"}],"replies":[{"embeddable":true,"href":"https:\/\/www.hst.cat\/es\/wp-json\/wp\/v2\/comments?post=1747"}],"version-history":[{"count":3,"href":"https:\/\/www.hst.cat\/es\/wp-json\/wp\/v2\/pages\/1747\/revisions"}],"predecessor-version":[{"id":2832,"href":"https:\/\/www.hst.cat\/es\/wp-json\/wp\/v2\/pages\/1747\/revisions\/2832"}],"wp:attachment":[{"href":"https:\/\/www.hst.cat\/es\/wp-json\/wp\/v2\/media?parent=1747"}],"curies":[{"name":"wp","href":"https:\/\/api.w.org\/{rel}","templated":true}]}}