{"id":1759,"date":"2015-04-21T14:13:40","date_gmt":"2015-04-21T12:13:40","guid":{"rendered":"http:\/\/hst.cat\/facturaplus-lleida-2\/"},"modified":"2022-03-25T11:16:25","modified_gmt":"2022-03-25T10:16:25","slug":"facturaplus-lleida","status":"publish","type":"page","link":"https:\/\/www.hst.cat\/es\/facturaplus-lleida\/","title":{"rendered":"Facturaplus"},"content":{"rendered":"<div class=\"wpb-content-wrapper\"><p>[vc_row][vc_column width=\u00bb2\/3&#8243; css=\u00bb.vc_custom_1422807004299{padding-right: 60px !important;}\u00bb][vc_column_text]<\/p>\n<h1><strong>Facturaplus<\/strong><\/h1>\n<h3>La herramienta de gesti\u00f3n empresarial ideal para Pymes.<\/h3>\n<p>Controla los procedimientos comerciales de tu empresa, ya sea desde la emisi\u00f3n de documentos de compra o venta hasta controlar el stock, la gesti\u00f3n de reaprovisionamientos o la emisi\u00f3n de remesas bancarias.<\/p>\n<p><a href=\"\/wp-content\/uploads\/Facturaplus.png\"><img data-recalc-dims=\"1\" loading=\"lazy\" decoding=\"async\" class=\"alignright wp-image-1468 size-thumbnail\" src=\"https:\/\/i0.wp.com\/www.hst.cat\/wp-content\/uploads\/Facturaplus.png?resize=150%2C150&#038;ssl=1\" alt=\"facturaplus\" width=\"150\" height=\"150\" srcset=\"https:\/\/i0.wp.com\/www.hst.cat\/wp-content\/uploads\/Facturaplus.png?resize=150%2C150&amp;ssl=1 150w, https:\/\/i0.wp.com\/www.hst.cat\/wp-content\/uploads\/Facturaplus.png?resize=300%2C300&amp;ssl=1 300w, https:\/\/i0.wp.com\/www.hst.cat\/wp-content\/uploads\/Facturaplus.png?resize=146%2C146&amp;ssl=1 146w, https:\/\/i0.wp.com\/www.hst.cat\/wp-content\/uploads\/Facturaplus.png?resize=50%2C50&amp;ssl=1 50w, https:\/\/i0.wp.com\/www.hst.cat\/wp-content\/uploads\/Facturaplus.png?resize=80%2C80&amp;ssl=1 80w, https:\/\/i0.wp.com\/www.hst.cat\/wp-content\/uploads\/Facturaplus.png?resize=85%2C85&amp;ssl=1 85w, https:\/\/i0.wp.com\/www.hst.cat\/wp-content\/uploads\/Facturaplus.png?resize=75%2C75&amp;ssl=1 75w, https:\/\/i0.wp.com\/www.hst.cat\/wp-content\/uploads\/Facturaplus.png?w=532&amp;ssl=1 532w\" sizes=\"auto, (max-width:767px) 150px, 150px\" \/><\/a><\/p>\n<p>Adem\u00e1s de una gesti\u00f3n flexibe y eficaz, esta soluci\u00f3n tambi\u00e9n incluye gesti\u00f3n de almacenes y un control de fabricaci\u00f3n. Con su funcionalidad de generaci\u00f3n de informes y listados, te ayudar\u00e1 a tomar las mejores decisiones para tu negocio.<\/p>\n<p>Como\u00a0partners de Sage, te ofrecemos la soluci\u00f3n m\u00e1s flexible y eficaz para tu negocio. Con su gesti\u00f3n \u00e1gil y sencilla, Facturaplus te permitir\u00e1 realizar un seguimiento completo de toda la actividad comercial de tu negocio.<\/p>\n<p>Seg\u00fan lo que necesites, HST te asesora para la soluci\u00f3n Sage que mejor encaje en tu negocio.<\/p>\n<p><strong>HST, somos distribuidores oficiales y servicio t\u00e9cnico de Facturaplus en Lleida.<\/strong>[\/vc_column_text]<div class=\"list_item lists_1 clearfix\"><div class=\"list_left list_icon\"><i class=\"icon-bag\" aria-hidden=\"true\"><\/i><\/div><div class=\"list_right\"><h4 class=\"title \">Ventas<\/h4><div class=\"desc\">Todo el ciclo de ventas desde los pedidos de los clientes hasta el pago, incluyendo los albaranes, facturas o liquidaciones de los comerciales.<\/div><\/div><\/div>\n<div class=\"list_item lists_1 clearfix\"><div class=\"list_left list_icon\"><i class=\"icon-basket\" aria-hidden=\"true\"><\/i><\/div><div class=\"list_right\"><h4 class=\"title \">Compras<\/h4><div class=\"desc\">Todo el ciclo de compras desde los pedidos de los proveedores hasta las remesas de pago y el control de procesos de reaprovisionamiento.<\/div><\/div><\/div>\n<div class=\"list_item lists_1 clearfix\"><div class=\"list_left list_icon\"><i class=\"icon-archive\" aria-hidden=\"true\"><\/i><\/div><div class=\"list_right\"><h4 class=\"title \">Almacen<\/h4><div class=\"desc\">Te permite tener el control detallado de las situaciones de almac\u00e9n, funciones avanzadas que incluyen procesos de carga masiva de existencias, regularizaciones o traspasos entre diferentes almacenes.<\/div><\/div><\/div>\n<div class=\"list_item lists_1 clearfix\"><div class=\"list_left list_icon\"><i class=\"icon-money-line\" aria-hidden=\"true\"><\/i><\/div><div class=\"list_right\"><h4 class=\"title \">Cobros y pagos<\/h4><div class=\"desc\">Gestiona estas dos funciones con las formas de pago predefinidas, facilitando la generaci\u00f3n de remesas bancarias, control de recibos devueltos y evaluaci\u00f3n de los riesgos comerciales y financieros.<br \/>\n<\/div><\/div><\/div>\n<div class=\"list_item lists_1 clearfix\"><div class=\"list_left list_icon\"><i class=\"icon-chart-bar\" aria-hidden=\"true\"><\/i><\/div><div class=\"list_right\"><h4 class=\"title \">Informes y estad\u00edsticas<\/h4><div class=\"desc\">Completo generador de informes y estad\u00edsticas que te ayudaran a conocer la situaci\u00f3n de tu empresa.<\/div><\/div><\/div>\n[vc_column_text css=\u00bb.vc_custom_1431525911169{padding-top: 20px !important;padding-right: 20px !important;padding-bottom: 20px !important;padding-left: 20px !important;}\u00bb]Si quieres <strong>comprar e instalar Facturaplus<\/strong>, en HST nos encargamos de la implantaci\u00f3n y la puesta en marcha del programa en tu empresa.[\/vc_column_text][\/vc_column][vc_column width=\u00bb1\/3&#8243;]\n<div class=\"wpcf7 no-js\" id=\"wpcf7-f1621-o1\" lang=\"es-ES\" dir=\"ltr\" data-wpcf7-id=\"1621\">\n<div class=\"screen-reader-response\"><p role=\"status\" aria-live=\"polite\" aria-atomic=\"true\"><\/p> <ul><\/ul><\/div>\n<form action=\"\/es\/wp-json\/wp\/v2\/pages\/1759#wpcf7-f1621-o1\" method=\"post\" class=\"wpcf7-form init\" aria-label=\"Formulario de contacto\" novalidate=\"novalidate\" data-status=\"init\">\n<fieldset class=\"hidden-fields-container\"><input type=\"hidden\" name=\"_wpcf7\" value=\"1621\" \/><input type=\"hidden\" name=\"_wpcf7_version\" value=\"6.1.5\" \/><input type=\"hidden\" name=\"_wpcf7_locale\" value=\"es_ES\" \/><input type=\"hidden\" name=\"_wpcf7_unit_tag\" value=\"wpcf7-f1621-o1\" \/><input type=\"hidden\" name=\"_wpcf7_container_post\" value=\"0\" \/><input type=\"hidden\" name=\"_wpcf7_posted_data_hash\" value=\"\" \/><input type=\"hidden\" name=\"_wpcf7cf_hidden_group_fields\" value=\"[]\" \/><input type=\"hidden\" name=\"_wpcf7cf_hidden_groups\" value=\"[]\" \/><input type=\"hidden\" name=\"_wpcf7cf_visible_groups\" value=\"[]\" \/><input type=\"hidden\" name=\"_wpcf7cf_repeaters\" value=\"[]\" \/><input type=\"hidden\" name=\"_wpcf7cf_steps\" value=\"{}\" \/><input type=\"hidden\" name=\"_wpcf7cf_options\" value=\"{&quot;form_id&quot;:1621,&quot;conditions&quot;:[],&quot;settings&quot;:{&quot;animation&quot;:&quot;yes&quot;,&quot;animation_intime&quot;:200,&quot;animation_outtime&quot;:200,&quot;conditions_ui&quot;:&quot;normal&quot;,&quot;notice_dismissed&quot;:false,&quot;notice_dismissed_rollback-cf7-5.9.2&quot;:true,&quot;notice_dismissed_rollback-cf7-5.9.4&quot;:true,&quot;notice_dismissed_rollback-cf7-5.9.5&quot;:true,&quot;notice_dismissed_rollback-cf7-5.9.6&quot;:true,&quot;notice_dismissed_update-cf7-6.1.4&quot;:true}}\" \/><input type=\"hidden\" name=\"_wpcf7_recaptcha_response\" value=\"\" \/>\n<\/fieldset>\n<p><span class=\"wpcf7-form-control-wrap\" data-name=\"your-name\"><input size=\"40\" maxlength=\"400\" class=\"wpcf7-form-control wpcf7-text wpcf7-validates-as-required\" aria-required=\"true\" aria-invalid=\"false\" placeholder=\"Nombre\" value=\"\" type=\"text\" name=\"your-name\" \/><\/span>\n<\/p>\n<p><span class=\"wpcf7-form-control-wrap\" data-name=\"your-email\"><input size=\"40\" maxlength=\"400\" class=\"wpcf7-form-control wpcf7-email wpcf7-validates-as-required wpcf7-text wpcf7-validates-as-email\" aria-required=\"true\" aria-invalid=\"false\" placeholder=\"Email\" value=\"\" type=\"email\" name=\"your-email\" \/><\/span>\n<\/p>\n<p><span class=\"wpcf7-form-control-wrap\" data-name=\"your-message\"><textarea cols=\"40\" rows=\"10\" maxlength=\"2000\" class=\"wpcf7-form-control wpcf7-textarea\" aria-invalid=\"false\" placeholder=\"Mensaje\" name=\"your-message\"><\/textarea><\/span>\n<\/p>\n<p><span style=\"font-size:13px;\"><br \/>\nTratamos los datos que nos facilita con el fin de dar respuesta a la consulta sobre nuestros productos y servicios por cualquier medio (postal, email o tel\u00e9fono). Los datos proporcionados se conservar\u00e1n mientras no solicite el cese de la actividad. Los datos no se ceder\u00e1n a terceros salvo en los casos en que exista una obligaci\u00f3n legal. Usted tiene derecho a obtener confirmaci\u00f3n sobre si en HST estamos tratando sus datos personales por tanto tiene derecho a acceder a sus datos personales, rectificar los datos inexactos o solicitar su supresi\u00f3n cuando los datos ya no sean necesarios para los fines que fueron recogidos.<\/span>\n<\/p>\n<p><span style=\"font-size:13px;\"><br \/>\nDesea recibir comunicados de marketing de HST por correo electr\u00f3nico y entendiendo que sus datos personales se tratar\u00e1n como la <a href=\"\/politica-de-privacitat\/\" target=\"_blank\">pol\u00edtica de privacidad<\/a> <\/span>\n<\/p>\n<p><span class=\"wpcf7-form-control-wrap\" data-name=\"RGPD-accepto\"><span class=\"wpcf7-form-control wpcf7-checkbox wpcf7-validates-as-required wpcf7-exclusive-checkbox\"><span class=\"wpcf7-list-item first\"><label><input type=\"checkbox\" name=\"RGPD-accepto\" value=\"Si\" \/><span class=\"wpcf7-list-item-label\">Si<\/span><\/label><\/span><span class=\"wpcf7-list-item last\"><label><input type=\"checkbox\" name=\"RGPD-accepto\" value=\"No, gracias\" \/><span class=\"wpcf7-list-item-label\">No, gracias<\/span><\/label><\/span><\/span><\/span>\n<\/p>\n<p><br clear=\"all\" \/>\n<\/p>\n<p>\n\n<\/p>\n<p><input class=\"wpcf7-form-control wpcf7-submit has-spinner\" type=\"submit\" value=\"Enviar\" \/>\n<\/p><div class=\"wpcf7-response-output\" aria-hidden=\"true\"><\/div>\n<\/form>\n<\/div>\n<div class=\"infobox\" ><h3 class=\"title \">Beneficios:<\/h3><div class=\"infobox_wrapper\"><span class=\"ib-desc\"><\/p>\n<ul>\n<li style=\"list-style-type: none;\">\n<ul>\n<li>Esta herramienta te indica en todo momento la situaci\u00f3n de los indicadores b\u00e1sicos de la empresa: los m\u00e1rgenes, los costes, etc.<\/li>\n<li>M\u00e1s tiempo y menos errores, ya que cuenta con la automatizaci\u00f3n de los procesos m\u00e1s usuales (emisi\u00f3n de facturas, remesas, contabilizaci\u00f3n, etc.)<\/li>\n<li>En funci\u00f3n del an\u00e1lisis de los clientes, ventas y situaci\u00f3n del inventario te permitir\u00e1 generar nuevas oportunidades para tu negocio.<\/li>\n<li>Simplicidad en los procesos de consulta y acceso a la informaci\u00f3n.<\/li>\n<li>Integraci\u00f3n de informaci\u00f3n de diferentes fuentes gracias al enlazar con MS-Office\/Open Office.<\/li>\n<\/ul>\n<\/li>\n<\/ul>\n<p><\/span><\/div><\/div>\n[\/vc_column][\/vc_row][vc_row css=\u00bb.vc_custom_1490281761269{padding-top: 20px !important;padding-right: 20px !important;padding-bottom: 20px !important;padding-left: 20px !important;background-color: #578fbf !important;}\u00bb][vc_column][vc_column_text]<\/p>\n<h2><span style=\"color: #333333;\">Sage Facturaplus Flex<\/span><\/h2>\n<p>&nbsp;<\/p>\n<p><span style=\"color: #333333;\">El software de facturaci\u00f3n de Sage que encaja en tu negocio. Te proporciona un control global de los procesos comerciales de tu empresa.<\/span><\/p>\n<p><span style=\"color: #333333;\">Cuenta con HST para la adquisici\u00f3n, puesta a punto y soporte de Sage Facturaplus Flex. Somos<strong> servicio t\u00e9cnico en Lleida y<\/strong> partner oficial de Sage.<\/span><\/p>\n<p>&nbsp;<\/p>\n<p style=\"text-align: center;\"><span style=\"color: #333333;\"><span style=\"color: #ffffff;\"><strong><a style=\"color: #ffffff;\" href=\"https:\/\/www.hst.cat\/wp-content\/uploads\/Diferencias-entre-FacturaPlus-Profesional-y-Elite.pdf\" target=\"_blank\" rel=\"noopener\">Desc\u00e1rgate la ficha de Facturaplus Flex<\/a><\/strong><\/span> y compara la modalidad que m\u00e1s te conviene:<\/span><\/p>\n<p style=\"text-align: center;\"><span style=\"color: #333333;\"><strong>Facturaplus Profesional<\/strong> o <strong>Facturaplus \u00c9lite<\/strong><\/span><\/p>\n<p>[\/vc_column_text][\/vc_column][\/vc_row][vc_row][vc_column width=\u00bb1\/2&#8243;][vc_custom_heading text=\u00bbFacturaplus Professional\u00bb google_fonts=\u00bbfont_family:Open%20Sans%3A300%2C300italic%2Cregular%2Citalic%2C600%2C600italic%2C700%2C700italic%2C800%2C800italic|font_style:400%20regular%3A400%3Anormal\u00bb][\/vc_column][vc_column width=\u00bb1\/2&#8243;][vc_custom_heading text=\u00bbFacturaplus \u00c9lite\u00bb google_fonts=\u00bbfont_family:Open%20Sans%3A300%2C300italic%2Cregular%2Citalic%2C600%2C600italic%2C700%2C700italic%2C800%2C800italic|font_style:400%20regular%3A400%3Anormal\u00bb][\/vc_column][\/vc_row][vc_row][vc_column width=\u00bb1\/2&#8243;][vc_column_text]<\/p>\n<h4>Funciones Facturaplus Profesional:<\/h4>\n<ul>\n<li style=\"list-style-type: none;\">\n<ul>\n<li style=\"list-style-type: none;\">\n<ul>\n<li>Monopuesto (soporte para una empresa)<\/li>\n<li>Gesti\u00f3n de compras (albaranes\/pedidos) y ventas<\/li>\n<li>Gesti\u00f3n de almac\u00e9n: control, gesti\u00f3n y mantenimiento de movimientos<\/li>\n<li>Control y gesti\u00f3n b\u00e1sica de \u00f3rdenes de producci\u00f3n, procesos de fabricaci\u00f3n<\/li>\n<li>Control y gesti\u00f3n de cartera de clientes, puede generar remesas modo norma 19 CSB<\/li>\n<li>Compatibilidad con Excel y Open Office<\/li>\n<li>Enlace con <a href=\"https:\/\/www.hst.cat\/es\/sage-contaplus-lleida\/\">Contaplus<\/a><\/li>\n<\/ul>\n<\/li>\n<\/ul>\n<\/li>\n<\/ul>\n<h4>Novetades Facturaplus Profesional:<\/h4>\n<ul>\n<li style=\"list-style-type: none;\">\n<ul>\n<li style=\"list-style-type: none;\">\n<ul>\n<li>Nuevas partidas de impresi\u00f3n a Direcciones Comerciales<\/li>\n<li>Nuevos filtros diarios de facturaci\u00f3n<\/li>\n<li>Gesti\u00f3n de cobros parciales<\/li>\n<li>Nuevos listados de art\u00edculos sin movimientos<\/li>\n<\/ul>\n<\/li>\n<\/ul>\n<\/li>\n<\/ul>\n<p>[\/vc_column_text][\/vc_column][vc_column width=\u00bb1\/2&#8243;][vc_column_text]<\/p>\n<h4>Funciones Facturaplus \u00c9lite:<\/h4>\n<ul>\n<li style=\"list-style-type: none;\">\n<ul>\n<li style=\"list-style-type: none;\">\n<ul>\n<li>Multipuesto (sin l\u00edmite de empresas)<\/li>\n<li>Gesti\u00f3n de compras y ventas<\/li>\n<li>Gesti\u00f3n de almacenes: control, gesti\u00f3n y mantenimiento de movimientos<\/li>\n<li>Control y gesti\u00f3n de \u00f3rdenes de producci\u00f3n, procesos de fabricaci\u00f3n<\/li>\n<li>Control y gesti\u00f3n de cartera de cobros y pagos de clientes y proveedores, puede generar remesas formato 19, 32 y 58 del CSB<\/li>\n<li>Gesti\u00f3n de garant\u00edas<\/li>\n<li>Control de trazabilidad<\/li>\n<li>Variedad de formatos de documentos personalizables seg\u00fan necesidades<\/li>\n<li>Integraci\u00f3n con hojas de c\u00e1lculo<\/li>\n<li>Enlace con <a href=\"https:\/\/www.hst.cat\/es\/sage-contaplus-lleida\/\">Contaplus<\/a><\/li>\n<\/ul>\n<\/li>\n<\/ul>\n<\/li>\n<\/ul>\n<h4>Novedades Facturaplus \u00c9lite:<\/h4>\n<ul>\n<li style=\"list-style-type: none;\">\n<ul>\n<li style=\"list-style-type: none;\">\n<ul>\n<li>Nuevas partidas de impresi\u00f3n a Direcciones comerciales<\/li>\n<li>Nuevas vistas personalizables<\/li>\n<li>Duplicado de pedidos de clientes<\/li>\n<li>Nuevos filtros diarios de facturaci\u00f3n<\/li>\n<li>Gesti\u00f3n de cobros parciales<\/li>\n<li>Nuevos listados de art\u00edculos sin movimientos<\/li>\n<li>Exportaci\u00f3n de informes a formato CSV<\/li>\n<\/ul>\n<\/li>\n<\/ul>\n<\/li>\n<\/ul>\n<p>[\/vc_column_text][\/vc_column][\/vc_row][vc_row][vc_column][vc_column_text]<\/p>\n<p><strong>Quiz\u00e1s estabas buscando:<\/strong><\/p>\n<p><em><span data-sheets-value=\"[null,2,&quot;Facturaplus Lleida&quot;]\" data-sheets-userformat=\"[null,null,8705,[null,0],null,null,null,null,null,null,null,null,0,null,null,null,12]\">Facturaplus Lleida,\u00a0<span data-sheets-value=\"[null,2,&quot;Instalar Facturaplus Lleida&quot;]\" data-sheets-userformat=\"[null,null,8705,[null,0],null,null,null,null,null,null,null,null,0,null,null,null,12]\">Instalar Facturaplus Lleida,\u00a0<span data-sheets-value=\"[null,2,&quot;Comprar Facturaplus Lleida&quot;]\" data-sheets-userformat=\"[null,null,8705,[null,0],null,null,null,null,null,null,null,null,0,null,null,null,12]\">Comprar Facturaplus Lleida,\u00a0<span data-sheets-value=\"[null,2,&quot;Software gesti\\u00f3n empresarial Lleida&quot;]\" data-sheets-userformat=\"[null,null,8705,[null,0],null,null,null,null,null,null,null,null,0,null,null,null,12]\">Software gesti\u00f3n empresarial Lleida,\u00a0<span data-sheets-value=\"[null,2,&quot;servicio t\\u00e9cnico facturaplus Lleida&quot;]\" data-sheets-userformat=\"[null,null,8705,[null,0],null,null,null,null,null,null,null,null,0,null,null,null,12]\">servicio t\u00e9cnico facturaplus Lleida,\u00a0<span data-sheets-value=\"[null,2,&quot;servicio t\\u00e9cnico sage Lleida&quot;]\" data-sheets-userformat=\"[null,null,8705,[null,0],null,null,null,null,null,null,null,null,0,null,null,null,12]\">servicio t\u00e9cnico sage Lleida,\u00a0<span data-sheets-value=\"[null,2,&quot;distribuidor facturaplus Lleida&quot;]\" data-sheets-userformat=\"[null,null,8705,[null,0],null,null,null,null,null,null,null,null,0,null,null,null,12]\">distribuidor facturaplus Lleida, facturaplus flex Lleida, soporte facturaplus flex<\/span><\/span><\/span><\/span><\/span><\/span><\/span><\/em>[\/vc_column_text][\/vc_column][\/vc_row]<\/p>\n<\/div>","protected":false},"excerpt":{"rendered":"<p>[vc_row][vc_column width=\u00bb2\/3&#8243; css=\u00bb.vc_custom_1422807004299{padding-right: 60px !important;}\u00bb][vc_column_text] Facturaplus La herramienta de gesti\u00f3n empresarial ideal para Pymes. Controla los procedimientos comerciales de tu empresa, ya sea desde la emisi\u00f3n<span class=\"excerpt-hellip\"> [\u2026]<\/span><\/p>\n","protected":false},"author":5,"featured_media":0,"parent":0,"menu_order":0,"comment_status":"open","ping_status":"closed","template":"","meta":{"footnotes":""},"class_list":["post-1759","page","type-page","status-publish","hentry"],"yoast_head":"<!-- This site is optimized with the Yoast SEO plugin v27.3 - https:\/\/yoast.com\/product\/yoast-seo-wordpress\/ -->\n<title>Facturaplus Lleida,Instalar facturaplus Leida<\/title>\n<meta name=\"description\" content=\"Facturaplus con su completa funcionalidad es la soluci\u00f3n de gesti\u00f3n comercial que mejoran y se adaptan a Pimes y aut\u00f3nomos\" \/>\n<meta name=\"robots\" content=\"index, follow, max-snippet:-1, max-image-preview:large, max-video-preview:-1\" \/>\n<link rel=\"canonical\" href=\"https:\/\/www.hst.cat\/es\/facturaplus-lleida\/\" \/>\n<meta property=\"og:locale\" content=\"es_ES\" \/>\n<meta property=\"og:type\" content=\"article\" \/>\n<meta property=\"og:title\" content=\"Facturaplus Lleida,Instalar facturaplus Leida\" \/>\n<meta property=\"og:description\" content=\"Facturaplus con su completa funcionalidad es la soluci\u00f3n de gesti\u00f3n comercial que mejoran y se adaptan a Pimes y aut\u00f3nomos\" \/>\n<meta property=\"og:url\" content=\"https:\/\/www.hst.cat\/es\/facturaplus-lleida\/\" \/>\n<meta property=\"og:site_name\" content=\"Inform\u00e0tica Lleida HST\" \/>\n<meta property=\"article:modified_time\" content=\"2022-03-25T10:16:25+00:00\" \/>\n<meta property=\"og:image\" content=\"https:\/\/www.hst.cat\/wp-content\/uploads\/Facturaplus-150x150.png\" \/>\n<meta name=\"twitter:label1\" content=\"Tiempo de lectura\" \/>\n\t<meta name=\"twitter:data1\" content=\"5 minutos\" \/>\n<script type=\"application\/ld+json\" class=\"yoast-schema-graph\">{\"@context\":\"https:\\\/\\\/schema.org\",\"@graph\":[{\"@type\":\"WebPage\",\"@id\":\"https:\\\/\\\/www.hst.cat\\\/es\\\/facturaplus-lleida\\\/\",\"url\":\"https:\\\/\\\/www.hst.cat\\\/es\\\/facturaplus-lleida\\\/\",\"name\":\"Facturaplus Lleida,Instalar facturaplus Leida\",\"isPartOf\":{\"@id\":\"https:\\\/\\\/www.hst.cat\\\/#website\"},\"primaryImageOfPage\":{\"@id\":\"https:\\\/\\\/www.hst.cat\\\/es\\\/facturaplus-lleida\\\/#primaryimage\"},\"image\":{\"@id\":\"https:\\\/\\\/www.hst.cat\\\/es\\\/facturaplus-lleida\\\/#primaryimage\"},\"thumbnailUrl\":\"https:\\\/\\\/www.hst.cat\\\/wp-content\\\/uploads\\\/Facturaplus-150x150.png\",\"datePublished\":\"2015-04-21T12:13:40+00:00\",\"dateModified\":\"2022-03-25T10:16:25+00:00\",\"description\":\"Facturaplus con su completa funcionalidad es la soluci\u00f3n de gesti\u00f3n comercial que mejoran y se adaptan a Pimes y aut\u00f3nomos\",\"breadcrumb\":{\"@id\":\"https:\\\/\\\/www.hst.cat\\\/es\\\/facturaplus-lleida\\\/#breadcrumb\"},\"inLanguage\":\"es\",\"potentialAction\":[{\"@type\":\"ReadAction\",\"target\":[\"https:\\\/\\\/www.hst.cat\\\/es\\\/facturaplus-lleida\\\/\"]}]},{\"@type\":\"ImageObject\",\"inLanguage\":\"es\",\"@id\":\"https:\\\/\\\/www.hst.cat\\\/es\\\/facturaplus-lleida\\\/#primaryimage\",\"url\":\"https:\\\/\\\/www.hst.cat\\\/wp-content\\\/uploads\\\/Facturaplus-150x150.png\",\"contentUrl\":\"https:\\\/\\\/www.hst.cat\\\/wp-content\\\/uploads\\\/Facturaplus-150x150.png\"},{\"@type\":\"BreadcrumbList\",\"@id\":\"https:\\\/\\\/www.hst.cat\\\/es\\\/facturaplus-lleida\\\/#breadcrumb\",\"itemListElement\":[{\"@type\":\"ListItem\",\"position\":1,\"name\":\"Portada\",\"item\":\"https:\\\/\\\/www.hst.cat\\\/es\\\/\"},{\"@type\":\"ListItem\",\"position\":2,\"name\":\"Facturaplus\"}]},{\"@type\":\"WebSite\",\"@id\":\"https:\\\/\\\/www.hst.cat\\\/#website\",\"url\":\"https:\\\/\\\/www.hst.cat\\\/\",\"name\":\"Inform\u00e0tica Lleida HST\",\"description\":\"Oferim serveis d\u2019inform\u00e0tica i noves tecnologies per empreses. Servei t\u00e8cnic, Web, Soft Gesti\u00f3, Xarxes, Consultoria\",\"potentialAction\":[{\"@type\":\"SearchAction\",\"target\":{\"@type\":\"EntryPoint\",\"urlTemplate\":\"https:\\\/\\\/www.hst.cat\\\/?s={search_term_string}\"},\"query-input\":{\"@type\":\"PropertyValueSpecification\",\"valueRequired\":true,\"valueName\":\"search_term_string\"}}],\"inLanguage\":\"es\"}]}<\/script>\n<!-- \/ Yoast SEO plugin. -->","yoast_head_json":{"title":"Facturaplus Lleida,Instalar facturaplus Leida","description":"Facturaplus con su completa funcionalidad es la soluci\u00f3n de gesti\u00f3n comercial que mejoran y se adaptan a Pimes y aut\u00f3nomos","robots":{"index":"index","follow":"follow","max-snippet":"max-snippet:-1","max-image-preview":"max-image-preview:large","max-video-preview":"max-video-preview:-1"},"canonical":"https:\/\/www.hst.cat\/es\/facturaplus-lleida\/","og_locale":"es_ES","og_type":"article","og_title":"Facturaplus Lleida,Instalar facturaplus Leida","og_description":"Facturaplus con su completa funcionalidad es la soluci\u00f3n de gesti\u00f3n comercial que mejoran y se adaptan a Pimes y aut\u00f3nomos","og_url":"https:\/\/www.hst.cat\/es\/facturaplus-lleida\/","og_site_name":"Inform\u00e0tica Lleida HST","article_modified_time":"2022-03-25T10:16:25+00:00","og_image":[{"url":"https:\/\/www.hst.cat\/wp-content\/uploads\/Facturaplus-150x150.png","type":"","width":"","height":""}],"twitter_misc":{"Tiempo de lectura":"5 minutos"},"schema":{"@context":"https:\/\/schema.org","@graph":[{"@type":"WebPage","@id":"https:\/\/www.hst.cat\/es\/facturaplus-lleida\/","url":"https:\/\/www.hst.cat\/es\/facturaplus-lleida\/","name":"Facturaplus Lleida,Instalar facturaplus Leida","isPartOf":{"@id":"https:\/\/www.hst.cat\/#website"},"primaryImageOfPage":{"@id":"https:\/\/www.hst.cat\/es\/facturaplus-lleida\/#primaryimage"},"image":{"@id":"https:\/\/www.hst.cat\/es\/facturaplus-lleida\/#primaryimage"},"thumbnailUrl":"https:\/\/www.hst.cat\/wp-content\/uploads\/Facturaplus-150x150.png","datePublished":"2015-04-21T12:13:40+00:00","dateModified":"2022-03-25T10:16:25+00:00","description":"Facturaplus con su completa funcionalidad es la soluci\u00f3n de gesti\u00f3n comercial que mejoran y se adaptan a Pimes y aut\u00f3nomos","breadcrumb":{"@id":"https:\/\/www.hst.cat\/es\/facturaplus-lleida\/#breadcrumb"},"inLanguage":"es","potentialAction":[{"@type":"ReadAction","target":["https:\/\/www.hst.cat\/es\/facturaplus-lleida\/"]}]},{"@type":"ImageObject","inLanguage":"es","@id":"https:\/\/www.hst.cat\/es\/facturaplus-lleida\/#primaryimage","url":"https:\/\/www.hst.cat\/wp-content\/uploads\/Facturaplus-150x150.png","contentUrl":"https:\/\/www.hst.cat\/wp-content\/uploads\/Facturaplus-150x150.png"},{"@type":"BreadcrumbList","@id":"https:\/\/www.hst.cat\/es\/facturaplus-lleida\/#breadcrumb","itemListElement":[{"@type":"ListItem","position":1,"name":"Portada","item":"https:\/\/www.hst.cat\/es\/"},{"@type":"ListItem","position":2,"name":"Facturaplus"}]},{"@type":"WebSite","@id":"https:\/\/www.hst.cat\/#website","url":"https:\/\/www.hst.cat\/","name":"Inform\u00e0tica Lleida HST","description":"Oferim serveis d\u2019inform\u00e0tica i noves tecnologies per empreses. Servei t\u00e8cnic, Web, Soft Gesti\u00f3, Xarxes, Consultoria","potentialAction":[{"@type":"SearchAction","target":{"@type":"EntryPoint","urlTemplate":"https:\/\/www.hst.cat\/?s={search_term_string}"},"query-input":{"@type":"PropertyValueSpecification","valueRequired":true,"valueName":"search_term_string"}}],"inLanguage":"es"}]}},"jetpack_shortlink":"https:\/\/wp.me\/P7Yfwy-sn","jetpack_sharing_enabled":true,"_links":{"self":[{"href":"https:\/\/www.hst.cat\/es\/wp-json\/wp\/v2\/pages\/1759","targetHints":{"allow":["GET"]}}],"collection":[{"href":"https:\/\/www.hst.cat\/es\/wp-json\/wp\/v2\/pages"}],"about":[{"href":"https:\/\/www.hst.cat\/es\/wp-json\/wp\/v2\/types\/page"}],"author":[{"embeddable":true,"href":"https:\/\/www.hst.cat\/es\/wp-json\/wp\/v2\/users\/5"}],"replies":[{"embeddable":true,"href":"https:\/\/www.hst.cat\/es\/wp-json\/wp\/v2\/comments?post=1759"}],"version-history":[{"count":5,"href":"https:\/\/www.hst.cat\/es\/wp-json\/wp\/v2\/pages\/1759\/revisions"}],"predecessor-version":[{"id":21738,"href":"https:\/\/www.hst.cat\/es\/wp-json\/wp\/v2\/pages\/1759\/revisions\/21738"}],"wp:attachment":[{"href":"https:\/\/www.hst.cat\/es\/wp-json\/wp\/v2\/media?parent=1759"}],"curies":[{"name":"wp","href":"https:\/\/api.w.org\/{rel}","templated":true}]}}