{"id":1760,"date":"2015-01-26T23:05:17","date_gmt":"2015-01-26T22:05:17","guid":{"rendered":"http:\/\/hst.cat\/sage-contaplus-lleida-2\/"},"modified":"2022-03-25T11:54:11","modified_gmt":"2022-03-25T10:54:11","slug":"sage-contaplus-lleida","status":"publish","type":"page","link":"https:\/\/www.hst.cat\/es\/sage-contaplus-lleida\/","title":{"rendered":"SG Contaplus"},"content":{"rendered":"<div class=\"wpb-content-wrapper\"><p>[vc_row][vc_column width=\u00bb2\/3&#8243;][vc_column_text]<\/p>\n<h1><strong>Software de gesti\u00f3n Contaplus<\/strong><\/h1>\n<h3>\u00bfPorque la mayor\u00eda de Pymes espa\u00f1olas utilizan este software de gesti\u00f3n empresarial?<\/h3>\n<p>Como partners oficiales de Sage en Lleida, te ofrecemos la soluci\u00f3n m\u00e1s flexible y eficaz para tu negocio. Con su gesti\u00f3n \u00e1gil y sencilla, Contaplus te permitir\u00e1 gestionar la principales obligaciones fiscales y contables de tu empresa.<\/p>\n<p>Seg\u00fan lo que necesites, HST te asesora para la soluci\u00f3n que mejor encaje en tu negocio. Si quieres instalar Contaplus en Lleida, contacta con nosotros.<\/p>\n<p><strong>Somos distribuidores oficiales de contaplus y servicio t\u00e9cnico Sage en Lleida.<\/strong><\/p>\n<p>Ofrecemos soporte t\u00e9cnico del programa contaplus, reparamos el programa contaplus y le ayudamos en la puesta en marcha del programa.[\/vc_column_text]<div class=\"infobox\" ><h3 class=\"title \">Ventajas y beneficios<\/h3><div class=\"infobox_wrapper\"><span class=\"ib-desc\"><\/p>\n<ul>\n<li>Control integral de la actividad finaciera, independientemente de tu sector<\/li>\n<li>Agiliza tiempo (asientos predefinidos)<\/li>\n<li>Menos errores (simplificaci\u00f3n del proceso de introducci\u00f3n de asientos)<\/li>\n<li>Presentaci\u00f3n de impuestos, tr\u00e1mites y obligaciones fiscales m\u00e1s simples<\/li>\n<li>Te ayuda a decidir<\/li>\n<li>Agrupa informaci\u00f3n<\/li>\n<\/ul>\n<p><\/span><\/div><\/div>\n[\/vc_column][vc_column width=\u00bb1\/3&#8243;]\n<div class=\"wpcf7 no-js\" id=\"wpcf7-f1621-o1\" lang=\"es-ES\" dir=\"ltr\" data-wpcf7-id=\"1621\">\n<div class=\"screen-reader-response\"><p role=\"status\" aria-live=\"polite\" aria-atomic=\"true\"><\/p> <ul><\/ul><\/div>\n<form action=\"\/es\/wp-json\/wp\/v2\/pages\/1760#wpcf7-f1621-o1\" method=\"post\" class=\"wpcf7-form init\" aria-label=\"Formulario de contacto\" novalidate=\"novalidate\" data-status=\"init\">\n<fieldset class=\"hidden-fields-container\"><input type=\"hidden\" name=\"_wpcf7\" value=\"1621\" \/><input type=\"hidden\" name=\"_wpcf7_version\" value=\"6.1.5\" \/><input type=\"hidden\" name=\"_wpcf7_locale\" value=\"es_ES\" \/><input type=\"hidden\" name=\"_wpcf7_unit_tag\" value=\"wpcf7-f1621-o1\" \/><input type=\"hidden\" name=\"_wpcf7_container_post\" value=\"0\" \/><input type=\"hidden\" name=\"_wpcf7_posted_data_hash\" value=\"\" \/><input type=\"hidden\" name=\"_wpcf7cf_hidden_group_fields\" value=\"[]\" \/><input type=\"hidden\" name=\"_wpcf7cf_hidden_groups\" value=\"[]\" \/><input type=\"hidden\" name=\"_wpcf7cf_visible_groups\" value=\"[]\" \/><input type=\"hidden\" name=\"_wpcf7cf_repeaters\" value=\"[]\" \/><input type=\"hidden\" name=\"_wpcf7cf_steps\" value=\"{}\" \/><input type=\"hidden\" name=\"_wpcf7cf_options\" value=\"{&quot;form_id&quot;:1621,&quot;conditions&quot;:[],&quot;settings&quot;:{&quot;animation&quot;:&quot;yes&quot;,&quot;animation_intime&quot;:200,&quot;animation_outtime&quot;:200,&quot;conditions_ui&quot;:&quot;normal&quot;,&quot;notice_dismissed&quot;:false,&quot;notice_dismissed_rollback-cf7-5.9.2&quot;:true,&quot;notice_dismissed_rollback-cf7-5.9.4&quot;:true,&quot;notice_dismissed_rollback-cf7-5.9.5&quot;:true,&quot;notice_dismissed_rollback-cf7-5.9.6&quot;:true,&quot;notice_dismissed_update-cf7-6.1.4&quot;:true}}\" \/><input type=\"hidden\" name=\"_wpcf7_recaptcha_response\" value=\"\" \/>\n<\/fieldset>\n<p><span class=\"wpcf7-form-control-wrap\" data-name=\"your-name\"><input size=\"40\" maxlength=\"400\" class=\"wpcf7-form-control wpcf7-text wpcf7-validates-as-required\" aria-required=\"true\" aria-invalid=\"false\" placeholder=\"Nombre\" value=\"\" type=\"text\" name=\"your-name\" \/><\/span>\n<\/p>\n<p><span class=\"wpcf7-form-control-wrap\" data-name=\"your-email\"><input size=\"40\" maxlength=\"400\" class=\"wpcf7-form-control wpcf7-email wpcf7-validates-as-required wpcf7-text wpcf7-validates-as-email\" aria-required=\"true\" aria-invalid=\"false\" placeholder=\"Email\" value=\"\" type=\"email\" name=\"your-email\" \/><\/span>\n<\/p>\n<p><span class=\"wpcf7-form-control-wrap\" data-name=\"your-message\"><textarea cols=\"40\" rows=\"10\" maxlength=\"2000\" class=\"wpcf7-form-control wpcf7-textarea\" aria-invalid=\"false\" placeholder=\"Mensaje\" name=\"your-message\"><\/textarea><\/span>\n<\/p>\n<p><span style=\"font-size:13px;\"><br \/>\nTratamos los datos que nos facilita con el fin de dar respuesta a la consulta sobre nuestros productos y servicios por cualquier medio (postal, email o tel\u00e9fono). Los datos proporcionados se conservar\u00e1n mientras no solicite el cese de la actividad. Los datos no se ceder\u00e1n a terceros salvo en los casos en que exista una obligaci\u00f3n legal. Usted tiene derecho a obtener confirmaci\u00f3n sobre si en HST estamos tratando sus datos personales por tanto tiene derecho a acceder a sus datos personales, rectificar los datos inexactos o solicitar su supresi\u00f3n cuando los datos ya no sean necesarios para los fines que fueron recogidos.<\/span>\n<\/p>\n<p><span style=\"font-size:13px;\"><br \/>\nDesea recibir comunicados de marketing de HST por correo electr\u00f3nico y entendiendo que sus datos personales se tratar\u00e1n como la <a href=\"\/politica-de-privacitat\/\" target=\"_blank\">pol\u00edtica de privacidad<\/a> <\/span>\n<\/p>\n<p><span class=\"wpcf7-form-control-wrap\" data-name=\"RGPD-accepto\"><span class=\"wpcf7-form-control wpcf7-checkbox wpcf7-validates-as-required wpcf7-exclusive-checkbox\"><span class=\"wpcf7-list-item first\"><label><input type=\"checkbox\" name=\"RGPD-accepto\" value=\"Si\" \/><span class=\"wpcf7-list-item-label\">Si<\/span><\/label><\/span><span class=\"wpcf7-list-item last\"><label><input type=\"checkbox\" name=\"RGPD-accepto\" value=\"No, gracias\" \/><span class=\"wpcf7-list-item-label\">No, gracias<\/span><\/label><\/span><\/span><\/span>\n<\/p>\n<p><br clear=\"all\" \/>\n<\/p>\n<p>\n\n<\/p>\n<p><input class=\"wpcf7-form-control wpcf7-submit has-spinner\" type=\"submit\" value=\"Enviar\" \/>\n<\/p><div class=\"wpcf7-response-output\" aria-hidden=\"true\"><\/div>\n<\/form>\n<\/div>\n[\/vc_column][\/vc_row][vc_row][vc_column css=\u00bb.vc_custom_1422807004299{padding-right: 60px !important;}\u00bb][vc_custom_heading text=\u00bbFuncionalidades\u00bb font_container=\u00bbtag:h5|font_size:30|text_align:left\u00bb google_fonts=\u00bbfont_family:Open%20Sans%3A300%2C300italic%2Cregular%2Citalic%2C600%2C600italic%2C700%2C700italic%2C800%2C800italic|font_style:400%20regular%3A400%3Anormal\u00bb][\/vc_column][\/vc_row][vc_row][vc_column][vc_column_text css_animation=\u00bbappear\u00bb]<\/p>\n<ul>\n<li style=\"list-style-type: none;\">\n<ul>\n<li><b>Gesti\u00f3n contable, financiera, presupostaria y anal\u00edtica:<\/b> proporciona una visi\u00f3n global del\u00a0estado de\u00a0tu empresa.<a href=\"\/wp-content\/uploads\/contaplus.png\"><img data-recalc-dims=\"1\" loading=\"lazy\" decoding=\"async\" class=\"alignright wp-image-1466 size-medium\" src=\"https:\/\/i0.wp.com\/www.hst.cat\/wp-content\/uploads\/contaplus.png?resize=300%2C300&#038;ssl=1\" alt=\"contaplus\" width=\"300\" height=\"300\" srcset=\"https:\/\/i0.wp.com\/www.hst.cat\/wp-content\/uploads\/contaplus.png?resize=300%2C300&amp;ssl=1 300w, https:\/\/i0.wp.com\/www.hst.cat\/wp-content\/uploads\/contaplus.png?resize=150%2C150&amp;ssl=1 150w, https:\/\/i0.wp.com\/www.hst.cat\/wp-content\/uploads\/contaplus.png?resize=146%2C146&amp;ssl=1 146w, https:\/\/i0.wp.com\/www.hst.cat\/wp-content\/uploads\/contaplus.png?resize=50%2C50&amp;ssl=1 50w, https:\/\/i0.wp.com\/www.hst.cat\/wp-content\/uploads\/contaplus.png?resize=80%2C80&amp;ssl=1 80w, https:\/\/i0.wp.com\/www.hst.cat\/wp-content\/uploads\/contaplus.png?resize=85%2C85&amp;ssl=1 85w, https:\/\/i0.wp.com\/www.hst.cat\/wp-content\/uploads\/contaplus.png?resize=75%2C75&amp;ssl=1 75w, https:\/\/i0.wp.com\/www.hst.cat\/wp-content\/uploads\/contaplus.png?w=532&amp;ssl=1 532w\" sizes=\"auto, (max-width:767px) 300px, 300px\" \/><\/a><\/li>\n<li><b>Cumple con las obligaciones fiscales: <\/b>modelos IVA\/IGIC, IRPF e impuestos de sociedades, as\u00ed como la presentaci\u00f3n de las cuentas anuales.<\/li>\n<li><b>Vencimientos: <\/b>control de tesorer\u00eda a traves de la gesti\u00f3n de vencimientos.<\/li>\n<li><strong>Inmobilizado:<\/strong> control del estado de activos a trav\u00e9s de la gesti\u00f3n del inmobilizado, asientos de amortizaci\u00f3n autom\u00e1ticos.<\/li>\n<li><strong>An\u00e1lisis y estad\u00edsticas<\/strong>: informes y estad\u00edsticas personalizables.<\/li>\n<li><strong>Integraci\u00f3n<\/strong> con hojas de c\u00e1lculo ya sean Open Office o Microsoft Excel.<\/li>\n<li><strong>Predefinici\u00f3n de asientos:<\/strong> simplifica los asientos m\u00e1s comunes con una s\u00e9rie de plantillas.<\/li>\n<\/ul>\n<\/li>\n<\/ul>\n<p>[\/vc_column_text][vc_row_inner css=\u00bb.vc_custom_1489410092631{padding-top: 20px !important;padding-right: 20px !important;padding-bottom: 20px !important;padding-left: 20px !important;background-color: #e09533 !important;}\u00bb][vc_column_inner][vc_custom_heading text=\u00bbSage Contaplus Flex\u00bb font_container=\u00bbtag:h1|text_align:left\u00bb][vc_column_text]<span style=\"color: #000000;\">La soluci\u00f3n de Sage Contaplus Flex, es un software de contabilidad idela para Pymes y aut\u00f3nomos, ya que no requiere de grandes conocimientos contables para su uso, lo cual simplifica la gesti\u00f3n de procesos contables y financieros.<\/span><\/p>\n<p><span style=\"color: #000000;\">Cuenta con HST para la adquisici\u00f3n, puesta en marxa y soporte de Sage Contaplus Flex. <strong>Somos servicio t\u00e9cnico en Lleida y parte oficial de Sage.<\/strong><\/span>[\/vc_column_text][vc_column_text]<\/p>\n<p style=\"text-align: center;\"><span style=\"color: #000000;\"><span style=\"color: #ffffff;\"><a style=\"color: #ffffff;\" href=\"https:\/\/www.hst.cat\/wp-content\/uploads\/20151101ContaPlusFlexDiferencias2015.pdf\">Desc\u00e1rgate la ficha de Contaplus Flex<\/a><\/span> y compara la modalidad que m\u00e1s te conviene:<\/span><\/p>\n<p style=\"text-align: center;\"><span style=\"color: #000000;\"><strong>Contaplus Profesional o Contaplus \u00c9lite<\/strong><\/span><\/p>\n<p>[\/vc_column_text][\/vc_column_inner][\/vc_row_inner][\/vc_column][\/vc_row][vc_row][vc_column width=\u00bb1\/2&#8243;][vc_column_text css=\u00bb.vc_custom_1489410110377{padding-top: 20px !important;padding-right: 20px !important;padding-bottom: 20px !important;padding-left: 20px !important;}\u00bb]<\/p>\n<h4>Funciones Contaplus Profesional:<\/h4>\n<ul>\n<li>Monopuesto<\/li>\n<li>Asientos predefinidos<\/li>\n<li>Balances (de situaci\u00f3n, cuentas de resultados, estado del cambio de patrimonio neto en PDF)<\/li>\n<li>Modelos IVA: 300, 340 y 347<\/li>\n<li>Control de cartera: gesti\u00f3n y control de vencimientos, emisi\u00f3n de cheques<\/li>\n<li>Banca electr\u00f3nica: generaci\u00f3n de remesas segun norma 34 CSB y recepci\u00f3n de movimientos del banco<\/li>\n<li>Inmobilizado: seguimiento y control con generaci\u00f3n autom\u00e1tica de asientos<\/li>\n<li>Gran selecci\u00f3n de listado contable<\/li>\n<li>Integraci\u00f3n con Excel y Open Office<\/li>\n<li>Enlace con <a href=\"https:\/\/www.hst.cat\/es\/sage-nominaplus-lleida\/\">Nominaplus<\/a>, <a href=\"https:\/\/www.hst.cat\/es\/facturaplus-lleida\/\">Facturaplus<\/a> y Sage TPV<\/li>\n<\/ul>\n<h4>Novedades Contaplus Profesional:<\/h4>\n<ol>\n<li>Opci\u00f3n de modificar el PGC ya definido<\/li>\n<li>Compatible con el nuevo m\u00f3dulo de impuesto de sociedades<\/li>\n<li>Banca electr\u00f3nica: puede integrar ficheros en formato CSB 43, con movimientos bancarios y generar autom\u00e1ticamente los asientos<\/li>\n<\/ol>\n<p>[\/vc_column_text][\/vc_column][vc_column width=\u00bb1\/2&#8243;][vc_column_text css=\u00bb.vc_custom_1489410125252{padding-top: 20px !important;padding-right: 20px !important;padding-bottom: 20px !important;padding-left: 20px !important;}\u00bb]<\/p>\n<h4>Funciones Contaplus \u00c9lite:<\/h4>\n<ul>\n<li>Multipuesto (sin l\u00edmite de empresas, ejercicios)<\/li>\n<li>Asientos predefinidos<\/li>\n<li>Balances (de situaci\u00f3n, cuenta de resultados, estado del cambio del patrimonio neto en PDF)<\/li>\n<li>Memoria y estado de flujos de efectivo<\/li>\n<li>Cuentas anuales presentadas telem\u00e1ticamente<\/li>\n<li>Modelos IVA: 300, 340 y 347<\/li>\n<li>Control de cartera: gesti\u00f3n y control de vencimientos, emisi\u00f3n de cheques<\/li>\n<li>Banca electr\u00f3nica: generaci\u00f3n de remesas segun norma 34 CSB y recepci\u00f3n de movimientos del banco<\/li>\n<li>Inmobilizado: seguimiento y control con generaci\u00f3n autom\u00e1tica de asientos<\/li>\n<li>Contabilidad anal\u00edtica: control de centros de costes por proyectos\/departamentos y segmentos<\/li>\n<li>Gran selecci\u00f3n del listado contable<\/li>\n<li>Integraci\u00f3n con Excel y Open Office<\/li>\n<li>Enlace con <a href=\"https:\/\/www.hst.cat\/es\/sage-nominaplus-lleida\/\">Nominaplus<\/a>, <a href=\"https:\/\/www.hst.cat\/es\/facturaplus-lleida\/\">Facturaplus <\/a>y Sage TPV<\/li>\n<li>AnalizaPlus incluido<\/li>\n<\/ul>\n<h4>Novedades:<\/h4>\n<ol>\n<li>Vistas personalizables<\/li>\n<li>Vista de empresas en modo multiejercicio<\/li>\n<li>Banca electr\u00f3nica: puede integrar ficheros en formato CSB 43, con movimientos bnacarios y generar autom\u00e1ticamente los asientos.<\/li>\n<li>Puede gestionar la prorrata del IVA<\/li>\n<li>Opci\u00f3n de modificar el PGC ya definido<\/li>\n<li>Compatible con el nuevo m\u00f3dulo de impuesto de sociedades<\/li>\n<li>Puede exportar\/importar asientos y subcuentas en CSV.<\/li>\n<\/ol>\n<p>[\/vc_column_text][\/vc_column][\/vc_row][vc_row][vc_column][vc_column_text]<strong>Quiz\u00e1s estabas buscando:<\/strong><\/p>\n<p><em><span data-sheets-value=\"[null,2,&quot;Contaplus Lleida&quot;]\" data-sheets-userformat=\"[null,null,8705,[null,0],null,null,null,null,null,null,null,null,0,null,null,null,12]\">Contaplus Lleida,\u00a0<span data-sheets-value=\"[null,2,&quot;Instalar contaplus Lleida&quot;]\" data-sheets-userformat=\"[null,null,8705,[null,0],null,null,null,null,null,null,null,null,0,null,null,null,12]\">Instalar contaplus Lleida,\u00a0<span data-sheets-value=\"[null,2,&quot;comprar Contaplus Lleida&quot;]\" data-sheets-userformat=\"[null,null,8705,[null,0],null,null,null,null,null,null,null,null,0,null,null,null,12]\">comprar Contaplus Lleida,\u00a0<span data-sheets-value=\"[null,2,&quot;Software gesi\\u00f3n empresarial Lleida&quot;]\" data-sheets-userformat=\"[null,null,8705,[null,0],null,null,null,null,null,null,null,null,0,null,null,null,12]\">Software gesti\u00f3n empresarial Lleida,\u00a0<span data-sheets-value=\"[null,2,&quot;Servicio t\\u00e9cnico contaplus Lleida&quot;]\" data-sheets-userformat=\"[null,null,8705,[null,0],null,null,null,null,null,null,null,null,0,null,null,null,12]\">Servicio t\u00e9cnico contaplus Lleida,\u00a0<span data-sheets-value=\"[null,2,&quot;Servici\\u00f3 t\\u00e9cnico Sage Lleida&quot;]\" data-sheets-userformat=\"[null,null,8705,[null,0],null,null,null,null,null,null,null,null,0,null,null,null,12]\">Servicio t\u00e9cnico Sage Lleida,\u00a0<span data-sheets-value=\"[null,2,&quot;distribuidor contaplus Lleida &quot;]\" data-sheets-userformat=\"[null,null,8705,[null,0],null,null,null,null,null,null,null,null,0,null,null,null,12]\">distribuidor contaplus Lleida, comprar contaplus Flex, soporte t\u00e9cnico contaplus Flex<\/span><\/span><\/span><\/span><\/span><\/span><\/span><\/em>[\/vc_column_text][\/vc_column][\/vc_row]<\/p>\n<\/div>","protected":false},"excerpt":{"rendered":"<p>[vc_row][vc_column width=\u00bb2\/3&#8243;][vc_column_text] Software de gesti\u00f3n Contaplus \u00bfPorque la mayor\u00eda de Pymes espa\u00f1olas utilizan este software de gesti\u00f3n empresarial? Como partners oficiales de Sage en Lleida, te<span class=\"excerpt-hellip\"> [\u2026]<\/span><\/p>\n","protected":false},"author":2,"featured_media":0,"parent":0,"menu_order":0,"comment_status":"open","ping_status":"closed","template":"","meta":{"footnotes":""},"class_list":["post-1760","page","type-page","status-publish","hentry"],"yoast_head":"<!-- This site is optimized with the Yoast SEO plugin v27.3 - https:\/\/yoast.com\/product\/yoast-seo-wordpress\/ -->\n<title>Contaplus Lleida,Distribuidor Contaplus<\/title>\n<meta name=\"description\" content=\"La Herramienta de gesti\u00f3n ideal para Pimes. Te ofrecemos la soluci\u00f3n m\u00e1s eficiente y eficaz para tu negocio\" \/>\n<meta name=\"robots\" content=\"index, follow, max-snippet:-1, max-image-preview:large, max-video-preview:-1\" \/>\n<link rel=\"canonical\" href=\"https:\/\/www.hst.cat\/es\/sage-contaplus-lleida\/\" \/>\n<meta property=\"og:locale\" content=\"es_ES\" \/>\n<meta property=\"og:type\" content=\"article\" \/>\n<meta property=\"og:title\" content=\"Contaplus Lleida,Distribuidor Contaplus\" \/>\n<meta property=\"og:description\" content=\"La Herramienta de gesti\u00f3n ideal para Pimes. Te ofrecemos la soluci\u00f3n m\u00e1s eficiente y eficaz para tu negocio\" \/>\n<meta property=\"og:url\" content=\"https:\/\/www.hst.cat\/es\/sage-contaplus-lleida\/\" \/>\n<meta property=\"og:site_name\" content=\"Inform\u00e0tica Lleida HST\" \/>\n<meta property=\"article:modified_time\" content=\"2022-03-25T10:54:11+00:00\" \/>\n<meta property=\"og:image\" content=\"https:\/\/www.hst.cat\/wp-content\/uploads\/contaplus-300x300.png\" \/>\n<meta name=\"twitter:label1\" content=\"Tiempo de lectura\" \/>\n\t<meta name=\"twitter:data1\" content=\"5 minutos\" \/>\n<script type=\"application\/ld+json\" class=\"yoast-schema-graph\">{\"@context\":\"https:\\\/\\\/schema.org\",\"@graph\":[{\"@type\":\"WebPage\",\"@id\":\"https:\\\/\\\/www.hst.cat\\\/es\\\/sage-contaplus-lleida\\\/\",\"url\":\"https:\\\/\\\/www.hst.cat\\\/es\\\/sage-contaplus-lleida\\\/\",\"name\":\"Contaplus Lleida,Distribuidor Contaplus\",\"isPartOf\":{\"@id\":\"https:\\\/\\\/www.hst.cat\\\/#website\"},\"primaryImageOfPage\":{\"@id\":\"https:\\\/\\\/www.hst.cat\\\/es\\\/sage-contaplus-lleida\\\/#primaryimage\"},\"image\":{\"@id\":\"https:\\\/\\\/www.hst.cat\\\/es\\\/sage-contaplus-lleida\\\/#primaryimage\"},\"thumbnailUrl\":\"https:\\\/\\\/www.hst.cat\\\/wp-content\\\/uploads\\\/contaplus-300x300.png\",\"datePublished\":\"2015-01-26T22:05:17+00:00\",\"dateModified\":\"2022-03-25T10:54:11+00:00\",\"description\":\"La Herramienta de gesti\u00f3n ideal para Pimes. Te ofrecemos la soluci\u00f3n m\u00e1s eficiente y eficaz para tu negocio\",\"breadcrumb\":{\"@id\":\"https:\\\/\\\/www.hst.cat\\\/es\\\/sage-contaplus-lleida\\\/#breadcrumb\"},\"inLanguage\":\"es\",\"potentialAction\":[{\"@type\":\"ReadAction\",\"target\":[\"https:\\\/\\\/www.hst.cat\\\/es\\\/sage-contaplus-lleida\\\/\"]}]},{\"@type\":\"ImageObject\",\"inLanguage\":\"es\",\"@id\":\"https:\\\/\\\/www.hst.cat\\\/es\\\/sage-contaplus-lleida\\\/#primaryimage\",\"url\":\"https:\\\/\\\/www.hst.cat\\\/wp-content\\\/uploads\\\/contaplus-300x300.png\",\"contentUrl\":\"https:\\\/\\\/www.hst.cat\\\/wp-content\\\/uploads\\\/contaplus-300x300.png\"},{\"@type\":\"BreadcrumbList\",\"@id\":\"https:\\\/\\\/www.hst.cat\\\/es\\\/sage-contaplus-lleida\\\/#breadcrumb\",\"itemListElement\":[{\"@type\":\"ListItem\",\"position\":1,\"name\":\"Portada\",\"item\":\"https:\\\/\\\/www.hst.cat\\\/es\\\/\"},{\"@type\":\"ListItem\",\"position\":2,\"name\":\"SG Contaplus\"}]},{\"@type\":\"WebSite\",\"@id\":\"https:\\\/\\\/www.hst.cat\\\/#website\",\"url\":\"https:\\\/\\\/www.hst.cat\\\/\",\"name\":\"Inform\u00e0tica Lleida HST\",\"description\":\"Oferim serveis d\u2019inform\u00e0tica i noves tecnologies per empreses. Servei t\u00e8cnic, Web, Soft Gesti\u00f3, Xarxes, Consultoria\",\"potentialAction\":[{\"@type\":\"SearchAction\",\"target\":{\"@type\":\"EntryPoint\",\"urlTemplate\":\"https:\\\/\\\/www.hst.cat\\\/?s={search_term_string}\"},\"query-input\":{\"@type\":\"PropertyValueSpecification\",\"valueRequired\":true,\"valueName\":\"search_term_string\"}}],\"inLanguage\":\"es\"}]}<\/script>\n<!-- \/ Yoast SEO plugin. -->","yoast_head_json":{"title":"Contaplus Lleida,Distribuidor Contaplus","description":"La Herramienta de gesti\u00f3n ideal para Pimes. Te ofrecemos la soluci\u00f3n m\u00e1s eficiente y eficaz para tu negocio","robots":{"index":"index","follow":"follow","max-snippet":"max-snippet:-1","max-image-preview":"max-image-preview:large","max-video-preview":"max-video-preview:-1"},"canonical":"https:\/\/www.hst.cat\/es\/sage-contaplus-lleida\/","og_locale":"es_ES","og_type":"article","og_title":"Contaplus Lleida,Distribuidor Contaplus","og_description":"La Herramienta de gesti\u00f3n ideal para Pimes. Te ofrecemos la soluci\u00f3n m\u00e1s eficiente y eficaz para tu negocio","og_url":"https:\/\/www.hst.cat\/es\/sage-contaplus-lleida\/","og_site_name":"Inform\u00e0tica Lleida HST","article_modified_time":"2022-03-25T10:54:11+00:00","og_image":[{"url":"https:\/\/www.hst.cat\/wp-content\/uploads\/contaplus-300x300.png","type":"","width":"","height":""}],"twitter_misc":{"Tiempo de lectura":"5 minutos"},"schema":{"@context":"https:\/\/schema.org","@graph":[{"@type":"WebPage","@id":"https:\/\/www.hst.cat\/es\/sage-contaplus-lleida\/","url":"https:\/\/www.hst.cat\/es\/sage-contaplus-lleida\/","name":"Contaplus Lleida,Distribuidor Contaplus","isPartOf":{"@id":"https:\/\/www.hst.cat\/#website"},"primaryImageOfPage":{"@id":"https:\/\/www.hst.cat\/es\/sage-contaplus-lleida\/#primaryimage"},"image":{"@id":"https:\/\/www.hst.cat\/es\/sage-contaplus-lleida\/#primaryimage"},"thumbnailUrl":"https:\/\/www.hst.cat\/wp-content\/uploads\/contaplus-300x300.png","datePublished":"2015-01-26T22:05:17+00:00","dateModified":"2022-03-25T10:54:11+00:00","description":"La Herramienta de gesti\u00f3n ideal para Pimes. Te ofrecemos la soluci\u00f3n m\u00e1s eficiente y eficaz para tu negocio","breadcrumb":{"@id":"https:\/\/www.hst.cat\/es\/sage-contaplus-lleida\/#breadcrumb"},"inLanguage":"es","potentialAction":[{"@type":"ReadAction","target":["https:\/\/www.hst.cat\/es\/sage-contaplus-lleida\/"]}]},{"@type":"ImageObject","inLanguage":"es","@id":"https:\/\/www.hst.cat\/es\/sage-contaplus-lleida\/#primaryimage","url":"https:\/\/www.hst.cat\/wp-content\/uploads\/contaplus-300x300.png","contentUrl":"https:\/\/www.hst.cat\/wp-content\/uploads\/contaplus-300x300.png"},{"@type":"BreadcrumbList","@id":"https:\/\/www.hst.cat\/es\/sage-contaplus-lleida\/#breadcrumb","itemListElement":[{"@type":"ListItem","position":1,"name":"Portada","item":"https:\/\/www.hst.cat\/es\/"},{"@type":"ListItem","position":2,"name":"SG Contaplus"}]},{"@type":"WebSite","@id":"https:\/\/www.hst.cat\/#website","url":"https:\/\/www.hst.cat\/","name":"Inform\u00e0tica Lleida HST","description":"Oferim serveis d\u2019inform\u00e0tica i noves tecnologies per empreses. Servei t\u00e8cnic, Web, Soft Gesti\u00f3, Xarxes, Consultoria","potentialAction":[{"@type":"SearchAction","target":{"@type":"EntryPoint","urlTemplate":"https:\/\/www.hst.cat\/?s={search_term_string}"},"query-input":{"@type":"PropertyValueSpecification","valueRequired":true,"valueName":"search_term_string"}}],"inLanguage":"es"}]}},"jetpack_shortlink":"https:\/\/wp.me\/P7Yfwy-so","jetpack_sharing_enabled":true,"_links":{"self":[{"href":"https:\/\/www.hst.cat\/es\/wp-json\/wp\/v2\/pages\/1760","targetHints":{"allow":["GET"]}}],"collection":[{"href":"https:\/\/www.hst.cat\/es\/wp-json\/wp\/v2\/pages"}],"about":[{"href":"https:\/\/www.hst.cat\/es\/wp-json\/wp\/v2\/types\/page"}],"author":[{"embeddable":true,"href":"https:\/\/www.hst.cat\/es\/wp-json\/wp\/v2\/users\/2"}],"replies":[{"embeddable":true,"href":"https:\/\/www.hst.cat\/es\/wp-json\/wp\/v2\/comments?post=1760"}],"version-history":[{"count":6,"href":"https:\/\/www.hst.cat\/es\/wp-json\/wp\/v2\/pages\/1760\/revisions"}],"predecessor-version":[{"id":21753,"href":"https:\/\/www.hst.cat\/es\/wp-json\/wp\/v2\/pages\/1760\/revisions\/21753"}],"wp:attachment":[{"href":"https:\/\/www.hst.cat\/es\/wp-json\/wp\/v2\/media?parent=1760"}],"curies":[{"name":"wp","href":"https:\/\/api.w.org\/{rel}","templated":true}]}}