{"id":1762,"date":"2015-01-26T23:18:06","date_gmt":"2015-01-26T22:18:06","guid":{"rendered":"http:\/\/hst.cat\/seguretat-informatica-2\/"},"modified":"2022-03-25T11:52:41","modified_gmt":"2022-03-25T10:52:41","slug":"seguridad-informatica","status":"publish","type":"page","link":"https:\/\/www.hst.cat\/es\/seguridad-informatica\/","title":{"rendered":"Seguridad inform\u00e1tica"},"content":{"rendered":"<div class=\"wpb-content-wrapper\"><p>[vc_row full_width=\u00bbstretch_row_content_no_spaces\u00bb css=\u00bb.vc_custom_1435063162681{padding-top: 40px !important;padding-right: 40px !important;padding-bottom: 10px !important;padding-left: 40px !important;background-image: url(https:\/\/www.hst.cat\/wp-content\/uploads\/slider-background-lila.jpg?id=555) !important;background-position: center !important;background-repeat: no-repeat !important;background-size: cover !important;}\u00bb][vc_column width=\u00bb1\/2&#8243;][vc_single_image image=\u00bb774&#8243; img_size=\u00bbfull\u00bb alignment=\u00bbcenter\u00bb css_animation=\u00bbleft-to-right\u00bb][\/vc_column][vc_column width=\u00bb1\/2&#8243;][vc_column_text css_animation=\u00bbright-to-left\u00bb]<\/p>\n<h1>Seguridad inform\u00e1tica en Lleida<\/h1>\n<p>La mayor\u00eda de empresas tienen toda la informaci\u00f3n ubicada en su sistema inform\u00e1tico. Este hecho hace que sea una muy buena fuente de datos f\u00e1cil de conseguir ya sea para los trabajadores, por la competencia, por la intrusi\u00f3n de hackers inform\u00e1ticos o de simples virus, que pueden generar p\u00e9rdidas y da\u00f1os incalculables para el negocio. Es por este motivo, que tenemos que ser conscientes de que la seguridad de nuestro sistema inform\u00e1tico es una herramienta muy valiosa. En los tiempos que corren de auge del teletrabajo, los empresarios tienen que poner todos los medios posibles de seguridad inform\u00e1tica para hacer frente a posibles ciberataques.<\/p>\n<h2>\u00bfBuscas una empresa de ciberseguridad en Lleida?<\/h2>\n<p>Protege tu empresa de los ciberataques. Invertir en seguridad siempre es rentable.[\/vc_column_text][vc_column_text css_animation=\u00bbbottom-to-top\u00bb]<\/p>\n<h3>Implementamos todo tipo de soluciones de antivirus y appliances de seguridad, as\u00ed como soluciones de monitorizaci\u00f3n del uso de internet, gateways, Vpn, Firewall, etc.<\/h3>\n<h3>Somos partners de los principales sistemas de seguridad, firewall FORTINET y Sonicwall.<\/h3>\n<p>[\/vc_column_text][\/vc_column][\/vc_row][vc_row][vc_column width=\u00bb2\/3&#8243; css=\u00bb.vc_custom_1422807004299{padding-right: 60px !important;}\u00bb][vc_column_text]Si por un lado, por el hecho de controlar y vigilar f\u00edsicamente nuestra empresa, la dotamos de c\u00e1maras de videovigilancia, puertas blindadas, alarmas, vigilantes de seguridad, etc. de otra parte, debemos tener en cuenta el mundo virtual y tecnol\u00f3gico y hacer lo mismo.<\/p>\n<p><strong>Sea cual sea el sistema de seguridad que empleamos, ya sea f\u00edsica o tecnol\u00f3gicamente, nadie nunca nos afirmar\u00e1 que este sistema sea 100% seguro, pero s\u00ed que es cierto, que cuanto mayor sea la inversi\u00f3n en seguridad, esta infalibilidad aumentar\u00e1. Tenemos que encontrar la inversi\u00f3n \u00f3ptima en seguridad para no correr riesgos innecesarios.<\/strong><\/p>\n<p>Somos distribuidores de los principales fabricantes de productos de seguridad, y disponemos de las certificaciones que nos acreditan como expertos en la implantaci\u00f3n de sus soluciones.[\/vc_column_text]<div class=\"infobox\" ><h3 class=\"title \">En HST te ayudamos a definir tu plan de seguridad inform\u00e1tica realizando un an\u00e1lisis de riesgos y definiendo juntamente la arquitectura de Seguridad Inform\u00e1tica que mejor se adapte a tus necesidades siguiendo los siguientes pasos:<\/h3><div class=\"infobox_wrapper\"><span class=\"ib-desc\"><\/p>\n<ul>\n<li>An\u00e1lisis de riesgos.<\/li>\n<li>Definici\u00f3n del nivel de seguridad adecuado para tu empresa<\/li>\n<li>Elaboraci\u00f3n del plan de seguridad<\/li>\n<li>Definici\u00f3n de la arquitectura de seguridad.<\/li>\n<li>Implementaci\u00f3n del sistema de seguridad.<\/li>\n<li>Monitorizaci\u00f3n y mantenimiento del sistema de seguridad.<\/li>\n<\/ul>\n<p><\/span><\/div><\/div>\n[\/vc_column][vc_column width=\u00bb1\/3&#8243;]\n<div class=\"wpcf7 no-js\" id=\"wpcf7-f1621-o1\" lang=\"es-ES\" dir=\"ltr\" data-wpcf7-id=\"1621\">\n<div class=\"screen-reader-response\"><p role=\"status\" aria-live=\"polite\" aria-atomic=\"true\"><\/p> <ul><\/ul><\/div>\n<form action=\"\/es\/wp-json\/wp\/v2\/pages\/1762#wpcf7-f1621-o1\" method=\"post\" class=\"wpcf7-form init\" aria-label=\"Formulario de contacto\" novalidate=\"novalidate\" data-status=\"init\">\n<fieldset class=\"hidden-fields-container\"><input type=\"hidden\" name=\"_wpcf7\" value=\"1621\" \/><input type=\"hidden\" name=\"_wpcf7_version\" value=\"6.1.5\" \/><input type=\"hidden\" name=\"_wpcf7_locale\" value=\"es_ES\" \/><input type=\"hidden\" name=\"_wpcf7_unit_tag\" value=\"wpcf7-f1621-o1\" \/><input type=\"hidden\" name=\"_wpcf7_container_post\" value=\"0\" \/><input type=\"hidden\" name=\"_wpcf7_posted_data_hash\" value=\"\" \/><input type=\"hidden\" name=\"_wpcf7cf_hidden_group_fields\" value=\"[]\" \/><input type=\"hidden\" name=\"_wpcf7cf_hidden_groups\" value=\"[]\" \/><input type=\"hidden\" name=\"_wpcf7cf_visible_groups\" value=\"[]\" \/><input type=\"hidden\" name=\"_wpcf7cf_repeaters\" value=\"[]\" \/><input type=\"hidden\" name=\"_wpcf7cf_steps\" value=\"{}\" \/><input type=\"hidden\" name=\"_wpcf7cf_options\" value=\"{&quot;form_id&quot;:1621,&quot;conditions&quot;:[],&quot;settings&quot;:{&quot;animation&quot;:&quot;yes&quot;,&quot;animation_intime&quot;:200,&quot;animation_outtime&quot;:200,&quot;conditions_ui&quot;:&quot;normal&quot;,&quot;notice_dismissed&quot;:false,&quot;notice_dismissed_rollback-cf7-5.9.2&quot;:true,&quot;notice_dismissed_rollback-cf7-5.9.4&quot;:true,&quot;notice_dismissed_rollback-cf7-5.9.5&quot;:true,&quot;notice_dismissed_rollback-cf7-5.9.6&quot;:true,&quot;notice_dismissed_update-cf7-6.1.4&quot;:true}}\" \/><input type=\"hidden\" name=\"_wpcf7_recaptcha_response\" value=\"\" \/>\n<\/fieldset>\n<p><span class=\"wpcf7-form-control-wrap\" data-name=\"your-name\"><input size=\"40\" maxlength=\"400\" class=\"wpcf7-form-control wpcf7-text wpcf7-validates-as-required\" aria-required=\"true\" aria-invalid=\"false\" placeholder=\"Nombre\" value=\"\" type=\"text\" name=\"your-name\" \/><\/span>\n<\/p>\n<p><span class=\"wpcf7-form-control-wrap\" data-name=\"your-email\"><input size=\"40\" maxlength=\"400\" class=\"wpcf7-form-control wpcf7-email wpcf7-validates-as-required wpcf7-text wpcf7-validates-as-email\" aria-required=\"true\" aria-invalid=\"false\" placeholder=\"Email\" value=\"\" type=\"email\" name=\"your-email\" \/><\/span>\n<\/p>\n<p><span class=\"wpcf7-form-control-wrap\" data-name=\"your-message\"><textarea cols=\"40\" rows=\"10\" maxlength=\"2000\" class=\"wpcf7-form-control wpcf7-textarea\" aria-invalid=\"false\" placeholder=\"Mensaje\" name=\"your-message\"><\/textarea><\/span>\n<\/p>\n<p><span style=\"font-size:13px;\"><br \/>\nTratamos los datos que nos facilita con el fin de dar respuesta a la consulta sobre nuestros productos y servicios por cualquier medio (postal, email o tel\u00e9fono). Los datos proporcionados se conservar\u00e1n mientras no solicite el cese de la actividad. Los datos no se ceder\u00e1n a terceros salvo en los casos en que exista una obligaci\u00f3n legal. Usted tiene derecho a obtener confirmaci\u00f3n sobre si en HST estamos tratando sus datos personales por tanto tiene derecho a acceder a sus datos personales, rectificar los datos inexactos o solicitar su supresi\u00f3n cuando los datos ya no sean necesarios para los fines que fueron recogidos.<\/span>\n<\/p>\n<p><span style=\"font-size:13px;\"><br \/>\nDesea recibir comunicados de marketing de HST por correo electr\u00f3nico y entendiendo que sus datos personales se tratar\u00e1n como la <a href=\"\/politica-de-privacitat\/\" target=\"_blank\">pol\u00edtica de privacidad<\/a> <\/span>\n<\/p>\n<p><span class=\"wpcf7-form-control-wrap\" data-name=\"RGPD-accepto\"><span class=\"wpcf7-form-control wpcf7-checkbox wpcf7-validates-as-required wpcf7-exclusive-checkbox\"><span class=\"wpcf7-list-item first\"><label><input type=\"checkbox\" name=\"RGPD-accepto\" value=\"Si\" \/><span class=\"wpcf7-list-item-label\">Si<\/span><\/label><\/span><span class=\"wpcf7-list-item last\"><label><input type=\"checkbox\" name=\"RGPD-accepto\" value=\"No, gracias\" \/><span class=\"wpcf7-list-item-label\">No, gracias<\/span><\/label><\/span><\/span><\/span>\n<\/p>\n<p><br clear=\"all\" \/>\n<\/p>\n<p>\n\n<\/p>\n<p><input class=\"wpcf7-form-control wpcf7-submit has-spinner\" type=\"submit\" value=\"Enviar\" \/>\n<\/p><div class=\"wpcf7-response-output\" aria-hidden=\"true\"><\/div>\n<\/form>\n<\/div>\n[\/vc_column][\/vc_row][vc_row][vc_column width=\u00bb1\/2&#8243;][vc_column_text css_animation=\u00bbappear\u00bb]<\/p>\n<h2>Auditor\u00eda de seguridad<\/h2>\n<h3>Auditor\u00eda Evolutiva de Seguridad Interna (EAIS)<\/h3>\n<p><strong>\u00c1mbito de la auditor\u00eda:<\/strong> redes internas, equipos internos, impresoras de red, robots industriales, etc.<\/p>\n<p>EAIS es la soluci\u00f3n de HST para auditar infraestructuras internas de las empresas.<\/p>\n<p>Mediante el uso de la Inteligencia Artificial de HST basada en el uso de las tecnolog\u00edas Big Data en las metodolog\u00edas de auditor\u00eda y verificaci\u00f3n sin necesidad de desplazamiento personal en la oficina del cliente.<\/p>\n<p><em>\u00a0 \u00a0 \u00a0Sin necesidad de instalar un software al sistema del cliente<\/em><\/p>\n<p><em>\u00a0 \u00a0 \u00a0Auditor\u00eda bajo demanda a precios asequibles<\/em><\/p>\n<p><em>\u00a0 \u00a0 \u00a0Uso de un perfil \u00fanico adaptado al cliente<\/em><\/p>\n<p><em>\u00a0 \u00a0 \u00a0R\u00e1pida incorporaci\u00f3n de nuevo conocimiento<\/em><\/p>\n<p><em>\u00a0 \u00a0 \u00a0Soporte t\u00e9cnico para las implementaciones<\/em><\/p>\n<p><em>\u00a0 \u00a0 \u00a0Informe de auditor\u00eda en un lenguaje no t\u00e9cnico<\/em><\/p>\n<p><em>\u00a0 \u00a0 \u00a0Aumento del control del cuadro de direcci\u00f3n<\/em><\/p>\n<p><em>\u00a0 \u00a0 \u00a0Uso combinado de m\u00e1s de 30 herramientas de seguridad y an\u00e1lisis<\/em>[\/vc_column_text][vc_column_text]<strong>\u00a1Pide ya tu auditor\u00eda de seguridad interna en HST!<a href=\"https:\/\/i0.wp.com\/www.hst.cat\/wp-content\/uploads\/servicios-de-soporte-tecnico-a-computadoras-pc-y-laptops-16450-MCR20121338376_072014-F.jpg?ssl=1\"><img data-recalc-dims=\"1\" loading=\"lazy\" decoding=\"async\" class=\"alignright size-full wp-image-345\" src=\"https:\/\/i0.wp.com\/www.hst.cat\/wp-content\/uploads\/servicios-de-soporte-tecnico-a-computadoras-pc-y-laptops-16450-MCR20121338376_072014-F.jpg?resize=1000%2C813&#038;ssl=1\" alt=\"servicios-de-soporte-tecnico-a-computadoras-pc-y-laptops-16450-MCR20121338376_072014-F\" width=\"1000\" height=\"813\" srcset=\"https:\/\/i0.wp.com\/www.hst.cat\/wp-content\/uploads\/servicios-de-soporte-tecnico-a-computadoras-pc-y-laptops-16450-MCR20121338376_072014-F.jpg?w=1000&amp;ssl=1 1000w, https:\/\/i0.wp.com\/www.hst.cat\/wp-content\/uploads\/servicios-de-soporte-tecnico-a-computadoras-pc-y-laptops-16450-MCR20121338376_072014-F.jpg?resize=300%2C244&amp;ssl=1 300w, https:\/\/i0.wp.com\/www.hst.cat\/wp-content\/uploads\/servicios-de-soporte-tecnico-a-computadoras-pc-y-laptops-16450-MCR20121338376_072014-F.jpg?resize=180%2C146&amp;ssl=1 180w, https:\/\/i0.wp.com\/www.hst.cat\/wp-content\/uploads\/servicios-de-soporte-tecnico-a-computadoras-pc-y-laptops-16450-MCR20121338376_072014-F.jpg?resize=50%2C41&amp;ssl=1 50w, https:\/\/i0.wp.com\/www.hst.cat\/wp-content\/uploads\/servicios-de-soporte-tecnico-a-computadoras-pc-y-laptops-16450-MCR20121338376_072014-F.jpg?resize=576%2C468&amp;ssl=1 576w, https:\/\/i0.wp.com\/www.hst.cat\/wp-content\/uploads\/servicios-de-soporte-tecnico-a-computadoras-pc-y-laptops-16450-MCR20121338376_072014-F.jpg?resize=92%2C75&amp;ssl=1 92w\" sizes=\"auto, (max-width:767px) 480px, (max-width:1000px) 100vw, 1000px\" \/><\/a><br \/>\n<\/strong>[\/vc_column_text][\/vc_column][vc_column width=\u00bb1\/2&#8243;][vc_custom_heading text=\u00bbM\u00f3dulos de la auditor\u00eda interna\u00bb google_fonts=\u00bbfont_family:Open%20Sans%3A300%2C300italic%2Cregular%2Citalic%2C600%2C600italic%2C700%2C700italic%2C800%2C800italic|font_style:400%20regular%3A400%3Anormal\u00bb][vc_message message_box_color=\u00bbgrey\u00bb icon_fontawesome=\u00bbfa fa-random\u00bb]An\u00e1lisis de la red interna[\/vc_message][vc_message message_box_color=\u00bbgrey\u00bb icon_fontawesome=\u00bbfa fa-question\u00bb]Denegaci\u00f3n de impacto sobre el funcionamiento[\/vc_message][vc_message message_box_color=\u00bbgrey\u00bb icon_fontawesome=\u00bbfa fa-rss\u00bb]Seguridad de la comunicaci\u00f3n wifi[\/vc_message][vc_message message_box_color=\u00bbgrey\u00bb icon_fontawesome=\u00bbfa fa-recycle\u00bb]Control de autentificaci\u00f3n autom\u00e1tica[\/vc_message][vc_message message_box_color=\u00bbgrey\u00bb icon_fontawesome=\u00bbfa fa-location-arrow\u00bb]Control de activos internos accesibles via navegador web[\/vc_message][vc_message message_box_color=\u00bbgrey\u00bb icon_fontawesome=\u00bbfa fa-circle-o-notch\u00bb]An\u00e1lisis de riesgos operativos[\/vc_message][vc_message message_box_color=\u00bbgrey\u00bb icon_fontawesome=\u00bbfa fa-home\u00bb]Control de acceso remoto[\/vc_message][vc_message message_box_color=\u00bbgrey\u00bb]Detecci\u00f3n de servicios y fugas de informaci\u00f3n[\/vc_message][vc_message message_box_color=\u00bbgrey\u00bb icon_fontawesome=\u00bbfa fa-envelope-o\u00bb]Servidor de correo[\/vc_message][\/vc_column][\/vc_row][vc_row][vc_column][vc_column_text]<\/p>\n<p>&nbsp;<\/p>\n<p><strong>Quiz\u00e1s estabas buscando :<\/strong><\/p>\n<p><em>Seguridad Lleida, Firewall Lleida, auditoria seguridad Lleida, Antivirus Lleida, empresa de Ciberseguridad en Lleida, firewall Fortinet y Sonicwall<\/em>[\/vc_column_text][\/vc_column][\/vc_row]<\/p>\n<\/div>","protected":false},"excerpt":{"rendered":"<p>[vc_row full_width=\u00bbstretch_row_content_no_spaces\u00bb css=\u00bb.vc_custom_1435063162681{padding-top: 40px !important;padding-right: 40px !important;padding-bottom: 10px !important;padding-left: 40px !important;background-image: url(https:\/\/www.hst.cat\/wp-content\/uploads\/slider-background-lila.jpg?id=555) !important;background-position: center !important;background-repeat: no-repeat !important;background-size: cover !important;}\u00bb][vc_column width=\u00bb1\/2&#8243;][vc_single_image image=\u00bb774&#8243; img_size=\u00bbfull\u00bb alignment=\u00bbcenter\u00bb css_animation=\u00bbleft-to-right\u00bb][\/vc_column][vc_column width=\u00bb1\/2&#8243;][vc_column_text css_animation=\u00bbright-to-left\u00bb]<span class=\"excerpt-hellip\"> [\u2026]<\/span><\/p>\n","protected":false},"author":2,"featured_media":0,"parent":0,"menu_order":0,"comment_status":"open","ping_status":"closed","template":"","meta":{"footnotes":""},"class_list":["post-1762","page","type-page","status-publish","hentry"],"yoast_head":"<!-- This site is optimized with the Yoast SEO plugin v27.5 - https:\/\/yoast.com\/product\/yoast-seo-wordpress\/ -->\n<title>Seguridad Informatica Lleida, VPN, Firewall Lleida<\/title>\n<meta name=\"description\" content=\"Te ayudamos a definir tu plan de seguridad inform\u00e1tica realizando un an\u00e1lisis de los riesgos y definimos la arquitectura de Seguridad que mejor se te adapte\" \/>\n<meta name=\"robots\" content=\"index, follow, max-snippet:-1, max-image-preview:large, max-video-preview:-1\" \/>\n<link rel=\"canonical\" href=\"https:\/\/www.hst.cat\/es\/seguridad-informatica\/\" \/>\n<meta property=\"og:locale\" content=\"es_ES\" \/>\n<meta property=\"og:type\" content=\"article\" \/>\n<meta property=\"og:title\" content=\"Seguridad Informatica Lleida, VPN, Firewall Lleida\" \/>\n<meta property=\"og:description\" content=\"Te ayudamos a definir tu plan de seguridad inform\u00e1tica realizando un an\u00e1lisis de los riesgos y definimos la arquitectura de Seguridad que mejor se te adapte\" \/>\n<meta property=\"og:url\" content=\"https:\/\/www.hst.cat\/es\/seguridad-informatica\/\" \/>\n<meta property=\"og:site_name\" content=\"Inform\u00e0tica Lleida HST\" \/>\n<meta property=\"article:modified_time\" content=\"2022-03-25T10:52:41+00:00\" \/>\n<meta property=\"og:image\" content=\"https:\/\/www.hst.cat\/wp-content\/uploads\/servicios-de-soporte-tecnico-a-computadoras-pc-y-laptops-16450-MCR20121338376_072014-F.jpg\" \/>\n<meta name=\"twitter:label1\" content=\"Tiempo de lectura\" \/>\n\t<meta name=\"twitter:data1\" content=\"5 minutos\" \/>\n<script type=\"application\/ld+json\" class=\"yoast-schema-graph\">{\"@context\":\"https:\\\/\\\/schema.org\",\"@graph\":[{\"@type\":\"WebPage\",\"@id\":\"https:\\\/\\\/www.hst.cat\\\/es\\\/seguridad-informatica\\\/\",\"url\":\"https:\\\/\\\/www.hst.cat\\\/es\\\/seguridad-informatica\\\/\",\"name\":\"Seguridad Informatica Lleida, VPN, Firewall Lleida\",\"isPartOf\":{\"@id\":\"https:\\\/\\\/www.hst.cat\\\/#website\"},\"primaryImageOfPage\":{\"@id\":\"https:\\\/\\\/www.hst.cat\\\/es\\\/seguridad-informatica\\\/#primaryimage\"},\"image\":{\"@id\":\"https:\\\/\\\/www.hst.cat\\\/es\\\/seguridad-informatica\\\/#primaryimage\"},\"thumbnailUrl\":\"https:\\\/\\\/www.hst.cat\\\/wp-content\\\/uploads\\\/servicios-de-soporte-tecnico-a-computadoras-pc-y-laptops-16450-MCR20121338376_072014-F.jpg\",\"datePublished\":\"2015-01-26T22:18:06+00:00\",\"dateModified\":\"2022-03-25T10:52:41+00:00\",\"description\":\"Te ayudamos a definir tu plan de seguridad inform\u00e1tica realizando un an\u00e1lisis de los riesgos y definimos la arquitectura de Seguridad que mejor se te adapte\",\"breadcrumb\":{\"@id\":\"https:\\\/\\\/www.hst.cat\\\/es\\\/seguridad-informatica\\\/#breadcrumb\"},\"inLanguage\":\"es\",\"potentialAction\":[{\"@type\":\"ReadAction\",\"target\":[\"https:\\\/\\\/www.hst.cat\\\/es\\\/seguridad-informatica\\\/\"]}]},{\"@type\":\"ImageObject\",\"inLanguage\":\"es\",\"@id\":\"https:\\\/\\\/www.hst.cat\\\/es\\\/seguridad-informatica\\\/#primaryimage\",\"url\":\"https:\\\/\\\/www.hst.cat\\\/wp-content\\\/uploads\\\/servicios-de-soporte-tecnico-a-computadoras-pc-y-laptops-16450-MCR20121338376_072014-F.jpg\",\"contentUrl\":\"https:\\\/\\\/www.hst.cat\\\/wp-content\\\/uploads\\\/servicios-de-soporte-tecnico-a-computadoras-pc-y-laptops-16450-MCR20121338376_072014-F.jpg\"},{\"@type\":\"BreadcrumbList\",\"@id\":\"https:\\\/\\\/www.hst.cat\\\/es\\\/seguridad-informatica\\\/#breadcrumb\",\"itemListElement\":[{\"@type\":\"ListItem\",\"position\":1,\"name\":\"Portada\",\"item\":\"https:\\\/\\\/www.hst.cat\\\/es\\\/\"},{\"@type\":\"ListItem\",\"position\":2,\"name\":\"Seguridad inform\u00e1tica\"}]},{\"@type\":\"WebSite\",\"@id\":\"https:\\\/\\\/www.hst.cat\\\/#website\",\"url\":\"https:\\\/\\\/www.hst.cat\\\/\",\"name\":\"Inform\u00e0tica Lleida HST\",\"description\":\"Oferim serveis d\u2019inform\u00e0tica i noves tecnologies per empreses. Servei t\u00e8cnic, Web, Soft Gesti\u00f3, Xarxes, Consultoria\",\"potentialAction\":[{\"@type\":\"SearchAction\",\"target\":{\"@type\":\"EntryPoint\",\"urlTemplate\":\"https:\\\/\\\/www.hst.cat\\\/?s={search_term_string}\"},\"query-input\":{\"@type\":\"PropertyValueSpecification\",\"valueRequired\":true,\"valueName\":\"search_term_string\"}}],\"inLanguage\":\"es\"}]}<\/script>\n<!-- \/ Yoast SEO plugin. -->","yoast_head_json":{"title":"Seguridad Informatica Lleida, VPN, Firewall Lleida","description":"Te ayudamos a definir tu plan de seguridad inform\u00e1tica realizando un an\u00e1lisis de los riesgos y definimos la arquitectura de Seguridad que mejor se te adapte","robots":{"index":"index","follow":"follow","max-snippet":"max-snippet:-1","max-image-preview":"max-image-preview:large","max-video-preview":"max-video-preview:-1"},"canonical":"https:\/\/www.hst.cat\/es\/seguridad-informatica\/","og_locale":"es_ES","og_type":"article","og_title":"Seguridad Informatica Lleida, VPN, Firewall Lleida","og_description":"Te ayudamos a definir tu plan de seguridad inform\u00e1tica realizando un an\u00e1lisis de los riesgos y definimos la arquitectura de Seguridad que mejor se te adapte","og_url":"https:\/\/www.hst.cat\/es\/seguridad-informatica\/","og_site_name":"Inform\u00e0tica Lleida HST","article_modified_time":"2022-03-25T10:52:41+00:00","og_image":[{"url":"https:\/\/www.hst.cat\/wp-content\/uploads\/servicios-de-soporte-tecnico-a-computadoras-pc-y-laptops-16450-MCR20121338376_072014-F.jpg","type":"","width":"","height":""}],"twitter_misc":{"Tiempo de lectura":"5 minutos"},"schema":{"@context":"https:\/\/schema.org","@graph":[{"@type":"WebPage","@id":"https:\/\/www.hst.cat\/es\/seguridad-informatica\/","url":"https:\/\/www.hst.cat\/es\/seguridad-informatica\/","name":"Seguridad Informatica Lleida, VPN, Firewall Lleida","isPartOf":{"@id":"https:\/\/www.hst.cat\/#website"},"primaryImageOfPage":{"@id":"https:\/\/www.hst.cat\/es\/seguridad-informatica\/#primaryimage"},"image":{"@id":"https:\/\/www.hst.cat\/es\/seguridad-informatica\/#primaryimage"},"thumbnailUrl":"https:\/\/www.hst.cat\/wp-content\/uploads\/servicios-de-soporte-tecnico-a-computadoras-pc-y-laptops-16450-MCR20121338376_072014-F.jpg","datePublished":"2015-01-26T22:18:06+00:00","dateModified":"2022-03-25T10:52:41+00:00","description":"Te ayudamos a definir tu plan de seguridad inform\u00e1tica realizando un an\u00e1lisis de los riesgos y definimos la arquitectura de Seguridad que mejor se te adapte","breadcrumb":{"@id":"https:\/\/www.hst.cat\/es\/seguridad-informatica\/#breadcrumb"},"inLanguage":"es","potentialAction":[{"@type":"ReadAction","target":["https:\/\/www.hst.cat\/es\/seguridad-informatica\/"]}]},{"@type":"ImageObject","inLanguage":"es","@id":"https:\/\/www.hst.cat\/es\/seguridad-informatica\/#primaryimage","url":"https:\/\/www.hst.cat\/wp-content\/uploads\/servicios-de-soporte-tecnico-a-computadoras-pc-y-laptops-16450-MCR20121338376_072014-F.jpg","contentUrl":"https:\/\/www.hst.cat\/wp-content\/uploads\/servicios-de-soporte-tecnico-a-computadoras-pc-y-laptops-16450-MCR20121338376_072014-F.jpg"},{"@type":"BreadcrumbList","@id":"https:\/\/www.hst.cat\/es\/seguridad-informatica\/#breadcrumb","itemListElement":[{"@type":"ListItem","position":1,"name":"Portada","item":"https:\/\/www.hst.cat\/es\/"},{"@type":"ListItem","position":2,"name":"Seguridad inform\u00e1tica"}]},{"@type":"WebSite","@id":"https:\/\/www.hst.cat\/#website","url":"https:\/\/www.hst.cat\/","name":"Inform\u00e0tica Lleida HST","description":"Oferim serveis d\u2019inform\u00e0tica i noves tecnologies per empreses. Servei t\u00e8cnic, Web, Soft Gesti\u00f3, Xarxes, Consultoria","potentialAction":[{"@type":"SearchAction","target":{"@type":"EntryPoint","urlTemplate":"https:\/\/www.hst.cat\/?s={search_term_string}"},"query-input":{"@type":"PropertyValueSpecification","valueRequired":true,"valueName":"search_term_string"}}],"inLanguage":"es"}]}},"jetpack_shortlink":"https:\/\/wp.me\/P7Yfwy-sq","jetpack_sharing_enabled":true,"_links":{"self":[{"href":"https:\/\/www.hst.cat\/es\/wp-json\/wp\/v2\/pages\/1762","targetHints":{"allow":["GET"]}}],"collection":[{"href":"https:\/\/www.hst.cat\/es\/wp-json\/wp\/v2\/pages"}],"about":[{"href":"https:\/\/www.hst.cat\/es\/wp-json\/wp\/v2\/types\/page"}],"author":[{"embeddable":true,"href":"https:\/\/www.hst.cat\/es\/wp-json\/wp\/v2\/users\/2"}],"replies":[{"embeddable":true,"href":"https:\/\/www.hst.cat\/es\/wp-json\/wp\/v2\/comments?post=1762"}],"version-history":[{"count":6,"href":"https:\/\/www.hst.cat\/es\/wp-json\/wp\/v2\/pages\/1762\/revisions"}],"predecessor-version":[{"id":16336,"href":"https:\/\/www.hst.cat\/es\/wp-json\/wp\/v2\/pages\/1762\/revisions\/16336"}],"wp:attachment":[{"href":"https:\/\/www.hst.cat\/es\/wp-json\/wp\/v2\/media?parent=1762"}],"curies":[{"name":"wp","href":"https:\/\/api.w.org\/{rel}","templated":true}]}}