{"id":1764,"date":"2015-02-03T01:47:45","date_gmt":"2015-02-03T00:47:45","guid":{"rendered":"http:\/\/hst.cat\/servidors-al-nuvol-2\/"},"modified":"2023-09-26T15:11:17","modified_gmt":"2023-09-26T13:11:17","slug":"servidores-en-la-nube","status":"publish","type":"page","link":"https:\/\/www.hst.cat\/es\/servidores-en-la-nube\/","title":{"rendered":"Servidores en la nube"},"content":{"rendered":"<div class=\"wpb-content-wrapper\"><p>[vc_row][vc_column css=\u00bb.vc_custom_1422925075265{padding-right: 50px !important;}\u00bb][vc_column_text]<\/p>\n<h2>Servidores Cloud<\/h2>\n<h3>IasS Cloud (infraestructura como servicio)<\/h3>\n<p>Los servidores en la nube porporcionan a las Pymes un mayor rendimiento y optimizaci\u00f3n, gracias a su escalabilidad y flexibilidad de uso. Con este tipo de modalidad puedes migrar toda tu infraestructura inform\u00e1tica a la nube, o s\u00f3lo una parte, si lo prefieres, de un modo totalmente seguro y accesible.<\/p>\n<p>Este tipo de servidores alojan ERPs, CRMs, correo electr\u00f3nico, bases de datos , archivos, &#8230; por lo tanto seran tratados con la privacidad y seguridad que contempla la Ley, con unos costes visiblemente reducidos.<\/p>\n<p>S\u00f3lo se paga por lo que se usa, pudiendo siempre ajustar las prestaciones de la nube seg\u00fan las necesidades del cliente en cada momento.[\/vc_column_text][vc_row_inner][vc_column_inner width=\u00bb1\/2&#8243;]<div class=\"icon_box icon_position_left has_border\"><div class=\"icon_wrapper\"><div class=\"icon\"><i class=\"icon-chart-area\" aria-hidden=\"true\"><\/i><\/div><\/div><div class=\"desc_wrapper\"><h4 class=\"title \">Capacidad y Rendimiento<\/h4><div class=\"desc\">A medida seg\u00fan demanda<\/div><\/div><\/div>\n[\/vc_column_inner][vc_column_inner width=\u00bb1\/2&#8243;]<div class=\"icon_box icon_position_left no_border\"><div class=\"icon_wrapper\"><div class=\"icon\"><i class=\"icon-droplet\" aria-hidden=\"true\"><\/i><\/div><\/div><div class=\"desc_wrapper\"><h4 class=\"title \">Flexibildad<\/h4><div class=\"desc\">Selecciona tantos CPU, GB de memoria y disco, sin limitaciones por tus necesidades y objetivos empresariales<\/div><\/div><\/div>\n[\/vc_column_inner][\/vc_row_inner][vc_row_inner][vc_column_inner width=\u00bb1\/2&#8243;]<div class=\"icon_box icon_position_left has_border\"><div class=\"icon_wrapper\"><div class=\"icon\"><i class=\"icon-up-circled\" aria-hidden=\"true\"><\/i><\/div><\/div><div class=\"desc_wrapper\"><h4 class=\"title \">Escalable<\/h4><div class=\"desc\">Redimensiona de forma immediata la capacidad de tu plataforma<\/div><\/div><\/div>\n[\/vc_column_inner][vc_column_inner width=\u00bb1\/2&#8243;]<div class=\"icon_box icon_position_left no_border\"><div class=\"icon_wrapper\"><div class=\"icon\"><i class=\"icon-signal\" aria-hidden=\"true\"><\/i><\/div><\/div><div class=\"desc_wrapper\"><h4 class=\"title \">Internet<\/h4><div class=\"desc\">Acceso a m\u00faltiples carriers, balanceados y en alta disponibilidad<\/div><\/div><\/div>\n[\/vc_column_inner][\/vc_row_inner][vc_row_inner][vc_column_inner width=\u00bb1\/2&#8243;]<div class=\"icon_box icon_position_left has_border\"><div class=\"icon_wrapper\"><div class=\"icon\"><i class=\"icon-tools\" aria-hidden=\"true\"><\/i><\/div><\/div><div class=\"desc_wrapper\"><h4 class=\"title \">Autogesti\u00f3n<\/h4><div class=\"desc\">Sencillo, intuitivo y r\u00e1pido de usar<\/div><\/div><\/div>\n[\/vc_column_inner][vc_column_inner width=\u00bb1\/2&#8243;]<div class=\"icon_box icon_position_left no_border\"><div class=\"icon_wrapper\"><div class=\"icon\"><i class=\"icon-money-line\" aria-hidden=\"true\"><\/i><\/div><\/div><div class=\"desc_wrapper\"><h4 class=\"title \">Ahorro<\/h4><div class=\"desc\">Olv\u00eddate de realizar inversiones en hardware y software<br \/>\n<\/div><\/div><\/div>\n[\/vc_column_inner][\/vc_row_inner][vc_row_inner][vc_column_inner width=\u00bb1\/2&#8243;]<div class=\"icon_box icon_position_left has_border\"><div class=\"icon_wrapper\"><div class=\"icon\"><i class=\"icon-lock-line\" aria-hidden=\"true\"><\/i><\/div><\/div><div class=\"desc_wrapper\"><h4 class=\"title \">Seguridad<\/h4><div class=\"desc\">Tecnolog\u00eda alojada en Datacenters. Alta seguridad tanto f\u00edsica como l\u00f3gica<\/div><\/div><\/div>\n[\/vc_column_inner][vc_column_inner width=\u00bb1\/2&#8243;]<div class=\"icon_box icon_position_left no_border\"><div class=\"icon_wrapper\"><div class=\"icon\"><i class=\"icon-database-line\" aria-hidden=\"true\"><\/i><\/div><\/div><div class=\"desc_wrapper\"><h4 class=\"title \">Infraestructura<\/h4><div class=\"desc\">Conf\u00eda en las mejores infraestructuras y arquitecturas de virtualizaci\u00f3n del mercado<\/div><\/div><\/div>\n[\/vc_column_inner][\/vc_row_inner][vc_row_inner][vc_column_inner width=\u00bb1\/2&#8243;]<div class=\"icon_box icon_position_left has_border\"><div class=\"icon_wrapper\"><div class=\"icon\"><i class=\"icon-clock\" aria-hidden=\"true\"><\/i><\/div><\/div><div class=\"desc_wrapper\"><h4 class=\"title \">Orientable<\/h4><div class=\"desc\">Permite reducir el Time to Market de nuevos procesos de negocio<\/div><\/div><\/div>\n[\/vc_column_inner][vc_column_inner width=\u00bb1\/2&#8243;]<div class=\"icon_box icon_position_left no_border\"><div class=\"icon_wrapper\"><div class=\"icon\"><i class=\"icon-users\" aria-hidden=\"true\"><\/i><\/div><\/div><div class=\"desc_wrapper\"><h4 class=\"title \">24\/7<\/h4><div class=\"desc\">Atenci\u00f3n personalizada por profesionales en cloud computing<br \/>\n<\/div><\/div><\/div>\n[\/vc_column_inner][\/vc_row_inner][vc_button2 title=\u00bbAcceder a cloud.hst.cat\u00bb align=\u00bbcenter\u00bb style=\u00bbsquare_outlined\u00bb size=\u00bblg\u00bb link=\u00bburl:http%3A%2F%2Fcloud.hst.cat||target:%20_blank\u00bb][\/vc_column][\/vc_row]<\/p>\n<\/div>","protected":false},"excerpt":{"rendered":"<p>[vc_row][vc_column css=\u00bb.vc_custom_1422925075265{padding-right: 50px !important;}\u00bb][vc_column_text] Servidores Cloud IasS Cloud (infraestructura como servicio) Los servidores en la nube porporcionan a las Pymes un mayor rendimiento y optimizaci\u00f3n, gracias<span class=\"excerpt-hellip\"> [\u2026]<\/span><\/p>\n","protected":false},"author":5,"featured_media":0,"parent":0,"menu_order":0,"comment_status":"open","ping_status":"closed","template":"","meta":{"footnotes":""},"class_list":["post-1764","page","type-page","status-publish","hentry"],"yoast_head":"<!-- This site is optimized with the Yoast SEO plugin v27.5 - https:\/\/yoast.com\/product\/yoast-seo-wordpress\/ -->\n<title>Servidores en la nube Lleida, Servidores cloud Lleida<\/title>\n<meta name=\"description\" content=\"Descubre las ventajas y los beneficios de acceder a la tecnolog\u00eda del futuro sin realizar gastos, ni inversiones en infraestructuras o recursos humanos\" \/>\n<meta name=\"robots\" content=\"index, follow, max-snippet:-1, max-image-preview:large, max-video-preview:-1\" \/>\n<link rel=\"canonical\" href=\"https:\/\/www.hst.cat\/es\/servidores-en-la-nube\/\" \/>\n<meta property=\"og:locale\" content=\"es_ES\" \/>\n<meta property=\"og:type\" content=\"article\" \/>\n<meta property=\"og:title\" content=\"Servidores en la nube Lleida, Servidores cloud Lleida\" \/>\n<meta property=\"og:description\" content=\"Descubre las ventajas y los beneficios de acceder a la tecnolog\u00eda del futuro sin realizar gastos, ni inversiones en infraestructuras o recursos humanos\" \/>\n<meta property=\"og:url\" content=\"https:\/\/www.hst.cat\/es\/servidores-en-la-nube\/\" \/>\n<meta property=\"og:site_name\" content=\"Inform\u00e0tica Lleida HST\" \/>\n<meta property=\"article:modified_time\" content=\"2023-09-26T13:11:17+00:00\" \/>\n<meta name=\"twitter:label1\" content=\"Tiempo de lectura\" \/>\n\t<meta name=\"twitter:data1\" content=\"2 minutos\" \/>\n<script type=\"application\/ld+json\" class=\"yoast-schema-graph\">{\"@context\":\"https:\\\/\\\/schema.org\",\"@graph\":[{\"@type\":\"WebPage\",\"@id\":\"https:\\\/\\\/www.hst.cat\\\/es\\\/servidores-en-la-nube\\\/\",\"url\":\"https:\\\/\\\/www.hst.cat\\\/es\\\/servidores-en-la-nube\\\/\",\"name\":\"Servidores en la nube Lleida, Servidores cloud Lleida\",\"isPartOf\":{\"@id\":\"https:\\\/\\\/www.hst.cat\\\/#website\"},\"datePublished\":\"2015-02-03T00:47:45+00:00\",\"dateModified\":\"2023-09-26T13:11:17+00:00\",\"description\":\"Descubre las ventajas y los beneficios de acceder a la tecnolog\u00eda del futuro sin realizar gastos, ni inversiones en infraestructuras o recursos humanos\",\"breadcrumb\":{\"@id\":\"https:\\\/\\\/www.hst.cat\\\/es\\\/servidores-en-la-nube\\\/#breadcrumb\"},\"inLanguage\":\"es\",\"potentialAction\":[{\"@type\":\"ReadAction\",\"target\":[\"https:\\\/\\\/www.hst.cat\\\/es\\\/servidores-en-la-nube\\\/\"]}]},{\"@type\":\"BreadcrumbList\",\"@id\":\"https:\\\/\\\/www.hst.cat\\\/es\\\/servidores-en-la-nube\\\/#breadcrumb\",\"itemListElement\":[{\"@type\":\"ListItem\",\"position\":1,\"name\":\"Portada\",\"item\":\"https:\\\/\\\/www.hst.cat\\\/es\\\/\"},{\"@type\":\"ListItem\",\"position\":2,\"name\":\"Servidores en la nube\"}]},{\"@type\":\"WebSite\",\"@id\":\"https:\\\/\\\/www.hst.cat\\\/#website\",\"url\":\"https:\\\/\\\/www.hst.cat\\\/\",\"name\":\"Inform\u00e0tica Lleida HST\",\"description\":\"Oferim serveis d\u2019inform\u00e0tica i noves tecnologies per empreses. Servei t\u00e8cnic, Web, Soft Gesti\u00f3, Xarxes, Consultoria\",\"potentialAction\":[{\"@type\":\"SearchAction\",\"target\":{\"@type\":\"EntryPoint\",\"urlTemplate\":\"https:\\\/\\\/www.hst.cat\\\/?s={search_term_string}\"},\"query-input\":{\"@type\":\"PropertyValueSpecification\",\"valueRequired\":true,\"valueName\":\"search_term_string\"}}],\"inLanguage\":\"es\"}]}<\/script>\n<!-- \/ Yoast SEO plugin. -->","yoast_head_json":{"title":"Servidores en la nube Lleida, Servidores cloud Lleida","description":"Descubre las ventajas y los beneficios de acceder a la tecnolog\u00eda del futuro sin realizar gastos, ni inversiones en infraestructuras o recursos humanos","robots":{"index":"index","follow":"follow","max-snippet":"max-snippet:-1","max-image-preview":"max-image-preview:large","max-video-preview":"max-video-preview:-1"},"canonical":"https:\/\/www.hst.cat\/es\/servidores-en-la-nube\/","og_locale":"es_ES","og_type":"article","og_title":"Servidores en la nube Lleida, Servidores cloud Lleida","og_description":"Descubre las ventajas y los beneficios de acceder a la tecnolog\u00eda del futuro sin realizar gastos, ni inversiones en infraestructuras o recursos humanos","og_url":"https:\/\/www.hst.cat\/es\/servidores-en-la-nube\/","og_site_name":"Inform\u00e0tica Lleida HST","article_modified_time":"2023-09-26T13:11:17+00:00","twitter_misc":{"Tiempo de lectura":"2 minutos"},"schema":{"@context":"https:\/\/schema.org","@graph":[{"@type":"WebPage","@id":"https:\/\/www.hst.cat\/es\/servidores-en-la-nube\/","url":"https:\/\/www.hst.cat\/es\/servidores-en-la-nube\/","name":"Servidores en la nube Lleida, Servidores cloud Lleida","isPartOf":{"@id":"https:\/\/www.hst.cat\/#website"},"datePublished":"2015-02-03T00:47:45+00:00","dateModified":"2023-09-26T13:11:17+00:00","description":"Descubre las ventajas y los beneficios de acceder a la tecnolog\u00eda del futuro sin realizar gastos, ni inversiones en infraestructuras o recursos humanos","breadcrumb":{"@id":"https:\/\/www.hst.cat\/es\/servidores-en-la-nube\/#breadcrumb"},"inLanguage":"es","potentialAction":[{"@type":"ReadAction","target":["https:\/\/www.hst.cat\/es\/servidores-en-la-nube\/"]}]},{"@type":"BreadcrumbList","@id":"https:\/\/www.hst.cat\/es\/servidores-en-la-nube\/#breadcrumb","itemListElement":[{"@type":"ListItem","position":1,"name":"Portada","item":"https:\/\/www.hst.cat\/es\/"},{"@type":"ListItem","position":2,"name":"Servidores en la nube"}]},{"@type":"WebSite","@id":"https:\/\/www.hst.cat\/#website","url":"https:\/\/www.hst.cat\/","name":"Inform\u00e0tica Lleida HST","description":"Oferim serveis d\u2019inform\u00e0tica i noves tecnologies per empreses. Servei t\u00e8cnic, Web, Soft Gesti\u00f3, Xarxes, Consultoria","potentialAction":[{"@type":"SearchAction","target":{"@type":"EntryPoint","urlTemplate":"https:\/\/www.hst.cat\/?s={search_term_string}"},"query-input":{"@type":"PropertyValueSpecification","valueRequired":true,"valueName":"search_term_string"}}],"inLanguage":"es"}]}},"jetpack_shortlink":"https:\/\/wp.me\/P7Yfwy-ss","jetpack_sharing_enabled":true,"_links":{"self":[{"href":"https:\/\/www.hst.cat\/es\/wp-json\/wp\/v2\/pages\/1764","targetHints":{"allow":["GET"]}}],"collection":[{"href":"https:\/\/www.hst.cat\/es\/wp-json\/wp\/v2\/pages"}],"about":[{"href":"https:\/\/www.hst.cat\/es\/wp-json\/wp\/v2\/types\/page"}],"author":[{"embeddable":true,"href":"https:\/\/www.hst.cat\/es\/wp-json\/wp\/v2\/users\/5"}],"replies":[{"embeddable":true,"href":"https:\/\/www.hst.cat\/es\/wp-json\/wp\/v2\/comments?post=1764"}],"version-history":[{"count":3,"href":"https:\/\/www.hst.cat\/es\/wp-json\/wp\/v2\/pages\/1764\/revisions"}],"predecessor-version":[{"id":22981,"href":"https:\/\/www.hst.cat\/es\/wp-json\/wp\/v2\/pages\/1764\/revisions\/22981"}],"wp:attachment":[{"href":"https:\/\/www.hst.cat\/es\/wp-json\/wp\/v2\/media?parent=1764"}],"curies":[{"name":"wp","href":"https:\/\/api.w.org\/{rel}","templated":true}]}}