{"id":1766,"date":"2015-01-26T23:02:15","date_gmt":"2015-01-26T22:02:15","guid":{"rendered":"http:\/\/hst.cat\/suport-informatic-empresa-lleida-2\/"},"modified":"2022-03-25T11:55:45","modified_gmt":"2022-03-25T10:55:45","slug":"soporte-informatico-empresa-lleida","status":"publish","type":"page","link":"https:\/\/www.hst.cat\/es\/soporte-informatico-empresa-lleida\/","title":{"rendered":"Soporte para empresas"},"content":{"rendered":"<div class=\"wpb-content-wrapper\"><p>[vc_row css=\u00bb.vc_custom_1438596199713{padding-top: 60px !important;}\u00bb][vc_column][vc_column_text]<\/p>\n<h1>Soporte para empresas<\/h1>\n<p>[\/vc_column_text][vc_row_inner][vc_column_inner width=\u00bb1\/2&#8243;][vc_column_text]<\/p>\n<h5>Si los sistemas inform\u00e1ticos de una empresa no fucionan correctamente o tienen constatemente problemas t\u00e9cnicos puntuales que no se acaban revisando nunca, la productividad de esta empresa se ver\u00e1 afectada negativamente.<\/h5>\n<p>[\/vc_column_text][vc_column_text]En HST ofrecemos diferentes servicios de mantenimiento seg\u00fan las necesidades y caracter\u00edsticas de tu empresa: <strong>correctivo, preventivo y integral<\/strong>[\/vc_column_text][\/vc_column_inner][vc_column_inner width=\u00bb1\/2&#8243;]<div class=\"infobox\" ><h3 class=\"title \">La clave para garantizar el funcionamiento inform\u00e1tico de tu empresa al 100%, es dejar el soporte t\u00e9cnico a profesionales<\/h3><div class=\"infobox_wrapper\"><\/div><\/div>\n[\/vc_column_inner][\/vc_row_inner][vc_row_inner css=\u00bb.vc_custom_1438590406607{background-color: rgba(70,135,191,0.11) !important;*background-color: rgb(70,135,191) !important;}\u00bb][vc_column_inner width=\u00bb1\/3&#8243;]<div class=\"pricing-box  pricing-box-table\"><div class=\"plan-header\"><h2 class=\"title \">Soporte correctivo<\/h2><p class=\"subtitle\"><big><strong>Intervenciones por parte de HST para la resoluci\u00f3n de problemas puntuales<\/strong><\/big><\/p><\/div><div class=\"plan-inside\"><span class=\"pi-content\"><\/p>\n<ul>\n<li>Cobertura para problemas de hardware<\/li>\n<li>Soluciones a incidencias<\/li>\n<li>Reparaciones de aver\u00edas en respuesta 8h<\/li>\n<li>Mano de obra y material necessario para la reparaci\u00f3n<\/li>\n<li>Reparaci\u00f3n in situ o en taller<\/li>\n<li>Recuperaci\u00f3n de copias de seguridad<\/li>\n<li>Desinfecci\u00f3n del equipo si es necesario<\/li>\n<\/ul>\n<p><\/span><\/div><\/div>\n[\/vc_column_inner][vc_column_inner width=\u00bb1\/3&#8243;]<div class=\"pricing-box  pricing-box-table\"><div class=\"plan-header\"><h2 class=\"title \">Soporte integral<\/h2><p class=\"subtitle\"><big><strong>El objetivo es cubrir todas las incidencias o problemas que ocasionen un funcionamiento inform\u00e1tico incorrecto en las dependencias del cliente<\/strong><\/big><\/p><\/div><div class=\"plan-inside\"><span class=\"pi-content\"><\/p>\n<ul>\n<li>Instalacions de programas<\/li>\n<li>Reinstalaci\u00f3n del software<\/li>\n<li>Asistencia remota y telef\u00f3nica ilimitada<\/li>\n<li>Reinstalaci\u00f3n dels istema operativo<\/li>\n<li>Revisi\u00f3n de copias de seguridad<\/li>\n<li>Recuperaci\u00f3n de copias de seguridad<\/li>\n<li>Antivirus y actualizaciones<\/li>\n<li>Espacio en disco<\/li>\n<li>Control de accesos<\/li>\n<li>Control de passwords<\/li>\n<li>Revisi\u00f3n y actualizaci\u00f3n de software<\/li>\n<li>Control de configuraci\u00f3n y funcionamiento de firewall<\/li>\n<\/ul>\n<p><\/span><\/div><\/div>\n[\/vc_column_inner][vc_column_inner width=\u00bb1\/3&#8243;]<div class=\"pricing-box  pricing-box-table\"><div class=\"plan-header\"><h2 class=\"title \">Soporte preventivo<\/h2><p class=\"subtitle\"><big><strong>Para evitar posibles incidencias de software, este mantenimiento garantiza un buen funcionamiento de la infraestructura inform\u00e1tica del cliente<\/strong><\/big><\/p><\/div><div class=\"plan-inside\"><span class=\"pi-content\"><\/p>\n<p>&nbsp;<\/p>\n<ul>\n<li>Revisi\u00f3n de copias de seguridad<\/li>\n<li>Antivirus y actualizaciones<\/li>\n<li>Espacio en disco<\/li>\n<li>Control de accesos<\/li>\n<li>Control de passwords<\/li>\n<li>Revisi\u00f3n y actualizaci\u00f3n de software\/li&gt;<\/li>\n<li>Control de configuraci\u00f3n y funcionamiento de firewall<\/li>\n<\/ul>\n<p>&nbsp;<\/p>\n<p><\/span><\/div><\/div>\n[\/vc_column_inner][\/vc_row_inner][\/vc_column][\/vc_row][vc_row][vc_column width=\u00bb2\/3&#8243;]<div class=\"quick_fact align_center animate-math\"><div class=\"number-wrapper\"><span class=\"number\" data-to=\"3\">3<\/span><\/div><h3 class=\"title title_tag \">Fases para garantizar el \u00e9xito<\/h3><hr class=\"hr_narrow\" \/><div class=\"desc\"><\/div><\/div>\n[vc_row_inner][vc_column_inner width=\u00bb1\/3&#8243;]<div class=\"icon_box icon_position_top no_border\"><div class=\"icon_wrapper\"><div class=\"icon\"><i class=\"icon-search\" aria-hidden=\"true\"><\/i><\/div><\/div><div class=\"desc_wrapper\"><h4 class=\"title \">Diagn\u00f3stico<\/h4><div class=\"desc\">An\u00e1lisis de tu infraestructura inform\u00e1tico y comunicaciones. Contiene: inventario, analisis de la red y sus componentes, analisis de seguridad, analisis de licencias, propuesta de mejoras, valoraci\u00f3n econ\u00f3mica y temporal, conclusiones. todo esto reflejado en un informe (estudio inicial) que se otorga al cliente en la primera reuni\u00f3n.<\/div><\/div><\/div>\n[\/vc_column_inner][vc_column_inner width=\u00bb1\/3&#8243;]<div class=\"icon_box icon_position_top no_border\"><div class=\"icon_wrapper\"><div class=\"icon\"><i class=\"icon-tools\" aria-hidden=\"true\"><\/i><\/div><\/div><div class=\"desc_wrapper\"><h4 class=\"title \">Terapia de choque<\/h4><div class=\"desc\">De contratar al servicio de soporte a empresas, los t\u00e9cnicos de HST desembarcan en tu empresa y ponen inmediatamente en marcha las mejoras imprescindibles para garantizar el correcto funcionamiento y la seguridad de tu infraestructura inform\u00e1tica.<\/div><\/div><\/div>\n[\/vc_column_inner][vc_column_inner width=\u00bb1\/3&#8243;]<div class=\"icon_box icon_position_top no_border\"><div class=\"icon_wrapper\"><div class=\"icon\"><i class=\"icon-back-in-time\" aria-hidden=\"true\"><\/i><\/div><\/div><div class=\"desc_wrapper\"><h4 class=\"title \">A trabajar tranquilos<\/h4><div class=\"desc\">Con el sistema a punto y bajo control hacemos peri\u00f3dicamente las acciones de soporte preventivo que minimizaran la problem\u00e1tica a la que puede estar expuesta tu infraestructura inform\u00e1tica. Sin embargo, si se produce un imprevisto, hacemos una r\u00e1pida intervenci\u00f3n puntual para solucionarlo.<\/div><\/div><\/div>\n[\/vc_column_inner][\/vc_row_inner][\/vc_column][vc_column width=\u00bb1\/3&#8243;]\n<div class=\"wpcf7 no-js\" id=\"wpcf7-f1621-o1\" lang=\"es-ES\" dir=\"ltr\" data-wpcf7-id=\"1621\">\n<div class=\"screen-reader-response\"><p role=\"status\" aria-live=\"polite\" aria-atomic=\"true\"><\/p> <ul><\/ul><\/div>\n<form action=\"\/es\/wp-json\/wp\/v2\/pages\/1766#wpcf7-f1621-o1\" method=\"post\" class=\"wpcf7-form init\" aria-label=\"Formulario de contacto\" novalidate=\"novalidate\" data-status=\"init\">\n<fieldset class=\"hidden-fields-container\"><input type=\"hidden\" name=\"_wpcf7\" value=\"1621\" \/><input type=\"hidden\" name=\"_wpcf7_version\" value=\"6.1.5\" \/><input type=\"hidden\" name=\"_wpcf7_locale\" value=\"es_ES\" \/><input type=\"hidden\" name=\"_wpcf7_unit_tag\" value=\"wpcf7-f1621-o1\" \/><input type=\"hidden\" name=\"_wpcf7_container_post\" value=\"0\" \/><input type=\"hidden\" name=\"_wpcf7_posted_data_hash\" value=\"\" \/><input type=\"hidden\" name=\"_wpcf7cf_hidden_group_fields\" value=\"[]\" \/><input type=\"hidden\" name=\"_wpcf7cf_hidden_groups\" value=\"[]\" \/><input type=\"hidden\" name=\"_wpcf7cf_visible_groups\" value=\"[]\" \/><input type=\"hidden\" name=\"_wpcf7cf_repeaters\" value=\"[]\" \/><input type=\"hidden\" name=\"_wpcf7cf_steps\" value=\"{}\" \/><input type=\"hidden\" name=\"_wpcf7cf_options\" value=\"{&quot;form_id&quot;:1621,&quot;conditions&quot;:[],&quot;settings&quot;:{&quot;animation&quot;:&quot;yes&quot;,&quot;animation_intime&quot;:200,&quot;animation_outtime&quot;:200,&quot;conditions_ui&quot;:&quot;normal&quot;,&quot;notice_dismissed&quot;:false,&quot;notice_dismissed_rollback-cf7-5.9.2&quot;:true,&quot;notice_dismissed_rollback-cf7-5.9.4&quot;:true,&quot;notice_dismissed_rollback-cf7-5.9.5&quot;:true,&quot;notice_dismissed_rollback-cf7-5.9.6&quot;:true,&quot;notice_dismissed_update-cf7-6.1.4&quot;:true}}\" \/><input type=\"hidden\" name=\"_wpcf7_recaptcha_response\" value=\"\" \/>\n<\/fieldset>\n<p><span class=\"wpcf7-form-control-wrap\" data-name=\"your-name\"><input size=\"40\" maxlength=\"400\" class=\"wpcf7-form-control wpcf7-text wpcf7-validates-as-required\" aria-required=\"true\" aria-invalid=\"false\" placeholder=\"Nombre\" value=\"\" type=\"text\" name=\"your-name\" \/><\/span>\n<\/p>\n<p><span class=\"wpcf7-form-control-wrap\" data-name=\"your-email\"><input size=\"40\" maxlength=\"400\" class=\"wpcf7-form-control wpcf7-email wpcf7-validates-as-required wpcf7-text wpcf7-validates-as-email\" aria-required=\"true\" aria-invalid=\"false\" placeholder=\"Email\" value=\"\" type=\"email\" name=\"your-email\" \/><\/span>\n<\/p>\n<p><span class=\"wpcf7-form-control-wrap\" data-name=\"your-message\"><textarea cols=\"40\" rows=\"10\" maxlength=\"2000\" class=\"wpcf7-form-control wpcf7-textarea\" aria-invalid=\"false\" placeholder=\"Mensaje\" name=\"your-message\"><\/textarea><\/span>\n<\/p>\n<p><span style=\"font-size:13px;\"><br \/>\nTratamos los datos que nos facilita con el fin de dar respuesta a la consulta sobre nuestros productos y servicios por cualquier medio (postal, email o tel\u00e9fono). Los datos proporcionados se conservar\u00e1n mientras no solicite el cese de la actividad. Los datos no se ceder\u00e1n a terceros salvo en los casos en que exista una obligaci\u00f3n legal. Usted tiene derecho a obtener confirmaci\u00f3n sobre si en HST estamos tratando sus datos personales por tanto tiene derecho a acceder a sus datos personales, rectificar los datos inexactos o solicitar su supresi\u00f3n cuando los datos ya no sean necesarios para los fines que fueron recogidos.<\/span>\n<\/p>\n<p><span style=\"font-size:13px;\"><br \/>\nDesea recibir comunicados de marketing de HST por correo electr\u00f3nico y entendiendo que sus datos personales se tratar\u00e1n como la <a href=\"\/politica-de-privacitat\/\" target=\"_blank\">pol\u00edtica de privacidad<\/a> <\/span>\n<\/p>\n<p><span class=\"wpcf7-form-control-wrap\" data-name=\"RGPD-accepto\"><span class=\"wpcf7-form-control wpcf7-checkbox wpcf7-validates-as-required wpcf7-exclusive-checkbox\"><span class=\"wpcf7-list-item first\"><label><input type=\"checkbox\" name=\"RGPD-accepto\" value=\"Si\" \/><span class=\"wpcf7-list-item-label\">Si<\/span><\/label><\/span><span class=\"wpcf7-list-item last\"><label><input type=\"checkbox\" name=\"RGPD-accepto\" value=\"No, gracias\" \/><span class=\"wpcf7-list-item-label\">No, gracias<\/span><\/label><\/span><\/span><\/span>\n<\/p>\n<p><br clear=\"all\" \/>\n<\/p>\n<p>\n\n<\/p>\n<p><input class=\"wpcf7-form-control wpcf7-submit has-spinner\" type=\"submit\" value=\"Enviar\" \/>\n<\/p><div class=\"wpcf7-response-output\" aria-hidden=\"true\"><\/div>\n<\/form>\n<\/div>\n[\/vc_column][\/vc_row][vc_row][vc_column][\/vc_column][\/vc_row][vc_row][vc_column][vc_column_text]<strong>Quiz\u00e1s estas buscando :<\/strong><\/p>\n<p><em><span data-sheets-value=\"[null,2,&quot;Empresa inform\\u00e1tica Lleida, Inform\\u00e1tica Lleida, T\\u00e9cnico inform\\u00e1tico Lleida, Mantenimiento infom\\u00e1tico Lleida, Mantenimiento sistemas Lleida, Experto Microsoft Lleida, Configurar Active Directory Lleida&quot;]\" data-sheets-userformat=\"[null,null,513,[null,0],null,null,null,null,null,null,null,null,0]\">Empresa inform\u00e1tica Lleida, Mantenimiento de sistemas Lleida, Mantenimiento en Lleida, Inform\u00e1tica Lleida, T\u00e9cnico inform\u00e1tico Lleida, Mantenimiento infom\u00e1tico Lleida, servicio t\u00e9cnico inform\u00e1tica Lleida, Experto Microsoft Lleida, Configurar Active Directory Lleida.<\/span><\/em>[\/vc_column_text][\/vc_column][\/vc_row]<\/p>\n<\/div>","protected":false},"excerpt":{"rendered":"<p>[vc_row css=\u00bb.vc_custom_1438596199713{padding-top: 60px !important;}\u00bb][vc_column][vc_column_text] Soporte para empresas [\/vc_column_text][vc_row_inner][vc_column_inner width=\u00bb1\/2&#8243;][vc_column_text] Si los sistemas inform\u00e1ticos de una empresa no fucionan correctamente o tienen constatemente problemas t\u00e9cnicos puntuales que<span class=\"excerpt-hellip\"> [\u2026]<\/span><\/p>\n","protected":false},"author":2,"featured_media":0,"parent":0,"menu_order":0,"comment_status":"open","ping_status":"closed","template":"","meta":{"footnotes":""},"class_list":["post-1766","page","type-page","status-publish","hentry"],"yoast_head":"<!-- This site is optimized with the Yoast SEO plugin v27.3 - https:\/\/yoast.com\/product\/yoast-seo-wordpress\/ -->\n<title>Soporte inform\u00e1tico empresas Lleida,servicio t\u00e9cnico TIC<\/title>\n<meta name=\"description\" content=\"Soporte integral para sistemas inform\u00e1ticos, web y gesti\u00f3n de tu empresa.\" \/>\n<meta name=\"robots\" content=\"index, follow, max-snippet:-1, max-image-preview:large, max-video-preview:-1\" \/>\n<link rel=\"canonical\" href=\"https:\/\/www.hst.cat\/es\/soporte-informatico-empresa-lleida\/\" \/>\n<meta property=\"og:locale\" content=\"es_ES\" \/>\n<meta property=\"og:type\" content=\"article\" \/>\n<meta property=\"og:title\" content=\"Soporte inform\u00e1tico empresas Lleida,servicio t\u00e9cnico TIC\" \/>\n<meta property=\"og:description\" content=\"Soporte integral para sistemas inform\u00e1ticos, web y gesti\u00f3n de tu empresa.\" \/>\n<meta property=\"og:url\" content=\"https:\/\/www.hst.cat\/es\/soporte-informatico-empresa-lleida\/\" \/>\n<meta property=\"og:site_name\" content=\"Inform\u00e0tica Lleida HST\" \/>\n<meta property=\"article:modified_time\" content=\"2022-03-25T10:55:45+00:00\" \/>\n<meta name=\"twitter:label1\" content=\"Tiempo de lectura\" \/>\n\t<meta name=\"twitter:data1\" content=\"3 minutos\" \/>\n<script type=\"application\/ld+json\" class=\"yoast-schema-graph\">{\"@context\":\"https:\\\/\\\/schema.org\",\"@graph\":[{\"@type\":\"WebPage\",\"@id\":\"https:\\\/\\\/www.hst.cat\\\/es\\\/soporte-informatico-empresa-lleida\\\/\",\"url\":\"https:\\\/\\\/www.hst.cat\\\/es\\\/soporte-informatico-empresa-lleida\\\/\",\"name\":\"Soporte inform\u00e1tico empresas Lleida,servicio t\u00e9cnico TIC\",\"isPartOf\":{\"@id\":\"https:\\\/\\\/www.hst.cat\\\/#website\"},\"datePublished\":\"2015-01-26T22:02:15+00:00\",\"dateModified\":\"2022-03-25T10:55:45+00:00\",\"description\":\"Soporte integral para sistemas inform\u00e1ticos, web y gesti\u00f3n de tu empresa.\",\"breadcrumb\":{\"@id\":\"https:\\\/\\\/www.hst.cat\\\/es\\\/soporte-informatico-empresa-lleida\\\/#breadcrumb\"},\"inLanguage\":\"es\",\"potentialAction\":[{\"@type\":\"ReadAction\",\"target\":[\"https:\\\/\\\/www.hst.cat\\\/es\\\/soporte-informatico-empresa-lleida\\\/\"]}]},{\"@type\":\"BreadcrumbList\",\"@id\":\"https:\\\/\\\/www.hst.cat\\\/es\\\/soporte-informatico-empresa-lleida\\\/#breadcrumb\",\"itemListElement\":[{\"@type\":\"ListItem\",\"position\":1,\"name\":\"Portada\",\"item\":\"https:\\\/\\\/www.hst.cat\\\/es\\\/\"},{\"@type\":\"ListItem\",\"position\":2,\"name\":\"Soporte para empresas\"}]},{\"@type\":\"WebSite\",\"@id\":\"https:\\\/\\\/www.hst.cat\\\/#website\",\"url\":\"https:\\\/\\\/www.hst.cat\\\/\",\"name\":\"Inform\u00e0tica Lleida HST\",\"description\":\"Oferim serveis d\u2019inform\u00e0tica i noves tecnologies per empreses. Servei t\u00e8cnic, Web, Soft Gesti\u00f3, Xarxes, Consultoria\",\"potentialAction\":[{\"@type\":\"SearchAction\",\"target\":{\"@type\":\"EntryPoint\",\"urlTemplate\":\"https:\\\/\\\/www.hst.cat\\\/?s={search_term_string}\"},\"query-input\":{\"@type\":\"PropertyValueSpecification\",\"valueRequired\":true,\"valueName\":\"search_term_string\"}}],\"inLanguage\":\"es\"}]}<\/script>\n<!-- \/ Yoast SEO plugin. -->","yoast_head_json":{"title":"Soporte inform\u00e1tico empresas Lleida,servicio t\u00e9cnico TIC","description":"Soporte integral para sistemas inform\u00e1ticos, web y gesti\u00f3n de tu empresa.","robots":{"index":"index","follow":"follow","max-snippet":"max-snippet:-1","max-image-preview":"max-image-preview:large","max-video-preview":"max-video-preview:-1"},"canonical":"https:\/\/www.hst.cat\/es\/soporte-informatico-empresa-lleida\/","og_locale":"es_ES","og_type":"article","og_title":"Soporte inform\u00e1tico empresas Lleida,servicio t\u00e9cnico TIC","og_description":"Soporte integral para sistemas inform\u00e1ticos, web y gesti\u00f3n de tu empresa.","og_url":"https:\/\/www.hst.cat\/es\/soporte-informatico-empresa-lleida\/","og_site_name":"Inform\u00e0tica Lleida HST","article_modified_time":"2022-03-25T10:55:45+00:00","twitter_misc":{"Tiempo de lectura":"3 minutos"},"schema":{"@context":"https:\/\/schema.org","@graph":[{"@type":"WebPage","@id":"https:\/\/www.hst.cat\/es\/soporte-informatico-empresa-lleida\/","url":"https:\/\/www.hst.cat\/es\/soporte-informatico-empresa-lleida\/","name":"Soporte inform\u00e1tico empresas Lleida,servicio t\u00e9cnico TIC","isPartOf":{"@id":"https:\/\/www.hst.cat\/#website"},"datePublished":"2015-01-26T22:02:15+00:00","dateModified":"2022-03-25T10:55:45+00:00","description":"Soporte integral para sistemas inform\u00e1ticos, web y gesti\u00f3n de tu empresa.","breadcrumb":{"@id":"https:\/\/www.hst.cat\/es\/soporte-informatico-empresa-lleida\/#breadcrumb"},"inLanguage":"es","potentialAction":[{"@type":"ReadAction","target":["https:\/\/www.hst.cat\/es\/soporte-informatico-empresa-lleida\/"]}]},{"@type":"BreadcrumbList","@id":"https:\/\/www.hst.cat\/es\/soporte-informatico-empresa-lleida\/#breadcrumb","itemListElement":[{"@type":"ListItem","position":1,"name":"Portada","item":"https:\/\/www.hst.cat\/es\/"},{"@type":"ListItem","position":2,"name":"Soporte para empresas"}]},{"@type":"WebSite","@id":"https:\/\/www.hst.cat\/#website","url":"https:\/\/www.hst.cat\/","name":"Inform\u00e0tica Lleida HST","description":"Oferim serveis d\u2019inform\u00e0tica i noves tecnologies per empreses. Servei t\u00e8cnic, Web, Soft Gesti\u00f3, Xarxes, Consultoria","potentialAction":[{"@type":"SearchAction","target":{"@type":"EntryPoint","urlTemplate":"https:\/\/www.hst.cat\/?s={search_term_string}"},"query-input":{"@type":"PropertyValueSpecification","valueRequired":true,"valueName":"search_term_string"}}],"inLanguage":"es"}]}},"jetpack_shortlink":"https:\/\/wp.me\/P7Yfwy-su","jetpack_sharing_enabled":true,"_links":{"self":[{"href":"https:\/\/www.hst.cat\/es\/wp-json\/wp\/v2\/pages\/1766","targetHints":{"allow":["GET"]}}],"collection":[{"href":"https:\/\/www.hst.cat\/es\/wp-json\/wp\/v2\/pages"}],"about":[{"href":"https:\/\/www.hst.cat\/es\/wp-json\/wp\/v2\/types\/page"}],"author":[{"embeddable":true,"href":"https:\/\/www.hst.cat\/es\/wp-json\/wp\/v2\/users\/2"}],"replies":[{"embeddable":true,"href":"https:\/\/www.hst.cat\/es\/wp-json\/wp\/v2\/comments?post=1766"}],"version-history":[{"count":16,"href":"https:\/\/www.hst.cat\/es\/wp-json\/wp\/v2\/pages\/1766\/revisions"}],"predecessor-version":[{"id":7176,"href":"https:\/\/www.hst.cat\/es\/wp-json\/wp\/v2\/pages\/1766\/revisions\/7176"}],"wp:attachment":[{"href":"https:\/\/www.hst.cat\/es\/wp-json\/wp\/v2\/media?parent=1766"}],"curies":[{"name":"wp","href":"https:\/\/api.w.org\/{rel}","templated":true}]}}