{"id":1767,"date":"2015-01-26T23:14:01","date_gmt":"2015-01-26T22:14:01","guid":{"rendered":"http:\/\/hst.cat\/videoconferencia-lleida-2\/"},"modified":"2022-03-25T12:07:31","modified_gmt":"2022-03-25T11:07:31","slug":"videoconferencia-lleida","status":"publish","type":"page","link":"https:\/\/www.hst.cat\/es\/videoconferencia-lleida\/","title":{"rendered":"Videoconferencia"},"content":{"rendered":"<div class=\"wpb-content-wrapper\"><p>[vc_row][vc_column width=\u00bb2\/3&#8243; css=\u00bb.vc_custom_1422807004299{padding-right: 60px !important;}\u00bb][vc_column_text css=\u00bb.vc_custom_1431693336406{padding-top: 20px !important;padding-right: 20px !important;padding-bottom: 20px !important;padding-left: 20px !important;background-color: rgba(206,206,206,0.25) !important;*background-color: rgb(206,206,206) !important;}\u00bb]<\/p>\n<h3>Videoconferencia de sala<\/h3>\n<p>HST pone a tu disposici\u00f3n soluciones a tus necesidades de comunicaci\u00f3n corporativa. A trav\u00e9s del uso de la <strong>videoconferencia de sala<\/strong> su organizaci\u00f3n podr\u00e1 tener una conexi\u00f3n en tiempo real con sus socios en otras ubicaciones, aprovechando los beneficios de la comunicaci\u00f3n visual a la vez que reduce en costes de transporte y maximiza tu productividad .<\/p>\n<p>Somos especialistas en <strong>videoconferencia para hoteles, videoconferencia para empresas,<\/strong> etc.[\/vc_column_text][vc_column_text css=\u00bb.vc_custom_1431693223099{padding-top: 20px !important;padding-right: 20px !important;padding-bottom: 20px !important;padding-left: 20px !important;background-color: rgba(191,191,191,0.2) !important;*background-color: rgb(191,191,191) !important;}\u00bb]<\/p>\n<h3>Ventajas:<\/h3>\n<p>Conseguimos emular el entorno de una reuni\u00f3n habitual, permitiendo el compartir video, voz y datos, lo que se traduce en que las partes involucradas vean, sientan y presenten el material de la misma manera que si estuvieran en la misma habitaci\u00f3n.<\/p>\n<h3>Productividad:<\/h3>\n<p>Una herramienta para que sus comunicaciones sean cada vez m\u00e1s efectivas, productivas y eficaces haciendo m\u00e1s \u00e1giles los procesos y operaciones de la compa\u00f1\u00eda incluso en los lugares m\u00e1s distantes.<\/p>\n<p>Aprovechando sus propios recursos para recibir formaci\u00f3n a distancia, tener juntas directivas sin necesidad de mover f\u00edsicamente y muchas otras utilidades que le permiten ganar en tiempo y dinero.<\/p>\n<p><strong><strong>\u00a0<\/strong><\/strong><\/p>\n<h3><\/h3>\n<p>[\/vc_column_text][vc_column_text]<\/p>\n<h3>El trabajo de HST<\/h3>\n<p>HST cuenta con la experiencia necesaria para realizar las m\u00e1s complejas instalaciones de videoconferencia, utilizando la tecnolog\u00eda de modo que apoye las operaciones de tu organizaci\u00f3n, contando adem\u00e1s con el apoyo de los fabricantes l\u00edderes en telepresencia y un amplio conocimiento del sistema y las necesidades de los clientes.<\/p>\n<p>Trabaje cara a cara de forma m\u00e1s productiva y m\u00e1s eficiente con cualquier persona, est\u00e9 donde est\u00e9, utilizando las soluciones de telepresencia y v\u00eddeo HD que ofrece HST, distribuidor en Lleida y Tarragona de los productos de Polycom, Ceelab, Sony y Life Size, entre otros .[\/vc_column_text][\/vc_column][vc_column width=\u00bb1\/3&#8243;]\n<div class=\"wpcf7 no-js\" id=\"wpcf7-f1621-o1\" lang=\"es-ES\" dir=\"ltr\" data-wpcf7-id=\"1621\">\n<div class=\"screen-reader-response\"><p role=\"status\" aria-live=\"polite\" aria-atomic=\"true\"><\/p> <ul><\/ul><\/div>\n<form action=\"\/es\/wp-json\/wp\/v2\/pages\/1767#wpcf7-f1621-o1\" method=\"post\" class=\"wpcf7-form init\" aria-label=\"Formulario de contacto\" novalidate=\"novalidate\" data-status=\"init\">\n<fieldset class=\"hidden-fields-container\"><input type=\"hidden\" name=\"_wpcf7\" value=\"1621\" \/><input type=\"hidden\" name=\"_wpcf7_version\" value=\"6.1.5\" \/><input type=\"hidden\" name=\"_wpcf7_locale\" value=\"es_ES\" \/><input type=\"hidden\" name=\"_wpcf7_unit_tag\" value=\"wpcf7-f1621-o1\" \/><input type=\"hidden\" name=\"_wpcf7_container_post\" value=\"0\" \/><input type=\"hidden\" name=\"_wpcf7_posted_data_hash\" value=\"\" \/><input type=\"hidden\" name=\"_wpcf7cf_hidden_group_fields\" value=\"[]\" \/><input type=\"hidden\" name=\"_wpcf7cf_hidden_groups\" value=\"[]\" \/><input type=\"hidden\" name=\"_wpcf7cf_visible_groups\" value=\"[]\" \/><input type=\"hidden\" name=\"_wpcf7cf_repeaters\" value=\"[]\" \/><input type=\"hidden\" name=\"_wpcf7cf_steps\" value=\"{}\" \/><input type=\"hidden\" name=\"_wpcf7cf_options\" value=\"{&quot;form_id&quot;:1621,&quot;conditions&quot;:[],&quot;settings&quot;:{&quot;animation&quot;:&quot;yes&quot;,&quot;animation_intime&quot;:200,&quot;animation_outtime&quot;:200,&quot;conditions_ui&quot;:&quot;normal&quot;,&quot;notice_dismissed&quot;:false,&quot;notice_dismissed_rollback-cf7-5.9.2&quot;:true,&quot;notice_dismissed_rollback-cf7-5.9.4&quot;:true,&quot;notice_dismissed_rollback-cf7-5.9.5&quot;:true,&quot;notice_dismissed_rollback-cf7-5.9.6&quot;:true,&quot;notice_dismissed_update-cf7-6.1.4&quot;:true}}\" \/><input type=\"hidden\" name=\"_wpcf7_recaptcha_response\" value=\"\" \/>\n<\/fieldset>\n<p><span class=\"wpcf7-form-control-wrap\" data-name=\"your-name\"><input size=\"40\" maxlength=\"400\" class=\"wpcf7-form-control wpcf7-text wpcf7-validates-as-required\" aria-required=\"true\" aria-invalid=\"false\" placeholder=\"Nombre\" value=\"\" type=\"text\" name=\"your-name\" \/><\/span>\n<\/p>\n<p><span class=\"wpcf7-form-control-wrap\" data-name=\"your-email\"><input size=\"40\" maxlength=\"400\" class=\"wpcf7-form-control wpcf7-email wpcf7-validates-as-required wpcf7-text wpcf7-validates-as-email\" aria-required=\"true\" aria-invalid=\"false\" placeholder=\"Email\" value=\"\" type=\"email\" name=\"your-email\" \/><\/span>\n<\/p>\n<p><span class=\"wpcf7-form-control-wrap\" data-name=\"your-message\"><textarea cols=\"40\" rows=\"10\" maxlength=\"2000\" class=\"wpcf7-form-control wpcf7-textarea\" aria-invalid=\"false\" placeholder=\"Mensaje\" name=\"your-message\"><\/textarea><\/span>\n<\/p>\n<p><span style=\"font-size:13px;\"><br \/>\nTratamos los datos que nos facilita con el fin de dar respuesta a la consulta sobre nuestros productos y servicios por cualquier medio (postal, email o tel\u00e9fono). Los datos proporcionados se conservar\u00e1n mientras no solicite el cese de la actividad. Los datos no se ceder\u00e1n a terceros salvo en los casos en que exista una obligaci\u00f3n legal. Usted tiene derecho a obtener confirmaci\u00f3n sobre si en HST estamos tratando sus datos personales por tanto tiene derecho a acceder a sus datos personales, rectificar los datos inexactos o solicitar su supresi\u00f3n cuando los datos ya no sean necesarios para los fines que fueron recogidos.<\/span>\n<\/p>\n<p><span style=\"font-size:13px;\"><br \/>\nDesea recibir comunicados de marketing de HST por correo electr\u00f3nico y entendiendo que sus datos personales se tratar\u00e1n como la <a href=\"\/politica-de-privacitat\/\" target=\"_blank\">pol\u00edtica de privacidad<\/a> <\/span>\n<\/p>\n<p><span class=\"wpcf7-form-control-wrap\" data-name=\"RGPD-accepto\"><span class=\"wpcf7-form-control wpcf7-checkbox wpcf7-validates-as-required wpcf7-exclusive-checkbox\"><span class=\"wpcf7-list-item first\"><label><input type=\"checkbox\" name=\"RGPD-accepto\" value=\"Si\" \/><span class=\"wpcf7-list-item-label\">Si<\/span><\/label><\/span><span class=\"wpcf7-list-item last\"><label><input type=\"checkbox\" name=\"RGPD-accepto\" value=\"No, gracias\" \/><span class=\"wpcf7-list-item-label\">No, gracias<\/span><\/label><\/span><\/span><\/span>\n<\/p>\n<p><br clear=\"all\" \/>\n<\/p>\n<p>\n\n<\/p>\n<p><input class=\"wpcf7-form-control wpcf7-submit has-spinner\" type=\"submit\" value=\"Enviar\" \/>\n<\/p><div class=\"wpcf7-response-output\" aria-hidden=\"true\"><\/div>\n<\/form>\n<\/div>\n[vc_message message_box_style=\u00bbstandard\u00bb style=\u00bbrounded\u00bb message_box_color=\u00bbviolet\u00bb icon_type=\u00bbfontawesome\u00bb icon_fontawesome=\u00bbfa fa-info-circle\u00bb icon_openiconic=\u00bbvc-oi vc-oi-dial\u00bb icon_typicons=\u00bbtypcn typcn-adjust-brightness\u00bb icon_entypo=\u00bbentypo-icon entypo-icon-note\u00bb icon_linecons=\u00bbvc_li vc_li-heart\u00bb icon_pixelicons=\u00bbvc_pixel_icon vc_pixel_icon-alert\u00bb]\u00bfSab\u00eda que las personas aprenden hasta el doble en reuniones cara a cara comparado con las conversaciones s\u00f3lo de voz? \u00bfY que m\u00e1s de la mitad (cerca de un 55%) del impacto de la comunicaci\u00f3n visual proviene de expresiones faciales y lenguaje corporal (donde s\u00f3lo un 38% proviene de la inflexi\u00f3n vocal)?[\/vc_message][\/vc_column][\/vc_row][vc_row][vc_column width=\u00bb1\/1&#8243;][vc_column_text]<\/p>\n<p>&nbsp;<\/p>\n<p>&nbsp;<\/p>\n<p><strong>Quiz\u00e1s estabas buscando : <\/strong><\/p>\n<p><em>videoconferencia de sala Lleida, equipos videoconferencia Lleida, videoconferencia para empresas, videoconferencia para hoteles<\/em>[\/vc_column_text][\/vc_column][\/vc_row]<\/p>\n<\/div>","protected":false},"excerpt":{"rendered":"<p>[vc_row][vc_column width=\u00bb2\/3&#8243; css=\u00bb.vc_custom_1422807004299{padding-right: 60px !important;}\u00bb][vc_column_text css=\u00bb.vc_custom_1431693336406{padding-top: 20px !important;padding-right: 20px !important;padding-bottom: 20px !important;padding-left: 20px !important;background-color: rgba(206,206,206,0.25) !important;*background-color: rgb(206,206,206) !important;}\u00bb] Videoconferencia de sala HST pone a tu disposici\u00f3n<span class=\"excerpt-hellip\"> [\u2026]<\/span><\/p>\n","protected":false},"author":2,"featured_media":0,"parent":0,"menu_order":0,"comment_status":"open","ping_status":"closed","template":"","meta":{"footnotes":""},"class_list":["post-1767","page","type-page","status-publish","hentry"],"yoast_head":"<!-- This site is optimized with the Yoast SEO plugin v27.4 - https:\/\/yoast.com\/product\/yoast-seo-wordpress\/ -->\n<title>Equipos de Videoconferencias Lleida<\/title>\n<meta name=\"description\" content=\"HST ponemos a su disposici\u00f3n soluciones a sus necesidad de comunicaci\u00f3n corporativa\" \/>\n<meta name=\"robots\" content=\"index, follow, max-snippet:-1, max-image-preview:large, max-video-preview:-1\" \/>\n<link rel=\"canonical\" href=\"https:\/\/www.hst.cat\/es\/videoconferencia-lleida\/\" \/>\n<meta property=\"og:locale\" content=\"es_ES\" \/>\n<meta property=\"og:type\" content=\"article\" \/>\n<meta property=\"og:title\" content=\"Equipos de Videoconferencias Lleida\" \/>\n<meta property=\"og:description\" content=\"HST ponemos a su disposici\u00f3n soluciones a sus necesidad de comunicaci\u00f3n corporativa\" \/>\n<meta property=\"og:url\" content=\"https:\/\/www.hst.cat\/es\/videoconferencia-lleida\/\" \/>\n<meta property=\"og:site_name\" content=\"Inform\u00e0tica Lleida HST\" \/>\n<meta property=\"article:modified_time\" content=\"2022-03-25T11:07:31+00:00\" \/>\n<meta name=\"twitter:label1\" content=\"Tiempo de lectura\" \/>\n\t<meta name=\"twitter:data1\" content=\"3 minutos\" \/>\n<script type=\"application\/ld+json\" class=\"yoast-schema-graph\">{\"@context\":\"https:\\\/\\\/schema.org\",\"@graph\":[{\"@type\":\"WebPage\",\"@id\":\"https:\\\/\\\/www.hst.cat\\\/es\\\/videoconferencia-lleida\\\/\",\"url\":\"https:\\\/\\\/www.hst.cat\\\/es\\\/videoconferencia-lleida\\\/\",\"name\":\"Equipos de Videoconferencias Lleida\",\"isPartOf\":{\"@id\":\"https:\\\/\\\/www.hst.cat\\\/#website\"},\"datePublished\":\"2015-01-26T22:14:01+00:00\",\"dateModified\":\"2022-03-25T11:07:31+00:00\",\"description\":\"HST ponemos a su disposici\u00f3n soluciones a sus necesidad de comunicaci\u00f3n corporativa\",\"breadcrumb\":{\"@id\":\"https:\\\/\\\/www.hst.cat\\\/es\\\/videoconferencia-lleida\\\/#breadcrumb\"},\"inLanguage\":\"es\",\"potentialAction\":[{\"@type\":\"ReadAction\",\"target\":[\"https:\\\/\\\/www.hst.cat\\\/es\\\/videoconferencia-lleida\\\/\"]}]},{\"@type\":\"BreadcrumbList\",\"@id\":\"https:\\\/\\\/www.hst.cat\\\/es\\\/videoconferencia-lleida\\\/#breadcrumb\",\"itemListElement\":[{\"@type\":\"ListItem\",\"position\":1,\"name\":\"Portada\",\"item\":\"https:\\\/\\\/www.hst.cat\\\/es\\\/\"},{\"@type\":\"ListItem\",\"position\":2,\"name\":\"Videoconferencia\"}]},{\"@type\":\"WebSite\",\"@id\":\"https:\\\/\\\/www.hst.cat\\\/#website\",\"url\":\"https:\\\/\\\/www.hst.cat\\\/\",\"name\":\"Inform\u00e0tica Lleida HST\",\"description\":\"Oferim serveis d\u2019inform\u00e0tica i noves tecnologies per empreses. Servei t\u00e8cnic, Web, Soft Gesti\u00f3, Xarxes, Consultoria\",\"potentialAction\":[{\"@type\":\"SearchAction\",\"target\":{\"@type\":\"EntryPoint\",\"urlTemplate\":\"https:\\\/\\\/www.hst.cat\\\/?s={search_term_string}\"},\"query-input\":{\"@type\":\"PropertyValueSpecification\",\"valueRequired\":true,\"valueName\":\"search_term_string\"}}],\"inLanguage\":\"es\"}]}<\/script>\n<!-- \/ Yoast SEO plugin. -->","yoast_head_json":{"title":"Equipos de Videoconferencias Lleida","description":"HST ponemos a su disposici\u00f3n soluciones a sus necesidad de comunicaci\u00f3n corporativa","robots":{"index":"index","follow":"follow","max-snippet":"max-snippet:-1","max-image-preview":"max-image-preview:large","max-video-preview":"max-video-preview:-1"},"canonical":"https:\/\/www.hst.cat\/es\/videoconferencia-lleida\/","og_locale":"es_ES","og_type":"article","og_title":"Equipos de Videoconferencias Lleida","og_description":"HST ponemos a su disposici\u00f3n soluciones a sus necesidad de comunicaci\u00f3n corporativa","og_url":"https:\/\/www.hst.cat\/es\/videoconferencia-lleida\/","og_site_name":"Inform\u00e0tica Lleida HST","article_modified_time":"2022-03-25T11:07:31+00:00","twitter_misc":{"Tiempo de lectura":"3 minutos"},"schema":{"@context":"https:\/\/schema.org","@graph":[{"@type":"WebPage","@id":"https:\/\/www.hst.cat\/es\/videoconferencia-lleida\/","url":"https:\/\/www.hst.cat\/es\/videoconferencia-lleida\/","name":"Equipos de Videoconferencias Lleida","isPartOf":{"@id":"https:\/\/www.hst.cat\/#website"},"datePublished":"2015-01-26T22:14:01+00:00","dateModified":"2022-03-25T11:07:31+00:00","description":"HST ponemos a su disposici\u00f3n soluciones a sus necesidad de comunicaci\u00f3n corporativa","breadcrumb":{"@id":"https:\/\/www.hst.cat\/es\/videoconferencia-lleida\/#breadcrumb"},"inLanguage":"es","potentialAction":[{"@type":"ReadAction","target":["https:\/\/www.hst.cat\/es\/videoconferencia-lleida\/"]}]},{"@type":"BreadcrumbList","@id":"https:\/\/www.hst.cat\/es\/videoconferencia-lleida\/#breadcrumb","itemListElement":[{"@type":"ListItem","position":1,"name":"Portada","item":"https:\/\/www.hst.cat\/es\/"},{"@type":"ListItem","position":2,"name":"Videoconferencia"}]},{"@type":"WebSite","@id":"https:\/\/www.hst.cat\/#website","url":"https:\/\/www.hst.cat\/","name":"Inform\u00e0tica Lleida HST","description":"Oferim serveis d\u2019inform\u00e0tica i noves tecnologies per empreses. Servei t\u00e8cnic, Web, Soft Gesti\u00f3, Xarxes, Consultoria","potentialAction":[{"@type":"SearchAction","target":{"@type":"EntryPoint","urlTemplate":"https:\/\/www.hst.cat\/?s={search_term_string}"},"query-input":{"@type":"PropertyValueSpecification","valueRequired":true,"valueName":"search_term_string"}}],"inLanguage":"es"}]}},"jetpack_shortlink":"https:\/\/wp.me\/P7Yfwy-sv","jetpack_sharing_enabled":true,"_links":{"self":[{"href":"https:\/\/www.hst.cat\/es\/wp-json\/wp\/v2\/pages\/1767","targetHints":{"allow":["GET"]}}],"collection":[{"href":"https:\/\/www.hst.cat\/es\/wp-json\/wp\/v2\/pages"}],"about":[{"href":"https:\/\/www.hst.cat\/es\/wp-json\/wp\/v2\/types\/page"}],"author":[{"embeddable":true,"href":"https:\/\/www.hst.cat\/es\/wp-json\/wp\/v2\/users\/2"}],"replies":[{"embeddable":true,"href":"https:\/\/www.hst.cat\/es\/wp-json\/wp\/v2\/comments?post=1767"}],"version-history":[{"count":1,"href":"https:\/\/www.hst.cat\/es\/wp-json\/wp\/v2\/pages\/1767\/revisions"}],"predecessor-version":[{"id":2607,"href":"https:\/\/www.hst.cat\/es\/wp-json\/wp\/v2\/pages\/1767\/revisions\/2607"}],"wp:attachment":[{"href":"https:\/\/www.hst.cat\/es\/wp-json\/wp\/v2\/media?parent=1767"}],"curies":[{"name":"wp","href":"https:\/\/api.w.org\/{rel}","templated":true}]}}