{"id":21350,"date":"2022-01-20T11:52:47","date_gmt":"2022-01-20T10:52:47","guid":{"rendered":"https:\/\/www.hst.cat\/?page_id=21350"},"modified":"2022-03-25T11:44:31","modified_gmt":"2022-03-25T10:44:31","slug":"control-de-presencia","status":"publish","type":"page","link":"https:\/\/www.hst.cat\/es\/kit-digital-lleida\/control-de-presencia\/","title":{"rendered":"Control de presencia"},"content":{"rendered":"","protected":false},"excerpt":{"rendered":"","protected":false},"author":7,"featured_media":0,"parent":21316,"menu_order":0,"comment_status":"open","ping_status":"closed","template":"","meta":{"footnotes":""},"class_list":["post-21350","page","type-page","status-publish","hentry"],"yoast_head":"<!-- This site is optimized with the Yoast SEO plugin v27.3 - https:\/\/yoast.com\/product\/yoast-seo-wordpress\/ -->\n<title>relojes de fichar, control de presencia lleida<\/title>\n<meta name=\"description\" content=\"Subministramos y instalaci\u00f3n de sistemas de ficheros y control de presencia\" \/>\n<meta name=\"robots\" content=\"index, follow, max-snippet:-1, max-image-preview:large, max-video-preview:-1\" \/>\n<link rel=\"canonical\" href=\"https:\/\/www.hst.cat\/es\/kit-digital-lleida\/control-de-presencia\/\" \/>\n<meta property=\"og:locale\" content=\"es_ES\" \/>\n<meta property=\"og:type\" content=\"article\" \/>\n<meta property=\"og:title\" content=\"relojes de fichar, control de presencia lleida\" \/>\n<meta property=\"og:description\" content=\"Subministramos y instalaci\u00f3n de sistemas de ficheros y control de presencia\" \/>\n<meta property=\"og:url\" content=\"https:\/\/www.hst.cat\/es\/kit-digital-lleida\/control-de-presencia\/\" \/>\n<meta property=\"og:site_name\" content=\"Inform\u00e0tica Lleida HST\" \/>\n<meta property=\"article:modified_time\" content=\"2022-03-25T10:44:31+00:00\" \/>\n<script type=\"application\/ld+json\" class=\"yoast-schema-graph\">{\"@context\":\"https:\\\/\\\/schema.org\",\"@graph\":[{\"@type\":\"WebPage\",\"@id\":\"https:\\\/\\\/www.hst.cat\\\/es\\\/kit-digital-lleida\\\/control-de-presencia\\\/\",\"url\":\"https:\\\/\\\/www.hst.cat\\\/es\\\/kit-digital-lleida\\\/control-de-presencia\\\/\",\"name\":\"relojes de fichar, control de presencia lleida\",\"isPartOf\":{\"@id\":\"https:\\\/\\\/www.hst.cat\\\/#website\"},\"datePublished\":\"2022-01-20T10:52:47+00:00\",\"dateModified\":\"2022-03-25T10:44:31+00:00\",\"description\":\"Subministramos y instalaci\u00f3n de sistemas de ficheros y control de presencia\",\"breadcrumb\":{\"@id\":\"https:\\\/\\\/www.hst.cat\\\/es\\\/kit-digital-lleida\\\/control-de-presencia\\\/#breadcrumb\"},\"inLanguage\":\"es\",\"potentialAction\":[{\"@type\":\"ReadAction\",\"target\":[\"https:\\\/\\\/www.hst.cat\\\/es\\\/kit-digital-lleida\\\/control-de-presencia\\\/\"]}]},{\"@type\":\"BreadcrumbList\",\"@id\":\"https:\\\/\\\/www.hst.cat\\\/es\\\/kit-digital-lleida\\\/control-de-presencia\\\/#breadcrumb\",\"itemListElement\":[{\"@type\":\"ListItem\",\"position\":1,\"name\":\"Portada\",\"item\":\"https:\\\/\\\/www.hst.cat\\\/es\\\/\"},{\"@type\":\"ListItem\",\"position\":2,\"name\":\"Kit Digital Lleida\",\"item\":\"https:\\\/\\\/www.hst.cat\\\/es\\\/kit-digital-lleida\\\/\"},{\"@type\":\"ListItem\",\"position\":3,\"name\":\"Control de presencia\"}]},{\"@type\":\"WebSite\",\"@id\":\"https:\\\/\\\/www.hst.cat\\\/#website\",\"url\":\"https:\\\/\\\/www.hst.cat\\\/\",\"name\":\"Inform\u00e0tica Lleida HST\",\"description\":\"Oferim serveis d\u2019inform\u00e0tica i noves tecnologies per empreses. Servei t\u00e8cnic, Web, Soft Gesti\u00f3, Xarxes, Consultoria\",\"potentialAction\":[{\"@type\":\"SearchAction\",\"target\":{\"@type\":\"EntryPoint\",\"urlTemplate\":\"https:\\\/\\\/www.hst.cat\\\/?s={search_term_string}\"},\"query-input\":{\"@type\":\"PropertyValueSpecification\",\"valueRequired\":true,\"valueName\":\"search_term_string\"}}],\"inLanguage\":\"es\"}]}<\/script>\n<!-- \/ Yoast SEO plugin. -->","yoast_head_json":{"title":"relojes de fichar, control de presencia lleida","description":"Subministramos y instalaci\u00f3n de sistemas de ficheros y control de presencia","robots":{"index":"index","follow":"follow","max-snippet":"max-snippet:-1","max-image-preview":"max-image-preview:large","max-video-preview":"max-video-preview:-1"},"canonical":"https:\/\/www.hst.cat\/es\/kit-digital-lleida\/control-de-presencia\/","og_locale":"es_ES","og_type":"article","og_title":"relojes de fichar, control de presencia lleida","og_description":"Subministramos y instalaci\u00f3n de sistemas de ficheros y control de presencia","og_url":"https:\/\/www.hst.cat\/es\/kit-digital-lleida\/control-de-presencia\/","og_site_name":"Inform\u00e0tica Lleida HST","article_modified_time":"2022-03-25T10:44:31+00:00","schema":{"@context":"https:\/\/schema.org","@graph":[{"@type":"WebPage","@id":"https:\/\/www.hst.cat\/es\/kit-digital-lleida\/control-de-presencia\/","url":"https:\/\/www.hst.cat\/es\/kit-digital-lleida\/control-de-presencia\/","name":"relojes de fichar, control de presencia lleida","isPartOf":{"@id":"https:\/\/www.hst.cat\/#website"},"datePublished":"2022-01-20T10:52:47+00:00","dateModified":"2022-03-25T10:44:31+00:00","description":"Subministramos y instalaci\u00f3n de sistemas de ficheros y control de presencia","breadcrumb":{"@id":"https:\/\/www.hst.cat\/es\/kit-digital-lleida\/control-de-presencia\/#breadcrumb"},"inLanguage":"es","potentialAction":[{"@type":"ReadAction","target":["https:\/\/www.hst.cat\/es\/kit-digital-lleida\/control-de-presencia\/"]}]},{"@type":"BreadcrumbList","@id":"https:\/\/www.hst.cat\/es\/kit-digital-lleida\/control-de-presencia\/#breadcrumb","itemListElement":[{"@type":"ListItem","position":1,"name":"Portada","item":"https:\/\/www.hst.cat\/es\/"},{"@type":"ListItem","position":2,"name":"Kit Digital Lleida","item":"https:\/\/www.hst.cat\/es\/kit-digital-lleida\/"},{"@type":"ListItem","position":3,"name":"Control de presencia"}]},{"@type":"WebSite","@id":"https:\/\/www.hst.cat\/#website","url":"https:\/\/www.hst.cat\/","name":"Inform\u00e0tica Lleida HST","description":"Oferim serveis d\u2019inform\u00e0tica i noves tecnologies per empreses. Servei t\u00e8cnic, Web, Soft Gesti\u00f3, Xarxes, Consultoria","potentialAction":[{"@type":"SearchAction","target":{"@type":"EntryPoint","urlTemplate":"https:\/\/www.hst.cat\/?s={search_term_string}"},"query-input":{"@type":"PropertyValueSpecification","valueRequired":true,"valueName":"search_term_string"}}],"inLanguage":"es"}]}},"jetpack_shortlink":"https:\/\/wp.me\/P7Yfwy-5ym","jetpack_sharing_enabled":true,"_links":{"self":[{"href":"https:\/\/www.hst.cat\/es\/wp-json\/wp\/v2\/pages\/21350","targetHints":{"allow":["GET"]}}],"collection":[{"href":"https:\/\/www.hst.cat\/es\/wp-json\/wp\/v2\/pages"}],"about":[{"href":"https:\/\/www.hst.cat\/es\/wp-json\/wp\/v2\/types\/page"}],"author":[{"embeddable":true,"href":"https:\/\/www.hst.cat\/es\/wp-json\/wp\/v2\/users\/7"}],"replies":[{"embeddable":true,"href":"https:\/\/www.hst.cat\/es\/wp-json\/wp\/v2\/comments?post=21350"}],"version-history":[{"count":2,"href":"https:\/\/www.hst.cat\/es\/wp-json\/wp\/v2\/pages\/21350\/revisions"}],"predecessor-version":[{"id":21746,"href":"https:\/\/www.hst.cat\/es\/wp-json\/wp\/v2\/pages\/21350\/revisions\/21746"}],"up":[{"embeddable":true,"href":"https:\/\/www.hst.cat\/es\/wp-json\/wp\/v2\/pages\/21316"}],"wp:attachment":[{"href":"https:\/\/www.hst.cat\/es\/wp-json\/wp\/v2\/media?parent=21350"}],"curies":[{"name":"wp","href":"https:\/\/api.w.org\/{rel}","templated":true}]}}