{"id":22059,"date":"2022-08-08T11:50:31","date_gmt":"2022-08-08T09:50:31","guid":{"rendered":"https:\/\/www.hst.cat\/?page_id=22059"},"modified":"2024-02-02T22:11:21","modified_gmt":"2024-02-02T21:11:21","slug":"marketplace","status":"publish","type":"page","link":"https:\/\/www.hst.cat\/es\/kit-digital-lleida\/marketplace\/","title":{"rendered":"Marketplace"},"content":{"rendered":"","protected":false},"excerpt":{"rendered":"","protected":false},"author":7,"featured_media":0,"parent":21316,"menu_order":0,"comment_status":"open","ping_status":"closed","template":"","meta":{"footnotes":""},"class_list":["post-22059","page","type-page","status-publish","hentry"],"yoast_head":"<!-- This site is optimized with the Yoast SEO plugin v27.3 - https:\/\/yoast.com\/product\/yoast-seo-wordpress\/ -->\n<title>Marketplace | Kit Digital<\/title>\n<meta name=\"description\" content=\"Ayudas Kit Digital para pymes. Consigue incrementar ventas optimizando los recursos existentes. En HST te ayudamos con tu Marketplace.\" \/>\n<meta name=\"robots\" content=\"index, follow, max-snippet:-1, max-image-preview:large, max-video-preview:-1\" \/>\n<link rel=\"canonical\" href=\"https:\/\/www.hst.cat\/es\/kit-digital-lleida\/marketplace\/\" \/>\n<meta property=\"og:locale\" content=\"es_ES\" \/>\n<meta property=\"og:type\" content=\"article\" \/>\n<meta property=\"og:title\" content=\"Marketplace | Kit Digital\" \/>\n<meta property=\"og:description\" content=\"Ayudas Kit Digital para pymes. Consigue incrementar ventas optimizando los recursos existentes. En HST te ayudamos con tu Marketplace.\" \/>\n<meta property=\"og:url\" content=\"https:\/\/www.hst.cat\/es\/kit-digital-lleida\/marketplace\/\" \/>\n<meta property=\"og:site_name\" content=\"Inform\u00e0tica Lleida HST\" \/>\n<meta property=\"article:modified_time\" content=\"2024-02-02T21:11:21+00:00\" \/>\n<script type=\"application\/ld+json\" class=\"yoast-schema-graph\">{\"@context\":\"https:\\\/\\\/schema.org\",\"@graph\":[{\"@type\":\"WebPage\",\"@id\":\"https:\\\/\\\/www.hst.cat\\\/es\\\/kit-digital-lleida\\\/marketplace\\\/\",\"url\":\"https:\\\/\\\/www.hst.cat\\\/es\\\/kit-digital-lleida\\\/marketplace\\\/\",\"name\":\"Marketplace | Kit Digital\",\"isPartOf\":{\"@id\":\"https:\\\/\\\/www.hst.cat\\\/#website\"},\"datePublished\":\"2022-08-08T09:50:31+00:00\",\"dateModified\":\"2024-02-02T21:11:21+00:00\",\"description\":\"Ayudas Kit Digital para pymes. Consigue incrementar ventas optimizando los recursos existentes. En HST te ayudamos con tu Marketplace.\",\"breadcrumb\":{\"@id\":\"https:\\\/\\\/www.hst.cat\\\/es\\\/kit-digital-lleida\\\/marketplace\\\/#breadcrumb\"},\"inLanguage\":\"es\",\"potentialAction\":[{\"@type\":\"ReadAction\",\"target\":[\"https:\\\/\\\/www.hst.cat\\\/es\\\/kit-digital-lleida\\\/marketplace\\\/\"]}]},{\"@type\":\"BreadcrumbList\",\"@id\":\"https:\\\/\\\/www.hst.cat\\\/es\\\/kit-digital-lleida\\\/marketplace\\\/#breadcrumb\",\"itemListElement\":[{\"@type\":\"ListItem\",\"position\":1,\"name\":\"Portada\",\"item\":\"https:\\\/\\\/www.hst.cat\\\/es\\\/\"},{\"@type\":\"ListItem\",\"position\":2,\"name\":\"Kit Digital Lleida\",\"item\":\"https:\\\/\\\/www.hst.cat\\\/es\\\/kit-digital-lleida\\\/\"},{\"@type\":\"ListItem\",\"position\":3,\"name\":\"Marketplace\"}]},{\"@type\":\"WebSite\",\"@id\":\"https:\\\/\\\/www.hst.cat\\\/#website\",\"url\":\"https:\\\/\\\/www.hst.cat\\\/\",\"name\":\"Inform\u00e0tica Lleida HST\",\"description\":\"Oferim serveis d\u2019inform\u00e0tica i noves tecnologies per empreses. Servei t\u00e8cnic, Web, Soft Gesti\u00f3, Xarxes, Consultoria\",\"potentialAction\":[{\"@type\":\"SearchAction\",\"target\":{\"@type\":\"EntryPoint\",\"urlTemplate\":\"https:\\\/\\\/www.hst.cat\\\/?s={search_term_string}\"},\"query-input\":{\"@type\":\"PropertyValueSpecification\",\"valueRequired\":true,\"valueName\":\"search_term_string\"}}],\"inLanguage\":\"es\"}]}<\/script>\n<!-- \/ Yoast SEO plugin. -->","yoast_head_json":{"title":"Marketplace | Kit Digital","description":"Ayudas Kit Digital para pymes. Consigue incrementar ventas optimizando los recursos existentes. En HST te ayudamos con tu Marketplace.","robots":{"index":"index","follow":"follow","max-snippet":"max-snippet:-1","max-image-preview":"max-image-preview:large","max-video-preview":"max-video-preview:-1"},"canonical":"https:\/\/www.hst.cat\/es\/kit-digital-lleida\/marketplace\/","og_locale":"es_ES","og_type":"article","og_title":"Marketplace | Kit Digital","og_description":"Ayudas Kit Digital para pymes. Consigue incrementar ventas optimizando los recursos existentes. En HST te ayudamos con tu Marketplace.","og_url":"https:\/\/www.hst.cat\/es\/kit-digital-lleida\/marketplace\/","og_site_name":"Inform\u00e0tica Lleida HST","article_modified_time":"2024-02-02T21:11:21+00:00","schema":{"@context":"https:\/\/schema.org","@graph":[{"@type":"WebPage","@id":"https:\/\/www.hst.cat\/es\/kit-digital-lleida\/marketplace\/","url":"https:\/\/www.hst.cat\/es\/kit-digital-lleida\/marketplace\/","name":"Marketplace | Kit Digital","isPartOf":{"@id":"https:\/\/www.hst.cat\/#website"},"datePublished":"2022-08-08T09:50:31+00:00","dateModified":"2024-02-02T21:11:21+00:00","description":"Ayudas Kit Digital para pymes. Consigue incrementar ventas optimizando los recursos existentes. En HST te ayudamos con tu Marketplace.","breadcrumb":{"@id":"https:\/\/www.hst.cat\/es\/kit-digital-lleida\/marketplace\/#breadcrumb"},"inLanguage":"es","potentialAction":[{"@type":"ReadAction","target":["https:\/\/www.hst.cat\/es\/kit-digital-lleida\/marketplace\/"]}]},{"@type":"BreadcrumbList","@id":"https:\/\/www.hst.cat\/es\/kit-digital-lleida\/marketplace\/#breadcrumb","itemListElement":[{"@type":"ListItem","position":1,"name":"Portada","item":"https:\/\/www.hst.cat\/es\/"},{"@type":"ListItem","position":2,"name":"Kit Digital Lleida","item":"https:\/\/www.hst.cat\/es\/kit-digital-lleida\/"},{"@type":"ListItem","position":3,"name":"Marketplace"}]},{"@type":"WebSite","@id":"https:\/\/www.hst.cat\/#website","url":"https:\/\/www.hst.cat\/","name":"Inform\u00e0tica Lleida HST","description":"Oferim serveis d\u2019inform\u00e0tica i noves tecnologies per empreses. Servei t\u00e8cnic, Web, Soft Gesti\u00f3, Xarxes, Consultoria","potentialAction":[{"@type":"SearchAction","target":{"@type":"EntryPoint","urlTemplate":"https:\/\/www.hst.cat\/?s={search_term_string}"},"query-input":{"@type":"PropertyValueSpecification","valueRequired":true,"valueName":"search_term_string"}}],"inLanguage":"es"}]}},"jetpack_shortlink":"https:\/\/wp.me\/P7Yfwy-5JN","jetpack_sharing_enabled":true,"_links":{"self":[{"href":"https:\/\/www.hst.cat\/es\/wp-json\/wp\/v2\/pages\/22059","targetHints":{"allow":["GET"]}}],"collection":[{"href":"https:\/\/www.hst.cat\/es\/wp-json\/wp\/v2\/pages"}],"about":[{"href":"https:\/\/www.hst.cat\/es\/wp-json\/wp\/v2\/types\/page"}],"author":[{"embeddable":true,"href":"https:\/\/www.hst.cat\/es\/wp-json\/wp\/v2\/users\/7"}],"replies":[{"embeddable":true,"href":"https:\/\/www.hst.cat\/es\/wp-json\/wp\/v2\/comments?post=22059"}],"version-history":[{"count":1,"href":"https:\/\/www.hst.cat\/es\/wp-json\/wp\/v2\/pages\/22059\/revisions"}],"predecessor-version":[{"id":22061,"href":"https:\/\/www.hst.cat\/es\/wp-json\/wp\/v2\/pages\/22059\/revisions\/22061"}],"up":[{"embeddable":true,"href":"https:\/\/www.hst.cat\/es\/wp-json\/wp\/v2\/pages\/21316"}],"wp:attachment":[{"href":"https:\/\/www.hst.cat\/es\/wp-json\/wp\/v2\/media?parent=22059"}],"curies":[{"name":"wp","href":"https:\/\/api.w.org\/{rel}","templated":true}]}}