{"id":22890,"date":"2023-09-20T12:56:26","date_gmt":"2023-09-20T10:56:26","guid":{"rendered":"https:\/\/hst.panelserver.eu\/?page_id=22890"},"modified":"2026-01-10T11:42:10","modified_gmt":"2026-01-10T10:42:10","slug":"ciberseguridad","status":"publish","type":"page","link":"https:\/\/www.hst.cat\/es\/ciberseguridad\/","title":{"rendered":"Ciberseguridad"},"content":{"rendered":"","protected":false},"excerpt":{"rendered":"","protected":false},"author":7,"featured_media":0,"parent":0,"menu_order":0,"comment_status":"open","ping_status":"closed","template":"","meta":{"footnotes":""},"class_list":["post-22890","page","type-page","status-publish","hentry"],"yoast_head":"<!-- This site is optimized with the Yoast SEO plugin v27.5 - https:\/\/yoast.com\/product\/yoast-seo-wordpress\/ -->\n<title>Ciberseguridad<\/title>\n<meta name=\"description\" content=\"En HST te ayudamos a definir tu plan de seguridad inform\u00e1tica realizando un an\u00e1lisis de riesgos y definiendo un Plan Integral de Seguridad Inform\u00e1tica que mejor se adapte a tus necesidades.\" \/>\n<meta name=\"robots\" content=\"noindex, follow\" \/>\n<meta property=\"og:locale\" content=\"es_ES\" \/>\n<meta property=\"og:type\" content=\"article\" \/>\n<meta property=\"og:title\" content=\"Ciberseguridad\" \/>\n<meta property=\"og:description\" content=\"En HST te ayudamos a definir tu plan de seguridad inform\u00e1tica realizando un an\u00e1lisis de riesgos y definiendo un Plan Integral de Seguridad Inform\u00e1tica que mejor se adapte a tus necesidades.\" \/>\n<meta property=\"og:url\" content=\"https:\/\/www.hst.cat\/es\/ciberseguridad\/\" \/>\n<meta property=\"og:site_name\" content=\"Inform\u00e0tica Lleida HST\" \/>\n<meta property=\"article:modified_time\" content=\"2026-01-10T10:42:10+00:00\" \/>\n<script type=\"application\/ld+json\" class=\"yoast-schema-graph\">{\"@context\":\"https:\\\/\\\/schema.org\",\"@graph\":[{\"@type\":\"WebPage\",\"@id\":\"https:\\\/\\\/www.hst.cat\\\/es\\\/ciberseguridad\\\/\",\"url\":\"https:\\\/\\\/www.hst.cat\\\/es\\\/ciberseguridad\\\/\",\"name\":\"Ciberseguridad\",\"isPartOf\":{\"@id\":\"https:\\\/\\\/www.hst.cat\\\/#website\"},\"datePublished\":\"2023-09-20T10:56:26+00:00\",\"dateModified\":\"2026-01-10T10:42:10+00:00\",\"description\":\"En HST te ayudamos a definir tu plan de seguridad inform\u00e1tica realizando un an\u00e1lisis de riesgos y definiendo un Plan Integral de Seguridad Inform\u00e1tica que mejor se adapte a tus necesidades.\",\"breadcrumb\":{\"@id\":\"https:\\\/\\\/www.hst.cat\\\/es\\\/ciberseguridad\\\/#breadcrumb\"},\"inLanguage\":\"es\",\"potentialAction\":[{\"@type\":\"ReadAction\",\"target\":[\"https:\\\/\\\/www.hst.cat\\\/es\\\/ciberseguridad\\\/\"]}]},{\"@type\":\"BreadcrumbList\",\"@id\":\"https:\\\/\\\/www.hst.cat\\\/es\\\/ciberseguridad\\\/#breadcrumb\",\"itemListElement\":[{\"@type\":\"ListItem\",\"position\":1,\"name\":\"Portada\",\"item\":\"https:\\\/\\\/www.hst.cat\\\/es\\\/\"},{\"@type\":\"ListItem\",\"position\":2,\"name\":\"Ciberseguridad\"}]},{\"@type\":\"WebSite\",\"@id\":\"https:\\\/\\\/www.hst.cat\\\/#website\",\"url\":\"https:\\\/\\\/www.hst.cat\\\/\",\"name\":\"Inform\u00e0tica Lleida HST\",\"description\":\"Oferim serveis d\u2019inform\u00e0tica i noves tecnologies per empreses. Servei t\u00e8cnic, Web, Soft Gesti\u00f3, Xarxes, Consultoria\",\"potentialAction\":[{\"@type\":\"SearchAction\",\"target\":{\"@type\":\"EntryPoint\",\"urlTemplate\":\"https:\\\/\\\/www.hst.cat\\\/?s={search_term_string}\"},\"query-input\":{\"@type\":\"PropertyValueSpecification\",\"valueRequired\":true,\"valueName\":\"search_term_string\"}}],\"inLanguage\":\"es\"}]}<\/script>\n<!-- \/ Yoast SEO plugin. -->","yoast_head_json":{"title":"Ciberseguridad","description":"En HST te ayudamos a definir tu plan de seguridad inform\u00e1tica realizando un an\u00e1lisis de riesgos y definiendo un Plan Integral de Seguridad Inform\u00e1tica que mejor se adapte a tus necesidades.","robots":{"index":"noindex","follow":"follow"},"og_locale":"es_ES","og_type":"article","og_title":"Ciberseguridad","og_description":"En HST te ayudamos a definir tu plan de seguridad inform\u00e1tica realizando un an\u00e1lisis de riesgos y definiendo un Plan Integral de Seguridad Inform\u00e1tica que mejor se adapte a tus necesidades.","og_url":"https:\/\/www.hst.cat\/es\/ciberseguridad\/","og_site_name":"Inform\u00e0tica Lleida HST","article_modified_time":"2026-01-10T10:42:10+00:00","schema":{"@context":"https:\/\/schema.org","@graph":[{"@type":"WebPage","@id":"https:\/\/www.hst.cat\/es\/ciberseguridad\/","url":"https:\/\/www.hst.cat\/es\/ciberseguridad\/","name":"Ciberseguridad","isPartOf":{"@id":"https:\/\/www.hst.cat\/#website"},"datePublished":"2023-09-20T10:56:26+00:00","dateModified":"2026-01-10T10:42:10+00:00","description":"En HST te ayudamos a definir tu plan de seguridad inform\u00e1tica realizando un an\u00e1lisis de riesgos y definiendo un Plan Integral de Seguridad Inform\u00e1tica que mejor se adapte a tus necesidades.","breadcrumb":{"@id":"https:\/\/www.hst.cat\/es\/ciberseguridad\/#breadcrumb"},"inLanguage":"es","potentialAction":[{"@type":"ReadAction","target":["https:\/\/www.hst.cat\/es\/ciberseguridad\/"]}]},{"@type":"BreadcrumbList","@id":"https:\/\/www.hst.cat\/es\/ciberseguridad\/#breadcrumb","itemListElement":[{"@type":"ListItem","position":1,"name":"Portada","item":"https:\/\/www.hst.cat\/es\/"},{"@type":"ListItem","position":2,"name":"Ciberseguridad"}]},{"@type":"WebSite","@id":"https:\/\/www.hst.cat\/#website","url":"https:\/\/www.hst.cat\/","name":"Inform\u00e0tica Lleida HST","description":"Oferim serveis d\u2019inform\u00e0tica i noves tecnologies per empreses. Servei t\u00e8cnic, Web, Soft Gesti\u00f3, Xarxes, Consultoria","potentialAction":[{"@type":"SearchAction","target":{"@type":"EntryPoint","urlTemplate":"https:\/\/www.hst.cat\/?s={search_term_string}"},"query-input":{"@type":"PropertyValueSpecification","valueRequired":true,"valueName":"search_term_string"}}],"inLanguage":"es"}]}},"jetpack_shortlink":"https:\/\/wp.me\/P7Yfwy-5Xc","jetpack_sharing_enabled":true,"_links":{"self":[{"href":"https:\/\/www.hst.cat\/es\/wp-json\/wp\/v2\/pages\/22890","targetHints":{"allow":["GET"]}}],"collection":[{"href":"https:\/\/www.hst.cat\/es\/wp-json\/wp\/v2\/pages"}],"about":[{"href":"https:\/\/www.hst.cat\/es\/wp-json\/wp\/v2\/types\/page"}],"author":[{"embeddable":true,"href":"https:\/\/www.hst.cat\/es\/wp-json\/wp\/v2\/users\/7"}],"replies":[{"embeddable":true,"href":"https:\/\/www.hst.cat\/es\/wp-json\/wp\/v2\/comments?post=22890"}],"version-history":[{"count":3,"href":"https:\/\/www.hst.cat\/es\/wp-json\/wp\/v2\/pages\/22890\/revisions"}],"predecessor-version":[{"id":22942,"href":"https:\/\/www.hst.cat\/es\/wp-json\/wp\/v2\/pages\/22890\/revisions\/22942"}],"wp:attachment":[{"href":"https:\/\/www.hst.cat\/es\/wp-json\/wp\/v2\/media?parent=22890"}],"curies":[{"name":"wp","href":"https:\/\/api.w.org\/{rel}","templated":true}]}}