{"id":27506,"date":"2019-09-25T11:18:52","date_gmt":"2019-09-25T09:18:52","guid":{"rendered":"https:\/\/www.hst.cat\/adequacio-lssice-lleida\/"},"modified":"2024-05-24T13:50:53","modified_gmt":"2024-05-24T11:50:53","slug":"adequacion-lssice-lleida","status":"publish","type":"page","link":"https:\/\/www.hst.cat\/es\/adequacion-lssice-lleida\/","title":{"rendered":"Adequaci\u00f3n LSSICE"},"content":{"rendered":"<div class=\"wpb-content-wrapper\"><p>[vc_row css=\u00bb.vc_custom_1569405072053{margin-top: 75px !important;}\u00bb][vc_column][vc_column_text]<\/p>\n<h2 style=\"text-align: center;\">A HST adaptem la teva web perqu\u00e8 compleixi amb la normativa LSSICE.<\/h2>\n<p>&nbsp;<\/p>\n<p style=\"text-align: center;\">Amb la nostra llarga traject\u00f2ria en la implantaci\u00f3 de la LOPD i LSSICE en tot tipus d&#8217;organitzacions i sectors d&#8217;activitat, a <strong>HST assegurem l&#8217;adequaci\u00f3 a la LSSICE de manera integral i efectiva<\/strong> sense alts costos de temps ni recursos.<\/p>\n<p style=\"text-align: center;\">La LSSICE (34\/2002), <em>Llei de Serveis de la Societat de la Informaci\u00f3 i de Comer\u00e7 Electr\u00f2nic<\/em>, afecta tots els titulars de llocs web, i regula tots els serveis i comunicacions a internet. Totes les empreses, professionals i organitzacions que gestionen dades personals han d\u2019 adaptar-se als principis i obligacions que aquesta normativa declara per tal de garantir els drets dels interessats.<\/p>\n<p style=\"text-align: center;\"><strong>A HST tenim els coneixements necessaris per a adaptar la teva web al LSSICE.<\/strong> El nostre servei \u00e9s fonamentalment presencial i totalment adaptat a les caracter\u00edstiques de cada empresa.<\/p>\n<p style=\"text-align: center;\">Tamb\u00e9 oferim el mateix servei en modalitat online, per\u00f2 nom\u00e9s en aquells casos que el nivell de seguretat de dades sigui b\u00e0sic i l&#8217;activitat de l&#8217;empresa ho permeti, tot aix\u00f2 seguint les indicacions de l&#8217;AEPD.<\/p>\n<p>[\/vc_column_text][\/vc_column][\/vc_row][vc_row css=\u00bb.vc_custom_1569405082052{margin-top: 50px !important;}\u00bb][vc_column][vc_column_text]<\/p>\n<h2 style=\"text-align: center;\">Beneficis<\/h2>\n<p>[\/vc_column_text][\/vc_column][\/vc_row][vc_row][vc_column width=\u00bb1\/4&#8243;]<div class=\"icon_box icon_position_top no_border\"><div class=\"icon_wrapper\"><div class=\"icon\"><i class=\"fas fa-exclamation-circle\" aria-hidden=\"true\"><\/i><\/div><\/div><div class=\"desc_wrapper\"><h4 class=\"title \">Alta capacitat de reacci\u00f3 davant p\u00e8rdues de dades<\/h4><\/div><\/div>\n[\/vc_column][vc_column width=\u00bb1\/4&#8243;]<div class=\"icon_box icon_position_top no_border\"><div class=\"icon_wrapper\"><div class=\"icon\"><i class=\"fas fa-lock\" aria-hidden=\"true\"><\/i><\/div><\/div><div class=\"desc_wrapper\"><h4 class=\"title \">Seguretat inform\u00e0tica<\/h4><\/div><\/div>\n[\/vc_column][vc_column width=\u00bb1\/4&#8243;]<div class=\"icon_box icon_position_top no_border\"><div class=\"icon_wrapper\"><div class=\"icon\"><i class=\"fas fa-user-check\" aria-hidden=\"true\"><\/i><\/div><\/div><div class=\"desc_wrapper\"><h4 class=\"title \">Delimitaci\u00f3 de responsabilitats<\/h4><\/div><\/div>\n[\/vc_column][vc_column width=\u00bb1\/4&#8243;]<div class=\"icon_box icon_position_top no_border\"><div class=\"icon_wrapper\"><div class=\"icon\"><i class=\"fas fa-user-tie\" aria-hidden=\"true\"><\/i><\/div><\/div><div class=\"desc_wrapper\"><h4 class=\"title \">Bona imatge empresarial<\/h4><\/div><\/div>\n[\/vc_column][\/vc_row][vc_row][vc_column][vc_column_text]<\/p>\n<h2 style=\"text-align: center;\">Sancions<\/h2>\n<p>[\/vc_column_text][vc_column_text]<\/p>\n<p style=\"text-align: center;\">Les sancions per no adaptar-se a la LSSICE poden arribar a ser d&#8217;entre 10 i 20 milions d&#8217;euros, o entre el 2 i el 4% del volum de negoci anual global.<\/p>\n<p>[\/vc_column_text][vc_column_text]<\/p>\n<h4 style=\"text-align: center;\">Evita sancions deixant la teva empresa i la seva adaptaci\u00f3 a la LSSICE a mans d\u2019 HST.<\/h4>\n<p>[\/vc_column_text][\/vc_column][\/vc_row][vc_row css=\u00bb.vc_custom_1569406072718{margin-top: 50px !important;}\u00bb][vc_column]\n<div class=\"wpcf7 no-js\" id=\"wpcf7-f11270-o1\" lang=\"ca\" dir=\"ltr\" data-wpcf7-id=\"11270\">\n<div class=\"screen-reader-response\"><p role=\"status\" aria-live=\"polite\" aria-atomic=\"true\"><\/p> <ul><\/ul><\/div>\n<form action=\"\/es\/wp-json\/wp\/v2\/pages\/27506#wpcf7-f11270-o1\" method=\"post\" class=\"wpcf7-form init\" aria-label=\"Formulari de contacte\" novalidate=\"novalidate\" data-status=\"init\">\n<fieldset class=\"hidden-fields-container\"><input type=\"hidden\" name=\"_wpcf7\" value=\"11270\" \/><input type=\"hidden\" name=\"_wpcf7_version\" value=\"6.1.5\" \/><input type=\"hidden\" name=\"_wpcf7_locale\" value=\"ca\" \/><input type=\"hidden\" name=\"_wpcf7_unit_tag\" value=\"wpcf7-f11270-o1\" \/><input type=\"hidden\" name=\"_wpcf7_container_post\" value=\"0\" \/><input type=\"hidden\" name=\"_wpcf7_posted_data_hash\" value=\"\" \/><input type=\"hidden\" name=\"_wpcf7cf_hidden_group_fields\" value=\"[]\" \/><input type=\"hidden\" name=\"_wpcf7cf_hidden_groups\" value=\"[]\" \/><input type=\"hidden\" name=\"_wpcf7cf_visible_groups\" value=\"[]\" \/><input type=\"hidden\" name=\"_wpcf7cf_repeaters\" value=\"[]\" \/><input type=\"hidden\" name=\"_wpcf7cf_steps\" value=\"{}\" \/><input type=\"hidden\" name=\"_wpcf7cf_options\" value=\"{&quot;form_id&quot;:11270,&quot;conditions&quot;:[],&quot;settings&quot;:{&quot;animation&quot;:&quot;yes&quot;,&quot;animation_intime&quot;:200,&quot;animation_outtime&quot;:200,&quot;conditions_ui&quot;:&quot;normal&quot;,&quot;notice_dismissed&quot;:false,&quot;notice_dismissed_rollback-cf7-5.9.2&quot;:true,&quot;notice_dismissed_rollback-cf7-5.9.4&quot;:true,&quot;notice_dismissed_rollback-cf7-5.9.5&quot;:true,&quot;notice_dismissed_rollback-cf7-5.9.6&quot;:true,&quot;notice_dismissed_update-cf7-6.1.4&quot;:true}}\" \/><input type=\"hidden\" name=\"_wpcf7_recaptcha_response\" value=\"\" \/>\n<\/fieldset>\n<h2>SOL\u00b7LICITA INFORMACI\u00d3\n<\/h2>\n<p class=\"column one-third\"><span class=\"wpcf7-form-control-wrap\" data-name=\"your-name\"><input size=\"40\" maxlength=\"400\" class=\"wpcf7-form-control wpcf7-text wpcf7-validates-as-required\" aria-required=\"true\" aria-invalid=\"false\" placeholder=\"Nom\" value=\"\" type=\"text\" name=\"your-name\" \/><\/span>\n<\/p>\n<p class=\"column one-third\"><span class=\"wpcf7-form-control-wrap\" data-name=\"your-email\"><input size=\"40\" maxlength=\"400\" class=\"wpcf7-form-control wpcf7-email wpcf7-validates-as-required wpcf7-text wpcf7-validates-as-email\" aria-required=\"true\" aria-invalid=\"false\" placeholder=\"Email\" value=\"\" type=\"email\" name=\"your-email\" \/><\/span>\n<\/p>\n<p class=\"column one\"><span class=\"wpcf7-form-control-wrap\" data-name=\"your-message\"><textarea cols=\"40\" rows=\"10\" maxlength=\"2000\" class=\"wpcf7-form-control wpcf7-textarea\" aria-invalid=\"false\" placeholder=\"Missatge\" name=\"your-message\"><\/textarea><\/span>\n<\/p>\n<p><span style=\"font-size:13px;\"><br \/>\nTractem les dades que ens facilita amb la finalitat de donar resposta a la consulta sobre els nostres productes i serveis per qualsevol mitj\u00e0 (postal, email o tel\u00e8fon). Les dades proporcionades es conservar\u00e0n mentres no ho soliciteu i no es cediran a tercers, excepte en els casos que s\u2019hagi de fer per una obligaci\u00f3 legal. Vost\u00e8 te dret a obtenir confirmaci\u00f3 sobre si a HST estem tractant les seves dades personals, rectificar les dades inexactes o solicitar la supressi\u00f3 quan ja no siguin necess\u00e0ries per les finalitats que van ser recollides.<\/span>\n<\/p>\n<p><span style=\"font-size:13px;\"><br \/>\nDesitja rebre comunicats de marketing de HST per correu electr\u00f2nic i entenent que les seves dades personals es tractaran com la <a href=\"\/politica-de-privacitat\/\" target=\"_blank\">pol\u00edtica de privacitat<\/a> <\/span>\n<\/p>\n<p><span class=\"wpcf7-form-control-wrap\" data-name=\"RGPD-accepto\"><span class=\"wpcf7-form-control wpcf7-checkbox wpcf7-validates-as-required wpcf7-exclusive-checkbox\"><span class=\"wpcf7-list-item first\"><label><input type=\"checkbox\" name=\"RGPD-accepto\" value=\"Si\" \/><span class=\"wpcf7-list-item-label\">Si<\/span><\/label><\/span><span class=\"wpcf7-list-item last\"><label><input type=\"checkbox\" name=\"RGPD-accepto\" value=\"No, gr\u00e0cies\" \/><span class=\"wpcf7-list-item-label\">No, gr\u00e0cies<\/span><\/label><\/span><\/span><\/span>\n<\/p>\n<p><br clear=\"all\" \/>\n<\/p>\n<p>\n\n<\/p>\n<p><input class=\"wpcf7-form-control wpcf7-submit has-spinner\" type=\"submit\" value=\"Enviar\" \/>\n<\/p><div class=\"wpcf7-response-output\" aria-hidden=\"true\"><\/div>\n<\/form>\n<\/div>\n[\/vc_column][\/vc_row][vc_row][vc_column width=\u00bb1\/6&#8243;][\/vc_column][vc_column width=\u00bb2\/3&#8243;][vc_column_text]<span style=\"color: #808080;\"><i><strong>Potser estaves buscant:<\/strong><br \/>\nAdequar la meva web a la protecci\u00f3 de dades, adequaci\u00f3 de la LSSICE, adequaci\u00f3 de la web, consultoria protecci\u00f3 de dades de la web, RGPD Lleida, consultors en protecci\u00f3 de dades.<\/i><\/span>[\/vc_column_text][\/vc_column][vc_column width=\u00bb1\/6&#8243;][\/vc_column][\/vc_row]<\/p>\n<\/div>","protected":false},"excerpt":{"rendered":"<p>[vc_row css=\u00bb.vc_custom_1569405072053{margin-top: 75px !important;}\u00bb][vc_column][vc_column_text] A HST adaptem la teva web perqu\u00e8 compleixi amb la normativa LSSICE. &nbsp; Amb la nostra llarga traject\u00f2ria en la implantaci\u00f3 de<span class=\"excerpt-hellip\"> [\u2026]<\/span><\/p>\n","protected":false},"author":2,"featured_media":0,"parent":0,"menu_order":0,"comment_status":"closed","ping_status":"closed","template":"","meta":{"footnotes":""},"class_list":["post-27506","page","type-page","status-publish","hentry"],"yoast_head":"<!-- This site is optimized with the Yoast SEO plugin v27.5 - https:\/\/yoast.com\/product\/yoast-seo-wordpress\/ -->\n<title>Adequaci\u00f3 LSSICE lleida<\/title>\n<meta name=\"description\" content=\"A HST assegurem l&#039;adequaci\u00f3 a la LSSICE de manera integral i efectiva sense alts costos de temps ni recursos. Deixa la teva adaptaci\u00f3 a la LSSICE en bones mans.\" \/>\n<meta name=\"robots\" content=\"index, follow, max-snippet:-1, max-image-preview:large, max-video-preview:-1\" \/>\n<link rel=\"canonical\" href=\"https:\/\/www.hst.cat\/es\/adequacion-lssice-lleida\/\" \/>\n<meta property=\"og:locale\" content=\"es_ES\" \/>\n<meta property=\"og:type\" content=\"article\" \/>\n<meta property=\"og:title\" content=\"Adequaci\u00f3 LSSICE lleida\" \/>\n<meta property=\"og:description\" content=\"A HST assegurem l&#039;adequaci\u00f3 a la LSSICE de manera integral i efectiva sense alts costos de temps ni recursos. Deixa la teva adaptaci\u00f3 a la LSSICE en bones mans.\" \/>\n<meta property=\"og:url\" content=\"https:\/\/www.hst.cat\/es\/adequacion-lssice-lleida\/\" \/>\n<meta property=\"og:site_name\" content=\"Inform\u00e0tica Lleida HST\" \/>\n<meta property=\"article:modified_time\" content=\"2024-05-24T11:50:53+00:00\" \/>\n<meta name=\"twitter:label1\" content=\"Tiempo de lectura\" \/>\n\t<meta name=\"twitter:data1\" content=\"2 minutos\" \/>\n<script type=\"application\/ld+json\" class=\"yoast-schema-graph\">{\"@context\":\"https:\\\/\\\/schema.org\",\"@graph\":[{\"@type\":\"WebPage\",\"@id\":\"https:\\\/\\\/www.hst.cat\\\/es\\\/adequacion-lssice-lleida\\\/\",\"url\":\"https:\\\/\\\/www.hst.cat\\\/es\\\/adequacion-lssice-lleida\\\/\",\"name\":\"Adequaci\u00f3 LSSICE lleida\",\"isPartOf\":{\"@id\":\"https:\\\/\\\/www.hst.cat\\\/#website\"},\"datePublished\":\"2019-09-25T09:18:52+00:00\",\"dateModified\":\"2024-05-24T11:50:53+00:00\",\"description\":\"A HST assegurem l'adequaci\u00f3 a la LSSICE de manera integral i efectiva sense alts costos de temps ni recursos. Deixa la teva adaptaci\u00f3 a la LSSICE en bones mans.\",\"breadcrumb\":{\"@id\":\"https:\\\/\\\/www.hst.cat\\\/es\\\/adequacion-lssice-lleida\\\/#breadcrumb\"},\"inLanguage\":\"es\",\"potentialAction\":[{\"@type\":\"ReadAction\",\"target\":[\"https:\\\/\\\/www.hst.cat\\\/es\\\/adequacion-lssice-lleida\\\/\"]}]},{\"@type\":\"BreadcrumbList\",\"@id\":\"https:\\\/\\\/www.hst.cat\\\/es\\\/adequacion-lssice-lleida\\\/#breadcrumb\",\"itemListElement\":[{\"@type\":\"ListItem\",\"position\":1,\"name\":\"Portada\",\"item\":\"https:\\\/\\\/www.hst.cat\\\/es\\\/\"},{\"@type\":\"ListItem\",\"position\":2,\"name\":\"Adequaci\u00f3n LSSICE\"}]},{\"@type\":\"WebSite\",\"@id\":\"https:\\\/\\\/www.hst.cat\\\/#website\",\"url\":\"https:\\\/\\\/www.hst.cat\\\/\",\"name\":\"Inform\u00e0tica Lleida HST\",\"description\":\"Oferim serveis d\u2019inform\u00e0tica i noves tecnologies per empreses. Servei t\u00e8cnic, Web, Soft Gesti\u00f3, Xarxes, Consultoria\",\"potentialAction\":[{\"@type\":\"SearchAction\",\"target\":{\"@type\":\"EntryPoint\",\"urlTemplate\":\"https:\\\/\\\/www.hst.cat\\\/?s={search_term_string}\"},\"query-input\":{\"@type\":\"PropertyValueSpecification\",\"valueRequired\":true,\"valueName\":\"search_term_string\"}}],\"inLanguage\":\"es\"}]}<\/script>\n<!-- \/ Yoast SEO plugin. -->","yoast_head_json":{"title":"Adequaci\u00f3 LSSICE lleida","description":"A HST assegurem l'adequaci\u00f3 a la LSSICE de manera integral i efectiva sense alts costos de temps ni recursos. Deixa la teva adaptaci\u00f3 a la LSSICE en bones mans.","robots":{"index":"index","follow":"follow","max-snippet":"max-snippet:-1","max-image-preview":"max-image-preview:large","max-video-preview":"max-video-preview:-1"},"canonical":"https:\/\/www.hst.cat\/es\/adequacion-lssice-lleida\/","og_locale":"es_ES","og_type":"article","og_title":"Adequaci\u00f3 LSSICE lleida","og_description":"A HST assegurem l'adequaci\u00f3 a la LSSICE de manera integral i efectiva sense alts costos de temps ni recursos. Deixa la teva adaptaci\u00f3 a la LSSICE en bones mans.","og_url":"https:\/\/www.hst.cat\/es\/adequacion-lssice-lleida\/","og_site_name":"Inform\u00e0tica Lleida HST","article_modified_time":"2024-05-24T11:50:53+00:00","twitter_misc":{"Tiempo de lectura":"2 minutos"},"schema":{"@context":"https:\/\/schema.org","@graph":[{"@type":"WebPage","@id":"https:\/\/www.hst.cat\/es\/adequacion-lssice-lleida\/","url":"https:\/\/www.hst.cat\/es\/adequacion-lssice-lleida\/","name":"Adequaci\u00f3 LSSICE lleida","isPartOf":{"@id":"https:\/\/www.hst.cat\/#website"},"datePublished":"2019-09-25T09:18:52+00:00","dateModified":"2024-05-24T11:50:53+00:00","description":"A HST assegurem l'adequaci\u00f3 a la LSSICE de manera integral i efectiva sense alts costos de temps ni recursos. Deixa la teva adaptaci\u00f3 a la LSSICE en bones mans.","breadcrumb":{"@id":"https:\/\/www.hst.cat\/es\/adequacion-lssice-lleida\/#breadcrumb"},"inLanguage":"es","potentialAction":[{"@type":"ReadAction","target":["https:\/\/www.hst.cat\/es\/adequacion-lssice-lleida\/"]}]},{"@type":"BreadcrumbList","@id":"https:\/\/www.hst.cat\/es\/adequacion-lssice-lleida\/#breadcrumb","itemListElement":[{"@type":"ListItem","position":1,"name":"Portada","item":"https:\/\/www.hst.cat\/es\/"},{"@type":"ListItem","position":2,"name":"Adequaci\u00f3n LSSICE"}]},{"@type":"WebSite","@id":"https:\/\/www.hst.cat\/#website","url":"https:\/\/www.hst.cat\/","name":"Inform\u00e0tica Lleida HST","description":"Oferim serveis d\u2019inform\u00e0tica i noves tecnologies per empreses. Servei t\u00e8cnic, Web, Soft Gesti\u00f3, Xarxes, Consultoria","potentialAction":[{"@type":"SearchAction","target":{"@type":"EntryPoint","urlTemplate":"https:\/\/www.hst.cat\/?s={search_term_string}"},"query-input":{"@type":"PropertyValueSpecification","valueRequired":true,"valueName":"search_term_string"}}],"inLanguage":"es"}]}},"jetpack_shortlink":"https:\/\/wp.me\/P7Yfwy-79E","jetpack_sharing_enabled":true,"_links":{"self":[{"href":"https:\/\/www.hst.cat\/es\/wp-json\/wp\/v2\/pages\/27506","targetHints":{"allow":["GET"]}}],"collection":[{"href":"https:\/\/www.hst.cat\/es\/wp-json\/wp\/v2\/pages"}],"about":[{"href":"https:\/\/www.hst.cat\/es\/wp-json\/wp\/v2\/types\/page"}],"author":[{"embeddable":true,"href":"https:\/\/www.hst.cat\/es\/wp-json\/wp\/v2\/users\/2"}],"replies":[{"embeddable":true,"href":"https:\/\/www.hst.cat\/es\/wp-json\/wp\/v2\/comments?post=27506"}],"version-history":[{"count":2,"href":"https:\/\/www.hst.cat\/es\/wp-json\/wp\/v2\/pages\/27506\/revisions"}],"predecessor-version":[{"id":27508,"href":"https:\/\/www.hst.cat\/es\/wp-json\/wp\/v2\/pages\/27506\/revisions\/27508"}],"wp:attachment":[{"href":"https:\/\/www.hst.cat\/es\/wp-json\/wp\/v2\/media?parent=27506"}],"curies":[{"name":"wp","href":"https:\/\/api.w.org\/{rel}","templated":true}]}}