{"id":27509,"date":"2024-05-16T12:00:42","date_gmt":"2024-05-16T10:00:42","guid":{"rendered":"https:\/\/www.hst.cat\/kit-consulting-lleida\/"},"modified":"2024-07-22T12:58:49","modified_gmt":"2024-07-22T10:58:49","slug":"es-kit-consulting-lleida","status":"publish","type":"page","link":"https:\/\/www.hst.cat\/es\/es-kit-consulting-lleida\/","title":{"rendered":"Kit Consulting Lleida"},"content":{"rendered":"","protected":false},"excerpt":{"rendered":"","protected":false},"author":5,"featured_media":0,"parent":0,"menu_order":0,"comment_status":"open","ping_status":"closed","template":"","meta":{"footnotes":""},"class_list":["post-27509","page","type-page","status-publish","hentry"],"yoast_head":"<!-- This site is optimized with the Yoast SEO plugin v27.3 - https:\/\/yoast.com\/product\/yoast-seo-wordpress\/ -->\n<title>Kit Consulting Lleida<\/title>\n<meta name=\"description\" content=\"Consigue tu bonus de asesoramiento digital. Nuevas convocatorias por empresas de entre 10 y 250 trabajadores. Ayudas de hasta 24.000 \u20ac\" \/>\n<meta name=\"robots\" content=\"index, follow, max-snippet:-1, max-image-preview:large, max-video-preview:-1\" \/>\n<link rel=\"canonical\" href=\"https:\/\/www.hst.cat\/es\/es-kit-consulting-lleida\/\" \/>\n<meta property=\"og:locale\" content=\"es_ES\" \/>\n<meta property=\"og:type\" content=\"article\" \/>\n<meta property=\"og:title\" content=\"Kit Consulting Lleida\" \/>\n<meta property=\"og:description\" content=\"Consigue tu bonus de asesoramiento digital. Nuevas convocatorias por empresas de entre 10 y 250 trabajadores. Ayudas de hasta 24.000 \u20ac\" \/>\n<meta property=\"og:url\" content=\"https:\/\/www.hst.cat\/es\/es-kit-consulting-lleida\/\" \/>\n<meta property=\"og:site_name\" content=\"Inform\u00e0tica Lleida HST\" \/>\n<meta property=\"article:modified_time\" content=\"2024-07-22T10:58:49+00:00\" \/>\n<script type=\"application\/ld+json\" class=\"yoast-schema-graph\">{\"@context\":\"https:\\\/\\\/schema.org\",\"@graph\":[{\"@type\":\"WebPage\",\"@id\":\"https:\\\/\\\/www.hst.cat\\\/es\\\/es-kit-consulting-lleida\\\/\",\"url\":\"https:\\\/\\\/www.hst.cat\\\/es\\\/es-kit-consulting-lleida\\\/\",\"name\":\"Kit Consulting Lleida\",\"isPartOf\":{\"@id\":\"https:\\\/\\\/www.hst.cat\\\/#website\"},\"datePublished\":\"2024-05-16T10:00:42+00:00\",\"dateModified\":\"2024-07-22T10:58:49+00:00\",\"description\":\"Consigue tu bonus de asesoramiento digital. Nuevas convocatorias por empresas de entre 10 y 250 trabajadores. Ayudas de hasta 24.000 \u20ac\",\"breadcrumb\":{\"@id\":\"https:\\\/\\\/www.hst.cat\\\/es\\\/es-kit-consulting-lleida\\\/#breadcrumb\"},\"inLanguage\":\"es\",\"potentialAction\":[{\"@type\":\"ReadAction\",\"target\":[\"https:\\\/\\\/www.hst.cat\\\/es\\\/es-kit-consulting-lleida\\\/\"]}]},{\"@type\":\"BreadcrumbList\",\"@id\":\"https:\\\/\\\/www.hst.cat\\\/es\\\/es-kit-consulting-lleida\\\/#breadcrumb\",\"itemListElement\":[{\"@type\":\"ListItem\",\"position\":1,\"name\":\"Portada\",\"item\":\"https:\\\/\\\/www.hst.cat\\\/es\\\/\"},{\"@type\":\"ListItem\",\"position\":2,\"name\":\"Kit Consulting Lleida\"}]},{\"@type\":\"WebSite\",\"@id\":\"https:\\\/\\\/www.hst.cat\\\/#website\",\"url\":\"https:\\\/\\\/www.hst.cat\\\/\",\"name\":\"Inform\u00e0tica Lleida HST\",\"description\":\"Oferim serveis d\u2019inform\u00e0tica i noves tecnologies per empreses. Servei t\u00e8cnic, Web, Soft Gesti\u00f3, Xarxes, Consultoria\",\"potentialAction\":[{\"@type\":\"SearchAction\",\"target\":{\"@type\":\"EntryPoint\",\"urlTemplate\":\"https:\\\/\\\/www.hst.cat\\\/?s={search_term_string}\"},\"query-input\":{\"@type\":\"PropertyValueSpecification\",\"valueRequired\":true,\"valueName\":\"search_term_string\"}}],\"inLanguage\":\"es\"}]}<\/script>\n<!-- \/ Yoast SEO plugin. -->","yoast_head_json":{"title":"Kit Consulting Lleida","description":"Consigue tu bonus de asesoramiento digital. Nuevas convocatorias por empresas de entre 10 y 250 trabajadores. Ayudas de hasta 24.000 \u20ac","robots":{"index":"index","follow":"follow","max-snippet":"max-snippet:-1","max-image-preview":"max-image-preview:large","max-video-preview":"max-video-preview:-1"},"canonical":"https:\/\/www.hst.cat\/es\/es-kit-consulting-lleida\/","og_locale":"es_ES","og_type":"article","og_title":"Kit Consulting Lleida","og_description":"Consigue tu bonus de asesoramiento digital. Nuevas convocatorias por empresas de entre 10 y 250 trabajadores. Ayudas de hasta 24.000 \u20ac","og_url":"https:\/\/www.hst.cat\/es\/es-kit-consulting-lleida\/","og_site_name":"Inform\u00e0tica Lleida HST","article_modified_time":"2024-07-22T10:58:49+00:00","schema":{"@context":"https:\/\/schema.org","@graph":[{"@type":"WebPage","@id":"https:\/\/www.hst.cat\/es\/es-kit-consulting-lleida\/","url":"https:\/\/www.hst.cat\/es\/es-kit-consulting-lleida\/","name":"Kit Consulting Lleida","isPartOf":{"@id":"https:\/\/www.hst.cat\/#website"},"datePublished":"2024-05-16T10:00:42+00:00","dateModified":"2024-07-22T10:58:49+00:00","description":"Consigue tu bonus de asesoramiento digital. Nuevas convocatorias por empresas de entre 10 y 250 trabajadores. Ayudas de hasta 24.000 \u20ac","breadcrumb":{"@id":"https:\/\/www.hst.cat\/es\/es-kit-consulting-lleida\/#breadcrumb"},"inLanguage":"es","potentialAction":[{"@type":"ReadAction","target":["https:\/\/www.hst.cat\/es\/es-kit-consulting-lleida\/"]}]},{"@type":"BreadcrumbList","@id":"https:\/\/www.hst.cat\/es\/es-kit-consulting-lleida\/#breadcrumb","itemListElement":[{"@type":"ListItem","position":1,"name":"Portada","item":"https:\/\/www.hst.cat\/es\/"},{"@type":"ListItem","position":2,"name":"Kit Consulting Lleida"}]},{"@type":"WebSite","@id":"https:\/\/www.hst.cat\/#website","url":"https:\/\/www.hst.cat\/","name":"Inform\u00e0tica Lleida HST","description":"Oferim serveis d\u2019inform\u00e0tica i noves tecnologies per empreses. Servei t\u00e8cnic, Web, Soft Gesti\u00f3, Xarxes, Consultoria","potentialAction":[{"@type":"SearchAction","target":{"@type":"EntryPoint","urlTemplate":"https:\/\/www.hst.cat\/?s={search_term_string}"},"query-input":{"@type":"PropertyValueSpecification","valueRequired":true,"valueName":"search_term_string"}}],"inLanguage":"es"}]}},"jetpack_shortlink":"https:\/\/wp.me\/P7Yfwy-79H","jetpack_sharing_enabled":true,"_links":{"self":[{"href":"https:\/\/www.hst.cat\/es\/wp-json\/wp\/v2\/pages\/27509","targetHints":{"allow":["GET"]}}],"collection":[{"href":"https:\/\/www.hst.cat\/es\/wp-json\/wp\/v2\/pages"}],"about":[{"href":"https:\/\/www.hst.cat\/es\/wp-json\/wp\/v2\/types\/page"}],"author":[{"embeddable":true,"href":"https:\/\/www.hst.cat\/es\/wp-json\/wp\/v2\/users\/5"}],"replies":[{"embeddable":true,"href":"https:\/\/www.hst.cat\/es\/wp-json\/wp\/v2\/comments?post=27509"}],"version-history":[{"count":1,"href":"https:\/\/www.hst.cat\/es\/wp-json\/wp\/v2\/pages\/27509\/revisions"}],"predecessor-version":[{"id":27510,"href":"https:\/\/www.hst.cat\/es\/wp-json\/wp\/v2\/pages\/27509\/revisions\/27510"}],"wp:attachment":[{"href":"https:\/\/www.hst.cat\/es\/wp-json\/wp\/v2\/media?parent=27509"}],"curies":[{"name":"wp","href":"https:\/\/api.w.org\/{rel}","templated":true}]}}