{"id":2763,"date":"2014-09-22T08:49:09","date_gmt":"2014-09-22T06:49:09","guid":{"rendered":"http:\/\/hst.cat\/?page_id=2763"},"modified":"2025-05-20T22:38:11","modified_gmt":"2025-05-20T20:38:11","slug":"empresa-informatica-lleida","status":"publish","type":"page","link":"https:\/\/www.hst.cat\/es\/empresa-informatica-lleida\/","title":{"rendered":"Empresa Inform\u00e0tica Lleida"},"content":{"rendered":"<p><\/p>\n","protected":false},"excerpt":{"rendered":"","protected":false},"author":5,"featured_media":0,"parent":0,"menu_order":0,"comment_status":"open","ping_status":"open","template":"","meta":{"footnotes":""},"class_list":["post-2763","page","type-page","status-publish","hentry"],"yoast_head":"<!-- This site is optimized with the Yoast SEO plugin v27.5 - https:\/\/yoast.com\/product\/yoast-seo-wordpress\/ -->\n<title>Empresa Informatica Lleida<\/title>\n<meta name=\"description\" content=\"Empresa dedicada a la consultoria i implantaci\u00f3 de sistemes inform\u00e0tics a Lleida, aix\u00ed com sistemes de seguretat i comunicacions.\" \/>\n<meta name=\"robots\" content=\"index, follow, max-snippet:-1, max-image-preview:large, max-video-preview:-1\" \/>\n<link rel=\"canonical\" href=\"https:\/\/www.hst.cat\/es\/empresa-informatica-lleida\/\" \/>\n<meta property=\"og:locale\" content=\"es_ES\" \/>\n<meta property=\"og:type\" content=\"article\" \/>\n<meta property=\"og:title\" content=\"Empresa Informatica Lleida\" \/>\n<meta property=\"og:description\" content=\"Empresa dedicada a la consultoria i implantaci\u00f3 de sistemes inform\u00e0tics a Lleida, aix\u00ed com sistemes de seguretat i comunicacions.\" \/>\n<meta property=\"og:url\" content=\"https:\/\/www.hst.cat\/es\/empresa-informatica-lleida\/\" \/>\n<meta property=\"og:site_name\" content=\"Inform\u00e0tica Lleida HST\" \/>\n<meta property=\"article:modified_time\" content=\"2025-05-20T20:38:11+00:00\" \/>\n<meta name=\"twitter:label1\" content=\"Tiempo de lectura\" \/>\n\t<meta name=\"twitter:data1\" content=\"1 minuto\" \/>\n<script type=\"application\/ld+json\" class=\"yoast-schema-graph\">{\"@context\":\"https:\\\/\\\/schema.org\",\"@graph\":[{\"@type\":\"WebPage\",\"@id\":\"https:\\\/\\\/www.hst.cat\\\/es\\\/empresa-informatica-lleida\\\/\",\"url\":\"https:\\\/\\\/www.hst.cat\\\/es\\\/empresa-informatica-lleida\\\/\",\"name\":\"Empresa Informatica Lleida\",\"isPartOf\":{\"@id\":\"https:\\\/\\\/www.hst.cat\\\/#website\"},\"datePublished\":\"2014-09-22T06:49:09+00:00\",\"dateModified\":\"2025-05-20T20:38:11+00:00\",\"description\":\"Empresa dedicada a la consultoria i implantaci\u00f3 de sistemes inform\u00e0tics a Lleida, aix\u00ed com sistemes de seguretat i comunicacions.\",\"breadcrumb\":{\"@id\":\"https:\\\/\\\/www.hst.cat\\\/es\\\/empresa-informatica-lleida\\\/#breadcrumb\"},\"inLanguage\":\"es\",\"potentialAction\":[{\"@type\":\"ReadAction\",\"target\":[\"https:\\\/\\\/www.hst.cat\\\/es\\\/empresa-informatica-lleida\\\/\"]}]},{\"@type\":\"BreadcrumbList\",\"@id\":\"https:\\\/\\\/www.hst.cat\\\/es\\\/empresa-informatica-lleida\\\/#breadcrumb\",\"itemListElement\":[{\"@type\":\"ListItem\",\"position\":1,\"name\":\"Portada\",\"item\":\"https:\\\/\\\/www.hst.cat\\\/es\\\/\"},{\"@type\":\"ListItem\",\"position\":2,\"name\":\"Empresa Inform\u00e0tica Lleida\"}]},{\"@type\":\"WebSite\",\"@id\":\"https:\\\/\\\/www.hst.cat\\\/#website\",\"url\":\"https:\\\/\\\/www.hst.cat\\\/\",\"name\":\"Inform\u00e0tica Lleida HST\",\"description\":\"Oferim serveis d\u2019inform\u00e0tica i noves tecnologies per empreses. Servei t\u00e8cnic, Web, Soft Gesti\u00f3, Xarxes, Consultoria\",\"potentialAction\":[{\"@type\":\"SearchAction\",\"target\":{\"@type\":\"EntryPoint\",\"urlTemplate\":\"https:\\\/\\\/www.hst.cat\\\/?s={search_term_string}\"},\"query-input\":{\"@type\":\"PropertyValueSpecification\",\"valueRequired\":true,\"valueName\":\"search_term_string\"}}],\"inLanguage\":\"es\"}]}<\/script>\n<!-- \/ Yoast SEO plugin. -->","yoast_head_json":{"title":"Empresa Informatica Lleida","description":"Empresa dedicada a la consultoria i implantaci\u00f3 de sistemes inform\u00e0tics a Lleida, aix\u00ed com sistemes de seguretat i comunicacions.","robots":{"index":"index","follow":"follow","max-snippet":"max-snippet:-1","max-image-preview":"max-image-preview:large","max-video-preview":"max-video-preview:-1"},"canonical":"https:\/\/www.hst.cat\/es\/empresa-informatica-lleida\/","og_locale":"es_ES","og_type":"article","og_title":"Empresa Informatica Lleida","og_description":"Empresa dedicada a la consultoria i implantaci\u00f3 de sistemes inform\u00e0tics a Lleida, aix\u00ed com sistemes de seguretat i comunicacions.","og_url":"https:\/\/www.hst.cat\/es\/empresa-informatica-lleida\/","og_site_name":"Inform\u00e0tica Lleida HST","article_modified_time":"2025-05-20T20:38:11+00:00","twitter_misc":{"Tiempo de lectura":"1 minuto"},"schema":{"@context":"https:\/\/schema.org","@graph":[{"@type":"WebPage","@id":"https:\/\/www.hst.cat\/es\/empresa-informatica-lleida\/","url":"https:\/\/www.hst.cat\/es\/empresa-informatica-lleida\/","name":"Empresa Informatica Lleida","isPartOf":{"@id":"https:\/\/www.hst.cat\/#website"},"datePublished":"2014-09-22T06:49:09+00:00","dateModified":"2025-05-20T20:38:11+00:00","description":"Empresa dedicada a la consultoria i implantaci\u00f3 de sistemes inform\u00e0tics a Lleida, aix\u00ed com sistemes de seguretat i comunicacions.","breadcrumb":{"@id":"https:\/\/www.hst.cat\/es\/empresa-informatica-lleida\/#breadcrumb"},"inLanguage":"es","potentialAction":[{"@type":"ReadAction","target":["https:\/\/www.hst.cat\/es\/empresa-informatica-lleida\/"]}]},{"@type":"BreadcrumbList","@id":"https:\/\/www.hst.cat\/es\/empresa-informatica-lleida\/#breadcrumb","itemListElement":[{"@type":"ListItem","position":1,"name":"Portada","item":"https:\/\/www.hst.cat\/es\/"},{"@type":"ListItem","position":2,"name":"Empresa Inform\u00e0tica Lleida"}]},{"@type":"WebSite","@id":"https:\/\/www.hst.cat\/#website","url":"https:\/\/www.hst.cat\/","name":"Inform\u00e0tica Lleida HST","description":"Oferim serveis d\u2019inform\u00e0tica i noves tecnologies per empreses. Servei t\u00e8cnic, Web, Soft Gesti\u00f3, Xarxes, Consultoria","potentialAction":[{"@type":"SearchAction","target":{"@type":"EntryPoint","urlTemplate":"https:\/\/www.hst.cat\/?s={search_term_string}"},"query-input":{"@type":"PropertyValueSpecification","valueRequired":true,"valueName":"search_term_string"}}],"inLanguage":"es"}]}},"jetpack_shortlink":"https:\/\/wp.me\/P7Yfwy-Iz","jetpack_sharing_enabled":true,"_links":{"self":[{"href":"https:\/\/www.hst.cat\/es\/wp-json\/wp\/v2\/pages\/2763","targetHints":{"allow":["GET"]}}],"collection":[{"href":"https:\/\/www.hst.cat\/es\/wp-json\/wp\/v2\/pages"}],"about":[{"href":"https:\/\/www.hst.cat\/es\/wp-json\/wp\/v2\/types\/page"}],"author":[{"embeddable":true,"href":"https:\/\/www.hst.cat\/es\/wp-json\/wp\/v2\/users\/5"}],"replies":[{"embeddable":true,"href":"https:\/\/www.hst.cat\/es\/wp-json\/wp\/v2\/comments?post=2763"}],"version-history":[{"count":23,"href":"https:\/\/www.hst.cat\/es\/wp-json\/wp\/v2\/pages\/2763\/revisions"}],"predecessor-version":[{"id":22927,"href":"https:\/\/www.hst.cat\/es\/wp-json\/wp\/v2\/pages\/2763\/revisions\/22927"}],"wp:attachment":[{"href":"https:\/\/www.hst.cat\/es\/wp-json\/wp\/v2\/media?parent=2763"}],"curies":[{"name":"wp","href":"https:\/\/api.w.org\/{rel}","templated":true}]}}