{"id":2861,"date":"2015-08-26T11:13:04","date_gmt":"2015-08-26T09:13:04","guid":{"rendered":"http:\/\/hst.cat\/servei-tecnic-hardware-2\/"},"modified":"2022-03-25T11:53:15","modified_gmt":"2022-03-25T10:53:15","slug":"servei-tecnic-hardware","status":"publish","type":"page","link":"https:\/\/www.hst.cat\/es\/servei-tecnic-hardware\/","title":{"rendered":"Servicio t\u00e9cnico de Hardware"},"content":{"rendered":"<div class=\"wpb-content-wrapper\"><p>[vc_row full_width=\u00bbstretch_row\u00bb css=\u00bb.vc_custom_1423242505970{background-image: url(https:\/\/www.hst.cat\/wp-content\/uploads\/slider-background-lila.jpg?id=555) !important;background-position: center !important;background-repeat: no-repeat !important;background-size: cover !important;}\u00bb][vc_column width=\u00bb1\/2&#8243;][vc_single_image image=\u00bb2857&#8243; img_size=\u00bbfull\u00bb alignment=\u00bbcenter\u00bb css=\u00bb.vc_custom_1440582271438{margin-top: 30px !important;}\u00bb][\/vc_column][vc_column width=\u00bb1\/2&#8243;][vc_column_text css=\u00bb.vc_custom_1613122619716{padding-top: 30px !important;padding-bottom: 30px !important;}\u00bb]<\/p>\n<h2>Servicio t\u00e9cnico de Hardware para empresas<\/h2>\n<h4><\/h4>\n<h4><\/h4>\n<h4><strong>El servicio t\u00e9cnico\u00a0de HST est\u00e1 formado por profesionales especializados y con una amplia experiencia en el sector.<\/strong><\/h4>\n<p>Trabajamos con los principales fabricantes de Hardware y intentamos dar una soluci\u00f3n con el menor tiempo posibles siempre que est\u00e9 en nuestras manos.<\/p>\n<p><span style=\"font-weight: 400;\">Realizamos todo tipo de reparaciones en entornos Windows, ya sean problemas de software (Errores en Windows, virus, troyanos, configuraci\u00f3n del correo electr\u00f3nico, etc.)\u00a0como de hardware (No arranca el ordenador, ruidos estra\u00f1os, fallo en el disco duro, etc.).\u00a0<\/span><\/p>\n<p><span style=\"font-weight: 400;\">Acerca tu aparato a nuestras instalaciones o pregunta por el servicio t\u00e9cnico a domicilio para empresas.<\/span><\/p>\n<h4>Efectuamos servicio t\u00e9cnico de fabricantes como HP, Lenovo, Asus, Samsung, Toshiba, Microsoft, Acer, Dell, Sony, Mac, &#8230;<\/h4>\n<h4><strong>\u00a1Deja las reparaciones en manos de profesionales!<\/strong><\/h4>\n<h4><\/h4>\n<p>[\/vc_column_text][\/vc_column][\/vc_row][vc_row][vc_column width=\u00bb2\/3&#8243; css=\u00bb.vc_custom_1422807004299{padding-right: 60px !important;}\u00bb][vc_column_text]<\/p>\n<h3>Servicios y reparaciones m\u00e1s comunes<\/h3>\n<p><span style=\"font-weight: 400;\">Instalaci\u00f3n y actualizaci\u00f3n de antivirus, eliminaci\u00f3n de virus, recuperaci\u00f3n de datos, reparaci\u00f3n y cambio de fuentes de alimentaci\u00f3n, problemas de conexi\u00f3n a internet, reparaci\u00f3n y cambio de placas\u00a0base, instalaci\u00f3n y configuraci\u00f3n de software, etc.<\/span><\/p>\n<p><span style=\"font-weight: 400;\">Reparaciones de ordenadores de sobremesa, reparaciones de port\u00e1tiles, reparaciones de tablets, reparaciones de impresoras, reparaciones de servidores, reparaciones de discos duros, etc.<\/span><\/p>\n<h3>Asesoramiento<\/h3>\n<p>Asesoramos al cliente para la adquisici\u00f3n de los mejores equipos inform\u00e1ticos y perif\u00e9ricos.\u00a0 Te informamos de las novedades del mercado que te puedan encajar en cada momento. Somos <a href=\"\/es\/consultoria-tecnologica-lleida\/\">consultores inform\u00e1ticos<\/a>.<\/p>\n<h3>Marcas<\/h3>\n<p>Trabajamos con los principales fabricantes como: LENOVO, ACER, SAMSUNG, TOSHIBA, MICROSOFT, HP, ASUS, DELL, SONY, MAC, &#8230;<\/p>\n<h3>Suministro<\/h3>\n<p>Suministramos todo tipo de equipos\u00a0(ordenadores, port\u00e1tiles, servidores, tpvs, impresoras,&#8230;),\u00a0y accesorios inform\u00e1ticos.<\/p>\n<h3><\/h3>\n<p>[\/vc_column_text][\/vc_column][vc_column width=\u00bb1\/3&#8243;]\n<div class=\"wpcf7 no-js\" id=\"wpcf7-f1621-o1\" lang=\"es-ES\" dir=\"ltr\" data-wpcf7-id=\"1621\">\n<div class=\"screen-reader-response\"><p role=\"status\" aria-live=\"polite\" aria-atomic=\"true\"><\/p> <ul><\/ul><\/div>\n<form action=\"\/es\/wp-json\/wp\/v2\/pages\/2861#wpcf7-f1621-o1\" method=\"post\" class=\"wpcf7-form init\" aria-label=\"Formulario de contacto\" novalidate=\"novalidate\" data-status=\"init\">\n<fieldset class=\"hidden-fields-container\"><input type=\"hidden\" name=\"_wpcf7\" value=\"1621\" \/><input type=\"hidden\" name=\"_wpcf7_version\" value=\"6.1.5\" \/><input type=\"hidden\" name=\"_wpcf7_locale\" value=\"es_ES\" \/><input type=\"hidden\" name=\"_wpcf7_unit_tag\" value=\"wpcf7-f1621-o1\" \/><input type=\"hidden\" name=\"_wpcf7_container_post\" value=\"0\" \/><input type=\"hidden\" name=\"_wpcf7_posted_data_hash\" value=\"\" \/><input type=\"hidden\" name=\"_wpcf7cf_hidden_group_fields\" value=\"[]\" \/><input type=\"hidden\" name=\"_wpcf7cf_hidden_groups\" value=\"[]\" \/><input type=\"hidden\" name=\"_wpcf7cf_visible_groups\" value=\"[]\" \/><input type=\"hidden\" name=\"_wpcf7cf_repeaters\" value=\"[]\" \/><input type=\"hidden\" name=\"_wpcf7cf_steps\" value=\"{}\" \/><input type=\"hidden\" name=\"_wpcf7cf_options\" value=\"{&quot;form_id&quot;:1621,&quot;conditions&quot;:[],&quot;settings&quot;:{&quot;animation&quot;:&quot;yes&quot;,&quot;animation_intime&quot;:200,&quot;animation_outtime&quot;:200,&quot;conditions_ui&quot;:&quot;normal&quot;,&quot;notice_dismissed&quot;:false,&quot;notice_dismissed_rollback-cf7-5.9.2&quot;:true,&quot;notice_dismissed_rollback-cf7-5.9.4&quot;:true,&quot;notice_dismissed_rollback-cf7-5.9.5&quot;:true,&quot;notice_dismissed_rollback-cf7-5.9.6&quot;:true,&quot;notice_dismissed_update-cf7-6.1.4&quot;:true}}\" \/><input type=\"hidden\" name=\"_wpcf7_recaptcha_response\" value=\"\" \/>\n<\/fieldset>\n<p><span class=\"wpcf7-form-control-wrap\" data-name=\"your-name\"><input size=\"40\" maxlength=\"400\" class=\"wpcf7-form-control wpcf7-text wpcf7-validates-as-required\" aria-required=\"true\" aria-invalid=\"false\" placeholder=\"Nombre\" value=\"\" type=\"text\" name=\"your-name\" \/><\/span>\n<\/p>\n<p><span class=\"wpcf7-form-control-wrap\" data-name=\"your-email\"><input size=\"40\" maxlength=\"400\" class=\"wpcf7-form-control wpcf7-email wpcf7-validates-as-required wpcf7-text wpcf7-validates-as-email\" aria-required=\"true\" aria-invalid=\"false\" placeholder=\"Email\" value=\"\" type=\"email\" name=\"your-email\" \/><\/span>\n<\/p>\n<p><span class=\"wpcf7-form-control-wrap\" data-name=\"your-message\"><textarea cols=\"40\" rows=\"10\" maxlength=\"2000\" class=\"wpcf7-form-control wpcf7-textarea\" aria-invalid=\"false\" placeholder=\"Mensaje\" name=\"your-message\"><\/textarea><\/span>\n<\/p>\n<p><span style=\"font-size:13px;\"><br \/>\nTratamos los datos que nos facilita con el fin de dar respuesta a la consulta sobre nuestros productos y servicios por cualquier medio (postal, email o tel\u00e9fono). Los datos proporcionados se conservar\u00e1n mientras no solicite el cese de la actividad. Los datos no se ceder\u00e1n a terceros salvo en los casos en que exista una obligaci\u00f3n legal. Usted tiene derecho a obtener confirmaci\u00f3n sobre si en HST estamos tratando sus datos personales por tanto tiene derecho a acceder a sus datos personales, rectificar los datos inexactos o solicitar su supresi\u00f3n cuando los datos ya no sean necesarios para los fines que fueron recogidos.<\/span>\n<\/p>\n<p><span style=\"font-size:13px;\"><br \/>\nDesea recibir comunicados de marketing de HST por correo electr\u00f3nico y entendiendo que sus datos personales se tratar\u00e1n como la <a href=\"\/politica-de-privacitat\/\" target=\"_blank\">pol\u00edtica de privacidad<\/a> <\/span>\n<\/p>\n<p><span class=\"wpcf7-form-control-wrap\" data-name=\"RGPD-accepto\"><span class=\"wpcf7-form-control wpcf7-checkbox wpcf7-validates-as-required wpcf7-exclusive-checkbox\"><span class=\"wpcf7-list-item first\"><label><input type=\"checkbox\" name=\"RGPD-accepto\" value=\"Si\" \/><span class=\"wpcf7-list-item-label\">Si<\/span><\/label><\/span><span class=\"wpcf7-list-item last\"><label><input type=\"checkbox\" name=\"RGPD-accepto\" value=\"No, gracias\" \/><span class=\"wpcf7-list-item-label\">No, gracias<\/span><\/label><\/span><\/span><\/span>\n<\/p>\n<p><br clear=\"all\" \/>\n<\/p>\n<p>\n\n<\/p>\n<p><input class=\"wpcf7-form-control wpcf7-submit has-spinner\" type=\"submit\" value=\"Enviar\" \/>\n<\/p><div class=\"wpcf7-response-output\" aria-hidden=\"true\"><\/div>\n<\/form>\n<\/div>\n[\/vc_column][\/vc_row][vc_row][vc_column][vc_column_text]<b>Quiz\u00e1s estabas buscando:<\/b><\/p>\n<p><em>Reparar ordenador sobremesa Lleida, reparar torre Lleida, reparar port\u00e1til Lleida, servicio t\u00e9cnico port\u00e1tiles Lleida, servicio t\u00e9cnico ordenadores Lleida, reparaci\u00f3n port\u00e1tiles Lleida, reparaci\u00f3n ordenadores Lleida, servicio t\u00e9cnico ordenadores Samsung, servicio t\u00e9cnico ordenadores Lenovo, servicio t\u00e9cnico ordenadores Asus, servicio t\u00e9cnico ordenadores Acer , servicio t\u00e9cnico ordenadores HP, servicio t\u00e9cnico ordenadores Toshiba, servicio t\u00e9cnico ordenadores Dell, servicio t\u00e9cnico ordenadores Sony, servicio t\u00e9cnico ordenadores Mac, reparaci\u00f3n tablets Lleida.<\/em>[\/vc_column_text][\/vc_column][\/vc_row]<\/p>\n<\/div>","protected":false},"excerpt":{"rendered":"<p>[vc_row full_width=\u00bbstretch_row\u00bb css=\u00bb.vc_custom_1423242505970{background-image: url(https:\/\/www.hst.cat\/wp-content\/uploads\/slider-background-lila.jpg?id=555) !important;background-position: center !important;background-repeat: no-repeat !important;background-size: cover !important;}\u00bb][vc_column width=\u00bb1\/2&#8243;][vc_single_image image=\u00bb2857&#8243; img_size=\u00bbfull\u00bb alignment=\u00bbcenter\u00bb css=\u00bb.vc_custom_1440582271438{margin-top: 30px !important;}\u00bb][\/vc_column][vc_column width=\u00bb1\/2&#8243;][vc_column_text css=\u00bb.vc_custom_1613122619716{padding-top: 30px !important;padding-bottom: 30px !important;}\u00bb] Servicio t\u00e9cnico<span class=\"excerpt-hellip\"> [\u2026]<\/span><\/p>\n","protected":false},"author":5,"featured_media":0,"parent":0,"menu_order":0,"comment_status":"open","ping_status":"closed","template":"","meta":{"footnotes":""},"class_list":["post-2861","page","type-page","status-publish","hentry"],"yoast_head":"<!-- This site is optimized with the Yoast SEO plugin v27.5 - https:\/\/yoast.com\/product\/yoast-seo-wordpress\/ -->\n<title>Reparaci\u00f3n ordenadores Lleida<\/title>\n<meta name=\"description\" content=\"Servicio t\u00e9cnico de HST especializado en reparaci\u00f3n de ordenadores, reparaci\u00f3n de port\u00e1tiles, reparaci\u00f3n de impresoras, reparaci\u00f3n de servidores, tablets.\" \/>\n<meta name=\"robots\" content=\"index, follow, max-snippet:-1, max-image-preview:large, max-video-preview:-1\" \/>\n<link rel=\"canonical\" href=\"https:\/\/www.hst.cat\/es\/servei-tecnic-hardware\/\" \/>\n<meta property=\"og:locale\" content=\"es_ES\" \/>\n<meta property=\"og:type\" content=\"article\" \/>\n<meta property=\"og:title\" content=\"Reparaci\u00f3n ordenadores Lleida\" \/>\n<meta property=\"og:description\" content=\"Servicio t\u00e9cnico de HST especializado en reparaci\u00f3n de ordenadores, reparaci\u00f3n de port\u00e1tiles, reparaci\u00f3n de impresoras, reparaci\u00f3n de servidores, tablets.\" \/>\n<meta property=\"og:url\" content=\"https:\/\/www.hst.cat\/es\/servei-tecnic-hardware\/\" \/>\n<meta property=\"og:site_name\" content=\"Inform\u00e0tica Lleida HST\" \/>\n<meta property=\"article:modified_time\" content=\"2022-03-25T10:53:15+00:00\" \/>\n<meta name=\"twitter:label1\" content=\"Tiempo de lectura\" \/>\n\t<meta name=\"twitter:data1\" content=\"2 minutos\" \/>\n<script type=\"application\/ld+json\" class=\"yoast-schema-graph\">{\"@context\":\"https:\\\/\\\/schema.org\",\"@graph\":[{\"@type\":\"WebPage\",\"@id\":\"https:\\\/\\\/www.hst.cat\\\/es\\\/servei-tecnic-hardware\\\/\",\"url\":\"https:\\\/\\\/www.hst.cat\\\/es\\\/servei-tecnic-hardware\\\/\",\"name\":\"Reparaci\u00f3n ordenadores Lleida\",\"isPartOf\":{\"@id\":\"https:\\\/\\\/www.hst.cat\\\/#website\"},\"datePublished\":\"2015-08-26T09:13:04+00:00\",\"dateModified\":\"2022-03-25T10:53:15+00:00\",\"description\":\"Servicio t\u00e9cnico de HST especializado en reparaci\u00f3n de ordenadores, reparaci\u00f3n de port\u00e1tiles, reparaci\u00f3n de impresoras, reparaci\u00f3n de servidores, tablets.\",\"breadcrumb\":{\"@id\":\"https:\\\/\\\/www.hst.cat\\\/es\\\/servei-tecnic-hardware\\\/#breadcrumb\"},\"inLanguage\":\"es\",\"potentialAction\":[{\"@type\":\"ReadAction\",\"target\":[\"https:\\\/\\\/www.hst.cat\\\/es\\\/servei-tecnic-hardware\\\/\"]}]},{\"@type\":\"BreadcrumbList\",\"@id\":\"https:\\\/\\\/www.hst.cat\\\/es\\\/servei-tecnic-hardware\\\/#breadcrumb\",\"itemListElement\":[{\"@type\":\"ListItem\",\"position\":1,\"name\":\"Portada\",\"item\":\"https:\\\/\\\/www.hst.cat\\\/es\\\/\"},{\"@type\":\"ListItem\",\"position\":2,\"name\":\"Servicio t\u00e9cnico de Hardware\"}]},{\"@type\":\"WebSite\",\"@id\":\"https:\\\/\\\/www.hst.cat\\\/#website\",\"url\":\"https:\\\/\\\/www.hst.cat\\\/\",\"name\":\"Inform\u00e0tica Lleida HST\",\"description\":\"Oferim serveis d\u2019inform\u00e0tica i noves tecnologies per empreses. Servei t\u00e8cnic, Web, Soft Gesti\u00f3, Xarxes, Consultoria\",\"potentialAction\":[{\"@type\":\"SearchAction\",\"target\":{\"@type\":\"EntryPoint\",\"urlTemplate\":\"https:\\\/\\\/www.hst.cat\\\/?s={search_term_string}\"},\"query-input\":{\"@type\":\"PropertyValueSpecification\",\"valueRequired\":true,\"valueName\":\"search_term_string\"}}],\"inLanguage\":\"es\"}]}<\/script>\n<!-- \/ Yoast SEO plugin. -->","yoast_head_json":{"title":"Reparaci\u00f3n ordenadores Lleida","description":"Servicio t\u00e9cnico de HST especializado en reparaci\u00f3n de ordenadores, reparaci\u00f3n de port\u00e1tiles, reparaci\u00f3n de impresoras, reparaci\u00f3n de servidores, tablets.","robots":{"index":"index","follow":"follow","max-snippet":"max-snippet:-1","max-image-preview":"max-image-preview:large","max-video-preview":"max-video-preview:-1"},"canonical":"https:\/\/www.hst.cat\/es\/servei-tecnic-hardware\/","og_locale":"es_ES","og_type":"article","og_title":"Reparaci\u00f3n ordenadores Lleida","og_description":"Servicio t\u00e9cnico de HST especializado en reparaci\u00f3n de ordenadores, reparaci\u00f3n de port\u00e1tiles, reparaci\u00f3n de impresoras, reparaci\u00f3n de servidores, tablets.","og_url":"https:\/\/www.hst.cat\/es\/servei-tecnic-hardware\/","og_site_name":"Inform\u00e0tica Lleida HST","article_modified_time":"2022-03-25T10:53:15+00:00","twitter_misc":{"Tiempo de lectura":"2 minutos"},"schema":{"@context":"https:\/\/schema.org","@graph":[{"@type":"WebPage","@id":"https:\/\/www.hst.cat\/es\/servei-tecnic-hardware\/","url":"https:\/\/www.hst.cat\/es\/servei-tecnic-hardware\/","name":"Reparaci\u00f3n ordenadores Lleida","isPartOf":{"@id":"https:\/\/www.hst.cat\/#website"},"datePublished":"2015-08-26T09:13:04+00:00","dateModified":"2022-03-25T10:53:15+00:00","description":"Servicio t\u00e9cnico de HST especializado en reparaci\u00f3n de ordenadores, reparaci\u00f3n de port\u00e1tiles, reparaci\u00f3n de impresoras, reparaci\u00f3n de servidores, tablets.","breadcrumb":{"@id":"https:\/\/www.hst.cat\/es\/servei-tecnic-hardware\/#breadcrumb"},"inLanguage":"es","potentialAction":[{"@type":"ReadAction","target":["https:\/\/www.hst.cat\/es\/servei-tecnic-hardware\/"]}]},{"@type":"BreadcrumbList","@id":"https:\/\/www.hst.cat\/es\/servei-tecnic-hardware\/#breadcrumb","itemListElement":[{"@type":"ListItem","position":1,"name":"Portada","item":"https:\/\/www.hst.cat\/es\/"},{"@type":"ListItem","position":2,"name":"Servicio t\u00e9cnico de Hardware"}]},{"@type":"WebSite","@id":"https:\/\/www.hst.cat\/#website","url":"https:\/\/www.hst.cat\/","name":"Inform\u00e0tica Lleida HST","description":"Oferim serveis d\u2019inform\u00e0tica i noves tecnologies per empreses. Servei t\u00e8cnic, Web, Soft Gesti\u00f3, Xarxes, Consultoria","potentialAction":[{"@type":"SearchAction","target":{"@type":"EntryPoint","urlTemplate":"https:\/\/www.hst.cat\/?s={search_term_string}"},"query-input":{"@type":"PropertyValueSpecification","valueRequired":true,"valueName":"search_term_string"}}],"inLanguage":"es"}]}},"jetpack_shortlink":"https:\/\/wp.me\/P7Yfwy-K9","jetpack_sharing_enabled":true,"_links":{"self":[{"href":"https:\/\/www.hst.cat\/es\/wp-json\/wp\/v2\/pages\/2861","targetHints":{"allow":["GET"]}}],"collection":[{"href":"https:\/\/www.hst.cat\/es\/wp-json\/wp\/v2\/pages"}],"about":[{"href":"https:\/\/www.hst.cat\/es\/wp-json\/wp\/v2\/types\/page"}],"author":[{"embeddable":true,"href":"https:\/\/www.hst.cat\/es\/wp-json\/wp\/v2\/users\/5"}],"replies":[{"embeddable":true,"href":"https:\/\/www.hst.cat\/es\/wp-json\/wp\/v2\/comments?post=2861"}],"version-history":[{"count":7,"href":"https:\/\/www.hst.cat\/es\/wp-json\/wp\/v2\/pages\/2861\/revisions"}],"predecessor-version":[{"id":19461,"href":"https:\/\/www.hst.cat\/es\/wp-json\/wp\/v2\/pages\/2861\/revisions\/19461"}],"wp:attachment":[{"href":"https:\/\/www.hst.cat\/es\/wp-json\/wp\/v2\/media?parent=2861"}],"curies":[{"name":"wp","href":"https:\/\/api.w.org\/{rel}","templated":true}]}}