{"id":3112,"date":"2015-11-09T14:09:08","date_gmt":"2015-11-09T13:09:08","guid":{"rendered":"http:\/\/hst.cat\/es\/enquesta\/"},"modified":"2022-03-25T11:50:16","modified_gmt":"2022-03-25T10:50:16","slug":"encuesta","status":"publish","type":"page","link":"https:\/\/www.hst.cat\/es\/encuesta\/","title":{"rendered":"Nos interesa mucho tu opini\u00f3n!"},"content":{"rendered":"<div class=\"wpb-content-wrapper\"><p>[vc_row full_width=\u00bbstretch_row_content_no_spaces\u00bb css=\u00bb.vc_custom_1447071112069{padding-top: 40px !important;padding-right: 40px !important;padding-bottom: 10px !important;padding-left: 40px !important;background-position: center !important;background-repeat: no-repeat !important;background-size: cover !important;}\u00bb][vc_column width=\u00bb1\/6&#8243;][\/vc_column][vc_column width=\u00bb2\/3&#8243;][vc_single_image image=\u00bb3069&#8243; img_size=\u00bbfull\u00bb alignment=\u00bbcenter\u00bb][\/vc_column][vc_column width=\u00bb1\/6&#8243;][\/vc_column][\/vc_row][vc_row][vc_column width=\u00bb1\/6&#8243; css=\u00bb.vc_custom_1422807004299{padding-right: 60px !important;}\u00bb][\/vc_column][vc_column width=\u00bb2\/3&#8243;][vc_column_text]<\/p>\n<h1 style=\"text-align: left; font-size: 2.3em;\">Nos interesa mucho tu opini\u00f3n!<\/h1>\n<h5 style=\"text-align: left;\"><span style=\"color: #993300;\">*Obligatorio<\/span><\/h5>\n<p>[\/vc_column_text][vc_raw_html]JTNDZm9ybSUyMGFjdGlvbiUzRCUyMmh0dHBzJTNBJTJGJTJGd3d3LmhzdC5jYXQlMkZlbmN1ZXN0YS5waHAlMjIlMjBtZXRob2QlM0QlMjJwb3N0JTIyJTNFJTBBJTBBJTBB[\/vc_raw_html][vc_raw_js]JTNDc2NyaXB0JTIwdHlwZSUzRCUyMnRleHQlMkZqYXZhc2NyaXB0JTIyJTNFJTIwJTBBJTBBdmFyJTIwVGlja2V0JTIwJTNEJTIwZ2V0UGFyYW1ldGVyQnlOYW1lJTI4JTI3dCUyNyUyOSUzQiUwQWRvY3VtZW50LndyaXRlJTI4JTI3JTNDaW5wdXQlMjB0eXBlJTNEJTIyaGlkZGVuJTIyJTIwbmFtZSUzRCUyMnQlMjIlMjBpZCUzRCUyMnQlMjIlMjB2YWx1ZSUzRCUyMiUyNyUyQlRpY2tldCUyQiUyNyUyMiUzRSUyNyUyOSUzQiUwQSUyRiUyRmRvY3VtZW50LndyaXRlJTI4JTI3JTNDZm9udCUyMHN0eWxlJTNEJTIyY29sb3IlM0ElMjNGRkYlM0IlMjIlM0VUSUNLRVQlM0ElMjAlMjclMkJUaWNrZXQlMkIlMjclM0MlMkZmb250JTNFJTI3JTI5JTNCJTBBJTJGJTJGYWxlcnQlMjglMjJFbCUyMFRpY2tldCUyMGVzJTIwZWwlMjAlMjIlMkJUaWNrZXQlMjklM0IlMEFpZiUyMCUyOFRpY2tldCUyMCUzRCUzRCUyMCUyNyUyNyUyOSU3QiUwQSUyMCUyMCUyMCUyMCUyMCUyMCUyMCUyMCUyMCUyMGRvY3VtZW50LmxvY2F0aW9uJTNEJTIyaHR0cHMlM0ElMkYlMkZ3d3cuaHN0LmNhdCUyRmVzJTIyJTNCJTBBJTdEJTBBJTBBZnVuY3Rpb24lMjBnZXRQYXJhbWV0ZXJCeU5hbWUlMjhuYW1lJTI5JTIwJTdCJTBBJTIwJTIwJTIwJTIwbmFtZSUyMCUzRCUyMG5hbWUucmVwbGFjZSUyOCUyRiU1QiU1QyU1QiU1RCUyRiUyQyUyMCUyMiU1QyU1QyU1QiUyMiUyOS5yZXBsYWNlJTI4JTJGJTVCJTVDJTVEJTVEJTJGJTJDJTIwJTIyJTVDJTVDJTVEJTIyJTI5JTNCJTBBJTIwJTIwJTIwJTIwdmFyJTIwcmVnZXglMjAlM0QlMjBuZXclMjBSZWdFeHAlMjglMjIlNUIlNUMlNUMlM0YlMjYlNUQlMjIlMjAlMkIlMjBuYW1lJTIwJTJCJTIwJTIyJTNEJTI4JTVCJTVFJTI2JTIzJTVEJTJBJTI5JTIyJTI5JTJDJTBBJTIwJTIwJTIwJTIwJTIwJTIwJTIwJTIwcmVzdWx0cyUyMCUzRCUyMHJlZ2V4LmV4ZWMlMjhsb2NhdGlvbi5zZWFyY2glMjklM0IlMEElMjAlMjAlMjAlMjByZXR1cm4lMjByZXN1bHRzJTIwJTNEJTNEJTNEJTIwbnVsbCUyMCUzRiUyMCUyMiUyMiUyMCUzQSUyMGRlY29kZVVSSUNvbXBvbmVudCUyOHJlc3VsdHMlNUIxJTVELnJlcGxhY2UlMjglMkYlNUMlMkIlMkZnJTJDJTIwJTIyJTIwJTIyJTI5JTI5JTNCJTBBJTdEJTBBJTBBJTBBZnVuY3Rpb24lMjBjaGVja2Zvcm1jb250YWN0JTI4JTI5JTBBJTdCJTBBdmFyJTIwY29ycmVjdCUyMCUzRCUyMHRydWUlM0IlMEElMEFpZiUyMCUyOGNvcnJlY3QlMjklN0IlMEElMDlkb2N1bWVudC5nZXRFbGVtZW50QnlJZCUyOCUyN2VucXVlc3RhLWZvcm0lMjclMjkuc3VibWl0JTI4JTI5JTNCJTBBJTA5JTdEJTIwJTBBcmV0dXJuJTIwY29ycmVjdCUzQiUwQSU3RCUwQSUwQSUzQyUyRnNjcmlwdCUzRSUwQQ==[\/vc_raw_js][vc_raw_html]JTNDbGFiZWwlM0UlMEElM0NoNCUzRVRpZW1wbyUyMGRlJTIwcmVzb2x1Y2klQzMlQjNuJTIwZGVsJTIwcHJvYmxlbWElMkElM0MlMkZoNCUzRSUwQSUzQ2RpdiUzRSUwQSUzQ2g2JTIwc3R5bGUlM0QlMjJjb2xvciUzQSUyMCUyMzNjM2MzYyUyMiUzRVZhbG9yYSUyMGRlbCUyMDElMjBhbCUyMDEwJTJDJTIwdGVuaWVuZG8lMjBlbiUyMGN1ZW50YSUyMHF1ZSUyMDElMjBlcyUyMG11eSUyMG1hbG8lMjB5JTIwMTAlMjBleGNlbGVudGUlM0MlMkZoNiUzRSUzQyUyRmRpdiUzRSUwQSUzQyUyRmxhYmVsJTNFJTBBJTBBJTNDdGFibGUlM0UlMEElM0N0ciUzRSUwQSUzQ3RkJTNFMSUzQyUyRnRkJTNFJTBBJTNDdGQlM0UyJTNDJTJGdGQlM0UlMEElM0N0ZCUzRTMlM0MlMkZ0ZCUzRSUwQSUzQ3RkJTNFNCUzQyUyRnRkJTNFJTBBJTNDdGQlM0U1JTNDJTJGdGQlM0UlMEElM0N0ZCUzRTYlM0MlMkZ0ZCUzRSUwQSUzQ3RkJTNFNyUzQyUyRnRkJTNFJTBBJTNDdGQlM0U4JTNDJTJGdGQlM0UlMEElM0N0ZCUzRTklM0MlMkZ0ZCUzRSUwQSUzQ3RkJTNFMTAlM0MlMkZ0ZCUzRSUwQSUzQyUyRnRyJTNFJTBBJTNDdHIlM0UlMEElM0N0ZCUzRSUzQ2lucHV0JTIwdHlwZSUzRCUyMnJhZGlvJTIyJTIwdmFsdWUlM0QlMjIxJTIyJTIwbmFtZSUzRCUyMnRlbXBzJTIyJTNFJTNDJTJGdGQlM0UlMEElM0N0ZCUzRSUzQ2lucHV0JTIwdHlwZSUzRCUyMnJhZGlvJTIyJTIwdmFsdWUlM0QlMjIyJTIyJTIwbmFtZSUzRCUyMnRlbXBzJTIyJTNFJTNDJTJGdGQlM0UlMEElM0N0ZCUzRSUzQ2lucHV0JTIwdHlwZSUzRCUyMnJhZGlvJTIyJTIwdmFsdWUlM0QlMjIzJTIyJTIwbmFtZSUzRCUyMnRlbXBzJTIyJTNFJTNDJTJGdGQlM0UlMEElM0N0ZCUzRSUzQ2lucHV0JTIwdHlwZSUzRCUyMnJhZGlvJTIyJTIwdmFsdWUlM0QlMjI0JTIyJTIwbmFtZSUzRCUyMnRlbXBzJTIyJTNFJTNDJTJGdGQlM0UlMEElM0N0ZCUzRSUzQ2lucHV0JTIwdHlwZSUzRCUyMnJhZGlvJTIyJTIwdmFsdWUlM0QlMjI1JTIyJTIwbmFtZSUzRCUyMnRlbXBzJTIyJTNFJTNDJTJGdGQlM0UlMEElM0N0ZCUzRSUzQ2lucHV0JTIwdHlwZSUzRCUyMnJhZGlvJTIyJTIwdmFsdWUlM0QlMjI2JTIyJTIwbmFtZSUzRCUyMnRlbXBzJTIyJTNFJTNDJTJGdGQlM0UlMEElM0N0ZCUzRSUzQ2lucHV0JTIwdHlwZSUzRCUyMnJhZGlvJTIyJTIwdmFsdWUlM0QlMjI3JTIyJTIwbmFtZSUzRCUyMnRlbXBzJTIyJTNFJTNDJTJGdGQlM0UlMEElM0N0ZCUzRSUzQ2lucHV0JTIwdHlwZSUzRCUyMnJhZGlvJTIyJTIwdmFsdWUlM0QlMjI4JTIyJTIwbmFtZSUzRCUyMnRlbXBzJTIyJTNFJTNDJTJGdGQlM0UlMEElM0N0ZCUzRSUzQ2lucHV0JTIwdHlwZSUzRCUyMnJhZGlvJTIyJTIwdmFsdWUlM0QlMjI5JTIyJTIwbmFtZSUzRCUyMnRlbXBzJTIyJTNFJTNDJTJGdGQlM0UlMEElM0N0ZCUzRSUzQ2lucHV0JTIwdHlwZSUzRCUyMnJhZGlvJTIyJTIwdmFsdWUlM0QlMjIxMCUyMiUyMG5hbWUlM0QlMjJ0ZW1wcyUyMiUzRSUzQyUyRnRkJTNFJTBBJTNDJTJGdHIlM0UlMEElM0MlMkZ0YWJsZSUzRSUwQSUwQSUwQQ==[\/vc_raw_html][vc_raw_html]JTNDbGFiZWwlM0UlMEElM0NoNCUzRVRyYXRvJTIweSUyMGNvbXVuaWNhY2klQzMlQjNuJTIwY29uJTIwZWwlMjB0JUMzJUE5Y25pY28lMkElM0MlMkZoNCUzRSUwQSUzQ2RpdiUzRSUwQSUzQ2g2JTIwc3R5bGUlM0QlMjJjb2xvciUzQSUyMCUyMzNjM2MzYyUyMiUzRVZhbG9yYSUyMGRlbCUyMDElMjBhbCUyMDEwJTJDJTIwdGVuaWVuZG8lMjBlbiUyMGN1ZW50YSUyMHF1ZSUyMDElMjBlcyUyMG11eSUyMG1hbG8lMjB5JTIwMTAlMjBleGNlbGVudGUlM0MlMkZoNiUzRSUwQSUzQyUyRmRpdiUzRSUwQSUzQyUyRmxhYmVsJTNFJTBBJTBBJTNDdGFibGUlM0UlMEElM0N0ciUzRSUwQSUzQ3RkJTNFMSUzQyUyRnRkJTNFJTBBJTNDdGQlM0UyJTNDJTJGdGQlM0UlMEElM0N0ZCUzRTMlM0MlMkZ0ZCUzRSUwQSUzQ3RkJTNFNCUzQyUyRnRkJTNFJTBBJTNDdGQlM0U1JTNDJTJGdGQlM0UlMEElM0N0ZCUzRTYlM0MlMkZ0ZCUzRSUwQSUzQ3RkJTNFNyUzQyUyRnRkJTNFJTBBJTNDdGQlM0U4JTNDJTJGdGQlM0UlMEElM0N0ZCUzRTklM0MlMkZ0ZCUzRSUwQSUzQ3RkJTNFMTAlM0MlMkZ0ZCUzRSUwQSUzQyUyRnRyJTNFJTBBJTNDdHIlM0UlMEElM0N0ZCUzRSUzQ2lucHV0JTIwdHlwZSUzRCUyMnJhZGlvJTIyJTIwdmFsdWUlM0QlMjIxJTIyJTIwbmFtZSUzRCUyMnRyYWN0ZSUyMiUzRSUzQyUyRnRkJTNFJTBBJTNDdGQlM0UlM0NpbnB1dCUyMHR5cGUlM0QlMjJyYWRpbyUyMiUyMHZhbHVlJTNEJTIyMiUyMiUyMG5hbWUlM0QlMjJ0cmFjdGUlMjIlM0UlM0MlMkZ0ZCUzRSUwQSUzQ3RkJTNFJTNDaW5wdXQlMjB0eXBlJTNEJTIycmFkaW8lMjIlMjB2YWx1ZSUzRCUyMjMlMjIlMjBuYW1lJTNEJTIydHJhY3RlJTIyJTNFJTNDJTJGdGQlM0UlMEElM0N0ZCUzRSUzQ2lucHV0JTIwdHlwZSUzRCUyMnJhZGlvJTIyJTIwdmFsdWUlM0QlMjI0JTIyJTIwbmFtZSUzRCUyMnRyYWN0ZSUyMiUzRSUzQyUyRnRkJTNFJTBBJTNDdGQlM0UlM0NpbnB1dCUyMHR5cGUlM0QlMjJyYWRpbyUyMiUyMHZhbHVlJTNEJTIyNSUyMiUyMG5hbWUlM0QlMjJ0cmFjdGUlMjIlM0UlM0MlMkZ0ZCUzRSUwQSUzQ3RkJTNFJTNDaW5wdXQlMjB0eXBlJTNEJTIycmFkaW8lMjIlMjB2YWx1ZSUzRCUyMjYlMjIlMjBuYW1lJTNEJTIydHJhY3RlJTIyJTNFJTNDJTJGdGQlM0UlMEElM0N0ZCUzRSUzQ2lucHV0JTIwdHlwZSUzRCUyMnJhZGlvJTIyJTIwdmFsdWUlM0QlMjI3JTIyJTIwbmFtZSUzRCUyMnRyYWN0ZSUyMiUzRSUzQyUyRnRkJTNFJTBBJTNDdGQlM0UlM0NpbnB1dCUyMHR5cGUlM0QlMjJyYWRpbyUyMiUyMHZhbHVlJTNEJTIyOCUyMiUyMG5hbWUlM0QlMjJ0cmFjdGUlMjIlM0UlM0MlMkZ0ZCUzRSUwQSUzQ3RkJTNFJTNDaW5wdXQlMjB0eXBlJTNEJTIycmFkaW8lMjIlMjB2YWx1ZSUzRCUyMjklMjIlMjBuYW1lJTNEJTIydHJhY3RlJTIyJTNFJTNDJTJGdGQlM0UlMEElM0N0ZCUzRSUzQ2lucHV0JTIwdHlwZSUzRCUyMnJhZGlvJTIyJTIwdmFsdWUlM0QlMjIxMCUyMiUyMG5hbWUlM0QlMjJ0cmFjdGUlMjIlM0UlM0MlMkZ0ZCUzRSUwQSUzQyUyRnRyJTNFJTBBJTNDJTJGdGFibGUlM0UlMEElMEE=[\/vc_raw_html][vc_raw_html]JTNDbGFiZWwlM0UlMEElM0NoNCUzRUdyYWRvJTIwZGUlMjBzYXRpc2ZhY2NpJUMzJUIzbiUyMGNvbiUyMGxhJTIwc29sdWNpJUMzJUIzbiUyMG9mcmVjaWRhJTJBJTNDJTJGaDQlM0UlMEElM0NkaXYlM0UlMEElM0NoNiUyMHN0eWxlJTNEJTIyY29sb3IlM0ElMjAlMjMzYzNjM2MlMjIlM0VWYWxvcmElMjBkZWwlMjAxJTIwYWwlMjAxMCUyQyUyMHRlbmllbmRvJTIwZW4lMjBjdWVudGElMjBxdWUlMjAxJTIwZXMlMjBtdXklMjBtYWxvJTIweSUyMDEwJTIwZXhjZWxlbnRlJTNDJTJGaDYlM0UlMEElM0MlMkZkaXYlM0UlMEElM0MlMkZsYWJlbCUzRSUwQSUwQSUzQ3RhYmxlJTNFJTBBJTNDdHIlM0UlMEElM0N0ZCUzRTElM0MlMkZ0ZCUzRSUwQSUzQ3RkJTNFMiUzQyUyRnRkJTNFJTBBJTNDdGQlM0UzJTNDJTJGdGQlM0UlMEElM0N0ZCUzRTQlM0MlMkZ0ZCUzRSUwQSUzQ3RkJTNFNSUzQyUyRnRkJTNFJTBBJTNDdGQlM0U2JTNDJTJGdGQlM0UlMEElM0N0ZCUzRTclM0MlMkZ0ZCUzRSUwQSUzQ3RkJTNFOCUzQyUyRnRkJTNFJTBBJTNDdGQlM0U5JTNDJTJGdGQlM0UlMEElM0N0ZCUzRTEwJTNDJTJGdGQlM0UlMEElM0MlMkZ0ciUzRSUwQSUzQ3RyJTNFJTBBJTNDdGQlM0UlM0NpbnB1dCUyMHR5cGUlM0QlMjJyYWRpbyUyMiUyMHZhbHVlJTNEJTIyMSUyMiUyMG5hbWUlM0QlMjJ0ZWNuaWMlMjIlM0UlM0MlMkZ0ZCUzRSUwQSUzQ3RkJTNFJTNDaW5wdXQlMjB0eXBlJTNEJTIycmFkaW8lMjIlMjB2YWx1ZSUzRCUyMjIlMjIlMjBuYW1lJTNEJTIydGVjbmljJTIyJTNFJTNDJTJGdGQlM0UlMEElM0N0ZCUzRSUzQ2lucHV0JTIwdHlwZSUzRCUyMnJhZGlvJTIyJTIwdmFsdWUlM0QlMjIzJTIyJTIwbmFtZSUzRCUyMnRlY25pYyUyMiUzRSUzQyUyRnRkJTNFJTBBJTNDdGQlM0UlM0NpbnB1dCUyMHR5cGUlM0QlMjJyYWRpbyUyMiUyMHZhbHVlJTNEJTIyNCUyMiUyMG5hbWUlM0QlMjJ0ZWNuaWMlMjIlM0UlM0MlMkZ0ZCUzRSUwQSUzQ3RkJTNFJTNDaW5wdXQlMjB0eXBlJTNEJTIycmFkaW8lMjIlMjB2YWx1ZSUzRCUyMjUlMjIlMjBuYW1lJTNEJTIydGVjbmljJTIyJTNFJTNDJTJGdGQlM0UlMEElM0N0ZCUzRSUzQ2lucHV0JTIwdHlwZSUzRCUyMnJhZGlvJTIyJTIwdmFsdWUlM0QlMjI2JTIyJTIwbmFtZSUzRCUyMnRlY25pYyUyMiUzRSUzQyUyRnRkJTNFJTBBJTNDdGQlM0UlM0NpbnB1dCUyMHR5cGUlM0QlMjJyYWRpbyUyMiUyMHZhbHVlJTNEJTIyNyUyMiUyMG5hbWUlM0QlMjJ0ZWNuaWMlMjIlM0UlM0MlMkZ0ZCUzRSUwQSUzQ3RkJTNFJTNDaW5wdXQlMjB0eXBlJTNEJTIycmFkaW8lMjIlMjB2YWx1ZSUzRCUyMjglMjIlMjBuYW1lJTNEJTIydGVjbmljJTIyJTNFJTNDJTJGdGQlM0UlMEElM0N0ZCUzRSUzQ2lucHV0JTIwdHlwZSUzRCUyMnJhZGlvJTIyJTIwdmFsdWUlM0QlMjI5JTIyJTIwbmFtZSUzRCUyMnRlY25pYyUyMiUzRSUzQyUyRnRkJTNFJTBBJTNDdGQlM0UlM0NpbnB1dCUyMHR5cGUlM0QlMjJyYWRpbyUyMiUyMHZhbHVlJTNEJTIyMTAlMjIlMjBuYW1lJTNEJTIydGVjbmljJTIyJTNFJTNDJTJGdGQlM0UlMEElM0MlMkZ0ciUzRSUwQSUzQyUyRnRhYmxlJTNFJTBBJTBBJTBB[\/vc_raw_html][vc_raw_html css=\u00bb.vc_custom_1447320360049{margin-top: 40px !important;}\u00bb]JTNDbGFiZWwlM0UlMEElM0NoNCUzRUFwcm92ZWNoYSUyMGFxdSVDMyVBRCUyMHBhcmElMjBlc2NyaWJpciUyMHVuJTIwY29tZW50YXJpbyUyMG8lMjBzdWdlcmVuY2lhJTNDJTJGaDQlM0UlM0MlMkZsYWJlbCUzRSUwQSUwQSUzQ3RleHRhcmVhJTIwbmFtZSUzRCUyMnN1Z2dlcmltZW50JTIyJTIwaWQlM0QlMjJzdWdnZXJpbWVudCUyMiUyMHN0eWxlJTNEJTIyd2lkdGglM0ElMjAxMDAlMjUlM0IlMjBoZWlnaHQlM0ElMjAxMjBweCUzQiUyMiUzRSUzQyUyRnRleHRhcmVhJTNFJTBBJTBBJTBB[\/vc_raw_html][vc_raw_html]JTNDbGFiZWwlM0UlMEElM0NoNCUzRU1hcmNhJTIwc2klMjBxdWllcmVzJTIwcXVlJTIwZWwlMjBkZXBhcnRhbWVudG8lMjBkZSUyMGNhbGlkYWQlMjBjb250YWN0ZSUyMGNvbnRpZ28lMjAlM0MlMkZoNCUzRSUzQyUyRmxhYmVsJTNFJTBBJTBBJTNDaW5wdXQlMjB0eXBlJTNEJTIyY2hlY2tib3glMjIlMjBuYW1lJTNEJTIyY29udGFjdGFyJTIyJTIwdmFsdWUlM0QlMjJFc3Blcm8lMjB1bmElMjB0cnVjYWRhJTIwcGVyJTIwY29tZW50YXIlMjBlbCUyMHRlbWElMjByZWZlcmVudCUyMGElMjBhcXVlc3RhJTIwcGV0aWNpJUMzJUIzJTIyJTNFJTIwRXNwZXJvJTIwdW5hJTIwbGxhbWFkYSUyMHBhcmElMjBjb21lbnRhciUyMGVsJTIwdGVtYSUwQSUwQSUwQQ==[\/vc_raw_html][vc_separator][vc_raw_html]JTNDaW5wdXQlMjB0eXBlJTNEJTIyc3VibWl0JTIyJTIwbmFtZSUzRCUyMkVudmlhciUyMiUyMHZhbHVlJTNEJTIyRW52aWFyJTIyJTIwc3R5bGUlM0QlMjJ3aWR0aCUzQSUyMDEwMCUyNSUzQiUyMHRleHQtYWxpZ24lM0ElMjBjZW50ZXIlM0IlMjIlM0UlMEElMEE=[\/vc_raw_html][vc_raw_html]JTNDJTJGZm9ybSUzRQ==[\/vc_raw_html][\/vc_column][vc_column width=\u00bb1\/6&#8243;][\/vc_column][\/vc_row]<\/p>\n<\/div>","protected":false},"excerpt":{"rendered":"<p>[vc_row full_width=\u00bbstretch_row_content_no_spaces\u00bb css=\u00bb.vc_custom_1447071112069{padding-top: 40px !important;padding-right: 40px !important;padding-bottom: 10px !important;padding-left: 40px !important;background-position: center !important;background-repeat: no-repeat !important;background-size: cover !important;}\u00bb][vc_column width=\u00bb1\/6&#8243;][\/vc_column][vc_column width=\u00bb2\/3&#8243;][vc_single_image image=\u00bb3069&#8243; img_size=\u00bbfull\u00bb alignment=\u00bbcenter\u00bb][\/vc_column][vc_column width=\u00bb1\/6&#8243;][\/vc_column][\/vc_row][vc_row][vc_column width=\u00bb1\/6&#8243; css=\u00bb.vc_custom_1422807004299{padding-right: 60px<span class=\"excerpt-hellip\"> [\u2026]<\/span><\/p>\n","protected":false},"author":5,"featured_media":0,"parent":0,"menu_order":0,"comment_status":"open","ping_status":"closed","template":"","meta":{"footnotes":""},"class_list":["post-3112","page","type-page","status-publish","hentry"],"yoast_head":"<!-- This site is optimized with the Yoast SEO plugin v27.4 - https:\/\/yoast.com\/product\/yoast-seo-wordpress\/ -->\n<title>Nos interesa mucho tu opini\u00f3n!<\/title>\n<meta name=\"robots\" content=\"index, follow, max-snippet:-1, max-image-preview:large, max-video-preview:-1\" \/>\n<link rel=\"canonical\" href=\"https:\/\/www.hst.cat\/es\/encuesta\/\" \/>\n<meta property=\"og:locale\" content=\"es_ES\" \/>\n<meta property=\"og:type\" content=\"article\" \/>\n<meta property=\"og:title\" content=\"Nos interesa mucho tu opini\u00f3n!\" \/>\n<meta property=\"og:description\" content=\"[vc_row full_width=\u00bbstretch_row_content_no_spaces\u00bb css=\u00bb.vc_custom_1447071112069{padding-top: 40px !important;padding-right: 40px !important;padding-bottom: 10px !important;padding-left: 40px !important;background-position: center !important;background-repeat: no-repeat !important;background-size: cover !important;}\u00bb][vc_column width=\u00bb1\/6&#8243;][\/vc_column][vc_column width=\u00bb2\/3&#8243;][vc_single_image image=\u00bb3069&#8243; img_size=\u00bbfull\u00bb alignment=\u00bbcenter\u00bb][\/vc_column][vc_column width=\u00bb1\/6&#8243;][\/vc_column][\/vc_row][vc_row][vc_column width=\u00bb1\/6&#8243; css=\u00bb.vc_custom_1422807004299{padding-right: 60px [\u2026]\" \/>\n<meta property=\"og:url\" content=\"https:\/\/www.hst.cat\/es\/encuesta\/\" \/>\n<meta property=\"og:site_name\" content=\"Inform\u00e0tica Lleida HST\" \/>\n<meta property=\"article:modified_time\" content=\"2022-03-25T10:50:16+00:00\" \/>\n<meta name=\"twitter:label1\" content=\"Tiempo de lectura\" \/>\n\t<meta name=\"twitter:data1\" content=\"4 minutos\" \/>\n<script type=\"application\/ld+json\" class=\"yoast-schema-graph\">{\"@context\":\"https:\\\/\\\/schema.org\",\"@graph\":[{\"@type\":\"WebPage\",\"@id\":\"https:\\\/\\\/www.hst.cat\\\/es\\\/encuesta\\\/\",\"url\":\"https:\\\/\\\/www.hst.cat\\\/es\\\/encuesta\\\/\",\"name\":\"Nos interesa mucho tu opini\u00f3n!\",\"isPartOf\":{\"@id\":\"https:\\\/\\\/www.hst.cat\\\/#website\"},\"datePublished\":\"2015-11-09T13:09:08+00:00\",\"dateModified\":\"2022-03-25T10:50:16+00:00\",\"breadcrumb\":{\"@id\":\"https:\\\/\\\/www.hst.cat\\\/es\\\/encuesta\\\/#breadcrumb\"},\"inLanguage\":\"es\",\"potentialAction\":[{\"@type\":\"ReadAction\",\"target\":[\"https:\\\/\\\/www.hst.cat\\\/es\\\/encuesta\\\/\"]}]},{\"@type\":\"BreadcrumbList\",\"@id\":\"https:\\\/\\\/www.hst.cat\\\/es\\\/encuesta\\\/#breadcrumb\",\"itemListElement\":[{\"@type\":\"ListItem\",\"position\":1,\"name\":\"Portada\",\"item\":\"https:\\\/\\\/www.hst.cat\\\/es\\\/\"},{\"@type\":\"ListItem\",\"position\":2,\"name\":\"Nos interesa mucho tu opini\u00f3n!\"}]},{\"@type\":\"WebSite\",\"@id\":\"https:\\\/\\\/www.hst.cat\\\/#website\",\"url\":\"https:\\\/\\\/www.hst.cat\\\/\",\"name\":\"Inform\u00e0tica Lleida HST\",\"description\":\"Oferim serveis d\u2019inform\u00e0tica i noves tecnologies per empreses. Servei t\u00e8cnic, Web, Soft Gesti\u00f3, Xarxes, Consultoria\",\"potentialAction\":[{\"@type\":\"SearchAction\",\"target\":{\"@type\":\"EntryPoint\",\"urlTemplate\":\"https:\\\/\\\/www.hst.cat\\\/?s={search_term_string}\"},\"query-input\":{\"@type\":\"PropertyValueSpecification\",\"valueRequired\":true,\"valueName\":\"search_term_string\"}}],\"inLanguage\":\"es\"}]}<\/script>\n<!-- \/ Yoast SEO plugin. -->","yoast_head_json":{"title":"Nos interesa mucho tu opini\u00f3n!","robots":{"index":"index","follow":"follow","max-snippet":"max-snippet:-1","max-image-preview":"max-image-preview:large","max-video-preview":"max-video-preview:-1"},"canonical":"https:\/\/www.hst.cat\/es\/encuesta\/","og_locale":"es_ES","og_type":"article","og_title":"Nos interesa mucho tu opini\u00f3n!","og_description":"[vc_row full_width=\u00bbstretch_row_content_no_spaces\u00bb css=\u00bb.vc_custom_1447071112069{padding-top: 40px !important;padding-right: 40px !important;padding-bottom: 10px !important;padding-left: 40px !important;background-position: center !important;background-repeat: no-repeat !important;background-size: cover !important;}\u00bb][vc_column width=\u00bb1\/6&#8243;][\/vc_column][vc_column width=\u00bb2\/3&#8243;][vc_single_image image=\u00bb3069&#8243; img_size=\u00bbfull\u00bb alignment=\u00bbcenter\u00bb][\/vc_column][vc_column width=\u00bb1\/6&#8243;][\/vc_column][\/vc_row][vc_row][vc_column width=\u00bb1\/6&#8243; css=\u00bb.vc_custom_1422807004299{padding-right: 60px [\u2026]","og_url":"https:\/\/www.hst.cat\/es\/encuesta\/","og_site_name":"Inform\u00e0tica Lleida HST","article_modified_time":"2022-03-25T10:50:16+00:00","twitter_misc":{"Tiempo de lectura":"4 minutos"},"schema":{"@context":"https:\/\/schema.org","@graph":[{"@type":"WebPage","@id":"https:\/\/www.hst.cat\/es\/encuesta\/","url":"https:\/\/www.hst.cat\/es\/encuesta\/","name":"Nos interesa mucho tu opini\u00f3n!","isPartOf":{"@id":"https:\/\/www.hst.cat\/#website"},"datePublished":"2015-11-09T13:09:08+00:00","dateModified":"2022-03-25T10:50:16+00:00","breadcrumb":{"@id":"https:\/\/www.hst.cat\/es\/encuesta\/#breadcrumb"},"inLanguage":"es","potentialAction":[{"@type":"ReadAction","target":["https:\/\/www.hst.cat\/es\/encuesta\/"]}]},{"@type":"BreadcrumbList","@id":"https:\/\/www.hst.cat\/es\/encuesta\/#breadcrumb","itemListElement":[{"@type":"ListItem","position":1,"name":"Portada","item":"https:\/\/www.hst.cat\/es\/"},{"@type":"ListItem","position":2,"name":"Nos interesa mucho tu opini\u00f3n!"}]},{"@type":"WebSite","@id":"https:\/\/www.hst.cat\/#website","url":"https:\/\/www.hst.cat\/","name":"Inform\u00e0tica Lleida HST","description":"Oferim serveis d\u2019inform\u00e0tica i noves tecnologies per empreses. Servei t\u00e8cnic, Web, Soft Gesti\u00f3, Xarxes, Consultoria","potentialAction":[{"@type":"SearchAction","target":{"@type":"EntryPoint","urlTemplate":"https:\/\/www.hst.cat\/?s={search_term_string}"},"query-input":{"@type":"PropertyValueSpecification","valueRequired":true,"valueName":"search_term_string"}}],"inLanguage":"es"}]}},"jetpack_shortlink":"https:\/\/wp.me\/P7Yfwy-Oc","jetpack_sharing_enabled":true,"_links":{"self":[{"href":"https:\/\/www.hst.cat\/es\/wp-json\/wp\/v2\/pages\/3112","targetHints":{"allow":["GET"]}}],"collection":[{"href":"https:\/\/www.hst.cat\/es\/wp-json\/wp\/v2\/pages"}],"about":[{"href":"https:\/\/www.hst.cat\/es\/wp-json\/wp\/v2\/types\/page"}],"author":[{"embeddable":true,"href":"https:\/\/www.hst.cat\/es\/wp-json\/wp\/v2\/users\/5"}],"replies":[{"embeddable":true,"href":"https:\/\/www.hst.cat\/es\/wp-json\/wp\/v2\/comments?post=3112"}],"version-history":[{"count":15,"href":"https:\/\/www.hst.cat\/es\/wp-json\/wp\/v2\/pages\/3112\/revisions"}],"predecessor-version":[{"id":15198,"href":"https:\/\/www.hst.cat\/es\/wp-json\/wp\/v2\/pages\/3112\/revisions\/15198"}],"wp:attachment":[{"href":"https:\/\/www.hst.cat\/es\/wp-json\/wp\/v2\/media?parent=3112"}],"curies":[{"name":"wp","href":"https:\/\/api.w.org\/{rel}","templated":true}]}}