{"id":3303,"date":"2016-08-16T11:39:05","date_gmt":"2016-08-16T09:39:05","guid":{"rendered":"http:\/\/hst.cat\/es\/?page_id=3303"},"modified":"2022-03-25T11:09:02","modified_gmt":"2022-03-25T10:09:02","slug":"escentros-educativos","status":"publish","type":"page","link":"https:\/\/www.hst.cat\/es\/escentros-educativos\/","title":{"rendered":"Centros educativos"},"content":{"rendered":"<div class=\"wpb-content-wrapper\"><p>[vc_row full_width=\u00bbstretch_row_content\u00bb css=\u00bb.vc_custom_1435062873524{padding-top: 30px !important;padding-bottom: 30px !important;background-image: url(https:\/\/www.hst.cat\/wp-content\/uploads\/slider-background-lila.jpg?id=555) !important;background-position: center !important;background-repeat: no-repeat !important;background-size: cover !important;}\u00bb][vc_column width=\u00bb1\/2&#8243;][vc_single_image image=\u00bb3274&#8243; img_size=\u00bbfull\u00bb alignment=\u00bbcenter\u00bb css_animation=\u00bbleft-to-right\u00bb][\/vc_column][vc_column width=\u00bb1\/2&#8243;][vc_column_text css_animation=\u00bbright-to-left\u00bb css=\u00bb.vc_custom_1471339201522{padding-top: 20px !important;padding-right: 60px !important;padding-bottom: 20px !important;padding-left: 0px !important;}\u00bb]<\/p>\n<h1 style=\"font-size: 3em;\">El inform\u00e1tico de tu colegio.<\/h1>\n<h3><\/h3>\n<p>[\/vc_column_text][vc_column_text css_animation=\u00bbbottom-to-top\u00bb css=\u00bb.vc_custom_1471339295812{padding-top: 0px !important;padding-right: 60px !important;padding-bottom: 20px !important;padding-left: 0px !important;}\u00bb]Con m\u00e1s de 15 a\u00f1os de experiencia, HST se consolida como una empresa de referencia en el sector de la tecnolog\u00eda y soluciones de negocio en Lleida. La educaci\u00f3n es una de nuestras \u00e1reas de expansi\u00f3n sectorial. Desde hace unos a\u00f1os trabajamos cuidadosamente los problemas y las necesidades tecnol\u00f3gicas de las aulas y centros educativos de Lleida. Informatizamos para educar.[\/vc_column_text][vc_column_text css_animation=\u00bbappear\u00bb]<\/p>\n<h1><strong>\u00bfEl\u00a0WIFI del colegio\u00a0no funciona o va muy lento?<\/strong><\/h1>\n<p>[\/vc_column_text][vc_column_text css_animation=\u00bbappear\u00bb]<\/p>\n<h1><strong>\u00bfNo hay seguridad en\u00a0las conexiones?<\/strong><\/h1>\n<p>[\/vc_column_text][\/vc_column][\/vc_row][vc_row][vc_column css=\u00bb.vc_custom_1422807004299{padding-right: 60px !important;}\u00bb][vc_row_inner][vc_column_inner][vc_column_text css_animation=\u00bbappear\u00bb]<\/p>\n<h1 style=\"text-align: center;\">\u00abEn\u00a0HST tenemos todas las soluciones que necesita tu centro educativo, tanto a nivel de aprovisionamiento de material inform\u00e1tico como de instalaciones WIFI y seguridad inform\u00e1tica.\u00bb<\/h1>\n<p>[\/vc_column_text][\/vc_column_inner][\/vc_row_inner][vc_row_inner][vc_column_inner width=\u00bb1\/3&#8243;]<div class=\"icon_box icon_position_top has_border\"><div class=\"icon_wrapper\"><div class=\"icon\"><i class=\"icon-signal\" aria-hidden=\"true\"><\/i><\/div><\/div><div class=\"desc_wrapper\"><h4 class=\"title \">Soluciones WIFI<\/h4><div class=\"desc\">Los problemas con internet y las conexiones WIFI son uno de los problemas m\u00e1s graves que se puede encontrar un centro educativo. Hoy en d\u00eda, sin internet el alumno no tiene informaci\u00f3n. Nosotros damos soluciones wifi en centros educativos.<\/p>\n<p>Dinos cu\u00e1l es tu problema y te hacemos un estudio de viabilidad de la red WIFI sin compromiso. En HST somos asesores y expertos en conexiones wifi para escuelas.<\/div><\/div><\/div>\n[\/vc_column_inner][vc_column_inner width=\u00bb1\/3&#8243;]<div class=\"icon_box icon_position_top no_border\"><div class=\"icon_wrapper\"><div class=\"icon\"><i class=\"icon-users\" aria-hidden=\"true\"><\/i><\/div><\/div><div class=\"desc_wrapper\"><h4 class=\"title \">Aulas digitales<\/h4><div class=\"desc\">Trabajamos con las principales marcas del sector como Epson, Vision, Nobo, Hitachi, Promethean y SmartBoard.<\/p>\n<p>Siempre con las mejores recomendaciones, nos adaptamos a las necesidades de cada centro educativo para digitalizar las aulas y suministrar los equipos interactivos (PDI) m\u00e1s indicados.<\/div><\/div><\/div>\n[\/vc_column_inner][vc_column_inner width=\u00bb1\/3&#8243;]<div class=\"icon_box icon_position_top no_border\"><div class=\"icon_wrapper\"><div class=\"icon\"><i class=\"icon-desktop-line\" aria-hidden=\"true\"><\/i><\/div><\/div><div class=\"desc_wrapper\"><h4 class=\"title \">Informatizaci\u00f3n de las aulas<\/h4><div class=\"desc\">Como distribuidores de material y equipos inform\u00e1ticos desde nuestros inicios, disponemos de todo el material y accesorios necesarios para el equipamiento de las aulas, ya sean equipos de marca o clones.<\/p>\n<p>Consigue los mejores descuentos con nuestros equipos con licencia de software educacional.<\/div><\/div><\/div>\n[\/vc_column_inner][\/vc_row_inner][vc_row_inner][vc_column_inner width=\u00bb1\/3&#8243;]<div class=\"icon_box icon_position_top has_border\"><div class=\"icon_wrapper\"><div class=\"icon\"><i class=\"icon-mail\" aria-hidden=\"true\"><\/i><\/div><\/div><div class=\"desc_wrapper\"><h4 class=\"title \">Paquetes Microsoft<\/h4><div class=\"desc\">Posibilidad de ofrecer Office 365 completo gratis a todos los alumnos del centro.<\/p>\n<p>Microsoft ofrece cuentas de correo Exchange de 50 Gb completos gratis a todo el personal y alumnos de los centros educativos.<\/div><\/div><\/div>\n[\/vc_column_inner][vc_column_inner width=\u00bb1\/3&#8243;]<div class=\"icon_box icon_position_top no_border\"><div class=\"icon_wrapper\"><div class=\"icon\"><i class=\"icon-tools\" aria-hidden=\"true\"><\/i><\/div><\/div><div class=\"desc_wrapper\"><h4 class=\"title \">Soprote inform\u00e1tico<\/h4><div class=\"desc\">El soporte y mantenimiento inform\u00e1tico en centros educativos es nuestra especialidad. Seg\u00fan las necesidades de tu centro educativo, te podemos ayudar con soporte preventivo y \/ o correctivo, sea in situ o remotamente. Coge el plan que mejor se adapte a tus necesidades: soporte mensual, bolsa de horas o bajo demanda.<\/div><\/div><\/div>\n[\/vc_column_inner][vc_column_inner width=\u00bb1\/3&#8243;]<div class=\"icon_box icon_position_top no_border\"><div class=\"icon_wrapper\"><div class=\"icon\"><i class=\"icon-vcard\" aria-hidden=\"true\"><\/i><\/div><\/div><div class=\"desc_wrapper\"><h4 class=\"title \">Facilidad de financiaci\u00f3n<\/h4><div class=\"desc\">Consigue la financiaci\u00f3n que mejor se adapte a tu centro.<br \/>\nGestionamos tu renting.<\/div><\/div><\/div>\n[\/vc_column_inner][\/vc_row_inner][vc_row_inner][vc_column_inner width=\u00bb2\/3&#8243;]<div class=\"infobox\" ><h3 class=\"title \">Equipos EduCAT<\/h3><div class=\"infobox_wrapper\"><span class=\"ib-desc\"><\/p>\n<ul>\n<li>Siempre recomendamos y proveemos los mejores equipos para las escuelas<\/li>\n<li>Pantallas grandes, bater\u00edas que duran m\u00e1s, garant\u00edas eficientes, etc.<\/li>\n<li>Trabajamos con las principales marcas : Acer &#8211; Lenovo- Samsung &#8211; Apple &#8211; Toshiba<\/li>\n<\/ul>\n<p><\/span><\/div><\/div>\n[vc_column_text]<\/p>\n<p style=\"text-align: center;\"><strong><a href=\"https:\/\/www.hst.cat\/wp-content\/uploads\/acer-educat-2019.pdf\" target=\"_blank\" rel=\"noopener noreferrer\">Oferta port\u00e1tiles ACER\u00a0curso 2019-2020<\/a><\/strong><\/p>\n<p style=\"text-align: center;\">(Pedidos antes del 14 de junio de 2019)<\/p>\n<p>[\/vc_column_text][vc_column_text]<\/p>\n<p style=\"text-align: center;\"><a href=\"https:\/\/www.hst.cat\/wp-content\/uploads\/Proyectores-y-pantallas-CURS-2019-2020.pdf\" target=\"_blank\" rel=\"noopener noreferrer\">Ofertas proyectores y pantallas<\/a><\/p>\n<p>[\/vc_column_text][\/vc_column_inner][vc_column_inner width=\u00bb1\/3&#8243;]\n<div class=\"wpcf7 no-js\" id=\"wpcf7-f1621-o1\" lang=\"es-ES\" dir=\"ltr\" data-wpcf7-id=\"1621\">\n<div class=\"screen-reader-response\"><p role=\"status\" aria-live=\"polite\" aria-atomic=\"true\"><\/p> <ul><\/ul><\/div>\n<form action=\"\/es\/wp-json\/wp\/v2\/pages\/3303#wpcf7-f1621-o1\" method=\"post\" class=\"wpcf7-form init\" aria-label=\"Formulario de contacto\" novalidate=\"novalidate\" data-status=\"init\">\n<fieldset class=\"hidden-fields-container\"><input type=\"hidden\" name=\"_wpcf7\" value=\"1621\" \/><input type=\"hidden\" name=\"_wpcf7_version\" value=\"6.1.5\" \/><input type=\"hidden\" name=\"_wpcf7_locale\" value=\"es_ES\" \/><input type=\"hidden\" name=\"_wpcf7_unit_tag\" value=\"wpcf7-f1621-o1\" \/><input type=\"hidden\" name=\"_wpcf7_container_post\" value=\"0\" \/><input type=\"hidden\" name=\"_wpcf7_posted_data_hash\" value=\"\" \/><input type=\"hidden\" name=\"_wpcf7cf_hidden_group_fields\" value=\"[]\" \/><input type=\"hidden\" name=\"_wpcf7cf_hidden_groups\" value=\"[]\" \/><input type=\"hidden\" name=\"_wpcf7cf_visible_groups\" value=\"[]\" \/><input type=\"hidden\" name=\"_wpcf7cf_repeaters\" value=\"[]\" \/><input type=\"hidden\" name=\"_wpcf7cf_steps\" value=\"{}\" \/><input type=\"hidden\" name=\"_wpcf7cf_options\" value=\"{&quot;form_id&quot;:1621,&quot;conditions&quot;:[],&quot;settings&quot;:{&quot;animation&quot;:&quot;yes&quot;,&quot;animation_intime&quot;:200,&quot;animation_outtime&quot;:200,&quot;conditions_ui&quot;:&quot;normal&quot;,&quot;notice_dismissed&quot;:false,&quot;notice_dismissed_rollback-cf7-5.9.2&quot;:true,&quot;notice_dismissed_rollback-cf7-5.9.4&quot;:true,&quot;notice_dismissed_rollback-cf7-5.9.5&quot;:true,&quot;notice_dismissed_rollback-cf7-5.9.6&quot;:true,&quot;notice_dismissed_update-cf7-6.1.4&quot;:true}}\" \/><input type=\"hidden\" name=\"_wpcf7_recaptcha_response\" value=\"\" \/>\n<\/fieldset>\n<p><span class=\"wpcf7-form-control-wrap\" data-name=\"your-name\"><input size=\"40\" maxlength=\"400\" class=\"wpcf7-form-control wpcf7-text wpcf7-validates-as-required\" aria-required=\"true\" aria-invalid=\"false\" placeholder=\"Nombre\" value=\"\" type=\"text\" name=\"your-name\" \/><\/span>\n<\/p>\n<p><span class=\"wpcf7-form-control-wrap\" data-name=\"your-email\"><input size=\"40\" maxlength=\"400\" class=\"wpcf7-form-control wpcf7-email wpcf7-validates-as-required wpcf7-text wpcf7-validates-as-email\" aria-required=\"true\" aria-invalid=\"false\" placeholder=\"Email\" value=\"\" type=\"email\" name=\"your-email\" \/><\/span>\n<\/p>\n<p><span class=\"wpcf7-form-control-wrap\" data-name=\"your-message\"><textarea cols=\"40\" rows=\"10\" maxlength=\"2000\" class=\"wpcf7-form-control wpcf7-textarea\" aria-invalid=\"false\" placeholder=\"Mensaje\" name=\"your-message\"><\/textarea><\/span>\n<\/p>\n<p><span style=\"font-size:13px;\"><br \/>\nTratamos los datos que nos facilita con el fin de dar respuesta a la consulta sobre nuestros productos y servicios por cualquier medio (postal, email o tel\u00e9fono). Los datos proporcionados se conservar\u00e1n mientras no solicite el cese de la actividad. Los datos no se ceder\u00e1n a terceros salvo en los casos en que exista una obligaci\u00f3n legal. Usted tiene derecho a obtener confirmaci\u00f3n sobre si en HST estamos tratando sus datos personales por tanto tiene derecho a acceder a sus datos personales, rectificar los datos inexactos o solicitar su supresi\u00f3n cuando los datos ya no sean necesarios para los fines que fueron recogidos.<\/span>\n<\/p>\n<p><span style=\"font-size:13px;\"><br \/>\nDesea recibir comunicados de marketing de HST por correo electr\u00f3nico y entendiendo que sus datos personales se tratar\u00e1n como la <a href=\"\/politica-de-privacitat\/\" target=\"_blank\">pol\u00edtica de privacidad<\/a> <\/span>\n<\/p>\n<p><span class=\"wpcf7-form-control-wrap\" data-name=\"RGPD-accepto\"><span class=\"wpcf7-form-control wpcf7-checkbox wpcf7-validates-as-required wpcf7-exclusive-checkbox\"><span class=\"wpcf7-list-item first\"><label><input type=\"checkbox\" name=\"RGPD-accepto\" value=\"Si\" \/><span class=\"wpcf7-list-item-label\">Si<\/span><\/label><\/span><span class=\"wpcf7-list-item last\"><label><input type=\"checkbox\" name=\"RGPD-accepto\" value=\"No, gracias\" \/><span class=\"wpcf7-list-item-label\">No, gracias<\/span><\/label><\/span><\/span><\/span>\n<\/p>\n<p><br clear=\"all\" \/>\n<\/p>\n<p>\n\n<\/p>\n<p><input class=\"wpcf7-form-control wpcf7-submit has-spinner\" type=\"submit\" value=\"Enviar\" \/>\n<\/p><div class=\"wpcf7-response-output\" aria-hidden=\"true\"><\/div>\n<\/form>\n<\/div>\n[\/vc_column_inner][\/vc_row_inner][\/vc_column][\/vc_row][vc_row][vc_column][vc_column_text]<\/p>\n<p>&nbsp;<\/p>\n<p><em><strong>Quiz\u00e1s estamos buscando:<\/strong><\/em><br \/>\n<em>Material inform\u00e1tico para escuelas, aulas digitales, equipamientos PDI, soporte inform\u00e1tico para escuelas y centros educativos.<\/em>[\/vc_column_text][\/vc_column][\/vc_row]<\/p>\n<\/div>","protected":false},"excerpt":{"rendered":"<p>[vc_row full_width=\u00bbstretch_row_content\u00bb css=\u00bb.vc_custom_1435062873524{padding-top: 30px !important;padding-bottom: 30px !important;background-image: url(https:\/\/www.hst.cat\/wp-content\/uploads\/slider-background-lila.jpg?id=555) !important;background-position: center !important;background-repeat: no-repeat !important;background-size: cover !important;}\u00bb][vc_column width=\u00bb1\/2&#8243;][vc_single_image image=\u00bb3274&#8243; img_size=\u00bbfull\u00bb alignment=\u00bbcenter\u00bb css_animation=\u00bbleft-to-right\u00bb][\/vc_column][vc_column width=\u00bb1\/2&#8243;][vc_column_text css_animation=\u00bbright-to-left\u00bb css=\u00bb.vc_custom_1471339201522{padding-top: 20px !important;padding-right: 60px<span class=\"excerpt-hellip\"> [\u2026]<\/span><\/p>\n","protected":false},"author":5,"featured_media":0,"parent":0,"menu_order":0,"comment_status":"open","ping_status":"closed","template":"","meta":{"footnotes":""},"class_list":["post-3303","page","type-page","status-publish","hentry"],"yoast_head":"<!-- This site is optimized with the Yoast SEO plugin v27.5 - https:\/\/yoast.com\/product\/yoast-seo-wordpress\/ -->\n<title>Material y soporte inform\u00e1tico para centros educativos en Lleida<\/title>\n<meta name=\"description\" content=\"Los mejores equipamientos inform\u00e1ticos para colegios y centros educativos. Digitalizaci\u00f3n de aulas.\" \/>\n<meta name=\"robots\" content=\"index, follow, max-snippet:-1, max-image-preview:large, max-video-preview:-1\" \/>\n<link rel=\"canonical\" href=\"https:\/\/www.hst.cat\/es\/escentros-educativos\/\" \/>\n<meta property=\"og:locale\" content=\"es_ES\" \/>\n<meta property=\"og:type\" content=\"article\" \/>\n<meta property=\"og:title\" content=\"Material y soporte inform\u00e1tico para centros educativos en Lleida\" \/>\n<meta property=\"og:description\" content=\"Los mejores equipamientos inform\u00e1ticos para colegios y centros educativos. Digitalizaci\u00f3n de aulas.\" \/>\n<meta property=\"og:url\" content=\"https:\/\/www.hst.cat\/es\/escentros-educativos\/\" \/>\n<meta property=\"og:site_name\" content=\"Inform\u00e0tica Lleida HST\" \/>\n<meta property=\"article:modified_time\" content=\"2022-03-25T10:09:02+00:00\" \/>\n<meta name=\"twitter:label1\" content=\"Tiempo de lectura\" \/>\n\t<meta name=\"twitter:data1\" content=\"4 minutos\" \/>\n<script type=\"application\/ld+json\" class=\"yoast-schema-graph\">{\"@context\":\"https:\\\/\\\/schema.org\",\"@graph\":[{\"@type\":\"WebPage\",\"@id\":\"https:\\\/\\\/www.hst.cat\\\/es\\\/escentros-educativos\\\/\",\"url\":\"https:\\\/\\\/www.hst.cat\\\/es\\\/escentros-educativos\\\/\",\"name\":\"Material y soporte inform\u00e1tico para centros educativos en Lleida\",\"isPartOf\":{\"@id\":\"https:\\\/\\\/www.hst.cat\\\/#website\"},\"datePublished\":\"2016-08-16T09:39:05+00:00\",\"dateModified\":\"2022-03-25T10:09:02+00:00\",\"description\":\"Los mejores equipamientos inform\u00e1ticos para colegios y centros educativos. Digitalizaci\u00f3n de aulas.\",\"breadcrumb\":{\"@id\":\"https:\\\/\\\/www.hst.cat\\\/es\\\/escentros-educativos\\\/#breadcrumb\"},\"inLanguage\":\"es\",\"potentialAction\":[{\"@type\":\"ReadAction\",\"target\":[\"https:\\\/\\\/www.hst.cat\\\/es\\\/escentros-educativos\\\/\"]}]},{\"@type\":\"BreadcrumbList\",\"@id\":\"https:\\\/\\\/www.hst.cat\\\/es\\\/escentros-educativos\\\/#breadcrumb\",\"itemListElement\":[{\"@type\":\"ListItem\",\"position\":1,\"name\":\"Portada\",\"item\":\"https:\\\/\\\/www.hst.cat\\\/es\\\/\"},{\"@type\":\"ListItem\",\"position\":2,\"name\":\"Centros educativos\"}]},{\"@type\":\"WebSite\",\"@id\":\"https:\\\/\\\/www.hst.cat\\\/#website\",\"url\":\"https:\\\/\\\/www.hst.cat\\\/\",\"name\":\"Inform\u00e0tica Lleida HST\",\"description\":\"Oferim serveis d\u2019inform\u00e0tica i noves tecnologies per empreses. Servei t\u00e8cnic, Web, Soft Gesti\u00f3, Xarxes, Consultoria\",\"potentialAction\":[{\"@type\":\"SearchAction\",\"target\":{\"@type\":\"EntryPoint\",\"urlTemplate\":\"https:\\\/\\\/www.hst.cat\\\/?s={search_term_string}\"},\"query-input\":{\"@type\":\"PropertyValueSpecification\",\"valueRequired\":true,\"valueName\":\"search_term_string\"}}],\"inLanguage\":\"es\"}]}<\/script>\n<!-- \/ Yoast SEO plugin. -->","yoast_head_json":{"title":"Material y soporte inform\u00e1tico para centros educativos en Lleida","description":"Los mejores equipamientos inform\u00e1ticos para colegios y centros educativos. Digitalizaci\u00f3n de aulas.","robots":{"index":"index","follow":"follow","max-snippet":"max-snippet:-1","max-image-preview":"max-image-preview:large","max-video-preview":"max-video-preview:-1"},"canonical":"https:\/\/www.hst.cat\/es\/escentros-educativos\/","og_locale":"es_ES","og_type":"article","og_title":"Material y soporte inform\u00e1tico para centros educativos en Lleida","og_description":"Los mejores equipamientos inform\u00e1ticos para colegios y centros educativos. Digitalizaci\u00f3n de aulas.","og_url":"https:\/\/www.hst.cat\/es\/escentros-educativos\/","og_site_name":"Inform\u00e0tica Lleida HST","article_modified_time":"2022-03-25T10:09:02+00:00","twitter_misc":{"Tiempo de lectura":"4 minutos"},"schema":{"@context":"https:\/\/schema.org","@graph":[{"@type":"WebPage","@id":"https:\/\/www.hst.cat\/es\/escentros-educativos\/","url":"https:\/\/www.hst.cat\/es\/escentros-educativos\/","name":"Material y soporte inform\u00e1tico para centros educativos en Lleida","isPartOf":{"@id":"https:\/\/www.hst.cat\/#website"},"datePublished":"2016-08-16T09:39:05+00:00","dateModified":"2022-03-25T10:09:02+00:00","description":"Los mejores equipamientos inform\u00e1ticos para colegios y centros educativos. Digitalizaci\u00f3n de aulas.","breadcrumb":{"@id":"https:\/\/www.hst.cat\/es\/escentros-educativos\/#breadcrumb"},"inLanguage":"es","potentialAction":[{"@type":"ReadAction","target":["https:\/\/www.hst.cat\/es\/escentros-educativos\/"]}]},{"@type":"BreadcrumbList","@id":"https:\/\/www.hst.cat\/es\/escentros-educativos\/#breadcrumb","itemListElement":[{"@type":"ListItem","position":1,"name":"Portada","item":"https:\/\/www.hst.cat\/es\/"},{"@type":"ListItem","position":2,"name":"Centros educativos"}]},{"@type":"WebSite","@id":"https:\/\/www.hst.cat\/#website","url":"https:\/\/www.hst.cat\/","name":"Inform\u00e0tica Lleida HST","description":"Oferim serveis d\u2019inform\u00e0tica i noves tecnologies per empreses. Servei t\u00e8cnic, Web, Soft Gesti\u00f3, Xarxes, Consultoria","potentialAction":[{"@type":"SearchAction","target":{"@type":"EntryPoint","urlTemplate":"https:\/\/www.hst.cat\/?s={search_term_string}"},"query-input":{"@type":"PropertyValueSpecification","valueRequired":true,"valueName":"search_term_string"}}],"inLanguage":"es"}]}},"jetpack_shortlink":"https:\/\/wp.me\/P7Yfwy-Rh","jetpack_sharing_enabled":true,"_links":{"self":[{"href":"https:\/\/www.hst.cat\/es\/wp-json\/wp\/v2\/pages\/3303","targetHints":{"allow":["GET"]}}],"collection":[{"href":"https:\/\/www.hst.cat\/es\/wp-json\/wp\/v2\/pages"}],"about":[{"href":"https:\/\/www.hst.cat\/es\/wp-json\/wp\/v2\/types\/page"}],"author":[{"embeddable":true,"href":"https:\/\/www.hst.cat\/es\/wp-json\/wp\/v2\/users\/5"}],"replies":[{"embeddable":true,"href":"https:\/\/www.hst.cat\/es\/wp-json\/wp\/v2\/comments?post=3303"}],"version-history":[{"count":10,"href":"https:\/\/www.hst.cat\/es\/wp-json\/wp\/v2\/pages\/3303\/revisions"}],"predecessor-version":[{"id":9537,"href":"https:\/\/www.hst.cat\/es\/wp-json\/wp\/v2\/pages\/3303\/revisions\/9537"}],"wp:attachment":[{"href":"https:\/\/www.hst.cat\/es\/wp-json\/wp\/v2\/media?parent=3303"}],"curies":[{"name":"wp","href":"https:\/\/api.w.org\/{rel}","templated":true}]}}