{"id":3661,"date":"2017-03-28T15:19:41","date_gmt":"2017-03-28T13:19:41","guid":{"rendered":"http:\/\/hst.cat\/?page_id=3661\/"},"modified":"2023-09-26T14:58:34","modified_gmt":"2023-09-26T12:58:34","slug":"sage-50c-2","status":"publish","type":"page","link":"https:\/\/www.hst.cat\/es\/sage-50c-2\/","title":{"rendered":"Sage 50c"},"content":{"rendered":"<p><\/p>\n","protected":false},"excerpt":{"rendered":"","protected":false},"author":2,"featured_media":0,"parent":0,"menu_order":0,"comment_status":"open","ping_status":"closed","template":"","meta":{"footnotes":""},"class_list":["post-3661","page","type-page","status-publish","hentry"],"yoast_head":"<!-- This site is optimized with the Yoast SEO plugin v27.3 - https:\/\/yoast.com\/product\/yoast-seo-wordpress\/ -->\n<title>Sage 50c Lleida<\/title>\n<meta name=\"description\" content=\"Software de gesti\u00f3n comercial y contabilidad integrada ideal para Pymes. HST distribuimos e implantamos Sage 50c en tu empresa.\" \/>\n<meta name=\"robots\" content=\"index, follow, max-snippet:-1, max-image-preview:large, max-video-preview:-1\" \/>\n<link rel=\"canonical\" href=\"https:\/\/www.hst.cat\/es\/sage-50c-2\/\" \/>\n<meta property=\"og:locale\" content=\"es_ES\" \/>\n<meta property=\"og:type\" content=\"article\" \/>\n<meta property=\"og:title\" content=\"Sage 50c Lleida\" \/>\n<meta property=\"og:description\" content=\"Software de gesti\u00f3n comercial y contabilidad integrada ideal para Pymes. HST distribuimos e implantamos Sage 50c en tu empresa.\" \/>\n<meta property=\"og:url\" content=\"https:\/\/www.hst.cat\/es\/sage-50c-2\/\" \/>\n<meta property=\"og:site_name\" content=\"Inform\u00e0tica Lleida HST\" \/>\n<meta property=\"article:modified_time\" content=\"2023-09-26T12:58:34+00:00\" \/>\n<script type=\"application\/ld+json\" class=\"yoast-schema-graph\">{\"@context\":\"https:\\\/\\\/schema.org\",\"@graph\":[{\"@type\":\"WebPage\",\"@id\":\"https:\\\/\\\/www.hst.cat\\\/es\\\/sage-50c-2\\\/\",\"url\":\"https:\\\/\\\/www.hst.cat\\\/es\\\/sage-50c-2\\\/\",\"name\":\"Sage 50c Lleida\",\"isPartOf\":{\"@id\":\"https:\\\/\\\/www.hst.cat\\\/#website\"},\"datePublished\":\"2017-03-28T13:19:41+00:00\",\"dateModified\":\"2023-09-26T12:58:34+00:00\",\"description\":\"Software de gesti\u00f3n comercial y contabilidad integrada ideal para Pymes. HST distribuimos e implantamos Sage 50c en tu empresa.\",\"breadcrumb\":{\"@id\":\"https:\\\/\\\/www.hst.cat\\\/es\\\/sage-50c-2\\\/#breadcrumb\"},\"inLanguage\":\"es\",\"potentialAction\":[{\"@type\":\"ReadAction\",\"target\":[\"https:\\\/\\\/www.hst.cat\\\/es\\\/sage-50c-2\\\/\"]}]},{\"@type\":\"BreadcrumbList\",\"@id\":\"https:\\\/\\\/www.hst.cat\\\/es\\\/sage-50c-2\\\/#breadcrumb\",\"itemListElement\":[{\"@type\":\"ListItem\",\"position\":1,\"name\":\"Portada\",\"item\":\"https:\\\/\\\/www.hst.cat\\\/es\\\/\"},{\"@type\":\"ListItem\",\"position\":2,\"name\":\"Sage 50c\"}]},{\"@type\":\"WebSite\",\"@id\":\"https:\\\/\\\/www.hst.cat\\\/#website\",\"url\":\"https:\\\/\\\/www.hst.cat\\\/\",\"name\":\"Inform\u00e0tica Lleida HST\",\"description\":\"Oferim serveis d\u2019inform\u00e0tica i noves tecnologies per empreses. Servei t\u00e8cnic, Web, Soft Gesti\u00f3, Xarxes, Consultoria\",\"potentialAction\":[{\"@type\":\"SearchAction\",\"target\":{\"@type\":\"EntryPoint\",\"urlTemplate\":\"https:\\\/\\\/www.hst.cat\\\/?s={search_term_string}\"},\"query-input\":{\"@type\":\"PropertyValueSpecification\",\"valueRequired\":true,\"valueName\":\"search_term_string\"}}],\"inLanguage\":\"es\"}]}<\/script>\n<!-- \/ Yoast SEO plugin. -->","yoast_head_json":{"title":"Sage 50c Lleida","description":"Software de gesti\u00f3n comercial y contabilidad integrada ideal para Pymes. HST distribuimos e implantamos Sage 50c en tu empresa.","robots":{"index":"index","follow":"follow","max-snippet":"max-snippet:-1","max-image-preview":"max-image-preview:large","max-video-preview":"max-video-preview:-1"},"canonical":"https:\/\/www.hst.cat\/es\/sage-50c-2\/","og_locale":"es_ES","og_type":"article","og_title":"Sage 50c Lleida","og_description":"Software de gesti\u00f3n comercial y contabilidad integrada ideal para Pymes. HST distribuimos e implantamos Sage 50c en tu empresa.","og_url":"https:\/\/www.hst.cat\/es\/sage-50c-2\/","og_site_name":"Inform\u00e0tica Lleida HST","article_modified_time":"2023-09-26T12:58:34+00:00","schema":{"@context":"https:\/\/schema.org","@graph":[{"@type":"WebPage","@id":"https:\/\/www.hst.cat\/es\/sage-50c-2\/","url":"https:\/\/www.hst.cat\/es\/sage-50c-2\/","name":"Sage 50c Lleida","isPartOf":{"@id":"https:\/\/www.hst.cat\/#website"},"datePublished":"2017-03-28T13:19:41+00:00","dateModified":"2023-09-26T12:58:34+00:00","description":"Software de gesti\u00f3n comercial y contabilidad integrada ideal para Pymes. HST distribuimos e implantamos Sage 50c en tu empresa.","breadcrumb":{"@id":"https:\/\/www.hst.cat\/es\/sage-50c-2\/#breadcrumb"},"inLanguage":"es","potentialAction":[{"@type":"ReadAction","target":["https:\/\/www.hst.cat\/es\/sage-50c-2\/"]}]},{"@type":"BreadcrumbList","@id":"https:\/\/www.hst.cat\/es\/sage-50c-2\/#breadcrumb","itemListElement":[{"@type":"ListItem","position":1,"name":"Portada","item":"https:\/\/www.hst.cat\/es\/"},{"@type":"ListItem","position":2,"name":"Sage 50c"}]},{"@type":"WebSite","@id":"https:\/\/www.hst.cat\/#website","url":"https:\/\/www.hst.cat\/","name":"Inform\u00e0tica Lleida HST","description":"Oferim serveis d\u2019inform\u00e0tica i noves tecnologies per empreses. Servei t\u00e8cnic, Web, Soft Gesti\u00f3, Xarxes, Consultoria","potentialAction":[{"@type":"SearchAction","target":{"@type":"EntryPoint","urlTemplate":"https:\/\/www.hst.cat\/?s={search_term_string}"},"query-input":{"@type":"PropertyValueSpecification","valueRequired":true,"valueName":"search_term_string"}}],"inLanguage":"es"}]}},"jetpack_shortlink":"https:\/\/wp.me\/P7Yfwy-X3","jetpack_sharing_enabled":true,"_links":{"self":[{"href":"https:\/\/www.hst.cat\/es\/wp-json\/wp\/v2\/pages\/3661","targetHints":{"allow":["GET"]}}],"collection":[{"href":"https:\/\/www.hst.cat\/es\/wp-json\/wp\/v2\/pages"}],"about":[{"href":"https:\/\/www.hst.cat\/es\/wp-json\/wp\/v2\/types\/page"}],"author":[{"embeddable":true,"href":"https:\/\/www.hst.cat\/es\/wp-json\/wp\/v2\/users\/2"}],"replies":[{"embeddable":true,"href":"https:\/\/www.hst.cat\/es\/wp-json\/wp\/v2\/comments?post=3661"}],"version-history":[{"count":8,"href":"https:\/\/www.hst.cat\/es\/wp-json\/wp\/v2\/pages\/3661\/revisions"}],"predecessor-version":[{"id":22967,"href":"https:\/\/www.hst.cat\/es\/wp-json\/wp\/v2\/pages\/3661\/revisions\/22967"}],"wp:attachment":[{"href":"https:\/\/www.hst.cat\/es\/wp-json\/wp\/v2\/media?parent=3661"}],"curies":[{"name":"wp","href":"https:\/\/api.w.org\/{rel}","templated":true}]}}