{"id":3780,"date":"2017-05-24T16:07:05","date_gmt":"2017-05-24T14:07:05","guid":{"rendered":"http:\/\/hst.cat\/?page_id=3780\/"},"modified":"2022-03-25T11:47:16","modified_gmt":"2022-03-25T10:47:16","slug":"mail-marketing","status":"publish","type":"page","link":"https:\/\/www.hst.cat\/es\/mail-marketing\/","title":{"rendered":"Mail Marketing"},"content":{"rendered":"<div class=\"wpb-content-wrapper\"><p>[vc_row css=\u00bb.vc_custom_1435062889059{padding-top: 30px !important;padding-bottom: 30px !important;background-image: url(https:\/\/www.hst.cat\/wp-content\/uploads\/slider-background-lila.jpg?id=555) !important;background-position: center !important;background-repeat: no-repeat !important;background-size: cover !important;}\u00bb full_width=\u00bbstretch_row_content\u00bb][vc_column width=\u00bb1\/2&#8243;][vc_single_image image=\u00bb825&#8243; css_animation=\u00bbleft-to-right\u00bb alignment=\u00bbcenter\u00bb border_color=\u00bbgrey\u00bb img_link_target=\u00bb_self\u00bb img_size=\u00bbfull\u00bb img_link_large=\u00bb\u00bb][\/vc_column][vc_column width=\u00bb1\/2&#8243;][vc_column_text css=\u00bb.vc_custom_1431695696657{padding-top: 20px !important;padding-right: 60px !important;padding-bottom: 20px !important;padding-left: 0px !important;}\u00bb css_animation=\u00bbright-to-left\u00bb]<\/p>\n<h1 style=\"font-size: 3em;\">Mail Marketing<\/h1>\n<h3>Te ofrecemos una de las herramientas m\u00e1s poderosa para hacer m\u00e1rketing a trav\u00e9s del web<\/h3>\n<p>[\/vc_column_text][vc_column_text css=\u00bb.vc_custom_1431696223742{padding-top: 0px !important;padding-right: 60px !important;padding-bottom: 20px !important;padding-left: 0px !important;}\u00bb css_animation=\u00bbbottom-to-top\u00bb]El Email M\u00e1rketing consiste en el uso del correo elect\u00f3nico para realizar comunicaciones de m\u00e1rqueting directo, que generalmente consiste en campa\u00f1as comerciales para la captaci\u00f3n de clientes o acciones de fidelizaci\u00f3n.<\/p>\n<p>Con nuestros servicios de Email Marketing podr\u00e1s enviar campa\u00f1as de eCards, tarjetas, newsletter, promociones, not\u00edcias, alertas, novedades, eventos e invitaciones, suscripciones y otra informaci\u00f3n de forma r\u00e1pida, segura, econ\u00f3mica y mesurable.[\/vc_column_text][\/vc_column][\/vc_row][vc_row][vc_column width=\u00bb2\/3&#8243; css=\u00bb.vc_custom_1422807004299{padding-right: 60px !important;}\u00bb][vc_row_inner][vc_column_inner width=\u00bb1\/2&#8243;][vc_message message_box_style=\u00bboutline\u00bb style=\u00bbround\u00bb message_box_color=\u00bbgrey\u00bb icon_type=\u00bbfontawesome\u00bb icon_fontawesome=\u00bbfa fa-male\u00bb icon_openiconic=\u00bbvc-oi vc-oi-dial\u00bb icon_typicons=\u00bbtypcn typcn-adjust-brightness\u00bb icon_entypo=\u00bbentypo-icon entypo-icon-note\u00bb icon_linecons=\u00bbvc_li vc_li-heart\u00bb icon_pixelicons=\u00bbvc_pixel_icon vc_pixel_icon-alert\u00bb css_animation=\u00bbappear\u00bb]<i>\u00bfTe gustar\u00eda poder enviar emails personalizados que sean recibidos por tus clientes visualizando un saludo con su nombre y dirigido a ellos en particular?<\/i>[\/vc_message][\/vc_column_inner][vc_column_inner width=\u00bb1\/2&#8243;][vc_message message_box_style=\u00bboutline\u00bb style=\u00bbround\u00bb message_box_color=\u00bbgrey\u00bb icon_type=\u00bbfontawesome\u00bb icon_fontawesome=\u00bbfa fa-search\u00bb icon_openiconic=\u00bbvc-oi vc-oi-dial\u00bb icon_typicons=\u00bbtypcn typcn-adjust-brightness\u00bb icon_entypo=\u00bbentypo-icon entypo-icon-note\u00bb icon_linecons=\u00bbvc_li vc_li-heart\u00bb icon_pixelicons=\u00bbvc_pixel_icon vc_pixel_icon-alert\u00bb css_animation=\u00bbappear\u00bb]<i>\u00bfTe gustar\u00eda saber qu\u00e9 receptores han abierto tus correos, si han pulsado alg\u00fan enlace en el mismo que dirig\u00eda a tu web y por cu\u00e1les productos se han interesado?<\/i>[\/vc_message][\/vc_column_inner][\/vc_row_inner][vc_column_text]<\/p>\n<h3>Todo esto y mucho m\u00e1s es posible con nuestros servicios de Mail Marketing-<\/h3>\n<p>[\/vc_column_text][vc_row_inner][vc_column_inner width=\u00bb1\/2&#8243;]<div class=\"icon_box icon_position_left has_border\"><div class=\"icon_wrapper\"><div class=\"icon\"><i class=\"icon-users\" aria-hidden=\"true\"><\/i><\/div><\/div><div class=\"desc_wrapper\"><h4 class=\"title \">Mejorar la relaci\u00f3n comercial<\/h4><div class=\"desc\">Env\u00edo de emails personalizados con tu nombre en el saludo y otros campos personalizados.<\/div><\/div><\/div>\n[\/vc_column_inner][vc_column_inner width=\u00bb1\/2&#8243;]<div class=\"icon_box icon_position_left no_border\"><div class=\"icon_wrapper\"><div class=\"icon\"><i class=\"icon-heart-empty-fa\" aria-hidden=\"true\"><\/i><\/div><\/div><div class=\"desc_wrapper\"><h4 class=\"title \">Fidelizaci\u00f3n de clientes<\/h4><div class=\"desc\">Permite hacer acciones de marketing para fidelizar los clientes.<\/div><\/div><\/div>\n[\/vc_column_inner][\/vc_row_inner][vc_row_inner][vc_column_inner width=\u00bb1\/2&#8243;]<div class=\"icon_box icon_position_left has_border\"><div class=\"icon_wrapper\"><div class=\"icon\"><i class=\"icon-basket\" aria-hidden=\"true\"><\/i><\/div><\/div><div class=\"desc_wrapper\"><h4 class=\"title \">M\u00e1s ventas<\/h4><div class=\"desc\">Aumentar y estimular las ventas<\/div><\/div><\/div>\n[\/vc_column_inner][vc_column_inner width=\u00bb1\/2&#8243;]<div class=\"icon_box icon_position_left no_border\"><div class=\"icon_wrapper\"><div class=\"icon\"><i class=\"icon-vcard\" aria-hidden=\"true\"><\/i><\/div><\/div><div class=\"desc_wrapper\"><h4 class=\"title \">Para ganar nuevos clientes<\/h4><div class=\"desc\">Aumenta el n\u00famero de oportunidades comerciales<\/div><\/div><\/div>\n[\/vc_column_inner][\/vc_row_inner][vc_column_text]<\/p>\n<h2>\u00bfQu\u00e9 servicios ofrecemos?<\/h2>\n<h4 style=\"color: #c0c0c0;\">Los servicios de email marketing que ofrecemos abastecen todos los aspectos necesarios para conseguir el \u00e9xito en tus campa\u00f1as.<\/h4>\n<p>[\/vc_column_text][vc_row_inner][vc_column_inner width=\u00bb1\/1&#8243;]<div class=\"list_item lists_2 clearfix\"><div class=\"list_left list_icon\"><i class=\"icon-eye-line\" aria-hidden=\"true\"><\/i><\/div><div class=\"list_right\"><div class=\"desc\"><\/p>\n<h3>Gesti\u00f3n completa de campa\u00f1as<\/h3>\n<p>Asesoramiento permanente para dise\u00f1as y administrar tus campanyas de Email Marketing.Ponemos nuestra experiencia y recursos en elaborar tus campa\u00f1as analizando las diferentes variantes que permite el Email Marketing y buscando que tu campa\u00f1a supere las metas y objetivos planteados.<\/div><\/div><\/div>\n<div class=\"list_item lists_2 clearfix\"><div class=\"list_left list_icon\"><i class=\"icon-lamp\" aria-hidden=\"true\"><\/i><\/div><div class=\"list_right\"><div class=\"desc\"><\/p>\n<h3>Dise\u00f1o creativo de contenidos<\/h3>\n<p>En sus diferentes variantes: eCards, newsletter, promociones, invitaciones, not\u00edcias, etc.<\/div><\/div><\/div>\n<div class=\"list_item lists_2 clearfix\"><div class=\"list_left list_icon\"><i class=\"icon-window\" aria-hidden=\"true\"><\/i><\/div><div class=\"list_right\"><div class=\"desc\"><\/p>\n<h3>Dise\u00f1o web de landing pages y microsites<\/h3>\n<p>A su medida, optimizadas para convertir las visitas en ventas y contactos.<\/div><\/div><\/div>\n<div class=\"list_item lists_2 clearfix\"><div class=\"list_left list_icon\"><i class=\"icon-doc-text\" aria-hidden=\"true\"><\/i><\/div><div class=\"list_right\"><div class=\"desc\"><\/p>\n<h3>Dise\u00f1o de encuestas a trav\u00e9s del Email<\/h3>\n<p>Obt\u00e9n la informaci\u00f3n de tus clientes de forma autom\u00e1tica.<\/div><\/div><\/div>\n<div class=\"list_item lists_2 clearfix\"><div class=\"list_left list_icon\"><i class=\"icon-database-line\" aria-hidden=\"true\"><\/i><\/div><div class=\"list_right\"><div class=\"desc\"><\/p>\n<h3>Administraci\u00f3n de base de datos.<\/h3>\n<p>Nos encargamos de filtrar tus contactos, correcci\u00f3n y segmentaci\u00f3n de base de datos. Administraci\u00f3n de correos electr\u00f3nico rebotados para futuras campa\u00f1as.<\/div><\/div><\/div>\n<div class=\"list_item lists_2 clearfix\"><div class=\"list_left list_icon\"><i class=\"icon-mail-line\" aria-hidden=\"true\"><\/i><\/div><div class=\"list_right\"><div class=\"desc\"><\/p>\n<h3>Env\u00edo y seguimiento de campa\u00f1as<\/h3>\n<p>Realizamos el env\u00edo de tu campa\u00f1a de Email Marketing, sea dise\u00f1ado por nosotros o contenidos que publiquen, y realizamos su seguimiento.<\/div><\/div><\/div>\n<div class=\"list_item lists_2 clearfix\"><div class=\"list_left list_icon\"><i class=\"icon-chart-line\" aria-hidden=\"true\"><\/i><\/div><div class=\"list_right\"><div class=\"desc\"><\/p>\n<h3>Generaci\u00f3n y an\u00e1lisis de informes.<\/h3>\n<p>Analizamos los resultados de las campa\u00f1as.<\/div><\/div><\/div>\n[\/vc_column_inner][\/vc_row_inner][vc_row_inner][vc_column_inner width=\u00bb1\/1&#8243;]<div class=\"infobox\" ><h3 class=\"title \">5 razones que definen el email marketing como la herramientas m\u00e1s poderosa a trav\u00e9s de la web:<\/h3><div class=\"infobox_wrapper\"><span class=\"ib-desc\"><\/p>\n<ul>\n<li>Registra tasas de conversi\u00f3n superiores a la media del resto de estrategias digitales<\/li>\n<li>Es la t\u00e9cnica que mayor ROI reporta<\/li>\n<li>Contribuye a aumentar la base de contactos interesados<\/li>\n<li>Es una t\u00e9cnica perfectamente integrable dentro de la estrategia de marketing<\/li>\n<li>Los usuarios continuan consultando su correo de entrada a diario<\/li>\n<\/ul>\n<p><\/span><\/div><\/div>\n[\/vc_column_inner][\/vc_row_inner][\/vc_column][vc_column width=\u00bb1\/3&#8243;]\n<div class=\"wpcf7 no-js\" id=\"wpcf7-f1621-o1\" lang=\"es-ES\" dir=\"ltr\" data-wpcf7-id=\"1621\">\n<div class=\"screen-reader-response\"><p role=\"status\" aria-live=\"polite\" aria-atomic=\"true\"><\/p> <ul><\/ul><\/div>\n<form action=\"\/es\/wp-json\/wp\/v2\/pages\/3780#wpcf7-f1621-o1\" method=\"post\" class=\"wpcf7-form init\" aria-label=\"Formulario de contacto\" novalidate=\"novalidate\" data-status=\"init\">\n<fieldset class=\"hidden-fields-container\"><input type=\"hidden\" name=\"_wpcf7\" value=\"1621\" \/><input type=\"hidden\" name=\"_wpcf7_version\" value=\"6.1.5\" \/><input type=\"hidden\" name=\"_wpcf7_locale\" value=\"es_ES\" \/><input type=\"hidden\" name=\"_wpcf7_unit_tag\" value=\"wpcf7-f1621-o1\" \/><input type=\"hidden\" name=\"_wpcf7_container_post\" value=\"0\" \/><input type=\"hidden\" name=\"_wpcf7_posted_data_hash\" value=\"\" \/><input type=\"hidden\" name=\"_wpcf7cf_hidden_group_fields\" value=\"[]\" \/><input type=\"hidden\" name=\"_wpcf7cf_hidden_groups\" value=\"[]\" \/><input type=\"hidden\" name=\"_wpcf7cf_visible_groups\" value=\"[]\" \/><input type=\"hidden\" name=\"_wpcf7cf_repeaters\" value=\"[]\" \/><input type=\"hidden\" name=\"_wpcf7cf_steps\" value=\"{}\" \/><input type=\"hidden\" name=\"_wpcf7cf_options\" value=\"{&quot;form_id&quot;:1621,&quot;conditions&quot;:[],&quot;settings&quot;:{&quot;animation&quot;:&quot;yes&quot;,&quot;animation_intime&quot;:200,&quot;animation_outtime&quot;:200,&quot;conditions_ui&quot;:&quot;normal&quot;,&quot;notice_dismissed&quot;:false,&quot;notice_dismissed_rollback-cf7-5.9.2&quot;:true,&quot;notice_dismissed_rollback-cf7-5.9.4&quot;:true,&quot;notice_dismissed_rollback-cf7-5.9.5&quot;:true,&quot;notice_dismissed_rollback-cf7-5.9.6&quot;:true,&quot;notice_dismissed_update-cf7-6.1.4&quot;:true}}\" \/><input type=\"hidden\" name=\"_wpcf7_recaptcha_response\" value=\"\" \/>\n<\/fieldset>\n<p><span class=\"wpcf7-form-control-wrap\" data-name=\"your-name\"><input size=\"40\" maxlength=\"400\" class=\"wpcf7-form-control wpcf7-text wpcf7-validates-as-required\" aria-required=\"true\" aria-invalid=\"false\" placeholder=\"Nombre\" value=\"\" type=\"text\" name=\"your-name\" \/><\/span>\n<\/p>\n<p><span class=\"wpcf7-form-control-wrap\" data-name=\"your-email\"><input size=\"40\" maxlength=\"400\" class=\"wpcf7-form-control wpcf7-email wpcf7-validates-as-required wpcf7-text wpcf7-validates-as-email\" aria-required=\"true\" aria-invalid=\"false\" placeholder=\"Email\" value=\"\" type=\"email\" name=\"your-email\" \/><\/span>\n<\/p>\n<p><span class=\"wpcf7-form-control-wrap\" data-name=\"your-message\"><textarea cols=\"40\" rows=\"10\" maxlength=\"2000\" class=\"wpcf7-form-control wpcf7-textarea\" aria-invalid=\"false\" placeholder=\"Mensaje\" name=\"your-message\"><\/textarea><\/span>\n<\/p>\n<p><span style=\"font-size:13px;\"><br \/>\nTratamos los datos que nos facilita con el fin de dar respuesta a la consulta sobre nuestros productos y servicios por cualquier medio (postal, email o tel\u00e9fono). Los datos proporcionados se conservar\u00e1n mientras no solicite el cese de la actividad. Los datos no se ceder\u00e1n a terceros salvo en los casos en que exista una obligaci\u00f3n legal. Usted tiene derecho a obtener confirmaci\u00f3n sobre si en HST estamos tratando sus datos personales por tanto tiene derecho a acceder a sus datos personales, rectificar los datos inexactos o solicitar su supresi\u00f3n cuando los datos ya no sean necesarios para los fines que fueron recogidos.<\/span>\n<\/p>\n<p><span style=\"font-size:13px;\"><br \/>\nDesea recibir comunicados de marketing de HST por correo electr\u00f3nico y entendiendo que sus datos personales se tratar\u00e1n como la <a href=\"\/politica-de-privacitat\/\" target=\"_blank\">pol\u00edtica de privacidad<\/a> <\/span>\n<\/p>\n<p><span class=\"wpcf7-form-control-wrap\" data-name=\"RGPD-accepto\"><span class=\"wpcf7-form-control wpcf7-checkbox wpcf7-validates-as-required wpcf7-exclusive-checkbox\"><span class=\"wpcf7-list-item first\"><label><input type=\"checkbox\" name=\"RGPD-accepto\" value=\"Si\" \/><span class=\"wpcf7-list-item-label\">Si<\/span><\/label><\/span><span class=\"wpcf7-list-item last\"><label><input type=\"checkbox\" name=\"RGPD-accepto\" value=\"No, gracias\" \/><span class=\"wpcf7-list-item-label\">No, gracias<\/span><\/label><\/span><\/span><\/span>\n<\/p>\n<p><br clear=\"all\" \/>\n<\/p>\n<p>\n\n<\/p>\n<p><input class=\"wpcf7-form-control wpcf7-submit has-spinner\" type=\"submit\" value=\"Enviar\" \/>\n<\/p><div class=\"wpcf7-response-output\" aria-hidden=\"true\"><\/div>\n<\/form>\n<\/div>\n[\/vc_column][\/vc_row][vc_row][vc_column width=\u00bb1\/1&#8243;][vc_column_text]<\/p>\n<p>&nbsp;<\/p>\n<p>&nbsp;<\/p>\n<p><strong>Quiz\u00e1s estabas buscando :<\/strong><\/p>\n<p><em>email marketing en Lleida, campa\u00f1as mail Lleida, mailchimp Lleida<\/em>[\/vc_column_text][\/vc_column][\/vc_row]<\/p>\n<\/div>","protected":false},"excerpt":{"rendered":"<p>[vc_row css=\u00bb.vc_custom_1435062889059{padding-top: 30px !important;padding-bottom: 30px !important;background-image: url(https:\/\/www.hst.cat\/wp-content\/uploads\/slider-background-lila.jpg?id=555) !important;background-position: center !important;background-repeat: no-repeat !important;background-size: cover !important;}\u00bb full_width=\u00bbstretch_row_content\u00bb][vc_column width=\u00bb1\/2&#8243;][vc_single_image image=\u00bb825&#8243; css_animation=\u00bbleft-to-right\u00bb alignment=\u00bbcenter\u00bb border_color=\u00bbgrey\u00bb img_link_target=\u00bb_self\u00bb img_size=\u00bbfull\u00bb img_link_large=\u00bb\u00bb][\/vc_column][vc_column width=\u00bb1\/2&#8243;][vc_column_text css=\u00bb.vc_custom_1431695696657{padding-top: 20px<span class=\"excerpt-hellip\"> [\u2026]<\/span><\/p>\n","protected":false},"author":2,"featured_media":0,"parent":0,"menu_order":0,"comment_status":"open","ping_status":"closed","template":"","meta":{"footnotes":""},"class_list":["post-3780","page","type-page","status-publish","hentry"],"yoast_head":"<!-- This site is optimized with the Yoast SEO plugin v27.4 - https:\/\/yoast.com\/product\/yoast-seo-wordpress\/ -->\n<title>Mail Marketing Lleida,mailchimp Lleida<\/title>\n<meta name=\"description\" content=\"Le ofrecemos una de las herramientas m\u00e1s poderosas para hacer marketing a trav\u00e9s de la web mediante campa\u00f1as comerciales (correo electr\u00f3nico )\" \/>\n<meta name=\"robots\" content=\"index, follow, max-snippet:-1, max-image-preview:large, max-video-preview:-1\" \/>\n<link rel=\"canonical\" href=\"https:\/\/www.hst.cat\/es\/mail-marketing\/\" \/>\n<meta property=\"og:locale\" content=\"es_ES\" \/>\n<meta property=\"og:type\" content=\"article\" \/>\n<meta property=\"og:title\" content=\"Mail Marketing Lleida,mailchimp Lleida\" \/>\n<meta property=\"og:description\" content=\"Le ofrecemos una de las herramientas m\u00e1s poderosas para hacer marketing a trav\u00e9s de la web mediante campa\u00f1as comerciales (correo electr\u00f3nico )\" \/>\n<meta property=\"og:url\" content=\"https:\/\/www.hst.cat\/es\/mail-marketing\/\" \/>\n<meta property=\"og:site_name\" content=\"Inform\u00e0tica Lleida HST\" \/>\n<meta property=\"article:modified_time\" content=\"2022-03-25T10:47:16+00:00\" \/>\n<meta name=\"twitter:label1\" content=\"Tiempo de lectura\" \/>\n\t<meta name=\"twitter:data1\" content=\"5 minutos\" \/>\n<script type=\"application\/ld+json\" class=\"yoast-schema-graph\">{\"@context\":\"https:\\\/\\\/schema.org\",\"@graph\":[{\"@type\":\"WebPage\",\"@id\":\"https:\\\/\\\/www.hst.cat\\\/es\\\/mail-marketing\\\/\",\"url\":\"https:\\\/\\\/www.hst.cat\\\/es\\\/mail-marketing\\\/\",\"name\":\"Mail Marketing Lleida,mailchimp Lleida\",\"isPartOf\":{\"@id\":\"https:\\\/\\\/www.hst.cat\\\/#website\"},\"datePublished\":\"2017-05-24T14:07:05+00:00\",\"dateModified\":\"2022-03-25T10:47:16+00:00\",\"description\":\"Le ofrecemos una de las herramientas m\u00e1s poderosas para hacer marketing a trav\u00e9s de la web mediante campa\u00f1as comerciales (correo electr\u00f3nico )\",\"breadcrumb\":{\"@id\":\"https:\\\/\\\/www.hst.cat\\\/es\\\/mail-marketing\\\/#breadcrumb\"},\"inLanguage\":\"es\",\"potentialAction\":[{\"@type\":\"ReadAction\",\"target\":[\"https:\\\/\\\/www.hst.cat\\\/es\\\/mail-marketing\\\/\"]}]},{\"@type\":\"BreadcrumbList\",\"@id\":\"https:\\\/\\\/www.hst.cat\\\/es\\\/mail-marketing\\\/#breadcrumb\",\"itemListElement\":[{\"@type\":\"ListItem\",\"position\":1,\"name\":\"Portada\",\"item\":\"https:\\\/\\\/www.hst.cat\\\/es\\\/\"},{\"@type\":\"ListItem\",\"position\":2,\"name\":\"Mail Marketing\"}]},{\"@type\":\"WebSite\",\"@id\":\"https:\\\/\\\/www.hst.cat\\\/#website\",\"url\":\"https:\\\/\\\/www.hst.cat\\\/\",\"name\":\"Inform\u00e0tica Lleida HST\",\"description\":\"Oferim serveis d\u2019inform\u00e0tica i noves tecnologies per empreses. Servei t\u00e8cnic, Web, Soft Gesti\u00f3, Xarxes, Consultoria\",\"potentialAction\":[{\"@type\":\"SearchAction\",\"target\":{\"@type\":\"EntryPoint\",\"urlTemplate\":\"https:\\\/\\\/www.hst.cat\\\/?s={search_term_string}\"},\"query-input\":{\"@type\":\"PropertyValueSpecification\",\"valueRequired\":true,\"valueName\":\"search_term_string\"}}],\"inLanguage\":\"es\"}]}<\/script>\n<!-- \/ Yoast SEO plugin. -->","yoast_head_json":{"title":"Mail Marketing Lleida,mailchimp Lleida","description":"Le ofrecemos una de las herramientas m\u00e1s poderosas para hacer marketing a trav\u00e9s de la web mediante campa\u00f1as comerciales (correo electr\u00f3nico )","robots":{"index":"index","follow":"follow","max-snippet":"max-snippet:-1","max-image-preview":"max-image-preview:large","max-video-preview":"max-video-preview:-1"},"canonical":"https:\/\/www.hst.cat\/es\/mail-marketing\/","og_locale":"es_ES","og_type":"article","og_title":"Mail Marketing Lleida,mailchimp Lleida","og_description":"Le ofrecemos una de las herramientas m\u00e1s poderosas para hacer marketing a trav\u00e9s de la web mediante campa\u00f1as comerciales (correo electr\u00f3nico )","og_url":"https:\/\/www.hst.cat\/es\/mail-marketing\/","og_site_name":"Inform\u00e0tica Lleida HST","article_modified_time":"2022-03-25T10:47:16+00:00","twitter_misc":{"Tiempo de lectura":"5 minutos"},"schema":{"@context":"https:\/\/schema.org","@graph":[{"@type":"WebPage","@id":"https:\/\/www.hst.cat\/es\/mail-marketing\/","url":"https:\/\/www.hst.cat\/es\/mail-marketing\/","name":"Mail Marketing Lleida,mailchimp Lleida","isPartOf":{"@id":"https:\/\/www.hst.cat\/#website"},"datePublished":"2017-05-24T14:07:05+00:00","dateModified":"2022-03-25T10:47:16+00:00","description":"Le ofrecemos una de las herramientas m\u00e1s poderosas para hacer marketing a trav\u00e9s de la web mediante campa\u00f1as comerciales (correo electr\u00f3nico )","breadcrumb":{"@id":"https:\/\/www.hst.cat\/es\/mail-marketing\/#breadcrumb"},"inLanguage":"es","potentialAction":[{"@type":"ReadAction","target":["https:\/\/www.hst.cat\/es\/mail-marketing\/"]}]},{"@type":"BreadcrumbList","@id":"https:\/\/www.hst.cat\/es\/mail-marketing\/#breadcrumb","itemListElement":[{"@type":"ListItem","position":1,"name":"Portada","item":"https:\/\/www.hst.cat\/es\/"},{"@type":"ListItem","position":2,"name":"Mail Marketing"}]},{"@type":"WebSite","@id":"https:\/\/www.hst.cat\/#website","url":"https:\/\/www.hst.cat\/","name":"Inform\u00e0tica Lleida HST","description":"Oferim serveis d\u2019inform\u00e0tica i noves tecnologies per empreses. Servei t\u00e8cnic, Web, Soft Gesti\u00f3, Xarxes, Consultoria","potentialAction":[{"@type":"SearchAction","target":{"@type":"EntryPoint","urlTemplate":"https:\/\/www.hst.cat\/?s={search_term_string}"},"query-input":{"@type":"PropertyValueSpecification","valueRequired":true,"valueName":"search_term_string"}}],"inLanguage":"es"}]}},"jetpack_shortlink":"https:\/\/wp.me\/P7Yfwy-YY","jetpack_sharing_enabled":true,"_links":{"self":[{"href":"https:\/\/www.hst.cat\/es\/wp-json\/wp\/v2\/pages\/3780","targetHints":{"allow":["GET"]}}],"collection":[{"href":"https:\/\/www.hst.cat\/es\/wp-json\/wp\/v2\/pages"}],"about":[{"href":"https:\/\/www.hst.cat\/es\/wp-json\/wp\/v2\/types\/page"}],"author":[{"embeddable":true,"href":"https:\/\/www.hst.cat\/es\/wp-json\/wp\/v2\/users\/2"}],"replies":[{"embeddable":true,"href":"https:\/\/www.hst.cat\/es\/wp-json\/wp\/v2\/comments?post=3780"}],"version-history":[{"count":2,"href":"https:\/\/www.hst.cat\/es\/wp-json\/wp\/v2\/pages\/3780\/revisions"}],"predecessor-version":[{"id":21748,"href":"https:\/\/www.hst.cat\/es\/wp-json\/wp\/v2\/pages\/3780\/revisions\/21748"}],"wp:attachment":[{"href":"https:\/\/www.hst.cat\/es\/wp-json\/wp\/v2\/media?parent=3780"}],"curies":[{"name":"wp","href":"https:\/\/api.w.org\/{rel}","templated":true}]}}