{"id":3826,"date":"2017-05-24T16:07:05","date_gmt":"2017-05-24T14:07:05","guid":{"rendered":"http:\/\/hst.cat\/antivirus-kaspersky\/"},"modified":"2022-03-25T11:04:35","modified_gmt":"2022-03-25T10:04:35","slug":"antivirus-kaspersky","status":"publish","type":"page","link":"https:\/\/www.hst.cat\/es\/antivirus-kaspersky\/","title":{"rendered":"Antivirus Kaspersky"},"content":{"rendered":"<div class=\"wpb-content-wrapper\"><p>[vc_row full_width=\u00bbstretch_row_content\u00bb css=\u00bb.vc_custom_1435062873524{padding-top: 30px !important;padding-bottom: 30px !important;background-image: url(https:\/\/www.hst.cat\/wp-content\/uploads\/slider-background-lila.jpg?id=555) !important;background-position: center !important;background-repeat: no-repeat !important;background-size: cover !important;}\u00bb][vc_column width=\u00bb1\/2&#8243;][vc_single_image image=\u00bb3770&#8243; img_size=\u00bbfull\u00bb alignment=\u00bbcenter\u00bb css_animation=\u00bbleft-to-right\u00bb][\/vc_column][vc_column width=\u00bb1\/2&#8243;][vc_column_text css_animation=\u00bbright-to-left\u00bb css=\u00bb.vc_custom_1497264160788{padding-top: 20px !important;padding-right: 60px !important;padding-bottom: 20px !important;padding-left: 0px !important;}\u00bb]<\/p>\n<h1 style=\"font-size: 3em;\">Antivirus Kaspersky<\/h1>\n<h3>En HST som distribuidores del antivirus Kaspersky.<\/h3>\n<p>Te asesoramos y hacemos la instalaci\u00f3n del antivirus Kaspersky en Lleida.<\/p>\n<p>\u00a1Solicita tu antivirus en HST![\/vc_column_text][\/vc_column][\/vc_row][vc_row][vc_column width=\u00bb2\/3&#8243; css=\u00bb.vc_custom_1422807004299{padding-right: 60px !important;}\u00bb][vc_row_inner][vc_column_inner][vc_message message_box_style=\u00bboutline\u00bb style=\u00bbround\u00bb message_box_color=\u00bbgrey\u00bb icon_fontawesome=\u00bbfa fa-male\u00bb css_animation=\u00bbappear\u00bb]<em>\u00bfPorque necesito un antivirus? Es sencillo, para evitar que te entren virus a tu pc. Lo m\u00ednimo que puedes hacer en cuanto a seguridad inform\u00e1tica, es tener instalado un antivirus.<\/em>[\/vc_message][\/vc_column_inner][\/vc_row_inner][vc_row_inner][vc_column_inner width=\u00bb1\/2&#8243;]<div class=\"icon_box icon_position_left has_border\"><div class=\"icon_wrapper\"><div class=\"icon\"><i class=\"icon-users\" aria-hidden=\"true\"><\/i><\/div><\/div><div class=\"desc_wrapper\"><h4 class=\"title \">Asesoramiento<\/h4><div class=\"desc\">Te ayudamos a elegir el antivirus que m\u00e1s se adapta a tus necesidades<\/div><\/div><\/div>\n[\/vc_column_inner][vc_column_inner width=\u00bb1\/2&#8243;]<div class=\"icon_box icon_position_left no_border\"><div class=\"icon_wrapper\"><div class=\"icon\"><i class=\"icon-retweet\" aria-hidden=\"true\"><\/i><\/div><\/div><div class=\"desc_wrapper\"><h4 class=\"title \">Renovaci\u00f3n<\/h4><div class=\"desc\">Renovaci\u00f3n anual o bianualmente<\/div><\/div><\/div>\n[\/vc_column_inner][\/vc_row_inner][vc_row_inner][vc_column_inner width=\u00bb1\/2&#8243;]<div class=\"icon_box icon_position_left has_border\"><div class=\"icon_wrapper\"><div class=\"icon\"><i class=\"icon-lock\" aria-hidden=\"true\"><\/i><\/div><\/div><div class=\"desc_wrapper\"><h4 class=\"title \">Privacidad<\/h4><div class=\"desc\">Protecci\u00f3n de privacidad e identidad<\/div><\/div><\/div>\n[\/vc_column_inner][vc_column_inner width=\u00bb1\/2&#8243;]<div class=\"icon_box icon_position_left no_border\"><div class=\"icon_wrapper\"><div class=\"icon\"><i class=\"icon-tools\" aria-hidden=\"true\"><\/i><\/div><\/div><div class=\"desc_wrapper\"><h4 class=\"title \">Asistencia <\/h4><div class=\"desc\">Asistencia t\u00e9cnica en empresas<\/div><\/div><\/div>\n[\/vc_column_inner][\/vc_row_inner][\/vc_column][vc_column width=\u00bb1\/3&#8243;]\n<div class=\"wpcf7 no-js\" id=\"wpcf7-f1621-o1\" lang=\"es-ES\" dir=\"ltr\" data-wpcf7-id=\"1621\">\n<div class=\"screen-reader-response\"><p role=\"status\" aria-live=\"polite\" aria-atomic=\"true\"><\/p> <ul><\/ul><\/div>\n<form action=\"\/es\/wp-json\/wp\/v2\/pages\/3826#wpcf7-f1621-o1\" method=\"post\" class=\"wpcf7-form init\" aria-label=\"Formulario de contacto\" novalidate=\"novalidate\" data-status=\"init\">\n<fieldset class=\"hidden-fields-container\"><input type=\"hidden\" name=\"_wpcf7\" value=\"1621\" \/><input type=\"hidden\" name=\"_wpcf7_version\" value=\"6.1.5\" \/><input type=\"hidden\" name=\"_wpcf7_locale\" value=\"es_ES\" \/><input type=\"hidden\" name=\"_wpcf7_unit_tag\" value=\"wpcf7-f1621-o1\" \/><input type=\"hidden\" name=\"_wpcf7_container_post\" value=\"0\" \/><input type=\"hidden\" name=\"_wpcf7_posted_data_hash\" value=\"\" \/><input type=\"hidden\" name=\"_wpcf7cf_hidden_group_fields\" value=\"[]\" \/><input type=\"hidden\" name=\"_wpcf7cf_hidden_groups\" value=\"[]\" \/><input type=\"hidden\" name=\"_wpcf7cf_visible_groups\" value=\"[]\" \/><input type=\"hidden\" name=\"_wpcf7cf_repeaters\" value=\"[]\" \/><input type=\"hidden\" name=\"_wpcf7cf_steps\" value=\"{}\" \/><input type=\"hidden\" name=\"_wpcf7cf_options\" value=\"{&quot;form_id&quot;:1621,&quot;conditions&quot;:[],&quot;settings&quot;:{&quot;animation&quot;:&quot;yes&quot;,&quot;animation_intime&quot;:200,&quot;animation_outtime&quot;:200,&quot;conditions_ui&quot;:&quot;normal&quot;,&quot;notice_dismissed&quot;:false,&quot;notice_dismissed_rollback-cf7-5.9.2&quot;:true,&quot;notice_dismissed_rollback-cf7-5.9.4&quot;:true,&quot;notice_dismissed_rollback-cf7-5.9.5&quot;:true,&quot;notice_dismissed_rollback-cf7-5.9.6&quot;:true,&quot;notice_dismissed_update-cf7-6.1.4&quot;:true}}\" \/><input type=\"hidden\" name=\"_wpcf7_recaptcha_response\" value=\"\" \/>\n<\/fieldset>\n<p><span class=\"wpcf7-form-control-wrap\" data-name=\"your-name\"><input size=\"40\" maxlength=\"400\" class=\"wpcf7-form-control wpcf7-text wpcf7-validates-as-required\" aria-required=\"true\" aria-invalid=\"false\" placeholder=\"Nombre\" value=\"\" type=\"text\" name=\"your-name\" \/><\/span>\n<\/p>\n<p><span class=\"wpcf7-form-control-wrap\" data-name=\"your-email\"><input size=\"40\" maxlength=\"400\" class=\"wpcf7-form-control wpcf7-email wpcf7-validates-as-required wpcf7-text wpcf7-validates-as-email\" aria-required=\"true\" aria-invalid=\"false\" placeholder=\"Email\" value=\"\" type=\"email\" name=\"your-email\" \/><\/span>\n<\/p>\n<p><span class=\"wpcf7-form-control-wrap\" data-name=\"your-message\"><textarea cols=\"40\" rows=\"10\" maxlength=\"2000\" class=\"wpcf7-form-control wpcf7-textarea\" aria-invalid=\"false\" placeholder=\"Mensaje\" name=\"your-message\"><\/textarea><\/span>\n<\/p>\n<p><span style=\"font-size:13px;\"><br \/>\nTratamos los datos que nos facilita con el fin de dar respuesta a la consulta sobre nuestros productos y servicios por cualquier medio (postal, email o tel\u00e9fono). Los datos proporcionados se conservar\u00e1n mientras no solicite el cese de la actividad. Los datos no se ceder\u00e1n a terceros salvo en los casos en que exista una obligaci\u00f3n legal. Usted tiene derecho a obtener confirmaci\u00f3n sobre si en HST estamos tratando sus datos personales por tanto tiene derecho a acceder a sus datos personales, rectificar los datos inexactos o solicitar su supresi\u00f3n cuando los datos ya no sean necesarios para los fines que fueron recogidos.<\/span>\n<\/p>\n<p><span style=\"font-size:13px;\"><br \/>\nDesea recibir comunicados de marketing de HST por correo electr\u00f3nico y entendiendo que sus datos personales se tratar\u00e1n como la <a href=\"\/politica-de-privacitat\/\" target=\"_blank\">pol\u00edtica de privacidad<\/a> <\/span>\n<\/p>\n<p><span class=\"wpcf7-form-control-wrap\" data-name=\"RGPD-accepto\"><span class=\"wpcf7-form-control wpcf7-checkbox wpcf7-validates-as-required wpcf7-exclusive-checkbox\"><span class=\"wpcf7-list-item first\"><label><input type=\"checkbox\" name=\"RGPD-accepto\" value=\"Si\" \/><span class=\"wpcf7-list-item-label\">Si<\/span><\/label><\/span><span class=\"wpcf7-list-item last\"><label><input type=\"checkbox\" name=\"RGPD-accepto\" value=\"No, gracias\" \/><span class=\"wpcf7-list-item-label\">No, gracias<\/span><\/label><\/span><\/span><\/span>\n<\/p>\n<p><br clear=\"all\" \/>\n<\/p>\n<p>\n\n<\/p>\n<p><input class=\"wpcf7-form-control wpcf7-submit has-spinner\" type=\"submit\" value=\"Enviar\" \/>\n<\/p><div class=\"wpcf7-response-output\" aria-hidden=\"true\"><\/div>\n<\/form>\n<\/div>\n[\/vc_column][\/vc_row][vc_row][vc_column][vc_column_text]<\/p>\n<p>&nbsp;<\/p>\n<p><strong>Quiz\u00e1s estabas buscando:<\/strong><\/p>\n<p><em>Distribuidor antivirus kaspersky Lleida, antivirus kaspersky, comprar antivirus kaspersky Lleida<\/em>[\/vc_column_text][\/vc_column][\/vc_row]<\/p>\n<\/div>","protected":false},"excerpt":{"rendered":"<p>[vc_row full_width=\u00bbstretch_row_content\u00bb css=\u00bb.vc_custom_1435062873524{padding-top: 30px !important;padding-bottom: 30px !important;background-image: url(https:\/\/www.hst.cat\/wp-content\/uploads\/slider-background-lila.jpg?id=555) !important;background-position: center !important;background-repeat: no-repeat !important;background-size: cover !important;}\u00bb][vc_column width=\u00bb1\/2&#8243;][vc_single_image image=\u00bb3770&#8243; img_size=\u00bbfull\u00bb alignment=\u00bbcenter\u00bb css_animation=\u00bbleft-to-right\u00bb][\/vc_column][vc_column width=\u00bb1\/2&#8243;][vc_column_text css_animation=\u00bbright-to-left\u00bb css=\u00bb.vc_custom_1497264160788{padding-top: 20px !important;padding-right: 60px<span class=\"excerpt-hellip\"> [\u2026]<\/span><\/p>\n","protected":false},"author":2,"featured_media":0,"parent":0,"menu_order":0,"comment_status":"open","ping_status":"closed","template":"","meta":{"footnotes":""},"class_list":["post-3826","page","type-page","status-publish","hentry"],"yoast_head":"<!-- This site is optimized with the Yoast SEO plugin v27.4 - https:\/\/yoast.com\/product\/yoast-seo-wordpress\/ -->\n<title>Distribuidor antivirus Kaspersky Lleida<\/title>\n<meta name=\"description\" content=\"Distribuidors licencias antivirus Kaspersky en Lleida.\" \/>\n<meta name=\"robots\" content=\"index, follow, max-snippet:-1, max-image-preview:large, max-video-preview:-1\" \/>\n<link rel=\"canonical\" href=\"https:\/\/www.hst.cat\/es\/antivirus-kaspersky\/\" \/>\n<meta property=\"og:locale\" content=\"es_ES\" \/>\n<meta property=\"og:type\" content=\"article\" \/>\n<meta property=\"og:title\" content=\"Distribuidor antivirus Kaspersky Lleida\" \/>\n<meta property=\"og:description\" content=\"Distribuidors licencias antivirus Kaspersky en Lleida.\" \/>\n<meta property=\"og:url\" content=\"https:\/\/www.hst.cat\/es\/antivirus-kaspersky\/\" \/>\n<meta property=\"og:site_name\" content=\"Inform\u00e0tica Lleida HST\" \/>\n<meta property=\"article:modified_time\" content=\"2022-03-25T10:04:35+00:00\" \/>\n<meta name=\"twitter:label1\" content=\"Tiempo de lectura\" \/>\n\t<meta name=\"twitter:data1\" content=\"2 minutos\" \/>\n<script type=\"application\/ld+json\" class=\"yoast-schema-graph\">{\"@context\":\"https:\\\/\\\/schema.org\",\"@graph\":[{\"@type\":\"WebPage\",\"@id\":\"https:\\\/\\\/www.hst.cat\\\/es\\\/antivirus-kaspersky\\\/\",\"url\":\"https:\\\/\\\/www.hst.cat\\\/es\\\/antivirus-kaspersky\\\/\",\"name\":\"Distribuidor antivirus Kaspersky Lleida\",\"isPartOf\":{\"@id\":\"https:\\\/\\\/www.hst.cat\\\/#website\"},\"datePublished\":\"2017-05-24T14:07:05+00:00\",\"dateModified\":\"2022-03-25T10:04:35+00:00\",\"description\":\"Distribuidors licencias antivirus Kaspersky en Lleida.\",\"breadcrumb\":{\"@id\":\"https:\\\/\\\/www.hst.cat\\\/es\\\/antivirus-kaspersky\\\/#breadcrumb\"},\"inLanguage\":\"es\",\"potentialAction\":[{\"@type\":\"ReadAction\",\"target\":[\"https:\\\/\\\/www.hst.cat\\\/es\\\/antivirus-kaspersky\\\/\"]}]},{\"@type\":\"BreadcrumbList\",\"@id\":\"https:\\\/\\\/www.hst.cat\\\/es\\\/antivirus-kaspersky\\\/#breadcrumb\",\"itemListElement\":[{\"@type\":\"ListItem\",\"position\":1,\"name\":\"Portada\",\"item\":\"https:\\\/\\\/www.hst.cat\\\/es\\\/\"},{\"@type\":\"ListItem\",\"position\":2,\"name\":\"Antivirus Kaspersky\"}]},{\"@type\":\"WebSite\",\"@id\":\"https:\\\/\\\/www.hst.cat\\\/#website\",\"url\":\"https:\\\/\\\/www.hst.cat\\\/\",\"name\":\"Inform\u00e0tica Lleida HST\",\"description\":\"Oferim serveis d\u2019inform\u00e0tica i noves tecnologies per empreses. Servei t\u00e8cnic, Web, Soft Gesti\u00f3, Xarxes, Consultoria\",\"potentialAction\":[{\"@type\":\"SearchAction\",\"target\":{\"@type\":\"EntryPoint\",\"urlTemplate\":\"https:\\\/\\\/www.hst.cat\\\/?s={search_term_string}\"},\"query-input\":{\"@type\":\"PropertyValueSpecification\",\"valueRequired\":true,\"valueName\":\"search_term_string\"}}],\"inLanguage\":\"es\"}]}<\/script>\n<!-- \/ Yoast SEO plugin. -->","yoast_head_json":{"title":"Distribuidor antivirus Kaspersky Lleida","description":"Distribuidors licencias antivirus Kaspersky en Lleida.","robots":{"index":"index","follow":"follow","max-snippet":"max-snippet:-1","max-image-preview":"max-image-preview:large","max-video-preview":"max-video-preview:-1"},"canonical":"https:\/\/www.hst.cat\/es\/antivirus-kaspersky\/","og_locale":"es_ES","og_type":"article","og_title":"Distribuidor antivirus Kaspersky Lleida","og_description":"Distribuidors licencias antivirus Kaspersky en Lleida.","og_url":"https:\/\/www.hst.cat\/es\/antivirus-kaspersky\/","og_site_name":"Inform\u00e0tica Lleida HST","article_modified_time":"2022-03-25T10:04:35+00:00","twitter_misc":{"Tiempo de lectura":"2 minutos"},"schema":{"@context":"https:\/\/schema.org","@graph":[{"@type":"WebPage","@id":"https:\/\/www.hst.cat\/es\/antivirus-kaspersky\/","url":"https:\/\/www.hst.cat\/es\/antivirus-kaspersky\/","name":"Distribuidor antivirus Kaspersky Lleida","isPartOf":{"@id":"https:\/\/www.hst.cat\/#website"},"datePublished":"2017-05-24T14:07:05+00:00","dateModified":"2022-03-25T10:04:35+00:00","description":"Distribuidors licencias antivirus Kaspersky en Lleida.","breadcrumb":{"@id":"https:\/\/www.hst.cat\/es\/antivirus-kaspersky\/#breadcrumb"},"inLanguage":"es","potentialAction":[{"@type":"ReadAction","target":["https:\/\/www.hst.cat\/es\/antivirus-kaspersky\/"]}]},{"@type":"BreadcrumbList","@id":"https:\/\/www.hst.cat\/es\/antivirus-kaspersky\/#breadcrumb","itemListElement":[{"@type":"ListItem","position":1,"name":"Portada","item":"https:\/\/www.hst.cat\/es\/"},{"@type":"ListItem","position":2,"name":"Antivirus Kaspersky"}]},{"@type":"WebSite","@id":"https:\/\/www.hst.cat\/#website","url":"https:\/\/www.hst.cat\/","name":"Inform\u00e0tica Lleida HST","description":"Oferim serveis d\u2019inform\u00e0tica i noves tecnologies per empreses. Servei t\u00e8cnic, Web, Soft Gesti\u00f3, Xarxes, Consultoria","potentialAction":[{"@type":"SearchAction","target":{"@type":"EntryPoint","urlTemplate":"https:\/\/www.hst.cat\/?s={search_term_string}"},"query-input":{"@type":"PropertyValueSpecification","valueRequired":true,"valueName":"search_term_string"}}],"inLanguage":"es"}]}},"jetpack_shortlink":"https:\/\/wp.me\/P7Yfwy-ZI","jetpack_sharing_enabled":true,"_links":{"self":[{"href":"https:\/\/www.hst.cat\/es\/wp-json\/wp\/v2\/pages\/3826","targetHints":{"allow":["GET"]}}],"collection":[{"href":"https:\/\/www.hst.cat\/es\/wp-json\/wp\/v2\/pages"}],"about":[{"href":"https:\/\/www.hst.cat\/es\/wp-json\/wp\/v2\/types\/page"}],"author":[{"embeddable":true,"href":"https:\/\/www.hst.cat\/es\/wp-json\/wp\/v2\/users\/2"}],"replies":[{"embeddable":true,"href":"https:\/\/www.hst.cat\/es\/wp-json\/wp\/v2\/comments?post=3826"}],"version-history":[{"count":3,"href":"https:\/\/www.hst.cat\/es\/wp-json\/wp\/v2\/pages\/3826\/revisions"}],"predecessor-version":[{"id":3830,"href":"https:\/\/www.hst.cat\/es\/wp-json\/wp\/v2\/pages\/3826\/revisions\/3830"}],"wp:attachment":[{"href":"https:\/\/www.hst.cat\/es\/wp-json\/wp\/v2\/media?parent=3826"}],"curies":[{"name":"wp","href":"https:\/\/api.w.org\/{rel}","templated":true}]}}