{"id":5981,"date":"2018-11-22T17:28:22","date_gmt":"2018-11-22T16:28:22","guid":{"rendered":"https:\/\/hst.cat\/?page_id=5981"},"modified":"2022-03-25T12:00:13","modified_gmt":"2022-03-25T11:00:13","slug":"sector-decoracion","status":"publish","type":"page","link":"https:\/\/www.hst.cat\/es\/tgprofesional\/sector-decoracion\/","title":{"rendered":"Sector Decoraci\u00f3n"},"content":{"rendered":"<div class=\"wpb-content-wrapper\"><p>[vc_row css=\u00bb.vc_custom_1542727416845{margin-top: 100px !important;}\u00bb][vc_column css_animation=\u00bbfadeInLeft\u00bb width=\u00bb1\/2&#8243; css=\u00bb.vc_custom_1542628494399{padding-right: 60px !important;}\u00bb][vc_column_text]<\/p>\n<h2><strong><span style=\"color: #b5211d;\">tg<\/span>Profesional Sector Decoraci\u00f3n<\/strong><\/h2>\n<hr \/>\n<p>El software de gesti\u00f3n empresarial\u00a0<strong><span style=\"color: #b5211d;\">tg<\/span>Profesional<\/strong>\u00a0cubre las necesidades espec\u00edficas del sector de la decoraci\u00f3n:<\/p>\n<p>para las empresas de distribuci\u00f3n\u00a0<strong>mayorista<\/strong>\u00a0y para el\u00a0<strong>comercio<\/strong>\u00a0al por menor.<\/p>\n<p>Contiene m\u00faltiples funcionalidades para el sector, y gracias a su amplia parametrizaci\u00f3n, ofrece la agilidad y eficiencia que requiere cada tipo de negocio dedicado a la decoraci\u00f3n de espacios y hogares.[\/vc_column_text][\/vc_column][vc_column width=\u00bb1\/2&#8243;][vc_single_image image=\u00bb5982&#8243; img_size=\u00bbfull\u00bb css_animation=\u00bbfadeInRight\u00bb][\/vc_column][\/vc_row][vc_row full_width=\u00bbstretch_row\u00bb css=\u00bb.vc_custom_1542816466933{padding-top: 20px !important;padding-bottom: 20px !important;background-color: #1b6bad !important;}\u00bb][vc_column css_animation=\u00bbfadeIn\u00bb][vc_column_text]<\/p>\n<h2 style=\"text-align: center; color: white;\">El software tgProfesional est\u00e1 desarrollado pensando en las necesidades espec\u00edficas del sector decoraci\u00f3n. Somos especialistas en la personalizaci\u00f3n de software<\/h2>\n<p>[\/vc_column_text][\/vc_column][\/vc_row][vc_row full_width=\u00bbstretch_row\u00bb css_animation=\u00bbappear\u00bb css=\u00bb.vc_custom_1542727461504{padding-top: 10px !important;}\u00bb][vc_column][vc_column_text]<\/p>\n<h3><span style=\"color: #b5211d;\">Caracter\u00edsticas<\/span> Destacadas<\/h3>\n<hr \/>\n<h3><\/h3>\n<p>[\/vc_column_text][vc_row_inner][vc_column_inner width=\u00bb1\/3&#8243;][vc_column_text]<\/p>\n<h4 style=\"color: #b5211d;\">Art\u00edculos<\/h4>\n<p>Clasificados por categor\u00edas, familias, marcas y modelos. Permite duplicar art\u00edculos con cambio de c\u00f3digo para una r\u00e1pida codificaci\u00f3n del cat\u00e1logo de productos y servicios. Generaci\u00f3n de c\u00f3digos de barras para agilizar la compra y la venta de art\u00edculos desde documentos. Foto en la ficha de cada art\u00edculo. Documentaci\u00f3n adjunta para el archivo de las instrucciones de montaje del art\u00edculo decorativo.[\/vc_column_text][\/vc_column_inner][vc_column_inner width=\u00bb1\/3&#8243;][vc_column_text]<\/p>\n<h4 style=\"color: #b5211d;\">Partes de trabajo<\/h4>\n<p>Emisi\u00f3n de los partes de fabricaci\u00f3n autom\u00e1tica de art\u00edculos, bajo pedido o para existencias, con descuento de stock de materiales y control de horas de empleados. Opciones de facturaci\u00f3n de partes, con la emisi\u00f3n autom\u00e1tica de albaranes de venta. Pantalla de registro de partes abiertos, cerrados, facturados y no facturables con filtros por clientes y fechas. Traspaso de partes abiertos al nuevo ejercicio.[\/vc_column_text][\/vc_column_inner][vc_column_inner width=\u00bb1\/3&#8243;][vc_column_text]<\/p>\n<h4 style=\"color: #b5211d;\">Cat\u00e1logo de productos de proveedores<\/h4>\n<p>Carga autom\u00e1tica de art\u00edculos y costes de proveedores, para agilizar la codificaci\u00f3n de nuestro cat\u00e1logo de productos. Codificaci\u00f3n autom\u00e1tica de familias, marcas y modelos desde la lectura de art\u00edculos. Permite la modificaci\u00f3n de precios y caracter\u00edsticas de los art\u00edculos existentes.[\/vc_column_text][\/vc_column_inner][\/vc_row_inner][vc_row_inner][vc_column_inner width=\u00bb1\/3&#8243;][vc_column_text]<\/p>\n<h4 style=\"color: #b5211d;\">Escandallos y fabricaci\u00f3n<\/h4>\n<p>Gestiona el proceso de fabricaci\u00f3n y montaje de productos de decoraci\u00f3n, desde la compra de los materiales y accesorios, la composici\u00f3n del art\u00edculo como escandallo, pasando por el proceso de producci\u00f3n, hasta la venta o instalaci\u00f3n del producto acabado.[\/vc_column_text][\/vc_column_inner][vc_column_inner width=\u00bb1\/3&#8243;][vc_column_text]<\/p>\n<h4 style=\"color: #b5211d;\">Presupuestos<\/h4>\n<p>No obligatorio codificar ni clientes, ni art\u00edculos para la emisi\u00f3n de presupuestos. Funci\u00f3n de duplicar documentos, incluso a otros ejercicios, para agilizar la copia de presupuesto para otros clientes. Rec\u00e1lculo de precios de art\u00edculos con cambio de tarifa.[\/vc_column_text][\/vc_column_inner][vc_column_inner width=\u00bb1\/3&#8243;][vc_column_text]<\/p>\n<h4 style=\"color: #b5211d;\">Multitarifa<\/h4>\n<p>Tarifas por sectores y por clientes. Tarifas manuales y autom\u00e1ticas sobre costes y sobre otra tarifa. Propagaci\u00f3n de condiciones de tarifas modificadas por familias de art\u00edculos. Condiciones especiales por familia, art\u00edculo y cliente.[\/vc_column_text][\/vc_column_inner][\/vc_row_inner][vc_row_inner][vc_column_inner width=\u00bb1\/3&#8243;][vc_column_text]<\/p>\n<h4 style=\"color: #b5211d;\">Tarifas por puntos<\/h4>\n<p>C\u00e1lculo de precios de venta por el n\u00famero de puntos de cada mueble. Costes de art\u00edculos de proveedores por el valor unitario del punto. Rec\u00e1lculo de precios de art\u00edculos en documentos con cambio de tarifa.[\/vc_column_text][\/vc_column_inner][vc_column_inner width=\u00bb1\/3&#8243;][vc_column_text]<\/p>\n<h4 style=\"color: #b5211d;\">Inventario<\/h4>\n<p>Recuento de art\u00edculos, regularizaciones de stock y devoluciones de material. Multialmac\u00e9n, traspaso entre almacenes y cambio manual de stock.[\/vc_column_text][\/vc_column_inner][vc_column_inner width=\u00bb1\/3&#8243;][\/vc_column_inner][\/vc_row_inner][\/vc_column][\/vc_row][vc_row full_width=\u00bbstretch_row\u00bb css=\u00bb.vc_custom_1542816529630{padding-top: 20px !important;padding-bottom: 20px !important;background-color: #1b6bad !important;}\u00bb][vc_column css_animation=\u00bbfadeIn\u00bb width=\u00bb1\/3&#8243;][vc_btn title=\u00bbDESCARGAR DEMO\u00bb color=\u00bbwhite\u00bb align=\u00bbcenter\u00bb css_animation=\u00bbbounceIn\u00bb button_block=\u00bbtrue\u00bb link=\u00bburl:http%3A%2F%2Fwww.tgprofesional.com%2Fdownloads%2Fclients%2Fdemos%2FtgProfesionalDEMO.zip|||\u00bb][\/vc_column][vc_column css_animation=\u00bbfadeIn\u00bb width=\u00bb1\/3&#8243;][vc_btn title=\u00bbDESCARGAR CAT\u00c1LOGO\u00bb color=\u00bbwhite\u00bb align=\u00bbcenter\u00bb css_animation=\u00bbbounceIn\u00bb button_block=\u00bbtrue\u00bb link=\u00bburl:https%3A%2F%2Fhst.cat%2Fwp-content%2Fuploads%2Fcatalogo-tgprofesional.pdf|||\u00bb][\/vc_column][vc_column css_animation=\u00bbfadeIn\u00bb width=\u00bb1\/3&#8243;][vc_btn title=\u00bbVE A LA P\u00c1GINA PRINCIPAL\u00bb color=\u00bbwhite\u00bb align=\u00bbcenter\u00bb css_animation=\u00bbbounceIn\u00bb button_block=\u00bbtrue\u00bb link=\u00bburl:https%3A%2F%2Fhst.cat%2Fes%2Ftgprofesional%2F|||\u00bb][\/vc_column][\/vc_row][vc_row full_width=\u00bbstretch_row\u00bb css=\u00bb.vc_custom_1542731221631{margin-top: 10px !important;}\u00bb][vc_column width=\u00bb1\/6&#8243;][\/vc_column][vc_column width=\u00bb2\/3&#8243;][vc_column_text]<\/p>\n<h2 style=\"text-align: center;\">Pida informaci\u00f3n\u00a0<span style=\"color: #335ea6;\">sin compromiso<\/span><\/h2>\n<hr \/>\n<p>[\/vc_column_text]\n<div class=\"wpcf7 no-js\" id=\"wpcf7-f1621-o1\" lang=\"es-ES\" dir=\"ltr\" data-wpcf7-id=\"1621\">\n<div class=\"screen-reader-response\"><p role=\"status\" aria-live=\"polite\" aria-atomic=\"true\"><\/p> <ul><\/ul><\/div>\n<form action=\"\/es\/wp-json\/wp\/v2\/pages\/5981#wpcf7-f1621-o1\" method=\"post\" class=\"wpcf7-form init\" aria-label=\"Formulario de contacto\" novalidate=\"novalidate\" data-status=\"init\">\n<fieldset class=\"hidden-fields-container\"><input type=\"hidden\" name=\"_wpcf7\" value=\"1621\" \/><input type=\"hidden\" name=\"_wpcf7_version\" value=\"6.1.5\" \/><input type=\"hidden\" name=\"_wpcf7_locale\" value=\"es_ES\" \/><input type=\"hidden\" name=\"_wpcf7_unit_tag\" value=\"wpcf7-f1621-o1\" \/><input type=\"hidden\" name=\"_wpcf7_container_post\" value=\"0\" \/><input type=\"hidden\" name=\"_wpcf7_posted_data_hash\" value=\"\" \/><input type=\"hidden\" name=\"_wpcf7cf_hidden_group_fields\" value=\"[]\" \/><input type=\"hidden\" name=\"_wpcf7cf_hidden_groups\" value=\"[]\" \/><input type=\"hidden\" name=\"_wpcf7cf_visible_groups\" value=\"[]\" \/><input type=\"hidden\" name=\"_wpcf7cf_repeaters\" value=\"[]\" \/><input type=\"hidden\" name=\"_wpcf7cf_steps\" value=\"{}\" \/><input type=\"hidden\" name=\"_wpcf7cf_options\" value=\"{&quot;form_id&quot;:1621,&quot;conditions&quot;:[],&quot;settings&quot;:{&quot;animation&quot;:&quot;yes&quot;,&quot;animation_intime&quot;:200,&quot;animation_outtime&quot;:200,&quot;conditions_ui&quot;:&quot;normal&quot;,&quot;notice_dismissed&quot;:false,&quot;notice_dismissed_rollback-cf7-5.9.2&quot;:true,&quot;notice_dismissed_rollback-cf7-5.9.4&quot;:true,&quot;notice_dismissed_rollback-cf7-5.9.5&quot;:true,&quot;notice_dismissed_rollback-cf7-5.9.6&quot;:true,&quot;notice_dismissed_update-cf7-6.1.4&quot;:true}}\" \/><input type=\"hidden\" name=\"_wpcf7_recaptcha_response\" value=\"\" \/>\n<\/fieldset>\n<p><span class=\"wpcf7-form-control-wrap\" data-name=\"your-name\"><input size=\"40\" maxlength=\"400\" class=\"wpcf7-form-control wpcf7-text wpcf7-validates-as-required\" aria-required=\"true\" aria-invalid=\"false\" placeholder=\"Nombre\" value=\"\" type=\"text\" name=\"your-name\" \/><\/span>\n<\/p>\n<p><span class=\"wpcf7-form-control-wrap\" data-name=\"your-email\"><input size=\"40\" maxlength=\"400\" class=\"wpcf7-form-control wpcf7-email wpcf7-validates-as-required wpcf7-text wpcf7-validates-as-email\" aria-required=\"true\" aria-invalid=\"false\" placeholder=\"Email\" value=\"\" type=\"email\" name=\"your-email\" \/><\/span>\n<\/p>\n<p><span class=\"wpcf7-form-control-wrap\" data-name=\"your-message\"><textarea cols=\"40\" rows=\"10\" maxlength=\"2000\" class=\"wpcf7-form-control wpcf7-textarea\" aria-invalid=\"false\" placeholder=\"Mensaje\" name=\"your-message\"><\/textarea><\/span>\n<\/p>\n<p><span style=\"font-size:13px;\"><br \/>\nTratamos los datos que nos facilita con el fin de dar respuesta a la consulta sobre nuestros productos y servicios por cualquier medio (postal, email o tel\u00e9fono). Los datos proporcionados se conservar\u00e1n mientras no solicite el cese de la actividad. Los datos no se ceder\u00e1n a terceros salvo en los casos en que exista una obligaci\u00f3n legal. Usted tiene derecho a obtener confirmaci\u00f3n sobre si en HST estamos tratando sus datos personales por tanto tiene derecho a acceder a sus datos personales, rectificar los datos inexactos o solicitar su supresi\u00f3n cuando los datos ya no sean necesarios para los fines que fueron recogidos.<\/span>\n<\/p>\n<p><span style=\"font-size:13px;\"><br \/>\nDesea recibir comunicados de marketing de HST por correo electr\u00f3nico y entendiendo que sus datos personales se tratar\u00e1n como la <a href=\"\/politica-de-privacitat\/\" target=\"_blank\">pol\u00edtica de privacidad<\/a> <\/span>\n<\/p>\n<p><span class=\"wpcf7-form-control-wrap\" data-name=\"RGPD-accepto\"><span class=\"wpcf7-form-control wpcf7-checkbox wpcf7-validates-as-required wpcf7-exclusive-checkbox\"><span class=\"wpcf7-list-item first\"><label><input type=\"checkbox\" name=\"RGPD-accepto\" value=\"Si\" \/><span class=\"wpcf7-list-item-label\">Si<\/span><\/label><\/span><span class=\"wpcf7-list-item last\"><label><input type=\"checkbox\" name=\"RGPD-accepto\" value=\"No, gracias\" \/><span class=\"wpcf7-list-item-label\">No, gracias<\/span><\/label><\/span><\/span><\/span>\n<\/p>\n<p><br clear=\"all\" \/>\n<\/p>\n<p>\n\n<\/p>\n<p><input class=\"wpcf7-form-control wpcf7-submit has-spinner\" type=\"submit\" value=\"Enviar\" \/>\n<\/p><div class=\"wpcf7-response-output\" aria-hidden=\"true\"><\/div>\n<\/form>\n<\/div>\n[\/vc_column][vc_column width=\u00bb1\/6&#8243;][\/vc_column][\/vc_row][vc_row full_width=\u00bbstretch_row\u00bb css=\u00bb.vc_custom_1542731221631{margin-top: 10px !important;}\u00bb][vc_column width=\u00bb1\/6&#8243;][\/vc_column][vc_column width=\u00bb2\/3&#8243;][vc_column_text]<strong>Quiz\u00e1s estabas buscando: <\/strong><\/p>\n<p><em><span data-sheets-value=\"[null,2,&quot;Backup online Lleida, Copia seguridad en la nube Lleida, Copia online Lleida&quot;]\" data-sheets-userformat=\"[null,null,8705,[null,0],null,null,null,null,null,null,null,null,0,null,null,null,12]\">Programa de gesti\u00f3n para tiendas de decoraci\u00f3n en Lleida, software de gesti\u00f3n para empresas mayoristas de decoraci\u00f3n en Lleida , software de gesti\u00f3n empresarial Lleida<\/span><\/em>[\/vc_column_text][\/vc_column][vc_column width=\u00bb1\/6&#8243;][\/vc_column][\/vc_row]<\/p>\n<\/div>","protected":false},"excerpt":{"rendered":"<p>[vc_row css=\u00bb.vc_custom_1542727416845{margin-top: 100px !important;}\u00bb][vc_column css_animation=\u00bbfadeInLeft\u00bb width=\u00bb1\/2&#8243; css=\u00bb.vc_custom_1542628494399{padding-right: 60px !important;}\u00bb][vc_column_text] tgProfesional Sector Decoraci\u00f3n El software de gesti\u00f3n empresarial\u00a0tgProfesional\u00a0cubre las necesidades espec\u00edficas del sector de la decoraci\u00f3n: para<span class=\"excerpt-hellip\"> [\u2026]<\/span><\/p>\n","protected":false},"author":7,"featured_media":0,"parent":5496,"menu_order":0,"comment_status":"open","ping_status":"closed","template":"","meta":{"footnotes":""},"class_list":["post-5981","page","type-page","status-publish","hentry"],"yoast_head":"<!-- This site is optimized with the Yoast SEO plugin v27.4 - https:\/\/yoast.com\/product\/yoast-seo-wordpress\/ -->\n<title>Software empresas decoraci\u00f3n Lleida<\/title>\n<meta name=\"description\" content=\"Software de gesti\u00f3 comercial i comptabilitat integrada ideal per a Pymes. HST distribu\u00efm i implantem tgProfesional a la teva empresa.\" \/>\n<meta name=\"robots\" content=\"index, follow, max-snippet:-1, max-image-preview:large, max-video-preview:-1\" \/>\n<link rel=\"canonical\" href=\"https:\/\/www.hst.cat\/es\/tgprofesional\/sector-decoracion\/\" \/>\n<meta property=\"og:locale\" content=\"es_ES\" \/>\n<meta property=\"og:type\" content=\"article\" \/>\n<meta property=\"og:title\" content=\"Software empresas decoraci\u00f3n Lleida\" \/>\n<meta property=\"og:description\" content=\"Software de gesti\u00f3 comercial i comptabilitat integrada ideal per a Pymes. HST distribu\u00efm i implantem tgProfesional a la teva empresa.\" \/>\n<meta property=\"og:url\" content=\"https:\/\/www.hst.cat\/es\/tgprofesional\/sector-decoracion\/\" \/>\n<meta property=\"og:site_name\" content=\"Inform\u00e0tica Lleida HST\" \/>\n<meta property=\"article:modified_time\" content=\"2022-03-25T11:00:13+00:00\" \/>\n<meta name=\"twitter:label1\" content=\"Tiempo de lectura\" \/>\n\t<meta name=\"twitter:data1\" content=\"5 minutos\" \/>\n<script type=\"application\/ld+json\" class=\"yoast-schema-graph\">{\"@context\":\"https:\\\/\\\/schema.org\",\"@graph\":[{\"@type\":\"WebPage\",\"@id\":\"https:\\\/\\\/www.hst.cat\\\/es\\\/tgprofesional\\\/sector-decoracion\\\/\",\"url\":\"https:\\\/\\\/www.hst.cat\\\/es\\\/tgprofesional\\\/sector-decoracion\\\/\",\"name\":\"Software empresas decoraci\u00f3n Lleida\",\"isPartOf\":{\"@id\":\"https:\\\/\\\/www.hst.cat\\\/#website\"},\"datePublished\":\"2018-11-22T16:28:22+00:00\",\"dateModified\":\"2022-03-25T11:00:13+00:00\",\"description\":\"Software de gesti\u00f3 comercial i comptabilitat integrada ideal per a Pymes. HST distribu\u00efm i implantem tgProfesional a la teva empresa.\",\"breadcrumb\":{\"@id\":\"https:\\\/\\\/www.hst.cat\\\/es\\\/tgprofesional\\\/sector-decoracion\\\/#breadcrumb\"},\"inLanguage\":\"es\",\"potentialAction\":[{\"@type\":\"ReadAction\",\"target\":[\"https:\\\/\\\/www.hst.cat\\\/es\\\/tgprofesional\\\/sector-decoracion\\\/\"]}]},{\"@type\":\"BreadcrumbList\",\"@id\":\"https:\\\/\\\/www.hst.cat\\\/es\\\/tgprofesional\\\/sector-decoracion\\\/#breadcrumb\",\"itemListElement\":[{\"@type\":\"ListItem\",\"position\":1,\"name\":\"Portada\",\"item\":\"https:\\\/\\\/www.hst.cat\\\/es\\\/\"},{\"@type\":\"ListItem\",\"position\":2,\"name\":\"tgProfesional\",\"item\":\"https:\\\/\\\/www.hst.cat\\\/es\\\/tgprofesional\\\/\"},{\"@type\":\"ListItem\",\"position\":3,\"name\":\"Sector Decoraci\u00f3n\"}]},{\"@type\":\"WebSite\",\"@id\":\"https:\\\/\\\/www.hst.cat\\\/#website\",\"url\":\"https:\\\/\\\/www.hst.cat\\\/\",\"name\":\"Inform\u00e0tica Lleida HST\",\"description\":\"Oferim serveis d\u2019inform\u00e0tica i noves tecnologies per empreses. Servei t\u00e8cnic, Web, Soft Gesti\u00f3, Xarxes, Consultoria\",\"potentialAction\":[{\"@type\":\"SearchAction\",\"target\":{\"@type\":\"EntryPoint\",\"urlTemplate\":\"https:\\\/\\\/www.hst.cat\\\/?s={search_term_string}\"},\"query-input\":{\"@type\":\"PropertyValueSpecification\",\"valueRequired\":true,\"valueName\":\"search_term_string\"}}],\"inLanguage\":\"es\"}]}<\/script>\n<!-- \/ Yoast SEO plugin. -->","yoast_head_json":{"title":"Software empresas decoraci\u00f3n Lleida","description":"Software de gesti\u00f3 comercial i comptabilitat integrada ideal per a Pymes. HST distribu\u00efm i implantem tgProfesional a la teva empresa.","robots":{"index":"index","follow":"follow","max-snippet":"max-snippet:-1","max-image-preview":"max-image-preview:large","max-video-preview":"max-video-preview:-1"},"canonical":"https:\/\/www.hst.cat\/es\/tgprofesional\/sector-decoracion\/","og_locale":"es_ES","og_type":"article","og_title":"Software empresas decoraci\u00f3n Lleida","og_description":"Software de gesti\u00f3 comercial i comptabilitat integrada ideal per a Pymes. HST distribu\u00efm i implantem tgProfesional a la teva empresa.","og_url":"https:\/\/www.hst.cat\/es\/tgprofesional\/sector-decoracion\/","og_site_name":"Inform\u00e0tica Lleida HST","article_modified_time":"2022-03-25T11:00:13+00:00","twitter_misc":{"Tiempo de lectura":"5 minutos"},"schema":{"@context":"https:\/\/schema.org","@graph":[{"@type":"WebPage","@id":"https:\/\/www.hst.cat\/es\/tgprofesional\/sector-decoracion\/","url":"https:\/\/www.hst.cat\/es\/tgprofesional\/sector-decoracion\/","name":"Software empresas decoraci\u00f3n Lleida","isPartOf":{"@id":"https:\/\/www.hst.cat\/#website"},"datePublished":"2018-11-22T16:28:22+00:00","dateModified":"2022-03-25T11:00:13+00:00","description":"Software de gesti\u00f3 comercial i comptabilitat integrada ideal per a Pymes. HST distribu\u00efm i implantem tgProfesional a la teva empresa.","breadcrumb":{"@id":"https:\/\/www.hst.cat\/es\/tgprofesional\/sector-decoracion\/#breadcrumb"},"inLanguage":"es","potentialAction":[{"@type":"ReadAction","target":["https:\/\/www.hst.cat\/es\/tgprofesional\/sector-decoracion\/"]}]},{"@type":"BreadcrumbList","@id":"https:\/\/www.hst.cat\/es\/tgprofesional\/sector-decoracion\/#breadcrumb","itemListElement":[{"@type":"ListItem","position":1,"name":"Portada","item":"https:\/\/www.hst.cat\/es\/"},{"@type":"ListItem","position":2,"name":"tgProfesional","item":"https:\/\/www.hst.cat\/es\/tgprofesional\/"},{"@type":"ListItem","position":3,"name":"Sector Decoraci\u00f3n"}]},{"@type":"WebSite","@id":"https:\/\/www.hst.cat\/#website","url":"https:\/\/www.hst.cat\/","name":"Inform\u00e0tica Lleida HST","description":"Oferim serveis d\u2019inform\u00e0tica i noves tecnologies per empreses. Servei t\u00e8cnic, Web, Soft Gesti\u00f3, Xarxes, Consultoria","potentialAction":[{"@type":"SearchAction","target":{"@type":"EntryPoint","urlTemplate":"https:\/\/www.hst.cat\/?s={search_term_string}"},"query-input":{"@type":"PropertyValueSpecification","valueRequired":true,"valueName":"search_term_string"}}],"inLanguage":"es"}]}},"jetpack_shortlink":"https:\/\/wp.me\/P7Yfwy-1yt","jetpack_sharing_enabled":true,"_links":{"self":[{"href":"https:\/\/www.hst.cat\/es\/wp-json\/wp\/v2\/pages\/5981","targetHints":{"allow":["GET"]}}],"collection":[{"href":"https:\/\/www.hst.cat\/es\/wp-json\/wp\/v2\/pages"}],"about":[{"href":"https:\/\/www.hst.cat\/es\/wp-json\/wp\/v2\/types\/page"}],"author":[{"embeddable":true,"href":"https:\/\/www.hst.cat\/es\/wp-json\/wp\/v2\/users\/7"}],"replies":[{"embeddable":true,"href":"https:\/\/www.hst.cat\/es\/wp-json\/wp\/v2\/comments?post=5981"}],"version-history":[{"count":5,"href":"https:\/\/www.hst.cat\/es\/wp-json\/wp\/v2\/pages\/5981\/revisions"}],"predecessor-version":[{"id":7254,"href":"https:\/\/www.hst.cat\/es\/wp-json\/wp\/v2\/pages\/5981\/revisions\/7254"}],"up":[{"embeddable":true,"href":"https:\/\/www.hst.cat\/es\/wp-json\/wp\/v2\/pages\/5496"}],"wp:attachment":[{"href":"https:\/\/www.hst.cat\/es\/wp-json\/wp\/v2\/media?parent=5981"}],"curies":[{"name":"wp","href":"https:\/\/api.w.org\/{rel}","templated":true}]}}