{"id":6018,"date":"2018-11-22T18:21:46","date_gmt":"2018-11-22T17:21:46","guid":{"rendered":"https:\/\/hst.cat\/?page_id=6018"},"modified":"2022-03-25T12:01:42","modified_gmt":"2022-03-25T11:01:42","slug":"sector-distribuidores","status":"publish","type":"page","link":"https:\/\/www.hst.cat\/es\/tgprofesional\/sector-distribuidores\/","title":{"rendered":"Sector Distribuidores"},"content":{"rendered":"<div class=\"wpb-content-wrapper\"><p>[vc_row css=\u00bb.vc_custom_1542727416845{margin-top: 100px !important;}\u00bb][vc_column css_animation=\u00bbfadeInLeft\u00bb width=\u00bb1\/2&#8243; css=\u00bb.vc_custom_1542628494399{padding-right: 60px !important;}\u00bb][vc_column_text]<\/p>\n<h2><strong><span style=\"color: #b5211d;\">tg<\/span>Profesional Sector Distribuidores<\/strong><\/h2>\n<hr \/>\n<p>El software de gesti\u00f3n empresarial\u00a0<strong><span style=\"color: #b5211d;\">tg<\/span>Profesional<\/strong>\u00a0cubre las necesidades espec\u00edficas del sector delas distribuidoras:<\/p>\n<p>cubre las necesidades espec\u00edficas del\u00a0<strong>sector de la distribuci\u00f3n de bebidas y comestibles<\/strong>, gracias a la gesti\u00f3n de almac\u00e9n, expediciones, tratamientos de envases y embalajes y por la liquidaci\u00f3n de comisiones a agentes repartidores y vendedores, entre otras funcionalidades.<\/p>\n<p>Permite el control de lotes y de la trazabilidad de los productos, la facturaci\u00f3n del punto verde o tasa de reciclaje y ofrece la agilidad en la preparaci\u00f3n de los pedidos de venta que requiere el almac\u00e9n.[\/vc_column_text][\/vc_column][vc_column width=\u00bb1\/2&#8243;][vc_single_image image=\u00bb6030&#8243; img_size=\u00bbfull\u00bb css_animation=\u00bbfadeInRight\u00bb][\/vc_column][\/vc_row][vc_row full_width=\u00bbstretch_row\u00bb css=\u00bb.vc_custom_1542816466933{padding-top: 20px !important;padding-bottom: 20px !important;background-color: #1b6bad !important;}\u00bb][vc_column css_animation=\u00bbfadeIn\u00bb][vc_column_text]<\/p>\n<h2 style=\"text-align: center; color: white;\">El software tgProfesional est\u00e1 desarrollado pensando en las necesidades espec\u00edficas del sector distribuidoras. Somos especialistas en la personalizaci\u00f3n de software<\/h2>\n<p>[\/vc_column_text][\/vc_column][\/vc_row][vc_row full_width=\u00bbstretch_row\u00bb css_animation=\u00bbappear\u00bb css=\u00bb.vc_custom_1542727461504{padding-top: 10px !important;}\u00bb][vc_column][vc_column_text]<\/p>\n<h3><span style=\"color: #b5211d;\">Caracter\u00edsticas<\/span> Destacadas<\/h3>\n<hr \/>\n<h3><\/h3>\n<p>[\/vc_column_text][vc_row_inner][vc_column_inner width=\u00bb1\/3&#8243;][vc_column_text]<\/p>\n<h4 style=\"color: #b5211d;\">TPV<\/h4>\n<p>M\u00faltiples cajas de venta directa. Lectura r\u00e1pida de los productos por c\u00f3digo de barras. Captura del peso de la b\u00e1scula para las productos a granel. Consulta r\u00e1pida del precio y del stock disponible de un art\u00edculo. Cobros combinados. Tickets por vendedor. Permite aparcar y recuperar tickets. Arqueo de caja por serie de facturaci\u00f3n y almac\u00e9n. Hist\u00f3ricos de tickets emitidos.[\/vc_column_text][\/vc_column_inner][vc_column_inner width=\u00bb1\/3&#8243;][vc_column_text]<\/p>\n<h4 style=\"color: #b5211d;\">Art\u00edculos<\/h4>\n<p>Estad\u00edsticas, extractos y filtros de art\u00edculos por categor\u00edas, familias, marcas y modelos, de tipo materia prima o producto acabado como escandallo. Consulta r\u00e1pida de precio y stock de un art\u00edculo. Productos de temporada como familias espec\u00edficas para ser desactivadas y activadas f\u00e1cilmente.[\/vc_column_text][\/vc_column_inner][vc_column_inner width=\u00bb1\/3&#8243;][vc_column_text]<\/p>\n<h4 style=\"color: #b5211d;\">Gesti\u00f3n de lotes<\/h4>\n<p>Creaci\u00f3n de lotes desde el albar\u00e1n de compra con registro de las fechas de compra, fabricaci\u00f3n, envasado y caducidad. Contador de lotes propio para su generaci\u00f3n autom\u00e1tica. Registro del lote desde cualquier documento de venta: albar\u00e1n, dep\u00f3sito o ticket. Trazabilidad de los art\u00edculos desde el proceso de compra, hasta la venta.[\/vc_column_text][\/vc_column_inner][\/vc_row_inner][vc_row_inner][vc_column_inner width=\u00bb1\/3&#8243;][vc_column_text]<\/p>\n<h4 style=\"color: #b5211d;\">Promociones<\/h4>\n<p>Ofertas de art\u00edculos por volumen de ventas, X por Y, con productos degustaci\u00f3n de regalo y con descuento sobre producto. Condiciones especiales por familia, art\u00edculo y cliente. Tarifas de art\u00edculos por cantidades. Descuentos a clientes en cascada desde documentos.[\/vc_column_text][\/vc_column_inner][vc_column_inner width=\u00bb1\/3&#8243;][vc_column_text]<\/p>\n<h4 style=\"color: #b5211d;\">Expediciones<\/h4>\n<p>Automatizaci\u00f3n en el proceso de preparaci\u00f3n de pedidos a clientes para el almac\u00e9n. Generaci\u00f3n de expediciones de art\u00edculos desde albaranes de venta. C\u00e1lculo de bultos, kilos y volumen para cada env\u00edo. Informes de art\u00edculos agrupados.[\/vc_column_text][\/vc_column_inner][vc_column_inner width=\u00bb1\/3&#8243;][vc_column_text]<\/p>\n<h4 style=\"color: #b5211d;\">Propuesta de pedidos de compra<\/h4>\n<p>Generaci\u00f3n autom\u00e1tica de pedidos a proveedores de art\u00edculos, en base a unos valores de stock \u00f3ptimos y m\u00ednimos establecidos para cada tipo de producto.[\/vc_column_text][\/vc_column_inner][\/vc_row_inner][vc_row_inner][vc_column_inner width=\u00bb1\/3&#8243;][vc_column_text]<\/p>\n<h4 style=\"color: #b5211d;\">Tratamiento de envases y embalajes<\/h4>\n<p>Control del cubicaje de los envases y embalajes internos y externos, y c\u00e1lculo de bultos con totalizaci\u00f3n de vol\u00famenes y pesos para su posterior env\u00edo.[\/vc_column_text][\/vc_column_inner][vc_column_inner width=\u00bb1\/3&#8243;][vc_column_text]<\/p>\n<h4 style=\"color: #b5211d;\">Hist\u00f3ricos de ventas<\/h4>\n<p>Productos habituales consumidos por cliente. Consulta del \u00faltimo precio vendido desde cualquier documento de venta. Detalle de lotes vendidos por cliente.[\/vc_column_text][\/vc_column_inner][vc_column_inner width=\u00bb1\/3&#8243;][vc_column_text]<\/p>\n<h4 style=\"color: #b5211d;\">Comisiones de ventas por agente<\/h4>\n<p>Sistema de comisiones por agente seg\u00fan la familia, el art\u00edculo y el cliente. Informes de comisiones sobre albaranes emitidos, facturados y cobrados.[\/vc_column_text][\/vc_column_inner][\/vc_row_inner][vc_row_inner][vc_column_inner width=\u00bb1\/3&#8243;][vc_column_text]<\/p>\n<h4 style=\"color: #b5211d;\">Inventarios<\/h4>\n<p>Control de stock por lote, inventario con carga autom\u00e1tica de art\u00edculos y lotes, stock de productos fabricados y regularizaciones de stock.[\/vc_column_text][\/vc_column_inner][vc_column_inner width=\u00bb1\/3&#8243;][vc_column_text]<\/p>\n<h4 style=\"color: #b5211d;\">Cat\u00e1logo de art\u00edculos con foto<\/h4>\n<p>Dise\u00f1o de cat\u00e1logo de presentaci\u00f3n con la imagen de la ficha de cada producto para los agentes vendedores.[\/vc_column_text][\/vc_column_inner][vc_column_inner width=\u00bb1\/3&#8243;][vc_column_text]<\/p>\n<h4 style=\"color: #b5211d;\">Reparto por rutas<\/h4>\n<p>Hojas de entrega de los productos, seg\u00fan las rutas establecidas de cada cliente.[\/vc_column_text][\/vc_column_inner][\/vc_row_inner][vc_row_inner][vc_column_inner width=\u00bb1\/3&#8243;][vc_column_text]<\/p>\n<h4 style=\"color: #b5211d;\">Secciones de facturaci\u00f3n<\/h4>\n<p>Generaci\u00f3n de facturas separadas para cada centro, sucursal o tienda del cliente.[\/vc_column_text][\/vc_column_inner][vc_column_inner width=\u00bb1\/3&#8243;][vc_column_text]<\/p>\n<h4 style=\"color: #b5211d;\">Cobros de clientes por agente<\/h4>\n<p>Listados de gesti\u00f3n de cobros por clientes y por agentes.[\/vc_column_text][\/vc_column_inner][vc_column_inner width=\u00bb1\/3&#8243;][\/vc_column_inner][\/vc_row_inner][\/vc_column][\/vc_row][vc_row full_width=\u00bbstretch_row\u00bb css=\u00bb.vc_custom_1542816529630{padding-top: 20px !important;padding-bottom: 20px !important;background-color: #1b6bad !important;}\u00bb][vc_column css_animation=\u00bbfadeIn\u00bb width=\u00bb1\/3&#8243;][vc_btn title=\u00bbDESCARGAR DEMO\u00bb color=\u00bbwhite\u00bb align=\u00bbcenter\u00bb css_animation=\u00bbbounceIn\u00bb button_block=\u00bbtrue\u00bb link=\u00bburl:http%3A%2F%2Fwww.tgprofesional.com%2Fdownloads%2Fclients%2Fdemos%2FtgProfesionalDEMO.zip|||\u00bb][\/vc_column][vc_column css_animation=\u00bbfadeIn\u00bb width=\u00bb1\/3&#8243;][vc_btn title=\u00bbDESCARGAR CAT\u00c1LOGO\u00bb color=\u00bbwhite\u00bb align=\u00bbcenter\u00bb css_animation=\u00bbbounceIn\u00bb button_block=\u00bbtrue\u00bb link=\u00bburl:https%3A%2F%2Fhst.cat%2Fwp-content%2Fuploads%2Fcatalogo-tgprofesional.pdf|||\u00bb][\/vc_column][vc_column css_animation=\u00bbfadeIn\u00bb width=\u00bb1\/3&#8243;][vc_btn title=\u00bbVE A LA P\u00c1GINA PRINCIPAL\u00bb color=\u00bbwhite\u00bb align=\u00bbcenter\u00bb css_animation=\u00bbbounceIn\u00bb button_block=\u00bbtrue\u00bb link=\u00bburl:https%3A%2F%2Fhst.cat%2Fes%2Ftgprofesional%2F|||\u00bb][\/vc_column][\/vc_row][vc_row full_width=\u00bbstretch_row\u00bb css=\u00bb.vc_custom_1542731221631{margin-top: 10px !important;}\u00bb][vc_column width=\u00bb1\/6&#8243;][\/vc_column][vc_column width=\u00bb2\/3&#8243;][vc_column_text]<\/p>\n<h2 style=\"text-align: center;\">Pida informaci\u00f3n\u00a0<span style=\"color: #335ea6;\">sin compromiso<\/span><\/h2>\n<hr \/>\n<p>[\/vc_column_text]\n<div class=\"wpcf7 no-js\" id=\"wpcf7-f1621-o1\" lang=\"es-ES\" dir=\"ltr\" data-wpcf7-id=\"1621\">\n<div class=\"screen-reader-response\"><p role=\"status\" aria-live=\"polite\" aria-atomic=\"true\"><\/p> <ul><\/ul><\/div>\n<form action=\"\/es\/wp-json\/wp\/v2\/pages\/6018#wpcf7-f1621-o1\" method=\"post\" class=\"wpcf7-form init\" aria-label=\"Formulario de contacto\" novalidate=\"novalidate\" data-status=\"init\">\n<fieldset class=\"hidden-fields-container\"><input type=\"hidden\" name=\"_wpcf7\" value=\"1621\" \/><input type=\"hidden\" name=\"_wpcf7_version\" value=\"6.1.5\" \/><input type=\"hidden\" name=\"_wpcf7_locale\" value=\"es_ES\" \/><input type=\"hidden\" name=\"_wpcf7_unit_tag\" value=\"wpcf7-f1621-o1\" \/><input type=\"hidden\" name=\"_wpcf7_container_post\" value=\"0\" \/><input type=\"hidden\" name=\"_wpcf7_posted_data_hash\" value=\"\" \/><input type=\"hidden\" name=\"_wpcf7cf_hidden_group_fields\" value=\"[]\" \/><input type=\"hidden\" name=\"_wpcf7cf_hidden_groups\" value=\"[]\" \/><input type=\"hidden\" name=\"_wpcf7cf_visible_groups\" value=\"[]\" \/><input type=\"hidden\" name=\"_wpcf7cf_repeaters\" value=\"[]\" \/><input type=\"hidden\" name=\"_wpcf7cf_steps\" value=\"{}\" \/><input type=\"hidden\" name=\"_wpcf7cf_options\" value=\"{&quot;form_id&quot;:1621,&quot;conditions&quot;:[],&quot;settings&quot;:{&quot;animation&quot;:&quot;yes&quot;,&quot;animation_intime&quot;:200,&quot;animation_outtime&quot;:200,&quot;conditions_ui&quot;:&quot;normal&quot;,&quot;notice_dismissed&quot;:false,&quot;notice_dismissed_rollback-cf7-5.9.2&quot;:true,&quot;notice_dismissed_rollback-cf7-5.9.4&quot;:true,&quot;notice_dismissed_rollback-cf7-5.9.5&quot;:true,&quot;notice_dismissed_rollback-cf7-5.9.6&quot;:true,&quot;notice_dismissed_update-cf7-6.1.4&quot;:true}}\" \/><input type=\"hidden\" name=\"_wpcf7_recaptcha_response\" value=\"\" \/>\n<\/fieldset>\n<p><span class=\"wpcf7-form-control-wrap\" data-name=\"your-name\"><input size=\"40\" maxlength=\"400\" class=\"wpcf7-form-control wpcf7-text wpcf7-validates-as-required\" aria-required=\"true\" aria-invalid=\"false\" placeholder=\"Nombre\" value=\"\" type=\"text\" name=\"your-name\" \/><\/span>\n<\/p>\n<p><span class=\"wpcf7-form-control-wrap\" data-name=\"your-email\"><input size=\"40\" maxlength=\"400\" class=\"wpcf7-form-control wpcf7-email wpcf7-validates-as-required wpcf7-text wpcf7-validates-as-email\" aria-required=\"true\" aria-invalid=\"false\" placeholder=\"Email\" value=\"\" type=\"email\" name=\"your-email\" \/><\/span>\n<\/p>\n<p><span class=\"wpcf7-form-control-wrap\" data-name=\"your-message\"><textarea cols=\"40\" rows=\"10\" maxlength=\"2000\" class=\"wpcf7-form-control wpcf7-textarea\" aria-invalid=\"false\" placeholder=\"Mensaje\" name=\"your-message\"><\/textarea><\/span>\n<\/p>\n<p><span style=\"font-size:13px;\"><br \/>\nTratamos los datos que nos facilita con el fin de dar respuesta a la consulta sobre nuestros productos y servicios por cualquier medio (postal, email o tel\u00e9fono). Los datos proporcionados se conservar\u00e1n mientras no solicite el cese de la actividad. Los datos no se ceder\u00e1n a terceros salvo en los casos en que exista una obligaci\u00f3n legal. Usted tiene derecho a obtener confirmaci\u00f3n sobre si en HST estamos tratando sus datos personales por tanto tiene derecho a acceder a sus datos personales, rectificar los datos inexactos o solicitar su supresi\u00f3n cuando los datos ya no sean necesarios para los fines que fueron recogidos.<\/span>\n<\/p>\n<p><span style=\"font-size:13px;\"><br \/>\nDesea recibir comunicados de marketing de HST por correo electr\u00f3nico y entendiendo que sus datos personales se tratar\u00e1n como la <a href=\"\/politica-de-privacitat\/\" target=\"_blank\">pol\u00edtica de privacidad<\/a> <\/span>\n<\/p>\n<p><span class=\"wpcf7-form-control-wrap\" data-name=\"RGPD-accepto\"><span class=\"wpcf7-form-control wpcf7-checkbox wpcf7-validates-as-required wpcf7-exclusive-checkbox\"><span class=\"wpcf7-list-item first\"><label><input type=\"checkbox\" name=\"RGPD-accepto\" value=\"Si\" \/><span class=\"wpcf7-list-item-label\">Si<\/span><\/label><\/span><span class=\"wpcf7-list-item last\"><label><input type=\"checkbox\" name=\"RGPD-accepto\" value=\"No, gracias\" \/><span class=\"wpcf7-list-item-label\">No, gracias<\/span><\/label><\/span><\/span><\/span>\n<\/p>\n<p><br clear=\"all\" \/>\n<\/p>\n<p>\n\n<\/p>\n<p><input class=\"wpcf7-form-control wpcf7-submit has-spinner\" type=\"submit\" value=\"Enviar\" \/>\n<\/p><div class=\"wpcf7-response-output\" aria-hidden=\"true\"><\/div>\n<\/form>\n<\/div>\n[\/vc_column][vc_column width=\u00bb1\/6&#8243;][\/vc_column][\/vc_row][vc_row full_width=\u00bbstretch_row\u00bb css=\u00bb.vc_custom_1542731221631{margin-top: 10px !important;}\u00bb][vc_column width=\u00bb1\/6&#8243;][\/vc_column][vc_column width=\u00bb2\/3&#8243;][vc_column_text]<strong>Quiz\u00e1s estabas buscando: <\/strong><\/p>\n<p><em><span data-sheets-value=\"[null,2,&quot;Backup online Lleida, Copia seguridad en la nube Lleida, Copia online Lleida&quot;]\" data-sheets-userformat=\"[null,null,8705,[null,0],null,null,null,null,null,null,null,null,0,null,null,null,12]\">Programa de gesti\u00f3n para empresas distribuidoras de bebidas en Lleida, programa de gesti\u00f3n para empresas distribuidoras de alimientaci\u00f3n en Lleida, software de gesti\u00f3n para distribuidoras de productos de limpieza en Lleida, software de gesti\u00f3n para distribuidoras de encurtidos en Lleida, software de gesti\u00f3n para distribuidoras de congelados en Lleida, software de gesti\u00f3n para distribuidoras de boller\u00eda en Lleida<\/span><\/em>[\/vc_column_text][\/vc_column][vc_column width=\u00bb1\/6&#8243;][\/vc_column][\/vc_row]<\/p>\n<\/div>","protected":false},"excerpt":{"rendered":"<p>[vc_row css=\u00bb.vc_custom_1542727416845{margin-top: 100px !important;}\u00bb][vc_column css_animation=\u00bbfadeInLeft\u00bb width=\u00bb1\/2&#8243; css=\u00bb.vc_custom_1542628494399{padding-right: 60px !important;}\u00bb][vc_column_text] tgProfesional Sector Distribuidores El software de gesti\u00f3n empresarial\u00a0tgProfesional\u00a0cubre las necesidades espec\u00edficas del sector delas distribuidoras: cubre las<span class=\"excerpt-hellip\"> [\u2026]<\/span><\/p>\n","protected":false},"author":7,"featured_media":0,"parent":5496,"menu_order":0,"comment_status":"open","ping_status":"closed","template":"","meta":{"footnotes":""},"class_list":["post-6018","page","type-page","status-publish","hentry"],"yoast_head":"<!-- This site is optimized with the Yoast SEO plugin v27.4 - https:\/\/yoast.com\/product\/yoast-seo-wordpress\/ -->\n<title>Software distribuidoras Lleida<\/title>\n<meta name=\"description\" content=\"Software de gesti\u00f3 comercial i comptabilitat integrada ideal per a Pymes. HST distribu\u00efm i implantem tgProfesional a la teva empresa.\" \/>\n<meta name=\"robots\" content=\"index, follow, max-snippet:-1, max-image-preview:large, max-video-preview:-1\" \/>\n<link rel=\"canonical\" href=\"https:\/\/www.hst.cat\/es\/tgprofesional\/sector-distribuidores\/\" \/>\n<meta property=\"og:locale\" content=\"es_ES\" \/>\n<meta property=\"og:type\" content=\"article\" \/>\n<meta property=\"og:title\" content=\"Software distribuidoras Lleida\" \/>\n<meta property=\"og:description\" content=\"Software de gesti\u00f3 comercial i comptabilitat integrada ideal per a Pymes. HST distribu\u00efm i implantem tgProfesional a la teva empresa.\" \/>\n<meta property=\"og:url\" content=\"https:\/\/www.hst.cat\/es\/tgprofesional\/sector-distribuidores\/\" \/>\n<meta property=\"og:site_name\" content=\"Inform\u00e0tica Lleida HST\" \/>\n<meta property=\"article:modified_time\" content=\"2022-03-25T11:01:42+00:00\" \/>\n<meta name=\"twitter:label1\" content=\"Tiempo de lectura\" \/>\n\t<meta name=\"twitter:data1\" content=\"6 minutos\" \/>\n<script type=\"application\/ld+json\" class=\"yoast-schema-graph\">{\"@context\":\"https:\\\/\\\/schema.org\",\"@graph\":[{\"@type\":\"WebPage\",\"@id\":\"https:\\\/\\\/www.hst.cat\\\/es\\\/tgprofesional\\\/sector-distribuidores\\\/\",\"url\":\"https:\\\/\\\/www.hst.cat\\\/es\\\/tgprofesional\\\/sector-distribuidores\\\/\",\"name\":\"Software distribuidoras Lleida\",\"isPartOf\":{\"@id\":\"https:\\\/\\\/www.hst.cat\\\/#website\"},\"datePublished\":\"2018-11-22T17:21:46+00:00\",\"dateModified\":\"2022-03-25T11:01:42+00:00\",\"description\":\"Software de gesti\u00f3 comercial i comptabilitat integrada ideal per a Pymes. HST distribu\u00efm i implantem tgProfesional a la teva empresa.\",\"breadcrumb\":{\"@id\":\"https:\\\/\\\/www.hst.cat\\\/es\\\/tgprofesional\\\/sector-distribuidores\\\/#breadcrumb\"},\"inLanguage\":\"es\",\"potentialAction\":[{\"@type\":\"ReadAction\",\"target\":[\"https:\\\/\\\/www.hst.cat\\\/es\\\/tgprofesional\\\/sector-distribuidores\\\/\"]}]},{\"@type\":\"BreadcrumbList\",\"@id\":\"https:\\\/\\\/www.hst.cat\\\/es\\\/tgprofesional\\\/sector-distribuidores\\\/#breadcrumb\",\"itemListElement\":[{\"@type\":\"ListItem\",\"position\":1,\"name\":\"Portada\",\"item\":\"https:\\\/\\\/www.hst.cat\\\/es\\\/\"},{\"@type\":\"ListItem\",\"position\":2,\"name\":\"tgProfesional\",\"item\":\"https:\\\/\\\/www.hst.cat\\\/es\\\/tgprofesional\\\/\"},{\"@type\":\"ListItem\",\"position\":3,\"name\":\"Sector Distribuidores\"}]},{\"@type\":\"WebSite\",\"@id\":\"https:\\\/\\\/www.hst.cat\\\/#website\",\"url\":\"https:\\\/\\\/www.hst.cat\\\/\",\"name\":\"Inform\u00e0tica Lleida HST\",\"description\":\"Oferim serveis d\u2019inform\u00e0tica i noves tecnologies per empreses. Servei t\u00e8cnic, Web, Soft Gesti\u00f3, Xarxes, Consultoria\",\"potentialAction\":[{\"@type\":\"SearchAction\",\"target\":{\"@type\":\"EntryPoint\",\"urlTemplate\":\"https:\\\/\\\/www.hst.cat\\\/?s={search_term_string}\"},\"query-input\":{\"@type\":\"PropertyValueSpecification\",\"valueRequired\":true,\"valueName\":\"search_term_string\"}}],\"inLanguage\":\"es\"}]}<\/script>\n<!-- \/ Yoast SEO plugin. -->","yoast_head_json":{"title":"Software distribuidoras Lleida","description":"Software de gesti\u00f3 comercial i comptabilitat integrada ideal per a Pymes. HST distribu\u00efm i implantem tgProfesional a la teva empresa.","robots":{"index":"index","follow":"follow","max-snippet":"max-snippet:-1","max-image-preview":"max-image-preview:large","max-video-preview":"max-video-preview:-1"},"canonical":"https:\/\/www.hst.cat\/es\/tgprofesional\/sector-distribuidores\/","og_locale":"es_ES","og_type":"article","og_title":"Software distribuidoras Lleida","og_description":"Software de gesti\u00f3 comercial i comptabilitat integrada ideal per a Pymes. HST distribu\u00efm i implantem tgProfesional a la teva empresa.","og_url":"https:\/\/www.hst.cat\/es\/tgprofesional\/sector-distribuidores\/","og_site_name":"Inform\u00e0tica Lleida HST","article_modified_time":"2022-03-25T11:01:42+00:00","twitter_misc":{"Tiempo de lectura":"6 minutos"},"schema":{"@context":"https:\/\/schema.org","@graph":[{"@type":"WebPage","@id":"https:\/\/www.hst.cat\/es\/tgprofesional\/sector-distribuidores\/","url":"https:\/\/www.hst.cat\/es\/tgprofesional\/sector-distribuidores\/","name":"Software distribuidoras Lleida","isPartOf":{"@id":"https:\/\/www.hst.cat\/#website"},"datePublished":"2018-11-22T17:21:46+00:00","dateModified":"2022-03-25T11:01:42+00:00","description":"Software de gesti\u00f3 comercial i comptabilitat integrada ideal per a Pymes. HST distribu\u00efm i implantem tgProfesional a la teva empresa.","breadcrumb":{"@id":"https:\/\/www.hst.cat\/es\/tgprofesional\/sector-distribuidores\/#breadcrumb"},"inLanguage":"es","potentialAction":[{"@type":"ReadAction","target":["https:\/\/www.hst.cat\/es\/tgprofesional\/sector-distribuidores\/"]}]},{"@type":"BreadcrumbList","@id":"https:\/\/www.hst.cat\/es\/tgprofesional\/sector-distribuidores\/#breadcrumb","itemListElement":[{"@type":"ListItem","position":1,"name":"Portada","item":"https:\/\/www.hst.cat\/es\/"},{"@type":"ListItem","position":2,"name":"tgProfesional","item":"https:\/\/www.hst.cat\/es\/tgprofesional\/"},{"@type":"ListItem","position":3,"name":"Sector Distribuidores"}]},{"@type":"WebSite","@id":"https:\/\/www.hst.cat\/#website","url":"https:\/\/www.hst.cat\/","name":"Inform\u00e0tica Lleida HST","description":"Oferim serveis d\u2019inform\u00e0tica i noves tecnologies per empreses. Servei t\u00e8cnic, Web, Soft Gesti\u00f3, Xarxes, Consultoria","potentialAction":[{"@type":"SearchAction","target":{"@type":"EntryPoint","urlTemplate":"https:\/\/www.hst.cat\/?s={search_term_string}"},"query-input":{"@type":"PropertyValueSpecification","valueRequired":true,"valueName":"search_term_string"}}],"inLanguage":"es"}]}},"jetpack_shortlink":"https:\/\/wp.me\/P7Yfwy-1z4","jetpack_sharing_enabled":true,"_links":{"self":[{"href":"https:\/\/www.hst.cat\/es\/wp-json\/wp\/v2\/pages\/6018","targetHints":{"allow":["GET"]}}],"collection":[{"href":"https:\/\/www.hst.cat\/es\/wp-json\/wp\/v2\/pages"}],"about":[{"href":"https:\/\/www.hst.cat\/es\/wp-json\/wp\/v2\/types\/page"}],"author":[{"embeddable":true,"href":"https:\/\/www.hst.cat\/es\/wp-json\/wp\/v2\/users\/7"}],"replies":[{"embeddable":true,"href":"https:\/\/www.hst.cat\/es\/wp-json\/wp\/v2\/comments?post=6018"}],"version-history":[{"count":7,"href":"https:\/\/www.hst.cat\/es\/wp-json\/wp\/v2\/pages\/6018\/revisions"}],"predecessor-version":[{"id":21758,"href":"https:\/\/www.hst.cat\/es\/wp-json\/wp\/v2\/pages\/6018\/revisions\/21758"}],"up":[{"embeddable":true,"href":"https:\/\/www.hst.cat\/es\/wp-json\/wp\/v2\/pages\/5496"}],"wp:attachment":[{"href":"https:\/\/www.hst.cat\/es\/wp-json\/wp\/v2\/media?parent=6018"}],"curies":[{"name":"wp","href":"https:\/\/api.w.org\/{rel}","templated":true}]}}