{"id":6123,"date":"2018-11-23T13:14:18","date_gmt":"2018-11-23T12:14:18","guid":{"rendered":"https:\/\/hst.cat\/?page_id=6123"},"modified":"2022-03-25T12:05:44","modified_gmt":"2022-03-25T11:05:44","slug":"sector-inmobiliario","status":"publish","type":"page","link":"https:\/\/www.hst.cat\/es\/tgprofesional\/sector-inmobiliario\/","title":{"rendered":"Sector Inmobiliario"},"content":{"rendered":"<div class=\"wpb-content-wrapper\"><p>[vc_row css=\u00bb.vc_custom_1542727416845{margin-top: 100px !important;}\u00bb][vc_column css_animation=\u00bbfadeInLeft\u00bb width=\u00bb1\/2&#8243; css=\u00bb.vc_custom_1542628494399{padding-right: 60px !important;}\u00bb][vc_column_text]<\/p>\n<h2><strong><span style=\"color: #b5211d;\">tg<\/span>Profesional Sector Inmobiliario<\/strong><\/h2>\n<hr \/>\n<p>El software de gesti\u00f3n empresarial\u00a0<strong><span style=\"color: #b5211d;\">tg<\/span>Profesional<\/strong>\u00a0cubre las necesidades espec\u00edficas del sector inmobiliario:<\/p>\n<p>gesti\u00f3n espec\u00edficamente sectorial integrada al cien por cien con la contabilidad y el CRM. Organice los cat\u00e1logos de ofertas mediante zonas, inmuebles y atributos. Le permite el control de comisiones sobre agentes y mediadores.<\/p>\n<p>Puede gestionar las demandas, registrar las reservas y los seguimientos comerciales sobre las ofertas disponibles.[\/vc_column_text][\/vc_column][vc_column width=\u00bb1\/2&#8243;][vc_single_image image=\u00bb6124&#8243; img_size=\u00bbfull\u00bb css_animation=\u00bbfadeInRight\u00bb][\/vc_column][\/vc_row][vc_row full_width=\u00bbstretch_row\u00bb css=\u00bb.vc_custom_1542816466933{padding-top: 20px !important;padding-bottom: 20px !important;background-color: #1b6bad !important;}\u00bb][vc_column css_animation=\u00bbfadeIn\u00bb][vc_column_text]<\/p>\n<h2 style=\"text-align: center; color: white;\">El software tgProfesional est\u00e1 desarrollado pensando en las necesidades espec\u00edficas del sector inmobiliario. Somos especialistas en la personalizaci\u00f3n de software<\/h2>\n<p>[\/vc_column_text][\/vc_column][\/vc_row][vc_row full_width=\u00bbstretch_row\u00bb css_animation=\u00bbappear\u00bb css=\u00bb.vc_custom_1542727461504{padding-top: 10px !important;}\u00bb][vc_column][vc_column_text]<\/p>\n<h3><span style=\"color: #b5211d;\">Caracter\u00edsticas<\/span>\u00a0Destacadas<\/h3>\n<hr \/>\n<h3><\/h3>\n<p>[\/vc_column_text][vc_row_inner][vc_column_inner width=\u00bb1\/2&#8243;][vc_column_text]<\/p>\n<h4>Ofertas<\/h4>\n<hr \/>\n<p>[\/vc_column_text][vc_column_text]<\/p>\n<h4 style=\"color: #b5211d;\">Ficha completa<\/h4>\n<p>Especificaciones, ubicaci\u00f3n, precios, gastos, metros \u00fatiles y construidos, periodo de exclusividad, datos de registro, escritura e hipoteca, atributos, fotos y v\u00eddeos,\u2026[\/vc_column_text][vc_column_text]<\/p>\n<h4 style=\"color: #b5211d;\">Organizaci\u00f3n<\/h4>\n<p>Clasificaci\u00f3n por poblaciones, zonas. tipos de inmuebles y atributos.[\/vc_column_text][vc_column_text]<\/p>\n<h4 style=\"color: #b5211d;\">B\u00fasquedas<\/h4>\n<p>Por estada [disponible, no disponible, reservada, vendido y en captaci\u00f3n) y por referencia. Adem\u00e1s a\u00f1ade m\u00faltiples filtros de localizaci\u00f3n.[\/vc_column_text][vc_column_text]<\/p>\n<h4 style=\"color: #b5211d;\">Seguimientos<\/h4>\n<p>Registro de las demandas interesadas por la oferta y de las actividades del CRM relacionadas.[\/vc_column_text][vc_column_text]<\/p>\n<h4 style=\"color: #b5211d;\">Reservas<\/h4>\n<p>Detalle de las entregas de una demanda para reservar una oferta.[\/vc_column_text][vc_column_text]<\/p>\n<h4 style=\"color: #b5211d;\">Importaci\u00f3n<\/h4>\n<p>Adjunta archivos externos relacionados con la propia oferta.[\/vc_column_text][\/vc_column_inner][vc_column_inner width=\u00bb1\/2&#8243;][vc_column_text]<\/p>\n<h4>Alquileres<\/h4>\n<hr \/>\n<p>[\/vc_column_text][vc_column_text]<\/p>\n<h4 style=\"color: #b5211d;\">Inmuebles de alquiler<\/h4>\n<p>Propios y ajenos. Especificaciones, ubicaci\u00f3n, precio, gastos, metros, fotos, v\u00eddeos, \u2026[\/vc_column_text][vc_column_text]<\/p>\n<h4 style=\"color: #b5211d;\">Hist\u00f3rico<\/h4>\n<p>Extracto peri\u00f3dico de los alquileres y contratos de cada inmueble.[\/vc_column_text][vc_column_text]<\/p>\n<h4 style=\"color: #b5211d;\">Contratos<\/h4>\n<p>Gracias a TGINFORMES dispone de su impresi\u00f3n personalizada en varios modelos. Contiene la cuota de alquiler, gastos, duraci\u00f3n, periodicidad, \u2026[\/vc_column_text][vc_column_text]<\/p>\n<h4 style=\"color: #b5211d;\">Calendario de disponibilidad<\/h4>\n<p>[\/vc_column_text][vc_column_text]<\/p>\n<h4 style=\"color: #b5211d;\">Gastos<\/h4>\n<p>Asignaci\u00f3n de gastos adicionales, fijos o puntuales, a la cuota de alquiler.[\/vc_column_text][vc_column_text]<\/p>\n<h4 style=\"color: #b5211d;\">Fianzas<\/h4>\n<p>Completos informes para el control de fianzas.[\/vc_column_text][vc_column_text]<\/p>\n<h4 style=\"color: #b5211d;\">Facturaci\u00f3n<\/h4>\n<p>Emisi\u00f3n de las facturas y recibos de alquiler.[\/vc_column_text][vc_column_text]<\/p>\n<h4 style=\"color: #b5211d;\">Liquidaci\u00f3n<\/h4>\n<p>Calculo de las comisiones para los propietarios de los inmuebles en alquiler.[\/vc_column_text][vc_column_text]<\/p>\n<h4 style=\"color: #b5211d;\">Comunidades<\/h4>\n<p>Administraci\u00f3n de fincas y comunidades de vecinos.[\/vc_column_text][\/vc_column_inner][\/vc_row_inner][vc_row_inner][vc_column_inner width=\u00bb1\/2&#8243;][vc_column_text]<\/p>\n<h4>Demandas<\/h4>\n<hr \/>\n<p>[\/vc_column_text][vc_column_text]<\/p>\n<h4 style=\"color: #b5211d;\">Ficha completa<\/h4>\n<p>Datos fiscales de captaci\u00f3n, venta o alquiler, ubicaci\u00f3n, precio y metros requeridos.[\/vc_column_text][vc_column_text]<\/p>\n<h4 style=\"color: #b5211d;\">Filtro<\/h4>\n<p>Localizador de ofertas en funci\u00f3n de los requisitos.[\/vc_column_text][vc_column_text]<\/p>\n<h4 style=\"color: #b5211d;\">Seguimientos<\/h4>\n<p>Registro de las ofertas mostradas y las actividades del CRM relacionadas con la demanda.[\/vc_column_text][vc_column_text]<\/p>\n<h4 style=\"color: #b5211d;\">Reservas<\/h4>\n<p>Detalle de los importes de reserva entregados, con acceso directo a los documentos de reserva.[\/vc_column_text][\/vc_column_inner][vc_column_inner width=\u00bb1\/2&#8243;][vc_column_text]<\/p>\n<h4>Administraci\u00f3n<\/h4>\n<hr \/>\n<p>[\/vc_column_text][vc_column_text]<\/p>\n<h4 style=\"color: #b5211d;\">Agencias inmobiliarias<\/h4>\n<p>[\/vc_column_text][vc_column_text]<\/p>\n<h4 style=\"color: #b5211d;\">Mediadores<\/h4>\n<p>[\/vc_column_text][vc_column_text]<\/p>\n<h4 style=\"color: #b5211d;\">Agentes comerciales<\/h4>\n<p>[\/vc_column_text][\/vc_column_inner][\/vc_row_inner][\/vc_column][\/vc_row][vc_row full_width=\u00bbstretch_row\u00bb css=\u00bb.vc_custom_1542816529630{padding-top: 20px !important;padding-bottom: 20px !important;background-color: #1b6bad !important;}\u00bb][vc_column css_animation=\u00bbfadeIn\u00bb width=\u00bb1\/3&#8243;][vc_btn title=\u00bbDESCARGAR DEMO\u00bb color=\u00bbwhite\u00bb align=\u00bbcenter\u00bb css_animation=\u00bbbounceIn\u00bb button_block=\u00bbtrue\u00bb link=\u00bburl:http%3A%2F%2Fwww.tgprofesional.com%2Fdownloads%2Fclients%2Fdemos%2FtgProfesionalDEMO.zip|||\u00bb][\/vc_column][vc_column css_animation=\u00bbfadeIn\u00bb width=\u00bb1\/3&#8243;][vc_btn title=\u00bbDESCARGAR CAT\u00c1LOGO\u00bb color=\u00bbwhite\u00bb align=\u00bbcenter\u00bb css_animation=\u00bbbounceIn\u00bb button_block=\u00bbtrue\u00bb link=\u00bburl:https%3A%2F%2Fhst.cat%2Fwp-content%2Fuploads%2Fcatalogo-tgprofesional.pdf|||\u00bb][\/vc_column][vc_column css_animation=\u00bbfadeIn\u00bb width=\u00bb1\/3&#8243;][vc_btn title=\u00bbVE A LA P\u00c1GINA PRINCIPAL\u00bb color=\u00bbwhite\u00bb align=\u00bbcenter\u00bb css_animation=\u00bbbounceIn\u00bb button_block=\u00bbtrue\u00bb link=\u00bburl:https%3A%2F%2Fhst.cat%2Fes%2Ftgprofesional%2F|||\u00bb][\/vc_column][\/vc_row][vc_row full_width=\u00bbstretch_row\u00bb css=\u00bb.vc_custom_1542731221631{margin-top: 10px !important;}\u00bb][vc_column width=\u00bb1\/6&#8243;][\/vc_column][vc_column width=\u00bb2\/3&#8243;][vc_column_text]<\/p>\n<h2 style=\"text-align: center;\">Pida informaci\u00f3n\u00a0<span style=\"color: #335ea6;\">sin compromiso<\/span><\/h2>\n<hr \/>\n<p>[\/vc_column_text]\n<div class=\"wpcf7 no-js\" id=\"wpcf7-f1621-o1\" lang=\"es-ES\" dir=\"ltr\" data-wpcf7-id=\"1621\">\n<div class=\"screen-reader-response\"><p role=\"status\" aria-live=\"polite\" aria-atomic=\"true\"><\/p> <ul><\/ul><\/div>\n<form action=\"\/es\/wp-json\/wp\/v2\/pages\/6123#wpcf7-f1621-o1\" method=\"post\" class=\"wpcf7-form init\" aria-label=\"Formulario de contacto\" novalidate=\"novalidate\" data-status=\"init\">\n<fieldset class=\"hidden-fields-container\"><input type=\"hidden\" name=\"_wpcf7\" value=\"1621\" \/><input type=\"hidden\" name=\"_wpcf7_version\" value=\"6.1.5\" \/><input type=\"hidden\" name=\"_wpcf7_locale\" value=\"es_ES\" \/><input type=\"hidden\" name=\"_wpcf7_unit_tag\" value=\"wpcf7-f1621-o1\" \/><input type=\"hidden\" name=\"_wpcf7_container_post\" value=\"0\" \/><input type=\"hidden\" name=\"_wpcf7_posted_data_hash\" value=\"\" \/><input type=\"hidden\" name=\"_wpcf7cf_hidden_group_fields\" value=\"[]\" \/><input type=\"hidden\" name=\"_wpcf7cf_hidden_groups\" value=\"[]\" \/><input type=\"hidden\" name=\"_wpcf7cf_visible_groups\" value=\"[]\" \/><input type=\"hidden\" name=\"_wpcf7cf_repeaters\" value=\"[]\" \/><input type=\"hidden\" name=\"_wpcf7cf_steps\" value=\"{}\" \/><input type=\"hidden\" name=\"_wpcf7cf_options\" value=\"{&quot;form_id&quot;:1621,&quot;conditions&quot;:[],&quot;settings&quot;:{&quot;animation&quot;:&quot;yes&quot;,&quot;animation_intime&quot;:200,&quot;animation_outtime&quot;:200,&quot;conditions_ui&quot;:&quot;normal&quot;,&quot;notice_dismissed&quot;:false,&quot;notice_dismissed_rollback-cf7-5.9.2&quot;:true,&quot;notice_dismissed_rollback-cf7-5.9.4&quot;:true,&quot;notice_dismissed_rollback-cf7-5.9.5&quot;:true,&quot;notice_dismissed_rollback-cf7-5.9.6&quot;:true,&quot;notice_dismissed_update-cf7-6.1.4&quot;:true}}\" \/><input type=\"hidden\" name=\"_wpcf7_recaptcha_response\" value=\"\" \/>\n<\/fieldset>\n<p><span class=\"wpcf7-form-control-wrap\" data-name=\"your-name\"><input size=\"40\" maxlength=\"400\" class=\"wpcf7-form-control wpcf7-text wpcf7-validates-as-required\" aria-required=\"true\" aria-invalid=\"false\" placeholder=\"Nombre\" value=\"\" type=\"text\" name=\"your-name\" \/><\/span>\n<\/p>\n<p><span class=\"wpcf7-form-control-wrap\" data-name=\"your-email\"><input size=\"40\" maxlength=\"400\" class=\"wpcf7-form-control wpcf7-email wpcf7-validates-as-required wpcf7-text wpcf7-validates-as-email\" aria-required=\"true\" aria-invalid=\"false\" placeholder=\"Email\" value=\"\" type=\"email\" name=\"your-email\" \/><\/span>\n<\/p>\n<p><span class=\"wpcf7-form-control-wrap\" data-name=\"your-message\"><textarea cols=\"40\" rows=\"10\" maxlength=\"2000\" class=\"wpcf7-form-control wpcf7-textarea\" aria-invalid=\"false\" placeholder=\"Mensaje\" name=\"your-message\"><\/textarea><\/span>\n<\/p>\n<p><span style=\"font-size:13px;\"><br \/>\nTratamos los datos que nos facilita con el fin de dar respuesta a la consulta sobre nuestros productos y servicios por cualquier medio (postal, email o tel\u00e9fono). Los datos proporcionados se conservar\u00e1n mientras no solicite el cese de la actividad. Los datos no se ceder\u00e1n a terceros salvo en los casos en que exista una obligaci\u00f3n legal. Usted tiene derecho a obtener confirmaci\u00f3n sobre si en HST estamos tratando sus datos personales por tanto tiene derecho a acceder a sus datos personales, rectificar los datos inexactos o solicitar su supresi\u00f3n cuando los datos ya no sean necesarios para los fines que fueron recogidos.<\/span>\n<\/p>\n<p><span style=\"font-size:13px;\"><br \/>\nDesea recibir comunicados de marketing de HST por correo electr\u00f3nico y entendiendo que sus datos personales se tratar\u00e1n como la <a href=\"\/politica-de-privacitat\/\" target=\"_blank\">pol\u00edtica de privacidad<\/a> <\/span>\n<\/p>\n<p><span class=\"wpcf7-form-control-wrap\" data-name=\"RGPD-accepto\"><span class=\"wpcf7-form-control wpcf7-checkbox wpcf7-validates-as-required wpcf7-exclusive-checkbox\"><span class=\"wpcf7-list-item first\"><label><input type=\"checkbox\" name=\"RGPD-accepto\" value=\"Si\" \/><span class=\"wpcf7-list-item-label\">Si<\/span><\/label><\/span><span class=\"wpcf7-list-item last\"><label><input type=\"checkbox\" name=\"RGPD-accepto\" value=\"No, gracias\" \/><span class=\"wpcf7-list-item-label\">No, gracias<\/span><\/label><\/span><\/span><\/span>\n<\/p>\n<p><br clear=\"all\" \/>\n<\/p>\n<p>\n\n<\/p>\n<p><input class=\"wpcf7-form-control wpcf7-submit has-spinner\" type=\"submit\" value=\"Enviar\" \/>\n<\/p><div class=\"wpcf7-response-output\" aria-hidden=\"true\"><\/div>\n<\/form>\n<\/div>\n[\/vc_column][vc_column width=\u00bb1\/6&#8243;][\/vc_column][\/vc_row][vc_row full_width=\u00bbstretch_row\u00bb css=\u00bb.vc_custom_1542731221631{margin-top: 10px !important;}\u00bb][vc_column width=\u00bb1\/6&#8243;][\/vc_column][vc_column width=\u00bb2\/3&#8243;][vc_column_text]<strong>Quiz\u00e1s estabas buscando: <\/strong><\/p>\n<p><em><span data-sheets-value=\"[null,2,&quot;Backup online Lleida, Copia seguridad en la nube Lleida, Copia online Lleida&quot;]\" data-sheets-userformat=\"[null,null,8705,[null,0],null,null,null,null,null,null,null,null,0,null,null,null,12]\">Programa de gesti\u00f3n para inmobiliarias en Lleida, software de gesti\u00f3n para inmobiliarias en Lleida , software de gesti\u00f3n empresarial Lleida<\/span><\/em>[\/vc_column_text][\/vc_column][vc_column width=\u00bb1\/6&#8243;][\/vc_column][\/vc_row]<\/p>\n<\/div>","protected":false},"excerpt":{"rendered":"<p>[vc_row css=\u00bb.vc_custom_1542727416845{margin-top: 100px !important;}\u00bb][vc_column css_animation=\u00bbfadeInLeft\u00bb width=\u00bb1\/2&#8243; css=\u00bb.vc_custom_1542628494399{padding-right: 60px !important;}\u00bb][vc_column_text] tgProfesional Sector Inmobiliario El software de gesti\u00f3n empresarial\u00a0tgProfesional\u00a0cubre las necesidades espec\u00edficas del sector inmobiliario: gesti\u00f3n espec\u00edficamente sectorial<span class=\"excerpt-hellip\"> [\u2026]<\/span><\/p>\n","protected":false},"author":7,"featured_media":0,"parent":5496,"menu_order":0,"comment_status":"open","ping_status":"closed","template":"","meta":{"footnotes":""},"class_list":["post-6123","page","type-page","status-publish","hentry"],"yoast_head":"<!-- This site is optimized with the Yoast SEO plugin v27.4 - https:\/\/yoast.com\/product\/yoast-seo-wordpress\/ -->\n<title>Software inmobiliarias Lleida<\/title>\n<meta name=\"description\" content=\"Software de gesti\u00f3 comercial i comptabilitat integrada ideal per a Pymes. HST distribu\u00efm i implantem tgProfesional a la teva empresa.\" \/>\n<meta name=\"robots\" content=\"index, follow, max-snippet:-1, max-image-preview:large, max-video-preview:-1\" \/>\n<link rel=\"canonical\" href=\"https:\/\/www.hst.cat\/es\/tgprofesional\/sector-inmobiliario\/\" \/>\n<meta property=\"og:locale\" content=\"es_ES\" \/>\n<meta property=\"og:type\" content=\"article\" \/>\n<meta property=\"og:title\" content=\"Software inmobiliarias Lleida\" \/>\n<meta property=\"og:description\" content=\"Software de gesti\u00f3 comercial i comptabilitat integrada ideal per a Pymes. HST distribu\u00efm i implantem tgProfesional a la teva empresa.\" \/>\n<meta property=\"og:url\" content=\"https:\/\/www.hst.cat\/es\/tgprofesional\/sector-inmobiliario\/\" \/>\n<meta property=\"og:site_name\" content=\"Inform\u00e0tica Lleida HST\" \/>\n<meta property=\"article:modified_time\" content=\"2022-03-25T11:05:44+00:00\" \/>\n<meta name=\"twitter:label1\" content=\"Tiempo de lectura\" \/>\n\t<meta name=\"twitter:data1\" content=\"5 minutos\" \/>\n<script type=\"application\/ld+json\" class=\"yoast-schema-graph\">{\"@context\":\"https:\\\/\\\/schema.org\",\"@graph\":[{\"@type\":\"WebPage\",\"@id\":\"https:\\\/\\\/www.hst.cat\\\/es\\\/tgprofesional\\\/sector-inmobiliario\\\/\",\"url\":\"https:\\\/\\\/www.hst.cat\\\/es\\\/tgprofesional\\\/sector-inmobiliario\\\/\",\"name\":\"Software inmobiliarias Lleida\",\"isPartOf\":{\"@id\":\"https:\\\/\\\/www.hst.cat\\\/#website\"},\"datePublished\":\"2018-11-23T12:14:18+00:00\",\"dateModified\":\"2022-03-25T11:05:44+00:00\",\"description\":\"Software de gesti\u00f3 comercial i comptabilitat integrada ideal per a Pymes. HST distribu\u00efm i implantem tgProfesional a la teva empresa.\",\"breadcrumb\":{\"@id\":\"https:\\\/\\\/www.hst.cat\\\/es\\\/tgprofesional\\\/sector-inmobiliario\\\/#breadcrumb\"},\"inLanguage\":\"es\",\"potentialAction\":[{\"@type\":\"ReadAction\",\"target\":[\"https:\\\/\\\/www.hst.cat\\\/es\\\/tgprofesional\\\/sector-inmobiliario\\\/\"]}]},{\"@type\":\"BreadcrumbList\",\"@id\":\"https:\\\/\\\/www.hst.cat\\\/es\\\/tgprofesional\\\/sector-inmobiliario\\\/#breadcrumb\",\"itemListElement\":[{\"@type\":\"ListItem\",\"position\":1,\"name\":\"Portada\",\"item\":\"https:\\\/\\\/www.hst.cat\\\/es\\\/\"},{\"@type\":\"ListItem\",\"position\":2,\"name\":\"tgProfesional\",\"item\":\"https:\\\/\\\/www.hst.cat\\\/es\\\/tgprofesional\\\/\"},{\"@type\":\"ListItem\",\"position\":3,\"name\":\"Sector Inmobiliario\"}]},{\"@type\":\"WebSite\",\"@id\":\"https:\\\/\\\/www.hst.cat\\\/#website\",\"url\":\"https:\\\/\\\/www.hst.cat\\\/\",\"name\":\"Inform\u00e0tica Lleida HST\",\"description\":\"Oferim serveis d\u2019inform\u00e0tica i noves tecnologies per empreses. Servei t\u00e8cnic, Web, Soft Gesti\u00f3, Xarxes, Consultoria\",\"potentialAction\":[{\"@type\":\"SearchAction\",\"target\":{\"@type\":\"EntryPoint\",\"urlTemplate\":\"https:\\\/\\\/www.hst.cat\\\/?s={search_term_string}\"},\"query-input\":{\"@type\":\"PropertyValueSpecification\",\"valueRequired\":true,\"valueName\":\"search_term_string\"}}],\"inLanguage\":\"es\"}]}<\/script>\n<!-- \/ Yoast SEO plugin. -->","yoast_head_json":{"title":"Software inmobiliarias Lleida","description":"Software de gesti\u00f3 comercial i comptabilitat integrada ideal per a Pymes. HST distribu\u00efm i implantem tgProfesional a la teva empresa.","robots":{"index":"index","follow":"follow","max-snippet":"max-snippet:-1","max-image-preview":"max-image-preview:large","max-video-preview":"max-video-preview:-1"},"canonical":"https:\/\/www.hst.cat\/es\/tgprofesional\/sector-inmobiliario\/","og_locale":"es_ES","og_type":"article","og_title":"Software inmobiliarias Lleida","og_description":"Software de gesti\u00f3 comercial i comptabilitat integrada ideal per a Pymes. HST distribu\u00efm i implantem tgProfesional a la teva empresa.","og_url":"https:\/\/www.hst.cat\/es\/tgprofesional\/sector-inmobiliario\/","og_site_name":"Inform\u00e0tica Lleida HST","article_modified_time":"2022-03-25T11:05:44+00:00","twitter_misc":{"Tiempo de lectura":"5 minutos"},"schema":{"@context":"https:\/\/schema.org","@graph":[{"@type":"WebPage","@id":"https:\/\/www.hst.cat\/es\/tgprofesional\/sector-inmobiliario\/","url":"https:\/\/www.hst.cat\/es\/tgprofesional\/sector-inmobiliario\/","name":"Software inmobiliarias Lleida","isPartOf":{"@id":"https:\/\/www.hst.cat\/#website"},"datePublished":"2018-11-23T12:14:18+00:00","dateModified":"2022-03-25T11:05:44+00:00","description":"Software de gesti\u00f3 comercial i comptabilitat integrada ideal per a Pymes. HST distribu\u00efm i implantem tgProfesional a la teva empresa.","breadcrumb":{"@id":"https:\/\/www.hst.cat\/es\/tgprofesional\/sector-inmobiliario\/#breadcrumb"},"inLanguage":"es","potentialAction":[{"@type":"ReadAction","target":["https:\/\/www.hst.cat\/es\/tgprofesional\/sector-inmobiliario\/"]}]},{"@type":"BreadcrumbList","@id":"https:\/\/www.hst.cat\/es\/tgprofesional\/sector-inmobiliario\/#breadcrumb","itemListElement":[{"@type":"ListItem","position":1,"name":"Portada","item":"https:\/\/www.hst.cat\/es\/"},{"@type":"ListItem","position":2,"name":"tgProfesional","item":"https:\/\/www.hst.cat\/es\/tgprofesional\/"},{"@type":"ListItem","position":3,"name":"Sector Inmobiliario"}]},{"@type":"WebSite","@id":"https:\/\/www.hst.cat\/#website","url":"https:\/\/www.hst.cat\/","name":"Inform\u00e0tica Lleida HST","description":"Oferim serveis d\u2019inform\u00e0tica i noves tecnologies per empreses. Servei t\u00e8cnic, Web, Soft Gesti\u00f3, Xarxes, Consultoria","potentialAction":[{"@type":"SearchAction","target":{"@type":"EntryPoint","urlTemplate":"https:\/\/www.hst.cat\/?s={search_term_string}"},"query-input":{"@type":"PropertyValueSpecification","valueRequired":true,"valueName":"search_term_string"}}],"inLanguage":"es"}]}},"jetpack_shortlink":"https:\/\/wp.me\/P7Yfwy-1AL","jetpack_sharing_enabled":true,"_links":{"self":[{"href":"https:\/\/www.hst.cat\/es\/wp-json\/wp\/v2\/pages\/6123","targetHints":{"allow":["GET"]}}],"collection":[{"href":"https:\/\/www.hst.cat\/es\/wp-json\/wp\/v2\/pages"}],"about":[{"href":"https:\/\/www.hst.cat\/es\/wp-json\/wp\/v2\/types\/page"}],"author":[{"embeddable":true,"href":"https:\/\/www.hst.cat\/es\/wp-json\/wp\/v2\/users\/7"}],"replies":[{"embeddable":true,"href":"https:\/\/www.hst.cat\/es\/wp-json\/wp\/v2\/comments?post=6123"}],"version-history":[{"count":6,"href":"https:\/\/www.hst.cat\/es\/wp-json\/wp\/v2\/pages\/6123\/revisions"}],"predecessor-version":[{"id":7272,"href":"https:\/\/www.hst.cat\/es\/wp-json\/wp\/v2\/pages\/6123\/revisions\/7272"}],"up":[{"embeddable":true,"href":"https:\/\/www.hst.cat\/es\/wp-json\/wp\/v2\/pages\/5496"}],"wp:attachment":[{"href":"https:\/\/www.hst.cat\/es\/wp-json\/wp\/v2\/media?parent=6123"}],"curies":[{"name":"wp","href":"https:\/\/api.w.org\/{rel}","templated":true}]}}