{"id":703,"date":"2015-02-01T19:32:46","date_gmt":"2015-02-01T18:32:46","guid":{"rendered":"http:\/\/hst.cat\/googleappslleida-2\/"},"modified":"2023-09-27T10:37:04","modified_gmt":"2023-09-27T08:37:04","slug":"google-apps-lleida","status":"publish","type":"page","link":"https:\/\/www.hst.cat\/es\/google-apps-lleida\/","title":{"rendered":"Google Apps"},"content":{"rendered":"<div class=\"wpb-content-wrapper\"><p>[vc_row][vc_column css=\u00bb.vc_custom_1422807004299{padding-right: 60px !important;}\u00bb][vc_row_inner][vc_column_inner width=\u00bb1\/4&#8243;][vc_single_image image=\u00bb429&#8243; img_size=\u00bbfull\u00bb alignment=\u00bbcenter\u00bb][\/vc_column_inner][vc_column_inner width=\u00bb3\/4&#8243;][vc_column_text]<\/p>\n<h3>Gmail<\/h3>\n<p>Preocupa&#8217;t dels teus negocis, no del teu software\u00a0de correu electr\u00f2nic. Gmail per a empreses ofereix una capacitat de 30 GB per usuari, un gran control de l&#8217;spam, aix\u00ed com el motor de cerca de Google, \u00edndex de disponibilitat de 99.9%, accessible des de qualsevol sistema i programes de correu com Outlook.<br \/>\n.[\/vc_column_text][\/vc_column_inner][\/vc_row_inner][vc_row_inner][vc_column_inner width=\u00bb1\/4&#8243;][vc_single_image image=\u00bb426&#8243; img_size=\u00bbfull\u00bb alignment=\u00bbcenter\u00bb][\/vc_column_inner][vc_column_inner width=\u00bb3\/4&#8243;][vc_column_text]<\/p>\n<h3>Google Calendar<\/h3>\n<p>Gestiona les reunions i comparteix calendaris en l\u00ednia amb Google Calendar. Un programa de calendari basat en web que permet als teus empleats treballar en conjunt de manera eficient i col\u00b7laborativa mentre que ajuda a minimitzar els costos i els problemes de TI.[\/vc_column_text][\/vc_column_inner][\/vc_row_inner][vc_row_inner][vc_column_inner width=\u00bb1\/4&#8243;][vc_single_image image=\u00bb427&#8243; img_size=\u00bbfull\u00bb alignment=\u00bbcenter\u00bb][\/vc_column_inner][vc_column_inner width=\u00bb3\/4&#8243;][vc_column_text]<\/p>\n<h3>Google Docs<\/h3>\n<p>Documents compartits i col\u00b7laboraci\u00f3 en temps real. Documents, fulls de c\u00e0lcul i presentacions en el n\u00favol per permetre als usuaris compartir i editar els seus arxius de forma simult\u00e0nia i disposant sempre de l&#8217;\u00faltima versi\u00f3, sense perdre mai el control de la seva informaci\u00f3.[\/vc_column_text][\/vc_column_inner][\/vc_row_inner][vc_row_inner][vc_column_inner width=\u00bb1\/4&#8243;][vc_single_image image=\u00bb428&#8243; img_size=\u00bbfull\u00bb alignment=\u00bbcenter\u00bb][\/vc_column_inner][vc_column_inner width=\u00bb3\/4&#8243;][vc_column_text]<\/p>\n<h3>Google\u00a0Drive<\/h3>\n<p>Google Drive t&#8217;ofereix un espai \u00fanic, en el n\u00favol, per emmagatzemar els teus arxius i et d\u00f3na acc\u00e9s a ells des del teu pc, tablet o smartphone. Comparteix els teus arxius o carpetes senceres amb persones, departaments, i fins i tot clients. Utilitza caracter\u00edstiques com la recerca per trobar r\u00e0pidament el que necessites. Comen\u00e7a amb fins a 30 GB d&#8217;emmagatzematge gratu\u00eft per a cada usuari i disposa m\u00e9s capacitat quan ho necessitis.[\/vc_column_text][\/vc_column_inner][\/vc_row_inner][vc_row_inner][vc_column_inner width=\u00bb1\/4&#8243;][vc_single_image image=\u00bb430&#8243; img_size=\u00bbfull\u00bb alignment=\u00bbcenter\u00bb][\/vc_column_inner][vc_column_inner width=\u00bb3\/4&#8243;][vc_column_text]<\/p>\n<h3>Google\u00a0Sites<\/h3>\n<p>Crea de forma senzilla webs per a intranets i projectes en equip. Google Sites \u00e9s f\u00e0cil d&#8217;utilitzar i permet crear llocs web sense que sigui necessari utilitzar codi ni coneixements d&#8217;HTML, assignant permisos per grup o usuari per a cada secci\u00f3.[\/vc_column_text][\/vc_column_inner][\/vc_row_inner][vc_row_inner][vc_column_inner width=\u00bb1\/4&#8243;][vc_single_image image=\u00bb444&#8243; img_size=\u00bbfull\u00bb alignment=\u00bbcenter\u00bb][\/vc_column_inner][vc_column_inner width=\u00bb3\/4&#8243;][vc_column_text]<\/p>\n<h3>Google Meet<\/h3>\n<p>Mant\u00e9 videoconfer\u00e8ncies d&#8217;alta definici\u00f3 a trav\u00e9s de Meet amb fins a 100 participants des del pc, tablet o tel\u00e8fon. Pots compartir pantalla, mostrar presentacions i parlar mentre treballes.[\/vc_column_text][\/vc_column_inner][\/vc_row_inner][vc_row_inner][vc_column_inner width=\u00bb1\/4&#8243;][vc_single_image image=\u00bb445&#8243; img_size=\u00bb55&#215;55&#8243; alignment=\u00bbcenter\u00bb][\/vc_column_inner][vc_column_inner width=\u00bb3\/4&#8243;][vc_column_text]<\/p>\n<h3>Marketplace<\/h3>\n<p>Google Apps Marketplace \u00e9s un espai amb aplicacions per a qualsevol necessitat del teu negoci. Amb nom\u00e9s uns clics, pots trobar, provar, comprar i activar aplicacions web de nombrosos programadors que s&#8217;integraran perfectament al teu Google Apps.[\/vc_column_text][\/vc_column_inner][\/vc_row_inner][\/vc_column][\/vc_row][vc_row][vc_column][vc_single_image image=\u00bb405&#8243; img_size=\u00bbfull\u00bb alignment=\u00bbcenter\u00bb css_animation=\u00bbappear\u00bb][\/vc_column][\/vc_row]<\/p>\n<\/div>","protected":false},"excerpt":{"rendered":"<p>[vc_row][vc_column css=\u00bb.vc_custom_1422807004299{padding-right: 60px !important;}\u00bb][vc_row_inner][vc_column_inner width=\u00bb1\/4&#8243;][vc_single_image image=\u00bb429&#8243; img_size=\u00bbfull\u00bb alignment=\u00bbcenter\u00bb][\/vc_column_inner][vc_column_inner width=\u00bb3\/4&#8243;][vc_column_text] Gmail Preocupa&#8217;t dels teus negocis, no del teu software\u00a0de correu electr\u00f2nic. Gmail per a empreses ofereix una<span class=\"excerpt-hellip\"> [\u2026]<\/span><\/p>\n","protected":false},"author":5,"featured_media":0,"parent":0,"menu_order":0,"comment_status":"open","ping_status":"closed","template":"","meta":{"footnotes":""},"class_list":["post-703","page","type-page","status-publish","hentry"],"yoast_head":"<!-- This site is optimized with the Yoast SEO plugin v27.3 - https:\/\/yoast.com\/product\/yoast-seo-wordpress\/ -->\n<title>Distribuidor Google Apps, implantaci\u00f3n Google Apps, G suite<\/title>\n<meta name=\"description\" content=\"En HST implementamos, configuramos y formamos sobre G Suite (Google Apps) en su empresa, centro educativo o instituci\u00f3n\" \/>\n<meta name=\"robots\" content=\"index, follow, max-snippet:-1, max-image-preview:large, max-video-preview:-1\" \/>\n<link rel=\"canonical\" href=\"https:\/\/www.hst.cat\/es\/google-apps-lleida\/\" \/>\n<meta property=\"og:locale\" content=\"es_ES\" \/>\n<meta property=\"og:type\" content=\"article\" \/>\n<meta property=\"og:title\" content=\"Distribuidor Google Apps, implantaci\u00f3n Google Apps, G suite\" \/>\n<meta property=\"og:description\" content=\"En HST implementamos, configuramos y formamos sobre G Suite (Google Apps) en su empresa, centro educativo o instituci\u00f3n\" \/>\n<meta property=\"og:url\" content=\"https:\/\/www.hst.cat\/es\/google-apps-lleida\/\" \/>\n<meta property=\"og:site_name\" content=\"Inform\u00e0tica Lleida HST\" \/>\n<meta property=\"article:modified_time\" content=\"2023-09-27T08:37:04+00:00\" \/>\n<meta name=\"twitter:label1\" content=\"Tiempo de lectura\" \/>\n\t<meta name=\"twitter:data1\" content=\"2 minutos\" \/>\n<script type=\"application\/ld+json\" class=\"yoast-schema-graph\">{\"@context\":\"https:\\\/\\\/schema.org\",\"@graph\":[{\"@type\":\"WebPage\",\"@id\":\"https:\\\/\\\/www.hst.cat\\\/es\\\/google-apps-lleida\\\/\",\"url\":\"https:\\\/\\\/www.hst.cat\\\/es\\\/google-apps-lleida\\\/\",\"name\":\"Distribuidor Google Apps, implantaci\u00f3n Google Apps, G suite\",\"isPartOf\":{\"@id\":\"https:\\\/\\\/www.hst.cat\\\/#website\"},\"datePublished\":\"2015-02-01T18:32:46+00:00\",\"dateModified\":\"2023-09-27T08:37:04+00:00\",\"description\":\"En HST implementamos, configuramos y formamos sobre G Suite (Google Apps) en su empresa, centro educativo o instituci\u00f3n\",\"breadcrumb\":{\"@id\":\"https:\\\/\\\/www.hst.cat\\\/es\\\/google-apps-lleida\\\/#breadcrumb\"},\"inLanguage\":\"es\",\"potentialAction\":[{\"@type\":\"ReadAction\",\"target\":[\"https:\\\/\\\/www.hst.cat\\\/es\\\/google-apps-lleida\\\/\"]}]},{\"@type\":\"BreadcrumbList\",\"@id\":\"https:\\\/\\\/www.hst.cat\\\/es\\\/google-apps-lleida\\\/#breadcrumb\",\"itemListElement\":[{\"@type\":\"ListItem\",\"position\":1,\"name\":\"Portada\",\"item\":\"https:\\\/\\\/www.hst.cat\\\/es\\\/\"},{\"@type\":\"ListItem\",\"position\":2,\"name\":\"Google Apps\"}]},{\"@type\":\"WebSite\",\"@id\":\"https:\\\/\\\/www.hst.cat\\\/#website\",\"url\":\"https:\\\/\\\/www.hst.cat\\\/\",\"name\":\"Inform\u00e0tica Lleida HST\",\"description\":\"Oferim serveis d\u2019inform\u00e0tica i noves tecnologies per empreses. Servei t\u00e8cnic, Web, Soft Gesti\u00f3, Xarxes, Consultoria\",\"potentialAction\":[{\"@type\":\"SearchAction\",\"target\":{\"@type\":\"EntryPoint\",\"urlTemplate\":\"https:\\\/\\\/www.hst.cat\\\/?s={search_term_string}\"},\"query-input\":{\"@type\":\"PropertyValueSpecification\",\"valueRequired\":true,\"valueName\":\"search_term_string\"}}],\"inLanguage\":\"es\"}]}<\/script>\n<!-- \/ Yoast SEO plugin. -->","yoast_head_json":{"title":"Distribuidor Google Apps, implantaci\u00f3n Google Apps, G suite","description":"En HST implementamos, configuramos y formamos sobre G Suite (Google Apps) en su empresa, centro educativo o instituci\u00f3n","robots":{"index":"index","follow":"follow","max-snippet":"max-snippet:-1","max-image-preview":"max-image-preview:large","max-video-preview":"max-video-preview:-1"},"canonical":"https:\/\/www.hst.cat\/es\/google-apps-lleida\/","og_locale":"es_ES","og_type":"article","og_title":"Distribuidor Google Apps, implantaci\u00f3n Google Apps, G suite","og_description":"En HST implementamos, configuramos y formamos sobre G Suite (Google Apps) en su empresa, centro educativo o instituci\u00f3n","og_url":"https:\/\/www.hst.cat\/es\/google-apps-lleida\/","og_site_name":"Inform\u00e0tica Lleida HST","article_modified_time":"2023-09-27T08:37:04+00:00","twitter_misc":{"Tiempo de lectura":"2 minutos"},"schema":{"@context":"https:\/\/schema.org","@graph":[{"@type":"WebPage","@id":"https:\/\/www.hst.cat\/es\/google-apps-lleida\/","url":"https:\/\/www.hst.cat\/es\/google-apps-lleida\/","name":"Distribuidor Google Apps, implantaci\u00f3n Google Apps, G suite","isPartOf":{"@id":"https:\/\/www.hst.cat\/#website"},"datePublished":"2015-02-01T18:32:46+00:00","dateModified":"2023-09-27T08:37:04+00:00","description":"En HST implementamos, configuramos y formamos sobre G Suite (Google Apps) en su empresa, centro educativo o instituci\u00f3n","breadcrumb":{"@id":"https:\/\/www.hst.cat\/es\/google-apps-lleida\/#breadcrumb"},"inLanguage":"es","potentialAction":[{"@type":"ReadAction","target":["https:\/\/www.hst.cat\/es\/google-apps-lleida\/"]}]},{"@type":"BreadcrumbList","@id":"https:\/\/www.hst.cat\/es\/google-apps-lleida\/#breadcrumb","itemListElement":[{"@type":"ListItem","position":1,"name":"Portada","item":"https:\/\/www.hst.cat\/es\/"},{"@type":"ListItem","position":2,"name":"Google Apps"}]},{"@type":"WebSite","@id":"https:\/\/www.hst.cat\/#website","url":"https:\/\/www.hst.cat\/","name":"Inform\u00e0tica Lleida HST","description":"Oferim serveis d\u2019inform\u00e0tica i noves tecnologies per empreses. Servei t\u00e8cnic, Web, Soft Gesti\u00f3, Xarxes, Consultoria","potentialAction":[{"@type":"SearchAction","target":{"@type":"EntryPoint","urlTemplate":"https:\/\/www.hst.cat\/?s={search_term_string}"},"query-input":{"@type":"PropertyValueSpecification","valueRequired":true,"valueName":"search_term_string"}}],"inLanguage":"es"}]}},"jetpack_shortlink":"https:\/\/wp.me\/P7Yfwy-bl","jetpack_sharing_enabled":true,"_links":{"self":[{"href":"https:\/\/www.hst.cat\/es\/wp-json\/wp\/v2\/pages\/703","targetHints":{"allow":["GET"]}}],"collection":[{"href":"https:\/\/www.hst.cat\/es\/wp-json\/wp\/v2\/pages"}],"about":[{"href":"https:\/\/www.hst.cat\/es\/wp-json\/wp\/v2\/types\/page"}],"author":[{"embeddable":true,"href":"https:\/\/www.hst.cat\/es\/wp-json\/wp\/v2\/users\/5"}],"replies":[{"embeddable":true,"href":"https:\/\/www.hst.cat\/es\/wp-json\/wp\/v2\/comments?post=703"}],"version-history":[{"count":10,"href":"https:\/\/www.hst.cat\/es\/wp-json\/wp\/v2\/pages\/703\/revisions"}],"predecessor-version":[{"id":22987,"href":"https:\/\/www.hst.cat\/es\/wp-json\/wp\/v2\/pages\/703\/revisions\/22987"}],"wp:attachment":[{"href":"https:\/\/www.hst.cat\/es\/wp-json\/wp\/v2\/media?parent=703"}],"curies":[{"name":"wp","href":"https:\/\/api.w.org\/{rel}","templated":true}]}}